
{"id":549,"date":"2020-06-26T19:37:13","date_gmt":"2020-06-26T19:37:13","guid":{"rendered":"https:\/\/kidsportcanada.ca\/?page_id=549"},"modified":"2026-04-21T21:11:56","modified_gmt":"2026-04-21T21:11:56","slug":"our-impact","status":"publish","type":"page","link":"http:\/\/kidsportcanada.ca\/fr\/our-impact\/","title":{"rendered":"l'impact"},"content":{"rendered":"<h1>\n\t\t\tSPORT &amp; BEYOND \t<\/h1>\n<h3>\n\t\t\tPar le pouvoir du sport organis\u00e9, nous permettons aux enfants et \u00e0 nos communaut\u00e9s de se solidariser et de s\u2019\u00e9panouir.\t<\/h3>\n\t\t\t<a href=\"https:\/\/secure.kidsportcanada.org\/p2p\/event\/393301\/fr-CA\" target=\"_blank\" rel=\"noopener\">\n\t\t\t\t\t\t\tDONNEZ MAINTENANT\n\t\t\t<\/a>\n<h2>\n\t\t\tNous avons lib\u00e9r\u00e9 le pouvoir de\t<\/h2>\n<h2>\n\t\t\t1 000 000 d\u2019enfants\t<\/h2>\n\t<h3>From after-school soccer stars to Olympic Champions, the story of sport is the story of Canada. Since 1993, KidSport has helped 1.04 million kids\u00a0experience the joy of organized sport, and in return, sport has created all kinds of positive change for Canadians.<\/h3>\n\t\t\t<a href=\"\/wp-content\/uploads\/KidSport-Canada-Bylaws-updated-and-approved-January-2026-Update_ENG-combined.pdf\" target=\"_blank\" rel=\"noopener\">\n\t\t\t\t\t\tKIDSPORT BY-LAWS\n\t\t\t\t\t<\/a>\n\t\t\t<a href=\"\/wp-content\/uploads\/KidSport-Canada-Policy-Manual-Board-approved-Nov-2024-Bilingual.pdf\" target=\"_blank\" rel=\"noopener\">\n\t\t\t\t\t\tKIDSPORT POLICY MANUEL\n\t\t\t\t\t<\/a>\n\t\t\t<a href=\"\/wp-content\/uploads\/KidSport-Canada-Corporate-Profile_Profil-corporate-printed-March-2026-page-1.pdf\" target=\"_blank\" rel=\"noopener\">\n\t\t\t\t\t\tKIDSPORT CORPORATE INFORMATION\n\t\t\t\t\t<\/a>\n\t\t\t<a href=\"\/wp-content\/uploads\/2022-12-31-KidSport-Canada-FS-1.pdf\" target=\"_blank\" rel=\"noopener\">\n\t\t\t\t\t\t2022 AUDITED STATEMENT\n\t\t\t\t\t<\/a>\n\t\t\t<a href=\"\/wp-content\/uploads\/2023-12-31-KidSport-Canada-FS-1-2.pdf\" target=\"_blank\" rel=\"noopener\">\n\t\t\t\t\t\t2023 AUDITED STATEMENT\n\t\t\t\t\t<\/a>\n\t\t\t<a href=\"\/wp-content\/uploads\/2024-12-31-Kidsport-Canada-FS.pdf\" target=\"_blank\" rel=\"noopener\">\n\t\t\t\t\t\t2024 AUDITED STATEMENT\n\t\t\t\t\t<\/a>\n\t\t\t<a href=\"\/wp-content\/uploads\/Annual-report-2024-ENG-combined.pdf\" target=\"_blank\" rel=\"noopener\">\n\t\t\t\t\t\t2024 ANNUAL REPORT ENG\n\t\t\t\t\t<\/a>\n\t\t\t<a href=\"\/wp-content\/uploads\/2025-Annual-Report-EN.pdf\" target=\"_blank\" rel=\"noopener\">\n\t\t\t\t\t\t2025 ANNUAL REPORT ENG\n\t\t\t\t\t<\/a>\n\t\t\t<a href=\"\/wp-content\/uploads\/Annual-report-2024-ENG-combined.pdf\" target=\"_blank\" rel=\"noopener\">\n\t\t\t\t\t\t2024 ANNUAL REPORT FR\n\t\t\t\t\t<\/a>\n\t\t\t<a href=\"\/wp-content\/uploads\/2025-Annual-Report-FR.pdf\" target=\"_blank\" rel=\"noopener\">\n\t\t\t\t\t\t2025 ANNUAL REPORT FR\n\t\t\t\t\t<\/a>\n<figure>\n\t\t\t\t<img decoding=\"async\" src=\"\/wp-content\/uploads\/school.svg\" alt=\"Yellow and black illustration of a book with an apple and a baseball on top\" height=\"160\" width=\"183\" title=\"school\" loading=\"lazy\" \/>\n\t<\/figure>\n<h5>\n\t\t\tLa r\u00e9ussite scolaire\t<\/h5>\n\t<p>Plus les enfants sont actifs, mieux ils peuvent se concentrer, plus ils ont d\u2019\u00e9nergie et plus ils sont motiv\u00e9s \u00e0 r\u00e9ussir \u00e0 l\u2019\u00e9cole et \u00e0 poursuivre des \u00e9tudes postsecondaires.<\/p>\n<figure>\n\t\t\t\t<img decoding=\"async\" src=\"\/wp-content\/uploads\/leaders.svg\" alt=\"Yellow and black illustration of a child holding a Canada flag\" height=\"158\" width=\"195\" title=\"leaders\" loading=\"lazy\" \/>\n\t<\/figure>\n<h5>\n\t\t\tLe d\u00e9veloppement du leadership\t<\/h5>\n\t<p>Quand les enfants pratiquent un sport, ils apprennent \u00e0 travailler en \u00e9quipe et \u00e0 collaborer et ils acqui\u00e8rent la confiance n\u00e9cessaire pour devenir des leaders.<\/p>\n<figure>\n\t\t\t\t<img decoding=\"async\" src=\"\/wp-content\/uploads\/communities.svg\" alt=\"Yellow and black illustration of a house and an apartment building\" height=\"137\" width=\"217\" title=\"communities\" loading=\"lazy\" \/>\n\t<\/figure>\n<h5>\n\t\t\tLa s\u00e9curit\u00e9 de nos communaut\u00e9s\t<\/h5>\n\t<p>Les jeunes qui participent au sport organis\u00e9 ont moins tendance \u00e0 commettre des crimes, ce qui cr\u00e9e des communaut\u00e9s plus s\u00e9curitaires pour TOUS <u>ALL<\/u>.<\/p>\n<figure>\n\t\t\t\t<img decoding=\"async\" src=\"\/wp-content\/uploads\/inclusivity.svg\" alt=\"Yellow and black illustration of a high five\" height=\"146\" width=\"184\" title=\"inclusivity\" loading=\"lazy\" \/>\n\t<\/figure>\n<h5>\n\t\t\tL'inclusion\t<\/h5>\n\t<p>Le sport donne un sentiment d\u2019appartenance aux enfants et leur enseigne \u00e0 inclure les autres. Ces habilet\u00e9s aident \u00e0 b\u00e2tir des \u00e9coles, des familles et des communaut\u00e9s plus inclusives.<\/p>\n<figure>\n\t\t\t\t<img decoding=\"async\" src=\"\/wp-content\/uploads\/habits.svg\" alt=\"Yellow and black illustration of a heart and a baseball\" height=\"127\" width=\"183\" title=\"habits\" loading=\"lazy\" \/>\n\t<\/figure>\n<h5>\n\t\t\tLes Saines Habitudes\t<\/h5>\n\t<p>La participation au sport aide les enfants \u00e0 rester actifs et \u00e0 adopter des habitudes saines pour la vie, ce qui r\u00e9duit le fardeau sur notre syst\u00e8me de soins de sant\u00e9. <\/p>\n<figure>\n\t\t\t\t<img decoding=\"async\" src=\"\/wp-content\/uploads\/mental-health.svg\" alt=\"Yellow and black illustration of a brain for mental health\" height=\"166\" width=\"210\" title=\"mental-health\" loading=\"lazy\" \/>\n\t<\/figure>\n<h5>\n\t\t\tLa sant\u00e9 mentale\t<\/h5>\n\t<p>L\u2019activit\u00e9 physique et la participation au sport chez les enfants et les jeunes ont un impact positif\n sur la sant\u00e9 mentale et le bien-\u00eatre en g\u00e9n\u00e9ral.<\/p>\n<h2>\n\t\t\tSPORT POWERS KIDS LIKE Connor\t<\/h2>\n<h3>\n\t\t\tEn permettant \u00e0 Connor de s\u2019inscrire \u00e0 la ligue de hockey locale, SportJeunesse l\u2019aide \u00e0 se rapprocher de son r\u00eave de la LNH.\t<\/h3>\n\t\t\t<a href=\"\/fr\/void(0)\/\" title=\"Regarder la vid\u00e9o (en anglais)\" target=\"_self\" aria-label=\"Regarder la vid\u00e9o (en anglais)\">\n\t\t\t\t\t\t\t\t\t\t\tRegarder la vid\u00e9o (en anglais)\n\t\t<\/a>\n\t\t\t<a href=\"\/fr\/void(0)\/\" title=\"Regarder la vid\u00e9o (en anglais)\" target=\"_self\" aria-label=\"Regarder la vid\u00e9o (en anglais)\">\n\t\t\t\t\t\t\t\t\t\t\tRegarder la vid\u00e9o (en anglais)\n\t\t<\/a>\n<h2>\n\t\t\tKIDSPORT In Action\t<\/h2>\n<h3>\n\t\t\tOver the past 5 years, we&#8217;ve seen impact from coast to coast to coast.\t<\/h3>\n\t\t<!-- Comment to fix spacing issue\n\t-->\n\t\t<h4>$0 M<\/h4>\n\t<!-- Comment to fix spacing issue\n\t-->\t\n\t<p>Nous avons recueilli plus de 40 millions de dollars pour financer les subventions destin\u00e9es aux enfants vivant dans des communaut\u00e9s partout au Canada.<\/p>\n\t\t<!-- Comment to fix spacing issue\n\t-->\n\t\t<h4>0<\/h4>\n\t<!-- Comment to fix spacing issue\n\t-->\t\n\t<p>Plus de 188 000 enfants ont re\u00e7u une aide financi\u00e8re leur permettant de pratiquer un sport pendant une saison.<\/p>\n\t\t<!-- Comment to fix spacing issue\n\t-->\n\t\t<h4>0+<\/h4>\n\t<!-- Comment to fix spacing issue\n\t-->\t\n\t<p>$10+ million dollars has helped support over 42,000 kids to play soccer alone.<\/p>\n<h2>\n\t\t\tT\u00e9moignages\t<\/h2>\n\t\t\t\t\t<a role=\"heading\" id=\"fl-accordion--label-0\">R\u00e9cipiendaire d\u2019une subvention SportJeunesse de R\u00e9gina, en Saskatchewan<\/a>\n\t\t\t\t\t\t\t\t\t\t\t<button type=\"button\" id=\"fl-accordion--icon-0\" aria-expanded=\"false\" aria-controls=\"fl-accordion--panel-0\"><i>Expand<\/i><\/button>\n\t\t\t\t\t<p>&#8220;I am grateful for Hyundai Hockey Helpers, KidSport, and Dream Brokers for all the support they have offered me through their grant programs.  Without that funding, I would have not had the opportunities to play hockey at this level, I would have never been able to travel and meet the mentors that I have up to this point.  I believe I would have been unable to participate, I would have not learned to focus and understand the purpose of hard work.  The grants and support from your organization has made it possible to stay in the game and grow. I&#8217;m not sure what I would have done with all my time had I not been supported in my sports.  Thank you, I appreciate the efforts that the people have made when working with my mother to apply and receive the funding.  I look forward to one day contributing back into Hyundai Hockey Helpers, KidSport, and Dream Brokers organizations.&#8221;<\/p>\n<p>&#8211; A.M, KidSport grant recipient from Regina, Saskatchewan<\/p>\n\t\t\t\t\t<a role=\"heading\" id=\"fl-accordion--label-1\">Coach &amp; Hockey Hero from Nelson, BC<\/a>\n\t\t\t\t\t\t\t\t\t\t\t<button type=\"button\" id=\"fl-accordion--icon-1\" aria-expanded=\"false\" aria-controls=\"fl-accordion--panel-1\"><i>Expand<\/i><\/button>\n\t\t\t\t\t<p>&#8220;Sports played an important role in my development. From a shy youth, sports provided an opportunity to find my voice. Hockey greatly influenced many important decisions, especially allowing me to further my post-secondary education. Thanks to Hyundai and KidSport, thousands of other Canadian kids are being granted the same opportunity to pursue their dreams.&#8221;<\/p>\n<p>&#8211; Bill , Coach and Hockey Hero from Nelson, BC<\/p>\n\t\t\t\t\t<a role=\"heading\" id=\"fl-accordion--label-2\">Teacher, Coach &amp; Hockey Hero from Saskatoon, Saskatchewan<\/a>\n\t\t\t\t\t\t\t\t\t\t\t<button type=\"button\" id=\"fl-accordion--icon-2\" aria-expanded=\"false\" aria-controls=\"fl-accordion--panel-2\"><i>Expand<\/i><\/button>\n\t\t\t\t\t<p>&#8220;Nothing gives me greater pleasure than to see kids benefit by receiving hockey opportunities from organizations such as KidSport and Hyundai Hockey Helpers.  <\/p>\n<p>These organizations share the ideals of Saskatoon Minor Hockey that fair play opportunities should be provided to kids at all levels.  It is my goal to challenge the players by pushing them so they may develop their skills and to instill the character values of trust, reliance, and commitment so they may discover the strength of team play.  Hockey teaches powerful lessons that young players can leverage throughout their lives.&#8221;<\/p>\n<p>&#8220;Hockey is part of who we are as Canadians.  I have always thought of hockey as being a great equalizer.  When we cheer for our favorite local, Junior, or NHL team it doesn&#8217;t matter how much money we earn or what walk of life we are from, it only matters that we are passionate about the game.  KidSport and Hyundai Hockey Helpers are also great equalizers in their own right &#8211; these generous organizations provide opportunity for all kids to be a part of our great game.&#8221;<\/p>\n<p>&#8211; Scott, teacher, coach &amp; hockey hero from Saskatoon, Saskatchewan<\/p>\n\t\t\t\t\t<a role=\"heading\" id=\"fl-accordion--label-3\">Coach &amp; Hockey Hero from CBS, Newfoundland<\/a>\n\t\t\t\t\t\t\t\t\t\t\t<button type=\"button\" id=\"fl-accordion--icon-3\" aria-expanded=\"false\" aria-controls=\"fl-accordion--panel-3\"><i>Expand<\/i><\/button>\n\t\t\t\t\t<p>&#8220;There is no better feeling than being part of a team. There&#8217;s nothing better when you&#8217;re not having the best of days, you go to the rink and there is 25 smiling kids flying around the ice just having fun. It really changes everything, you know why you do it. We need programs like Hyundai Hockey Helpers and KidSport to give kids the opportunity to experience the benefits of being a part of our great game.&#8221;<\/p>\n<p>&#8211; Jay, coach &amp; hockey hero from CBS, Newfoundland<\/p>\n<h2>\n\t\t\tLe coin des ambassadeurs <br \/>Desiree Scott\t<\/h2>\n<h3>\n\t\t\tVoyez comment les habilet\u00e9s acquises en pratiquant un sport permettent aux enfants de r\u00e9ussir dans la vie.\t<\/h3>\n\t\t\t<a href=\"\/fr\/void(0)\/\" title=\"Regarder la vid\u00e9o (en anglais)\" target=\"_self\" aria-label=\"Regarder la vid\u00e9o (en anglais)\">\n\t\t\t\t\t\t\t\t\t\t\tRegarder la vid\u00e9o (en anglais)\n\t\t<\/a>","protected":false},"excerpt":{"rendered":"<p>SPORT &amp; BEYOND Through the power of organized sport, we enable kids and our communities to come together and thrive. DONATE NOW UNLEASHING THE POWER OF 1 Million Kids From after-school soccer stars to Olympic Champions, the story of sport is the story of Canada. Since 1993, KidSport has helped 1.04 million kids\u00a0experience the joy&hellip;<\/p>","protected":false},"author":16,"featured_media":653,"parent":0,"menu_order":0,"comment_status":"closed","ping_status":"closed","template":"","meta":{"_acf_changed":false,"inline_featured_image":false,"footnotes":""},"class_list":["post-549","page","type-page","status-publish","has-post-thumbnail","hentry"],"acf":[],"yoast_head":"<!-- This site is optimized with the Yoast SEO plugin v27.4 - https:\/\/yoast.com\/product\/yoast-seo-wordpress\/ -->\n<title>Our Impact | KidSport Canada<\/title>\n<meta name=\"description\" content=\"Since 1993, KidSport has helped nearly 1 million kids experience the joy of organized sport with the help of a KidSport grant.\" \/>\n<meta name=\"robots\" content=\"index, follow, max-snippet:-1, max-image-preview:large, max-video-preview:-1\" \/>\n<link rel=\"canonical\" href=\"https:\/\/kidsportcanada.ca\/fr\/our-impact\/\" \/>\n<meta property=\"og:locale\" content=\"fr_CA\" \/>\n<meta property=\"og:type\" content=\"article\" \/>\n<meta property=\"og:title\" content=\"Our Impact | KidSport Canada\" \/>\n<meta property=\"og:description\" content=\"Since 1993, KidSport has helped nearly 1 million kids experience the joy of organized sport with the help of a KidSport grant.\" \/>\n<meta property=\"og:url\" content=\"https:\/\/kidsportcanada.ca\/fr\/our-impact\/\" \/>\n<meta property=\"og:site_name\" content=\"KidSport Canada\" \/>\n<meta property=\"article:modified_time\" content=\"2026-04-21T21:11:56+00:00\" \/>\n<meta property=\"og:image\" content=\"http:\/\/kidsportcanada.ca\/wp-content\/uploads\/impact-hero.jpg\" \/>\n\t<meta property=\"og:image:width\" content=\"1600\" \/>\n\t<meta property=\"og:image:height\" content=\"1000\" \/>\n\t<meta property=\"og:image:type\" content=\"image\/jpeg\" \/>\n<meta name=\"twitter:card\" content=\"summary_large_image\" \/>\n<meta name=\"twitter:label1\" content=\"Estimation du temps de lecture\" \/>\n\t<meta name=\"twitter:data1\" content=\"6 minutes\" \/>\n<script type=\"application\/ld+json\" class=\"yoast-schema-graph\">{\"@context\":\"https:\\\/\\\/schema.org\",\"@graph\":[{\"@type\":\"WebPage\",\"@id\":\"https:\\\/\\\/kidsportcanada.ca\\\/our-impact\\\/\",\"url\":\"https:\\\/\\\/kidsportcanada.ca\\\/our-impact\\\/\",\"name\":\"Our Impact | KidSport Canada\",\"isPartOf\":{\"@id\":\"https:\\\/\\\/kidsportcanada.ca\\\/#website\"},\"primaryImageOfPage\":{\"@id\":\"https:\\\/\\\/kidsportcanada.ca\\\/our-impact\\\/#primaryimage\"},\"image\":{\"@id\":\"https:\\\/\\\/kidsportcanada.ca\\\/our-impact\\\/#primaryimage\"},\"thumbnailUrl\":\"\\\/wp-content\\\/uploads\\\/impact-hero.jpg\",\"datePublished\":\"2020-06-26T19:37:13+00:00\",\"dateModified\":\"2026-04-21T21:11:56+00:00\",\"description\":\"Since 1993, KidSport has helped nearly 1 million kids experience the joy of organized sport with the help of a KidSport grant.\",\"breadcrumb\":{\"@id\":\"https:\\\/\\\/kidsportcanada.ca\\\/our-impact\\\/#breadcrumb\"},\"inLanguage\":\"fr-CA\",\"potentialAction\":[{\"@type\":\"ReadAction\",\"target\":[\"https:\\\/\\\/kidsportcanada.ca\\\/our-impact\\\/\"]}]},{\"@type\":\"ImageObject\",\"inLanguage\":\"fr-CA\",\"@id\":\"https:\\\/\\\/kidsportcanada.ca\\\/our-impact\\\/#primaryimage\",\"url\":\"\\\/wp-content\\\/uploads\\\/impact-hero.jpg\",\"contentUrl\":\"\\\/wp-content\\\/uploads\\\/impact-hero.jpg\",\"width\":1600,\"height\":1000,\"caption\":\"A soccer ball on the grass with a net in the background and the sun setting\"},{\"@type\":\"BreadcrumbList\",\"@id\":\"https:\\\/\\\/kidsportcanada.ca\\\/our-impact\\\/#breadcrumb\",\"itemListElement\":[{\"@type\":\"ListItem\",\"position\":1,\"name\":\"Home\",\"item\":\"https:\\\/\\\/kidsportcanada.ca\\\/\"},{\"@type\":\"ListItem\",\"position\":2,\"name\":\"Our Impact\"}]},{\"@type\":\"WebSite\",\"@id\":\"https:\\\/\\\/kidsportcanada.ca\\\/#website\",\"url\":\"https:\\\/\\\/kidsportcanada.ca\\\/\",\"name\":\"KidSport Canada\",\"description\":\"So all kids can play\",\"publisher\":{\"@id\":\"https:\\\/\\\/kidsportcanada.ca\\\/#organization\"},\"potentialAction\":[{\"@type\":\"SearchAction\",\"target\":{\"@type\":\"EntryPoint\",\"urlTemplate\":\"https:\\\/\\\/kidsportcanada.ca\\\/?s={search_term_string}\"},\"query-input\":{\"@type\":\"PropertyValueSpecification\",\"valueRequired\":true,\"valueName\":\"search_term_string\"}}],\"inLanguage\":\"fr-CA\"},{\"@type\":\"Organization\",\"@id\":\"https:\\\/\\\/kidsportcanada.ca\\\/#organization\",\"name\":\"KidSport Canada\",\"url\":\"https:\\\/\\\/kidsportcanada.ca\\\/\",\"logo\":{\"@type\":\"ImageObject\",\"inLanguage\":\"fr-CA\",\"@id\":\"https:\\\/\\\/kidsportcanada.ca\\\/#\\\/schema\\\/logo\\\/image\\\/\",\"url\":\"\\\/wp-content\\\/uploads\\\/logo-kidsport-transparent.jpg\",\"contentUrl\":\"\\\/wp-content\\\/uploads\\\/logo-kidsport-transparent.jpg\",\"width\":880,\"height\":464,\"caption\":\"KidSport Canada\"},\"image\":{\"@id\":\"https:\\\/\\\/kidsportcanada.ca\\\/#\\\/schema\\\/logo\\\/image\\\/\"}}]}<\/script>\n<!-- \/ Yoast SEO plugin. -->","yoast_head_json":{"title":"Our Impact | KidSport Canada","description":"Depuis 1993, SportJeunesse a permis \u00e0 pr\u00e8s d\u2019un million d\u2019enfants de conna\u00eetre la joie du sport organis\u00e9 gr\u00e2ce \u00e0 une subvention SportJeunesse.","robots":{"index":"index","follow":"follow","max-snippet":"max-snippet:-1","max-image-preview":"max-image-preview:large","max-video-preview":"max-video-preview:-1"},"canonical":"https:\/\/kidsportcanada.ca\/fr\/our-impact\/","og_locale":"fr_CA","og_type":"article","og_title":"Our Impact | KidSport Canada","og_description":"Since 1993, KidSport has helped nearly 1 million kids experience the joy of organized sport with the help of a KidSport grant.","og_url":"https:\/\/kidsportcanada.ca\/fr\/our-impact\/","og_site_name":"KidSport Canada","article_modified_time":"2026-04-21T21:11:56+00:00","og_image":[{"width":1600,"height":1000,"url":"http:\/\/kidsportcanada.ca\/wp-content\/uploads\/impact-hero.jpg","type":"image\/jpeg"}],"twitter_card":"summary_large_image","twitter_misc":{"Estimation du temps de lecture":"6 minutes"},"schema":{"@context":"https:\/\/schema.org","@graph":[{"@type":"WebPage","@id":"https:\/\/kidsportcanada.ca\/our-impact\/","url":"https:\/\/kidsportcanada.ca\/our-impact\/","name":"Our Impact | KidSport Canada","isPartOf":{"@id":"https:\/\/kidsportcanada.ca\/#website"},"primaryImageOfPage":{"@id":"https:\/\/kidsportcanada.ca\/our-impact\/#primaryimage"},"image":{"@id":"https:\/\/kidsportcanada.ca\/our-impact\/#primaryimage"},"thumbnailUrl":"\/wp-content\/uploads\/impact-hero.jpg","datePublished":"2020-06-26T19:37:13+00:00","dateModified":"2026-04-21T21:11:56+00:00","description":"Depuis 1993, SportJeunesse a permis \u00e0 pr\u00e8s d\u2019un million d\u2019enfants de conna\u00eetre la joie du sport organis\u00e9 gr\u00e2ce \u00e0 une subvention SportJeunesse.","breadcrumb":{"@id":"https:\/\/kidsportcanada.ca\/our-impact\/#breadcrumb"},"inLanguage":"fr-CA","potentialAction":[{"@type":"ReadAction","target":["https:\/\/kidsportcanada.ca\/our-impact\/"]}]},{"@type":"ImageObject","inLanguage":"fr-CA","@id":"https:\/\/kidsportcanada.ca\/our-impact\/#primaryimage","url":"\/wp-content\/uploads\/impact-hero.jpg","contentUrl":"\/wp-content\/uploads\/impact-hero.jpg","width":1600,"height":1000,"caption":"A soccer ball on the grass with a net in the background and the sun setting"},{"@type":"BreadcrumbList","@id":"https:\/\/kidsportcanada.ca\/our-impact\/#breadcrumb","itemListElement":[{"@type":"ListItem","position":1,"name":"Home","item":"https:\/\/kidsportcanada.ca\/"},{"@type":"ListItem","position":2,"name":"Our Impact"}]},{"@type":"WebSite","@id":"https:\/\/kidsportcanada.ca\/#website","url":"https:\/\/kidsportcanada.ca\/","name":"SportJeunesse Canada","description":"Afin que les enfants puissent jouer","publisher":{"@id":"https:\/\/kidsportcanada.ca\/#organization"},"potentialAction":[{"@type":"SearchAction","target":{"@type":"EntryPoint","urlTemplate":"https:\/\/kidsportcanada.ca\/?s={search_term_string}"},"query-input":{"@type":"PropertyValueSpecification","valueRequired":true,"valueName":"search_term_string"}}],"inLanguage":"fr-CA"},{"@type":"Organization","@id":"https:\/\/kidsportcanada.ca\/#organization","name":"SportJeunesse Canada","url":"https:\/\/kidsportcanada.ca\/","logo":{"@type":"ImageObject","inLanguage":"fr-CA","@id":"https:\/\/kidsportcanada.ca\/#\/schema\/logo\/image\/","url":"\/wp-content\/uploads\/logo-kidsport-transparent.jpg","contentUrl":"\/wp-content\/uploads\/logo-kidsport-transparent.jpg","width":880,"height":464,"caption":"KidSport Canada"},"image":{"@id":"https:\/\/kidsportcanada.ca\/#\/schema\/logo\/image\/"}}]}},"_links":{"self":[{"href":"http:\/\/kidsportcanada.ca\/fr\/wp-json\/wp\/v2\/pages\/549","targetHints":{"allow":["GET"]}}],"collection":[{"href":"http:\/\/kidsportcanada.ca\/fr\/wp-json\/wp\/v2\/pages"}],"about":[{"href":"http:\/\/kidsportcanada.ca\/fr\/wp-json\/wp\/v2\/types\/page"}],"author":[{"embeddable":true,"href":"http:\/\/kidsportcanada.ca\/fr\/wp-json\/wp\/v2\/users\/16"}],"replies":[{"embeddable":true,"href":"http:\/\/kidsportcanada.ca\/fr\/wp-json\/wp\/v2\/comments?post=549"}],"version-history":[{"count":0,"href":"http:\/\/kidsportcanada.ca\/fr\/wp-json\/wp\/v2\/pages\/549\/revisions"}],"wp:featuredmedia":[{"embeddable":true,"href":"http:\/\/kidsportcanada.ca\/fr\/wp-json\/wp\/v2\/media\/653"}],"wp:attachment":[{"href":"http:\/\/kidsportcanada.ca\/fr\/wp-json\/wp\/v2\/media?parent=549"}],"curies":[{"name":"wp","href":"https:\/\/api.w.org\/{rel}","templated":true}]}}