
{"id":691,"date":"2020-07-14T17:04:17","date_gmt":"2020-07-14T17:04:17","guid":{"rendered":"https:\/\/kidsportcanada.ca\/?page_id=691"},"modified":"2026-01-06T17:40:55","modified_gmt":"2026-01-06T17:40:55","slug":"giftofsport","status":"publish","type":"page","link":"http:\/\/kidsportcanada.ca\/fr\/giftofsport\/","title":{"rendered":"Give the Gift of Sport"},"content":{"rendered":"<h1>\n\t\t\toffrez le <br \/>sport en cadeau\t<\/h1>\n<h3>\n\t\t\tGive the Gift of Sport runs from November 24 &#8211; January 4, 2026\t<\/h3>\n\t\t\t<a href=\"https:\/\/secure.kidsportcanada.org\/p2p\/event\/393301\/fr-CA\" target=\"_self\">\n\t\t\t\t\t\t\tDONNEZ MAINTENANT\n\t\t\t<\/a>\n\t\t\t\t<img decoding=\"async\" src=\"\/wp-content\/uploads\/Copy-of-2025-Web-Banner-1640x924-1.png\" alt=\"Copy of 2025 Web Banner 1640x924\" height=\"924\" width=\"1640\" title=\"Copy of 2025 Web Banner 1640x924\" loading=\"lazy\" \/>\n<h2>\n\t\t\t2025 Give the Gift of Sport Campaign Goal &#8211; $1,000,000\t<\/h2>\n\t<p>We hit $1M in 2024 &#8211; let&#8217;s do it again in 2025! Give the Gift of Sport is an annual fundraising campaign to raise money to help all kids participate in organized sport.\u00a0 Each year, KidSport runs this national campaign from November to January to help get more kids off the sidelines and into the game the following year.<\/p>\n<h3>\n\t\t\tL\u2019objectif\t<\/h3>\n\t<p>In 2024, the Give the Gift of Sport Campaign surpassed our goal of $1M and raised an incredible <i><b>$1,454,760<\/b><\/i>. Every donation helps us make #EveryPlayCount and can contribute to making a major impact in a child&#8217;s life. With an average donation of $300 counting towards providing one child a full season of sport &#8211; donating will last well beyond the holiday season.<\/p>\n<h3>\n\t\t\tLa r\u00e9alit\u00e9\t<\/h3>\n\t<p>The reality is 1 in 2 kids aren&#8217;t able to play sports due to financial barriers.<\/p>\n<p>Gr\u00e2ce \u00e0 nos efforts de collecte de fonds, de plus en plus d'enfants peuvent s'inscrire et rejoindre leurs camarades. Chaque dollar donn\u00e9 nous rapproche un peu plus de la r\u00e9duction du foss\u00e9 financier.<\/p>\n<p>Do you remember that season when a tie felt like a win? Or when a coach gave a piece of advice that seems to stand the test of time? Those defining moments are special in life and there are kids who still haven&#8217;t experienced being part of a team.<\/p>\n<p>Les <a href=\"https:\/\/kidsportcanada.ca\/fr\/our-impact\/\">bienfaits<\/a> du sport d\u00e9passent le terrain de jeu et contribuent au bien-\u00eatre des enfants au quotidien.<\/p>\n<h3>\n\t\t\tLes possibilit\u00e9s\t<\/h3>\n\t<p>\u00c0 vous de choisir votre fa\u00e7on de donner! Vous pouvez cibler une section locale pour avoir une incidence directe dans la communaut\u00e9 de votre choix, ou vous pouvez faire un don au fonds national ou \u00e0 une section provinciale. Votre g\u00e9n\u00e9reuse contribution aura une incidence durable, ce pour quoi nous vous remercions sinc\u00e8rement. Vous pourriez aussi faire un don afin d\u2019honorer, de comm\u00e9morer ou de c\u00e9l\u00e9brer une personne en particulier.<\/p>\n<h3>\n\t\t\tLes d\u00e9tails\t<\/h3>\n\t<p>Beginning November 24, 2025 to make #EveryPlayCount.<\/p>\n<p>Gr\u00e2ce \u00e0 votre aide, les enfants d'aujourd'hui peuvent vivre les m\u00eames exp\u00e9riences que celles que vous avez v\u00e9cues en pratiquant un sport pendant votre enfance. Votre don permettra \u00e0 des enfants de jouer, comme vous l'avez fait.<\/p>\n<p>Votre g\u00e9n\u00e9rosit\u00e9 pourrait mener \u00e0 une nouvelle habilet\u00e9, \u00e0 une m\u00e9daille, bref \u00e0 plein de possibilit\u00e9s!<\/p>\n\t\t\t<a href=\"https:\/\/secure.kidsportcanada.org\/p2p\/event\/393301\/fr-CA\" target=\"_self\">\n\t\t\t\t\t\t\tDONNEZ MAINTENANT\n\t\t\t<\/a>\n<h2>\n\t\t\t <br \/>Offrez le sport en cadeau pendant les f\u00eates de fin d'ann\u00e9e \t<\/h2>\n\t\t\t<a href=\"https:\/\/secure.kidsportcanada.org\/p2p\/event\/393301\/fr-CA\" target=\"_blank\" rel=\"noopener\">\n\t\t\t\t\t\t\tDONNEZ MAINTENANT\n\t\t\t<\/a>","protected":false},"excerpt":{"rendered":"<p>give the Gift of Sport Give the Gift of Sport runs from November 24 &#8211; January 4, 2026 DONATE NOW 2025 Give the Gift of Sport Campaign Goal &#8211; $1,000,000 We hit $1M in 2024 &#8211; let&#8217;s do it again in 2025! Give the Gift of Sport is an annual fundraising campaign to raise money&hellip;<\/p>","protected":false},"author":10,"featured_media":1034,"parent":0,"menu_order":0,"comment_status":"closed","ping_status":"closed","template":"","meta":{"_acf_changed":false,"inline_featured_image":false,"footnotes":""},"class_list":["post-691","page","type-page","status-publish","has-post-thumbnail","hentry"],"acf":[],"yoast_head":"<!-- This site is optimized with the Yoast SEO plugin v27.4 - https:\/\/yoast.com\/product\/yoast-seo-wordpress\/ -->\n<title>Give the Gift of Sport | KidSport Canada<\/title>\n<meta name=\"description\" content=\"KidSport is Calling all Canadians to Give the Gift of Sport this Holiday Season! Donate so more kids can get off the sidelines.\" \/>\n<meta name=\"robots\" content=\"index, follow, max-snippet:-1, max-image-preview:large, max-video-preview:-1\" \/>\n<link rel=\"canonical\" href=\"https:\/\/kidsportcanada.ca\/fr\/giftofsport\/\" \/>\n<meta property=\"og:locale\" content=\"fr_CA\" \/>\n<meta property=\"og:type\" content=\"article\" \/>\n<meta property=\"og:title\" content=\"Give the Gift of Sport | KidSport Canada\" \/>\n<meta property=\"og:description\" content=\"KidSport is Calling all Canadians to Give the Gift of Sport this Holiday Season! Donate so more kids can get off the sidelines.\" \/>\n<meta property=\"og:url\" content=\"https:\/\/kidsportcanada.ca\/fr\/giftofsport\/\" \/>\n<meta property=\"og:site_name\" content=\"KidSport Canada\" \/>\n<meta property=\"article:modified_time\" content=\"2026-01-06T17:40:55+00:00\" \/>\n<meta property=\"og:image\" content=\"http:\/\/kidsportcanada.ca\/wp-content\/uploads\/kidsport-gift-of-sport-2021-en.jpg\" \/>\n\t<meta property=\"og:image:width\" content=\"1600\" \/>\n\t<meta property=\"og:image:height\" content=\"1000\" \/>\n\t<meta property=\"og:image:type\" content=\"image\/jpeg\" \/>\n<meta name=\"twitter:card\" content=\"summary_large_image\" \/>\n<meta name=\"twitter:label1\" content=\"Estimation du temps de lecture\" \/>\n\t<meta name=\"twitter:data1\" content=\"2 minutes\" \/>\n<script type=\"application\/ld+json\" class=\"yoast-schema-graph\">{\"@context\":\"https:\\\/\\\/schema.org\",\"@graph\":[{\"@type\":\"WebPage\",\"@id\":\"https:\\\/\\\/kidsportcanada.ca\\\/giftofsport\\\/\",\"url\":\"https:\\\/\\\/kidsportcanada.ca\\\/giftofsport\\\/\",\"name\":\"Give the Gift of Sport | KidSport Canada\",\"isPartOf\":{\"@id\":\"https:\\\/\\\/kidsportcanada.ca\\\/#website\"},\"primaryImageOfPage\":{\"@id\":\"https:\\\/\\\/kidsportcanada.ca\\\/giftofsport\\\/#primaryimage\"},\"image\":{\"@id\":\"https:\\\/\\\/kidsportcanada.ca\\\/giftofsport\\\/#primaryimage\"},\"thumbnailUrl\":\"\\\/wp-content\\\/uploads\\\/kidsport-gift-of-sport-2021-en.jpg\",\"datePublished\":\"2020-07-14T17:04:17+00:00\",\"dateModified\":\"2026-01-06T17:40:55+00:00\",\"description\":\"KidSport is Calling all Canadians to Give the Gift of Sport this Holiday Season! Donate so more kids can get off the sidelines.\",\"breadcrumb\":{\"@id\":\"https:\\\/\\\/kidsportcanada.ca\\\/giftofsport\\\/#breadcrumb\"},\"inLanguage\":\"fr-CA\",\"potentialAction\":[{\"@type\":\"ReadAction\",\"target\":[\"https:\\\/\\\/kidsportcanada.ca\\\/giftofsport\\\/\"]}]},{\"@type\":\"ImageObject\",\"inLanguage\":\"fr-CA\",\"@id\":\"https:\\\/\\\/kidsportcanada.ca\\\/giftofsport\\\/#primaryimage\",\"url\":\"\\\/wp-content\\\/uploads\\\/kidsport-gift-of-sport-2021-en.jpg\",\"contentUrl\":\"\\\/wp-content\\\/uploads\\\/kidsport-gift-of-sport-2021-en.jpg\",\"width\":1600,\"height\":1000},{\"@type\":\"BreadcrumbList\",\"@id\":\"https:\\\/\\\/kidsportcanada.ca\\\/giftofsport\\\/#breadcrumb\",\"itemListElement\":[{\"@type\":\"ListItem\",\"position\":1,\"name\":\"Home\",\"item\":\"https:\\\/\\\/kidsportcanada.ca\\\/\"},{\"@type\":\"ListItem\",\"position\":2,\"name\":\"Give the Gift of Sport\"}]},{\"@type\":\"WebSite\",\"@id\":\"https:\\\/\\\/kidsportcanada.ca\\\/#website\",\"url\":\"https:\\\/\\\/kidsportcanada.ca\\\/\",\"name\":\"KidSport Canada\",\"description\":\"So all kids can play\",\"publisher\":{\"@id\":\"https:\\\/\\\/kidsportcanada.ca\\\/#organization\"},\"potentialAction\":[{\"@type\":\"SearchAction\",\"target\":{\"@type\":\"EntryPoint\",\"urlTemplate\":\"https:\\\/\\\/kidsportcanada.ca\\\/?s={search_term_string}\"},\"query-input\":{\"@type\":\"PropertyValueSpecification\",\"valueRequired\":true,\"valueName\":\"search_term_string\"}}],\"inLanguage\":\"fr-CA\"},{\"@type\":\"Organization\",\"@id\":\"https:\\\/\\\/kidsportcanada.ca\\\/#organization\",\"name\":\"KidSport Canada\",\"url\":\"https:\\\/\\\/kidsportcanada.ca\\\/\",\"logo\":{\"@type\":\"ImageObject\",\"inLanguage\":\"fr-CA\",\"@id\":\"https:\\\/\\\/kidsportcanada.ca\\\/#\\\/schema\\\/logo\\\/image\\\/\",\"url\":\"\\\/wp-content\\\/uploads\\\/logo-kidsport-transparent.jpg\",\"contentUrl\":\"\\\/wp-content\\\/uploads\\\/logo-kidsport-transparent.jpg\",\"width\":880,\"height\":464,\"caption\":\"KidSport Canada\"},\"image\":{\"@id\":\"https:\\\/\\\/kidsportcanada.ca\\\/#\\\/schema\\\/logo\\\/image\\\/\"}}]}<\/script>\n<!-- \/ Yoast SEO plugin. -->","yoast_head_json":{"title":"Give the Gift of Sport | KidSport Canada","description":"SportJeunesse invite tous les Canadiens \u00e0 offrir le sport en cadeau en cette p\u00e9riode des f\u00eates! Donnez afin de permettre \u00e0 plus d\u2019enfants d\u2019acc\u00e9der au sport.","robots":{"index":"index","follow":"follow","max-snippet":"max-snippet:-1","max-image-preview":"max-image-preview:large","max-video-preview":"max-video-preview:-1"},"canonical":"https:\/\/kidsportcanada.ca\/fr\/giftofsport\/","og_locale":"fr_CA","og_type":"article","og_title":"Give the Gift of Sport | KidSport Canada","og_description":"KidSport is Calling all Canadians to Give the Gift of Sport this Holiday Season! Donate so more kids can get off the sidelines.","og_url":"https:\/\/kidsportcanada.ca\/fr\/giftofsport\/","og_site_name":"KidSport Canada","article_modified_time":"2026-01-06T17:40:55+00:00","og_image":[{"width":1600,"height":1000,"url":"http:\/\/kidsportcanada.ca\/wp-content\/uploads\/kidsport-gift-of-sport-2021-en.jpg","type":"image\/jpeg"}],"twitter_card":"summary_large_image","twitter_misc":{"Estimation du temps de lecture":"2 minutes"},"schema":{"@context":"https:\/\/schema.org","@graph":[{"@type":"WebPage","@id":"https:\/\/kidsportcanada.ca\/giftofsport\/","url":"https:\/\/kidsportcanada.ca\/giftofsport\/","name":"Give the Gift of Sport | KidSport Canada","isPartOf":{"@id":"https:\/\/kidsportcanada.ca\/#website"},"primaryImageOfPage":{"@id":"https:\/\/kidsportcanada.ca\/giftofsport\/#primaryimage"},"image":{"@id":"https:\/\/kidsportcanada.ca\/giftofsport\/#primaryimage"},"thumbnailUrl":"\/wp-content\/uploads\/kidsport-gift-of-sport-2021-en.jpg","datePublished":"2020-07-14T17:04:17+00:00","dateModified":"2026-01-06T17:40:55+00:00","description":"SportJeunesse invite tous les Canadiens \u00e0 offrir le sport en cadeau en cette p\u00e9riode des f\u00eates! Donnez afin de permettre \u00e0 plus d\u2019enfants d\u2019acc\u00e9der au sport.","breadcrumb":{"@id":"https:\/\/kidsportcanada.ca\/giftofsport\/#breadcrumb"},"inLanguage":"fr-CA","potentialAction":[{"@type":"ReadAction","target":["https:\/\/kidsportcanada.ca\/giftofsport\/"]}]},{"@type":"ImageObject","inLanguage":"fr-CA","@id":"https:\/\/kidsportcanada.ca\/giftofsport\/#primaryimage","url":"\/wp-content\/uploads\/kidsport-gift-of-sport-2021-en.jpg","contentUrl":"\/wp-content\/uploads\/kidsport-gift-of-sport-2021-en.jpg","width":1600,"height":1000},{"@type":"BreadcrumbList","@id":"https:\/\/kidsportcanada.ca\/giftofsport\/#breadcrumb","itemListElement":[{"@type":"ListItem","position":1,"name":"Home","item":"https:\/\/kidsportcanada.ca\/"},{"@type":"ListItem","position":2,"name":"Give the Gift of Sport"}]},{"@type":"WebSite","@id":"https:\/\/kidsportcanada.ca\/#website","url":"https:\/\/kidsportcanada.ca\/","name":"SportJeunesse Canada","description":"Afin que les enfants puissent jouer","publisher":{"@id":"https:\/\/kidsportcanada.ca\/#organization"},"potentialAction":[{"@type":"SearchAction","target":{"@type":"EntryPoint","urlTemplate":"https:\/\/kidsportcanada.ca\/?s={search_term_string}"},"query-input":{"@type":"PropertyValueSpecification","valueRequired":true,"valueName":"search_term_string"}}],"inLanguage":"fr-CA"},{"@type":"Organization","@id":"https:\/\/kidsportcanada.ca\/#organization","name":"SportJeunesse Canada","url":"https:\/\/kidsportcanada.ca\/","logo":{"@type":"ImageObject","inLanguage":"fr-CA","@id":"https:\/\/kidsportcanada.ca\/#\/schema\/logo\/image\/","url":"\/wp-content\/uploads\/logo-kidsport-transparent.jpg","contentUrl":"\/wp-content\/uploads\/logo-kidsport-transparent.jpg","width":880,"height":464,"caption":"KidSport Canada"},"image":{"@id":"https:\/\/kidsportcanada.ca\/#\/schema\/logo\/image\/"}}]}},"_links":{"self":[{"href":"http:\/\/kidsportcanada.ca\/fr\/wp-json\/wp\/v2\/pages\/691","targetHints":{"allow":["GET"]}}],"collection":[{"href":"http:\/\/kidsportcanada.ca\/fr\/wp-json\/wp\/v2\/pages"}],"about":[{"href":"http:\/\/kidsportcanada.ca\/fr\/wp-json\/wp\/v2\/types\/page"}],"author":[{"embeddable":true,"href":"http:\/\/kidsportcanada.ca\/fr\/wp-json\/wp\/v2\/users\/10"}],"replies":[{"embeddable":true,"href":"http:\/\/kidsportcanada.ca\/fr\/wp-json\/wp\/v2\/comments?post=691"}],"version-history":[{"count":0,"href":"http:\/\/kidsportcanada.ca\/fr\/wp-json\/wp\/v2\/pages\/691\/revisions"}],"wp:featuredmedia":[{"embeddable":true,"href":"http:\/\/kidsportcanada.ca\/fr\/wp-json\/wp\/v2\/media\/1034"}],"wp:attachment":[{"href":"http:\/\/kidsportcanada.ca\/fr\/wp-json\/wp\/v2\/media?parent=691"}],"curies":[{"name":"wp","href":"https:\/\/api.w.org\/{rel}","templated":true}]}}