
{"id":37,"date":"2020-03-13T16:16:56","date_gmt":"2020-03-13T16:16:56","guid":{"rendered":"http:\/\/kidsportcanada.ca\/quebec\/?page_id=37"},"modified":"2026-03-16T16:33:17","modified_gmt":"2026-03-16T16:33:17","slug":"home","status":"publish","type":"page","link":"http:\/\/kidsportcanada.ca\/quebec\/fr\/","title":{"rendered":"Home"},"content":{"rendered":"<h4 data-animation-delay=\"0\" data-animation-duration=\"1\">\n\t\t\tSportJeunesse est maintenant fier d'\u00eatre au\t<\/h4>\n<h1>\n\t\t\tQu\u00e9bec\t<\/h1>\n\t\t\t<a href=\"https:\/\/kidsportcanada.ca\/quebec\/fr\/provincial-fund\/\" target=\"_blank\" rel=\"noopener\">\n\t\t\t\t\t\t\tSOUMETTEZ UNE DEMANDE MAINTENANT!\n\t\t\t<\/a>\n<h2>\n\t\t\t\u00c0 PROPOS DE\t<\/h2>\n<h4>\n\t\t\tSport Jeunesse Qu\u00e9bec\t<\/h4>\n\t<h3>SportJeunesse offre une aide aux enfants de familles qui font face \u00e0 des obstacles financiers afin qu\u2019ils puissent participer \u00e0 des programmes sportifs certifi\u00e9s afin de leur offrir une exp\u00e9rience sportive enrichissante dirig\u00e9e par des entra\u00eeneures et entra\u00eeneurs qualifi\u00e9.e.s.<\/h3>\n<h5>\n\t\t\tAdresse courriel\t<\/h5>\n\t    <span class=\"socialmedia-links fl-icon-group\">\n        <!------------------ Facebook ------------------>\n        <span class=\"fl-icon facebook\">\n                            <a href=\"https:\/\/www.facebook.com\/sportjeunessequebec\" target=\"_blank\" aria-label=\"link to https:\/\/www.facebook.com\/kidsportcanada\/\" rel=\"noopener\"[soci>\n                    <i class=\"fab fa-facebook-square\" aria-hidden=\"true\"><\/i>\n                <\/a>\n                    <\/span>\n\t\t<!------------------ Facebook 2 ------------------>\n        <span class=\"fl-icon facebook\">\n                    <\/span>\n        <!------------------ Twitter ------------------>\n        <span class=\"fl-icon twitter\">\n                            <a href=\"https:\/\/twitter.com\/KidSportFR\" target=\"_blank\" aria-label=\"link to https:\/\/twitter.com\/kidsport\/\" rel=\"noopener\">\n                    <i class=\"fab fa-twitter\" aria-hidden=\"true\"><\/i>\n                <\/a>\n                    <\/span>\n        <!------------------ Instagram ------------------>\n        <span class=\"fl-icon instagram\">\n                            <a href=\"https:\/\/www.instagram.com\/sportjeunessequebec\/\" target=\"_blank\" aria-label=\"link to https:\/\/www.instagram.com\/kidsport.canada\/\" rel=\"noopener\">\n                    <i class=\"fab fa-instagram\" aria-hidden=\"true\"><\/i>\n                <\/a>\n                    <\/span>\n        <!------------------ YouTube ------------------>\n        <span class=\"fl-icon youtube\">\n                            <a href=\"https:\/\/www.youtube.com\/user\/KidSportCanada\" target=\"_blank\" aria-label=\"link to https:\/\/www.youtube.com\/user\/KidSportCanada\" rel=\"noopener\">\n                    <i class=\"fab fa-youtube\" aria-hidden=\"true\"><\/i>\n                <\/a>\n                    <\/span>\n    <\/span>\n    \n<h5>\n\t\t\tLIENS UTILES\t<\/h5>\n<h6>\n\t\t<a href=\"https:\/\/drive.google.com\/file\/d\/1B77XW9p9WtEDZrewg4_KUnJYSh1vOizk\/view?usp=sharing\" title=\"Sport Jeunesse Qu\u00e9bec est \u00e0 la recherche de nouveaux membres pour son conseil d&#039;administration!\" target=\"_blank\" rel=\"noopener\">\n\t\t\tSport Jeunesse Qu\u00e9bec est \u00e0 la recherche de nouveaux membres pour son conseil d'administration!\t\t<\/a>\n\t<\/h6>\n<h6>\n\t\t<a href=\"https:\/\/kidsportcanada.ca\/quebec\/events\/kidsport-quebec-launch\/\" title=\"Lancement de Sport Jeunesse Qu\u00e9bec\" target=\"_blank\" rel=\"noopener\">\n\t\t\tLancement de Sport Jeunesse Qu\u00e9bec\t\t<\/a>\n\t<\/h6>\n<h2>\n\t\t\tMerci \u00e0 nos commanditaires!\t<\/h2>\n<figure>\n\t\t\t\t<img decoding=\"async\" src=\"\/wp-content\/plugins\/bb-plugin\/img\/pixel.png\" alt=\"\" loading=\"lazy\" \/>\n\t<\/figure>\n<figure>\n\t\t\t\t<img decoding=\"async\" src=\"\/wp-content\/plugins\/bb-plugin\/img\/pixel.png\" alt=\"\" loading=\"lazy\" \/>\n\t<\/figure>\n<figure>\n\t\t\t\t<img decoding=\"async\" src=\"\/wp-content\/uploads\/sites\/111\/Logo-BlueBlack-Everest-R-Digital-JPEG.jpg\" alt=\"Logo - BlueBlack Everest (R) (Digital - JPEG)\" height=\"1080\" width=\"1920\" title=\"Logo - BlueBlack Everest (R) (Digital - JPEG)\" loading=\"lazy\" \/>\n\t<\/figure>\n\t<p>Commanditaire communautaire<\/p>\n\t\t\t\t\t<a role=\"heading\" id=\"fl-accordion--label-0\">Quand Sport Jeunesse Qu\u00e9bec a-t-il \u00e9t\u00e9 lanc\u00e9?<\/a>\n\t\t\t\t\t\t\t\t\t\t\t<button type=\"button\" id=\"fl-accordion--icon-0\" aria-expanded=\"false\" aria-controls=\"fl-accordion--panel-0\"><i>Expand<\/i><\/button>\n\t\t\t\t\t<p>Sport Jeunesse Qu\u00e9bec a \u00e9t\u00e9 lanc\u00e9 le 29 mars 2023.<\/p>\n<p>Pour plus d'informations sur le lancement, <a href=\"https:\/\/kidsportcanada.ca\/quebec\/events\/kidsport-quebec-launch\/\">Cliquez ici.<\/a><\/p>\n\t\t\t\t\t<a role=\"heading\" id=\"fl-accordion--label-1\">Comment puis-je m'impliquer avec Sport Jeunesse Qu\u00e9bec?<\/a>\n\t\t\t\t\t\t\t\t\t\t\t<button type=\"button\" id=\"fl-accordion--icon-1\" aria-expanded=\"false\" aria-controls=\"fl-accordion--panel-1\"><i>Expand<\/i><\/button>\n\t\t\t\t\t<p>Si vous souhaitez vous impliquer aupr\u00e8s de Sport Jeunesse Qu\u00e9bec, <a href=\"https:\/\/forms.gle\/iM9HL48K1gdQrpu3A\">remplissez ce formulaire<\/a> et un membre de l'\u00e9quipe de Sport Jeunesse vous contactera.<\/p>\n\t\t\t\t\t<a role=\"heading\" id=\"fl-accordion--label-2\">Comment puis-je faire une demande de subvention aupr\u00e8s de Sport Jeunesse Qu\u00e9bec?<\/a>\n\t\t\t\t\t\t\t\t\t\t\t<button type=\"button\" id=\"fl-accordion--icon-2\" aria-expanded=\"false\" aria-controls=\"fl-accordion--panel-2\"><i>Expand<\/i><\/button>\n\t\t\t\t\t<p>Pour en apprendre plus sur le processus de soumission d'une demande, visitez la page\u00a0<em>Fonds Provincial<\/em> de notre site web.<\/p>\n<h2>\n\t\t\tDerni\u00e8res nouvelles\t<\/h2>\n<h4>\n\t\t\tde la r\u00e9gion de Quebec\t<\/h4>\n    <h5>News &amp; Stories<\/h5>\n    <h5>\u00c9V\u00c9NEMENTS<\/h5>","protected":false},"excerpt":{"rendered":"<p>KidSport is proud to now be in Quebec! APPLY NOW! ABOUT KidSport Quebec KidSport provides grants to children from families facing financial barriers, so they can participate in registered sport programs. KidSport supports programs that provide the child with a sustained sport experience led by qualified instructors. CONNECT QUICK LINKS KidSport Quebec is looking for&hellip;<\/p>","protected":false},"author":16,"featured_media":195,"parent":0,"menu_order":0,"comment_status":"closed","ping_status":"closed","template":"","meta":{"_acf_changed":false,"footnotes":""},"class_list":["post-37","page","type-page","status-publish","has-post-thumbnail","hentry"],"acf":[],"yoast_head":"<!-- This site is optimized with the Yoast SEO plugin v27.4 - https:\/\/yoast.com\/product\/yoast-seo-wordpress\/ -->\n<title>Home - KidSport Quebec<\/title>\n<meta name=\"description\" content=\"KidSport provides grants to help cover the costs of registration fees so that ALL kids aged 18 and under can play a season of sport.\" \/>\n<meta name=\"robots\" content=\"index, follow, max-snippet:-1, max-image-preview:large, max-video-preview:-1\" \/>\n<link rel=\"canonical\" href=\"https:\/\/kidsportcanada.ca\/quebec\/fr\/\" \/>\n<meta property=\"og:locale\" content=\"fr_CA\" \/>\n<meta property=\"og:type\" content=\"article\" \/>\n<meta property=\"og:title\" content=\"Home - KidSport Quebec\" \/>\n<meta property=\"og:description\" content=\"KidSport provides grants to help cover the costs of registration fees so that ALL kids aged 18 and under can play a season of sport.\" \/>\n<meta property=\"og:url\" content=\"https:\/\/kidsportcanada.ca\/quebec\/fr\/\" \/>\n<meta property=\"og:site_name\" content=\"Quebec\" \/>\n<meta property=\"article:modified_time\" content=\"2026-03-16T16:33:17+00:00\" \/>\n<meta property=\"og:image\" content=\"http:\/\/kidsportcanada.ca\/wp-content\/uploads\/sites\/111\/kidsport-chapter-home-1.jpg\" \/>\n\t<meta property=\"og:image:width\" content=\"1600\" \/>\n\t<meta property=\"og:image:height\" content=\"1000\" \/>\n\t<meta property=\"og:image:type\" content=\"image\/jpeg\" \/>\n<meta name=\"twitter:card\" content=\"summary_large_image\" \/>\n<meta name=\"twitter:label1\" content=\"Estimation du temps de lecture\" \/>\n\t<meta name=\"twitter:data1\" content=\"4 minutes\" \/>\n<script type=\"application\/ld+json\" class=\"yoast-schema-graph\">{\"@context\":\"https:\\\/\\\/schema.org\",\"@graph\":[{\"@type\":\"WebPage\",\"@id\":\"https:\\\/\\\/kidsportcanada.ca\\\/quebec\\\/en\\\/\",\"url\":\"https:\\\/\\\/kidsportcanada.ca\\\/quebec\\\/en\\\/\",\"name\":\"Home - KidSport Quebec\",\"isPartOf\":{\"@id\":\"https:\\\/\\\/kidsportcanada.ca\\\/quebec\\\/fr\\\/#website\"},\"primaryImageOfPage\":{\"@id\":\"https:\\\/\\\/kidsportcanada.ca\\\/quebec\\\/en\\\/#primaryimage\"},\"image\":{\"@id\":\"https:\\\/\\\/kidsportcanada.ca\\\/quebec\\\/en\\\/#primaryimage\"},\"thumbnailUrl\":\"\\\/wp-content\\\/uploads\\\/sites\\\/111\\\/kidsport-chapter-home-1.jpg\",\"datePublished\":\"2020-03-13T16:16:56+00:00\",\"dateModified\":\"2026-03-16T16:33:17+00:00\",\"description\":\"KidSport provides grants to help cover the costs of registration fees so that ALL kids aged 18 and under can play a season of sport.\",\"breadcrumb\":{\"@id\":\"https:\\\/\\\/kidsportcanada.ca\\\/quebec\\\/en\\\/#breadcrumb\"},\"inLanguage\":\"fr-CA\",\"potentialAction\":[{\"@type\":\"ReadAction\",\"target\":[\"https:\\\/\\\/kidsportcanada.ca\\\/quebec\\\/en\\\/\"]}]},{\"@type\":\"ImageObject\",\"inLanguage\":\"fr-CA\",\"@id\":\"https:\\\/\\\/kidsportcanada.ca\\\/quebec\\\/en\\\/#primaryimage\",\"url\":\"\\\/wp-content\\\/uploads\\\/sites\\\/111\\\/kidsport-chapter-home-1.jpg\",\"contentUrl\":\"\\\/wp-content\\\/uploads\\\/sites\\\/111\\\/kidsport-chapter-home-1.jpg\",\"width\":1600,\"height\":1000,\"caption\":\"A hockey player wearing red and black stopping on an indoor ice rink and looking at the camera\"},{\"@type\":\"BreadcrumbList\",\"@id\":\"https:\\\/\\\/kidsportcanada.ca\\\/quebec\\\/en\\\/#breadcrumb\",\"itemListElement\":[{\"@type\":\"ListItem\",\"position\":1,\"name\":\"Home\",\"item\":\"https:\\\/\\\/kidsportcanada.ca\\\/quebec\\\/en\\\/\"},{\"@type\":\"ListItem\",\"position\":2,\"name\":\"Home\"}]},{\"@type\":\"WebSite\",\"@id\":\"https:\\\/\\\/kidsportcanada.ca\\\/quebec\\\/fr\\\/#website\",\"url\":\"https:\\\/\\\/kidsportcanada.ca\\\/quebec\\\/fr\\\/\",\"name\":\"Quebec\",\"description\":\"So all kids can play\",\"potentialAction\":[{\"@type\":\"SearchAction\",\"target\":{\"@type\":\"EntryPoint\",\"urlTemplate\":\"https:\\\/\\\/kidsportcanada.ca\\\/quebec\\\/fr\\\/?s={search_term_string}\"},\"query-input\":{\"@type\":\"PropertyValueSpecification\",\"valueRequired\":true,\"valueName\":\"search_term_string\"}}],\"inLanguage\":\"fr-CA\"}]}<\/script>\n<!-- \/ Yoast SEO plugin. -->","yoast_head_json":{"title":"Home - KidSport Quebec","description":"Nous fournissons des subventions pour aider \u00e0 couvrir le co\u00fbt des frais d\u2019inscription afin que tous les enfants de 18 ans et moins puissent pratiquer un sport pendant une saison.","robots":{"index":"index","follow":"follow","max-snippet":"max-snippet:-1","max-image-preview":"max-image-preview:large","max-video-preview":"max-video-preview:-1"},"canonical":"https:\/\/kidsportcanada.ca\/quebec\/fr\/","og_locale":"fr_CA","og_type":"article","og_title":"Home - KidSport Quebec","og_description":"KidSport provides grants to help cover the costs of registration fees so that ALL kids aged 18 and under can play a season of sport.","og_url":"https:\/\/kidsportcanada.ca\/quebec\/fr\/","og_site_name":"Quebec","article_modified_time":"2026-03-16T16:33:17+00:00","og_image":[{"width":1600,"height":1000,"url":"http:\/\/kidsportcanada.ca\/wp-content\/uploads\/sites\/111\/kidsport-chapter-home-1.jpg","type":"image\/jpeg"}],"twitter_card":"summary_large_image","twitter_misc":{"Estimation du temps de lecture":"4 minutes"},"schema":{"@context":"https:\/\/schema.org","@graph":[{"@type":"WebPage","@id":"https:\/\/kidsportcanada.ca\/quebec\/en\/","url":"https:\/\/kidsportcanada.ca\/quebec\/en\/","name":"Home - KidSport Quebec","isPartOf":{"@id":"https:\/\/kidsportcanada.ca\/quebec\/fr\/#website"},"primaryImageOfPage":{"@id":"https:\/\/kidsportcanada.ca\/quebec\/en\/#primaryimage"},"image":{"@id":"https:\/\/kidsportcanada.ca\/quebec\/en\/#primaryimage"},"thumbnailUrl":"\/wp-content\/uploads\/sites\/111\/kidsport-chapter-home-1.jpg","datePublished":"2020-03-13T16:16:56+00:00","dateModified":"2026-03-16T16:33:17+00:00","description":"Nous fournissons des subventions pour aider \u00e0 couvrir le co\u00fbt des frais d\u2019inscription afin que tous les enfants de 18 ans et moins puissent pratiquer un sport pendant une saison.","breadcrumb":{"@id":"https:\/\/kidsportcanada.ca\/quebec\/en\/#breadcrumb"},"inLanguage":"fr-CA","potentialAction":[{"@type":"ReadAction","target":["https:\/\/kidsportcanada.ca\/quebec\/en\/"]}]},{"@type":"ImageObject","inLanguage":"fr-CA","@id":"https:\/\/kidsportcanada.ca\/quebec\/en\/#primaryimage","url":"\/wp-content\/uploads\/sites\/111\/kidsport-chapter-home-1.jpg","contentUrl":"\/wp-content\/uploads\/sites\/111\/kidsport-chapter-home-1.jpg","width":1600,"height":1000,"caption":"A hockey player wearing red and black stopping on an indoor ice rink and looking at the camera"},{"@type":"BreadcrumbList","@id":"https:\/\/kidsportcanada.ca\/quebec\/en\/#breadcrumb","itemListElement":[{"@type":"ListItem","position":1,"name":"Home","item":"https:\/\/kidsportcanada.ca\/quebec\/en\/"},{"@type":"ListItem","position":2,"name":"Home"}]},{"@type":"WebSite","@id":"https:\/\/kidsportcanada.ca\/quebec\/fr\/#website","url":"https:\/\/kidsportcanada.ca\/quebec\/fr\/","name":"Qu\u00e9bec","description":"So all kids can play","potentialAction":[{"@type":"SearchAction","target":{"@type":"EntryPoint","urlTemplate":"https:\/\/kidsportcanada.ca\/quebec\/fr\/?s={search_term_string}"},"query-input":{"@type":"PropertyValueSpecification","valueRequired":true,"valueName":"search_term_string"}}],"inLanguage":"fr-CA"}]}},"_links":{"self":[{"href":"http:\/\/kidsportcanada.ca\/quebec\/fr\/wp-json\/wp\/v2\/pages\/37","targetHints":{"allow":["GET"]}}],"collection":[{"href":"http:\/\/kidsportcanada.ca\/quebec\/fr\/wp-json\/wp\/v2\/pages"}],"about":[{"href":"http:\/\/kidsportcanada.ca\/quebec\/fr\/wp-json\/wp\/v2\/types\/page"}],"author":[{"embeddable":true,"href":"http:\/\/kidsportcanada.ca\/quebec\/fr\/wp-json\/wp\/v2\/users\/16"}],"replies":[{"embeddable":true,"href":"http:\/\/kidsportcanada.ca\/quebec\/fr\/wp-json\/wp\/v2\/comments?post=37"}],"version-history":[{"count":0,"href":"http:\/\/kidsportcanada.ca\/quebec\/fr\/wp-json\/wp\/v2\/pages\/37\/revisions"}],"wp:featuredmedia":[{"embeddable":true,"href":"http:\/\/kidsportcanada.ca\/quebec\/fr\/wp-json\/wp\/v2\/media\/195"}],"wp:attachment":[{"href":"http:\/\/kidsportcanada.ca\/quebec\/fr\/wp-json\/wp\/v2\/media?parent=37"}],"curies":[{"name":"wp","href":"https:\/\/api.w.org\/{rel}","templated":true}]}}