
{"id":148,"date":"2020-04-01T20:45:29","date_gmt":"2020-04-01T20:45:29","guid":{"rendered":"http:\/\/kidsportcanada.ca\/bow-valley\/?page_id=148"},"modified":"2025-03-11T20:07:27","modified_gmt":"2025-03-11T20:07:27","slug":"contact-us","status":"publish","type":"page","link":"https:\/\/kidsportcanada.ca\/alberta\/bow-valley\/fr\/contact-us\/","title":{"rendered":"Contacter"},"content":{"rendered":"<h4>SportJeunesse Bow Valley<\/h4>\r\n<h1>CONTACTEZ-NOUS<\/h1>\r\n<h3>Get in touch &#8211; we&#8217;d be happy to answer any questions or help you get involved.<\/h3>\r\n<h5>Bureau local<\/h5>\r\n<div><span class=\"il\">SportJeunesse<\/span>\u00a0Bow Valley<\/div>\r\n<div>c\/o Canmore FCSS<\/div>\r\n<div>902 7th Avenue<\/div>\r\n<div>Canmore AB T1W 3K1<\/div>\r\n<h5>Communiquer<\/h5>\r\n<p>bowvalley@kidsport.ab.ca<\/p>\r\n<h5>PROVINCIAL FUND GRANTS<\/h5>\r\n<p>If your community does not have a local chapter, you can still apply for a KidSport grant through the Alberta Provincial Fund.<\/p>\r\n<p><a href=\"https:\/\/kidsportcanada.ca\/alberta\/bow-valley\/fr\/alberta\/\" target=\"_self\" rel=\"noopener\"> LEARN MORE &amp; APPLY HERE <\/a><\/p>\r\n<h2>COMMON Questions<\/h2>\r\n<p><a id=\"fl-accordion--label-0\" href=\"#\" aria-controls=\"fl-accordion--panel-0\">Comment puis-je obtenir une subvention SportJeunesse pour un enfant?<\/a> <a id=\"fl-accordion--icon-0\" href=\"#\"><i>Expand<\/i><\/a><\/p>\r\n<p>Si votre enfant ou un jeune que vous connaissez pouvait b\u00e9n\u00e9ficier d\u2019un coup de pouce pour participer au sport de son choix, la subvention SportJeunesse peut aider!<\/p>\r\n<p>Une fois que l\u2019enfant aura \u00e9t\u00e9 inscrit \u00e0 son programme de sport, vous devez trouver votre section locale, ou le fonds provincial de SportJeunesse Bow Valley, pour pr\u00e9senter une demande de subvention. Notre formulaire en ligne est s\u00e9curis\u00e9e et est la fa\u00e7on la plus facile d\u2019envoyer les renseignements exig\u00e9s, mais vous pouvez aussi utiliser le formulaire papier si vous pr\u00e9f\u00e9rez. <a href=\"https:\/\/kidsportcanada.ca\/alberta\/bow-valley\/fr\/bow-valley\/apply\/\">formulaire de demande en ligne<\/a> est le moyen le plus rapide d'envoyer les informations requises, mais vous pouvez \u00e9galement en faire la demande sur papier si vous le souhaitez.<\/p>\r\n<p><a id=\"fl-accordion--label-1\" href=\"#\" aria-controls=\"fl-accordion--panel-1\">\u00c0 qui dois-je m\u2019adresser pour faire un don?<\/a> <a id=\"fl-accordion--icon-1\" href=\"#\"><i>Expand<\/i><\/a><\/p>\r\n<p>Notre formulaire de <a href=\"https:\/\/kidsportcanada.ca\/alberta\/bow-valley\/fr\/bow-valley\/donate\/\">Donate<\/a>! If you have further questions about donations, please email bowvalley@kidsport.ab.ca &#8211; we&#8217;ll get back to you as soon as we can.<\/p>\r\n<p><a id=\"fl-accordion--label-2\" href=\"#\" aria-controls=\"fl-accordion--panel-2\">\u00c0 qui dois-je m\u2019adresser pour parler de partenariats?<\/a> <a id=\"fl-accordion--icon-2\" href=\"#\"><i>Expand<\/i><\/a><\/p>\r\n<p>Thanks for your interest in joining the team! Please reach out over email at bowvalley@kidsport.ab.ca to get the ball rolling.<\/p>\r\n<p><a id=\"fl-accordion--label-3\" href=\"#\" aria-controls=\"fl-accordion--panel-3\">SportJeunesse est-il un organisme de bienfaisance enregistr\u00e9?<\/a> <a id=\"fl-accordion--icon-3\" href=\"#\"><i>Expand<\/i><\/a><\/p>\r\n<p>Yes! KidSport is an RCAAA, and qualified donee per the CRA.<\/p>","protected":false},"excerpt":{"rendered":"<p>KidSport Bow Valley CONTACT US Get in touch &#8211; we&#8217;d be happy to answer any questions or help you get involved. LOCAL OFFICE KidSport\u00a0Bow Valley c\/o Canmore FCSS 902 7th Avenue Canmore AB T1W 3K1 CONNECT bowvalley@kidsport.ab.ca PROVINCIAL FUND GRANTS If your community does not have a local chapter, you can still apply for a&hellip;<\/p>","protected":false},"author":16,"featured_media":190,"parent":0,"menu_order":0,"comment_status":"closed","ping_status":"closed","template":"","meta":{"_acf_changed":false,"footnotes":""},"class_list":["post-148","page","type-page","status-publish","has-post-thumbnail","hentry"],"acf":[],"yoast_head":"<!-- This site is optimized with the Yoast SEO plugin v27.4 - https:\/\/yoast.com\/product\/yoast-seo-wordpress\/ -->\n<title>Contact Us - KidSport Bow Valley<\/title>\n<meta name=\"description\" content=\"Get in touch. We would be happy to answer any questions or help you get involved.\" \/>\n<meta name=\"robots\" content=\"index, follow, max-snippet:-1, max-image-preview:large, max-video-preview:-1\" \/>\n<link rel=\"canonical\" href=\"https:\/\/kidsportcanada.ca\/alberta\/bow-valley\/fr\/contact-us\/\" \/>\n<meta property=\"og:locale\" content=\"fr_CA\" \/>\n<meta property=\"og:type\" content=\"article\" \/>\n<meta property=\"og:title\" content=\"Contact Us - KidSport Bow Valley\" \/>\n<meta property=\"og:description\" content=\"Get in touch. We would be happy to answer any questions or help you get involved.\" \/>\n<meta property=\"og:url\" content=\"https:\/\/kidsportcanada.ca\/alberta\/bow-valley\/fr\/contact-us\/\" \/>\n<meta property=\"og:site_name\" content=\"Bow Valley\" \/>\n<meta property=\"article:modified_time\" content=\"2025-03-11T20:07:27+00:00\" \/>\n<meta property=\"og:image\" content=\"https:\/\/kidsportcanada.ca\/wp-content\/uploads\/sites\/98\/brett-levis.jpg\" \/>\n\t<meta property=\"og:image:width\" content=\"1600\" \/>\n\t<meta property=\"og:image:height\" content=\"1000\" \/>\n\t<meta property=\"og:image:type\" content=\"image\/jpeg\" \/>\n<meta name=\"twitter:card\" content=\"summary_large_image\" \/>\n<meta name=\"twitter:label1\" content=\"Estimation du temps de lecture\" \/>\n\t<meta name=\"twitter:data1\" content=\"2 minutes\" \/>\n<script type=\"application\/ld+json\" class=\"yoast-schema-graph\">{\"@context\":\"https:\\\/\\\/schema.org\",\"@graph\":[{\"@type\":\"WebPage\",\"@id\":\"https:\\\/\\\/kidsportcanada.ca\\\/alberta\\\/bow-valley\\\/contact-us\\\/\",\"url\":\"https:\\\/\\\/kidsportcanada.ca\\\/alberta\\\/bow-valley\\\/contact-us\\\/\",\"name\":\"Contact Us - KidSport Bow Valley\",\"isPartOf\":{\"@id\":\"https:\\\/\\\/kidsportcanada.ca\\\/alberta\\\/bow-valley\\\/fr\\\/#website\"},\"primaryImageOfPage\":{\"@id\":\"https:\\\/\\\/kidsportcanada.ca\\\/alberta\\\/bow-valley\\\/contact-us\\\/#primaryimage\"},\"image\":{\"@id\":\"https:\\\/\\\/kidsportcanada.ca\\\/alberta\\\/bow-valley\\\/contact-us\\\/#primaryimage\"},\"thumbnailUrl\":\"\\\/wp-content\\\/uploads\\\/sites\\\/98\\\/brett-levis.jpg\",\"datePublished\":\"2020-04-01T20:45:29+00:00\",\"dateModified\":\"2025-03-11T20:07:27+00:00\",\"description\":\"Get in touch. We would be happy to answer any questions or help you get involved.\",\"breadcrumb\":{\"@id\":\"https:\\\/\\\/kidsportcanada.ca\\\/alberta\\\/bow-valley\\\/contact-us\\\/#breadcrumb\"},\"inLanguage\":\"fr-CA\",\"potentialAction\":[{\"@type\":\"ReadAction\",\"target\":[\"https:\\\/\\\/kidsportcanada.ca\\\/alberta\\\/bow-valley\\\/contact-us\\\/\"]}]},{\"@type\":\"ImageObject\",\"inLanguage\":\"fr-CA\",\"@id\":\"https:\\\/\\\/kidsportcanada.ca\\\/alberta\\\/bow-valley\\\/contact-us\\\/#primaryimage\",\"url\":\"\\\/wp-content\\\/uploads\\\/sites\\\/98\\\/brett-levis.jpg\",\"contentUrl\":\"\\\/wp-content\\\/uploads\\\/sites\\\/98\\\/brett-levis.jpg\",\"width\":1600,\"height\":1000,\"caption\":\"Brett Levis a professional soccer player having a team huddle with a group of young kids on a soccer field\"},{\"@type\":\"BreadcrumbList\",\"@id\":\"https:\\\/\\\/kidsportcanada.ca\\\/alberta\\\/bow-valley\\\/contact-us\\\/#breadcrumb\",\"itemListElement\":[{\"@type\":\"ListItem\",\"position\":1,\"name\":\"Home\",\"item\":\"https:\\\/\\\/kidsportcanada.ca\\\/alberta\\\/bow-valley\\\/\"},{\"@type\":\"ListItem\",\"position\":2,\"name\":\"Contact Us\"}]},{\"@type\":\"WebSite\",\"@id\":\"https:\\\/\\\/kidsportcanada.ca\\\/alberta\\\/bow-valley\\\/fr\\\/#website\",\"url\":\"https:\\\/\\\/kidsportcanada.ca\\\/alberta\\\/bow-valley\\\/fr\\\/\",\"name\":\"Bow Valley\",\"description\":\"So all kids can play\",\"potentialAction\":[{\"@type\":\"SearchAction\",\"target\":{\"@type\":\"EntryPoint\",\"urlTemplate\":\"https:\\\/\\\/kidsportcanada.ca\\\/alberta\\\/bow-valley\\\/fr\\\/?s={search_term_string}\"},\"query-input\":{\"@type\":\"PropertyValueSpecification\",\"valueRequired\":true,\"valueName\":\"search_term_string\"}}],\"inLanguage\":\"fr-CA\"}]}<\/script>\n<!-- \/ Yoast SEO plugin. -->","yoast_head_json":{"title":"Contact Us - KidSport Bow Valley","description":"Communiquez avec nous! Nous serons heureux de r\u00e9pondre \u00e0 vos questions ou de vous aider \u00e0 vous impliquer.","robots":{"index":"index","follow":"follow","max-snippet":"max-snippet:-1","max-image-preview":"max-image-preview:large","max-video-preview":"max-video-preview:-1"},"canonical":"https:\/\/kidsportcanada.ca\/alberta\/bow-valley\/fr\/contact-us\/","og_locale":"fr_CA","og_type":"article","og_title":"Contact Us - KidSport Bow Valley","og_description":"Get in touch. We would be happy to answer any questions or help you get involved.","og_url":"https:\/\/kidsportcanada.ca\/alberta\/bow-valley\/fr\/contact-us\/","og_site_name":"Bow Valley","article_modified_time":"2025-03-11T20:07:27+00:00","og_image":[{"width":1600,"height":1000,"url":"https:\/\/kidsportcanada.ca\/wp-content\/uploads\/sites\/98\/brett-levis.jpg","type":"image\/jpeg"}],"twitter_card":"summary_large_image","twitter_misc":{"Estimation du temps de lecture":"2 minutes"},"schema":{"@context":"https:\/\/schema.org","@graph":[{"@type":"WebPage","@id":"https:\/\/kidsportcanada.ca\/alberta\/bow-valley\/contact-us\/","url":"https:\/\/kidsportcanada.ca\/alberta\/bow-valley\/contact-us\/","name":"Contact Us - KidSport Bow Valley","isPartOf":{"@id":"https:\/\/kidsportcanada.ca\/alberta\/bow-valley\/fr\/#website"},"primaryImageOfPage":{"@id":"https:\/\/kidsportcanada.ca\/alberta\/bow-valley\/contact-us\/#primaryimage"},"image":{"@id":"https:\/\/kidsportcanada.ca\/alberta\/bow-valley\/contact-us\/#primaryimage"},"thumbnailUrl":"\/wp-content\/uploads\/sites\/98\/brett-levis.jpg","datePublished":"2020-04-01T20:45:29+00:00","dateModified":"2025-03-11T20:07:27+00:00","description":"Communiquez avec nous! Nous serons heureux de r\u00e9pondre \u00e0 vos questions ou de vous aider \u00e0 vous impliquer.","breadcrumb":{"@id":"https:\/\/kidsportcanada.ca\/alberta\/bow-valley\/contact-us\/#breadcrumb"},"inLanguage":"fr-CA","potentialAction":[{"@type":"ReadAction","target":["https:\/\/kidsportcanada.ca\/alberta\/bow-valley\/contact-us\/"]}]},{"@type":"ImageObject","inLanguage":"fr-CA","@id":"https:\/\/kidsportcanada.ca\/alberta\/bow-valley\/contact-us\/#primaryimage","url":"\/wp-content\/uploads\/sites\/98\/brett-levis.jpg","contentUrl":"\/wp-content\/uploads\/sites\/98\/brett-levis.jpg","width":1600,"height":1000,"caption":"Brett Levis a professional soccer player having a team huddle with a group of young kids on a soccer field"},{"@type":"BreadcrumbList","@id":"https:\/\/kidsportcanada.ca\/alberta\/bow-valley\/contact-us\/#breadcrumb","itemListElement":[{"@type":"ListItem","position":1,"name":"Home","item":"https:\/\/kidsportcanada.ca\/alberta\/bow-valley\/"},{"@type":"ListItem","position":2,"name":"Contact Us"}]},{"@type":"WebSite","@id":"https:\/\/kidsportcanada.ca\/alberta\/bow-valley\/fr\/#website","url":"https:\/\/kidsportcanada.ca\/alberta\/bow-valley\/fr\/","name":"Bow Valley","description":"So all kids can play","potentialAction":[{"@type":"SearchAction","target":{"@type":"EntryPoint","urlTemplate":"https:\/\/kidsportcanada.ca\/alberta\/bow-valley\/fr\/?s={search_term_string}"},"query-input":{"@type":"PropertyValueSpecification","valueRequired":true,"valueName":"search_term_string"}}],"inLanguage":"fr-CA"}]}},"_links":{"self":[{"href":"https:\/\/kidsportcanada.ca\/alberta\/bow-valley\/fr\/wp-json\/wp\/v2\/pages\/148","targetHints":{"allow":["GET"]}}],"collection":[{"href":"https:\/\/kidsportcanada.ca\/alberta\/bow-valley\/fr\/wp-json\/wp\/v2\/pages"}],"about":[{"href":"https:\/\/kidsportcanada.ca\/alberta\/bow-valley\/fr\/wp-json\/wp\/v2\/types\/page"}],"author":[{"embeddable":true,"href":"https:\/\/kidsportcanada.ca\/alberta\/bow-valley\/fr\/wp-json\/wp\/v2\/users\/16"}],"replies":[{"embeddable":true,"href":"https:\/\/kidsportcanada.ca\/alberta\/bow-valley\/fr\/wp-json\/wp\/v2\/comments?post=148"}],"version-history":[{"count":0,"href":"https:\/\/kidsportcanada.ca\/alberta\/bow-valley\/fr\/wp-json\/wp\/v2\/pages\/148\/revisions"}],"wp:featuredmedia":[{"embeddable":true,"href":"https:\/\/kidsportcanada.ca\/alberta\/bow-valley\/fr\/wp-json\/wp\/v2\/media\/190"}],"wp:attachment":[{"href":"https:\/\/kidsportcanada.ca\/alberta\/bow-valley\/fr\/wp-json\/wp\/v2\/media?parent=148"}],"curies":[{"name":"wp","href":"https:\/\/api.w.org\/{rel}","templated":true}]}}