
{"id":110,"date":"2020-03-19T16:51:49","date_gmt":"2020-03-19T16:51:49","guid":{"rendered":"https:\/\/kidsportcanada.ca\/calgary\/?page_id=110"},"modified":"2026-01-28T20:09:06","modified_gmt":"2026-01-28T20:09:06","slug":"get-involved","status":"publish","type":"page","link":"https:\/\/kidsportcanada.ca\/alberta\/calgary\/fr\/get-involved\/","title":{"rendered":"S\u2019impliquer"},"content":{"rendered":"<h4 data-animation-delay=\"0\" data-animation-duration=\"1\">\n\t\t\tKidSport Calgary &amp; Area\t<\/h4>\n<h1 data-animation-delay=\"0.2\" data-animation-duration=\"1\">\n\t\t\tS\u2019IMPLIQUER\t<\/h1>\n<h3 data-animation-delay=\"0.6\" data-animation-duration=\"1\">\n\t\t\tThere are so many ways you can make it So ALL Kids Can Play! Find your way and join the KidSport Calgary &amp; Area team.\t<\/h3>\n<h2>\n\t\t\tFaire du b\u00e9n\u00e9volat\t<\/h2>\n\t<p>KidSport Calgary &amp; Area exists because of our incredible partners and enthusiastic volunteers. Whether you&#8217;re an avid sports fan, believe that health and wellness are critical to childhood success, or simply want to make your community a better place, <strong>we want you on our team!<\/strong><\/p>\n<p>We are continually searching for more volunteers to assist in a number of essential roles, in a variety of fun events and activities throughout the year. Opportunities range from one-off support at our fundraising events, admin support in the office, equipment sorting and outfitting support with our Calgary Flames Sports Bank, to strategic positions with one of our board committees. You can even volunteer to plan your own fundraiser, and really get into the spirit of KidSport!<\/p>\n<p>If you&#8217;re interested in being part of the enthusiastic, Calgary &amp; Area team that makes it <strong>So <i>TOUS<\/i> Kids Can Play<\/strong>! Please get in touch! Send an email outlining your interest to <a href=\"mailto:eden@kidsportcalgary.ca\">eden@kidsportcalgary.ca<\/a>, or give us a call at <strong>403-202-0251<\/strong>. Thanks for your interest in supporting our cause.<\/p>\n<h5>\n\t\t\tComment proposer ses services\t<\/h5>\n\t<p>Complete the volunteer application form, email it to Eden Wilson<\/p>\n<p><a href=\"mailto:eden@kidsportcalgary.ca\">eden@kidsportcalgary.ca<\/a><\/p>\n\t\t\t<a href=\"\/wp-content\/uploads\/sites\/100\/2023-Volunteer-Orientation-Package-.pdf\" target=\"_blank\" rel=\"noopener\">\n\t\t\t\t\t\tFORMULAIRE DE DEMANDE DE POSTE B\u00c9N\u00c9VOLE\n\t\t\t\t\t<\/a>\n<h2>\n\t\t\tdonate your empties\t<\/h2>\n\t<p>Sign up for our <a href=\"http:\/\/www.kidsportrecycling.ca\">KidSport Recycling Program<\/a> and have our team pick up your empties at NO COST right from your doorstep! Saves you a trip to the depot and gives you the chance to turn your empties into sport opportunities for local kids who need our assist Or raise money for KidSport AND your Team by hosting a KidSport Bottle Drive!\u00a0<\/p>\n<p>Book a truck by calling or texting KidSport Recycling at\u00a0403-680-8776\u00a0to support and attend your bottle drive at a specific\u00a0location you choose to collect the recycling your team collects. We\u00a0then take the material to our partner bottle depot and return 100% of\u00a0the refund to your team.\u00a0<\/p>\n<p>Have a year-round Bottle drive with KidSportRecycling picking up refundable beverage containers from your family and friends with all proceeds going to your \u00a0<\/p>\n<p>How?\u202f When you register for the year-round bottle drive your team will\u00a0be assigned a specific identification code that belongs to your team.\u00a0When your supporters call or text the KidSport\u00a0Recycling line at\u00a0403-680-8776\u00a0to request a pickup they mention that the proceeds are\u00a0designated to your team by giving your team&#8217;s identification code.<\/p>\n<p>While the KidSport\u00a0Recycling program returns 100% of the refund to\u00a0your team,\u00a0you are helping KidSport raise funds as well.<\/p>\nHow? Our partner bottle depot that supports the KidSport Recycling\u00a0program pays us for taking our recycling product to their depot!<br \/>\n\u00a0\n<b>THAT&#8217;S RIGHT!\u202f It&#8217;s a WIN WIN!!!<\/b><br \/>\n\u00a0\n<p><b>Your team raises funds for your team, and you help KidSport raise funds to help more kids participate in organized sports!<\/b>\u00a0<\/p>\n<p>Help us make it <em><strong>so no kid is left on the sideline!<\/strong><\/em><\/p>\n<p>&nbsp;<\/p>\n<h5>\n\t\t\tget started today\t<\/h5>\n\t<p>Text 403-680-8776 to schedule your next pick up!<\/p>\n\t\t\t<a href=\"http:\/\/www.kidsportrecycling.ca\" target=\"_blank\" rel=\"noopener\">\n\t\t\t\t\t\t\tc'est un link  \n\t\t\t<\/a>\n<h2>\n\t\t\tOrganiser un \u00e9v\u00e9nement\t<\/h2>\n\t<p>Make KidSport your charity of choice for golf tournaments, weddings, birthdays or recognize someone in the community through a tribute donation. <strong>KidSport is a great fit for any community event<\/strong>.<\/p>\n<p>KidSport is also a great way to bring your workplace together: Events like Jeans\/ Jersey Fridays, holiday parties, client appreciation events, golf tournaments, bottle drives with our\u00a0<a href=\"https:\/\/www.recycle4life.ca\/\"> KidSport Recycling Program<\/a>, office olympics, 50\/50&#8217;s and office sport pools are all made better by adding a charitable component. Donate a portion or all of the proceeds to KidSport Calgary &amp; Area.<\/p>\n<p><strong>Need help getting started?<\/strong> Get in touch &#8211; we&#8217;re game for whatever you can dream up!<\/p>\n<h5>\n\t\t\tGet Started Today\t<\/h5>\n\t<p>Jump right in &amp; take a look at our Third-Party Toolkit to start planning your event. You&#8217;ll find a fundraising guide and our Fundraising Agreement to get the ball rolling.<\/p>\n<p>Have a question? Reach out to Eden Wilson at: <a href=\"mailto:eden@kidsportcalgary.ca\">eden@kidsportcalgary.ca<\/a><\/p>\n\t\t\t<a href=\"\/wp-content\/uploads\/sites\/100\/Third-Party-Toolkit-2022.pdf\" target=\"_blank\" rel=\"noopener\">\n\t\t\t\t\t\t\tThird-Party Toolkit\n\t\t\t<\/a>\n<h2>\n\t\t\tHOST A FUNDRAiSER\t<\/h2>\n\t<p><strong>Peer to Peer &#8211; Create a Team &#8211; Join a Team &#8211; Have Fun<\/strong><\/p>\n<p>Register your own team or join an existing team as you have some fun raising some dollars for your local KidSport chapter.<\/p>\n<p>Challenge your coworkers, your clients, friends, family, teammates, other clubs or teams in your sport, your partners or community as you help raise much needed dollars to help your local KidSport chapter get more kids in your community back to sport.<\/p>\n<p>Share your link on social media and let us help you promote. Use the hashtags #KidSport &amp; #SoALLKidsCanPlay<\/p>\n<p>Need help with ideas or getting set up? You can contact us at <a href=\"mailto:eden@kidsportcalgary.ca\">eden@kidsportcalgary.ca<\/a><\/p>\n<h5>\n\t\t\tGet Started Today\t<\/h5>\n\t<p>Create your own online portal to share with friends to support your celebration, event, or community challenge.<\/p>\n\t\t\t<a href=\"https:\/\/secure.e2rm.com\/p2p\/event\/375701\/en-CA\" target=\"_blank\" rel=\"noopener\">\n\t\t\t\t\t\t\tSIGN UP\n\t\t\t<\/a>\n<h2>\n\t\t\tBECOME A SPORT CLUB CHAMPION\t<\/h2>\n\t<p>If you are part of a club and want to make your sport more accessible to local kids facing financial barriers, KidSport Calgary &amp; Area can help. Encourage families to apply for a KidSport grant at registration time, So ALL Kids Can Play!<\/p>\n<p>Our sport club partners do so much more than deliver the programming that gets kids into the game &#8211; many also fundraise for KidSport, and donate leftover funds at the end of the season &#8211; tapping into the real power of kids helping kids.<\/p>\n<p><strong>Join us in becoming a sport club champion with KidSport Calgary &amp; Area in our mission of giving the gift of sport to all kids!\u00a0 Contact Lisa Parham <a href=\"mailto:lisap@kidsportcalgary.ca\">lisap@kidsportcalgary.ca<\/a> \u00a0to discuss partnership opportunities.<\/strong><\/p>\n<h5>\n\t\t\tLet&#8217;s Work TOGETHER SO <strong><em>TOUS<\/em><\/strong> KIDS CAN PLAY!\t<\/h5>\n\t<p>Contact Lisa Parham <a href=\"mailto:lisap@kidsportcalgary.ca\">lisap@kidsportcalgary.ca<\/a> or download our Sport Club Champion Form to see what other local sport leaders are doing with KidSport here in Calgary &amp; Area<\/p>\n\t\t\t<a href=\"\/wp-content\/uploads\/sites\/100\/Sport-Partner-Champion-KidSport-25.pdf\" target=\"_blank\" rel=\"noopener\">\n\t\t\t\t\t\t\tSPORT CLUB CHAMPION FORM\n\t\t\t<\/a>\n<h2>\n\t\t\tOther ways to help\t<\/h2>\n\t<ul>\n<li>Become a corporate sponsor or donate to our <a href=\"\/wp-content\/uploads\/sites\/100\/Back-to-Sport-Proposal-Final-Draft-June-2021.pdf\">Back To Sport Program<\/a>.<\/li>\n<li>Make <a href=\"https:\/\/www.brokinyolk.ca\/\">Bro&#8217;kin Yolk<\/a> your go-to brunch spot! 3% of online ordering sales is donated to KidSport Calgary &amp; Area<\/li>\n<li>Donate your <a href=\"https:\/\/donatepoints.aircanada.com\/eng\/charity\/745\">Aeroplan Miles<\/a> to give the gift of sport!<\/li>\n<li>Support a fundraiser while shopping at <a href=\"https:\/\/mabelslabels.ca\/en_CA\/fundraising\/support\/\">Mabel&#8217;s Labels<\/a>! Choose KidSport Calgary as your charity-of-choice and then start adding to your cart!<\/li>\n<li>Keep your feet warm with socks from <a href=\"https:\/\/www.fridaysocks.com\/search?q=kidsport&amp;type=product\">Friday Sock Co<\/a>. 50% of the profits are donated <em><strong>So ALL Kids Can Play<\/strong><\/em>!<\/li>\n<li>When you sign up for electricity services with <a href=\"https:\/\/www.spotpower.net\/kidsport.html\">Spot Power<\/a>, a portion of the money you pay for your electricity consumption each month will go directly back to KidSport Calgary. You are already spending money on your electricity, why not have some of that money be used to help get more local kids off the sidelines, and into the game through KidSport?<\/li>\n<li>Get your home or office cleaned by our partners at <a href=\"https:\/\/efsclean.com\/\">EFS Clean<\/a> Help us support this great local business that is keeping our office and team clean and safe!<\/li>\n<li>Do you donate through the United Way? Did you know you can direct those funds to a charity of your choice? Fill out <a href=\"\/wp-content\/uploads\/sites\/100\/United-Way-2020-general-donation-form-KidSport-Calgary.pdf\">this form<\/a> and submit it to your United Way rep in your office to see your contributions support KidSport Calgary.<\/li>\n<\/ul>\n<p>&nbsp;<\/p>\n<h2>\n\t\t\tDonate For Kids Like Devonte\t<\/h2>\n<h3>\n\t\t\tPour lui, faire du sport procure un sentiment d\u2019appartenance, forme le caract\u00e8re, alimente la sant\u00e9, renforce la confiance et lib\u00e8re le potentiel.\t<\/h3>\n\t\t\t<a href=\"\/alberta\/calgary\/fr\/void(0)\/\" title=\"REGARDER LE FILM\" target=\"_self\" aria-label=\"REGARDER LE FILM\">\n\t\t\t\t\t\t\t\t\t\t\tREGARDER LE FILM\n\t\t<\/a>\n\t\t\t<a href=\"\/alberta\/calgary\/fr\/void(0)\/\" title=\"REGARDE LE FILM\" target=\"_self\" aria-label=\"REGARDE LE FILM\">\n\t\t\t\t\t\t\t\t\t\t\tREGARDE LE FILM\n\t\t<\/a>","protected":false},"excerpt":{"rendered":"<p>KidSport Calgary &amp; Area GET INVOLVED There are so many ways you can make it So ALL Kids Can Play! Find your way and join the KidSport Calgary &amp; Area team. VOLUNTEER KidSport Calgary &amp; Area exists because of our incredible partners and enthusiastic volunteers. Whether you&#8217;re an avid sports fan, believe that health and&hellip;<\/p>","protected":false},"author":16,"featured_media":194,"parent":0,"menu_order":0,"comment_status":"closed","ping_status":"closed","template":"","meta":{"_acf_changed":false,"footnotes":""},"class_list":["post-110","page","type-page","status-publish","has-post-thumbnail","hentry"],"acf":[],"yoast_head":"<!-- This site is optimized with the Yoast SEO plugin v27.4 - https:\/\/yoast.com\/product\/yoast-seo-wordpress\/ -->\n<title>Get Involved - KidSport Calgary &amp; Area<\/title>\n<meta name=\"description\" content=\"Volunteer with KidSport, host an event or become a sport partner. There are so many ways you can make it So ALL Kids Can Play!\" \/>\n<meta name=\"robots\" content=\"index, follow, max-snippet:-1, max-image-preview:large, max-video-preview:-1\" \/>\n<link rel=\"canonical\" href=\"https:\/\/kidsportcanada.ca\/alberta\/calgary\/fr\/get-involved\/\" \/>\n<meta property=\"og:locale\" content=\"fr_CA\" \/>\n<meta property=\"og:type\" content=\"article\" \/>\n<meta property=\"og:title\" content=\"Get Involved - KidSport Calgary &amp; Area\" \/>\n<meta property=\"og:description\" content=\"Volunteer with KidSport, host an event or become a sport partner. There are so many ways you can make it So ALL Kids Can Play!\" \/>\n<meta property=\"og:url\" content=\"https:\/\/kidsportcanada.ca\/alberta\/calgary\/fr\/get-involved\/\" \/>\n<meta property=\"og:site_name\" content=\"Calgary &amp; Area\" \/>\n<meta property=\"article:modified_time\" content=\"2026-01-28T20:09:06+00:00\" \/>\n<meta property=\"og:image\" content=\"https:\/\/kidsportcanada.ca\/wp-content\/uploads\/sites\/100\/kidsport-hands-together.jpg\" \/>\n\t<meta property=\"og:image:width\" content=\"1600\" \/>\n\t<meta property=\"og:image:height\" content=\"1000\" \/>\n\t<meta property=\"og:image:type\" content=\"image\/jpeg\" \/>\n<meta name=\"twitter:card\" content=\"summary_large_image\" \/>\n<meta name=\"twitter:label1\" content=\"Estimation du temps de lecture\" \/>\n\t<meta name=\"twitter:data1\" content=\"5 minutes\" \/>\n<script type=\"application\/ld+json\" class=\"yoast-schema-graph\">{\"@context\":\"https:\\\/\\\/schema.org\",\"@graph\":[{\"@type\":\"WebPage\",\"@id\":\"https:\\\/\\\/kidsportcanada.ca\\\/alberta\\\/calgary\\\/get-involved\\\/\",\"url\":\"https:\\\/\\\/kidsportcanada.ca\\\/alberta\\\/calgary\\\/get-involved\\\/\",\"name\":\"Get Involved - KidSport Calgary &amp; Area\",\"isPartOf\":{\"@id\":\"https:\\\/\\\/kidsportcanada.ca\\\/alberta\\\/calgary\\\/#website\"},\"primaryImageOfPage\":{\"@id\":\"https:\\\/\\\/kidsportcanada.ca\\\/alberta\\\/calgary\\\/get-involved\\\/#primaryimage\"},\"image\":{\"@id\":\"https:\\\/\\\/kidsportcanada.ca\\\/alberta\\\/calgary\\\/get-involved\\\/#primaryimage\"},\"thumbnailUrl\":\"\\\/wp-content\\\/uploads\\\/sites\\\/100\\\/kidsport-hands-together.jpg\",\"datePublished\":\"2020-03-19T16:51:49+00:00\",\"dateModified\":\"2026-01-28T20:09:06+00:00\",\"description\":\"Volunteer with KidSport, host an event or become a sport partner. There are so many ways you can make it So ALL Kids Can Play!\",\"breadcrumb\":{\"@id\":\"https:\\\/\\\/kidsportcanada.ca\\\/alberta\\\/calgary\\\/get-involved\\\/#breadcrumb\"},\"inLanguage\":\"fr-CA\",\"potentialAction\":[{\"@type\":\"ReadAction\",\"target\":[\"https:\\\/\\\/kidsportcanada.ca\\\/alberta\\\/calgary\\\/get-involved\\\/\"]}]},{\"@type\":\"ImageObject\",\"inLanguage\":\"fr-CA\",\"@id\":\"https:\\\/\\\/kidsportcanada.ca\\\/alberta\\\/calgary\\\/get-involved\\\/#primaryimage\",\"url\":\"\\\/wp-content\\\/uploads\\\/sites\\\/100\\\/kidsport-hands-together.jpg\",\"contentUrl\":\"\\\/wp-content\\\/uploads\\\/sites\\\/100\\\/kidsport-hands-together.jpg\",\"width\":1600,\"height\":1000,\"caption\":\"A group of young girls in a team huddle before starting their soccer match\"},{\"@type\":\"BreadcrumbList\",\"@id\":\"https:\\\/\\\/kidsportcanada.ca\\\/alberta\\\/calgary\\\/get-involved\\\/#breadcrumb\",\"itemListElement\":[{\"@type\":\"ListItem\",\"position\":1,\"name\":\"Home\",\"item\":\"https:\\\/\\\/kidsportcanada.ca\\\/alberta\\\/calgary\\\/\"},{\"@type\":\"ListItem\",\"position\":2,\"name\":\"Get Involved\"}]},{\"@type\":\"WebSite\",\"@id\":\"https:\\\/\\\/kidsportcanada.ca\\\/alberta\\\/calgary\\\/#website\",\"url\":\"https:\\\/\\\/kidsportcanada.ca\\\/alberta\\\/calgary\\\/\",\"name\":\"Calgary &amp; Area\",\"description\":\"So all kids can play\",\"potentialAction\":[{\"@type\":\"SearchAction\",\"target\":{\"@type\":\"EntryPoint\",\"urlTemplate\":\"https:\\\/\\\/kidsportcanada.ca\\\/alberta\\\/calgary\\\/?s={search_term_string}\"},\"query-input\":{\"@type\":\"PropertyValueSpecification\",\"valueRequired\":true,\"valueName\":\"search_term_string\"}}],\"inLanguage\":\"fr-CA\"}]}<\/script>\n<!-- \/ Yoast SEO plugin. -->","yoast_head_json":{"title":"Get Involved - KidSport Calgary &amp; Area","description":"Faites du b\u00e9n\u00e9volat avec KidSport, organisez un \u00e9v\u00e9nement ou devenez partenaire sportif. Il y a d\u2019innombrables fa\u00e7ons de faire en sorte que TOUS les enfants puissent jouer!","robots":{"index":"index","follow":"follow","max-snippet":"max-snippet:-1","max-image-preview":"max-image-preview:large","max-video-preview":"max-video-preview:-1"},"canonical":"https:\/\/kidsportcanada.ca\/alberta\/calgary\/fr\/get-involved\/","og_locale":"fr_CA","og_type":"article","og_title":"Get Involved - KidSport Calgary &amp; Area","og_description":"Volunteer with KidSport, host an event or become a sport partner. There are so many ways you can make it So ALL Kids Can Play!","og_url":"https:\/\/kidsportcanada.ca\/alberta\/calgary\/fr\/get-involved\/","og_site_name":"Calgary &amp; Area","article_modified_time":"2026-01-28T20:09:06+00:00","og_image":[{"width":1600,"height":1000,"url":"https:\/\/kidsportcanada.ca\/wp-content\/uploads\/sites\/100\/kidsport-hands-together.jpg","type":"image\/jpeg"}],"twitter_card":"summary_large_image","twitter_misc":{"Estimation du temps de lecture":"5 minutes"},"schema":{"@context":"https:\/\/schema.org","@graph":[{"@type":"WebPage","@id":"https:\/\/kidsportcanada.ca\/alberta\/calgary\/get-involved\/","url":"https:\/\/kidsportcanada.ca\/alberta\/calgary\/get-involved\/","name":"Get Involved - KidSport Calgary &amp; Area","isPartOf":{"@id":"https:\/\/kidsportcanada.ca\/alberta\/calgary\/#website"},"primaryImageOfPage":{"@id":"https:\/\/kidsportcanada.ca\/alberta\/calgary\/get-involved\/#primaryimage"},"image":{"@id":"https:\/\/kidsportcanada.ca\/alberta\/calgary\/get-involved\/#primaryimage"},"thumbnailUrl":"\/wp-content\/uploads\/sites\/100\/kidsport-hands-together.jpg","datePublished":"2020-03-19T16:51:49+00:00","dateModified":"2026-01-28T20:09:06+00:00","description":"Faites du b\u00e9n\u00e9volat avec KidSport, organisez un \u00e9v\u00e9nement ou devenez partenaire sportif. Il y a d\u2019innombrables fa\u00e7ons de faire en sorte que TOUS les enfants puissent jouer!","breadcrumb":{"@id":"https:\/\/kidsportcanada.ca\/alberta\/calgary\/get-involved\/#breadcrumb"},"inLanguage":"fr-CA","potentialAction":[{"@type":"ReadAction","target":["https:\/\/kidsportcanada.ca\/alberta\/calgary\/get-involved\/"]}]},{"@type":"ImageObject","inLanguage":"fr-CA","@id":"https:\/\/kidsportcanada.ca\/alberta\/calgary\/get-involved\/#primaryimage","url":"\/wp-content\/uploads\/sites\/100\/kidsport-hands-together.jpg","contentUrl":"\/wp-content\/uploads\/sites\/100\/kidsport-hands-together.jpg","width":1600,"height":1000,"caption":"A group of young girls in a team huddle before starting their soccer match"},{"@type":"BreadcrumbList","@id":"https:\/\/kidsportcanada.ca\/alberta\/calgary\/get-involved\/#breadcrumb","itemListElement":[{"@type":"ListItem","position":1,"name":"Home","item":"https:\/\/kidsportcanada.ca\/alberta\/calgary\/"},{"@type":"ListItem","position":2,"name":"Get Involved"}]},{"@type":"WebSite","@id":"https:\/\/kidsportcanada.ca\/alberta\/calgary\/#website","url":"https:\/\/kidsportcanada.ca\/alberta\/calgary\/","name":"Calgary &amp; Area","description":"So all kids can play","potentialAction":[{"@type":"SearchAction","target":{"@type":"EntryPoint","urlTemplate":"https:\/\/kidsportcanada.ca\/alberta\/calgary\/?s={search_term_string}"},"query-input":{"@type":"PropertyValueSpecification","valueRequired":true,"valueName":"search_term_string"}}],"inLanguage":"fr-CA"}]}},"_links":{"self":[{"href":"https:\/\/kidsportcanada.ca\/alberta\/calgary\/fr\/wp-json\/wp\/v2\/pages\/110","targetHints":{"allow":["GET"]}}],"collection":[{"href":"https:\/\/kidsportcanada.ca\/alberta\/calgary\/fr\/wp-json\/wp\/v2\/pages"}],"about":[{"href":"https:\/\/kidsportcanada.ca\/alberta\/calgary\/fr\/wp-json\/wp\/v2\/types\/page"}],"author":[{"embeddable":true,"href":"https:\/\/kidsportcanada.ca\/alberta\/calgary\/fr\/wp-json\/wp\/v2\/users\/16"}],"replies":[{"embeddable":true,"href":"https:\/\/kidsportcanada.ca\/alberta\/calgary\/fr\/wp-json\/wp\/v2\/comments?post=110"}],"version-history":[{"count":0,"href":"https:\/\/kidsportcanada.ca\/alberta\/calgary\/fr\/wp-json\/wp\/v2\/pages\/110\/revisions"}],"wp:featuredmedia":[{"embeddable":true,"href":"https:\/\/kidsportcanada.ca\/alberta\/calgary\/fr\/wp-json\/wp\/v2\/media\/194"}],"wp:attachment":[{"href":"https:\/\/kidsportcanada.ca\/alberta\/calgary\/fr\/wp-json\/wp\/v2\/media?parent=110"}],"curies":[{"name":"wp","href":"https:\/\/api.w.org\/{rel}","templated":true}]}}