
{"id":150,"date":"2020-05-05T19:39:19","date_gmt":"2020-05-05T19:39:19","guid":{"rendered":"http:\/\/kidsportcanada.ca\/crowsnest-pass\/?page_id=150"},"modified":"2026-02-25T17:06:38","modified_gmt":"2026-02-25T17:06:38","slug":"apply-for-a-grant","status":"publish","type":"page","link":"https:\/\/kidsportcanada.ca\/alberta\/crowsnest-pass\/fr\/apply-for-a-grant\/","title":{"rendered":"Apply for a Grant"},"content":{"rendered":"<h4 data-animation-delay=\"0\" data-animation-duration=\"1\">\n\t\t\tSportJeunesse Crowsnest Pass\t<\/h4>\n<h1 data-animation-delay=\"0.2\" data-animation-duration=\"1\">\n\t\t\tDEMANDER UNE SUBVENTION\t<\/h1>\n<h3 data-animation-delay=\"0.4\" data-animation-duration=\"1\">\n\t\t\tCommencez \u00e0 remplir votre demande ici. Faites d\u00e9filer l\u2019\u00e9cran pour en savoir plus sur notre programme et trouver des r\u00e9ponses \u00e0 toutes vos questions.\t<\/h3>\n\t\t\t<a href=\"https:\/\/kidsport.smartsimple.ca\/s_Login.jsp\" target=\"_blank\" rel=\"noopener\">\n\t\t\t\t\t\tONLINE APPLICATION\n\t\t\t\t\t<\/a>\n\t\t\t<a href=\"https:\/\/kidsportcanada.ca\/alberta\/crowsnest-pass\/fr\/application-cnp-2026\/\" target=\"_blank\" rel=\"noopener\">\n\t\t\t\t\t\tDEMANDE PAPIER\n\t\t\t\t\t<\/a>\n<h2>\n\t\t\tBesoin d\u2019aide?\t<\/h2>\n\t<p>We&#8217;re always happy to answer your questions &#8211; please send an email with your question to <strong>            <span class=\"emailaddress-div\">\n            <a href=\"mailto:crowsnestpass@kidsport.ab.ca\">crowsnestpass@kidsport.ab.ca<\/a>\n            .<\/strong><\/p>\n<h2>\n\t\t\tQu\u2019est-ce qu\u2019une subvention?\t<\/h2>\n\t<p>KidSport provides grants to kids from families facing financial barriers so they can participate in registered sport programs and experience the lifelong benefits of a season of sport. KidSport Crowsnest Pass provides grants of up to $350 per eligible child, per year (January 1st &#8211; December 31st) towards sport registration fees.<\/p>\n<p>Do you need equipment in order to play? Let us know, and we can make a referral to a partner agency. KidSport grants are intended to be used for sport registration fees, travel and competitions are <strong>not<\/strong> eligible for funding.<\/p>\n\t<h3>Crit\u00e8res d\u2019admissibilit\u00e9<\/h3>\n\t<p>KidSport Alberta uses the federal government low income guidelines plus approximately 50% to determine eligibility.<\/p>\n<figure>\n\t\t\t\t<img decoding=\"async\" src=\"\/wp-content\/uploads\/sites\/114\/Financial-Eligibility-2026-800x593.png\" alt=\"Financial Eligibility 2026\" height=\"593\" width=\"800\" title=\"Financial Eligibility 2026\" loading=\"lazy\" \/>\n\t<\/figure>\n\t<p>To determine financial eligibility for grants provided through the KidSport Crowsnest Pass, the applicant needs to submit one of the following documents. Proof of income for each adult in the home is required.<\/p>\n<ul>\n<li>Canada Child Benefit Notice &#8211; page 1 and 2 most recent tax year<\/li>\n<li>Proof of Income Statement &#8211;\u00a0 accessed through CRA My Account (Needed for ALL adults in home)<\/li>\n<li>Notice of Assessment for most recent tax year (Needed for ALL adults in home)<\/li>\n<li>Alberta Health Benefits Letter<\/li>\n<li>Proof of Alberta Income Support<\/li>\n<li>Subsidized Housing Letter<\/li>\n<li>Child Health Benefit letter<\/li>\n<\/ul>\n<p>Si vous n\u2019\u00eates pas certain d\u2019\u00eatre admissible \u00e0 une subvention, veuillez nous envoyer un courriel \u00e0 <a href=\"mailto:crowsnestpass@kidsport.ab.ca\" target=\"_blank\" rel=\"noopener\"><strong>crowsnestpass@kidsport.ab.ca<\/strong><\/a>.<\/p>\n\t<h3>Que dois-je faire pour demander une subvention?<\/h3>\n\t<ol>\n<li>Apply online or use the paper application form &#8211; be sure to complete all sections of the application, as incomplete applications take much longer to process, and can cause delays in receiving your grant.<\/li>\n<li>Your completed application will be processed within 10 days of being received. If you qualify for KidSport funding, the grant will be sent directly to the sport program your child has signed up for.<\/li>\n<\/ol>\n<p>You can submit a paper application by mail or e-mail:<\/p>\n            <span class=\"location-div\">\n            <p>PO Box 1806<br \/>\nBlairmore, Alberta<br \/>\nT0K 0E0<\/p>\n            \n            <span class=\"emailaddress-div\">\n            <a href=\"mailto:crowsnestpass@kidsport.ab.ca\">crowsnestpass@kidsport.ab.ca<\/a>\n            \n<h2 data-animation-delay=\"0\" data-animation-duration=\"1\">\n\t\t\tCOMMON Questions\t<\/h2>\n\t\t\t\t\t<a role=\"heading\" id=\"fl-accordion--label-0\">How can KidSport help?<\/a>\n\t\t\t\t\t\t\t\t\t\t\t<button type=\"button\" id=\"fl-accordion--icon-0\" aria-expanded=\"false\" aria-controls=\"fl-accordion--panel-0\"><i>Expand<\/i><\/button>\n\t\t\t\t\t<ul>\n<li>KidSport Crowsnest Pass provides grants to eligible families to help remove financial barriers to sport by helping to cover the cost of registration fees, SO ALL KIDS CAN PLAY!<\/li>\n<li>KidSport supports programs that provide the child with a sustained sport experience led by qualified instructors.<\/li>\n<\/ul>\n\t\t\t\t\t<a role=\"heading\" id=\"fl-accordion--label-1\">Qu\u2019est-ce que la subvention SportJeunesse couvre?<\/a>\n\t\t\t\t\t\t\t\t\t\t\t<button type=\"button\" id=\"fl-accordion--icon-1\" aria-expanded=\"false\" aria-controls=\"fl-accordion--panel-1\"><i>Expand<\/i><\/button>\n\t\t\t\t\t<ul>\n<li>KidSport Crowsnest Pass can provide up to $350 per approved child, per calendar year towards sport registration fees. Calendar year runs from January 1 &#8211; December 31.<\/li>\n<li>If the child needs equipment, we will make a referral to a partner agency.<\/li>\n<li>Grants are intended to be used for sport registration fees, travel to competitions is not eligible for funding.<\/li>\n<\/ul>\n\t\t\t\t\t<a role=\"heading\" id=\"fl-accordion--label-2\">Quels sports sont admissibles?<\/a>\n\t\t\t\t\t\t\t\t\t\t\t<button type=\"button\" id=\"fl-accordion--icon-2\" aria-expanded=\"false\" aria-controls=\"fl-accordion--panel-2\"><i>Expand<\/i><\/button>\n\t\t\t\t\t<p>To be eligible for a Kidsport grant, a sport must provide a sustained sport experience, is taught by qualified instructors and meet Sport Canada&#8217;s definition of a sport.<\/p>\n<ul>\n<li>Programs that are required in order to attain a competitive level (i.e. swim lessons) are also eligible for funding. Transportation costs, competition fees,and equipment fees are not eligible for funding.<\/li>\n<li>Sports covered in the past by KidSport Crowsnest Pass include, but are not limited to:\n<ul>\n<li>Skiing\/Snowboarding<\/li>\n<li>Hockey<\/li>\n<li>Martial Arts<\/li>\n<li>Dance<\/li>\n<li>Gymnastics<\/li>\n<li>Soccer<\/li>\n<li>Baseball<\/li>\n<li>Lacrosse<\/li>\n<li>Swimming<\/li>\n<li>School Sports<\/li>\n<li>Track &amp; Field<\/li>\n<li>Skating<\/li>\n<\/ul>\n<\/li>\n<\/ul>\n\t\t\t\t\t<a role=\"heading\" id=\"fl-accordion--label-3\">Quelle est la date limite pour pr\u00e9senter une demande?<\/a>\n\t\t\t\t\t\t\t\t\t\t\t<button type=\"button\" id=\"fl-accordion--icon-3\" aria-expanded=\"false\" aria-controls=\"fl-accordion--panel-3\"><i>Expand<\/i><\/button>\n\t\t\t\t\t<ul>\n<li>It&#8217;s best to submit your application as far in advance as possbile prior to the start of the intended sport.<\/li>\n<li>Programs that are complete are not eligible for funding.<\/li>\n<li>Applications are reviewed by KidSport within 10 days. Cheques for approved applications are mailed to the sport club directly within two weeks of the approval date. You will receive an email confirming your application result. Please note incomplete applications will delay the process.<\/li>\n<\/ul>\n\t\t\t\t\t<a role=\"heading\" id=\"fl-accordion--label-4\">Comment saurai-je si ma demande est accept\u00e9e?<\/a>\n\t\t\t\t\t\t\t\t\t\t\t<button type=\"button\" id=\"fl-accordion--icon-4\" aria-expanded=\"false\" aria-controls=\"fl-accordion--panel-4\"><i>Expand<\/i><\/button>\n\t\t\t\t\t<ul>\n<li>Si vous avez pr\u00e9sent\u00e9 une demande en ligne, vous recevrez un courriel automatiquement produit par le syst\u00e8me vous informant des r\u00e9sultats de votre demande.<\/li>\n<li>Si vous pr\u00e9sentez une demande hors ligne (en personne, par formulaire PDF envoy\u00e9 par courriel ou par formulaire imprim\u00e9), vous devez inclure votre adresse de courriel afin que nous puissions vous informer des r\u00e9sultats de votre demande.<\/li>\n<\/ul>\n\t\t\t\t\t<a role=\"heading\" id=\"fl-accordion--label-5\">Que dois-je faire pour d\u00e9montrer mon admissibilit\u00e9 financi\u00e8re?<\/a>\n\t\t\t\t\t\t\t\t\t\t\t<button type=\"button\" id=\"fl-accordion--icon-5\" aria-expanded=\"false\" aria-controls=\"fl-accordion--panel-5\"><i>Expand<\/i><\/button>\n\t\t\t\t\t<ul>\n<li>KidSport uses household income as the primary determiner of eligibility.<\/li>\n<li>KidSport will consider extraordinary circumstances if the household income is higher than the stated amounts.<\/li>\n<li>Families who are low income, on AISH, or receiving income support through provincial government are all considered eligible.<\/li>\n<li>All applications MUST be supported by financial documentation. We understand that you may not have this documentation readily available. If this is the case, please submit the application and we will be in contact with you to provide guidance.<\/li>\n<li>The applicant needs to submit one of the following documents. Proof of income for each adult in the home is required.\n<ul>\n<li>Canada Child Benefit Notice (Pages 1 &amp; 2 from the most recent tax year)<\/li>\n<li>CRA Notice of Assessment for most recent tax year (needed for ALL adults in home<\/li>\n<li>CRA Proof of Income Statement &#8211; accessed through CRA My Account (needed for ALL adults in home)<\/li>\n<li>Alberta Health Benefits Letter<\/li>\n<li>Alberta Child Health Benefits Letter<\/li>\n<li>Proof of Alberta Income Support<\/li>\n<li>Three Consecutive Pay Stubs (must be most recent and for ALL working adults in the home)<\/li>\n<\/ul>\n<\/li>\n<\/ul>\n<p>&nbsp;<\/p>\n<p><strong>If you are having difficulty in getting any of the documents above, please send us an email at <a href=\"mailto:crowsnestpass@kidsport.ab.ca\">crowsnestpass@kidsport.ab.ca<\/a>.<\/strong><\/p>\n\t\t\t\t\t<a role=\"heading\" id=\"fl-accordion--label-6\">Qu\u2019arrive-t-il si l\u2019enfant habite \u00e0 l\u2019ext\u00e9rieur de la r\u00e9gion que nous couvrons?<\/a>\n\t\t\t\t\t\t\t\t\t\t\t<button type=\"button\" id=\"fl-accordion--icon-6\" aria-expanded=\"false\" aria-controls=\"fl-accordion--panel-6\"><i>Expand<\/i><\/button>\n\t\t\t\t\t<p>If your family lives outside of the area we cover, you can apply to the <strong><a href=\"https:\/\/kidsportcanada.ca\/alberta\/crowsnest-pass\/fr\/alberta\/provincial-fund\/\" target=\"_blank\" rel=\"noopener\">KidSport Provincial Fund<\/a><\/strong>. The provincial fund works like a big chapter and covers all communities that do not already have a KidSport chapter.<\/p>\n\t\t\t\t\t<a role=\"heading\" id=\"fl-accordion--label-7\">Mes renseignements sont-ils prot\u00e9g\u00e9s et confidentiels?<\/a>\n\t\t\t\t\t\t\t\t\t\t\t<button type=\"button\" id=\"fl-accordion--icon-7\" aria-expanded=\"false\" aria-controls=\"fl-accordion--panel-7\"><i>Expand<\/i><\/button>\n\t\t\t\t\t<p>Oui, tous vos renseignements personnels seront sauvegard\u00e9s de fa\u00e7on s\u00e9curis\u00e9e et d\u00e9truits au moment appropri\u00e9. Notre syst\u00e8me de demande en ligne est s\u00e9curis\u00e9 et fiable. Jamais SportJeunesse et ses partenaires ne vendront ni ne divulgueront vos donn\u00e9es personnelles.<\/p>","protected":false},"excerpt":{"rendered":"<p>KidSport Crowsnest Pass APPLY FOR A GRANT Start your application here. Scroll down to learn more about our program and get answers to all of your questions. ONLINE APPLICATION PAPER APPLICATION Need Some Help? We&#8217;re always happy to answer your questions &#8211; please send an email with your question to . What is a Grant?&hellip;<\/p>","protected":false},"author":16,"featured_media":196,"parent":0,"menu_order":0,"comment_status":"closed","ping_status":"closed","template":"","meta":{"_acf_changed":false,"footnotes":""},"class_list":["post-150","page","type-page","status-publish","has-post-thumbnail","hentry"],"acf":[],"yoast_head":"<!-- This site is optimized with the Yoast SEO plugin v27.4 - https:\/\/yoast.com\/product\/yoast-seo-wordpress\/ -->\n<title>Apply for a Grant - KidSport Crowsnest Pass<\/title>\n<meta name=\"description\" content=\"Start your application here. KidSport provides grants to kids from families facing financial barriers so they can participate in registered sport programs.\" \/>\n<meta name=\"robots\" content=\"index, follow, max-snippet:-1, max-image-preview:large, max-video-preview:-1\" \/>\n<link rel=\"canonical\" href=\"https:\/\/kidsportcanada.ca\/alberta\/crowsnest-pass\/fr\/apply-for-a-grant\/\" \/>\n<meta property=\"og:locale\" content=\"fr_CA\" \/>\n<meta property=\"og:type\" content=\"article\" \/>\n<meta property=\"og:title\" content=\"Apply for a Grant - KidSport Crowsnest Pass\" \/>\n<meta property=\"og:description\" content=\"Start your application here. KidSport provides grants to kids from families facing financial barriers so they can participate in registered sport programs.\" \/>\n<meta property=\"og:url\" content=\"https:\/\/kidsportcanada.ca\/alberta\/crowsnest-pass\/fr\/apply-for-a-grant\/\" \/>\n<meta property=\"og:site_name\" content=\"Crowsnest Pass\" \/>\n<meta property=\"article:modified_time\" content=\"2026-02-25T17:06:38+00:00\" \/>\n<meta property=\"og:image\" content=\"https:\/\/kidsportcanada.ca\/wp-content\/uploads\/sites\/114\/devonte-1.jpg\" \/>\n\t<meta property=\"og:image:width\" content=\"1600\" \/>\n\t<meta property=\"og:image:height\" content=\"1000\" \/>\n\t<meta property=\"og:image:type\" content=\"image\/jpeg\" \/>\n<meta name=\"twitter:card\" content=\"summary_large_image\" \/>\n<meta name=\"twitter:label1\" content=\"Estimation du temps de lecture\" \/>\n\t<meta name=\"twitter:data1\" content=\"5 minutes\" \/>\n<script type=\"application\/ld+json\" class=\"yoast-schema-graph\">{\"@context\":\"https:\\\/\\\/schema.org\",\"@graph\":[{\"@type\":\"WebPage\",\"@id\":\"https:\\\/\\\/kidsportcanada.ca\\\/alberta\\\/crowsnest-pass\\\/apply-for-a-grant\\\/\",\"url\":\"https:\\\/\\\/kidsportcanada.ca\\\/alberta\\\/crowsnest-pass\\\/apply-for-a-grant\\\/\",\"name\":\"Apply for a Grant - KidSport Crowsnest Pass\",\"isPartOf\":{\"@id\":\"https:\\\/\\\/kidsportcanada.ca\\\/alberta\\\/crowsnest-pass\\\/#website\"},\"primaryImageOfPage\":{\"@id\":\"https:\\\/\\\/kidsportcanada.ca\\\/alberta\\\/crowsnest-pass\\\/apply-for-a-grant\\\/#primaryimage\"},\"image\":{\"@id\":\"https:\\\/\\\/kidsportcanada.ca\\\/alberta\\\/crowsnest-pass\\\/apply-for-a-grant\\\/#primaryimage\"},\"thumbnailUrl\":\"\\\/wp-content\\\/uploads\\\/sites\\\/114\\\/devonte-1.jpg\",\"datePublished\":\"2020-05-05T19:39:19+00:00\",\"dateModified\":\"2026-02-25T17:06:38+00:00\",\"description\":\"Start your application here. KidSport provides grants to kids from families facing financial barriers so they can participate in registered sport programs.\",\"breadcrumb\":{\"@id\":\"https:\\\/\\\/kidsportcanada.ca\\\/alberta\\\/crowsnest-pass\\\/apply-for-a-grant\\\/#breadcrumb\"},\"inLanguage\":\"fr-CA\",\"potentialAction\":[{\"@type\":\"ReadAction\",\"target\":[\"https:\\\/\\\/kidsportcanada.ca\\\/alberta\\\/crowsnest-pass\\\/apply-for-a-grant\\\/\"]}]},{\"@type\":\"ImageObject\",\"inLanguage\":\"fr-CA\",\"@id\":\"https:\\\/\\\/kidsportcanada.ca\\\/alberta\\\/crowsnest-pass\\\/apply-for-a-grant\\\/#primaryimage\",\"url\":\"\\\/wp-content\\\/uploads\\\/sites\\\/114\\\/devonte-1.jpg\",\"contentUrl\":\"\\\/wp-content\\\/uploads\\\/sites\\\/114\\\/devonte-1.jpg\",\"width\":1600,\"height\":1000,\"caption\":\"A young boy sliding on the grass soccer field after scoring a goal\"},{\"@type\":\"BreadcrumbList\",\"@id\":\"https:\\\/\\\/kidsportcanada.ca\\\/alberta\\\/crowsnest-pass\\\/apply-for-a-grant\\\/#breadcrumb\",\"itemListElement\":[{\"@type\":\"ListItem\",\"position\":1,\"name\":\"Home\",\"item\":\"https:\\\/\\\/kidsportcanada.ca\\\/alberta\\\/crowsnest-pass\\\/\"},{\"@type\":\"ListItem\",\"position\":2,\"name\":\"Apply for a Grant\"}]},{\"@type\":\"WebSite\",\"@id\":\"https:\\\/\\\/kidsportcanada.ca\\\/alberta\\\/crowsnest-pass\\\/#website\",\"url\":\"https:\\\/\\\/kidsportcanada.ca\\\/alberta\\\/crowsnest-pass\\\/\",\"name\":\"Crowsnest Pass\",\"description\":\"So All Kids Can Play!\",\"potentialAction\":[{\"@type\":\"SearchAction\",\"target\":{\"@type\":\"EntryPoint\",\"urlTemplate\":\"https:\\\/\\\/kidsportcanada.ca\\\/alberta\\\/crowsnest-pass\\\/?s={search_term_string}\"},\"query-input\":{\"@type\":\"PropertyValueSpecification\",\"valueRequired\":true,\"valueName\":\"search_term_string\"}}],\"inLanguage\":\"fr-CA\"}]}<\/script>\n<!-- \/ Yoast SEO plugin. -->","yoast_head_json":{"title":"Apply for a Grant - KidSport Crowsnest Pass","description":"Commencez \u00e0 remplir votre demande ici. SportJeunesse fournit des subventions aux enfants provenant de familles qui se heurtent \u00e0 des obstacles financiers afin qu\u2019ils puissent participer \u00e0 des programmes de sport.","robots":{"index":"index","follow":"follow","max-snippet":"max-snippet:-1","max-image-preview":"max-image-preview:large","max-video-preview":"max-video-preview:-1"},"canonical":"https:\/\/kidsportcanada.ca\/alberta\/crowsnest-pass\/fr\/apply-for-a-grant\/","og_locale":"fr_CA","og_type":"article","og_title":"Apply for a Grant - KidSport Crowsnest Pass","og_description":"Start your application here. KidSport provides grants to kids from families facing financial barriers so they can participate in registered sport programs.","og_url":"https:\/\/kidsportcanada.ca\/alberta\/crowsnest-pass\/fr\/apply-for-a-grant\/","og_site_name":"Crowsnest Pass","article_modified_time":"2026-02-25T17:06:38+00:00","og_image":[{"width":1600,"height":1000,"url":"https:\/\/kidsportcanada.ca\/wp-content\/uploads\/sites\/114\/devonte-1.jpg","type":"image\/jpeg"}],"twitter_card":"summary_large_image","twitter_misc":{"Estimation du temps de lecture":"5 minutes"},"schema":{"@context":"https:\/\/schema.org","@graph":[{"@type":"WebPage","@id":"https:\/\/kidsportcanada.ca\/alberta\/crowsnest-pass\/apply-for-a-grant\/","url":"https:\/\/kidsportcanada.ca\/alberta\/crowsnest-pass\/apply-for-a-grant\/","name":"Apply for a Grant - KidSport Crowsnest Pass","isPartOf":{"@id":"https:\/\/kidsportcanada.ca\/alberta\/crowsnest-pass\/#website"},"primaryImageOfPage":{"@id":"https:\/\/kidsportcanada.ca\/alberta\/crowsnest-pass\/apply-for-a-grant\/#primaryimage"},"image":{"@id":"https:\/\/kidsportcanada.ca\/alberta\/crowsnest-pass\/apply-for-a-grant\/#primaryimage"},"thumbnailUrl":"\/wp-content\/uploads\/sites\/114\/devonte-1.jpg","datePublished":"2020-05-05T19:39:19+00:00","dateModified":"2026-02-25T17:06:38+00:00","description":"Commencez \u00e0 remplir votre demande ici. SportJeunesse fournit des subventions aux enfants provenant de familles qui se heurtent \u00e0 des obstacles financiers afin qu\u2019ils puissent participer \u00e0 des programmes de sport.","breadcrumb":{"@id":"https:\/\/kidsportcanada.ca\/alberta\/crowsnest-pass\/apply-for-a-grant\/#breadcrumb"},"inLanguage":"fr-CA","potentialAction":[{"@type":"ReadAction","target":["https:\/\/kidsportcanada.ca\/alberta\/crowsnest-pass\/apply-for-a-grant\/"]}]},{"@type":"ImageObject","inLanguage":"fr-CA","@id":"https:\/\/kidsportcanada.ca\/alberta\/crowsnest-pass\/apply-for-a-grant\/#primaryimage","url":"\/wp-content\/uploads\/sites\/114\/devonte-1.jpg","contentUrl":"\/wp-content\/uploads\/sites\/114\/devonte-1.jpg","width":1600,"height":1000,"caption":"A young boy sliding on the grass soccer field after scoring a goal"},{"@type":"BreadcrumbList","@id":"https:\/\/kidsportcanada.ca\/alberta\/crowsnest-pass\/apply-for-a-grant\/#breadcrumb","itemListElement":[{"@type":"ListItem","position":1,"name":"Home","item":"https:\/\/kidsportcanada.ca\/alberta\/crowsnest-pass\/"},{"@type":"ListItem","position":2,"name":"Apply for a Grant"}]},{"@type":"WebSite","@id":"https:\/\/kidsportcanada.ca\/alberta\/crowsnest-pass\/#website","url":"https:\/\/kidsportcanada.ca\/alberta\/crowsnest-pass\/","name":"Crowsnest Pass","description":"So All Kids Can Play!","potentialAction":[{"@type":"SearchAction","target":{"@type":"EntryPoint","urlTemplate":"https:\/\/kidsportcanada.ca\/alberta\/crowsnest-pass\/?s={search_term_string}"},"query-input":{"@type":"PropertyValueSpecification","valueRequired":true,"valueName":"search_term_string"}}],"inLanguage":"fr-CA"}]}},"_links":{"self":[{"href":"https:\/\/kidsportcanada.ca\/alberta\/crowsnest-pass\/fr\/wp-json\/wp\/v2\/pages\/150","targetHints":{"allow":["GET"]}}],"collection":[{"href":"https:\/\/kidsportcanada.ca\/alberta\/crowsnest-pass\/fr\/wp-json\/wp\/v2\/pages"}],"about":[{"href":"https:\/\/kidsportcanada.ca\/alberta\/crowsnest-pass\/fr\/wp-json\/wp\/v2\/types\/page"}],"author":[{"embeddable":true,"href":"https:\/\/kidsportcanada.ca\/alberta\/crowsnest-pass\/fr\/wp-json\/wp\/v2\/users\/16"}],"replies":[{"embeddable":true,"href":"https:\/\/kidsportcanada.ca\/alberta\/crowsnest-pass\/fr\/wp-json\/wp\/v2\/comments?post=150"}],"version-history":[{"count":0,"href":"https:\/\/kidsportcanada.ca\/alberta\/crowsnest-pass\/fr\/wp-json\/wp\/v2\/pages\/150\/revisions"}],"wp:featuredmedia":[{"embeddable":true,"href":"https:\/\/kidsportcanada.ca\/alberta\/crowsnest-pass\/fr\/wp-json\/wp\/v2\/media\/196"}],"wp:attachment":[{"href":"https:\/\/kidsportcanada.ca\/alberta\/crowsnest-pass\/fr\/wp-json\/wp\/v2\/media?parent=150"}],"curies":[{"name":"wp","href":"https:\/\/api.w.org\/{rel}","templated":true}]}}