
{"id":148,"date":"2020-04-01T20:45:29","date_gmt":"2020-04-01T20:45:29","guid":{"rendered":"http:\/\/kidsportcanada.ca\/edmonton\/?page_id=148"},"modified":"2026-03-18T11:05:03","modified_gmt":"2026-03-18T17:05:03","slug":"contact-us-kidsport","status":"publish","type":"page","link":"https:\/\/kidsportcanada.ca\/alberta\/edmonton\/fr\/contact-us-kidsport\/","title":{"rendered":"Contacter"},"content":{"rendered":"<h4 data-animation-delay=\"0\" data-animation-duration=\"1\">\n\t\t\tSportJeunesse Edmonton\t<\/h4>\n<h1 data-animation-delay=\"0.2\" data-animation-duration=\"1\">\n\t\t\tCONTACTEZ-NOUS\t<\/h1>\n<h3 data-animation-delay=\"0.6\" data-animation-duration=\"1\">\n\t\t\tGet in touch &#8211; we&#8217;d love to connect!\t<\/h3>\n<h5>\n\t\t\tMailing Address\t<\/h5>\n\tKidSport Society of Edmonton<br \/>\nc\/o KidSport Alberta<br \/>\nPercy Page Centre<br \/>\n2nd Floor, 11759 Groat Rd NW<br \/>\nEdmonton, AB, T5M 3K6\n\t<p><strong>If you would like to chat face-to-face, our in-office hours are:<\/strong><\/p>\n<p><strong>Tuesdays from 9 am &#8211; 3 pm<\/strong><\/p>\n<p><strong>We&#8217;re always happy to assist you Monday through Friday (9 am &#8211; 3 pm) by email and phone!<\/strong><\/p>\n<h1 data-animation-delay=\"0\" data-animation-duration=\"1\">\n\t\t\tProgram Team\t<\/h1>\n\t<strong>Erin Horncastle<br \/>\n<\/strong>Program Coordinator\n\t<strong>Cherie Truss<br \/>\n<\/strong>Program &amp; Outreach Coordinator\n\t<strong>Tina Adams<br \/>\n<\/strong>Program &amp; Outreach Coordinator\n\t<p>Don&#8217;t hesitate to get in touch with the Program Team members listed above with questions about your KidSport Edmonton grant application in these ways:<\/p>\n<strong>Email: <\/strong>edmonton@kidsport.ab.ca<strong><br \/>\nPhone 1:<\/strong> (780) 803-8765 <em>if you are a <strong>KidSport family<\/strong> with general questions or inquiries<\/em><br \/>\n<strong>Phone 2:<\/strong> (780) 995-5456 <em>if you are a <strong>Sport Club Organization or School<\/strong> with program questions<\/em><br \/>\n<strong>Fax:<\/strong> (780) 800-5519\n<p><strong>Please note:<\/strong> KidSport Edmonton can only process<strong>\u00a0<\/strong>applications for Edmonton residents and applications may take up to 4 weeks to process.<\/p>\n<p><strong>*For applicants living outside of Edmonton<\/strong>, <a href=\"https:\/\/docs.google.com\/spreadsheets\/d\/1csoXJft3f-uEA2V1eFvycfM2_Xk27w23\/edit?gid=1540207838#gid=1540207838\">please find your KidSport Chapter here<\/a> and send your grant application to the correct KidSport community contact.<\/p>\n<h1 data-animation-delay=\"0\" data-animation-duration=\"1\">\n\t\t\tSTAFF Directory\t<\/h1>\n\t<strong>Dayna Josdal<\/strong><br \/>\nExecutive Director<br \/>\ne: dayna@kidsportedmonton.com<br \/>\nc: (587) 227-3388\n\t<strong>Nicole Schile<\/strong><br \/>\nFinance Manager<br \/>\ne: nicole@kidsportedmonton.com\n\t<strong>Graeme Dickson<br \/>\n<\/strong>Fund Development Manager<br \/>\ne: graeme@kidsportedmonton.com\n\t<strong>Tasha McIntyre<\/strong><br \/>\nEvents &amp; Communications Manager<br \/>\ne: tasha@kidsportedmonton.com\n<h2 data-animation-delay=\"0\" data-animation-duration=\"1\">\n\t\t\tCOMMON Questions\t<\/h2>\n\t\t\t\t\t<a role=\"heading\" id=\"fl-accordion--label-0\">Comment puis-je obtenir une subvention SportJeunesse pour un enfant?<\/a>\n\t\t\t\t\t\t\t\t\t\t\t<button type=\"button\" id=\"fl-accordion--icon-0\" aria-expanded=\"false\" aria-controls=\"fl-accordion--panel-0\"><i>Expand<\/i><\/button>\n\t\t\t\t\t<p>Si votre enfant ou un jeune que vous connaissez pouvait b\u00e9n\u00e9ficier d\u2019un coup de pouce pour participer au sport de son choix, la subvention SportJeunesse peut aider!<\/p>\n<p>Une fois que l\u2019enfant aura \u00e9t\u00e9 inscrit \u00e0 son programme de sport, vous devez trouver votre section locale, ou le fonds provincial de SportJeunesse Edmonton, pour pr\u00e9senter une demande de subvention. Notre formulaire en ligne est s\u00e9curis\u00e9e et est la fa\u00e7on la plus facile d\u2019envoyer les renseignements exig\u00e9s, mais vous pouvez aussi utiliser le formulaire papier si vous pr\u00e9f\u00e9rez. <a href=\"https:\/\/kidsportcanada.ca\/alberta\/edmonton\/fr\/apply-for-a-grant\/\">formulaire de demande en ligne<\/a> est le moyen le plus rapide d'envoyer les informations requises, mais vous pouvez \u00e9galement en faire la demande sur papier si vous le souhaitez.<\/p>\n\t\t\t\t\t<a role=\"heading\" id=\"fl-accordion--label-1\">\u00c0 qui dois-je m\u2019adresser pour faire un don?<\/a>\n\t\t\t\t\t\t\t\t\t\t\t<button type=\"button\" id=\"fl-accordion--icon-1\" aria-expanded=\"false\" aria-controls=\"fl-accordion--panel-1\"><i>Expand<\/i><\/button>\n\t\t\t\t\t<p>Notre formulaire de <a href=\"https:\/\/kidsportcanada.ca\/alberta\/edmonton\/fr\/donate\/\">Donate<\/a>! If you have further questions about donations, please give us a call at             <span class=\"phonenumber-div\">\n            <a href=\"tel:780-803-8765\">780-803-8765<\/a>\n            , or email             <span class=\"emailaddress-div\">\n            <a href=\"mailto:edmonton@kidsport.ab.ca\">edmonton@kidsport.ab.ca<\/a>\n             &#8211; we&#8217;ll get back to you as soon as we can.<\/p>\n\t\t\t\t\t<a role=\"heading\" id=\"fl-accordion--label-2\">SportJeunesse est-il un organisme de bienfaisance enregistr\u00e9?<\/a>\n\t\t\t\t\t\t\t\t\t\t\t<button type=\"button\" id=\"fl-accordion--icon-2\" aria-expanded=\"false\" aria-controls=\"fl-accordion--panel-2\"><i>Expand<\/i><\/button>\n\t\t\t\t\t<p>Yes! KidSport is an RCAAA, and qualified donee per the CRA.<\/p>\n<p>Our charitable number is             <span class=\"charitablenumber-div\">\n            <span>86212 5986 RR0003<\/span>\n        \n    .<\/p>\n\t\t\t\t\t<a role=\"heading\" id=\"fl-accordion--label-3\">Who can I contact to inquire about Corporate Partnerships with KidSport Edmonton?<\/a>\n\t\t\t\t\t\t\t\t\t\t\t<button type=\"button\" id=\"fl-accordion--icon-3\" aria-expanded=\"false\" aria-controls=\"fl-accordion--panel-3\"><i>Expand<\/i><\/button>\n\t\t\t\t\t<p>We would love to discuss a potential partnership! Please contact our Executive Director, Dayna Josdal at <a href=\"mailto:dayna@kidsportedmonton.com\">dayna@kidsportedmonton.com<\/a><\/p>","protected":false},"excerpt":{"rendered":"<p>KidSport Edmonton CONTACT US Get in touch &#8211; we&#8217;d love to connect! Mailing Address KidSport Society of Edmonton c\/o KidSport Alberta Percy Page Centre 2nd Floor, 11759 Groat Rd NW Edmonton, AB, T5M 3K6 If you would like to chat face-to-face, our in-office hours are: Tuesdays from 9 am &#8211; 3 pm We&#8217;re always happy&hellip;<\/p>","protected":false},"author":16,"featured_media":190,"parent":0,"menu_order":0,"comment_status":"closed","ping_status":"closed","template":"","meta":{"_acf_changed":false,"footnotes":""},"class_list":["post-148","page","type-page","status-publish","has-post-thumbnail","hentry"],"acf":[],"yoast_head":"<!-- This site is optimized with the Yoast SEO plugin v27.4 - https:\/\/yoast.com\/product\/yoast-seo-wordpress\/ -->\n<title>Contact Us - KidSport Edmonton<\/title>\n<meta name=\"description\" content=\"Get in touch with KidSport Edmonton. We would be happy to answer any questions or help you get involved.\" \/>\n<meta name=\"robots\" content=\"index, follow, max-snippet:-1, max-image-preview:large, max-video-preview:-1\" \/>\n<link rel=\"canonical\" href=\"https:\/\/kidsportcanada.ca\/alberta\/edmonton\/fr\/contact-us-kidsport\/\" \/>\n<meta property=\"og:locale\" content=\"fr_CA\" \/>\n<meta property=\"og:type\" content=\"article\" \/>\n<meta property=\"og:title\" content=\"Contact Us - KidSport Edmonton\" \/>\n<meta property=\"og:description\" content=\"Get in touch with KidSport Edmonton. We would be happy to answer any questions or help you get involved.\" \/>\n<meta property=\"og:url\" content=\"https:\/\/kidsportcanada.ca\/alberta\/edmonton\/fr\/contact-us-kidsport\/\" \/>\n<meta property=\"og:site_name\" content=\"Edmonton\" \/>\n<meta property=\"article:modified_time\" content=\"2026-03-18T17:05:03+00:00\" \/>\n<meta property=\"og:image\" content=\"https:\/\/kidsportcanada.ca\/wp-content\/uploads\/sites\/117\/brett-levis.jpg\" \/>\n\t<meta property=\"og:image:width\" content=\"1600\" \/>\n\t<meta property=\"og:image:height\" content=\"1000\" \/>\n\t<meta property=\"og:image:type\" content=\"image\/jpeg\" \/>\n<meta name=\"twitter:card\" content=\"summary_large_image\" \/>\n<meta name=\"twitter:label1\" content=\"Estimation du temps de lecture\" \/>\n\t<meta name=\"twitter:data1\" content=\"2 minutes\" \/>\n<script type=\"application\/ld+json\" class=\"yoast-schema-graph\">{\"@context\":\"https:\\\/\\\/schema.org\",\"@graph\":[{\"@type\":\"WebPage\",\"@id\":\"https:\\\/\\\/kidsportcanada.ca\\\/alberta\\\/edmonton\\\/contact-us-kidsport\\\/\",\"url\":\"https:\\\/\\\/kidsportcanada.ca\\\/alberta\\\/edmonton\\\/contact-us-kidsport\\\/\",\"name\":\"Contact Us - KidSport Edmonton\",\"isPartOf\":{\"@id\":\"https:\\\/\\\/kidsportcanada.ca\\\/alberta\\\/edmonton\\\/#website\"},\"primaryImageOfPage\":{\"@id\":\"https:\\\/\\\/kidsportcanada.ca\\\/alberta\\\/edmonton\\\/contact-us-kidsport\\\/#primaryimage\"},\"image\":{\"@id\":\"https:\\\/\\\/kidsportcanada.ca\\\/alberta\\\/edmonton\\\/contact-us-kidsport\\\/#primaryimage\"},\"thumbnailUrl\":\"\\\/wp-content\\\/uploads\\\/sites\\\/117\\\/brett-levis.jpg\",\"datePublished\":\"2020-04-01T20:45:29+00:00\",\"dateModified\":\"2026-03-18T17:05:03+00:00\",\"description\":\"Get in touch with KidSport Edmonton. We would be happy to answer any questions or help you get involved.\",\"breadcrumb\":{\"@id\":\"https:\\\/\\\/kidsportcanada.ca\\\/alberta\\\/edmonton\\\/contact-us-kidsport\\\/#breadcrumb\"},\"inLanguage\":\"fr-CA\",\"potentialAction\":[{\"@type\":\"ReadAction\",\"target\":[\"https:\\\/\\\/kidsportcanada.ca\\\/alberta\\\/edmonton\\\/contact-us-kidsport\\\/\"]}]},{\"@type\":\"ImageObject\",\"inLanguage\":\"fr-CA\",\"@id\":\"https:\\\/\\\/kidsportcanada.ca\\\/alberta\\\/edmonton\\\/contact-us-kidsport\\\/#primaryimage\",\"url\":\"\\\/wp-content\\\/uploads\\\/sites\\\/117\\\/brett-levis.jpg\",\"contentUrl\":\"\\\/wp-content\\\/uploads\\\/sites\\\/117\\\/brett-levis.jpg\",\"width\":1600,\"height\":1000,\"caption\":\"Brett Levis a professional soccer player having a team huddle with a group of young kids on a soccer field\"},{\"@type\":\"BreadcrumbList\",\"@id\":\"https:\\\/\\\/kidsportcanada.ca\\\/alberta\\\/edmonton\\\/contact-us-kidsport\\\/#breadcrumb\",\"itemListElement\":[{\"@type\":\"ListItem\",\"position\":1,\"name\":\"Home\",\"item\":\"https:\\\/\\\/kidsportcanada.ca\\\/alberta\\\/edmonton\\\/\"},{\"@type\":\"ListItem\",\"position\":2,\"name\":\"Contact Us\"}]},{\"@type\":\"WebSite\",\"@id\":\"https:\\\/\\\/kidsportcanada.ca\\\/alberta\\\/edmonton\\\/#website\",\"url\":\"https:\\\/\\\/kidsportcanada.ca\\\/alberta\\\/edmonton\\\/\",\"name\":\"Edmonton\",\"description\":\"So all kids can play\",\"potentialAction\":[{\"@type\":\"SearchAction\",\"target\":{\"@type\":\"EntryPoint\",\"urlTemplate\":\"https:\\\/\\\/kidsportcanada.ca\\\/alberta\\\/edmonton\\\/?s={search_term_string}\"},\"query-input\":{\"@type\":\"PropertyValueSpecification\",\"valueRequired\":true,\"valueName\":\"search_term_string\"}}],\"inLanguage\":\"fr-CA\"}]}<\/script>\n<!-- \/ Yoast SEO plugin. -->","yoast_head_json":{"title":"Contact Us - KidSport Edmonton","description":"Get in touch with KidSport Edmonton. We would be happy to answer any questions or help you get involved.","robots":{"index":"index","follow":"follow","max-snippet":"max-snippet:-1","max-image-preview":"max-image-preview:large","max-video-preview":"max-video-preview:-1"},"canonical":"https:\/\/kidsportcanada.ca\/alberta\/edmonton\/fr\/contact-us-kidsport\/","og_locale":"fr_CA","og_type":"article","og_title":"Contact Us - KidSport Edmonton","og_description":"Get in touch with KidSport Edmonton. We would be happy to answer any questions or help you get involved.","og_url":"https:\/\/kidsportcanada.ca\/alberta\/edmonton\/fr\/contact-us-kidsport\/","og_site_name":"Edmonton","article_modified_time":"2026-03-18T17:05:03+00:00","og_image":[{"width":1600,"height":1000,"url":"https:\/\/kidsportcanada.ca\/wp-content\/uploads\/sites\/117\/brett-levis.jpg","type":"image\/jpeg"}],"twitter_card":"summary_large_image","twitter_misc":{"Estimation du temps de lecture":"2 minutes"},"schema":{"@context":"https:\/\/schema.org","@graph":[{"@type":"WebPage","@id":"https:\/\/kidsportcanada.ca\/alberta\/edmonton\/contact-us-kidsport\/","url":"https:\/\/kidsportcanada.ca\/alberta\/edmonton\/contact-us-kidsport\/","name":"Contact Us - KidSport Edmonton","isPartOf":{"@id":"https:\/\/kidsportcanada.ca\/alberta\/edmonton\/#website"},"primaryImageOfPage":{"@id":"https:\/\/kidsportcanada.ca\/alberta\/edmonton\/contact-us-kidsport\/#primaryimage"},"image":{"@id":"https:\/\/kidsportcanada.ca\/alberta\/edmonton\/contact-us-kidsport\/#primaryimage"},"thumbnailUrl":"\/wp-content\/uploads\/sites\/117\/brett-levis.jpg","datePublished":"2020-04-01T20:45:29+00:00","dateModified":"2026-03-18T17:05:03+00:00","description":"Get in touch with KidSport Edmonton. We would be happy to answer any questions or help you get involved.","breadcrumb":{"@id":"https:\/\/kidsportcanada.ca\/alberta\/edmonton\/contact-us-kidsport\/#breadcrumb"},"inLanguage":"fr-CA","potentialAction":[{"@type":"ReadAction","target":["https:\/\/kidsportcanada.ca\/alberta\/edmonton\/contact-us-kidsport\/"]}]},{"@type":"ImageObject","inLanguage":"fr-CA","@id":"https:\/\/kidsportcanada.ca\/alberta\/edmonton\/contact-us-kidsport\/#primaryimage","url":"\/wp-content\/uploads\/sites\/117\/brett-levis.jpg","contentUrl":"\/wp-content\/uploads\/sites\/117\/brett-levis.jpg","width":1600,"height":1000,"caption":"Brett Levis a professional soccer player having a team huddle with a group of young kids on a soccer field"},{"@type":"BreadcrumbList","@id":"https:\/\/kidsportcanada.ca\/alberta\/edmonton\/contact-us-kidsport\/#breadcrumb","itemListElement":[{"@type":"ListItem","position":1,"name":"Home","item":"https:\/\/kidsportcanada.ca\/alberta\/edmonton\/"},{"@type":"ListItem","position":2,"name":"Contact Us"}]},{"@type":"WebSite","@id":"https:\/\/kidsportcanada.ca\/alberta\/edmonton\/#website","url":"https:\/\/kidsportcanada.ca\/alberta\/edmonton\/","name":"Edmonton","description":"So all kids can play","potentialAction":[{"@type":"SearchAction","target":{"@type":"EntryPoint","urlTemplate":"https:\/\/kidsportcanada.ca\/alberta\/edmonton\/?s={search_term_string}"},"query-input":{"@type":"PropertyValueSpecification","valueRequired":true,"valueName":"search_term_string"}}],"inLanguage":"fr-CA"}]}},"_links":{"self":[{"href":"https:\/\/kidsportcanada.ca\/alberta\/edmonton\/fr\/wp-json\/wp\/v2\/pages\/148","targetHints":{"allow":["GET"]}}],"collection":[{"href":"https:\/\/kidsportcanada.ca\/alberta\/edmonton\/fr\/wp-json\/wp\/v2\/pages"}],"about":[{"href":"https:\/\/kidsportcanada.ca\/alberta\/edmonton\/fr\/wp-json\/wp\/v2\/types\/page"}],"author":[{"embeddable":true,"href":"https:\/\/kidsportcanada.ca\/alberta\/edmonton\/fr\/wp-json\/wp\/v2\/users\/16"}],"replies":[{"embeddable":true,"href":"https:\/\/kidsportcanada.ca\/alberta\/edmonton\/fr\/wp-json\/wp\/v2\/comments?post=148"}],"version-history":[{"count":0,"href":"https:\/\/kidsportcanada.ca\/alberta\/edmonton\/fr\/wp-json\/wp\/v2\/pages\/148\/revisions"}],"wp:featuredmedia":[{"embeddable":true,"href":"https:\/\/kidsportcanada.ca\/alberta\/edmonton\/fr\/wp-json\/wp\/v2\/media\/190"}],"wp:attachment":[{"href":"https:\/\/kidsportcanada.ca\/alberta\/edmonton\/fr\/wp-json\/wp\/v2\/media?parent=148"}],"curies":[{"name":"wp","href":"https:\/\/api.w.org\/{rel}","templated":true}]}}