
{"id":37,"date":"2020-03-13T16:16:56","date_gmt":"2020-03-13T16:16:56","guid":{"rendered":"http:\/\/kidsportcanada.ca\/edmonton\/?page_id=37"},"modified":"2026-03-20T09:35:07","modified_gmt":"2026-03-20T15:35:07","slug":"home","status":"publish","type":"page","link":"https:\/\/kidsportcanada.ca\/alberta\/edmonton\/fr\/","title":{"rendered":"SportJeunesse Edmonton"},"content":{"rendered":"<h4 data-animation-delay=\"0\" data-animation-duration=\"1\">\n\t\t\tBienvenue \u00e0\t<\/h4>\n<h1>\n\t\t\tSportJeunesse Edmonton\t<\/h1>\n\t\t\t<a href=\"https:\/\/kidsportcanada.ca\/alberta\/edmonton\/fr\/apply-for-a-grant\/\" target=\"_blank\" rel=\"noopener\">\n\t\t\t\t\t\t\tDEMANDER UNE SUBVENTION\n\t\t\t\t\t<\/a>\n\t\t\t<a href=\"https:\/\/kidsportcanada.ca\/alberta\/edmonton\/fr\/hap\/\" target=\"_blank\" rel=\"noopener\">\n\t\t\t\t\t\tOil Country Hockey Assist Program\n\t\t\t\t\t<\/a>\n<h3>\n\t\t\tIn-Person Office Hours\t<\/h3>\n\tVisit us at Percy Page Centre, 11759 Groat Rd NW, T5M 3K6\n<p><strong data-start=\"293\" data-end=\"318\">Tuesdays, 9 AM &#8211; 3 PM<\/strong><\/p>\n<p>We&#8217;re always happy to assist you Monday through Friday by email and phone.<\/p>\n<h2>\n\t\t\t\u00c0 PROPOS DE\t<\/h2>\n<h4>\n\t\t\tSportJeunesse Edmonton\t<\/h4>\n\t<h3>KidSport Edmonton is a local non-profit organization that provides financial assistance through subsidizing sport registration fees for eligible kids. This is done through KidSport&#8217;s &#8216;So ALL Kids Can Play!&#8217; Grant Program. Apply Today!<\/h3>\n<p>&nbsp;<\/p>\n\t\t<h4>Staying in the Loop<\/h4>\n\t\t<p>Sign up to receive KidSport Edmonton&#8217;s monthly e-newsletter for the latest news, events, volunteer opportunities, and updates from KidSport Edmonton!<\/p>\n\t\t\t<a href=\"https:\/\/lp.constantcontactpages.com\/sl\/0MOO2Az\/KSENewsletterSignUp\" target=\"_blank\" rel=\"noopener\">\n\t\t\t\t\t\t\tSIGN UP!\n\t\t\t<\/a>\n<h5>\n\t\t\tCONNECT WITH US\t<\/h5>\n\t    <span class=\"socialmedia-links fl-icon-group\">\n        <!------------------ Facebook ------------------>\n        <span class=\"fl-icon facebook\">\n                            <a href=\"https:\/\/www.facebook.com\/KidSport.Edmonton\/\" target=\"_blank\" aria-label=\"link to https:\/\/www.facebook.com\/kidsportcanada\/\" rel=\"noopener\"[soci>\n                    <i class=\"fab fa-facebook-square\" aria-hidden=\"true\"><\/i>\n                <\/a>\n                    <\/span>\n\t\t<!------------------ Facebook 2 ------------------>\n        <span class=\"fl-icon facebook\">\n                            <a href=\"https:\/\/ca.linkedin.com\/company\/kidsport-edmonton\" target=\"_blank\" aria-label=\"link to https:\/\/www.facebook.com\/kidsportcanada\/\" rel=\"noopener\"[soci>\n                    <i class=\"fab fa-facebook-square\" aria-hidden=\"true\"><\/i>\n                <\/a>\n                    <\/span>\n        <!------------------ Twitter ------------------>\n        <span class=\"fl-icon twitter\">\n                            <a href=\"https:\/\/twitter.com\/KSEdmonton\" target=\"_blank\" aria-label=\"link to https:\/\/twitter.com\/kidsport\/\" rel=\"noopener\">\n                    <i class=\"fab fa-twitter\" aria-hidden=\"true\"><\/i>\n                <\/a>\n                    <\/span>\n        <!------------------ Instagram ------------------>\n        <span class=\"fl-icon instagram\">\n                            <a href=\"https:\/\/www.instagram.com\/kidsportedmonton\/\" target=\"_blank\" aria-label=\"link to https:\/\/www.instagram.com\/kidsport.canada\/\" rel=\"noopener\">\n                    <i class=\"fab fa-instagram\" aria-hidden=\"true\"><\/i>\n                <\/a>\n                    <\/span>\n        <!------------------ YouTube ------------------>\n        <span class=\"fl-icon youtube\">\n                            <a href=\"https:\/\/www.youtube.com\/user\/KidSportCanada\" target=\"_blank\" aria-label=\"link to https:\/\/www.youtube.com\/user\/KidSportCanada\" rel=\"noopener\">\n                    <i class=\"fab fa-youtube\" aria-hidden=\"true\"><\/i>\n                <\/a>\n                    <\/span>\n    <\/span>\n    \n<h5>\n\t\t\tQUICK LINKS &amp; IN THE NEWS\t<\/h5>\n<h6>\n\t\t<a href=\"https:\/\/www.seekyoursounds.com\/highlights\/why-kidsport-is-so-important-to-alberta\" title=\"Listen to Courtney Webber speak on the Pepper &amp; Dylan Show about Why KidSport is so Important\" target=\"_blank\" rel=\"noopener\">\n\t\t\tListen to Courtney Webber speak on the Pepper &amp; Dylan Show about Why KidSport is so Important\t\t<\/a>\n\t<\/h6>\n\t\t<audio class=\"wp-audio-shortcode\" id=\"audio-37-1\" preload=\"none\" style=\"width: 100%;\" controls=\"controls\"><source type=\"audio\/mpeg\" src=\"\/wp-content\/uploads\/sites\/117\/COURTNEY-WEBBER-STORY.mp3?_=1\" \/><a href=\"\/wp-content\/uploads\/sites\/117\/COURTNEY-WEBBER-STORY.mp3\">\/wp-content\/uploads\/sites\/117\/COURTNEY-WEBBER-STORY.mp3<\/a><\/audio>\n\t<h6>\n\t\t\tKidSport Edmonton on The Hockey Edmonton Podcast\t<\/h6>\n\t\t\t<a href=\"https:\/\/www.youtube.com\/watch?v=1gh7wyrIvNc&#038;list=PLG0UxcwOMBQyei0tUHyk_TfQQTC5f0cCc&#038;index=17\" target=\"_self\">\n\t\t\t\t\t\tWatch Here\n\t\t\t\t\t<\/a>\n<h6>\n\t\t\tListen to Jeff Vela speak on the Pepper &amp; Dylan Show about KidSport\t<\/h6>\n\t\t<audio class=\"wp-audio-shortcode\" id=\"audio-37-2\" preload=\"none\" style=\"width: 100%;\" controls=\"controls\"><source type=\"audio\/mpeg\" src=\"\/wp-content\/uploads\/sites\/117\/Jeff-Vela-KidSport-1.mp3?_=2\" \/><a href=\"\/wp-content\/uploads\/sites\/117\/Jeff-Vela-KidSport-1.mp3\">\/wp-content\/uploads\/sites\/117\/Jeff-Vela-KidSport-1.mp3<\/a><\/audio>\n\t<h6>\n\t\t<a href=\"https:\/\/anchor.fm\/proudly-made-in-canada-podcast-by-local-laundry\/episodes\/PMIC---Episode-29---Ryan-Nugent-Hopkins-el97to\" title=\"Ryan Nugent-Hopkins talks KidSport with Proudly Made In Canada Podcast\" target=\"_blank\" rel=\"noopener\">\n\t\t\tRyan Nugent-Hopkins talks KidSport with Proudly Made In Canada Podcast\t\t<\/a>\n\t<\/h6>\n<h6>\n\t\t<a href=\"https:\/\/shanefen.podbean.com\/e\/ep-43-kidsport-dayna-hyman-and-dr-lauren-sulz\/\" title=\"Dayna Hyman talks KidSport on The City of Champions Podcast\" target=\"_blank\" rel=\"noopener\">\n\t\t\tDayna Hyman talks KidSport on The City of Champions Podcast\t\t<\/a>\n\t<\/h6>\n<h5>\n\t\t\tRESEARCH &amp; EDUCATION\t<\/h5>\n<h6>\n\t\t<a href=\"https:\/\/kidsportcanada.ca\/alberta\/edmonton\/fr\/safe-sport\/\" title=\"SAFE SPORT - Let&#039;s make sport safe for everyone!\" target=\"_blank\" rel=\"noopener\">\n\t\t\tSAFE SPORT &#8211; Let&#8217;s make sport safe for everyone!\t\t<\/a>\n\t<\/h6>\n<h6>\n\t\t<a href=\"https:\/\/communitieschoosewell.ca\/learning-connecting\/ecourses\/equity-diversity-and-inclusion-ecourse\/\" title=\"Equity, Diversity, and Inclusion in Recreation Settings e-Course\" target=\"_blank\" rel=\"noopener\">\n\t\t\tEquity, Diversity, and Inclusion in Recreation Settings e-Course\t\t<\/a>\n\t<\/h6>\n<h6>\n\t\t<a href=\"https:\/\/communityfoundations.ca\/wp-content\/uploads\/2019\/04\/Vital_Signs_Sport_and_Belonging.pdf\" title=\"Sport and Belonging\" target=\"_blank\" rel=\"noopener\">\n\t\t\tSport and Belonging\t\t<\/a>\n\t<\/h6>\n<h6>\n\t\t<a href=\"https:\/\/www.aspenprojectplay.org\/coronavirus-and-youth-sports\/reports\/2020\/6\/8\/why-the-time-is-now-to-coach-mental-health-in-youth-sports\" title=\"Mental Health in Youth Sports\" target=\"_blank\" rel=\"noopener\">\n\t\t\tMental Health in Youth Sports\t\t<\/a>\n\t<\/h6>\n<h6>\n\t\t<a href=\"https:\/\/www.aspenprojectplay.org\/youth-sports-facts\/benefits\" title=\"Benefits of Physical Play\" target=\"_blank\" rel=\"noopener\">\n\t\t\tBenefits of Physical Play \t\t<\/a>\n\t<\/h6>\n<h3>\n\t\t\tVISION\t<\/h3>\n\t<h6><em>We envision a community where all children have the opportunity to participate in sport.<\/em><\/h6>\n<h3>\n\t\t\tMISSION\t<\/h3>\n\t<h6><i>KidSport supports children who need financial assistance with sport registration fees. We believe the power of sport participation promotes the development of children&#8217;s social, mental, and physical well-being. Through increasing access to quality sport programs, KidSport strengthens our community.<\/i><\/h6>\n<h3>\n\t\t\tEQUITY STATEMENT\t<\/h3>\n\t<h6><strong><em>We fundamentally believe in the power of sport participation and its positive effects on children&#8217;s social, mental, and physical well-being. Therefore, KidSport Edmonton reduces financial barriers, increases equitable opportunities, and promotes diversity and inclusion so all kids can play.<\/em><\/strong><\/h6>\n*We believe this <a href=\"https:\/\/www.merriam-webster.com\/dictionary\/equity\">Equity<\/a> Statement and corresponding action plan can:<br \/>\n&#8211; Spark discussions about equity.<br \/>\n&#8211; Hold our organization responsible for its commitments.<br \/>\n&#8211; Encourage others to reflect on their own equity practices.\n<h3>\n\t\t\tEQUITY ACTION PLAN\t<\/h3>\n\t<p><strong>Goal 1:<\/strong> Increase awareness and understanding of equity within KidSport Edmonton and our stakeholder community.<\/p>\n<p><strong>Goal 2:<\/strong> Ensure equitable access to KidSport Edmonton&#8217;s grant program.<\/p>\n<p><strong>Goal 3:<\/strong> Foster a diverse and inclusive environment within the KidSport Edmonton organization.<\/p>\n<h2>\n\t\t\tDON0R PROGRAMS\t<\/h2>\n<h4>\n\t\t\tSportJeunesse Edmonton\t<\/h4>\n\t<h3>KidSport is grateful to have ongoing consistent support from the community for our unique donor programs. These include the:<\/h3>\n<ul>\n<li>\n<h3><a href=\"\/wp-content\/uploads\/sites\/117\/KidSport-Partnership-Package-2026.pdf\">Event Partnership Program<\/a> for In-House KidSport Edmonton Events<\/h3>\n<\/li>\n<li>\n<h3><a href=\"\/wp-content\/uploads\/sites\/117\/KidSport_Edmonton_-_Third_Party_Fundraising_Toolkit.pdf\">Third-Party Partnership Programs<\/a> for outside events with a charitable aspect<\/h3>\n<\/li>\n<li>\n<h3><a href=\"\/wp-content\/uploads\/sites\/117\/KidSport-Klub-Monthly-Donor.pdf\">KidSport Klub<\/a> for our Monthly Donors. Thank you to all of our amazing donors that lace up monthly &#8216;So ALL Kids Can Play!&#8217;<\/h3>\n<\/li>\n<\/ul>\n<figure>\n\t\t\t\t<img decoding=\"async\" src=\"\/wp-content\/uploads\/sites\/117\/Instagram-Post-scaled.jpg\" alt=\"Instagram Post\" height=\"2560\" width=\"2560\" title=\"Instagram Post\" loading=\"lazy\" \/>\n\t<\/figure>\n\t<p><strong>Lister Dodgeball League<\/strong> <\/p>\n<p>Raised $10,000 for KidSport Edmonton in 2024<\/p>\n<h2>\n\t\t\tDERNI\u00c8RES\t<\/h2>\n<h4>\n\t\t\tNews &amp; Stories\t<\/h4>\n    <h5>News &amp; Stories<\/h5>\n    <h5>\u00c9V\u00c9NEMENTS<\/h5>\n<h2>\n\t\t\tINCIDENCE 100 % LOCALE\t<\/h2>\n<h4>\n\t\t\tAll funds raised by Kidsport Edmonton stay in our community to get local kids off the sidelines and into a season of sport. Let&#8217;s work together to build strong kids and strong communities!\t<\/h4>\n    <a href=\"https:\/\/kidsportcanada.ca\/alberta\/edmonton\/fr\/donate\/\">\n            <br \/>DONNER<br \/>MAINTENANT\n    <\/a>\n\t\t<!-- Comment to fix spacing issue\n\t-->\n\t\t<h1>$0<\/h1>\n\t<!-- Comment to fix spacing issue\n\t-->\t\n<h3>\n\t\t\tIn subsidized sport registration fees in 2025.\t<\/h3>\n\t\t<!-- Comment to fix spacing issue\n\t-->\n\t\t<h1>0<\/h1>\n\t<!-- Comment to fix spacing issue\n\t-->\t\n<h3>\n\t\t\tSport opportunities provided to local KidSport kids in 2025.\t<\/h3>\n<h3>\n\t\t\tEn appuyant SportJeunesse, nous gagnons tous. Quand les enfants ont acc\u00e8s au sport, ils s\u2019am\u00e9liorent \u00e0 l\u2019\u00e9cole, deviennent de solides leaders, cr\u00e9ent des communaut\u00e9s s\u00fbres, catalysent l\u2019inclusivit\u00e9 et adoptent des habitudes saines pour la vie.\t<\/h3>\n<h5>\n\t\t\tRAPPORTS D\u2019IMPACT\t<\/h5>\n\t<p>Lisez nos derniers rapports annuels et \u00e9tats financiers.<\/p>\n\t\t\t<a href=\"\/wp-content\/uploads\/sites\/117\/KidSport-Edmonton-2024-Annual-Report.pdf\" target=\"_blank\" rel=\"noopener\">\n\t\t\t\t\t\t2024 ANNUAL REPORT\n\t\t\t\t\t<\/a>\n\t\t\t<a href=\"\/wp-content\/uploads\/sites\/117\/2024-KSE-Financial-Statements.pdf\" target=\"_blank\" rel=\"noopener\">\n\t\t\t\t\t\t2024 FINANCIALS\n\t\t\t\t\t<\/a>\n\t\t\t<a href=\"\/wp-content\/uploads\/sites\/117\/KidSport-Edmonton-Annual-Report-2023-WEB.pdf\" target=\"_blank\" rel=\"noopener\">\n\t\t\t\t\t\t2023 ANNUAL REPORT\n\t\t\t\t\t<\/a>\n\t\t\t<a href=\"\/wp-content\/uploads\/sites\/117\/20231231-Financial-Statements.pdf\" target=\"_blank\" rel=\"noopener\">\n\t\t\t\t\t\t2023 FINANCIALS\n\t\t\t\t\t<\/a>\n<h2>\n\t\t\tOUR Team\t<\/h2>\n<h3>\n\t\t\tKidSport Edmonton is made possible thanks to big hearted,  passionate volunteers and generous partners. Together, helping local KidSport kids receive access to sport, get laced up &amp; get into the game.\t<\/h3>\n\t\t\t\t\t<a role=\"heading\" id=\"fl-accordion--label-0\">KidSport Edmonton&#8217;s Board of Directors<\/a>\n\t\t\t\t\t\t\t\t\t\t\t<button type=\"button\" id=\"fl-accordion--icon-0\" aria-expanded=\"false\" aria-controls=\"fl-accordion--panel-0\"><i>Expand<\/i><\/button>\n\t\t\t\t\t<strong>Codie Richard, Chair<br \/>\n<\/strong>Owner &amp; CFO at Zender Auto Group Ltd.\n<strong>Trevor Ostapiw, Vice Chair<\/strong><br \/>\nPre-Construction Manager at Graham Construction\n<strong>Elizabeth Tkachuk CPA, Treasurer<br \/>\n<\/strong>Partner at BDO Canada LLP\n<strong>Liann Cameron, Director<\/strong><br \/>\nProgram Director at KiSS 91.7\n<strong>Michelle Vafaei, Director\u00a0<\/strong><br \/>\nSafety &amp; HR Director at Seer Innovations Inc.\n<strong>Mark Ham, Director<\/strong><br \/>\nExecutive Director and Alberta Film Commissioner, Cultural Industries &#8211; Ministry of Arts, Culture, and Status of Women, Government of Alberta\n<strong>Ron Lefebvre, Director<br \/>\n<\/strong>Broker\/Owner at Benchmark Mortgages<strong><br \/>\n<\/strong>\n<strong>Amanda Ash, Director\u00a0<\/strong><br \/>\nMarketing and Communications Specialist, CPA Insurance Plans West\n<strong>Michael Kirk, Director\u00a0<\/strong><br \/>\nKC, Partner, Miller Thompson LLP\n<b>Quinn Widrick, Director<br \/>\n<\/b>Senior Specialist, Campus Recruitment, BDO Canada LLP\n\t\t\t\t\t<a role=\"heading\" id=\"fl-accordion--label-0\">KidSport Edmonton&#8217;s Fund Development Committee<\/a>\n\t\t\t\t\t\t\t\t\t\t\t<button type=\"button\" id=\"fl-accordion--icon-0\" aria-expanded=\"false\" aria-controls=\"fl-accordion--panel-0\"><i>Expand<\/i><\/button>\n\t\t\t\t\t<p>Chair: Ron Lefebvre, Broker\/Owner at Benchmark Mortgages<\/p>\n<p>Trevor Ostapiw, Pre-Construction Manager at Graham<\/p>\n<p>Yugant Manchanda, Rotational Engineer at Enbridge<\/p>\n<p>Brad Clark, Vice President of Operations at Vermeer Canada Inc.<\/p>\n<p>Nathan Mol, Realtor, Licenced Associate at LIV Real Estate<\/p>\n<p>*If interested, please email dayna@kidsportedmonton.com<\/p>\n\t\t\t\t\t<a role=\"heading\" id=\"fl-accordion--label-0\">KidSport Edmonton&#8217;s Event Committee<\/a>\n\t\t\t\t\t\t\t\t\t\t\t<button type=\"button\" id=\"fl-accordion--icon-0\" aria-expanded=\"false\" aria-controls=\"fl-accordion--panel-0\"><i>Expand<\/i><\/button>\n\t\t\t\t\t<p>Emma Neilsen, Management Consultant at KPMG<\/p>\n<p>Bethany Thompson, Management Consultant at KPMG<\/p>\n<p>Liam Bailey, Student at the University of Alberta<\/p>\n<p>Dylan Chudek, Student at the University of Alberta<\/p>\n<p>&nbsp;<\/p>\n<p>If interested, please get in touch with\u00a0<a target=\"_blank\" rel=\"noopener\">tasha@kidsportedmonton.com<\/a><\/p>\n<h1>\n\t\t\tAmbassadors\t<\/h1>\n\t\t<ul>\n\t\t\t\t<li>\n\t\t\t<img decoding=\"async\" loading=\"false\" src=\"\/wp-content\/uploads\/sites\/117\/Dieu-merci-Michel-scaled.jpeg\" alt=\"\" \/>\t\t\t\n\t\t\t\t<h4>Dieu-merci Michel<\/h4>\n\t\t\t<a href=\"https:\/\/kidsportcanada.ca\/alberta\/edmonton\/fr\/news-stories\/team-kidsport-dieumerci-michel\/\" target=\"_self\">\n\t\t\t\t\t\tMeet Them\n\t\t\t\t\t<\/a>\n\t\t<\/li>\n\t\t\t<li>\n\t\t\t<img decoding=\"async\" loading=\"false\" src=\"\/wp-content\/uploads\/sites\/117\/Kenny-Article-Feature-Image-1.png\" alt=\"\" \/>\t\t\t\n\t\t\t\t<h4>Kenny M&#8217;Pindou<\/h4>\n\t\t\t<a href=\"https:\/\/kidsportcanada.ca\/alberta\/edmonton\/fr\/news-stories\/team-kidsport-ambassador-kenny-mpindou\/\" target=\"_self\">\n\t\t\t\t\t\tMeet Them\n\t\t\t\t\t<\/a>\n\t\t<\/li>\n\t\t\t<li>\n\t\t\t<img decoding=\"async\" loading=\"false\" src=\"\/wp-content\/uploads\/sites\/117\/Amazing-Race-photo.jpg\" alt=\"\" \/>\t\t\t\n\t\t\t\t<h4>Taylor McPherson and Katie Mulkay<\/h4>\n\t\t\t<a href=\"https:\/\/kidsportcanada.ca\/alberta\/edmonton\/fr\/news-stories\/team-kidsport-katie-mulkay-taylor-mcpherson\/\" target=\"_blank\" rel=\"noopener\">\n\t\t\t\t\t\tMeet Them\n\t\t\t\t\t<\/a>\n\t\t<\/li>\n\t\t<\/ul>\n<h1>\n\t\t\tNOS PARTENAIRES\t<\/h1>","protected":false},"excerpt":{"rendered":"<p>Welcome to KidSport Edmonton APPLY FOR A GRANT Oil Country Hockey Assist Program In-Person Office Hours Visit us at Percy Page Centre, 11759 Groat Rd NW, T5M 3K6 Tuesdays, 9 AM &#8211; 3 PM We&#8217;re always happy to assist you Monday through Friday by email and phone. ABOUT KidSport Edmonton KidSport Edmonton is a local&hellip;<\/p>","protected":false},"author":16,"featured_media":195,"parent":0,"menu_order":0,"comment_status":"closed","ping_status":"closed","template":"","meta":{"_acf_changed":false,"footnotes":""},"class_list":["post-37","page","type-page","status-publish","has-post-thumbnail","hentry"],"acf":[],"yoast_head":"<!-- This site is optimized with the Yoast SEO plugin v27.4 - https:\/\/yoast.com\/product\/yoast-seo-wordpress\/ -->\n<title>KidSport Edmonton<\/title>\n<meta name=\"description\" content=\"KidSport provides grants to help cover the costs of registration fees so that ALL kids aged 18 and under can play a season of sport.\" \/>\n<meta name=\"robots\" content=\"index, follow, max-snippet:-1, max-image-preview:large, max-video-preview:-1\" \/>\n<link rel=\"canonical\" href=\"https:\/\/kidsportcanada.ca\/alberta\/edmonton\/fr\/\" \/>\n<meta property=\"og:locale\" content=\"fr_CA\" \/>\n<meta property=\"og:type\" content=\"article\" \/>\n<meta property=\"og:title\" content=\"KidSport Edmonton\" \/>\n<meta property=\"og:description\" content=\"KidSport provides grants to help cover the costs of registration fees so that ALL kids aged 18 and under can play a season of sport.\" \/>\n<meta property=\"og:url\" content=\"https:\/\/kidsportcanada.ca\/alberta\/edmonton\/fr\/\" \/>\n<meta property=\"og:site_name\" content=\"Edmonton\" \/>\n<meta property=\"article:modified_time\" content=\"2026-03-20T15:35:07+00:00\" \/>\n<meta property=\"og:image\" content=\"https:\/\/kidsportcanada.ca\/wp-content\/uploads\/sites\/117\/kidsport-chapter-home-1.jpg\" \/>\n\t<meta property=\"og:image:width\" content=\"1600\" \/>\n\t<meta property=\"og:image:height\" content=\"1000\" \/>\n\t<meta property=\"og:image:type\" content=\"image\/jpeg\" \/>\n<meta name=\"twitter:card\" content=\"summary_large_image\" \/>\n<meta name=\"twitter:label1\" content=\"Estimation du temps de lecture\" \/>\n\t<meta name=\"twitter:data1\" content=\"6 minutes\" \/>\n<script type=\"application\/ld+json\" class=\"yoast-schema-graph\">{\"@context\":\"https:\\\/\\\/schema.org\",\"@graph\":[{\"@type\":\"WebPage\",\"@id\":\"https:\\\/\\\/kidsportcanada.ca\\\/alberta\\\/edmonton\\\/\",\"url\":\"https:\\\/\\\/kidsportcanada.ca\\\/alberta\\\/edmonton\\\/\",\"name\":\"KidSport Edmonton\",\"isPartOf\":{\"@id\":\"https:\\\/\\\/kidsportcanada.ca\\\/alberta\\\/edmonton\\\/#website\"},\"primaryImageOfPage\":{\"@id\":\"https:\\\/\\\/kidsportcanada.ca\\\/alberta\\\/edmonton\\\/#primaryimage\"},\"image\":{\"@id\":\"https:\\\/\\\/kidsportcanada.ca\\\/alberta\\\/edmonton\\\/#primaryimage\"},\"thumbnailUrl\":\"\\\/wp-content\\\/uploads\\\/sites\\\/117\\\/kidsport-chapter-home-1.jpg\",\"datePublished\":\"2020-03-13T16:16:56+00:00\",\"dateModified\":\"2026-03-20T15:35:07+00:00\",\"description\":\"KidSport provides grants to help cover the costs of registration fees so that ALL kids aged 18 and under can play a season of sport.\",\"breadcrumb\":{\"@id\":\"https:\\\/\\\/kidsportcanada.ca\\\/alberta\\\/edmonton\\\/#breadcrumb\"},\"inLanguage\":\"fr-CA\",\"potentialAction\":[{\"@type\":\"ReadAction\",\"target\":[\"https:\\\/\\\/kidsportcanada.ca\\\/alberta\\\/edmonton\\\/\"]}]},{\"@type\":\"ImageObject\",\"inLanguage\":\"fr-CA\",\"@id\":\"https:\\\/\\\/kidsportcanada.ca\\\/alberta\\\/edmonton\\\/#primaryimage\",\"url\":\"\\\/wp-content\\\/uploads\\\/sites\\\/117\\\/kidsport-chapter-home-1.jpg\",\"contentUrl\":\"\\\/wp-content\\\/uploads\\\/sites\\\/117\\\/kidsport-chapter-home-1.jpg\",\"width\":1600,\"height\":1000,\"caption\":\"A hockey player wearing red and black stopping on an indoor ice rink and looking at the camera\"},{\"@type\":\"BreadcrumbList\",\"@id\":\"https:\\\/\\\/kidsportcanada.ca\\\/alberta\\\/edmonton\\\/#breadcrumb\",\"itemListElement\":[{\"@type\":\"ListItem\",\"position\":1,\"name\":\"Home\",\"item\":\"https:\\\/\\\/kidsportcanada.ca\\\/alberta\\\/edmonton\\\/\"},{\"@type\":\"ListItem\",\"position\":2,\"name\":\"KidSport Edmonton\"}]},{\"@type\":\"WebSite\",\"@id\":\"https:\\\/\\\/kidsportcanada.ca\\\/alberta\\\/edmonton\\\/#website\",\"url\":\"https:\\\/\\\/kidsportcanada.ca\\\/alberta\\\/edmonton\\\/\",\"name\":\"Edmonton\",\"description\":\"So all kids can play\",\"potentialAction\":[{\"@type\":\"SearchAction\",\"target\":{\"@type\":\"EntryPoint\",\"urlTemplate\":\"https:\\\/\\\/kidsportcanada.ca\\\/alberta\\\/edmonton\\\/?s={search_term_string}\"},\"query-input\":{\"@type\":\"PropertyValueSpecification\",\"valueRequired\":true,\"valueName\":\"search_term_string\"}}],\"inLanguage\":\"fr-CA\"}]}<\/script>\n<!-- \/ Yoast SEO plugin. -->","yoast_head_json":{"title":"SportJeunesse Edmonton","description":"Nous fournissons des subventions pour aider \u00e0 couvrir le co\u00fbt des frais d\u2019inscription afin que tous les enfants de 18 ans et moins puissent pratiquer un sport pendant une saison.","robots":{"index":"index","follow":"follow","max-snippet":"max-snippet:-1","max-image-preview":"max-image-preview:large","max-video-preview":"max-video-preview:-1"},"canonical":"https:\/\/kidsportcanada.ca\/alberta\/edmonton\/fr\/","og_locale":"fr_CA","og_type":"article","og_title":"KidSport Edmonton","og_description":"KidSport provides grants to help cover the costs of registration fees so that ALL kids aged 18 and under can play a season of sport.","og_url":"https:\/\/kidsportcanada.ca\/alberta\/edmonton\/fr\/","og_site_name":"Edmonton","article_modified_time":"2026-03-20T15:35:07+00:00","og_image":[{"width":1600,"height":1000,"url":"https:\/\/kidsportcanada.ca\/wp-content\/uploads\/sites\/117\/kidsport-chapter-home-1.jpg","type":"image\/jpeg"}],"twitter_card":"summary_large_image","twitter_misc":{"Estimation du temps de lecture":"6 minutes"},"schema":{"@context":"https:\/\/schema.org","@graph":[{"@type":"WebPage","@id":"https:\/\/kidsportcanada.ca\/alberta\/edmonton\/","url":"https:\/\/kidsportcanada.ca\/alberta\/edmonton\/","name":"SportJeunesse Edmonton","isPartOf":{"@id":"https:\/\/kidsportcanada.ca\/alberta\/edmonton\/#website"},"primaryImageOfPage":{"@id":"https:\/\/kidsportcanada.ca\/alberta\/edmonton\/#primaryimage"},"image":{"@id":"https:\/\/kidsportcanada.ca\/alberta\/edmonton\/#primaryimage"},"thumbnailUrl":"\/wp-content\/uploads\/sites\/117\/kidsport-chapter-home-1.jpg","datePublished":"2020-03-13T16:16:56+00:00","dateModified":"2026-03-20T15:35:07+00:00","description":"Nous fournissons des subventions pour aider \u00e0 couvrir le co\u00fbt des frais d\u2019inscription afin que tous les enfants de 18 ans et moins puissent pratiquer un sport pendant une saison.","breadcrumb":{"@id":"https:\/\/kidsportcanada.ca\/alberta\/edmonton\/#breadcrumb"},"inLanguage":"fr-CA","potentialAction":[{"@type":"ReadAction","target":["https:\/\/kidsportcanada.ca\/alberta\/edmonton\/"]}]},{"@type":"ImageObject","inLanguage":"fr-CA","@id":"https:\/\/kidsportcanada.ca\/alberta\/edmonton\/#primaryimage","url":"\/wp-content\/uploads\/sites\/117\/kidsport-chapter-home-1.jpg","contentUrl":"\/wp-content\/uploads\/sites\/117\/kidsport-chapter-home-1.jpg","width":1600,"height":1000,"caption":"A hockey player wearing red and black stopping on an indoor ice rink and looking at the camera"},{"@type":"BreadcrumbList","@id":"https:\/\/kidsportcanada.ca\/alberta\/edmonton\/#breadcrumb","itemListElement":[{"@type":"ListItem","position":1,"name":"Home","item":"https:\/\/kidsportcanada.ca\/alberta\/edmonton\/"},{"@type":"ListItem","position":2,"name":"KidSport Edmonton"}]},{"@type":"WebSite","@id":"https:\/\/kidsportcanada.ca\/alberta\/edmonton\/#website","url":"https:\/\/kidsportcanada.ca\/alberta\/edmonton\/","name":"Edmonton","description":"So all kids can play","potentialAction":[{"@type":"SearchAction","target":{"@type":"EntryPoint","urlTemplate":"https:\/\/kidsportcanada.ca\/alberta\/edmonton\/?s={search_term_string}"},"query-input":{"@type":"PropertyValueSpecification","valueRequired":true,"valueName":"search_term_string"}}],"inLanguage":"fr-CA"}]}},"_links":{"self":[{"href":"https:\/\/kidsportcanada.ca\/alberta\/edmonton\/fr\/wp-json\/wp\/v2\/pages\/37","targetHints":{"allow":["GET"]}}],"collection":[{"href":"https:\/\/kidsportcanada.ca\/alberta\/edmonton\/fr\/wp-json\/wp\/v2\/pages"}],"about":[{"href":"https:\/\/kidsportcanada.ca\/alberta\/edmonton\/fr\/wp-json\/wp\/v2\/types\/page"}],"author":[{"embeddable":true,"href":"https:\/\/kidsportcanada.ca\/alberta\/edmonton\/fr\/wp-json\/wp\/v2\/users\/16"}],"replies":[{"embeddable":true,"href":"https:\/\/kidsportcanada.ca\/alberta\/edmonton\/fr\/wp-json\/wp\/v2\/comments?post=37"}],"version-history":[{"count":0,"href":"https:\/\/kidsportcanada.ca\/alberta\/edmonton\/fr\/wp-json\/wp\/v2\/pages\/37\/revisions"}],"wp:featuredmedia":[{"embeddable":true,"href":"https:\/\/kidsportcanada.ca\/alberta\/edmonton\/fr\/wp-json\/wp\/v2\/media\/195"}],"wp:attachment":[{"href":"https:\/\/kidsportcanada.ca\/alberta\/edmonton\/fr\/wp-json\/wp\/v2\/media?parent=37"}],"curies":[{"name":"wp","href":"https:\/\/api.w.org\/{rel}","templated":true}]}}