
{"id":148,"date":"2020-04-01T20:45:29","date_gmt":"2020-04-01T20:45:29","guid":{"rendered":"http:\/\/kidsportcanada.ca\/fort-saskatchewan\/?page_id=148"},"modified":"2025-08-08T18:40:46","modified_gmt":"2025-08-08T18:40:46","slug":"contact-us","status":"publish","type":"page","link":"https:\/\/kidsportcanada.ca\/alberta\/fort-saskatchewan\/fr\/contact-us\/","title":{"rendered":"Contacter"},"content":{"rendered":"<h4 data-animation-delay=\"0\" data-animation-duration=\"1\">\n\t\t\tSportJeunesse Fort Saskatchewan\t<\/h4>\n<h1 data-animation-delay=\"0.2\" data-animation-duration=\"1\">\n\t\t\tCONTACTEZ-NOUS\t<\/h1>\n<h3 data-animation-delay=\"0.6\" data-animation-duration=\"1\">\n\t\t\tGet in touch &#8211; we&#8217;d be happy to answer any questions or help you get involved.\t<\/h3>\n<h5>\n\t\t\tMAILING ADDRESS\t<\/h5>\n\t<p>P.O. Box 20051, Ft. Sask\u00a0 T8L 4C8<\/p>\n<h5>\n\t\t\tCommuniquer\t<\/h5>\n\t<p>KidSport Fort Sask. is run by a volunteer board and we do not have an office location.\u00a0 Therefore, email is the preferred method of communication.<\/p>\n<p>Email:\u00a0 <a href=\"mailto:fortsask@kidsport.ab.ca\">fortsask@kidsport.ab.ca<\/a><\/p>\n<h5>\n\t\t\tDes m\u00e9dias sociaux\t<\/h5>\n\t    <span class=\"socialmedia-links fl-icon-group\">\n        <!------------------ Facebook ------------------>\n        <span class=\"fl-icon facebook\">\n                            <a href=\"https:\/\/www.facebook.com\/kidsportfortsask\/\" target=\"_blank\" aria-label=\"link to https:\/\/www.facebook.com\/kidsportcanada\/\" rel=\"noopener\"[soci>\n                    <i class=\"fab fa-facebook-square\" aria-hidden=\"true\"><\/i>\n                <\/a>\n                    <\/span>\n\t\t<!------------------ Facebook 2 ------------------>\n        <span class=\"fl-icon facebook\">\n                    <\/span>\n        <!------------------ Twitter ------------------>\n        <span class=\"fl-icon twitter\">\n                            <a href=\"https:\/\/twitter.com\/kidsportFtSask\" target=\"_blank\" aria-label=\"link to https:\/\/twitter.com\/kidsport\/\" rel=\"noopener\">\n                    <i class=\"fab fa-twitter\" aria-hidden=\"true\"><\/i>\n                <\/a>\n                    <\/span>\n        <!------------------ Instagram ------------------>\n        <span class=\"fl-icon instagram\">\n                            <a href=\"https:\/\/www.instagram.com\/kidsport.canada\/\" target=\"_blank\" aria-label=\"link to https:\/\/www.instagram.com\/kidsport.canada\/\" rel=\"noopener\">\n                    <i class=\"fab fa-instagram\" aria-hidden=\"true\"><\/i>\n                <\/a>\n                    <\/span>\n        <!------------------ YouTube ------------------>\n        <span class=\"fl-icon youtube\">\n                            <a href=\"https:\/\/www.youtube.com\/user\/KidSportCanada\" target=\"_blank\" aria-label=\"link to https:\/\/www.youtube.com\/user\/KidSportCanada\" rel=\"noopener\">\n                    <i class=\"fab fa-youtube\" aria-hidden=\"true\"><\/i>\n                <\/a>\n                    <\/span>\n    <\/span>\n    \n<h5>\n\t\t\tPROVINCIAL FUND GRANTS\t<\/h5>\n\t<p>If your community does not have a local chapter, you can still apply for a KidSport grant through the Alberta Provincial Fund.<\/p>\n\t\t\t<a href=\"https:\/\/kidsportcanada.ca\/alberta\/fort-saskatchewan\/fr\/alberta\/\" target=\"_self\" rel=\"noopener\">\n\t\t\t\t\t\t\tLEARN MORE &amp; APPLY HERE\n\t\t\t\t\t<\/a>\n<h2 data-animation-delay=\"0\" data-animation-duration=\"1\">\n\t\t\tSTAFF Directory\t<\/h2>\n\t<strong>Roger Ethier<\/strong><br \/>\nChairperson<br \/>\n<a href=\"mailto:fortsask@kidsport.ab.ca\" target=\"_blank\" rel=\"noopener\">fortsask@kidsport.ab.ca<\/a>\n\t<strong>Vacant<\/strong><br \/>\nVice Chariperson<br \/>\n<a href=\"mailto:\" target=\"_blank\" rel=\"noopener\">fortsask@kidsport.ab.ca<\/a>\n\t<strong>Cody Tarrant<\/strong><br \/>\nTreasurer\n<p><a href=\"mailto:\" target=\"_blank\" rel=\"noopener\">fortsask@kidsport.ab.ca<\/a><\/p>\n\t<strong>Kelsey Spicer<\/strong><br \/>\nSecretary\n<p><a href=\"mailto:\" target=\"_blank\" rel=\"noopener\">fortsask@kidsport.ab.ca<\/a><\/p>\n<p>&nbsp;<\/p>\n<strong>Vacant<\/strong><br \/>\nSocial Media Coordinator\n<p><a href=\"mailto:\" target=\"_blank\" rel=\"noopener\">fortsask@kidsport.ab.ca<\/a><\/p>\n<p>&nbsp;<\/p>\n<strong>Jeffrey Sakundiak<\/strong><br \/>\nBoard Member\n<p><a href=\"mailto:\" target=\"_blank\" rel=\"noopener\">fortsask@kidsport.ab.ca<\/a><\/p>\n\t<strong>Bill Quinton<\/strong><br \/>\nEquipment Coordinator\n<p><a href=\"mailto:\" target=\"_blank\" rel=\"noopener\">fortsask@kidsport.ab.ca<\/a><\/p>\n<p>&nbsp;<\/p>\n<p><strong>Lynn Pearson<\/strong><\/p>\n<p>Applications Coordinator<\/p>\n<p><a href=\"mailto:fortsask@kidsport.ab.ca\">fortsask@kidsport.ab.ca<\/a><\/p>\n<p>&nbsp;<\/p>\n<p><strong>Daniel Heesing <\/strong><\/p>\n<p>Board Member<\/p>\n<p><a href=\"mailto:fortsask@kidsport.ab.ca\">fortsask@kidsport.ab.ca<\/a><\/p>\n<p>&nbsp;<\/p>\n\t<strong>Brenda Jacobs<\/strong><br \/>\nFundraising Coordinator\n<p><a href=\"mailto:\" target=\"_blank\" rel=\"noopener\">fortsask@kidsport.ab.ca<\/a><\/p>\n<p>&nbsp;<\/p>\n<a href=\"https:\/\/planetcomcreative.ca\/\" target=\"_blank\" rel=\"noopener\"><strong>PlanetCom Creative<\/strong><\/a><br \/>\nWebsite Administrator\n<p><a href=\"mailto:web@planetcom.ca\">web@planetcom.ca<\/a><\/p>\n<p>&nbsp;<\/p>\n<strong>Vacant<\/strong><br \/>\nEvents Coordinator\n<p><a href=\"mailto:\" target=\"_blank\" rel=\"noopener\">fortsask@kidsport.ab.ca<\/a><\/p>\n<p>&nbsp;<\/p>\n<p>&nbsp;<\/p>\n<h2 data-animation-delay=\"0\" data-animation-duration=\"1\">\n\t\t\tCOMMON Questions\t<\/h2>\n\t\t\t\t\t<a href=\"#\" id=\"fl-accordion--label-0\" aria-controls=\"fl-accordion--panel-0\">Comment puis-je obtenir une subvention SportJeunesse pour un enfant?<\/a>\n\t\t\t\t\t\t\t\t\t\t\t<a href=\"#\" id=\"fl-accordion--icon-0\"><i title=\"Expand\">Expand<\/i><\/a>\n\t\t\t\t\t<p>Si votre enfant ou un jeune que vous connaissez pouvait b\u00e9n\u00e9ficier d\u2019un coup de pouce pour participer au sport de son choix, la subvention SportJeunesse peut aider!<\/p>\n<p>Une fois que l\u2019enfant aura \u00e9t\u00e9 inscrit \u00e0 son programme de sport, vous devez trouver votre section locale, ou le fonds provincial de SportJeunesse Fort Saskatchewan, pour pr\u00e9senter une demande de subvention. Notre formulaire en ligne est s\u00e9curis\u00e9e et est la fa\u00e7on la plus facile d\u2019envoyer les renseignements exig\u00e9s, mais vous pouvez aussi utiliser le formulaire papier si vous pr\u00e9f\u00e9rez. <a href=\"https:\/\/kidsportcanada.ca\/alberta\/fort-saskatchewan\/fr\/fort-saskatchewan\/apply\/\">formulaire de demande en ligne<\/a> est le moyen le plus rapide d'envoyer les informations requises, mais vous pouvez \u00e9galement en faire la demande sur papier si vous le souhaitez.<\/p>\n\t\t\t\t\t<a href=\"#\" id=\"fl-accordion--label-1\" aria-controls=\"fl-accordion--panel-1\">\u00c0 qui dois-je m\u2019adresser pour faire un don?<\/a>\n\t\t\t\t\t\t\t\t\t\t\t<a href=\"#\" id=\"fl-accordion--icon-1\"><i title=\"Expand\">Expand<\/i><\/a>\n\t\t\t\t\t<p>Notre formulaire de <a href=\"https:\/\/kidsportcanada.ca\/alberta\/fort-saskatchewan\/fr\/fort-saskatchewan\/donate\/\">Donate<\/a>! If you have further questions about donations, please contact us via email fortsask@kidsport.ab.ca &#8211; we&#8217;ll get back to you as soon as we can.<\/p>\n\t\t\t\t\t<a href=\"#\" id=\"fl-accordion--label-2\" aria-controls=\"fl-accordion--panel-2\">\u00c0 qui dois-je m\u2019adresser pour parler de partenariats?<\/a>\n\t\t\t\t\t\t\t\t\t\t\t<a href=\"#\" id=\"fl-accordion--icon-2\"><i title=\"Expand\">Expand<\/i><\/a>\n\t\t\t\t\t<p>Thanks for your interest in joining the team! Please reach out over email at fortsask@kidsport.ab.ca to get the ball rolling.<\/p>\n\t\t\t\t\t<a href=\"#\" id=\"fl-accordion--label-3\" aria-controls=\"fl-accordion--panel-3\">SportJeunesse est-il un organisme de bienfaisance enregistr\u00e9?<\/a>\n\t\t\t\t\t\t\t\t\t\t\t<a href=\"#\" id=\"fl-accordion--icon-3\"><i title=\"Expand\">Expand<\/i><\/a>\n\t\t\t\t\t<p>Yes! KidSport is an RCAAA, and qualified donee per the CRA. Our charitable number is \u00a0BN 86212 5986 RR0003.<\/p>","protected":false},"excerpt":{"rendered":"<p>KidSport Fort Saskatchewan CONTACT US Get in touch &#8211; we&#8217;d be happy to answer any questions or help you get involved. MAILING ADDRESS P.O. Box 20051, Ft. Sask\u00a0 T8L 4C8 CONNECT KidSport Fort Sask. is run by a volunteer board and we do not have an office location.\u00a0 Therefore, email is the preferred method of&hellip;<\/p>","protected":false},"author":16,"featured_media":190,"parent":0,"menu_order":0,"comment_status":"closed","ping_status":"closed","template":"","meta":{"_acf_changed":false,"footnotes":""},"class_list":["post-148","page","type-page","status-publish","has-post-thumbnail","hentry"],"acf":[],"yoast_head":"<!-- This site is optimized with the Yoast SEO plugin v27.4 - https:\/\/yoast.com\/product\/yoast-seo-wordpress\/ -->\n<title>Contact Us - KidSport Fort Saskatchewan<\/title>\n<meta name=\"description\" content=\"Get in touch. We would be happy to answer any questions or help you get involved.\" \/>\n<meta name=\"robots\" content=\"index, follow, max-snippet:-1, max-image-preview:large, max-video-preview:-1\" \/>\n<link rel=\"canonical\" href=\"https:\/\/kidsportcanada.ca\/alberta\/fort-saskatchewan\/fr\/contact-us\/\" \/>\n<meta property=\"og:locale\" content=\"fr_CA\" \/>\n<meta property=\"og:type\" content=\"article\" \/>\n<meta property=\"og:title\" content=\"Contact Us - KidSport Fort Saskatchewan\" \/>\n<meta property=\"og:description\" content=\"Get in touch. We would be happy to answer any questions or help you get involved.\" \/>\n<meta property=\"og:url\" content=\"https:\/\/kidsportcanada.ca\/alberta\/fort-saskatchewan\/fr\/contact-us\/\" \/>\n<meta property=\"og:site_name\" content=\"Fort Saskatchewan\" \/>\n<meta property=\"article:modified_time\" content=\"2025-08-08T18:40:46+00:00\" \/>\n<meta property=\"og:image\" content=\"https:\/\/kidsportcanada.ca\/wp-content\/uploads\/sites\/119\/brett-levis.jpg\" \/>\n\t<meta property=\"og:image:width\" content=\"1600\" \/>\n\t<meta property=\"og:image:height\" content=\"1000\" \/>\n\t<meta property=\"og:image:type\" content=\"image\/jpeg\" \/>\n<meta name=\"twitter:card\" content=\"summary_large_image\" \/>\n<meta name=\"twitter:label1\" content=\"Estimation du temps de lecture\" \/>\n\t<meta name=\"twitter:data1\" content=\"2 minutes\" \/>\n<script type=\"application\/ld+json\" class=\"yoast-schema-graph\">{\"@context\":\"https:\\\/\\\/schema.org\",\"@graph\":[{\"@type\":\"WebPage\",\"@id\":\"https:\\\/\\\/kidsportcanada.ca\\\/alberta\\\/fort-saskatchewan\\\/contact-us\\\/\",\"url\":\"https:\\\/\\\/kidsportcanada.ca\\\/alberta\\\/fort-saskatchewan\\\/contact-us\\\/\",\"name\":\"Contact Us - KidSport Fort Saskatchewan\",\"isPartOf\":{\"@id\":\"https:\\\/\\\/kidsportcanada.ca\\\/alberta\\\/fort-saskatchewan\\\/#website\"},\"primaryImageOfPage\":{\"@id\":\"https:\\\/\\\/kidsportcanada.ca\\\/alberta\\\/fort-saskatchewan\\\/contact-us\\\/#primaryimage\"},\"image\":{\"@id\":\"https:\\\/\\\/kidsportcanada.ca\\\/alberta\\\/fort-saskatchewan\\\/contact-us\\\/#primaryimage\"},\"thumbnailUrl\":\"\\\/wp-content\\\/uploads\\\/sites\\\/119\\\/brett-levis.jpg\",\"datePublished\":\"2020-04-01T20:45:29+00:00\",\"dateModified\":\"2025-08-08T18:40:46+00:00\",\"description\":\"Get in touch. We would be happy to answer any questions or help you get involved.\",\"breadcrumb\":{\"@id\":\"https:\\\/\\\/kidsportcanada.ca\\\/alberta\\\/fort-saskatchewan\\\/contact-us\\\/#breadcrumb\"},\"inLanguage\":\"fr-CA\",\"potentialAction\":[{\"@type\":\"ReadAction\",\"target\":[\"https:\\\/\\\/kidsportcanada.ca\\\/alberta\\\/fort-saskatchewan\\\/contact-us\\\/\"]}]},{\"@type\":\"ImageObject\",\"inLanguage\":\"fr-CA\",\"@id\":\"https:\\\/\\\/kidsportcanada.ca\\\/alberta\\\/fort-saskatchewan\\\/contact-us\\\/#primaryimage\",\"url\":\"\\\/wp-content\\\/uploads\\\/sites\\\/119\\\/brett-levis.jpg\",\"contentUrl\":\"\\\/wp-content\\\/uploads\\\/sites\\\/119\\\/brett-levis.jpg\",\"width\":1600,\"height\":1000,\"caption\":\"Brett Levis a professional soccer player having a team huddle with a group of young kids on a soccer field\"},{\"@type\":\"BreadcrumbList\",\"@id\":\"https:\\\/\\\/kidsportcanada.ca\\\/alberta\\\/fort-saskatchewan\\\/contact-us\\\/#breadcrumb\",\"itemListElement\":[{\"@type\":\"ListItem\",\"position\":1,\"name\":\"Home\",\"item\":\"https:\\\/\\\/kidsportcanada.ca\\\/alberta\\\/fort-saskatchewan\\\/\"},{\"@type\":\"ListItem\",\"position\":2,\"name\":\"Contact Us\"}]},{\"@type\":\"WebSite\",\"@id\":\"https:\\\/\\\/kidsportcanada.ca\\\/alberta\\\/fort-saskatchewan\\\/#website\",\"url\":\"https:\\\/\\\/kidsportcanada.ca\\\/alberta\\\/fort-saskatchewan\\\/\",\"name\":\"Fort Saskatchewan\",\"description\":\"So all kids can play\",\"potentialAction\":[{\"@type\":\"SearchAction\",\"target\":{\"@type\":\"EntryPoint\",\"urlTemplate\":\"https:\\\/\\\/kidsportcanada.ca\\\/alberta\\\/fort-saskatchewan\\\/?s={search_term_string}\"},\"query-input\":{\"@type\":\"PropertyValueSpecification\",\"valueRequired\":true,\"valueName\":\"search_term_string\"}}],\"inLanguage\":\"fr-CA\"}]}<\/script>\n<!-- \/ Yoast SEO plugin. -->","yoast_head_json":{"title":"Contact Us - KidSport Fort Saskatchewan","description":"Communiquez avec nous! Nous serons heureux de r\u00e9pondre \u00e0 vos questions ou de vous aider \u00e0 vous impliquer.","robots":{"index":"index","follow":"follow","max-snippet":"max-snippet:-1","max-image-preview":"max-image-preview:large","max-video-preview":"max-video-preview:-1"},"canonical":"https:\/\/kidsportcanada.ca\/alberta\/fort-saskatchewan\/fr\/contact-us\/","og_locale":"fr_CA","og_type":"article","og_title":"Contact Us - KidSport Fort Saskatchewan","og_description":"Get in touch. We would be happy to answer any questions or help you get involved.","og_url":"https:\/\/kidsportcanada.ca\/alberta\/fort-saskatchewan\/fr\/contact-us\/","og_site_name":"Fort Saskatchewan","article_modified_time":"2025-08-08T18:40:46+00:00","og_image":[{"width":1600,"height":1000,"url":"https:\/\/kidsportcanada.ca\/wp-content\/uploads\/sites\/119\/brett-levis.jpg","type":"image\/jpeg"}],"twitter_card":"summary_large_image","twitter_misc":{"Estimation du temps de lecture":"2 minutes"},"schema":{"@context":"https:\/\/schema.org","@graph":[{"@type":"WebPage","@id":"https:\/\/kidsportcanada.ca\/alberta\/fort-saskatchewan\/contact-us\/","url":"https:\/\/kidsportcanada.ca\/alberta\/fort-saskatchewan\/contact-us\/","name":"Contact Us - KidSport Fort Saskatchewan","isPartOf":{"@id":"https:\/\/kidsportcanada.ca\/alberta\/fort-saskatchewan\/#website"},"primaryImageOfPage":{"@id":"https:\/\/kidsportcanada.ca\/alberta\/fort-saskatchewan\/contact-us\/#primaryimage"},"image":{"@id":"https:\/\/kidsportcanada.ca\/alberta\/fort-saskatchewan\/contact-us\/#primaryimage"},"thumbnailUrl":"\/wp-content\/uploads\/sites\/119\/brett-levis.jpg","datePublished":"2020-04-01T20:45:29+00:00","dateModified":"2025-08-08T18:40:46+00:00","description":"Communiquez avec nous! Nous serons heureux de r\u00e9pondre \u00e0 vos questions ou de vous aider \u00e0 vous impliquer.","breadcrumb":{"@id":"https:\/\/kidsportcanada.ca\/alberta\/fort-saskatchewan\/contact-us\/#breadcrumb"},"inLanguage":"fr-CA","potentialAction":[{"@type":"ReadAction","target":["https:\/\/kidsportcanada.ca\/alberta\/fort-saskatchewan\/contact-us\/"]}]},{"@type":"ImageObject","inLanguage":"fr-CA","@id":"https:\/\/kidsportcanada.ca\/alberta\/fort-saskatchewan\/contact-us\/#primaryimage","url":"\/wp-content\/uploads\/sites\/119\/brett-levis.jpg","contentUrl":"\/wp-content\/uploads\/sites\/119\/brett-levis.jpg","width":1600,"height":1000,"caption":"Brett Levis a professional soccer player having a team huddle with a group of young kids on a soccer field"},{"@type":"BreadcrumbList","@id":"https:\/\/kidsportcanada.ca\/alberta\/fort-saskatchewan\/contact-us\/#breadcrumb","itemListElement":[{"@type":"ListItem","position":1,"name":"Home","item":"https:\/\/kidsportcanada.ca\/alberta\/fort-saskatchewan\/"},{"@type":"ListItem","position":2,"name":"Contact Us"}]},{"@type":"WebSite","@id":"https:\/\/kidsportcanada.ca\/alberta\/fort-saskatchewan\/#website","url":"https:\/\/kidsportcanada.ca\/alberta\/fort-saskatchewan\/","name":"Fort Saskatchewan","description":"So all kids can play","potentialAction":[{"@type":"SearchAction","target":{"@type":"EntryPoint","urlTemplate":"https:\/\/kidsportcanada.ca\/alberta\/fort-saskatchewan\/?s={search_term_string}"},"query-input":{"@type":"PropertyValueSpecification","valueRequired":true,"valueName":"search_term_string"}}],"inLanguage":"fr-CA"}]}},"_links":{"self":[{"href":"https:\/\/kidsportcanada.ca\/alberta\/fort-saskatchewan\/fr\/wp-json\/wp\/v2\/pages\/148","targetHints":{"allow":["GET"]}}],"collection":[{"href":"https:\/\/kidsportcanada.ca\/alberta\/fort-saskatchewan\/fr\/wp-json\/wp\/v2\/pages"}],"about":[{"href":"https:\/\/kidsportcanada.ca\/alberta\/fort-saskatchewan\/fr\/wp-json\/wp\/v2\/types\/page"}],"author":[{"embeddable":true,"href":"https:\/\/kidsportcanada.ca\/alberta\/fort-saskatchewan\/fr\/wp-json\/wp\/v2\/users\/16"}],"replies":[{"embeddable":true,"href":"https:\/\/kidsportcanada.ca\/alberta\/fort-saskatchewan\/fr\/wp-json\/wp\/v2\/comments?post=148"}],"version-history":[{"count":0,"href":"https:\/\/kidsportcanada.ca\/alberta\/fort-saskatchewan\/fr\/wp-json\/wp\/v2\/pages\/148\/revisions"}],"wp:featuredmedia":[{"embeddable":true,"href":"https:\/\/kidsportcanada.ca\/alberta\/fort-saskatchewan\/fr\/wp-json\/wp\/v2\/media\/190"}],"wp:attachment":[{"href":"https:\/\/kidsportcanada.ca\/alberta\/fort-saskatchewan\/fr\/wp-json\/wp\/v2\/media?parent=148"}],"curies":[{"name":"wp","href":"https:\/\/api.w.org\/{rel}","templated":true}]}}