
{"id":136,"date":"2020-04-01T18:27:16","date_gmt":"2020-04-01T18:27:16","guid":{"rendered":"http:\/\/kidsportcanada.ca\/alberta\/?page_id=136"},"modified":"2026-03-25T17:28:06","modified_gmt":"2026-03-25T17:28:06","slug":"donate","status":"publish","type":"page","link":"https:\/\/kidsportcanada.ca\/alberta\/fr\/donate\/","title":{"rendered":"Donate"},"content":{"rendered":"<h1 data-animation-delay=\"0\" data-animation-duration=\"1\">\n\t\t\tDONATE TODAY\t<\/h1>\n<h3 data-animation-delay=\"0.2\" data-animation-duration=\"1\">\n\t\t\tVous souvenez-vous de l\u2019ar\u00e9na o\u00f9 vous vous entra\u00eeniez les samedis matin? Ou de l\u2019\u00e9quipe au sein de laquelle vous avez rencontr\u00e9 votre \u00e9quipage d\u2019\u00e9t\u00e9? Votre soutien peut donner aux enfants du\/de la\/de l\u2019 Alberta l\u2019occasion de s\u2019\u00e9panouir de la m\u00eame fa\u00e7on.\t<\/h3>\n\t\t\t<a href=\"https:\/\/secure.e2rm.com\/registrant\/DonationPage.aspx?eventid=249728&#038;langpref=en-CA&#038;Referrer=https%3a%2f%2fadmin.e2rm.com%2f\" target=\"_blank\" rel=\"noopener\">\n\t\t\t\t\t\t\tDONNER\n\t\t\t<\/a>\n<h2>\n\t\t\tHave your donation Matched\t<\/h2>\n\t<h3>When you donate to KidSport Alberta through Rogers Birdies for Kids presented by AltaLink, your donation is matched up to 50%!<\/h3>\n<p>&nbsp;<\/p>\n\t\t\t<a href=\"https:\/\/rogerscharityclassic.com\/kidsport-alberta\/\" target=\"_blank\" rel=\"noopener\">\n\t\t\t\t\t\t\tDONNER\n\t\t\t<\/a>\n<figure>\n\t\t\t\t<img decoding=\"async\" src=\"\/wp-content\/uploads\/sites\/96\/unnamed-1-1.png\" alt=\"Rogers Birdies\" height=\"710\" width=\"910\" title=\"Rogers Birdies\" loading=\"lazy\" \/>\n\t<\/figure>\n<h2>\n\t\t\tDONATE Online\t<\/h2>\n\t<h3>Donnez \u00e0 SportJeunesse Alberta en utilisant notre formulaire s\u00e9curis\u00e9 en ligne (il s\u2019ouvrira sous un nouvel onglet).<\/h3>\n\t\t\t<a href=\"https:\/\/secure.e2rm.com\/registrant\/DonationPage.aspx?eventid=249728&#038;langpref=en-CA&#038;Referrer=https%3a%2f%2fadmin.e2rm.com%2f\" target=\"_blank\" rel=\"noopener\">\n\t\t\t\t\t\t\tDONNER\n\t\t\t<\/a>\n\t\t\t<a href=\"#common-questions\" target=\"_self\">\n\t\t\t\t\t\t\tQUESTIONS COURANTES\n\t\t\t\t\t<\/a>\n<h5>\n\t\t\tPr\u00e9f\u00e9rez-vous donner hors ligne?\t<\/h5>\n\t<p>Download and send in the KidSport Donation Form. Our CRA Charitable registration number is             <span class=\"charitablenumber-div\">\n            <span>86212 5986 RR0003<\/span>\n        \n    .<\/p>\n\t\t\t<a href=\"\/wp-content\/uploads\/sites\/96\/KidSport-Alberta-donor-form.pdf\" target=\"_blank\" rel=\"noopener\">\n\t\t\t\t\t\tFORMULAIRE PAPIER\n\t\t\t\t\t<\/a>\n<h2>\n\t\t\tTHE POWER OF Sport\t<\/h2>\n\t<p>Avec votre soutien, SportJeunesse Alberta permet aux enfants d\u2019ici de b\u00e9n\u00e9ficier des avantages du sport toute leur vie durant : ils apprennent le leadership, l\u2019assiduit\u00e9, le d\u00e9vouement et la confiance en soi, et ils adoptent les habitudes et le r\u00e9seau de soutien n\u00e9cessaires pour devenir des adultes en sant\u00e9.<\/p>\n<p>Par le sport, les enfants ont aussi acc\u00e8s au mentorat et \u00e0 l\u2019encadrement de leaders chevronn\u00e9s, ce qui leur permet d\u2019am\u00e9liorer encore plus leurs habilet\u00e9s et de devenir nos futurs leaders communautaires.<\/p>\n<p>Le sport est l\u2019un des meilleurs cadeaux qu\u2019un enfant puisse recevoir. Votre don \u00e0 SportJeunesse Alberta nous aide \u00e0 faire en sorte que TOUS les enfants puissent jouer!<\/p>\n<p>The KidSport Alberta Provincial Fund gives up to $350 per eligible kid per year, to participate in a season of sport of their choice. Will you give the gift of sport today?<\/p>\n<h2 data-animation-delay=\"0\" data-animation-duration=\"1\">\n\t\t\tOTHER WAYS TO Support\t<\/h2>\n<h5>\n\t\t\tDonner une voiture\t<\/h5>\n<figure>\n\t\t\t\t<img decoding=\"async\" src=\"\/wp-content\/uploads\/sites\/96\/donate_car.svg\" alt=\"A car illustration\" height=\"52\" width=\"85\" title=\"donate_car\" loading=\"lazy\" \/>\n\t<\/figure>\n\t<p>L\u2019organisme Donate a Car Canada s\u2019occupe de la logistique afin qu\u2019il soit facile pour SportJeunesse Canada de b\u00e9n\u00e9ficier de votre ancienne voiture.<\/p>\n\t\t\t<a href=\"https:\/\/donatecar.ca\/org\/donate.php?charitypage=KidsportCanada\" target=\"_blank\" rel=\"noopener\">\n\t\t\t\t\t\t\tEN SAVOIR PLUS\n\t\t\t\t\t<\/a>\n<h5>\n\t\t\tTransfert de valeurs mobili\u00e8res\t<\/h5>\n<figure>\n\t\t\t\t<img decoding=\"async\" src=\"\/wp-content\/uploads\/sites\/96\/transfer_securities.svg\" alt=\"An illustration of two monetary bills\" height=\"58\" width=\"85\" title=\"transfer_securities\" loading=\"lazy\" \/>\n\t<\/figure>\n\t<p>En faisant un don d\u2019actions \u00e0 valeur accrue, de fonds communs de placement ou d\u2019options d\u2019achat d\u2019actions, vous ne payez aucun imp\u00f4t sur les gains en capital et vous recevez un re\u00e7u officiel au montant de la juste valeur marchande des valeurs mobili\u00e8res.<\/p>\n\t\t\t<a href=\"\/wp-content\/uploads\/sites\/96\/KidSport-Gift-of-Securities-Transfer-Form-ENG-and-FR-2025.pdf\" target=\"_blank\" rel=\"noopener\">\n\t\t\t\t\t\tDEMANDE DE TRANSFERT\n\t\t\t\t\t<\/a>\n<h5>\n\t\t\tDon planifi\u00e9\t<\/h5>\n<figure>\n\t\t\t\t<img decoding=\"async\" src=\"\/wp-content\/uploads\/sites\/96\/planned_giving.svg\" alt=\"An illustration of a present with a bow on the top\" height=\"57\" width=\"85\" title=\"planned_giving\" loading=\"lazy\" \/>\n\t<\/figure>\n\t<p>Legacy donations aren&#8217;t just for the ultra-wealthy; anyone can make a plan to reduce their family&#8217;s tax burden by donating to KidSport in their will.<\/p>\n\t\t\t<a href=\"\/alberta\/fr\/-chapter\/contact-us\/\" target=\"_self\">\n\t\t\t\t\t\t\tCONTACTEZ-NOUS\n\t\t\t\t\t<\/a>\n<h5>\n\t\t\tDevenir un partenaire\t<\/h5>\n<figure>\n\t\t\t\t<img decoding=\"async\" src=\"\/wp-content\/uploads\/sites\/96\/become_partner.svg\" alt=\"A participation ribbon with a heart on it\" height=\"58\" width=\"85\" title=\"become_partner\" loading=\"lazy\" \/>\n\t<\/figure>\n\t<p>Des entreprises de partout au Canada commanditent SportJeunesse \u00e0 l\u2019\u00e9chelle nationale, provinciale et locale pour assurer que nous permettons \u00e0 autant d\u2019enfants que possible d\u2019acc\u00e9der au sport. <\/p>\n\t\t\t<a href=\"\/alberta\/fr\/-chapter\/contact-us\/\" target=\"_self\">\n\t\t\t\t\t\t\tEN SAVOIR PLUS\n\t\t\t\t\t<\/a>\n<h2 data-animation-delay=\"0\" data-animation-duration=\"1\">\n\t\t\tCOMMON Questions\t<\/h2>\n\t\t\t\t\t<a role=\"heading\" id=\"fl-accordion--label-0\">Mon don est-il s\u00e9curis\u00e9?<\/a>\n\t\t\t\t\t\t\t\t\t\t\t<button type=\"button\" id=\"fl-accordion--icon-0\" aria-expanded=\"false\" aria-controls=\"fl-accordion--panel-0\"><i>Expand<\/i><\/button>\n\t\t\t\t\t<p>Oui. Les dons faits \u00e0 SportJeunesse sont trait\u00e9s par FrontStream, l\u2019une des plus importantes plateformes nationales de collecte de fonds. Vos donn\u00e9es de carte de cr\u00e9dit sont s\u00e9curis\u00e9es et jamais nous ne vendrons ni ne divulguerons vos renseignements personnels.<\/p>\n\t\t\t\t\t<a role=\"heading\" id=\"fl-accordion--label-1\">Mon don est-il d\u00e9ductible du revenu imposable?<\/a>\n\t\t\t\t\t\t\t\t\t\t\t<button type=\"button\" id=\"fl-accordion--icon-1\" aria-expanded=\"false\" aria-controls=\"fl-accordion--panel-1\"><i>Expand<\/i><\/button>\n\t\t\t\t\t<p>Yes, eligible donations over $20 will receive a tax receipt from KidSport. Donate online to receive a receipt automatically and save a tree! Offline donations will be receipted by the end of the following quarter. To receive a tax receipt for your offline donation please include your full mailing address and an email address.<\/p>\n<p>Please view tax receipting <a href=\"\/wp-content\/uploads\/sites\/96\/kidsport_tax_receipting_guidelines.pdf\" target=\"_blank\" rel=\"noopener\">guidelines here<\/a>.<\/p>\n\t\t\t\t\t<a role=\"heading\" id=\"fl-accordion--label-2\">Puis-je faire un don mensuel r\u00e9current?<\/a>\n\t\t\t\t\t\t\t\t\t\t\t<button type=\"button\" id=\"fl-accordion--icon-2\" aria-expanded=\"false\" aria-controls=\"fl-accordion--panel-2\"><i>Expand<\/i><\/button>\n\t\t\t\t\t<p>You sure can! Monthly donors sustain our organization by providing reliable funding &#8211; and a big impact! Just $25 a month adds up to help a kid in one year.<\/p>\n<p>Simply select &#8220;Monthly Gift&#8221; at the top of our online donation form, or check the &#8220;Monthly GIft&#8221; box on the paper donation form. Your monthly donation will show up on your credit card statement, on the same date and for the same amount as your first gift.<\/p>\n\t\t\t\t\t<a role=\"heading\" id=\"fl-accordion--label-3\">\u00c0 quoi sert mon don?<\/a>\n\t\t\t\t\t\t\t\t\t\t\t<button type=\"button\" id=\"fl-accordion--icon-3\" aria-expanded=\"false\" aria-controls=\"fl-accordion--panel-3\"><i>Expand<\/i><\/button>\n\t\t\t\t\t<p>Chaque don fait \u00e0 SportJeunesse permet aux enfants de quitter la ligne lat\u00e9rale pour pratiquer un sport pendant une saison. Jusqu\u2019\u00e0 20 % de votre don pourrait servir \u00e0 couvrir nos frais de fonctionnement, par exemple pour organiser des collectes de fonds, remplacer l\u2019encre de notre imprimante ou remercier nos b\u00e9n\u00e9voles en leur offrant un repas ou une tasse de caf\u00e9.<\/p>\n<p>Si vous choisissez de diriger votre don vers une section communautaire, nous vous en remercions! La totalit\u00e9 de votre don restera dans la communaut\u00e9 que vous avez choisie, pour aider les enfants qui y habitent.<\/p>\n\t\t\t\t\t<a role=\"heading\" id=\"fl-accordion--label-4\">\u00c0 qui dois-je adresser mes questions?<\/a>\n\t\t\t\t\t\t\t\t\t\t\t<button type=\"button\" id=\"fl-accordion--icon-4\" aria-expanded=\"false\" aria-controls=\"fl-accordion--panel-4\"><i>Expand<\/i><\/button>\n\t\t\t\t\t<p>You can always reach out to the volunteers at KidSport Alberta for support. We&#8217;re happy to help.<\/p>\n<p>Please get in touch via email at <a href=\"mailto:info@kidsport.ab.ca\" target=\"_blank\" rel=\"noopener\">info@kidsport.ab.ca<\/a> or call 1-888-914-5437.<\/p>\n\t\t\t\t\t<a role=\"heading\" id=\"fl-accordion--label-5\">Mon don restera-t-il dans une communaut\u00e9 en particulier?<\/a>\n\t\t\t\t\t\t\t\t\t\t\t<button type=\"button\" id=\"fl-accordion--icon-5\" aria-expanded=\"false\" aria-controls=\"fl-accordion--panel-5\"><i>Expand<\/i><\/button>\n\t\t\t\t\t<p>Yes! Donations made to a community chapter will always stay in that community to help kids who live there. If your favourite community doesn&#8217;t have a chapter, or you&#8217;re looking to spread your impact a little more broadly, please consider donating to the KidSport Alberta Provincial Fund, which provides support to kids living in communities without a local chapter.<\/p>\n\t\t\t\t\t<a role=\"heading\" id=\"fl-accordion--label-6\">Quelles sont les possibilit\u00e9s de dons planifi\u00e9s?<\/a>\n\t\t\t\t\t\t\t\t\t\t\t<button type=\"button\" id=\"fl-accordion--icon-6\" aria-expanded=\"false\" aria-controls=\"fl-accordion--panel-6\"><i>Expand<\/i><\/button>\n\t\t\t\t\t<p>Thank you for considering KidSport as part of your legacy. There are a number of options for planned giving, and we&#8217;d love to chat with you to get it just right. Please reach out by             <span class=\"emailaddress-div\">\n            <a href=\"mailto:info@kidsport.ab.ca\">info@kidsport.ab.ca<\/a>\n             or             <span class=\"phonenumber-div\">\n            <a href=\"tel:1-888-914-5437\">1-888-914-5437<\/a>\n            <\/p>\n\t\t\t\t\t<a role=\"heading\" id=\"fl-accordion--label-7\">I&#8217;d like to fundraise for KidSport &#8211; how can I get started?<\/a>\n\t\t\t\t\t\t\t\t\t\t\t<button type=\"button\" id=\"fl-accordion--icon-7\" aria-expanded=\"false\" aria-controls=\"fl-accordion--panel-7\"><i>Expand<\/i><\/button>\n\t\t\t\t\t<p>We&#8217;re ready to team up with you on whatever fundraising ideas you have! Please reach out to your local chapter to fundraise locally, or reach out via <a href=\"mailto:info@kidsport.ab.ca\" target=\"_blank\" rel=\"noopener\">info@kidsport.ab.ca<\/a>.<\/p>\n<h2>\n\t\t\tLe coin de ambassadeur<br \/>Brett Levis\t<\/h2>\n<h3>\n\t\t\tVoyez les raisons pour lesquelles Brett Levis, joueur des Whitecaps de Vancouver, appuie SportJeunesse.\t<\/h3>\n\t\t\t<a href=\"\/alberta\/fr\/void(0)\/\" title=\"REGARDER LE FILM\" target=\"_self\" aria-label=\"REGARDER LE FILM\">\n\t\t\t\t\t\t\t\t\t\t\tREGARDER LE FILM\n\t\t<\/a>\n\t\t\t<a href=\"\/alberta\/fr\/void(0)\/\" title=\"REGARDER LE FILM\" target=\"_self\" aria-label=\"REGARDER LE FILM\">\n\t\t\t\t\t\t\t\t\t\t\tREGARDER LE FILM\n\t\t<\/a>","protected":false},"excerpt":{"rendered":"<p>DONATE TODAY Remember the rink where you used to practice on Saturday mornings? Or the team where you met your summer crew? Your support can provide kids in Alberta with the opportunity to flourish in the same ways. DONATE NOW Have your donation Matched When you donate to KidSport Alberta through Rogers Birdies for Kids&hellip;<\/p>","protected":false},"author":16,"featured_media":192,"parent":0,"menu_order":0,"comment_status":"closed","ping_status":"closed","template":"","meta":{"_acf_changed":false,"footnotes":""},"class_list":["post-136","page","type-page","status-publish","has-post-thumbnail","hentry"],"acf":[],"yoast_head":"<!-- This site is optimized with the Yoast SEO plugin v27.4 - https:\/\/yoast.com\/product\/yoast-seo-wordpress\/ -->\n<title>Donate - KidSport Alberta<\/title>\n<meta name=\"description\" content=\"Your financial support provides kids with the opportunity to grow through sport. Donate to kidSport securely online or by mail.\" \/>\n<meta name=\"robots\" content=\"index, follow, max-snippet:-1, max-image-preview:large, max-video-preview:-1\" \/>\n<link rel=\"canonical\" href=\"https:\/\/kidsportcanada.ca\/alberta\/fr\/donate\/\" \/>\n<meta property=\"og:locale\" content=\"fr_CA\" \/>\n<meta property=\"og:type\" content=\"article\" \/>\n<meta property=\"og:title\" content=\"Donate - KidSport Alberta\" \/>\n<meta property=\"og:description\" content=\"Your financial support provides kids with the opportunity to grow through sport. Donate to kidSport securely online or by mail.\" \/>\n<meta property=\"og:url\" content=\"https:\/\/kidsportcanada.ca\/alberta\/fr\/donate\/\" \/>\n<meta property=\"og:site_name\" content=\"Alberta\" \/>\n<meta property=\"article:modified_time\" content=\"2026-03-25T17:28:06+00:00\" \/>\n<meta property=\"og:image\" content=\"https:\/\/kidsportcanada.ca\/wp-content\/uploads\/sites\/96\/donate-today-headline.jpg\" \/>\n\t<meta property=\"og:image:width\" content=\"1600\" \/>\n\t<meta property=\"og:image:height\" content=\"1000\" \/>\n\t<meta property=\"og:image:type\" content=\"image\/jpeg\" \/>\n<meta name=\"twitter:card\" content=\"summary_large_image\" \/>\n<meta name=\"twitter:label1\" content=\"Estimation du temps de lecture\" \/>\n\t<meta name=\"twitter:data1\" content=\"5 minutes\" \/>\n<script type=\"application\/ld+json\" class=\"yoast-schema-graph\">{\"@context\":\"https:\\\/\\\/schema.org\",\"@graph\":[{\"@type\":\"WebPage\",\"@id\":\"https:\\\/\\\/kidsportcanada.ca\\\/alberta\\\/donate\\\/\",\"url\":\"https:\\\/\\\/kidsportcanada.ca\\\/alberta\\\/donate\\\/\",\"name\":\"Donate - KidSport Alberta\",\"isPartOf\":{\"@id\":\"https:\\\/\\\/kidsportcanada.ca\\\/alberta\\\/#website\"},\"primaryImageOfPage\":{\"@id\":\"https:\\\/\\\/kidsportcanada.ca\\\/alberta\\\/donate\\\/#primaryimage\"},\"image\":{\"@id\":\"https:\\\/\\\/kidsportcanada.ca\\\/alberta\\\/donate\\\/#primaryimage\"},\"thumbnailUrl\":\"\\\/wp-content\\\/uploads\\\/sites\\\/96\\\/donate-today-headline.jpg\",\"datePublished\":\"2020-04-01T18:27:16+00:00\",\"dateModified\":\"2026-03-25T17:28:06+00:00\",\"description\":\"Your financial support provides kids with the opportunity to grow through sport. Donate to kidSport securely online or by mail.\",\"breadcrumb\":{\"@id\":\"https:\\\/\\\/kidsportcanada.ca\\\/alberta\\\/donate\\\/#breadcrumb\"},\"inLanguage\":\"fr-CA\",\"potentialAction\":[{\"@type\":\"ReadAction\",\"target\":[\"https:\\\/\\\/kidsportcanada.ca\\\/alberta\\\/donate\\\/\"]}]},{\"@type\":\"ImageObject\",\"inLanguage\":\"fr-CA\",\"@id\":\"https:\\\/\\\/kidsportcanada.ca\\\/alberta\\\/donate\\\/#primaryimage\",\"url\":\"\\\/wp-content\\\/uploads\\\/sites\\\/96\\\/donate-today-headline.jpg\",\"contentUrl\":\"\\\/wp-content\\\/uploads\\\/sites\\\/96\\\/donate-today-headline.jpg\",\"width\":1600,\"height\":1000,\"caption\":\"An outdoor hockey rink with a red goalie net\"},{\"@type\":\"BreadcrumbList\",\"@id\":\"https:\\\/\\\/kidsportcanada.ca\\\/alberta\\\/donate\\\/#breadcrumb\",\"itemListElement\":[{\"@type\":\"ListItem\",\"position\":1,\"name\":\"Home\",\"item\":\"https:\\\/\\\/kidsportcanada.ca\\\/alberta\\\/\"},{\"@type\":\"ListItem\",\"position\":2,\"name\":\"Donate\"}]},{\"@type\":\"WebSite\",\"@id\":\"https:\\\/\\\/kidsportcanada.ca\\\/alberta\\\/#website\",\"url\":\"https:\\\/\\\/kidsportcanada.ca\\\/alberta\\\/\",\"name\":\"Alberta\",\"description\":\"So ALL kids can play!\",\"potentialAction\":[{\"@type\":\"SearchAction\",\"target\":{\"@type\":\"EntryPoint\",\"urlTemplate\":\"https:\\\/\\\/kidsportcanada.ca\\\/alberta\\\/?s={search_term_string}\"},\"query-input\":{\"@type\":\"PropertyValueSpecification\",\"valueRequired\":true,\"valueName\":\"search_term_string\"}}],\"inLanguage\":\"fr-CA\"}]}<\/script>\n<!-- \/ Yoast SEO plugin. -->","yoast_head_json":{"title":"Donate - KidSport Alberta","description":"Gr\u00e2ce \u00e0 votre soutien, les enfants ont l\u2019occasion de se d\u00e9velopper par le sport.","robots":{"index":"index","follow":"follow","max-snippet":"max-snippet:-1","max-image-preview":"max-image-preview:large","max-video-preview":"max-video-preview:-1"},"canonical":"https:\/\/kidsportcanada.ca\/alberta\/fr\/donate\/","og_locale":"fr_CA","og_type":"article","og_title":"Donate - KidSport Alberta","og_description":"Your financial support provides kids with the opportunity to grow through sport. Donate to kidSport securely online or by mail.","og_url":"https:\/\/kidsportcanada.ca\/alberta\/fr\/donate\/","og_site_name":"Alberta","article_modified_time":"2026-03-25T17:28:06+00:00","og_image":[{"width":1600,"height":1000,"url":"https:\/\/kidsportcanada.ca\/wp-content\/uploads\/sites\/96\/donate-today-headline.jpg","type":"image\/jpeg"}],"twitter_card":"summary_large_image","twitter_misc":{"Estimation du temps de lecture":"5 minutes"},"schema":{"@context":"https:\/\/schema.org","@graph":[{"@type":"WebPage","@id":"https:\/\/kidsportcanada.ca\/alberta\/donate\/","url":"https:\/\/kidsportcanada.ca\/alberta\/donate\/","name":"Donate - KidSport Alberta","isPartOf":{"@id":"https:\/\/kidsportcanada.ca\/alberta\/#website"},"primaryImageOfPage":{"@id":"https:\/\/kidsportcanada.ca\/alberta\/donate\/#primaryimage"},"image":{"@id":"https:\/\/kidsportcanada.ca\/alberta\/donate\/#primaryimage"},"thumbnailUrl":"\/wp-content\/uploads\/sites\/96\/donate-today-headline.jpg","datePublished":"2020-04-01T18:27:16+00:00","dateModified":"2026-03-25T17:28:06+00:00","description":"Gr\u00e2ce \u00e0 votre soutien, les enfants ont l\u2019occasion de se d\u00e9velopper par le sport.","breadcrumb":{"@id":"https:\/\/kidsportcanada.ca\/alberta\/donate\/#breadcrumb"},"inLanguage":"fr-CA","potentialAction":[{"@type":"ReadAction","target":["https:\/\/kidsportcanada.ca\/alberta\/donate\/"]}]},{"@type":"ImageObject","inLanguage":"fr-CA","@id":"https:\/\/kidsportcanada.ca\/alberta\/donate\/#primaryimage","url":"\/wp-content\/uploads\/sites\/96\/donate-today-headline.jpg","contentUrl":"\/wp-content\/uploads\/sites\/96\/donate-today-headline.jpg","width":1600,"height":1000,"caption":"An outdoor hockey rink with a red goalie net"},{"@type":"BreadcrumbList","@id":"https:\/\/kidsportcanada.ca\/alberta\/donate\/#breadcrumb","itemListElement":[{"@type":"ListItem","position":1,"name":"Home","item":"https:\/\/kidsportcanada.ca\/alberta\/"},{"@type":"ListItem","position":2,"name":"Donate"}]},{"@type":"WebSite","@id":"https:\/\/kidsportcanada.ca\/alberta\/#website","url":"https:\/\/kidsportcanada.ca\/alberta\/","name":"Alberta","description":"So ALL kids can play!","potentialAction":[{"@type":"SearchAction","target":{"@type":"EntryPoint","urlTemplate":"https:\/\/kidsportcanada.ca\/alberta\/?s={search_term_string}"},"query-input":{"@type":"PropertyValueSpecification","valueRequired":true,"valueName":"search_term_string"}}],"inLanguage":"fr-CA"}]}},"_links":{"self":[{"href":"https:\/\/kidsportcanada.ca\/alberta\/fr\/wp-json\/wp\/v2\/pages\/136","targetHints":{"allow":["GET"]}}],"collection":[{"href":"https:\/\/kidsportcanada.ca\/alberta\/fr\/wp-json\/wp\/v2\/pages"}],"about":[{"href":"https:\/\/kidsportcanada.ca\/alberta\/fr\/wp-json\/wp\/v2\/types\/page"}],"author":[{"embeddable":true,"href":"https:\/\/kidsportcanada.ca\/alberta\/fr\/wp-json\/wp\/v2\/users\/16"}],"replies":[{"embeddable":true,"href":"https:\/\/kidsportcanada.ca\/alberta\/fr\/wp-json\/wp\/v2\/comments?post=136"}],"version-history":[{"count":0,"href":"https:\/\/kidsportcanada.ca\/alberta\/fr\/wp-json\/wp\/v2\/pages\/136\/revisions"}],"wp:featuredmedia":[{"embeddable":true,"href":"https:\/\/kidsportcanada.ca\/alberta\/fr\/wp-json\/wp\/v2\/media\/192"}],"wp:attachment":[{"href":"https:\/\/kidsportcanada.ca\/alberta\/fr\/wp-json\/wp\/v2\/media?parent=136"}],"curies":[{"name":"wp","href":"https:\/\/api.w.org\/{rel}","templated":true}]}}