
{"id":1459,"date":"2024-01-03T23:59:11","date_gmt":"2024-01-03T23:59:11","guid":{"rendered":"https:\/\/kidsportcanada.ca\/alberta\/?page_id=1459"},"modified":"2025-02-08T00:05:59","modified_gmt":"2025-02-08T00:05:59","slug":"thermal-cup","status":"publish","type":"page","link":"https:\/\/kidsportcanada.ca\/alberta\/fr\/thermal-cup\/","title":{"rendered":"Thermal Cup"},"content":{"rendered":"<img decoding=\"async\" src=\"\/wp-content\/plugins\/bb-plugin\/img\/pixel.png\" alt=\"\" \/>\n\t\t\t\t<img loading=\"lazy\" decoding=\"async\" src=\"\/wp-content\/uploads\/sites\/96\/Thermal-Cup-web-logo-1-400x400.png\" alt=\"Thermal Cup web logo\" height=\"400\" width=\"400\" title=\"Thermal Cup web logo\" \/>\n\t\t\t<a href=\"https:\/\/kidsportab5050.com\/\" target=\"_self\" rel=\"noopener\">\n\t\t\t\t\t\tJOIN OUR ONLINE 50\/50!\n\t\t\t\t\t<\/a>\n<h3>\n\t\tWinner takes $$:\n\t<\/h3>\n\t\t\t\t\tCAD$100\t\t\t\t\n<h3>\n\t\t$$ to KidSport So ALL Kids Can Play!:\n\t<\/h3>\n\t\t\t\t\tCAD$0\t\t\t\t\n<h2>\n\t\tevent details\n\t<\/h2>\n\t\t\t\tDay\n\t\t\t\tHour\n\t\t\t\tMinute\n\t\t\t\tSecond\n<h6>\n\t\tThe Thermal Cup is a one-day hockey tournament at the Cold Lake Energy Centre on April 12,2025. The team participants are from local Oil &amp; Gas companies. \n\t<\/h6>\n<h6>\n\t\tAll proceeds from the event wil be donated to KidSport Alberta, a charity that provides grants to help cover registration costs so all kids aged 18 and under can play a season of any sport.\n\t<\/h6>\n<h6>\n\t\tThe impact of the event will help more kids into sport in several KidSport chapters: Bonnyville, St. Paul, Cold Lake, Wood Buffalo, Vermilion and Lloydminster.\n\t<\/h6>\n<h2>\n\t\tVenue\n\t<\/h2>\n\t\t\t\t<img loading=\"lazy\" decoding=\"async\" src=\"\/wp-content\/uploads\/sites\/96\/14-Upper-Level-Cenovus-Energy-Arena-inside-400x400.jpg\" alt=\"photo of hockey rink ice surface in cold lake\" height=\"400\" width=\"400\" title=\"Thermal Cup arena\" \/>\n<h3>\n\t\tCold Lake Energy Centre\n\t<\/h3>\n\t<p>Address:\u00a0<\/p>\n<p>7825 51 St #1759<\/p>\n<p>Cold Lake, AB T9M 0B6<\/p>\n<h2>\n\t\t<a href=\"https:\/\/www.rafflebox.ca\/raffle\/thermal-cup-2024\" title=\"Online 50\/50\" target=\"_blank\" rel=\"noopener\">\n\t\tOnline 50\/50\n\t\t<\/a>\n\t<\/h2>\n\t\t\t<a href=\"http:\/\/www.kidsportab5050.com\" target=\"_self\" rel=\"noopener\">\n\t\t\t\t\t\t\tBUY TICKETS!\n\t\t\t<\/a>\n\t<h4 data-v-bb519b2e=\"\">Ticket Prices<\/h4>\n100 for $100\n15 for $50\n4 for $20\n1 for $10\n<h2>\n\t\tDONATE Online\n\t<\/h2>\n\t<h3>Donate to a KidSport Chapter of your choice using our secure online form (will open in a new tab).<\/h3>\n\t\t\t<a href=\"https:\/\/kidsportcanada.ca\/alberta\/fr\/donate\/\" target=\"_self\" rel=\"noopener\">\n\t\t\t\t\t\t\tDONNER\n\t\t\t<\/a>\n\t\t\t<a href=\"#common-questions\" target=\"_self\" rel=\"noopener\">\n\t\t\t\t\t\t\tQUESTIONS COURANTES\n\t\t\t\t\t<\/a>\n<h5>\n\t\tPr\u00e9f\u00e9rez-vous donner hors ligne?\n\t<\/h5>\n\t<p>T\u00e9l\u00e9chargez et envoyez-nous le formulaire de don de SportJeunesse. Notre num\u00e9ro d\u2019enregistrement de l\u2019ARC est le 86212 5986 RR0003.<\/p>\n\t\t\t<a href=\"\/wp-content\/uploads\/sites\/96\/kidsport_online_donation_form_-_2014.pdf\" target=\"_blank\" rel=\"noopener\">\n\t\t\t\t\t\tFORMULAIRE PAPIER\n\t\t\t\t\t<\/a>\n\t\t\t\t<img loading=\"lazy\" decoding=\"async\" src=\"\/wp-content\/uploads\/sites\/96\/KidSport_Logo_English_Horizontal_Black_2016-1.png\" alt=\"KidSport_Logo_English_Horizontal_Black_2016\" height=\"288\" width=\"612\" title=\"KidSport_Logo_English_Horizontal_Black_2016\" \/>\n<h2>\n\t\tTOTAL RAISED\n\t<\/h2>\n<h1>\n\t\tDiamond sponsor\n\t<\/h1>\n\t\t\t\t<img loading=\"lazy\" decoding=\"async\" src=\"\/wp-content\/uploads\/sites\/96\/NES-Fircroft-Logo-CMYK.jpg\" alt=\"NES Fircroft Logo - CMYK\" height=\"136\" width=\"330\" title=\"NES Fircroft Logo - CMYK\" \/>\n<h1>\n\t\tPlatinum sponsor\n\t<\/h1>\n<h2>\n\t\tGold sponsor\n\t<\/h2>\n<h2>\n\t\tSilver sponsor\n\t<\/h2>\n<h2>\n\t\tBronze sponsor\n\t<\/h2>\n\t\t\t\t<img decoding=\"async\" src=\"\/wp-content\/plugins\/bb-plugin\/img\/pixel.png\" alt=\"\" \/>\n<h2>\n\t\tCOMMON Questions\n\t<\/h2>\n\t\t\t\t\t<a href=\"#\" id=\"fl-accordion--label-0\" aria-controls=\"fl-accordion--panel-0\">How do you purchase tickets for the Social event?<\/a>\n\t\t\t\t\t\t\t\t\t\t\t<a href=\"#\" id=\"fl-accordion--icon-0\"><i title=\"Expand\">Expand<\/i><\/a>\n\t\t\t\t\t<p>COMING SOON&#8230;.<\/p>\n\t\t\t\t\t<a href=\"#\" id=\"fl-accordion--label-1\" aria-controls=\"fl-accordion--panel-1\">What time does the tournament start?<\/a>\n\t\t\t\t\t\t\t\t\t\t\t<a href=\"#\" id=\"fl-accordion--icon-1\"><i title=\"Expand\">Expand<\/i><\/a>\n\t\t\t\t\t<p>TBD<\/p>\n\t\t\t\t\t<a href=\"#\" id=\"fl-accordion--label-2\" aria-controls=\"fl-accordion--panel-2\">Are my donations eligible for a tax receipt?<\/a>\n\t\t\t\t\t\t\t\t\t\t\t<a href=\"#\" id=\"fl-accordion--icon-2\"><i title=\"Expand\">Expand<\/i><\/a>\n\t\t\t\t\t<p>Yes, any donation $20 and over is eligible for a tax receipt from KidSport Alberta.<\/p>","protected":false},"excerpt":{"rendered":"<p>JOIN OUR ONLINE 50\/50! Winner takes $$: CAD$100 $$ to KidSport So ALL Kids Can Play!: CAD$0 event details Day Hour Minute Second The Thermal Cup is a one-day hockey tournament at the Cold Lake Energy Centre on April 12,2025. The team participants are from local Oil &amp; Gas companies. All proceeds from the event&hellip;<\/p>","protected":false},"author":226,"featured_media":0,"parent":0,"menu_order":0,"comment_status":"closed","ping_status":"closed","template":"","meta":{"_acf_changed":false,"footnotes":""},"class_list":["post-1459","page","type-page","status-publish","hentry"],"acf":[],"yoast_head":"<!-- This site is optimized with the Yoast SEO plugin v27.4 - https:\/\/yoast.com\/product\/yoast-seo-wordpress\/ -->\n<title>Thermal Cup - Alberta<\/title>\n<meta name=\"robots\" content=\"index, follow, max-snippet:-1, max-image-preview:large, max-video-preview:-1\" \/>\n<link rel=\"canonical\" href=\"https:\/\/kidsportcanada.ca\/alberta\/fr\/thermal-cup\/\" \/>\n<meta property=\"og:locale\" content=\"fr_CA\" \/>\n<meta property=\"og:type\" content=\"article\" \/>\n<meta property=\"og:title\" content=\"Thermal Cup - Alberta\" \/>\n<meta property=\"og:description\" content=\"JOIN OUR ONLINE 50\/50! Winner takes $$: CAD$100 $$ to KidSport So ALL Kids Can Play!: CAD$0 event details Day Hour Minute Second The Thermal Cup is a one-day hockey tournament at the Cold Lake Energy Centre on April 12,2025. The team participants are from local Oil &amp; Gas companies. All proceeds from the event&hellip;\" \/>\n<meta property=\"og:url\" content=\"https:\/\/kidsportcanada.ca\/alberta\/fr\/thermal-cup\/\" \/>\n<meta property=\"og:site_name\" content=\"Alberta\" \/>\n<meta property=\"article:modified_time\" content=\"2025-02-08T00:05:59+00:00\" \/>\n<meta name=\"twitter:card\" content=\"summary_large_image\" \/>\n<meta name=\"twitter:label1\" content=\"Estimation du temps de lecture\" \/>\n\t<meta name=\"twitter:data1\" content=\"7 minutes\" \/>\n<script type=\"application\/ld+json\" class=\"yoast-schema-graph\">{\"@context\":\"https:\\\/\\\/schema.org\",\"@graph\":[{\"@type\":\"WebPage\",\"@id\":\"https:\\\/\\\/kidsportcanada.ca\\\/alberta\\\/thermal-cup\\\/\",\"url\":\"https:\\\/\\\/kidsportcanada.ca\\\/alberta\\\/thermal-cup\\\/\",\"name\":\"Thermal Cup - Alberta\",\"isPartOf\":{\"@id\":\"https:\\\/\\\/kidsportcanada.ca\\\/alberta\\\/#website\"},\"datePublished\":\"2024-01-03T23:59:11+00:00\",\"dateModified\":\"2025-02-08T00:05:59+00:00\",\"breadcrumb\":{\"@id\":\"https:\\\/\\\/kidsportcanada.ca\\\/alberta\\\/thermal-cup\\\/#breadcrumb\"},\"inLanguage\":\"fr-CA\",\"potentialAction\":[{\"@type\":\"ReadAction\",\"target\":[\"https:\\\/\\\/kidsportcanada.ca\\\/alberta\\\/thermal-cup\\\/\"]}]},{\"@type\":\"BreadcrumbList\",\"@id\":\"https:\\\/\\\/kidsportcanada.ca\\\/alberta\\\/thermal-cup\\\/#breadcrumb\",\"itemListElement\":[{\"@type\":\"ListItem\",\"position\":1,\"name\":\"Home\",\"item\":\"https:\\\/\\\/kidsportcanada.ca\\\/alberta\\\/\"},{\"@type\":\"ListItem\",\"position\":2,\"name\":\"Thermal Cup\"}]},{\"@type\":\"WebSite\",\"@id\":\"https:\\\/\\\/kidsportcanada.ca\\\/alberta\\\/#website\",\"url\":\"https:\\\/\\\/kidsportcanada.ca\\\/alberta\\\/\",\"name\":\"Alberta\",\"description\":\"So ALL kids can play!\",\"potentialAction\":[{\"@type\":\"SearchAction\",\"target\":{\"@type\":\"EntryPoint\",\"urlTemplate\":\"https:\\\/\\\/kidsportcanada.ca\\\/alberta\\\/?s={search_term_string}\"},\"query-input\":{\"@type\":\"PropertyValueSpecification\",\"valueRequired\":true,\"valueName\":\"search_term_string\"}}],\"inLanguage\":\"fr-CA\"}]}<\/script>\n<!-- \/ Yoast SEO plugin. -->","yoast_head_json":{"title":"Thermal Cup - Alberta","robots":{"index":"index","follow":"follow","max-snippet":"max-snippet:-1","max-image-preview":"max-image-preview:large","max-video-preview":"max-video-preview:-1"},"canonical":"https:\/\/kidsportcanada.ca\/alberta\/fr\/thermal-cup\/","og_locale":"fr_CA","og_type":"article","og_title":"Thermal Cup - Alberta","og_description":"JOIN OUR ONLINE 50\/50! Winner takes $$: CAD$100 $$ to KidSport So ALL Kids Can Play!: CAD$0 event details Day Hour Minute Second The Thermal Cup is a one-day hockey tournament at the Cold Lake Energy Centre on April 12,2025. The team participants are from local Oil &amp; Gas companies. All proceeds from the event&hellip;","og_url":"https:\/\/kidsportcanada.ca\/alberta\/fr\/thermal-cup\/","og_site_name":"Alberta","article_modified_time":"2025-02-08T00:05:59+00:00","twitter_card":"summary_large_image","twitter_misc":{"Estimation du temps de lecture":"7 minutes"},"schema":{"@context":"https:\/\/schema.org","@graph":[{"@type":"WebPage","@id":"https:\/\/kidsportcanada.ca\/alberta\/thermal-cup\/","url":"https:\/\/kidsportcanada.ca\/alberta\/thermal-cup\/","name":"Thermal Cup - Alberta","isPartOf":{"@id":"https:\/\/kidsportcanada.ca\/alberta\/#website"},"datePublished":"2024-01-03T23:59:11+00:00","dateModified":"2025-02-08T00:05:59+00:00","breadcrumb":{"@id":"https:\/\/kidsportcanada.ca\/alberta\/thermal-cup\/#breadcrumb"},"inLanguage":"fr-CA","potentialAction":[{"@type":"ReadAction","target":["https:\/\/kidsportcanada.ca\/alberta\/thermal-cup\/"]}]},{"@type":"BreadcrumbList","@id":"https:\/\/kidsportcanada.ca\/alberta\/thermal-cup\/#breadcrumb","itemListElement":[{"@type":"ListItem","position":1,"name":"Home","item":"https:\/\/kidsportcanada.ca\/alberta\/"},{"@type":"ListItem","position":2,"name":"Thermal Cup"}]},{"@type":"WebSite","@id":"https:\/\/kidsportcanada.ca\/alberta\/#website","url":"https:\/\/kidsportcanada.ca\/alberta\/","name":"Alberta","description":"So ALL kids can play!","potentialAction":[{"@type":"SearchAction","target":{"@type":"EntryPoint","urlTemplate":"https:\/\/kidsportcanada.ca\/alberta\/?s={search_term_string}"},"query-input":{"@type":"PropertyValueSpecification","valueRequired":true,"valueName":"search_term_string"}}],"inLanguage":"fr-CA"}]}},"_links":{"self":[{"href":"https:\/\/kidsportcanada.ca\/alberta\/fr\/wp-json\/wp\/v2\/pages\/1459","targetHints":{"allow":["GET"]}}],"collection":[{"href":"https:\/\/kidsportcanada.ca\/alberta\/fr\/wp-json\/wp\/v2\/pages"}],"about":[{"href":"https:\/\/kidsportcanada.ca\/alberta\/fr\/wp-json\/wp\/v2\/types\/page"}],"author":[{"embeddable":true,"href":"https:\/\/kidsportcanada.ca\/alberta\/fr\/wp-json\/wp\/v2\/users\/226"}],"replies":[{"embeddable":true,"href":"https:\/\/kidsportcanada.ca\/alberta\/fr\/wp-json\/wp\/v2\/comments?post=1459"}],"version-history":[{"count":0,"href":"https:\/\/kidsportcanada.ca\/alberta\/fr\/wp-json\/wp\/v2\/pages\/1459\/revisions"}],"wp:attachment":[{"href":"https:\/\/kidsportcanada.ca\/alberta\/fr\/wp-json\/wp\/v2\/media?parent=1459"}],"curies":[{"name":"wp","href":"https:\/\/api.w.org\/{rel}","templated":true}]}}