
{"id":788,"date":"2021-02-22T22:22:57","date_gmt":"2021-02-22T22:22:57","guid":{"rendered":"https:\/\/kidsportcanada.ca\/alberta\/?page_id=788"},"modified":"2021-09-22T15:31:43","modified_gmt":"2021-09-22T15:31:43","slug":"givesport","status":"publish","type":"page","link":"https:\/\/kidsportcanada.ca\/alberta\/fr\/givesport\/","title":{"rendered":"GiveSport"},"content":{"rendered":"<img loading=\"lazy\" decoding=\"async\" src=\"\/wp-content\/uploads\/sites\/96\/givesport_logo_transp-400x400.png\" alt=\"givesport_logo_transp\" height=\"400\" width=\"400\" title=\"givesport_logo_transp\" \/>\n\t<h5>GiveSport with KidSport&#8230; So <em><strong>TOUS<\/strong><\/em> Kids Can Play!<\/h5>\n<p>The GiveSport Club is our donor-centric community focused on one of the most important gifts in life to a child, <strong>the power of sport<\/strong>.<\/p>\n<p>Joining is easy! Click on your preferred method of giving below and follow the directions:<\/p>\n\t\t\t<a href=\"#\" id=\"fl-accordion--label-0\">GiveSport Monthly<\/a>\n\t\t\t\t\t\t\t<a href=\"#\" id=\"fl-accordion--icon-0\"><i>Expand<\/i><\/a>\n\t\t<p>Monthly donors are dedicated supporters who have committed to giving sport to kids in their community.<\/p>\n<strong>HOW TO JOIN<\/strong><br \/>\nStep 1: Go to our Donation Page and select the monthly donation option.\n<p>Step 2: Select your preferred amount and the KidSport chapter that you would like to support.<\/p>\n<h5><a href=\"https:\/\/secure.e2rm.com\/registrant\/startup.aspx?eventid=249728\"><strong>BECOME A MONTHLY DONOR<\/strong><\/a><\/h5>\n\n<strong>MEMBERSHIP BENEFITS<\/strong><br \/>\n-Year End Tax Receipt<br \/>\n-KidSport lapel pin<br \/>\n-Thank You card<br \/>\n-KidSport Supporters E-Newsletters\n<p>You can make your monthly donation anonymous or, with your permission, we can publicly acknowledge your commitment.<\/p>\n\n\t\t\t<a href=\"#\" id=\"fl-accordion--label-1\">GiveSport Annually<\/a>\n\t\t\t\t\t\t\t<a href=\"#\" id=\"fl-accordion--icon-1\"><i>Expand<\/i><\/a>\n\t\t<p>GiveSport to kids in your community with a donation to KidSport.<\/p>\n<strong>HOW TO JOIN<\/strong><br \/>\nStep 1: Go to our Donation Page\n<p>Step 2: Select your preferred amount and the KidSport chapter that you would like to support.<\/p>\n<h5><a href=\"https:\/\/secure.e2rm.com\/registrant\/startup.aspx?eventid=249728\"><strong>BECOME A DONOR<\/strong><\/a><\/h5>\n<div id=\"attachment_812\" style=\"width: 410px\" class=\"wp-caption alignnone\"><img loading=\"lazy\" decoding=\"async\" aria-describedby=\"caption-attachment-812\" src=\"\/wp-content\/uploads\/sites\/96\/WJ-day-2-quote-IG-3-400x400.png\" alt=\"$500 per year gives sport to 2 basketball players, $1000 per year gives sport to 4 swimmers, $1500 per year gives sport to 6 soccer players\" width=\"400\" height=\"400\" \/><p id=\"caption-attachment-812\" class=\"wp-caption-text\">How your donation impacts kids.<\/p><\/div>\n\n<ul>\n<li>Tax Receipt<\/li>\n<li>Thank You card<\/li>\n<li>KidSport Supporters E-Newsletters<\/li>\n<\/ul>\n<p>We hope that you will consider becoming a GiveSport Club member. Your support will help KidSport be a force for good by ensuring all kids have access to organized sport opportunities and the life skills they develop.<\/p>\n\t\t\t<a href=\"#\" id=\"fl-accordion--label-2\">Become a Major League donor ($5,000+)<\/a>\n\t\t\t\t\t\t\t<a href=\"#\" id=\"fl-accordion--icon-2\"><i>Expand<\/i><\/a>\n\t\t<p>This exclusive group commit to making a significant major gift to give sport to multiple kids in their community.<\/p>\n<p>GiveSport to kids in your community with a donation to KidSport.<\/p>\n<p>Major League donors impact the lives of groups of children:<\/p>\n$5,000\/year &#8211; gives sport to 20 kids<br \/>\n$10,000\/year &#8211; gives sport to 40 kids<br \/>\n$20,000\/year &#8211; gives sport to 80 kids\n<strong>HOW TO JOIN<\/strong><br \/>\nStep 1: Go to our Donation Page\n<p>Step 2: Select your preferred amount and the KidSport chapter that you would like to support.<\/p>\n<h5><a href=\"https:\/\/secure.e2rm.com\/registrant\/startup.aspx?eventid=249728\"><strong>BECOME A MAJOR LEAGUE DONOR<\/strong><\/a><\/h5>\n<strong>MEMBERSHIP BENEFITS<br \/>\n<\/strong>-Tax Receipt<br \/>\n-KidSport lapel pin<br \/>\n-Thank You card and phone call<br \/>\n-KidSport Supporters E-Newsletters<br \/>\n-Acknowledgement on KidSport website and Annual Report as a Major Leaguer\n<p>We hope that you will consider joining our GiveSport Club by becoming a Major League donor. Your support will help KidSport be a force for good by creating solutions to ensure all kids can play sport.<\/p>\n\t\t\t<a href=\"#\" id=\"fl-accordion--label-3\">Leave a Legacy with planned giving<\/a>\n\t\t\t\t\t\t\t<a href=\"#\" id=\"fl-accordion--icon-3\"><i>Expand<\/i><\/a>\n\t\t\n<p>&nbsp;<\/p>\n<h2>\n\t\tYour donation IMPACT\n\t<\/h2>\n<h3>\n\t\tFor these two featured families, sport is more than a game. Sport is therapy for their kids.\n\t<\/h3>\n\t\t\t<a href=\"\/alberta\/fr\/void(0)\/\" target=\"_self\" rel=\"noopener\">\n\t\t\t\t\t\t\t\t\t\t\tWATCH FULL VIDEO\n\t\t<\/a>\n\t\t\t<a href=\"\" target=\"_self\" role=\"button\" rel=\"noopener\">\n\t\t\t\t\t\t\tDONATION FAQs\n\t\t\t\t\t<\/a>\n\t\t\t<a href=\"#\" id=\"fl-accordion--label-0\">Mon don est-il s\u00e9curis\u00e9?<\/a>\n\t\t\t\t\t\t\t<a href=\"#\" id=\"fl-accordion--icon-0\"><i>Expand<\/i><\/a>\n\t\t<p>Yes!<\/p>\n<p>Donations to KidSport are processed through FrontStream, a leading national fundraising platform. Your credit card information is secure, and we will never sell or share your personal information.<\/p>\n\t\t\t<a href=\"#\" id=\"fl-accordion--label-1\">Mon don est-il d\u00e9ductible du revenu imposable?<\/a>\n\t\t\t\t\t\t\t<a href=\"#\" id=\"fl-accordion--icon-1\"><i>Expand<\/i><\/a>\n\t\t<p>Yes, eligible donations over $20 will receive a tax receipt from KidSport. Donate online to receive a receipt automatically and save a tree! Offline donations will be receipted by the end of the following quarter. To receive a tax receipt for your offline donation please include your full mailing address and an email address.<\/p>\n<p>Please view tax receipting <a href=\"\/wp-content\/uploads\/sites\/96\/kidsport_tax_receipting_guidelines.pdf\" target=\"_blank\" rel=\"noopener\">guidelines here<\/a>.<\/p>\n\t\t\t<a href=\"#\" id=\"fl-accordion--label-2\">Puis-je faire un don mensuel r\u00e9current?<\/a>\n\t\t\t\t\t\t\t<a href=\"#\" id=\"fl-accordion--icon-2\"><i>Expand<\/i><\/a>\n\t\t<p>You sure can! Monthly donors sustain our organization by providing reliable funding &#8211; and a big impact! Just $25 a month adds up to help a kid in one year.<\/p>\n<p>Simply select &#8220;Monthly Gift&#8221; at the top of our online donation form, or check the &#8220;Monthly GIft&#8221; box on the paper donation form. Your monthly donation will show up on your credit card statement, on the same date and for the same amount as your first gift.<\/p>\n\t\t\t<a href=\"#\" id=\"fl-accordion--label-3\">\u00c0 quoi sert mon don?<\/a>\n\t\t\t\t\t\t\t<a href=\"#\" id=\"fl-accordion--icon-3\"><i>Expand<\/i><\/a>\n\t\t<p>Chaque don fait \u00e0 SportJeunesse permet aux enfants de quitter la ligne lat\u00e9rale pour pratiquer un sport pendant une saison. Jusqu\u2019\u00e0 20 % de votre don pourrait servir \u00e0 couvrir nos frais de fonctionnement, par exemple pour organiser des collectes de fonds, remplacer l\u2019encre de notre imprimante ou remercier nos b\u00e9n\u00e9voles en leur offrant un repas ou une tasse de caf\u00e9.<\/p>\n<p>Si vous choisissez de diriger votre don vers une section communautaire, nous vous en remercions! La totalit\u00e9 de votre don restera dans la communaut\u00e9 que vous avez choisie, pour aider les enfants qui y habitent.<\/p>\n\t\t\t<a href=\"#\" id=\"fl-accordion--label-4\">\u00c0 qui dois-je adresser mes questions?<\/a>\n\t\t\t\t\t\t\t<a href=\"#\" id=\"fl-accordion--icon-4\"><i>Expand<\/i><\/a>\n\t\t<p>You can always reach out to the volunteers at KidSport Alberta for support. We&#8217;re happy to help.<\/p>\n<p>Please get in touch via email at <a href=\"mailto:info@kidsport.ab.ca\" target=\"_blank\" rel=\"noopener\">info@kidsport.ab.ca<\/a> or call 1-888-914-5437.<\/p>\n\t\t\t<a href=\"#\" id=\"fl-accordion--label-5\">Will my donation stay within a specific chapter or community?<\/a>\n\t\t\t\t\t\t\t<a href=\"#\" id=\"fl-accordion--icon-5\"><i>Expand<\/i><\/a>\n\t\t<p>Yes!<\/p>\n<p>Donations made to a community chapter will always stay in that community to help kids who live there. If your favourite community doesn&#8217;t have a chapter, or you&#8217;re looking to spread your impact a little more broadly, please consider donating to the KidSport Alberta Provincial Fund, which provides support to kids living in communities without a local chapter.<\/p>\n\t\t\t<a href=\"#\" id=\"fl-accordion--label-6\">Quelles sont les possibilit\u00e9s de dons planifi\u00e9s?<\/a>\n\t\t\t\t\t\t\t<a href=\"#\" id=\"fl-accordion--icon-6\"><i>Expand<\/i><\/a>\n\t\t<p>Thank you for considering KidSport as part of your legacy. There are a number of options for planned giving, and we&#8217;d love to chat with you to get it just right. Please reach out by             <span class=\"emailaddress-div\">\n            <a href=\"mailto:info@kidsport.ab.ca\">info@kidsport.ab.ca<\/a>\n             or             <span class=\"phonenumber-div\">\n            <a href=\"tel:1-888-914-5437\">1-888-914-5437<\/a>\n            <\/p>\n\t\t\t<a href=\"#\" id=\"fl-accordion--label-7\">I&#8217;d like to fundraise for KidSport &#8211; how can I get started?<\/a>\n\t\t\t\t\t\t\t<a href=\"#\" id=\"fl-accordion--icon-7\"><i>Expand<\/i><\/a>\n\t\t<p>We&#8217;re ready to team up with you on whatever fundraising ideas you have! Please reach out to your local chapter to fundraise locally, or reach out via <a href=\"mailto:info@kidsport.ab.ca\" target=\"_blank\" rel=\"noopener\">info@kidsport.ab.ca<\/a>.<\/p>\n\t\t\t\t<img loading=\"lazy\" decoding=\"async\" src=\"\/wp-content\/uploads\/sites\/96\/givesport_logo_transp-400x400.png\" alt=\"givesport_logo_transp\" height=\"400\" width=\"400\" title=\"givesport_logo_transp\" \/>\n<h2>\n\t\tGive sport to kids like  Danila\n\t<\/h2>\n<h3>\n\t\tFor her, getting in the game ignites a sense of belonging, shapes character, fuels better health, builds confidence, and unleashes potential.\n\t<\/h3>\n\t\t\t<a href=\"\/alberta\/fr\/void(0)\/\" target=\"_self\" rel=\"noopener\">\n\t\t\t\t\t\t\t\t\t\t\tWATCH FULL VIDEO\n\t\t<\/a>","protected":false},"excerpt":{"rendered":"<p>GiveSport with KidSport&#8230; So ALL Kids Can Play! The GiveSport Club is our donor-centric community focused on one of the most important gifts in life to a child, the power of sport. Joining is easy! Click on your preferred method of giving below and follow the directions: GiveSport Monthly Expand Monthly donors are dedicated supporters&hellip;<\/p>","protected":false},"author":226,"featured_media":0,"parent":0,"menu_order":0,"comment_status":"closed","ping_status":"closed","template":"","meta":{"_acf_changed":false,"footnotes":""},"class_list":["post-788","page","type-page","status-publish","hentry"],"acf":[],"yoast_head":"<!-- This site is optimized with the Yoast SEO plugin v27.4 - https:\/\/yoast.com\/product\/yoast-seo-wordpress\/ -->\n<title>GiveSport - Alberta<\/title>\n<meta name=\"robots\" content=\"index, follow, max-snippet:-1, max-image-preview:large, max-video-preview:-1\" \/>\n<link rel=\"canonical\" href=\"https:\/\/kidsportcanada.ca\/alberta\/fr\/givesport\/\" \/>\n<meta property=\"og:locale\" content=\"fr_CA\" \/>\n<meta property=\"og:type\" content=\"article\" \/>\n<meta property=\"og:title\" content=\"GiveSport - Alberta\" \/>\n<meta property=\"og:description\" content=\"GiveSport with KidSport&#8230; So ALL Kids Can Play! The GiveSport Club is our donor-centric community focused on one of the most important gifts in life to a child, the power of sport. Joining is easy! Click on your preferred method of giving below and follow the directions: GiveSport Monthly Expand Monthly donors are dedicated supporters&hellip;\" \/>\n<meta property=\"og:url\" content=\"https:\/\/kidsportcanada.ca\/alberta\/fr\/givesport\/\" \/>\n<meta property=\"og:site_name\" content=\"Alberta\" \/>\n<meta property=\"article:modified_time\" content=\"2021-09-22T15:31:43+00:00\" \/>\n<meta property=\"og:image\" content=\"https:\/\/kidsportcanada.ca\/wp-content\/uploads\/sites\/96\/givesport_logo_transp-400x400.png\" \/>\n<meta name=\"twitter:card\" content=\"summary_large_image\" \/>\n<meta name=\"twitter:label1\" content=\"Estimation du temps de lecture\" \/>\n\t<meta name=\"twitter:data1\" content=\"5 minutes\" \/>\n<script type=\"application\/ld+json\" class=\"yoast-schema-graph\">{\"@context\":\"https:\\\/\\\/schema.org\",\"@graph\":[{\"@type\":\"WebPage\",\"@id\":\"https:\\\/\\\/kidsportcanada.ca\\\/alberta\\\/givesport\\\/\",\"url\":\"https:\\\/\\\/kidsportcanada.ca\\\/alberta\\\/givesport\\\/\",\"name\":\"GiveSport - Alberta\",\"isPartOf\":{\"@id\":\"https:\\\/\\\/kidsportcanada.ca\\\/alberta\\\/#website\"},\"datePublished\":\"2021-02-22T22:22:57+00:00\",\"dateModified\":\"2021-09-22T15:31:43+00:00\",\"breadcrumb\":{\"@id\":\"https:\\\/\\\/kidsportcanada.ca\\\/alberta\\\/givesport\\\/#breadcrumb\"},\"inLanguage\":\"fr-CA\",\"potentialAction\":[{\"@type\":\"ReadAction\",\"target\":[\"https:\\\/\\\/kidsportcanada.ca\\\/alberta\\\/givesport\\\/\"]}]},{\"@type\":\"BreadcrumbList\",\"@id\":\"https:\\\/\\\/kidsportcanada.ca\\\/alberta\\\/givesport\\\/#breadcrumb\",\"itemListElement\":[{\"@type\":\"ListItem\",\"position\":1,\"name\":\"Home\",\"item\":\"https:\\\/\\\/kidsportcanada.ca\\\/alberta\\\/\"},{\"@type\":\"ListItem\",\"position\":2,\"name\":\"GiveSport\"}]},{\"@type\":\"WebSite\",\"@id\":\"https:\\\/\\\/kidsportcanada.ca\\\/alberta\\\/#website\",\"url\":\"https:\\\/\\\/kidsportcanada.ca\\\/alberta\\\/\",\"name\":\"Alberta\",\"description\":\"So ALL kids can play!\",\"potentialAction\":[{\"@type\":\"SearchAction\",\"target\":{\"@type\":\"EntryPoint\",\"urlTemplate\":\"https:\\\/\\\/kidsportcanada.ca\\\/alberta\\\/?s={search_term_string}\"},\"query-input\":{\"@type\":\"PropertyValueSpecification\",\"valueRequired\":true,\"valueName\":\"search_term_string\"}}],\"inLanguage\":\"fr-CA\"}]}<\/script>\n<!-- \/ Yoast SEO plugin. -->","yoast_head_json":{"title":"GiveSport - Alberta","robots":{"index":"index","follow":"follow","max-snippet":"max-snippet:-1","max-image-preview":"max-image-preview:large","max-video-preview":"max-video-preview:-1"},"canonical":"https:\/\/kidsportcanada.ca\/alberta\/fr\/givesport\/","og_locale":"fr_CA","og_type":"article","og_title":"GiveSport - Alberta","og_description":"GiveSport with KidSport&#8230; So ALL Kids Can Play! The GiveSport Club is our donor-centric community focused on one of the most important gifts in life to a child, the power of sport. Joining is easy! Click on your preferred method of giving below and follow the directions: GiveSport Monthly Expand Monthly donors are dedicated supporters&hellip;","og_url":"https:\/\/kidsportcanada.ca\/alberta\/fr\/givesport\/","og_site_name":"Alberta","article_modified_time":"2021-09-22T15:31:43+00:00","og_image":[{"url":"https:\/\/kidsportcanada.ca\/wp-content\/uploads\/sites\/96\/givesport_logo_transp-400x400.png","type":"","width":"","height":""}],"twitter_card":"summary_large_image","twitter_misc":{"Estimation du temps de lecture":"5 minutes"},"schema":{"@context":"https:\/\/schema.org","@graph":[{"@type":"WebPage","@id":"https:\/\/kidsportcanada.ca\/alberta\/givesport\/","url":"https:\/\/kidsportcanada.ca\/alberta\/givesport\/","name":"GiveSport - Alberta","isPartOf":{"@id":"https:\/\/kidsportcanada.ca\/alberta\/#website"},"datePublished":"2021-02-22T22:22:57+00:00","dateModified":"2021-09-22T15:31:43+00:00","breadcrumb":{"@id":"https:\/\/kidsportcanada.ca\/alberta\/givesport\/#breadcrumb"},"inLanguage":"fr-CA","potentialAction":[{"@type":"ReadAction","target":["https:\/\/kidsportcanada.ca\/alberta\/givesport\/"]}]},{"@type":"BreadcrumbList","@id":"https:\/\/kidsportcanada.ca\/alberta\/givesport\/#breadcrumb","itemListElement":[{"@type":"ListItem","position":1,"name":"Home","item":"https:\/\/kidsportcanada.ca\/alberta\/"},{"@type":"ListItem","position":2,"name":"GiveSport"}]},{"@type":"WebSite","@id":"https:\/\/kidsportcanada.ca\/alberta\/#website","url":"https:\/\/kidsportcanada.ca\/alberta\/","name":"Alberta","description":"So ALL kids can play!","potentialAction":[{"@type":"SearchAction","target":{"@type":"EntryPoint","urlTemplate":"https:\/\/kidsportcanada.ca\/alberta\/?s={search_term_string}"},"query-input":{"@type":"PropertyValueSpecification","valueRequired":true,"valueName":"search_term_string"}}],"inLanguage":"fr-CA"}]}},"_links":{"self":[{"href":"https:\/\/kidsportcanada.ca\/alberta\/fr\/wp-json\/wp\/v2\/pages\/788","targetHints":{"allow":["GET"]}}],"collection":[{"href":"https:\/\/kidsportcanada.ca\/alberta\/fr\/wp-json\/wp\/v2\/pages"}],"about":[{"href":"https:\/\/kidsportcanada.ca\/alberta\/fr\/wp-json\/wp\/v2\/types\/page"}],"author":[{"embeddable":true,"href":"https:\/\/kidsportcanada.ca\/alberta\/fr\/wp-json\/wp\/v2\/users\/226"}],"replies":[{"embeddable":true,"href":"https:\/\/kidsportcanada.ca\/alberta\/fr\/wp-json\/wp\/v2\/comments?post=788"}],"version-history":[{"count":0,"href":"https:\/\/kidsportcanada.ca\/alberta\/fr\/wp-json\/wp\/v2\/pages\/788\/revisions"}],"wp:attachment":[{"href":"https:\/\/kidsportcanada.ca\/alberta\/fr\/wp-json\/wp\/v2\/media?parent=788"}],"curies":[{"name":"wp","href":"https:\/\/api.w.org\/{rel}","templated":true}]}}