
{"id":150,"date":"2020-05-05T19:39:19","date_gmt":"2020-05-05T19:39:19","guid":{"rendered":"http:\/\/kidsportcanada.ca\/lac-la-biche\/?page_id=150"},"modified":"2026-03-02T15:33:32","modified_gmt":"2026-03-02T15:33:32","slug":"apply-for-a-grant","status":"publish","type":"page","link":"https:\/\/kidsportcanada.ca\/alberta\/lac-la-biche\/fr\/apply-for-a-grant\/","title":{"rendered":"Apply for a Grant"},"content":{"rendered":"<h4 data-animation-delay=\"0\" data-animation-duration=\"1\">\n\t\t\tSportJeunesse Lac La Biche\t<\/h4>\n<h1 data-animation-delay=\"0.2\" data-animation-duration=\"1\">\n\t\t\tDEMANDER UNE SUBVENTION\t<\/h1>\n<h3 data-animation-delay=\"0.4\" data-animation-duration=\"1\">\n\t\t\tCommencez \u00e0 remplir votre demande ici. Faites d\u00e9filer l\u2019\u00e9cran pour en savoir plus sur notre programme et trouver des r\u00e9ponses \u00e0 toutes vos questions.\t<\/h3>\n\t\t\t<a href=\"https:\/\/kidsport.smartsimple.ca\/s_Login.jsp\" target=\"_blank\" rel=\"noopener\">\n\t\t\t\t\t\t\tPR\u00c9SENTER UNE DEMANDE EN LIGNE MAINTENANT\n\t\t\t\t\t<\/a>\n<h2>\n\t\t\tQu\u2019est-ce qu\u2019une subvention?\t<\/h2>\n\t<p>KidSport provides grants to kids from families facing financial barriers so they can participate in registered sport programs and experience the lifelong benefits of a season of sport. KidSport Lac La Biche provides grants of up to $500 per eligible child, per year (January 1st &#8211; December 31st) towards sport registration fees.<\/p>\n<p>Avez-vous besoin d\u2019articles de sport pour pouvoir jouer? Faites-le-nous savoir et nous pr\u00e9senterons votre demande \u00e0 un organisme partenaire. Les subventions de SportJeunesse servent \u00e0 payer les frais d\u2019inscription au sport : les d\u00e9placements et la participation aux comp\u00e9titions ne sont pas des d\u00e9penses admissibles.<\/p>\n\t<h3>Am I Eligible For KidSport Funding?<\/h3>\n\t<p>1) \u00a0You must live in Lac la Biche County or one of the regional communities (Buffalo Lake, Beaver Lake, Heart Lake, Whitefish Lake, Kikino, or Wandering River).\u00a0 Your child may be participating in an activity that is outside of the county.<\/p>\n<p>2) \u00a0Your child must be 18 years old or younger.<\/p>\n<p>3) \u00a0Financial qualification: \u00a0The whole idea of Kidsport is to help out families with lower incomes to still enable their kids to engage in sports. \u00a0Essentially, family net income must be \u00a0$77,000 or less, unless you have several children. You are eligible if you receive:<\/p>\n<p><strong>The\u00a0Alberta Child and Family Benefit<\/strong>:\u00a0\u00a0You must be Albertan citizen, a parent of one or more children, have filed a tax return and your annual income is less than $77,000.<\/p>\n<p>You <strong>MUST<\/strong> submit a copy of your Benefit document listing the kids covered with your Kidsport Application.<\/p>\n<strong>The Canada Child Benefit:<\/strong> \u00a0You must be an Albertan citizen, a parent of one or more children, and have filed a tax return. \u00a0(see chart below)<br \/>\nYou <strong>MUST<\/strong> submit pages 1 and 2 of your Canada Child Benefit form, which clarifies your family income.\nAre a <strong>NEW<\/strong> Canadian:\u00a0\u00a0New Canadians, including refugees, may not have Canadian or Alberta benefits in place, but they may have kids who would like to play sports. \u00a0If your family income is less than $77,000, you may apply for Kidsport funding.<br \/>\nYour application must include a note from a Canadian sponsor attesting to your circumstances.\n<p><img loading=\"lazy\" decoding=\"async\" src=\"\/wp-content\/uploads\/sites\/124\/KidSport-Am-I-eligible-for-KidSport-funding-chart-2026-800x800.jpg\" alt=\"\" width=\"800\" height=\"800\" \/><\/p>\n<p>Si vous n\u2019\u00eates pas certain d\u2019\u00eatre admissible \u00e0 une subvention, veuillez nous envoyer un courriel \u00e0 <strong>            <span class=\"emailaddress-div\">\n            <a href=\"mailto:laclabiche@kidsport.ab.ca\">laclabiche@kidsport.ab.ca<\/a>\n            <\/strong><\/p>\n\t<h3>Que dois-je faire pour demander une subvention?<\/h3>\n\t<p>1. Find a sport program your kid would like to join and sign up. Let the program&#8217;s administrators know you will be applying for KidSport funding.<\/p>\n<p>2. <a href=\"https:\/\/kidsportcanada.ca\/alberta\/lac-la-biche\/fr\/find-a-chapter\/\">Cliquez ici<\/a> to find your local KidSport Chapter, or see if you are covered by the provincial fund.<\/p>\n<p>3. Apply online.\u00a0 If you are having difficulty you can email laclabiche@kidsport.ab.ca<\/p>\n<p>4. Be sure to complete all sections of the application, as incomplete applications take much longer to process, and can cause delays in receiving your grant.<\/p>\n<p>4. Your completed application must include supporting documents showing you are eligible for the Alberta Child and Family Benefits.<\/p>\n<p>5. The application will be processed within 30 days of being received. If you qualify for KidSport funding, the grant will be sent directly to the sport program your kid has signed up for.<\/p>\n<h5>\n\t\t\tPr\u00e9sentez une demande maintenant\t<\/h5>\n\t\t\t<a href=\"https:\/\/kidsport.smartsimple.ca\/s_Login.jsp\" target=\"_blank\" rel=\"noopener\">\n\t\t\t\t\t\t\tPR\u00c9SENTER UNE DEMANDE EN LIGNE MAINTENANT\n\t\t\t\t\t<\/a>\n<h5>\n\t\t\tBesoin d\u2019aide?\t<\/h5>\n\t<p>We&#8217;re always happy to answer your questions &#8211; please send an email with your question to             <span class=\"emailaddress-div\">\n            <a href=\"mailto:laclabiche@kidsport.ab.ca\">laclabiche@kidsport.ab.ca<\/a>\n             or watch the video below to learn how to apply!<\/p>\n\t\t\t\n<h2 data-animation-delay=\"0\" data-animation-duration=\"1\">\n\t\t\tCOMMON Questions\t<\/h2>\n\t\t\t\t\t<a role=\"heading\" id=\"fl-accordion--label-0\">Comment SportJeunesse aide-t-il?<\/a>\n\t\t\t\t\t\t\t\t\t\t\t<button type=\"button\" id=\"fl-accordion--icon-0\" aria-expanded=\"false\" aria-controls=\"fl-accordion--panel-0\"><i>Expand<\/i><\/button>\n\t\t\t\t\t<p>SportJeunesse Lac La Biche distribue des subventions aux familles pour aider \u00e0 \u00e9liminer les obstacles financiers au sport. Les subventions de SportJeunesse aident \u00e0 couvrir le co\u00fbt des frais d\u2019inscription, Afin que TOUS les enfants puissent jouer!<\/p>\n\t\t\t\t\t<a role=\"heading\" id=\"fl-accordion--label-1\">Qu\u2019est-ce que la subvention SportJeunesse couvre?<\/a>\n\t\t\t\t\t\t\t\t\t\t\t<button type=\"button\" id=\"fl-accordion--icon-1\" aria-expanded=\"false\" aria-controls=\"fl-accordion--panel-1\"><i>Expand<\/i><\/button>\n\t\t\t\t\t<p>KidSport grants cover the cost of sport registration fees for qualified families. Grants are intended to remove financial barriers to sport programs, and so cannot be applied to equipment, transportation, or tournament fees.<\/p>\n\t\t\t\t\t<a role=\"heading\" id=\"fl-accordion--label-2\">Quels sports sont admissibles?<\/a>\n\t\t\t\t\t\t\t\t\t\t\t<button type=\"button\" id=\"fl-accordion--icon-2\" aria-expanded=\"false\" aria-controls=\"fl-accordion--panel-2\"><i>Expand<\/i><\/button>\n\t\t\t\t\t<p>KidSport Lac la Biche provides support for kids registered in programs that provide a sustained sport experience (6+ weeks in duration), are taught by qualified instructors, and meet Sport Canada&#8217;s definition of a sport. Sport Canada defines a sport as an activity that involves two or more participants engaging in a competition. It involves formal rules and procedures, and requires tactics and strategies, neuromuscular skills and a high degree of difficulty, risk and effort. Programs that are required in order to attain a competitive level (i.e. swim lessons) are also eligible for funding. Transportation costs, competition fees, and equipment fees are not eligible for funding.<\/p>\n\t\t\t\t\t<a role=\"heading\" id=\"fl-accordion--label-3\">What communities are covered by KidSport Lac La Biche?<\/a>\n\t\t\t\t\t\t\t\t\t\t\t<button type=\"button\" id=\"fl-accordion--icon-3\" aria-expanded=\"false\" aria-controls=\"fl-accordion--panel-3\"><i>Expand<\/i><\/button>\n\t\t\t\t\t<p>Lac La Biche County (Lac La Biche, Beaver Lake, Hylo, Plamondon, Venice, Heart Lake, Buffalo Lake, Kikino, Whitefish)<\/p>\n\t\t\t\t\t<a role=\"heading\" id=\"fl-accordion--label-4\">Quelle est la date limite pour pr\u00e9senter une demande?<\/a>\n\t\t\t\t\t\t\t\t\t\t\t<button type=\"button\" id=\"fl-accordion--icon-4\" aria-expanded=\"false\" aria-controls=\"fl-accordion--panel-4\"><i>Expand<\/i><\/button>\n\t\t\t\t\t<p>You must register your kid in a sports program prior to applying for KidSport funding. Each program is different, but many do require that KidSport funding be received prior to the program&#8217;s start date. You should apply for a KidSport grant as soon as possible after your kid has been registered, as it can sometimes take up to 30 days for applications to be processed.<\/p>\n<p>Les subventions SportJeunesse ne peuvent pas servir aux programmes qui sont d\u00e9j\u00e0 termin\u00e9s.<\/p>\n\t\t\t\t\t<a role=\"heading\" id=\"fl-accordion--label-5\">Comment saurai-je si ma demande est accept\u00e9e?<\/a>\n\t\t\t\t\t\t\t\t\t\t\t<button type=\"button\" id=\"fl-accordion--icon-5\" aria-expanded=\"false\" aria-controls=\"fl-accordion--panel-5\"><i>Expand<\/i><\/button>\n\t\t\t\t\t<p>Si vous avez pr\u00e9sent\u00e9 une demande en ligne, vous recevrez un courriel automatiquement produit par le syst\u00e8me vous informant des r\u00e9sultats de votre demande.<\/p>\n<p>Si vous pr\u00e9sentez une demande hors ligne (en personne, par formulaire PDF envoy\u00e9 par courriel ou par formulaire imprim\u00e9), vous devez inclure votre adresse de courriel afin que nous puissions vous informer des r\u00e9sultats de votre demande.<\/p>\n\t\t\t\t\t<a role=\"heading\" id=\"fl-accordion--label-6\">Que dois-je faire pour d\u00e9montrer mon admissibilit\u00e9 financi\u00e8re?<\/a>\n\t\t\t\t\t\t\t\t\t\t\t<button type=\"button\" id=\"fl-accordion--icon-6\" aria-expanded=\"false\" aria-controls=\"fl-accordion--panel-6\"><i>Expand<\/i><\/button>\n\t\t\t\t\t<p>Vous pouvez acc\u00e9der \u00e0 votre Preuve de revenu en passant par Mon compte de <a href=\"https:\/\/www.canada.ca\/fr\/agence-revenu\/services\/services-electroniques\/services-electroniques-particuliers\/comment-obtenir-releve-preuve-revenu-imprime-option.html\">l\u2019ARC<\/a>:<\/p>\nNous recommandons vivement cette option, car elle est gratuite et c\u2019est la fa\u00e7on la plus rapide d\u2019obtenir votre relev\u00e9.<br \/>\nYou may also request your statement by mail.\nOther options for demonstrating financial need include<br \/>\nCanada Child Benefit Notice (page 1 and 2)<br \/>\nNotice of Assessment (each adult in the home)<br \/>\nIncome Support\n\t\t\t\t\t<a role=\"heading\" id=\"fl-accordion--label-7\">Qu\u2019arrive-t-il si l\u2019enfant habite \u00e0 l\u2019ext\u00e9rieur de la r\u00e9gion que nous couvrons?<\/a>\n\t\t\t\t\t\t\t\t\t\t\t<button type=\"button\" id=\"fl-accordion--icon-7\" aria-expanded=\"false\" aria-controls=\"fl-accordion--panel-7\"><i>Expand<\/i><\/button>\n\t\t\t\t\t<p>Si votre famille habite \u00e0 l\u2019ext\u00e9rieur de la r\u00e9gion que nous couvrons, vous pouvez pr\u00e9senter une demande au fonds provincial de SportJeunesse. Celui-ci sert d\u2019organisme ombrelle et couvre toutes les communaut\u00e9s qui n\u2019ont pas de section SportJeunesse.<\/p>\n\t\t\t\t\t<a role=\"heading\" id=\"fl-accordion--label-8\">Mes renseignements sont-ils prot\u00e9g\u00e9s et confidentiels?<\/a>\n\t\t\t\t\t\t\t\t\t\t\t<button type=\"button\" id=\"fl-accordion--icon-8\" aria-expanded=\"false\" aria-controls=\"fl-accordion--panel-8\"><i>Expand<\/i><\/button>\n\t\t\t\t\t<p>Oui, tous vos renseignements personnels seront sauvegard\u00e9s de fa\u00e7on s\u00e9curis\u00e9e et d\u00e9truits au moment appropri\u00e9. Notre syst\u00e8me de demande en ligne est s\u00e9curis\u00e9 et fiable. Jamais SportJeunesse et ses partenaires ne vendront ni ne divulgueront vos donn\u00e9es personnelles.<\/p>","protected":false},"excerpt":{"rendered":"<p>KidSport Lac La Biche APPLY FOR A GRANT Start your application here. Scroll down to learn more about our program and get answers to all of your questions. APPLY ONLINE NOW What is a Grant? KidSport provides grants to kids from families facing financial barriers so they can participate in registered sport programs and experience&hellip;<\/p>","protected":false},"author":16,"featured_media":196,"parent":0,"menu_order":0,"comment_status":"closed","ping_status":"closed","template":"","meta":{"_acf_changed":false,"footnotes":""},"class_list":["post-150","page","type-page","status-publish","has-post-thumbnail","hentry"],"acf":[],"yoast_head":"<!-- This site is optimized with the Yoast SEO plugin v27.4 - https:\/\/yoast.com\/product\/yoast-seo-wordpress\/ -->\n<title>Apply for a Grant - KidSport Lac La Biche<\/title>\n<meta name=\"description\" content=\"Start your application here. KidSport provides grants to kids from families facing financial barriers so they can participate in registered sport programs.\" \/>\n<meta name=\"robots\" content=\"index, follow, max-snippet:-1, max-image-preview:large, max-video-preview:-1\" \/>\n<link rel=\"canonical\" href=\"https:\/\/kidsportcanada.ca\/alberta\/lac-la-biche\/fr\/apply-for-a-grant\/\" \/>\n<meta property=\"og:locale\" content=\"fr_CA\" \/>\n<meta property=\"og:type\" content=\"article\" \/>\n<meta property=\"og:title\" content=\"Apply for a Grant - KidSport Lac La Biche\" \/>\n<meta property=\"og:description\" content=\"Start your application here. KidSport provides grants to kids from families facing financial barriers so they can participate in registered sport programs.\" \/>\n<meta property=\"og:url\" content=\"https:\/\/kidsportcanada.ca\/alberta\/lac-la-biche\/fr\/apply-for-a-grant\/\" \/>\n<meta property=\"og:site_name\" content=\"Lac La Biche\" \/>\n<meta property=\"article:modified_time\" content=\"2026-03-02T15:33:32+00:00\" \/>\n<meta property=\"og:image\" content=\"https:\/\/kidsportcanada.ca\/wp-content\/uploads\/sites\/124\/devonte-1.jpg\" \/>\n\t<meta property=\"og:image:width\" content=\"1600\" \/>\n\t<meta property=\"og:image:height\" content=\"1000\" \/>\n\t<meta property=\"og:image:type\" content=\"image\/jpeg\" \/>\n<meta name=\"twitter:card\" content=\"summary_large_image\" \/>\n<meta name=\"twitter:label1\" content=\"Estimation du temps de lecture\" \/>\n\t<meta name=\"twitter:data1\" content=\"5 minutes\" \/>\n<script type=\"application\/ld+json\" class=\"yoast-schema-graph\">{\"@context\":\"https:\\\/\\\/schema.org\",\"@graph\":[{\"@type\":\"WebPage\",\"@id\":\"https:\\\/\\\/kidsportcanada.ca\\\/alberta\\\/lac-la-biche\\\/apply-for-a-grant\\\/\",\"url\":\"https:\\\/\\\/kidsportcanada.ca\\\/alberta\\\/lac-la-biche\\\/apply-for-a-grant\\\/\",\"name\":\"Apply for a Grant - KidSport Lac La Biche\",\"isPartOf\":{\"@id\":\"https:\\\/\\\/kidsportcanada.ca\\\/alberta\\\/lac-la-biche\\\/#website\"},\"primaryImageOfPage\":{\"@id\":\"https:\\\/\\\/kidsportcanada.ca\\\/alberta\\\/lac-la-biche\\\/apply-for-a-grant\\\/#primaryimage\"},\"image\":{\"@id\":\"https:\\\/\\\/kidsportcanada.ca\\\/alberta\\\/lac-la-biche\\\/apply-for-a-grant\\\/#primaryimage\"},\"thumbnailUrl\":\"\\\/wp-content\\\/uploads\\\/sites\\\/124\\\/devonte-1.jpg\",\"datePublished\":\"2020-05-05T19:39:19+00:00\",\"dateModified\":\"2026-03-02T15:33:32+00:00\",\"description\":\"Start your application here. KidSport provides grants to kids from families facing financial barriers so they can participate in registered sport programs.\",\"breadcrumb\":{\"@id\":\"https:\\\/\\\/kidsportcanada.ca\\\/alberta\\\/lac-la-biche\\\/apply-for-a-grant\\\/#breadcrumb\"},\"inLanguage\":\"fr-CA\",\"potentialAction\":[{\"@type\":\"ReadAction\",\"target\":[\"https:\\\/\\\/kidsportcanada.ca\\\/alberta\\\/lac-la-biche\\\/apply-for-a-grant\\\/\"]}]},{\"@type\":\"ImageObject\",\"inLanguage\":\"fr-CA\",\"@id\":\"https:\\\/\\\/kidsportcanada.ca\\\/alberta\\\/lac-la-biche\\\/apply-for-a-grant\\\/#primaryimage\",\"url\":\"\\\/wp-content\\\/uploads\\\/sites\\\/124\\\/devonte-1.jpg\",\"contentUrl\":\"\\\/wp-content\\\/uploads\\\/sites\\\/124\\\/devonte-1.jpg\",\"width\":1600,\"height\":1000,\"caption\":\"A young boy sliding on the grass soccer field after scoring a goal\"},{\"@type\":\"BreadcrumbList\",\"@id\":\"https:\\\/\\\/kidsportcanada.ca\\\/alberta\\\/lac-la-biche\\\/apply-for-a-grant\\\/#breadcrumb\",\"itemListElement\":[{\"@type\":\"ListItem\",\"position\":1,\"name\":\"Home\",\"item\":\"https:\\\/\\\/kidsportcanada.ca\\\/alberta\\\/lac-la-biche\\\/\"},{\"@type\":\"ListItem\",\"position\":2,\"name\":\"Apply for a Grant\"}]},{\"@type\":\"WebSite\",\"@id\":\"https:\\\/\\\/kidsportcanada.ca\\\/alberta\\\/lac-la-biche\\\/#website\",\"url\":\"https:\\\/\\\/kidsportcanada.ca\\\/alberta\\\/lac-la-biche\\\/\",\"name\":\"Lac La Biche\",\"description\":\"So all kids can play\",\"potentialAction\":[{\"@type\":\"SearchAction\",\"target\":{\"@type\":\"EntryPoint\",\"urlTemplate\":\"https:\\\/\\\/kidsportcanada.ca\\\/alberta\\\/lac-la-biche\\\/?s={search_term_string}\"},\"query-input\":{\"@type\":\"PropertyValueSpecification\",\"valueRequired\":true,\"valueName\":\"search_term_string\"}}],\"inLanguage\":\"fr-CA\"}]}<\/script>\n<!-- \/ Yoast SEO plugin. -->","yoast_head_json":{"title":"Apply for a Grant - KidSport Lac La Biche","description":"Commencez \u00e0 remplir votre demande ici. SportJeunesse fournit des subventions aux enfants provenant de familles qui se heurtent \u00e0 des obstacles financiers afin qu\u2019ils puissent participer \u00e0 des programmes de sport.","robots":{"index":"index","follow":"follow","max-snippet":"max-snippet:-1","max-image-preview":"max-image-preview:large","max-video-preview":"max-video-preview:-1"},"canonical":"https:\/\/kidsportcanada.ca\/alberta\/lac-la-biche\/fr\/apply-for-a-grant\/","og_locale":"fr_CA","og_type":"article","og_title":"Apply for a Grant - KidSport Lac La Biche","og_description":"Start your application here. KidSport provides grants to kids from families facing financial barriers so they can participate in registered sport programs.","og_url":"https:\/\/kidsportcanada.ca\/alberta\/lac-la-biche\/fr\/apply-for-a-grant\/","og_site_name":"Lac La Biche","article_modified_time":"2026-03-02T15:33:32+00:00","og_image":[{"width":1600,"height":1000,"url":"https:\/\/kidsportcanada.ca\/wp-content\/uploads\/sites\/124\/devonte-1.jpg","type":"image\/jpeg"}],"twitter_card":"summary_large_image","twitter_misc":{"Estimation du temps de lecture":"5 minutes"},"schema":{"@context":"https:\/\/schema.org","@graph":[{"@type":"WebPage","@id":"https:\/\/kidsportcanada.ca\/alberta\/lac-la-biche\/apply-for-a-grant\/","url":"https:\/\/kidsportcanada.ca\/alberta\/lac-la-biche\/apply-for-a-grant\/","name":"Apply for a Grant - KidSport Lac La Biche","isPartOf":{"@id":"https:\/\/kidsportcanada.ca\/alberta\/lac-la-biche\/#website"},"primaryImageOfPage":{"@id":"https:\/\/kidsportcanada.ca\/alberta\/lac-la-biche\/apply-for-a-grant\/#primaryimage"},"image":{"@id":"https:\/\/kidsportcanada.ca\/alberta\/lac-la-biche\/apply-for-a-grant\/#primaryimage"},"thumbnailUrl":"\/wp-content\/uploads\/sites\/124\/devonte-1.jpg","datePublished":"2020-05-05T19:39:19+00:00","dateModified":"2026-03-02T15:33:32+00:00","description":"Commencez \u00e0 remplir votre demande ici. SportJeunesse fournit des subventions aux enfants provenant de familles qui se heurtent \u00e0 des obstacles financiers afin qu\u2019ils puissent participer \u00e0 des programmes de sport.","breadcrumb":{"@id":"https:\/\/kidsportcanada.ca\/alberta\/lac-la-biche\/apply-for-a-grant\/#breadcrumb"},"inLanguage":"fr-CA","potentialAction":[{"@type":"ReadAction","target":["https:\/\/kidsportcanada.ca\/alberta\/lac-la-biche\/apply-for-a-grant\/"]}]},{"@type":"ImageObject","inLanguage":"fr-CA","@id":"https:\/\/kidsportcanada.ca\/alberta\/lac-la-biche\/apply-for-a-grant\/#primaryimage","url":"\/wp-content\/uploads\/sites\/124\/devonte-1.jpg","contentUrl":"\/wp-content\/uploads\/sites\/124\/devonte-1.jpg","width":1600,"height":1000,"caption":"A young boy sliding on the grass soccer field after scoring a goal"},{"@type":"BreadcrumbList","@id":"https:\/\/kidsportcanada.ca\/alberta\/lac-la-biche\/apply-for-a-grant\/#breadcrumb","itemListElement":[{"@type":"ListItem","position":1,"name":"Home","item":"https:\/\/kidsportcanada.ca\/alberta\/lac-la-biche\/"},{"@type":"ListItem","position":2,"name":"Apply for a Grant"}]},{"@type":"WebSite","@id":"https:\/\/kidsportcanada.ca\/alberta\/lac-la-biche\/#website","url":"https:\/\/kidsportcanada.ca\/alberta\/lac-la-biche\/","name":"Lac La Biche","description":"So all kids can play","potentialAction":[{"@type":"SearchAction","target":{"@type":"EntryPoint","urlTemplate":"https:\/\/kidsportcanada.ca\/alberta\/lac-la-biche\/?s={search_term_string}"},"query-input":{"@type":"PropertyValueSpecification","valueRequired":true,"valueName":"search_term_string"}}],"inLanguage":"fr-CA"}]}},"_links":{"self":[{"href":"https:\/\/kidsportcanada.ca\/alberta\/lac-la-biche\/fr\/wp-json\/wp\/v2\/pages\/150","targetHints":{"allow":["GET"]}}],"collection":[{"href":"https:\/\/kidsportcanada.ca\/alberta\/lac-la-biche\/fr\/wp-json\/wp\/v2\/pages"}],"about":[{"href":"https:\/\/kidsportcanada.ca\/alberta\/lac-la-biche\/fr\/wp-json\/wp\/v2\/types\/page"}],"author":[{"embeddable":true,"href":"https:\/\/kidsportcanada.ca\/alberta\/lac-la-biche\/fr\/wp-json\/wp\/v2\/users\/16"}],"replies":[{"embeddable":true,"href":"https:\/\/kidsportcanada.ca\/alberta\/lac-la-biche\/fr\/wp-json\/wp\/v2\/comments?post=150"}],"version-history":[{"count":0,"href":"https:\/\/kidsportcanada.ca\/alberta\/lac-la-biche\/fr\/wp-json\/wp\/v2\/pages\/150\/revisions"}],"wp:featuredmedia":[{"embeddable":true,"href":"https:\/\/kidsportcanada.ca\/alberta\/lac-la-biche\/fr\/wp-json\/wp\/v2\/media\/196"}],"wp:attachment":[{"href":"https:\/\/kidsportcanada.ca\/alberta\/lac-la-biche\/fr\/wp-json\/wp\/v2\/media?parent=150"}],"curies":[{"name":"wp","href":"https:\/\/api.w.org\/{rel}","templated":true}]}}