
{"id":37,"date":"2020-03-13T16:16:56","date_gmt":"2020-03-13T16:16:56","guid":{"rendered":"http:\/\/kidsportcanada.ca\/lacombe\/?page_id=37"},"modified":"2025-12-02T13:18:25","modified_gmt":"2025-12-02T13:18:25","slug":"home","status":"publish","type":"page","link":"https:\/\/kidsportcanada.ca\/alberta\/lacombe\/fr\/","title":{"rendered":"Home"},"content":{"rendered":"<h4 data-animation-delay=\"0\" data-animation-duration=\"1\">\n\t\t\tBienvenue \u00e0\t<\/h4>\n<h1>\n\t\t\tKidSport Lacombe County\t<\/h1>\n\t\t\t<a href=\"https:\/\/kidsportcanada.ca\/alberta\/lacombe\/fr\/apply-for-a-grant\/\" target=\"_self\">\n\t\t\t\t\t\t\tDEMANDER UNE SUBVENTION\n\t\t\t\t\t<\/a>\n\t\t\t<a href=\"https:\/\/kidsportcanada.ca\/alberta\/lacombe\/fr\/alberta\/hap\/\" target=\"_blank\" rel=\"noopener\">\n\t\t\t\t\t\tLEARN MORE ABOUT THE HOCKEY ASSIST PROGRAM (HAP)\n\t\t\t\t\t<\/a>\n<h2>\n\t\t\t\u00c0 PROPOS DE\t<\/h2>\n<h4>\n\t\t\tSportJeunesse Lacombe\t<\/h4>\n\t<h3>We provide grants to help cover the costs of registration fees so that all kids aged 18 and under in Lacombe County can play a season of sport.<\/h3>\n<h3>Notre section accepte les demandes et administre les subventions pouvant atteindre <strong>250 $ par enfant par ann\u00e9e<\/strong>, for kids who live within Lacombe County.*<\/h3>\n<h3>If you live outside of Lacombe County, please contact the <a href=\"https:\/\/kidsportcanada.ca\/alberta\/lacombe\/fr\/alberta\/\">bureau provincial<\/a> pour trouver la section la plus pr\u00e8s de chez vous ou obtenir de l\u2019aide par l\u2019interm\u00e9diaire du fonds provincial.<\/h3>\n\t\t\t<a href=\"https:\/\/kidsportcanada.ca\/alberta\/lacombe\/fr\/apply-for-a-grant\/\" target=\"_self\">\n\t\t\t\t\t\t\tDEMANDER UNE SUBVENTION\n\t\t\t\t\t<\/a>\n<h5>\n\t\t\tCommuniquer\t<\/h5>\n\t    <span class=\"socialmedia-links fl-icon-group\">\n        <!------------------ Facebook ------------------>\n        <span class=\"fl-icon facebook\">\n                            <a href=\"https:\/\/www.facebook.com\/KidSportLacombeCounty\" target=\"_blank\" aria-label=\"link to https:\/\/www.facebook.com\/kidsportcanada\/\" rel=\"noopener\"[soci>\n                    <i class=\"fab fa-facebook-square\" aria-hidden=\"true\"><\/i>\n                <\/a>\n                    <\/span>\n\t\t<!------------------ Facebook 2 ------------------>\n        <span class=\"fl-icon facebook\">\n                    <\/span>\n        <!------------------ Twitter ------------------>\n        <span class=\"fl-icon twitter\">\n                            <a href=\"https:\/\/twitter.com\/KidSportLacombe\" target=\"_blank\" aria-label=\"link to https:\/\/twitter.com\/kidsport\/\" rel=\"noopener\">\n                    <i class=\"fab fa-twitter\" aria-hidden=\"true\"><\/i>\n                <\/a>\n                    <\/span>\n        <!------------------ Instagram ------------------>\n        <span class=\"fl-icon instagram\">\n                            <a href=\"https:\/\/www.instagram.com\/kidsport.canada\/\" target=\"_blank\" aria-label=\"link to https:\/\/www.instagram.com\/kidsport.canada\/\" rel=\"noopener\">\n                    <i class=\"fab fa-instagram\" aria-hidden=\"true\"><\/i>\n                <\/a>\n                    <\/span>\n        <!------------------ YouTube ------------------>\n        <span class=\"fl-icon youtube\">\n                            <a href=\"https:\/\/www.youtube.com\/user\/KidSportCanada\" target=\"_blank\" aria-label=\"link to https:\/\/www.youtube.com\/user\/KidSportCanada\" rel=\"noopener\">\n                    <i class=\"fab fa-youtube\" aria-hidden=\"true\"><\/i>\n                <\/a>\n                    <\/span>\n    <\/span>\n    \n<h5>\n\t\t\tLIENS UTILES\t<\/h5>\n<h6>\n\t\t<a href=\"https:\/\/kidsportcanada.ca\/alberta\/lacombe\/fr\/apply-for-a-grant\/\" title=\"Apply for a Grant\" target=\"_self\">\n\t\t\tApply for a Grant\t\t<\/a>\n\t<\/h6>\n<h6>\n\t\t<a href=\"https:\/\/kidsportcanada.ca\/alberta\/lacombe\/fr\/donate\/\" title=\"Donate Today!\" target=\"_self\">\n\t\t\tDonate Today!\t\t<\/a>\n\t<\/h6>\n<h6>\n\t\t<a href=\"https:\/\/www.sportcentral.org\/\" title=\"Equipment for Kids: Sport Central\" target=\"_blank\" rel=\"noopener\">\n\t\t\tEquipment for Kids: Sport Central\t\t<\/a>\n\t<\/h6>\n<h2>\n\t\t\tDERNI\u00c8RES\t<\/h2>\n<h4>\n\t\t\tNews &amp; Stories\t<\/h4>\n    <h5>News &amp; Stories<\/h5>\n    <h5>\u00c9V\u00c9NEMENTS<\/h5>\n<h5>\n\t\t\tJoin Our Team!!\t<\/h5>\n<h6 dir=\"auto\">Whether you&#8217;re an avid sports fan, believe that health and wellness are critical to childhood success, or simply want to make your community a better place, we want you on our team!<\/h6>\n<h6 dir=\"auto\">We are looking for volunteers! We have multiple positions available so email us at <a href=\"mailto:lacombe@kidsport.ab.ca\">lacombe@kidsport.ab.ca<\/a> to learn more!<\/h6>\n\t\t\t<a href=\"https:\/\/kidsportcanada.ca\/alberta\/lacombe\/fr\/get-involved\/\" target=\"_self\">\n\t\t\t\t\t\t\tSEE MORE WAYS TO GET INVOLVED\n\t\t\t\t\t<\/a>\n<h2>\n\t\t\tINCIDENCE 100 % LOCALE\t<\/h2>\n<h4>\n\t\t\tAll funds raised by Kidsport Lacombe County stay in our community to get local kids off the sidelines and into a season of sport. Let&#8217;s work together to build strong kids and strong communities!\t<\/h4>\n    <a href=\"https:\/\/kidsportcanada.ca\/alberta\/lacombe\/fr\/donate\/\">\n            <br \/>DONNER<br \/>MAINTENANT\n    <\/a>\n\t\t<!-- Comment to fix spacing issue\n\t-->\n\t\t<h1>$0<\/h1>\n\t<!-- Comment to fix spacing issue\n\t-->\t\n<h3>\n\t\t\tGranted to kids in Lacombe County last year.\t<\/h3>\n\t\t<!-- Comment to fix spacing issue\n\t-->\n\t\t<h1>0<\/h1>\n\t<!-- Comment to fix spacing issue\n\t-->\t\n<h3>\n\t\t\tKids helped off the sidelines in Lacombe County last year.\t<\/h3>\n<h3>\n\t\t\tEn appuyant SportJeunesse, nous gagnons tous. Quand les enfants ont acc\u00e8s au sport, ils s\u2019am\u00e9liorent \u00e0 l\u2019\u00e9cole, deviennent de solides leaders, cr\u00e9ent des communaut\u00e9s s\u00fbres, catalysent l\u2019inclusivit\u00e9 et adoptent des habitudes saines pour la vie.\t<\/h3>\n<h5>\n\t\t\tchange a child&#8217;s life forever\t<\/h5>\n\t<p>Sports teach children lessons they will carry with them through life and EVERY CHILD deserves the opportunity to play. Give the Gift of Sport to a local child in need by donating today!<\/p>\n\t\t\t<a href=\"https:\/\/kidsportcanada.ca\/alberta\/lacombe\/fr\/donate\/\" target=\"_self\">\n\t\t\t\t\t\t\tDONNER\n\t\t\t<\/a>\n<h2>\n\t\t\tOUR Team\t<\/h2>\n<h3>\n\t\t\tKidsport Lacombe is made possible thanks to passionate volunteers and our incredible partners. Together we&#8217;re making it so no kid in Lacombe is left watching from the sidelines.\t<\/h3>\n\t\t\t\t\t<a href=\"#\" id=\"fl-accordion--label-0\" aria-controls=\"fl-accordion--panel-0\">Conseil d\u2019administration<\/a>\n\t\t\t\t\t\t\t\t\t\t\t<a href=\"#\" id=\"fl-accordion--icon-0\"><i title=\"Expand\">Expand<\/i><\/a>\n\t\t\t\t\tPaula Law &#8211; Chair\nSonja Dykslag &#8211; Vice Chair\nDebbie Salmon &#8211; Secretary\nKim Fraser &#8211; Applications Coordinator\nDon Gustafson &#8211; Treasurer\nJanelle Unger &#8211; Marketing\/Social Media Coordinator\nCrystal Watson &#8211; Communications Coordinator\nBettina Derksen &#8211; Member at Large\nChantelle Broderson &#8211; Member at Large\nMatthew Gustafson &#8211; Member at Large\nBrock Dykslag &#8211; Member at Large\nTanya Kenyon &#8211; Member at Large\n<h1>\n\t\t\tAMBASSADEURS\t<\/h1>\n\t\t\t\t\t<a href=\"#\" id=\"fl-accordion--label-0\" aria-controls=\"fl-accordion--panel-0\">OUR LOCAL PARTNERS<\/a>\n\t\t\t\t\t\t\t\t\t\t\t<a href=\"#\" id=\"fl-accordion--icon-0\"><i title=\"Expand\">Expand<\/i><\/a>\n\t\t\t\t\t<p><a href=\"https:\/\/cilantroandchive.ca\">Cilantro and Chive<\/a><\/p>\n<p><a href=\"https:\/\/www.allsportscresting.com\/\">All Sports Cresting<\/a><\/p>\n<p><a href=\"https:\/\/www.golflacombe.com\/\">Lacombe Golf &amp; County Club<\/a><\/p>\n<p>&nbsp;<\/p>","protected":false},"excerpt":{"rendered":"<p>Welcome to KidSport Lacombe County APPLY FOR A GRANT LEARN MORE ABOUT THE HOCKEY ASSIST PROGRAM (HAP) ABOUT KidSport Lacombe We provide grants to help cover the costs of registration fees so that all kids aged 18 and under in Lacombe County can play a season of sport. Our chapter accepts applications and administers grants&hellip;<\/p>","protected":false},"author":16,"featured_media":195,"parent":0,"menu_order":0,"comment_status":"closed","ping_status":"closed","template":"","meta":{"_acf_changed":false,"footnotes":""},"class_list":["post-37","page","type-page","status-publish","has-post-thumbnail","hentry"],"acf":[],"yoast_head":"<!-- This site is optimized with the Yoast SEO plugin v27.3 - https:\/\/yoast.com\/product\/yoast-seo-wordpress\/ -->\n<title>Home | KidSport Lacombe<\/title>\n<meta name=\"description\" content=\"KidSport provides grants to help cover the costs of registration fees so that ALL kids aged 18 and under can play a season of sport.\" \/>\n<meta name=\"robots\" content=\"index, follow, max-snippet:-1, max-image-preview:large, max-video-preview:-1\" \/>\n<link rel=\"canonical\" href=\"https:\/\/kidsportcanada.ca\/alberta\/lacombe\/fr\/\" \/>\n<meta property=\"og:locale\" content=\"fr_CA\" \/>\n<meta property=\"og:type\" content=\"article\" \/>\n<meta property=\"og:title\" content=\"Home | KidSport Lacombe\" \/>\n<meta property=\"og:description\" content=\"KidSport provides grants to help cover the costs of registration fees so that ALL kids aged 18 and under can play a season of sport.\" \/>\n<meta property=\"og:url\" content=\"https:\/\/kidsportcanada.ca\/alberta\/lacombe\/fr\/\" \/>\n<meta property=\"og:site_name\" content=\"Lacombe\" \/>\n<meta property=\"article:publisher\" content=\"https:\/\/www.facebook.com\/KidSportLacombeCounty\/\" \/>\n<meta property=\"article:modified_time\" content=\"2025-12-02T13:18:25+00:00\" \/>\n<meta property=\"og:image\" content=\"https:\/\/kidsportcanada.ca\/wp-content\/uploads\/sites\/280\/kidsport-chapter-home-1.jpg\" \/>\n\t<meta property=\"og:image:width\" content=\"1600\" \/>\n\t<meta property=\"og:image:height\" content=\"1000\" \/>\n\t<meta property=\"og:image:type\" content=\"image\/jpeg\" \/>\n<meta name=\"twitter:card\" content=\"summary_large_image\" \/>\n<meta name=\"twitter:site\" content=\"@KidSportLacombe\" \/>\n<meta name=\"twitter:label1\" content=\"Estimation du temps de lecture\" \/>\n\t<meta name=\"twitter:data1\" content=\"2 minutes\" \/>\n<script type=\"application\/ld+json\" class=\"yoast-schema-graph\">{\"@context\":\"https:\\\/\\\/schema.org\",\"@graph\":[{\"@type\":\"WebPage\",\"@id\":\"https:\\\/\\\/kidsportcanada.ca\\\/alberta\\\/lacombe\\\/\",\"url\":\"https:\\\/\\\/kidsportcanada.ca\\\/alberta\\\/lacombe\\\/\",\"name\":\"Home | KidSport Lacombe\",\"isPartOf\":{\"@id\":\"https:\\\/\\\/kidsportcanada.ca\\\/alberta\\\/lacombe\\\/#website\"},\"primaryImageOfPage\":{\"@id\":\"https:\\\/\\\/kidsportcanada.ca\\\/alberta\\\/lacombe\\\/#primaryimage\"},\"image\":{\"@id\":\"https:\\\/\\\/kidsportcanada.ca\\\/alberta\\\/lacombe\\\/#primaryimage\"},\"thumbnailUrl\":\"\\\/wp-content\\\/uploads\\\/sites\\\/280\\\/kidsport-chapter-home-1.jpg\",\"datePublished\":\"2020-03-13T16:16:56+00:00\",\"dateModified\":\"2025-12-02T13:18:25+00:00\",\"description\":\"KidSport provides grants to help cover the costs of registration fees so that ALL kids aged 18 and under can play a season of sport.\",\"breadcrumb\":{\"@id\":\"https:\\\/\\\/kidsportcanada.ca\\\/alberta\\\/lacombe\\\/#breadcrumb\"},\"inLanguage\":\"fr-CA\",\"potentialAction\":[{\"@type\":\"ReadAction\",\"target\":[\"https:\\\/\\\/kidsportcanada.ca\\\/alberta\\\/lacombe\\\/\"]}]},{\"@type\":\"ImageObject\",\"inLanguage\":\"fr-CA\",\"@id\":\"https:\\\/\\\/kidsportcanada.ca\\\/alberta\\\/lacombe\\\/#primaryimage\",\"url\":\"\\\/wp-content\\\/uploads\\\/sites\\\/280\\\/kidsport-chapter-home-1.jpg\",\"contentUrl\":\"\\\/wp-content\\\/uploads\\\/sites\\\/280\\\/kidsport-chapter-home-1.jpg\",\"width\":1600,\"height\":1000,\"caption\":\"A hockey player wearing red and black stopping on an indoor ice rink and looking at the camera\"},{\"@type\":\"BreadcrumbList\",\"@id\":\"https:\\\/\\\/kidsportcanada.ca\\\/alberta\\\/lacombe\\\/#breadcrumb\",\"itemListElement\":[{\"@type\":\"ListItem\",\"position\":1,\"name\":\"Home\",\"item\":\"https:\\\/\\\/kidsportcanada.ca\\\/alberta\\\/lacombe\\\/\"},{\"@type\":\"ListItem\",\"position\":2,\"name\":\"Home\"}]},{\"@type\":\"WebSite\",\"@id\":\"https:\\\/\\\/kidsportcanada.ca\\\/alberta\\\/lacombe\\\/#website\",\"url\":\"https:\\\/\\\/kidsportcanada.ca\\\/alberta\\\/lacombe\\\/\",\"name\":\"KidSport Lacombe County\",\"description\":\"So all kids can play\",\"alternateName\":\"KidSport Lacombe\",\"potentialAction\":[{\"@type\":\"SearchAction\",\"target\":{\"@type\":\"EntryPoint\",\"urlTemplate\":\"https:\\\/\\\/kidsportcanada.ca\\\/alberta\\\/lacombe\\\/?s={search_term_string}\"},\"query-input\":{\"@type\":\"PropertyValueSpecification\",\"valueRequired\":true,\"valueName\":\"search_term_string\"}}],\"inLanguage\":\"fr-CA\"}]}<\/script>\n<!-- \/ Yoast SEO plugin. -->","yoast_head_json":{"title":"Home | KidSport Lacombe","description":"Nous fournissons des subventions pour aider \u00e0 couvrir le co\u00fbt des frais d\u2019inscription afin que tous les enfants de 18 ans et moins puissent pratiquer un sport pendant une saison.","robots":{"index":"index","follow":"follow","max-snippet":"max-snippet:-1","max-image-preview":"max-image-preview:large","max-video-preview":"max-video-preview:-1"},"canonical":"https:\/\/kidsportcanada.ca\/alberta\/lacombe\/fr\/","og_locale":"fr_CA","og_type":"article","og_title":"Home | KidSport Lacombe","og_description":"KidSport provides grants to help cover the costs of registration fees so that ALL kids aged 18 and under can play a season of sport.","og_url":"https:\/\/kidsportcanada.ca\/alberta\/lacombe\/fr\/","og_site_name":"Lacombe","article_publisher":"https:\/\/www.facebook.com\/KidSportLacombeCounty\/","article_modified_time":"2025-12-02T13:18:25+00:00","og_image":[{"width":1600,"height":1000,"url":"https:\/\/kidsportcanada.ca\/wp-content\/uploads\/sites\/280\/kidsport-chapter-home-1.jpg","type":"image\/jpeg"}],"twitter_card":"summary_large_image","twitter_site":"@KidSportLacombe","twitter_misc":{"Estimation du temps de lecture":"2 minutes"},"schema":{"@context":"https:\/\/schema.org","@graph":[{"@type":"WebPage","@id":"https:\/\/kidsportcanada.ca\/alberta\/lacombe\/","url":"https:\/\/kidsportcanada.ca\/alberta\/lacombe\/","name":"Home | KidSport Lacombe","isPartOf":{"@id":"https:\/\/kidsportcanada.ca\/alberta\/lacombe\/#website"},"primaryImageOfPage":{"@id":"https:\/\/kidsportcanada.ca\/alberta\/lacombe\/#primaryimage"},"image":{"@id":"https:\/\/kidsportcanada.ca\/alberta\/lacombe\/#primaryimage"},"thumbnailUrl":"\/wp-content\/uploads\/sites\/280\/kidsport-chapter-home-1.jpg","datePublished":"2020-03-13T16:16:56+00:00","dateModified":"2025-12-02T13:18:25+00:00","description":"Nous fournissons des subventions pour aider \u00e0 couvrir le co\u00fbt des frais d\u2019inscription afin que tous les enfants de 18 ans et moins puissent pratiquer un sport pendant une saison.","breadcrumb":{"@id":"https:\/\/kidsportcanada.ca\/alberta\/lacombe\/#breadcrumb"},"inLanguage":"fr-CA","potentialAction":[{"@type":"ReadAction","target":["https:\/\/kidsportcanada.ca\/alberta\/lacombe\/"]}]},{"@type":"ImageObject","inLanguage":"fr-CA","@id":"https:\/\/kidsportcanada.ca\/alberta\/lacombe\/#primaryimage","url":"\/wp-content\/uploads\/sites\/280\/kidsport-chapter-home-1.jpg","contentUrl":"\/wp-content\/uploads\/sites\/280\/kidsport-chapter-home-1.jpg","width":1600,"height":1000,"caption":"A hockey player wearing red and black stopping on an indoor ice rink and looking at the camera"},{"@type":"BreadcrumbList","@id":"https:\/\/kidsportcanada.ca\/alberta\/lacombe\/#breadcrumb","itemListElement":[{"@type":"ListItem","position":1,"name":"Home","item":"https:\/\/kidsportcanada.ca\/alberta\/lacombe\/"},{"@type":"ListItem","position":2,"name":"Home"}]},{"@type":"WebSite","@id":"https:\/\/kidsportcanada.ca\/alberta\/lacombe\/#website","url":"https:\/\/kidsportcanada.ca\/alberta\/lacombe\/","name":"KidSport Lacombe County","description":"So all kids can play","alternateName":"KidSport Lacombe","potentialAction":[{"@type":"SearchAction","target":{"@type":"EntryPoint","urlTemplate":"https:\/\/kidsportcanada.ca\/alberta\/lacombe\/?s={search_term_string}"},"query-input":{"@type":"PropertyValueSpecification","valueRequired":true,"valueName":"search_term_string"}}],"inLanguage":"fr-CA"}]}},"_links":{"self":[{"href":"https:\/\/kidsportcanada.ca\/alberta\/lacombe\/fr\/wp-json\/wp\/v2\/pages\/37","targetHints":{"allow":["GET"]}}],"collection":[{"href":"https:\/\/kidsportcanada.ca\/alberta\/lacombe\/fr\/wp-json\/wp\/v2\/pages"}],"about":[{"href":"https:\/\/kidsportcanada.ca\/alberta\/lacombe\/fr\/wp-json\/wp\/v2\/types\/page"}],"author":[{"embeddable":true,"href":"https:\/\/kidsportcanada.ca\/alberta\/lacombe\/fr\/wp-json\/wp\/v2\/users\/16"}],"replies":[{"embeddable":true,"href":"https:\/\/kidsportcanada.ca\/alberta\/lacombe\/fr\/wp-json\/wp\/v2\/comments?post=37"}],"version-history":[{"count":0,"href":"https:\/\/kidsportcanada.ca\/alberta\/lacombe\/fr\/wp-json\/wp\/v2\/pages\/37\/revisions"}],"wp:featuredmedia":[{"embeddable":true,"href":"https:\/\/kidsportcanada.ca\/alberta\/lacombe\/fr\/wp-json\/wp\/v2\/media\/195"}],"wp:attachment":[{"href":"https:\/\/kidsportcanada.ca\/alberta\/lacombe\/fr\/wp-json\/wp\/v2\/media?parent=37"}],"curies":[{"name":"wp","href":"https:\/\/api.w.org\/{rel}","templated":true}]}}