
{"id":148,"date":"2020-04-01T20:45:29","date_gmt":"2020-04-01T20:45:29","guid":{"rendered":"http:\/\/kidsportcanada.ca\/grande-prairie\/?page_id=148"},"modified":"2025-03-14T15:32:58","modified_gmt":"2025-03-14T15:32:58","slug":"contact-us","status":"publish","type":"page","link":"https:\/\/kidsportcanada.ca\/alberta\/peace-country\/fr\/contact-us\/","title":{"rendered":"Contacter"},"content":{"rendered":"<h4>SportJeunesse Grande Prairie<\/h4>\r\n<h3>Get in touch &#8211; we&#8217;d be happy to answer any questions or help you get involved.<\/h3>\r\n<h5>Bureau local<\/h5>\r\n<p>SportJeunesse Grande Prairie<\/p>\r\n<h5>Communiquer<\/h5>\r\n<p><a href=\"mailto:grandeprairie@kidsport.ab.ca\">grandeprairie@kidsport.ab.ca<\/a><\/p>\r\n<p>780-518-5506<\/p>\r\n<h5>Des m\u00e9dias sociaux<\/h5>\r\n    <span class=\"socialmedia-links fl-icon-group\">\n        <!------------------ Facebook ------------------>\n        <span class=\"fl-icon facebook\">\n                            <a href=\"https:\/\/www.facebook.com\/Kidsportpc\/\" target=\"_blank\" aria-label=\"link to https:\/\/www.facebook.com\/kidsportcanada\/\" rel=\"noopener\"[soci>\n                    <i class=\"fab fa-facebook-square\" aria-hidden=\"true\"><\/i>\n                <\/a>\n                    <\/span>\n\t\t<!------------------ Facebook 2 ------------------>\n        <span class=\"fl-icon facebook\">\n                    <\/span>\n        <!------------------ Twitter ------------------>\n        <span class=\"fl-icon twitter\">\n                            <a href=\"https:\/\/twitter.com\/kidsport\/\" target=\"_blank\" aria-label=\"link to https:\/\/twitter.com\/kidsport\/\" rel=\"noopener\">\n                    <i class=\"fab fa-twitter\" aria-hidden=\"true\"><\/i>\n                <\/a>\n                    <\/span>\n        <!------------------ Instagram ------------------>\n        <span class=\"fl-icon instagram\">\n                            <a href=\"https:\/\/www.instagram.com\/kidsportpc\/\" target=\"_blank\" aria-label=\"link to https:\/\/www.instagram.com\/kidsport.canada\/\" rel=\"noopener\">\n                    <i class=\"fab fa-instagram\" aria-hidden=\"true\"><\/i>\n                <\/a>\n                    <\/span>\n        <!------------------ YouTube ------------------>\n        <span class=\"fl-icon youtube\">\n                            <a href=\"https:\/\/www.youtube.com\/user\/KidSportCanada\" target=\"_blank\" aria-label=\"link to https:\/\/www.youtube.com\/user\/KidSportCanada\" rel=\"noopener\">\n                    <i class=\"fab fa-youtube\" aria-hidden=\"true\"><\/i>\n                <\/a>\n                    <\/span>\n    <\/span>\n    \r\n<h5>PROVINCIAL FUND GRANTS<\/h5>\r\n<p>If your community does not have a local chapter, you can still apply for a KidSport grant through the Alberta Provincial Fund.<\/p>\r\n<p><a target=\"_self\" rel=\"noopener\"> LEARN MORE &amp; APPLY HERE <\/a><\/p>\r\n<h2>STAFF Directory<\/h2>\r\n<p>Karna Germsheid, Regional Manager<\/p>\r\n<p>kgermsheid@kidsport.ab.ca<\/p>\r\n<p>780-518-5506<\/p>\r\n<h2>COMMON Questions<\/h2>\r\n<p><strong>Comment puis-je obtenir une subvention SportJeunesse pour un enfant?\u00a0<\/strong><\/p>\r\n<p>Si votre enfant ou un jeune que vous connaissez pouvait b\u00e9n\u00e9ficier d\u2019un coup de pouce pour participer au sport de son choix, la subvention SportJeunesse peut aider!<\/p>\r\n<p>Une fois que l\u2019enfant aura \u00e9t\u00e9 inscrit \u00e0 son programme de sport, vous devez trouver votre section locale, ou le fonds provincial de SportJeunesse Grande Prairie, pour pr\u00e9senter une demande de subvention. Notre formulaire en ligne est s\u00e9curis\u00e9e et est la fa\u00e7on la plus facile d\u2019envoyer les renseignements exig\u00e9s, mais vous pouvez aussi utiliser le formulaire papier si vous pr\u00e9f\u00e9rez. <a href=\"https:\/\/kidsportcanada.ca\/alberta\/peace-country\/fr\/alberta\/grande-prairie\/apply-for-a-grant\/\">formulaire de demande en ligne<\/a> est le moyen le plus rapide d'envoyer les informations requises, mais vous pouvez \u00e9galement en faire la demande sur papier si vous le souhaitez.<\/p>\r\n<p><strong>\u00c0 qui dois-je m\u2019adresser pour faire un don?\u00a0<\/strong><\/p>\r\n<p>Notre formulaire de <a href=\"https:\/\/kidsportcanada.ca\/alberta\/peace-country\/fr\/grande-prairie\/donate\/\">Donate<\/a>! If you have further questions about donations, please give us a call at             <span class=\"phonenumber-div\">\n            <a href=\"tel:780-518-5506\">780-518-5506<\/a>\n            , or email             <span class=\"emailaddress-div\">\n            <a href=\"mailto:peacecountry@kidsport.ab.ca\">peacecountry@kidsport.ab.ca<\/a>\n             &#8211; we&#8217;ll get back to you as soon as we can.<\/p>\r\n<p><strong>\u00c0 qui dois-je m\u2019adresser pour parler de partenariats?<\/strong>\u00a0<\/p>\r\n<p>Thanks for your interest in joining the team! Please give us a call at             <span class=\"phonenumber-div\">\n            <a href=\"tel:780-518-5506\">780-518-5506<\/a>\n            , or reach out over email at             <span class=\"emailaddress-div\">\n            <a href=\"mailto:peacecountry@kidsport.ab.ca\">peacecountry@kidsport.ab.ca<\/a>\n             to get the ball rolling.<\/p>\r\n<p><strong>SportJeunesse est-il un organisme de bienfaisance enregistr\u00e9?<\/strong>\u00a0<\/p>\r\n<p>Yes! KidSport is an RCAAA, and qualified donee per the CRA. Our charitable number is             <span class=\"charitablenumber-div\">\n            <span>86212 5986 RR0003<\/span>\n        \n    .<\/p>\r\n<p><strong>What is the income cutoff to qualify for funding?<\/strong><\/p>\r\n<p>KidSport Alberta uses the Low Income Cut Off (LICO) number + 50%, based on number of residents in household. To qualify for funding, total household income will be below LICO plus 50% number (see below).<\/p>\r\n<table width=\"301\">\r\n<tbody>\r\n<tr>\r\n<td width=\"149\"># of people in household<\/td>\r\n<td width=\"103\">LICO<\/td>\r\n<td width=\"93\">plus 50%<\/td>\r\n<\/tr>\r\n<tr>\r\n<td>2 persons<\/td>\r\n<td width=\"103\">38,922<\/td>\r\n<td><strong>58,383<\/strong><\/td>\r\n<\/tr>\r\n<tr>\r\n<td>3 persons<\/td>\r\n<td width=\"103\">47,851<\/td>\r\n<td><strong>71,777<\/strong><\/td>\r\n<\/tr>\r\n<tr>\r\n<td>4 persons<\/td>\r\n<td width=\"103\">58,096<\/td>\r\n<td><strong>89,144<\/strong><\/td>\r\n<\/tr>\r\n<tr>\r\n<td>5 persons<\/td>\r\n<td width=\"103\">65,892<\/td>\r\n<td><strong>98,838<\/strong><\/td>\r\n<\/tr>\r\n<tr>\r\n<td>6 persons<\/td>\r\n<td width=\"103\">74,315<\/td>\r\n<td><strong>111,473<\/strong><\/td>\r\n<\/tr>\r\n<tr>\r\n<td>7 or more persons<\/td>\r\n<td width=\"103\">82,739<\/td>\r\n<td><strong>124,109<\/strong><\/td>\r\n<\/tr>\r\n<tr>\r\n<td colspan=\"3\">KidSport Alberta uses the LICO number + 50%<\/td>\r\n<\/tr>\r\n<\/tbody>\r\n<\/table>","protected":false},"excerpt":{"rendered":"<p>KidSport Grande Prairie Get in touch &#8211; we&#8217;d be happy to answer any questions or help you get involved. LOCAL OFFICE KidSport Grande Prairie CONNECT grandeprairie@kidsport.ab.ca 780-518-5506 GET SOCIAL PROVINCIAL FUND GRANTS If your community does not have a local chapter, you can still apply for a KidSport grant through the Provincial Fund. LEARN MORE&hellip;<\/p>","protected":false},"author":16,"featured_media":190,"parent":0,"menu_order":0,"comment_status":"closed","ping_status":"closed","template":"","meta":{"_acf_changed":false,"footnotes":""},"class_list":["post-148","page","type-page","status-publish","has-post-thumbnail","hentry"],"acf":[],"yoast_head":"<!-- This site is optimized with the Yoast SEO plugin v27.3 - https:\/\/yoast.com\/product\/yoast-seo-wordpress\/ -->\n<title>Contact Us - KidSport Peace Country (Grande Prairie)<\/title>\n<meta name=\"description\" content=\"Get in touch. We would be happy to answer any questions or help you get involved.\" \/>\n<meta name=\"robots\" content=\"index, follow, max-snippet:-1, max-image-preview:large, max-video-preview:-1\" \/>\n<link rel=\"canonical\" href=\"https:\/\/kidsportcanada.ca\/alberta\/peace-country\/fr\/contact-us\/\" \/>\n<meta property=\"og:locale\" content=\"fr_CA\" \/>\n<meta property=\"og:type\" content=\"article\" \/>\n<meta property=\"og:title\" content=\"Contact Us - KidSport Peace Country (Grande Prairie)\" \/>\n<meta property=\"og:description\" content=\"Get in touch. We would be happy to answer any questions or help you get involved.\" \/>\n<meta property=\"og:url\" content=\"https:\/\/kidsportcanada.ca\/alberta\/peace-country\/fr\/contact-us\/\" \/>\n<meta property=\"og:site_name\" content=\"Peace Country (Grande Prairie)\" \/>\n<meta property=\"article:modified_time\" content=\"2025-03-14T15:32:58+00:00\" \/>\n<meta property=\"og:image\" content=\"https:\/\/kidsportcanada.ca\/wp-content\/uploads\/sites\/121\/brett-levis.jpg\" \/>\n\t<meta property=\"og:image:width\" content=\"1600\" \/>\n\t<meta property=\"og:image:height\" content=\"1000\" \/>\n\t<meta property=\"og:image:type\" content=\"image\/jpeg\" \/>\n<meta name=\"twitter:card\" content=\"summary_large_image\" \/>\n<meta name=\"twitter:label1\" content=\"Estimation du temps de lecture\" \/>\n\t<meta name=\"twitter:data1\" content=\"2 minutes\" \/>\n<script type=\"application\/ld+json\" class=\"yoast-schema-graph\">{\"@context\":\"https:\\\/\\\/schema.org\",\"@graph\":[{\"@type\":\"WebPage\",\"@id\":\"https:\\\/\\\/kidsportcanada.ca\\\/alberta\\\/peace-country\\\/contact-us\\\/\",\"url\":\"https:\\\/\\\/kidsportcanada.ca\\\/alberta\\\/peace-country\\\/contact-us\\\/\",\"name\":\"Contact Us - KidSport Peace Country (Grande Prairie)\",\"isPartOf\":{\"@id\":\"https:\\\/\\\/kidsportcanada.ca\\\/alberta\\\/peace-country\\\/#website\"},\"primaryImageOfPage\":{\"@id\":\"https:\\\/\\\/kidsportcanada.ca\\\/alberta\\\/peace-country\\\/contact-us\\\/#primaryimage\"},\"image\":{\"@id\":\"https:\\\/\\\/kidsportcanada.ca\\\/alberta\\\/peace-country\\\/contact-us\\\/#primaryimage\"},\"thumbnailUrl\":\"\\\/wp-content\\\/uploads\\\/sites\\\/121\\\/brett-levis.jpg\",\"datePublished\":\"2020-04-01T20:45:29+00:00\",\"dateModified\":\"2025-03-14T15:32:58+00:00\",\"description\":\"Get in touch. We would be happy to answer any questions or help you get involved.\",\"breadcrumb\":{\"@id\":\"https:\\\/\\\/kidsportcanada.ca\\\/alberta\\\/peace-country\\\/contact-us\\\/#breadcrumb\"},\"inLanguage\":\"fr-CA\",\"potentialAction\":[{\"@type\":\"ReadAction\",\"target\":[\"https:\\\/\\\/kidsportcanada.ca\\\/alberta\\\/peace-country\\\/contact-us\\\/\"]}]},{\"@type\":\"ImageObject\",\"inLanguage\":\"fr-CA\",\"@id\":\"https:\\\/\\\/kidsportcanada.ca\\\/alberta\\\/peace-country\\\/contact-us\\\/#primaryimage\",\"url\":\"\\\/wp-content\\\/uploads\\\/sites\\\/121\\\/brett-levis.jpg\",\"contentUrl\":\"\\\/wp-content\\\/uploads\\\/sites\\\/121\\\/brett-levis.jpg\",\"width\":1600,\"height\":1000,\"caption\":\"Brett Levis a professional soccer player having a team huddle with a group of young kids on a soccer field\"},{\"@type\":\"BreadcrumbList\",\"@id\":\"https:\\\/\\\/kidsportcanada.ca\\\/alberta\\\/peace-country\\\/contact-us\\\/#breadcrumb\",\"itemListElement\":[{\"@type\":\"ListItem\",\"position\":1,\"name\":\"Home\",\"item\":\"https:\\\/\\\/kidsportcanada.ca\\\/alberta\\\/peace-country\\\/\"},{\"@type\":\"ListItem\",\"position\":2,\"name\":\"Contact Us\"}]},{\"@type\":\"WebSite\",\"@id\":\"https:\\\/\\\/kidsportcanada.ca\\\/alberta\\\/peace-country\\\/#website\",\"url\":\"https:\\\/\\\/kidsportcanada.ca\\\/alberta\\\/peace-country\\\/\",\"name\":\"Peace Country (Grande Prairie)\",\"description\":\"So ALL Kids Can Play!\",\"potentialAction\":[{\"@type\":\"SearchAction\",\"target\":{\"@type\":\"EntryPoint\",\"urlTemplate\":\"https:\\\/\\\/kidsportcanada.ca\\\/alberta\\\/peace-country\\\/?s={search_term_string}\"},\"query-input\":{\"@type\":\"PropertyValueSpecification\",\"valueRequired\":true,\"valueName\":\"search_term_string\"}}],\"inLanguage\":\"fr-CA\"}]}<\/script>\n<!-- \/ Yoast SEO plugin. -->","yoast_head_json":{"title":"Contact Us - KidSport Peace Country (Grande Prairie)","description":"Communiquez avec nous! Nous serons heureux de r\u00e9pondre \u00e0 vos questions ou de vous aider \u00e0 vous impliquer.","robots":{"index":"index","follow":"follow","max-snippet":"max-snippet:-1","max-image-preview":"max-image-preview:large","max-video-preview":"max-video-preview:-1"},"canonical":"https:\/\/kidsportcanada.ca\/alberta\/peace-country\/fr\/contact-us\/","og_locale":"fr_CA","og_type":"article","og_title":"Contact Us - KidSport Peace Country (Grande Prairie)","og_description":"Get in touch. We would be happy to answer any questions or help you get involved.","og_url":"https:\/\/kidsportcanada.ca\/alberta\/peace-country\/fr\/contact-us\/","og_site_name":"Peace Country (Grande Prairie)","article_modified_time":"2025-03-14T15:32:58+00:00","og_image":[{"width":1600,"height":1000,"url":"https:\/\/kidsportcanada.ca\/wp-content\/uploads\/sites\/121\/brett-levis.jpg","type":"image\/jpeg"}],"twitter_card":"summary_large_image","twitter_misc":{"Estimation du temps de lecture":"2 minutes"},"schema":{"@context":"https:\/\/schema.org","@graph":[{"@type":"WebPage","@id":"https:\/\/kidsportcanada.ca\/alberta\/peace-country\/contact-us\/","url":"https:\/\/kidsportcanada.ca\/alberta\/peace-country\/contact-us\/","name":"Contact Us - KidSport Peace Country (Grande Prairie)","isPartOf":{"@id":"https:\/\/kidsportcanada.ca\/alberta\/peace-country\/#website"},"primaryImageOfPage":{"@id":"https:\/\/kidsportcanada.ca\/alberta\/peace-country\/contact-us\/#primaryimage"},"image":{"@id":"https:\/\/kidsportcanada.ca\/alberta\/peace-country\/contact-us\/#primaryimage"},"thumbnailUrl":"\/wp-content\/uploads\/sites\/121\/brett-levis.jpg","datePublished":"2020-04-01T20:45:29+00:00","dateModified":"2025-03-14T15:32:58+00:00","description":"Communiquez avec nous! Nous serons heureux de r\u00e9pondre \u00e0 vos questions ou de vous aider \u00e0 vous impliquer.","breadcrumb":{"@id":"https:\/\/kidsportcanada.ca\/alberta\/peace-country\/contact-us\/#breadcrumb"},"inLanguage":"fr-CA","potentialAction":[{"@type":"ReadAction","target":["https:\/\/kidsportcanada.ca\/alberta\/peace-country\/contact-us\/"]}]},{"@type":"ImageObject","inLanguage":"fr-CA","@id":"https:\/\/kidsportcanada.ca\/alberta\/peace-country\/contact-us\/#primaryimage","url":"\/wp-content\/uploads\/sites\/121\/brett-levis.jpg","contentUrl":"\/wp-content\/uploads\/sites\/121\/brett-levis.jpg","width":1600,"height":1000,"caption":"Brett Levis a professional soccer player having a team huddle with a group of young kids on a soccer field"},{"@type":"BreadcrumbList","@id":"https:\/\/kidsportcanada.ca\/alberta\/peace-country\/contact-us\/#breadcrumb","itemListElement":[{"@type":"ListItem","position":1,"name":"Home","item":"https:\/\/kidsportcanada.ca\/alberta\/peace-country\/"},{"@type":"ListItem","position":2,"name":"Contact Us"}]},{"@type":"WebSite","@id":"https:\/\/kidsportcanada.ca\/alberta\/peace-country\/#website","url":"https:\/\/kidsportcanada.ca\/alberta\/peace-country\/","name":"Peace Country (Grande Prairie)","description":"So ALL Kids Can Play!","potentialAction":[{"@type":"SearchAction","target":{"@type":"EntryPoint","urlTemplate":"https:\/\/kidsportcanada.ca\/alberta\/peace-country\/?s={search_term_string}"},"query-input":{"@type":"PropertyValueSpecification","valueRequired":true,"valueName":"search_term_string"}}],"inLanguage":"fr-CA"}]}},"_links":{"self":[{"href":"https:\/\/kidsportcanada.ca\/alberta\/peace-country\/fr\/wp-json\/wp\/v2\/pages\/148","targetHints":{"allow":["GET"]}}],"collection":[{"href":"https:\/\/kidsportcanada.ca\/alberta\/peace-country\/fr\/wp-json\/wp\/v2\/pages"}],"about":[{"href":"https:\/\/kidsportcanada.ca\/alberta\/peace-country\/fr\/wp-json\/wp\/v2\/types\/page"}],"author":[{"embeddable":true,"href":"https:\/\/kidsportcanada.ca\/alberta\/peace-country\/fr\/wp-json\/wp\/v2\/users\/16"}],"replies":[{"embeddable":true,"href":"https:\/\/kidsportcanada.ca\/alberta\/peace-country\/fr\/wp-json\/wp\/v2\/comments?post=148"}],"version-history":[{"count":0,"href":"https:\/\/kidsportcanada.ca\/alberta\/peace-country\/fr\/wp-json\/wp\/v2\/pages\/148\/revisions"}],"wp:featuredmedia":[{"embeddable":true,"href":"https:\/\/kidsportcanada.ca\/alberta\/peace-country\/fr\/wp-json\/wp\/v2\/media\/190"}],"wp:attachment":[{"href":"https:\/\/kidsportcanada.ca\/alberta\/peace-country\/fr\/wp-json\/wp\/v2\/media?parent=148"}],"curies":[{"name":"wp","href":"https:\/\/api.w.org\/{rel}","templated":true}]}}