
{"id":150,"date":"2020-05-05T19:39:19","date_gmt":"2020-05-05T19:39:19","guid":{"rendered":"http:\/\/kidsportcanada.ca\/grande-prairie\/?page_id=150"},"modified":"2026-02-20T18:25:35","modified_gmt":"2026-02-20T18:25:35","slug":"apply-for-a-grant","status":"publish","type":"page","link":"https:\/\/kidsportcanada.ca\/alberta\/peace-country\/fr\/apply-for-a-grant\/","title":{"rendered":"Apply for a Grant"},"content":{"rendered":"<h4 data-animation-delay=\"0\" data-animation-duration=\"1\">\n\t\t\tKidSport Peace Country\t<\/h4>\n<h1 data-animation-delay=\"0.2\" data-animation-duration=\"1\">\n\t\t\tDEMANDER UNE SUBVENTION\t<\/h1>\n<h3 data-animation-delay=\"0.4\" data-animation-duration=\"1\">\n\t\t\tCommencez \u00e0 remplir votre demande ici. Faites d\u00e9filer l\u2019\u00e9cran pour en savoir plus sur notre programme et trouver des r\u00e9ponses \u00e0 toutes vos questions.\t<\/h3>\n\t\t\t<a href=\"https:\/\/kidsport.smartsimple.ca\/s_Login.jsp\" target=\"_blank\" rel=\"noopener\">\n\t\t\t\t\t\t\tPR\u00c9SENTER UNE DEMANDE EN LIGNE MAINTENANT\n\t\t\t\t\t<\/a>\n<h2>\n\t\t\tQu\u2019est-ce qu\u2019une subvention?\t<\/h2>\n\t<p>KidSport provides grants to kids from families facing financial barriers so they can participate in registered sport programs and experience the lifelong benefits of a season of sport. KidSport Peace Country provides grants of up to $350 per eligible child, per year (January 1st &#8211; December 31st) towards sport registration fees except ice hockey fees.<\/p>\n<p>Note: Ice Hockey registration fees, for the 2025-2026 season, approved applicants may access a maximum funding amount of $750 per child . If you would like to learn more about this grant program, please click <a href=\"https:\/\/kidsportcanada.ca\/alberta\/peace-country\/fr\/alberta\/hap\/\">here<\/a>.<\/p>\n<p>Avez-vous besoin d\u2019articles de sport pour pouvoir jouer? Faites-le-nous savoir et nous pr\u00e9senterons votre demande \u00e0 un organisme partenaire. Les subventions de SportJeunesse servent \u00e0 payer les frais d\u2019inscription au sport : les d\u00e9placements et la participation aux comp\u00e9titions ne sont pas des d\u00e9penses admissibles.<\/p>\n\t<h3>Crit\u00e8res d\u2019admissibilit\u00e9<\/h3>\n\t<p>KidSport Peace Country uses the following eligibility requirements to determine financial eligibility for grants:<\/p>\n<p>Low Income Cut Off (LICO) number + 50%, based on number of residents in household. To qualify for funding, total household income will be below LICO plus 50% number (see below).<\/p>\n<table width=\"301\">\n<tbody>\n<tr>\n<td width=\"149\"># of people in household<\/td>\n<td width=\"103\">LICO<\/td>\n<td width=\"93\">plus 50%<\/td>\n<\/tr>\n<tr>\n<td>2 persons<\/td>\n<td width=\"103\">39,721<\/td>\n<td>\u00a0\u00a0\u00a0\u00a0\u00a0\u00a0\u00a0\u00a0\u00a0\u00a0\u00a0\u00a0\u00a0\u00a0\u00a0<strong>59,582<\/strong><\/td>\n<\/tr>\n<tr>\n<td>3 persons<\/td>\n<td width=\"103\">48,832<\/td>\n<td>\u00a0\u00a0\u00a0\u00a0\u00a0\u00a0\u00a0\u00a0\u00a0\u00a0\u00a0\u00a0\u00a0\u00a0\u00a0<strong>73,248<\/strong><\/td>\n<\/tr>\n<tr>\n<td>4 persons<\/td>\n<td width=\"103\">59,288<\/td>\n<td>\u00a0\u00a0\u00a0\u00a0\u00a0\u00a0\u00a0\u00a0\u00a0\u00a0\u00a0\u00a0\u00a0\u00a0\u00a0<strong>88,932<\/strong><\/td>\n<\/tr>\n<tr>\n<td>5 persons<\/td>\n<td width=\"103\">67,244<\/td>\n<td>\u00a0 \u00a0 \u00a0 \u00a0 \u00a0 \u00a0 <strong>100,866<\/strong><\/td>\n<\/tr>\n<tr>\n<td>6 persons<\/td>\n<td width=\"103\">75,839<\/td>\n<td>\u00a0\u00a0\u00a0\u00a0\u00a0\u00a0\u00a0\u00a0\u00a0\u00a0\u00a0\u00a0<strong>113,789<\/strong><\/td>\n<\/tr>\n<tr>\n<td>7 or more persons<\/td>\n<td width=\"103\">84,436<\/td>\n<td>\u00a0\u00a0\u00a0\u00a0\u00a0\u00a0\u00a0\u00a0\u00a0\u00a0\u00a0\u00a0<strong>126,654<\/strong><\/td>\n<\/tr>\n<tr>\n<td colspan=\"3\"><\/td>\n<\/tr>\n<\/tbody>\n<\/table>\n<p>Applications must include one of the following documents as proof of income:<\/p>\n<ul>\n<li>Notice of Assessment (recent tax notice each adult in home)<\/li>\n<li>AISH<\/li>\n<li>Income Support<\/li>\n<li>Canada Child Benefit Notice<\/li>\n<li>Three consecutive Pay Stubs (all adults in home)<\/li>\n<\/ul>\n<p>If you have a unique circumstance and are unsure of your eligibility to receive a grant, please reach out to <a href=\"mailto:grandeprairie@kidsport.ab.ca\"><strong>peacecountry@kidsport.ab.ca<\/strong><\/a><\/p>\n\t<h3>Que dois-je faire pour demander une subvention?<\/h3>\n\t<p>Find a sport program your kid would like to join and sign up. Let the program&#8217;s administrators know you will be applying for KidSport funding.<\/p>\n<ol>\n<li>Apply online or use the paper application form &#8211; be sure to complete all sections of the application, as incomplete applications take much longer to process, and can cause delays in receiving your grant.<\/li>\n<li>Votre demande d\u00fbment remplie sera trait\u00e9e dans les 30 jours suivant sa r\u00e9ception. Si vous \u00eates admissible au financement de SportJeunesse, la subvention sera envoy\u00e9e directement au programme de sport auquel vous avez inscrit votre enfant.<\/li>\n<\/ol>\n<p>You can submit a paper application by\u00a0 scanning or taking a picture of it and sending via e-mail:<a href=\"mailto:grandeprairie@kidsport.ab.ca\">peacecountry@kidsport.ab.ca<\/a><\/p>\n<p>If you have any questions please call\/text 780 518 5506 or email peacecountry@kidsport.ab.ca<\/p>\n<h5>\n\t\t\tPr\u00e9sentez une demande maintenant\t<\/h5>\n\t\t\t<a href=\"https:\/\/kidsport.smartsimple.ca\/s_Login.jsp\" target=\"_blank\" rel=\"noopener\">\n\t\t\t\t\t\t\tPR\u00c9SENTER UNE DEMANDE EN LIGNE MAINTENANT\n\t\t\t\t\t<\/a>\n\t<p>Ou envoyez-nous une demande papier<\/p>\n\t\t\t<a href=\"\/wp-content\/uploads\/sites\/121\/KidSport-Grande-Prairie-application.docx-1-1.pdf\" target=\"_blank\" rel=\"noopener\">\n\t\t\t\t\t\tDEMANDE PAPIER\n\t\t\t\t\t<\/a>\n\n<h5>\n\t\t\tBesoin d\u2019aide?\t<\/h5>\n\t<p>We&#8217;re always happy to answer your questions &#8211; please send an email with your question to <a href=\"mailto:grandeprairie@kidsport.ab.ca\">peacecountry@kidsport.ab.ca<\/a> or watch the video below to learn how to apply!<\/p>\n\t\t\t\n<h2 data-animation-delay=\"0\" data-animation-duration=\"1\">\n\t\t\tCOMMON Questions\t<\/h2>\n\t\t\t\t\t<a role=\"heading\" id=\"fl-accordion--label-0\">Comment SportJeunesse aide-t-il?<\/a>\n\t\t\t\t\t\t\t\t\t\t\t<button type=\"button\" id=\"fl-accordion--icon-0\" aria-expanded=\"false\" aria-controls=\"fl-accordion--panel-0\"><i>Expand<\/i><\/button>\n\t\t\t\t\t<p>So ALL Kids Can Play! KidSport Peace Country gives grants to families in order to help remove any financial barriers towards any sport. KidSport grants help cover the cost of registration fees.<\/p>\n\t\t\t\t\t<a role=\"heading\" id=\"fl-accordion--label-1\">Qu\u2019est-ce que la subvention SportJeunesse couvre?<\/a>\n\t\t\t\t\t\t\t\t\t\t\t<button type=\"button\" id=\"fl-accordion--icon-1\" aria-expanded=\"false\" aria-controls=\"fl-accordion--panel-1\"><i>Expand<\/i><\/button>\n\t\t\t\t\t<p>KidSport grants cover the cost of sport registration fees for qualified families. Grants are intended to remove financial barriers to sport programs, and cannot be applied to transportation or tournament fees.<\/p>\n\t\t\t\t\t<a role=\"heading\" id=\"fl-accordion--label-2\">Quels sports sont admissibles?<\/a>\n\t\t\t\t\t\t\t\t\t\t\t<button type=\"button\" id=\"fl-accordion--icon-2\" aria-expanded=\"false\" aria-controls=\"fl-accordion--panel-2\"><i>Expand<\/i><\/button>\n\t\t\t\t\t<p>KidSport Peace Country provides support for kids registered in programs that provide a sustained sport experience (6+ weeks in duration), are taught by qualified instructors, and meet Sport Canada&#8217;s definition of a sport. Sport Canada defines a sport as an activity that involves two or more participants engaging in a competition. It involves formal rules and procedures, and requires tactics and strategies, neuromuscular skills and a high degree of difficulty, risk and effort. Programs that are required in order to attain a competitive level (i.e. swim lessons) are also eligible for funding.<\/p>\n<p>Transportation costs and tournament fees are not eligible for funding.<\/p>\n\t\t\t\t\t<a role=\"heading\" id=\"fl-accordion--label-3\">What communities are covered by KidSport Peace Country?<\/a>\n\t\t\t\t\t\t\t\t\t\t\t<button type=\"button\" id=\"fl-accordion--icon-3\" aria-expanded=\"false\" aria-controls=\"fl-accordion--panel-3\"><i>Expand<\/i><\/button>\n\t\t\t\t\t<p>Kidsport Peace Country serves children and youth living in the City of Grande Prairie or within the Peace Country Region: west to the BC border, east to Valleyview, south to Grovedale, north to the NWT Border.<\/p>\n<p>If you are not sure if your community falls in the Peace Country catchment area send a text to 780 518 5506 and we will let you know.<\/p>\n<p>If you are outside our boundaries, you can apply to the <a href=\"https:\/\/kidsportcanada.ca\/alberta\/peace-country\/fr\/alberta\/provincial-fund\/\">Kidsport Provincial Fund.<\/a><\/p>\n\t\t\t\t\t<a role=\"heading\" id=\"fl-accordion--label-4\">Quelle est la date limite pour pr\u00e9senter une demande?<\/a>\n\t\t\t\t\t\t\t\t\t\t\t<button type=\"button\" id=\"fl-accordion--icon-4\" aria-expanded=\"false\" aria-controls=\"fl-accordion--panel-4\"><i>Expand<\/i><\/button>\n\t\t\t\t\t<p>It is best to register your child in the sports program prior to applying for KidSport funding. By registering with the sport you also get information needed to apply online.\u00a0 Each program is different, some only require the Registration ID # but many may require that KidSport funding prior to the program&#8217;s start date. You should apply for a KidSport grant as soon as possible after your kid has been registered, as it can sometimes take up to 30 days for applications to be processed.<\/p>\n<p>Les subventions SportJeunesse ne peuvent pas servir aux programmes qui sont d\u00e9j\u00e0 termin\u00e9s.<\/p>\n\t\t\t\t\t<a role=\"heading\" id=\"fl-accordion--label-5\">Comment saurai-je si ma demande est accept\u00e9e?<\/a>\n\t\t\t\t\t\t\t\t\t\t\t<button type=\"button\" id=\"fl-accordion--icon-5\" aria-expanded=\"false\" aria-controls=\"fl-accordion--panel-5\"><i>Expand<\/i><\/button>\n\t\t\t\t\t<p>When you apply <a href=\"https:\/\/kidsportcanada.ca\/alberta\/peace-country\/fr\/alberta\/grande-prairie\/apply-for-a-grant\/\">online<\/a>, you will be sent an automatic, system-generated email with your approval information.\u00a0 This will only happen by this application.<\/p>\n<p>If you have applied by paper method (through an emailed PDF form, or through a printed form), this information will not be sent to you automatically.\u00a0 If you include your email address any information can then be sentto you to keep you informed.<\/p>\n\t\t\t\t\t<a role=\"heading\" id=\"fl-accordion--label-6\">Que dois-je faire pour d\u00e9montrer mon admissibilit\u00e9 financi\u00e8re?<\/a>\n\t\t\t\t\t\t\t\t\t\t\t<button type=\"button\" id=\"fl-accordion--icon-6\" aria-expanded=\"false\" aria-controls=\"fl-accordion--panel-6\"><i>Expand<\/i><\/button>\n\t\t\t\t\t<p>Please support your application for funding with One (1) of the following Government or Proof of Income documents:<\/p>\n&#8211;Your Notice of Assessment Statement for<br \/>\nmost recent tax year (for each adult living in<br \/>\nthe home).\u00a0 If you do not have a copy of<br \/>\nyour Notice of Assessment, it can be<br \/>\nobtained by calling 1-800-959-8281 and<br \/>\nit will be mailed to you oryou can access your<br \/>\n<a href=\"https:\/\/www.canada.ca\/fr\/agence-revenu\/services\/services-electroniques\/services-electroniques-particuliers\/comment-obtenir-releve-preuve-revenu-imprime-option.html\" target=\"_blank\" rel=\"noopener\">l\u2019ARC\u00a0\u00a0<\/a>\n<p>&#8212; Alberta Works Child Health Benefits Letter<\/p>\n&#8212; Canada Child Benefit Notice (a copy of the<br \/>\nfirst and second page)\n<p>&#8212; \u00a0AISH<\/p>\n<p>&#8212; Income Support<\/p>\n<p>&#8212; Subsidized housing<\/p>\n&#8212; Three consecutive Pay Stubs of all working<br \/>\nadults in the home\n<p>We strongly recommend one of these options<\/p>\n\t\t\t\t\t<a role=\"heading\" id=\"fl-accordion--label-7\">Qu\u2019arrive-t-il si l\u2019enfant habite \u00e0 l\u2019ext\u00e9rieur de la r\u00e9gion que nous couvrons?<\/a>\n\t\t\t\t\t\t\t\t\t\t\t<button type=\"button\" id=\"fl-accordion--icon-7\" aria-expanded=\"false\" aria-controls=\"fl-accordion--panel-7\"><i>Expand<\/i><\/button>\n\t\t\t\t\t<p>If your family lives outside of the area we cover, you can apply to the <a href=\"https:\/\/kidsportcanada.ca\/alberta\/peace-country\/fr\/alberta\/provincial-fund\/\">KidSport Provincial Fund<\/a>. The provincial fund works like a big chapter, and covers all communities that do not already have a KidSport chapter.<\/p>\n\t\t\t\t\t<a role=\"heading\" id=\"fl-accordion--label-8\">Mes renseignements sont-ils prot\u00e9g\u00e9s et confidentiels?<\/a>\n\t\t\t\t\t\t\t\t\t\t\t<button type=\"button\" id=\"fl-accordion--icon-8\" aria-expanded=\"false\" aria-controls=\"fl-accordion--panel-8\"><i>Expand<\/i><\/button>\n\t\t\t\t\t<p>Oui, tous vos renseignements personnels seront sauvegard\u00e9s de fa\u00e7on s\u00e9curis\u00e9e et d\u00e9truits au moment appropri\u00e9. Notre syst\u00e8me de demande en ligne est s\u00e9curis\u00e9 et fiable. Jamais SportJeunesse et ses partenaires ne vendront ni ne divulgueront vos donn\u00e9es personnelles.<\/p>","protected":false},"excerpt":{"rendered":"<p>KidSport Peace Country APPLY FOR A GRANT Start your application here. Scroll down to learn more about our program and get answers to all of your questions. APPLY ONLINE NOW What is a Grant? KidSport provides grants to kids from families facing financial barriers so they can participate in registered sport programs and experience the&hellip;<\/p>","protected":false},"author":16,"featured_media":196,"parent":0,"menu_order":0,"comment_status":"closed","ping_status":"closed","template":"","meta":{"_acf_changed":false,"footnotes":""},"class_list":["post-150","page","type-page","status-publish","has-post-thumbnail","hentry"],"acf":[],"yoast_head":"<!-- This site is optimized with the Yoast SEO plugin v27.3 - https:\/\/yoast.com\/product\/yoast-seo-wordpress\/ -->\n<title>Apply for a Grant - KidSport Peace Country (Grande Prairie)<\/title>\n<meta name=\"description\" content=\"Start your application here. KidSport provides grants to kids from families facing financial barriers so they can participate in registered sport programs.\" \/>\n<meta name=\"robots\" content=\"index, follow, max-snippet:-1, max-image-preview:large, max-video-preview:-1\" \/>\n<link rel=\"canonical\" href=\"https:\/\/kidsportcanada.ca\/alberta\/peace-country\/fr\/apply-for-a-grant\/\" \/>\n<meta property=\"og:locale\" content=\"fr_CA\" \/>\n<meta property=\"og:type\" content=\"article\" \/>\n<meta property=\"og:title\" content=\"Apply for a Grant - KidSport Peace Country (Grande Prairie)\" \/>\n<meta property=\"og:description\" content=\"Start your application here. KidSport provides grants to kids from families facing financial barriers so they can participate in registered sport programs.\" \/>\n<meta property=\"og:url\" content=\"https:\/\/kidsportcanada.ca\/alberta\/peace-country\/fr\/apply-for-a-grant\/\" \/>\n<meta property=\"og:site_name\" content=\"Peace Country (Grande Prairie)\" \/>\n<meta property=\"article:modified_time\" content=\"2026-02-20T18:25:35+00:00\" \/>\n<meta property=\"og:image\" content=\"https:\/\/kidsportcanada.ca\/wp-content\/uploads\/sites\/121\/devonte-1.jpg\" \/>\n\t<meta property=\"og:image:width\" content=\"1600\" \/>\n\t<meta property=\"og:image:height\" content=\"1000\" \/>\n\t<meta property=\"og:image:type\" content=\"image\/jpeg\" \/>\n<meta name=\"twitter:card\" content=\"summary_large_image\" \/>\n<meta name=\"twitter:label1\" content=\"Estimation du temps de lecture\" \/>\n\t<meta name=\"twitter:data1\" content=\"5 minutes\" \/>\n<script type=\"application\/ld+json\" class=\"yoast-schema-graph\">{\"@context\":\"https:\\\/\\\/schema.org\",\"@graph\":[{\"@type\":\"WebPage\",\"@id\":\"https:\\\/\\\/kidsportcanada.ca\\\/alberta\\\/peace-country\\\/apply-for-a-grant\\\/\",\"url\":\"https:\\\/\\\/kidsportcanada.ca\\\/alberta\\\/peace-country\\\/apply-for-a-grant\\\/\",\"name\":\"Apply for a Grant - KidSport Peace Country (Grande Prairie)\",\"isPartOf\":{\"@id\":\"https:\\\/\\\/kidsportcanada.ca\\\/alberta\\\/peace-country\\\/#website\"},\"primaryImageOfPage\":{\"@id\":\"https:\\\/\\\/kidsportcanada.ca\\\/alberta\\\/peace-country\\\/apply-for-a-grant\\\/#primaryimage\"},\"image\":{\"@id\":\"https:\\\/\\\/kidsportcanada.ca\\\/alberta\\\/peace-country\\\/apply-for-a-grant\\\/#primaryimage\"},\"thumbnailUrl\":\"\\\/wp-content\\\/uploads\\\/sites\\\/121\\\/devonte-1.jpg\",\"datePublished\":\"2020-05-05T19:39:19+00:00\",\"dateModified\":\"2026-02-20T18:25:35+00:00\",\"description\":\"Start your application here. KidSport provides grants to kids from families facing financial barriers so they can participate in registered sport programs.\",\"breadcrumb\":{\"@id\":\"https:\\\/\\\/kidsportcanada.ca\\\/alberta\\\/peace-country\\\/apply-for-a-grant\\\/#breadcrumb\"},\"inLanguage\":\"fr-CA\",\"potentialAction\":[{\"@type\":\"ReadAction\",\"target\":[\"https:\\\/\\\/kidsportcanada.ca\\\/alberta\\\/peace-country\\\/apply-for-a-grant\\\/\"]}]},{\"@type\":\"ImageObject\",\"inLanguage\":\"fr-CA\",\"@id\":\"https:\\\/\\\/kidsportcanada.ca\\\/alberta\\\/peace-country\\\/apply-for-a-grant\\\/#primaryimage\",\"url\":\"\\\/wp-content\\\/uploads\\\/sites\\\/121\\\/devonte-1.jpg\",\"contentUrl\":\"\\\/wp-content\\\/uploads\\\/sites\\\/121\\\/devonte-1.jpg\",\"width\":1600,\"height\":1000,\"caption\":\"A young boy sliding on the grass soccer field after scoring a goal\"},{\"@type\":\"BreadcrumbList\",\"@id\":\"https:\\\/\\\/kidsportcanada.ca\\\/alberta\\\/peace-country\\\/apply-for-a-grant\\\/#breadcrumb\",\"itemListElement\":[{\"@type\":\"ListItem\",\"position\":1,\"name\":\"Home\",\"item\":\"https:\\\/\\\/kidsportcanada.ca\\\/alberta\\\/peace-country\\\/\"},{\"@type\":\"ListItem\",\"position\":2,\"name\":\"Apply for a Grant\"}]},{\"@type\":\"WebSite\",\"@id\":\"https:\\\/\\\/kidsportcanada.ca\\\/alberta\\\/peace-country\\\/#website\",\"url\":\"https:\\\/\\\/kidsportcanada.ca\\\/alberta\\\/peace-country\\\/\",\"name\":\"Peace Country (Grande Prairie)\",\"description\":\"So ALL Kids Can Play!\",\"potentialAction\":[{\"@type\":\"SearchAction\",\"target\":{\"@type\":\"EntryPoint\",\"urlTemplate\":\"https:\\\/\\\/kidsportcanada.ca\\\/alberta\\\/peace-country\\\/?s={search_term_string}\"},\"query-input\":{\"@type\":\"PropertyValueSpecification\",\"valueRequired\":true,\"valueName\":\"search_term_string\"}}],\"inLanguage\":\"fr-CA\"}]}<\/script>\n<!-- \/ Yoast SEO plugin. -->","yoast_head_json":{"title":"Apply for a Grant - KidSport Peace Country (Grande Prairie)","description":"Commencez \u00e0 remplir votre demande ici. SportJeunesse fournit des subventions aux enfants provenant de familles qui se heurtent \u00e0 des obstacles financiers afin qu\u2019ils puissent participer \u00e0 des programmes de sport.","robots":{"index":"index","follow":"follow","max-snippet":"max-snippet:-1","max-image-preview":"max-image-preview:large","max-video-preview":"max-video-preview:-1"},"canonical":"https:\/\/kidsportcanada.ca\/alberta\/peace-country\/fr\/apply-for-a-grant\/","og_locale":"fr_CA","og_type":"article","og_title":"Apply for a Grant - KidSport Peace Country (Grande Prairie)","og_description":"Start your application here. KidSport provides grants to kids from families facing financial barriers so they can participate in registered sport programs.","og_url":"https:\/\/kidsportcanada.ca\/alberta\/peace-country\/fr\/apply-for-a-grant\/","og_site_name":"Peace Country (Grande Prairie)","article_modified_time":"2026-02-20T18:25:35+00:00","og_image":[{"width":1600,"height":1000,"url":"https:\/\/kidsportcanada.ca\/wp-content\/uploads\/sites\/121\/devonte-1.jpg","type":"image\/jpeg"}],"twitter_card":"summary_large_image","twitter_misc":{"Estimation du temps de lecture":"5 minutes"},"schema":{"@context":"https:\/\/schema.org","@graph":[{"@type":"WebPage","@id":"https:\/\/kidsportcanada.ca\/alberta\/peace-country\/apply-for-a-grant\/","url":"https:\/\/kidsportcanada.ca\/alberta\/peace-country\/apply-for-a-grant\/","name":"Apply for a Grant - KidSport Peace Country (Grande Prairie)","isPartOf":{"@id":"https:\/\/kidsportcanada.ca\/alberta\/peace-country\/#website"},"primaryImageOfPage":{"@id":"https:\/\/kidsportcanada.ca\/alberta\/peace-country\/apply-for-a-grant\/#primaryimage"},"image":{"@id":"https:\/\/kidsportcanada.ca\/alberta\/peace-country\/apply-for-a-grant\/#primaryimage"},"thumbnailUrl":"\/wp-content\/uploads\/sites\/121\/devonte-1.jpg","datePublished":"2020-05-05T19:39:19+00:00","dateModified":"2026-02-20T18:25:35+00:00","description":"Commencez \u00e0 remplir votre demande ici. SportJeunesse fournit des subventions aux enfants provenant de familles qui se heurtent \u00e0 des obstacles financiers afin qu\u2019ils puissent participer \u00e0 des programmes de sport.","breadcrumb":{"@id":"https:\/\/kidsportcanada.ca\/alberta\/peace-country\/apply-for-a-grant\/#breadcrumb"},"inLanguage":"fr-CA","potentialAction":[{"@type":"ReadAction","target":["https:\/\/kidsportcanada.ca\/alberta\/peace-country\/apply-for-a-grant\/"]}]},{"@type":"ImageObject","inLanguage":"fr-CA","@id":"https:\/\/kidsportcanada.ca\/alberta\/peace-country\/apply-for-a-grant\/#primaryimage","url":"\/wp-content\/uploads\/sites\/121\/devonte-1.jpg","contentUrl":"\/wp-content\/uploads\/sites\/121\/devonte-1.jpg","width":1600,"height":1000,"caption":"A young boy sliding on the grass soccer field after scoring a goal"},{"@type":"BreadcrumbList","@id":"https:\/\/kidsportcanada.ca\/alberta\/peace-country\/apply-for-a-grant\/#breadcrumb","itemListElement":[{"@type":"ListItem","position":1,"name":"Home","item":"https:\/\/kidsportcanada.ca\/alberta\/peace-country\/"},{"@type":"ListItem","position":2,"name":"Apply for a Grant"}]},{"@type":"WebSite","@id":"https:\/\/kidsportcanada.ca\/alberta\/peace-country\/#website","url":"https:\/\/kidsportcanada.ca\/alberta\/peace-country\/","name":"Peace Country (Grande Prairie)","description":"So ALL Kids Can Play!","potentialAction":[{"@type":"SearchAction","target":{"@type":"EntryPoint","urlTemplate":"https:\/\/kidsportcanada.ca\/alberta\/peace-country\/?s={search_term_string}"},"query-input":{"@type":"PropertyValueSpecification","valueRequired":true,"valueName":"search_term_string"}}],"inLanguage":"fr-CA"}]}},"_links":{"self":[{"href":"https:\/\/kidsportcanada.ca\/alberta\/peace-country\/fr\/wp-json\/wp\/v2\/pages\/150","targetHints":{"allow":["GET"]}}],"collection":[{"href":"https:\/\/kidsportcanada.ca\/alberta\/peace-country\/fr\/wp-json\/wp\/v2\/pages"}],"about":[{"href":"https:\/\/kidsportcanada.ca\/alberta\/peace-country\/fr\/wp-json\/wp\/v2\/types\/page"}],"author":[{"embeddable":true,"href":"https:\/\/kidsportcanada.ca\/alberta\/peace-country\/fr\/wp-json\/wp\/v2\/users\/16"}],"replies":[{"embeddable":true,"href":"https:\/\/kidsportcanada.ca\/alberta\/peace-country\/fr\/wp-json\/wp\/v2\/comments?post=150"}],"version-history":[{"count":0,"href":"https:\/\/kidsportcanada.ca\/alberta\/peace-country\/fr\/wp-json\/wp\/v2\/pages\/150\/revisions"}],"wp:featuredmedia":[{"embeddable":true,"href":"https:\/\/kidsportcanada.ca\/alberta\/peace-country\/fr\/wp-json\/wp\/v2\/media\/196"}],"wp:attachment":[{"href":"https:\/\/kidsportcanada.ca\/alberta\/peace-country\/fr\/wp-json\/wp\/v2\/media?parent=150"}],"curies":[{"name":"wp","href":"https:\/\/api.w.org\/{rel}","templated":true}]}}