
{"id":37,"date":"2020-03-13T16:16:56","date_gmt":"2020-03-13T16:16:56","guid":{"rendered":"http:\/\/kidsportcanada.ca\/grande-prairie\/?page_id=37"},"modified":"2026-02-20T18:48:22","modified_gmt":"2026-02-20T18:48:22","slug":"home","status":"publish","type":"page","link":"https:\/\/kidsportcanada.ca\/alberta\/peace-country\/fr\/","title":{"rendered":"Home"},"content":{"rendered":"<h4 data-animation-delay=\"0\" data-animation-duration=\"1\">\n\t\t\tBienvenue \u00e0\t<\/h4>\n<h1>\n\t\t\tKidSport Peace Country (formerly Grande Prairie)\t<\/h1>\n\t\t\t<a href=\"https:\/\/kidsportcanada.ca\/alberta\/peace-country\/fr\/alberta\/grande-prairie\/apply-for-a-grant\/\" target=\"_blank\" rel=\"noopener\">\n\t\t\t\t\t\t\tDEMANDER UNE SUBVENTION\n\t\t\t\t\t<\/a>\n\t\t\t<a href=\"https:\/\/kidsportcanada.ca\/alberta\/peace-country\/fr\/alberta\/hap\/\" target=\"_blank\" rel=\"noopener\">\n\t\t\t\t\t\tLEARN MORE ABOUT THE HOCKEY ASSIST PROGRAM (HAP)\n\t\t\t\t\t<\/a>\n<h2>\n\t\t\t\u00c0 PROPOS DE\t<\/h2>\n<h4>\n\t\t\tKidSport Peace Country (formerly Grande Prairie)\t<\/h4>\n\t<h3>We provide grants to help cover the costs of registration fees so that all kids aged 18 and under in the Peace Country can play a season of sport.<\/h3>\n<h3>Notre section accepte les demandes et administre les subventions pouvant atteindre <strong>$350 per child\/year<\/strong>. If you live outside of the Peace Country, please <a href=\"\/wp-content\/uploads\/sites\/96\/KidSport-Alberta-chapter-info-July-3-20.pdf\" target=\"_blank\" rel=\"noopener\">click on the chapter list<\/a> to find your local chapter.<\/h3>\n\t\t\t<a href=\"https:\/\/kidsportcanada.ca\/alberta\/peace-country\/fr\/alberta\/grande-prairie\/apply-for-a-grant\/\" target=\"_self\">\n\t\t\t\t\t\t\tDEMANDER UNE SUBVENTION\n\t\t\t\t\t<\/a>\n<h5>\n\t\t\tCommuniquer\t<\/h5>\n\t    <span class=\"socialmedia-links fl-icon-group\">\n        <!------------------ Facebook ------------------>\n        <span class=\"fl-icon facebook\">\n                            <a href=\"https:\/\/www.facebook.com\/Kidsportpc\/\" target=\"_blank\" aria-label=\"link to https:\/\/www.facebook.com\/kidsportcanada\/\" rel=\"noopener\"[soci>\n                    <i class=\"fab fa-facebook-square\" aria-hidden=\"true\"><\/i>\n                <\/a>\n                    <\/span>\n\t\t<!------------------ Facebook 2 ------------------>\n        <span class=\"fl-icon facebook\">\n                    <\/span>\n        <!------------------ Twitter ------------------>\n        <span class=\"fl-icon twitter\">\n                            <a href=\"https:\/\/twitter.com\/kidsport\/\" target=\"_blank\" aria-label=\"link to https:\/\/twitter.com\/kidsport\/\" rel=\"noopener\">\n                    <i class=\"fab fa-twitter\" aria-hidden=\"true\"><\/i>\n                <\/a>\n                    <\/span>\n        <!------------------ Instagram ------------------>\n        <span class=\"fl-icon instagram\">\n                            <a href=\"https:\/\/www.instagram.com\/kidsportpc\/\" target=\"_blank\" aria-label=\"link to https:\/\/www.instagram.com\/kidsport.canada\/\" rel=\"noopener\">\n                    <i class=\"fab fa-instagram\" aria-hidden=\"true\"><\/i>\n                <\/a>\n                    <\/span>\n        <!------------------ YouTube ------------------>\n        <span class=\"fl-icon youtube\">\n                            <a href=\"https:\/\/www.youtube.com\/user\/KidSportCanada\" target=\"_blank\" aria-label=\"link to https:\/\/www.youtube.com\/user\/KidSportCanada\" rel=\"noopener\">\n                    <i class=\"fab fa-youtube\" aria-hidden=\"true\"><\/i>\n                <\/a>\n                    <\/span>\n    <\/span>\n    \n<h5>\n\t\t\tLIENS UTILES\t<\/h5>\n<h6>\n\t\t<a href=\"https:\/\/cityofgp.com\/parks-recreation\/programs-camps-funding\/grants-funding\/recreation-access-program\" title=\"City of Grande Prairie Recreation Access Program\" target=\"_blank\" rel=\"noopener\">\n\t\t\tCity of Grande Prairie Recreation Access Program\t\t<\/a>\n\t<\/h6>\n<h6>\n\t\t<a href=\"https:\/\/www.countygp.ab.ca\/parks-recreation-community\/recreation-events-and-programs\/recreation-fee-assistance\/\" title=\"County of Grande Prairie Recreation Fee Assistance\" target=\"_blank\" rel=\"noopener\">\n\t\t\tCounty of Grande Prairie Recreation Fee Assistance\t\t<\/a>\n\t<\/h6>\n<h2>\n\t\t\tDERNI\u00c8RES\t<\/h2>\n<h4>\n\t\t\tNews &amp; Stories\t<\/h4>\n    <h5>News &amp; Stories<\/h5>\n<h2>\n\t\t\tINCIDENCE 100 % LOCALE\t<\/h2>\n<h4>\n\t\t\tAll funds raised by Kidsport Peace Country stay in our communities to get local kids off the sidelines and into a season of sport. Let&#8217;s work together to build strong kids and strong communities!\t<\/h4>\n    <a href=\"https:\/\/kidsportcanada.ca\/alberta\/peace-country\/fr\/donate\/\">\n            <br \/>DONNER<br \/>MAINTENANT\n    <\/a>\n\t\t<!-- Comment to fix spacing issue\n\t-->\n\t\t<h1>$0<\/h1>\n\t<!-- Comment to fix spacing issue\n\t-->\t\n<h3>\n\t\t\tAmount invested into the Peace Country sport community in 2025\t<\/h3>\n\t\t<!-- Comment to fix spacing issue\n\t-->\n\t\t<h1>0<\/h1>\n\t<!-- Comment to fix spacing issue\n\t-->\t\n<h3>\n\t\t\tKids helped off the sidelines in the Peace Country in 2025\t<\/h3>\n<h3>\n\t\t\tEn appuyant SportJeunesse, nous gagnons tous. Quand les enfants ont acc\u00e8s au sport, ils s\u2019am\u00e9liorent \u00e0 l\u2019\u00e9cole, deviennent de solides leaders, cr\u00e9ent des communaut\u00e9s s\u00fbres, catalysent l\u2019inclusivit\u00e9 et adoptent des habitudes saines pour la vie.\t<\/h3>\n<h2>\n\t\t\tOUR Team\t<\/h2>\n<h3>\n\t\t\tKidsport Peace Country is made possible thanks to passionate volunteers and our incredible partners. Together we&#8217;re making it so no kid in the Peace Country is left watching from the sidelines.\t<\/h3>\n\t\t\t\t\t<a role=\"heading\" id=\"fl-accordion--label-0\">KidSport Peace Country Committee<\/a>\n\t\t\t\t\t\t\t\t\t\t\t<button type=\"button\" id=\"fl-accordion--icon-0\" aria-expanded=\"true\" aria-controls=\"fl-accordion--panel-0\"><i>Collapse<\/i><\/button>\n\t\t\t\t\tTyler Keddie<br \/>\nBecky Hube<br \/>\nKrista Schuett<br \/>\nMartin Noskey<br \/>\nFatima Gueye\n<h1>\n\t\t\tAMBASSADEURS\t<\/h1>","protected":false},"excerpt":{"rendered":"<p>Welcome to KidSport Peace Country (formerly Grande Prairie) APPLY FOR A GRANT LEARN MORE ABOUT THE HOCKEY ASSIST PROGRAM (HAP) ABOUT KidSport Peace Country (formerly Grande Prairie) We provide grants to help cover the costs of registration fees so that all kids aged 18 and under in the Peace Country can play a season of&hellip;<\/p>","protected":false},"author":16,"featured_media":194,"parent":0,"menu_order":0,"comment_status":"closed","ping_status":"closed","template":"","meta":{"_acf_changed":false,"footnotes":""},"class_list":["post-37","page","type-page","status-publish","has-post-thumbnail","hentry"],"acf":[],"yoast_head":"<!-- This site is optimized with the Yoast SEO plugin v27.3 - https:\/\/yoast.com\/product\/yoast-seo-wordpress\/ -->\n<title>Home - KidSport Peace Country (Grande Prairie)<\/title>\n<meta name=\"description\" content=\"KidSport works to fulfill its mission of eliminating financial barriers to enable sport participation. So ALL Kids Can Play!\" \/>\n<meta name=\"robots\" content=\"index, follow, max-snippet:-1, max-image-preview:large, max-video-preview:-1\" \/>\n<link rel=\"canonical\" href=\"https:\/\/kidsportcanada.ca\/alberta\/peace-country\/fr\/\" \/>\n<meta property=\"og:locale\" content=\"fr_CA\" \/>\n<meta property=\"og:type\" content=\"article\" \/>\n<meta property=\"og:title\" content=\"Home - KidSport Peace Country (Grande Prairie)\" \/>\n<meta property=\"og:description\" content=\"KidSport works to fulfill its mission of eliminating financial barriers to enable sport participation. So ALL Kids Can Play!\" \/>\n<meta property=\"og:url\" content=\"https:\/\/kidsportcanada.ca\/alberta\/peace-country\/fr\/\" \/>\n<meta property=\"og:site_name\" content=\"Peace Country (Grande Prairie)\" \/>\n<meta property=\"article:modified_time\" content=\"2026-02-20T18:48:22+00:00\" \/>\n<meta property=\"og:image\" content=\"https:\/\/kidsportcanada.ca\/wp-content\/uploads\/sites\/121\/kidsport-hands-together.jpg\" \/>\n\t<meta property=\"og:image:width\" content=\"1600\" \/>\n\t<meta property=\"og:image:height\" content=\"1000\" \/>\n\t<meta property=\"og:image:type\" content=\"image\/jpeg\" \/>\n<meta name=\"twitter:card\" content=\"summary_large_image\" \/>\n<meta name=\"twitter:label1\" content=\"Estimation du temps de lecture\" \/>\n\t<meta name=\"twitter:data1\" content=\"2 minutes\" \/>\n<script type=\"application\/ld+json\" class=\"yoast-schema-graph\">{\"@context\":\"https:\\\/\\\/schema.org\",\"@graph\":[{\"@type\":\"WebPage\",\"@id\":\"https:\\\/\\\/kidsportcanada.ca\\\/alberta\\\/peace-country\\\/\",\"url\":\"https:\\\/\\\/kidsportcanada.ca\\\/alberta\\\/peace-country\\\/\",\"name\":\"Home - KidSport Peace Country (Grande Prairie)\",\"isPartOf\":{\"@id\":\"https:\\\/\\\/kidsportcanada.ca\\\/alberta\\\/peace-country\\\/#website\"},\"primaryImageOfPage\":{\"@id\":\"https:\\\/\\\/kidsportcanada.ca\\\/alberta\\\/peace-country\\\/#primaryimage\"},\"image\":{\"@id\":\"https:\\\/\\\/kidsportcanada.ca\\\/alberta\\\/peace-country\\\/#primaryimage\"},\"thumbnailUrl\":\"\\\/wp-content\\\/uploads\\\/sites\\\/121\\\/kidsport-hands-together.jpg\",\"datePublished\":\"2020-03-13T16:16:56+00:00\",\"dateModified\":\"2026-02-20T18:48:22+00:00\",\"description\":\"KidSport works to fulfill its mission of eliminating financial barriers to enable sport participation. So ALL Kids Can Play!\",\"breadcrumb\":{\"@id\":\"https:\\\/\\\/kidsportcanada.ca\\\/alberta\\\/peace-country\\\/#breadcrumb\"},\"inLanguage\":\"fr-CA\",\"potentialAction\":[{\"@type\":\"ReadAction\",\"target\":[\"https:\\\/\\\/kidsportcanada.ca\\\/alberta\\\/peace-country\\\/\"]}]},{\"@type\":\"ImageObject\",\"inLanguage\":\"fr-CA\",\"@id\":\"https:\\\/\\\/kidsportcanada.ca\\\/alberta\\\/peace-country\\\/#primaryimage\",\"url\":\"\\\/wp-content\\\/uploads\\\/sites\\\/121\\\/kidsport-hands-together.jpg\",\"contentUrl\":\"\\\/wp-content\\\/uploads\\\/sites\\\/121\\\/kidsport-hands-together.jpg\",\"width\":1600,\"height\":1000,\"caption\":\"What it means to be in sports!\"},{\"@type\":\"BreadcrumbList\",\"@id\":\"https:\\\/\\\/kidsportcanada.ca\\\/alberta\\\/peace-country\\\/#breadcrumb\",\"itemListElement\":[{\"@type\":\"ListItem\",\"position\":1,\"name\":\"Home\",\"item\":\"https:\\\/\\\/kidsportcanada.ca\\\/alberta\\\/peace-country\\\/\"},{\"@type\":\"ListItem\",\"position\":2,\"name\":\"Home\"}]},{\"@type\":\"WebSite\",\"@id\":\"https:\\\/\\\/kidsportcanada.ca\\\/alberta\\\/peace-country\\\/#website\",\"url\":\"https:\\\/\\\/kidsportcanada.ca\\\/alberta\\\/peace-country\\\/\",\"name\":\"Peace Country (Grande Prairie)\",\"description\":\"So ALL Kids Can Play!\",\"potentialAction\":[{\"@type\":\"SearchAction\",\"target\":{\"@type\":\"EntryPoint\",\"urlTemplate\":\"https:\\\/\\\/kidsportcanada.ca\\\/alberta\\\/peace-country\\\/?s={search_term_string}\"},\"query-input\":{\"@type\":\"PropertyValueSpecification\",\"valueRequired\":true,\"valueName\":\"search_term_string\"}}],\"inLanguage\":\"fr-CA\"}]}<\/script>\n<!-- \/ Yoast SEO plugin. -->","yoast_head_json":{"title":"Home - KidSport Peace Country (Grande Prairie)","description":"KidSport works to fulfill its mission of eliminating financial barriers to enable sport participation. So ALL Kids Can Play!","robots":{"index":"index","follow":"follow","max-snippet":"max-snippet:-1","max-image-preview":"max-image-preview:large","max-video-preview":"max-video-preview:-1"},"canonical":"https:\/\/kidsportcanada.ca\/alberta\/peace-country\/fr\/","og_locale":"fr_CA","og_type":"article","og_title":"Home - KidSport Peace Country (Grande Prairie)","og_description":"KidSport works to fulfill its mission of eliminating financial barriers to enable sport participation. So ALL Kids Can Play!","og_url":"https:\/\/kidsportcanada.ca\/alberta\/peace-country\/fr\/","og_site_name":"Peace Country (Grande Prairie)","article_modified_time":"2026-02-20T18:48:22+00:00","og_image":[{"width":1600,"height":1000,"url":"https:\/\/kidsportcanada.ca\/wp-content\/uploads\/sites\/121\/kidsport-hands-together.jpg","type":"image\/jpeg"}],"twitter_card":"summary_large_image","twitter_misc":{"Estimation du temps de lecture":"2 minutes"},"schema":{"@context":"https:\/\/schema.org","@graph":[{"@type":"WebPage","@id":"https:\/\/kidsportcanada.ca\/alberta\/peace-country\/","url":"https:\/\/kidsportcanada.ca\/alberta\/peace-country\/","name":"Home - KidSport Peace Country (Grande Prairie)","isPartOf":{"@id":"https:\/\/kidsportcanada.ca\/alberta\/peace-country\/#website"},"primaryImageOfPage":{"@id":"https:\/\/kidsportcanada.ca\/alberta\/peace-country\/#primaryimage"},"image":{"@id":"https:\/\/kidsportcanada.ca\/alberta\/peace-country\/#primaryimage"},"thumbnailUrl":"\/wp-content\/uploads\/sites\/121\/kidsport-hands-together.jpg","datePublished":"2020-03-13T16:16:56+00:00","dateModified":"2026-02-20T18:48:22+00:00","description":"KidSport works to fulfill its mission of eliminating financial barriers to enable sport participation. So ALL Kids Can Play!","breadcrumb":{"@id":"https:\/\/kidsportcanada.ca\/alberta\/peace-country\/#breadcrumb"},"inLanguage":"fr-CA","potentialAction":[{"@type":"ReadAction","target":["https:\/\/kidsportcanada.ca\/alberta\/peace-country\/"]}]},{"@type":"ImageObject","inLanguage":"fr-CA","@id":"https:\/\/kidsportcanada.ca\/alberta\/peace-country\/#primaryimage","url":"\/wp-content\/uploads\/sites\/121\/kidsport-hands-together.jpg","contentUrl":"\/wp-content\/uploads\/sites\/121\/kidsport-hands-together.jpg","width":1600,"height":1000,"caption":"What it means to be in sports!"},{"@type":"BreadcrumbList","@id":"https:\/\/kidsportcanada.ca\/alberta\/peace-country\/#breadcrumb","itemListElement":[{"@type":"ListItem","position":1,"name":"Home","item":"https:\/\/kidsportcanada.ca\/alberta\/peace-country\/"},{"@type":"ListItem","position":2,"name":"Home"}]},{"@type":"WebSite","@id":"https:\/\/kidsportcanada.ca\/alberta\/peace-country\/#website","url":"https:\/\/kidsportcanada.ca\/alberta\/peace-country\/","name":"Peace Country (Grande Prairie)","description":"So ALL Kids Can Play!","potentialAction":[{"@type":"SearchAction","target":{"@type":"EntryPoint","urlTemplate":"https:\/\/kidsportcanada.ca\/alberta\/peace-country\/?s={search_term_string}"},"query-input":{"@type":"PropertyValueSpecification","valueRequired":true,"valueName":"search_term_string"}}],"inLanguage":"fr-CA"}]}},"_links":{"self":[{"href":"https:\/\/kidsportcanada.ca\/alberta\/peace-country\/fr\/wp-json\/wp\/v2\/pages\/37","targetHints":{"allow":["GET"]}}],"collection":[{"href":"https:\/\/kidsportcanada.ca\/alberta\/peace-country\/fr\/wp-json\/wp\/v2\/pages"}],"about":[{"href":"https:\/\/kidsportcanada.ca\/alberta\/peace-country\/fr\/wp-json\/wp\/v2\/types\/page"}],"author":[{"embeddable":true,"href":"https:\/\/kidsportcanada.ca\/alberta\/peace-country\/fr\/wp-json\/wp\/v2\/users\/16"}],"replies":[{"embeddable":true,"href":"https:\/\/kidsportcanada.ca\/alberta\/peace-country\/fr\/wp-json\/wp\/v2\/comments?post=37"}],"version-history":[{"count":0,"href":"https:\/\/kidsportcanada.ca\/alberta\/peace-country\/fr\/wp-json\/wp\/v2\/pages\/37\/revisions"}],"wp:featuredmedia":[{"embeddable":true,"href":"https:\/\/kidsportcanada.ca\/alberta\/peace-country\/fr\/wp-json\/wp\/v2\/media\/194"}],"wp:attachment":[{"href":"https:\/\/kidsportcanada.ca\/alberta\/peace-country\/fr\/wp-json\/wp\/v2\/media?parent=37"}],"curies":[{"name":"wp","href":"https:\/\/api.w.org\/{rel}","templated":true}]}}