
{"id":110,"date":"2020-03-19T16:51:49","date_gmt":"2020-03-19T16:51:49","guid":{"rendered":"https:\/\/kidsportcanada.ca\/wood-buffalo\/?page_id=110"},"modified":"2025-01-27T20:23:36","modified_gmt":"2025-01-27T20:23:36","slug":"get-involved","status":"publish","type":"page","link":"https:\/\/kidsportcanada.ca\/alberta\/wood-buffalo\/fr\/get-involved\/","title":{"rendered":"S\u2019impliquer"},"content":{"rendered":"<h4>SportJeunesse Wood Buffalo<\/h4>\r\n<h3>Il y a d\u2019innombrables fa\u00e7ons de faire en sorte que TOUS les enfants puissent jouer! Trouvez votre fa\u00e7on et joignez-vous \u00e0 l\u2019\u00e9quipe de SportJeunesse Wood Buffalo.<\/h3>\r\n<h2>Faire du b\u00e9n\u00e9volat<\/h2>\r\n<p>SportJeunesse Wood Buffalo existe gr\u00e2ce \u00e0 ses merveilleux partenaires et b\u00e9n\u00e9voles enthousiastes. Que vous soyez un fervent amateur de sport, un partisan de la sant\u00e9 et du mieux-\u00eatre pour les enfants ou simplement une personne qui souhaite am\u00e9liorer la qualit\u00e9 de vie dans sa communaut\u00e9, nous voulons vous avoir dans notre \u00e9quipe.<\/p>\r\n<p>Nous sommes constamment \u00e0 la recherche de nouveaux b\u00e9n\u00e9voles pour jouer divers r\u00f4les essentiels lors d\u2019\u00e9v\u00e9nements et d\u2019activit\u00e9s organis\u00e9s durant l\u2019ann\u00e9e. Les possibilit\u00e9s varient, de l\u2019aide ponctuelle offerte lors d\u2019une collecte de fonds \u00e0 l\u2019exercice d\u2019une fonction strat\u00e9gique au sein de notre comit\u00e9 de section. Vous pouvez m\u00eame organiser votre propre collecte de fonds et vraiment vous mettre dans l\u2019esprit de SportJeunesse!<\/p>\r\n<p>If you\u2019re interested in being part of the enthusiastic, KidSport Wood Buffalo-based team that makes it So ALL Kids Can Play, please get in touch! Send an email outlining your interest to             <span class=\"emailaddress-div\">\n            <a href=\"mailto:woodbuffalo@kidsport.ab.ca\">woodbuffalo@kidsport.ab.ca<\/a>\n            , or give us a call at             <span class=\"phonenumber-div\">\n            <a href=\"tel:780-370-1170\">780-370-1170<\/a>\n            . Thanks for your interest in supporting our cause!<\/p>\r\n<p><img loading=\"lazy\" decoding=\"async\" src=\"\/wp-content\/uploads\/sites\/147\/volunteers_2019-800x800.jpg\" alt=\"\" width=\"800\" height=\"800\" \/><\/p>\r\n<h5>Comment proposer ses services<\/h5>\r\n<p>Complete the volunteer application form, email it to             <span class=\"emailaddress-div\">\n            <a href=\"mailto:woodbuffalo@kidsport.ab.ca\">woodbuffalo@kidsport.ab.ca<\/a>\n             and we will forward it on to your local chapter!<\/p>\r\n<p><a role=\"button\" href=\"#\" target=\"_blank\" rel=\"noopener noreferrer\"> FORMULAIRE DE DEMANDE DE POSTE B\u00c9N\u00c9VOLE<\/a><\/p>\r\n<p>&nbsp;<\/p>\r\n<h2>Become A Board Member<\/h2>\r\n<p><span style=\"font-weight: 400\">In this essential role, you have the opportunity to contribute your expertise to help shape the future of our organization, ensuring we remain compliant, ethical, and committed to our mission. As a board member, you can expect to actively participate in decision-making, strategy development, and governance.\u00a0 We are also interested in growing stronger in our elements of Human Resources management, and Policy Development &amp; Implementation.<\/span><\/p>\r\n<p><a href=\"https:\/\/kidsportcanada.ca\/wp-content\/uploads\/sites\/147\/Board-of-Directors-Recruitment-Letter-2.pdf\">T\u00c9L\u00c9CHARGER L\u2019INFORMATION<\/a><\/p>\r\n<h5>Comment proposer ses services<\/h5>\r\n<p><span style=\"font-weight: 400\">Interested candidates should submit their <\/span><b>resume and cover letter <\/b><span style=\"font-weight: 400\">expressing their interest and qualifications for the position to <\/span><a href=\"mailto:wbchair@kidsport.ab.ca\"><span style=\"font-weight: 400\">wbchair@kidsport.ab.ca<\/span><\/a><span style=\"font-weight: 400\">.<\/span><\/p>\r\n<h2>Organiser un \u00e9v\u00e9nement<\/h2>\r\n<p>Faites de SportJeunesse votre organisme caritatif de choix pour vos tournois de golf, mariages ou anniversaires, ou pour rendre hommage \u00e0 un membre de votre communaut\u00e9. SportJeunesse convient tr\u00e8s bien \u00e0 n\u2019importe quelle activit\u00e9 communautaire.<\/p>\r\n<p>SportJeunesse est aussi un excellent \u00e9l\u00e9ment rassembleur pour les milieux de travail : les activit\u00e9s comme le vendredi d\u00e9contract\u00e9, les f\u00eates, les barbecues de remerciement de la client\u00e8le, les tournois de baseball et les paris sur le hockey sont plus agr\u00e9ables lorsqu\u2019on y ajoute une composante philanthropique. Donnez une partie de vos profits, sinon tous, \u00e0 SportJeunesse Wood Buffalo.<\/p>\r\n<p>Need help getting started? Get in touch &#8211; we\u2019re game for whatever you can dream up!<\/p>\r\n<p><img loading=\"lazy\" decoding=\"async\" src=\"\/wp-content\/uploads\/sites\/147\/with-Mark-Messier_photo-800x800.jpg\" alt=\"\" width=\"800\" height=\"800\" \/><\/p>\r\n<h5>Donnez \u00e0 SportJeunesse<\/h5>\r\n<p>Tous les fonds recueillis par SportJeunesse Wood Buffalo restent ici dans notre communaut\u00e9 pour cr\u00e9er des possibilit\u00e9s de sport pour les enfants d\u2019ici.<\/p>\r\n<p><a role=\"button\" href=\"https:\/\/kidsportcanada.ca\/alberta\/wood-buffalo\/fr\/donate\/\" target=\"_self\" rel=\"noopener noreferrer\"> DONNER <\/a><\/p>\r\n<h2>Become A Strategic Partner<\/h2>\r\n<p>Si vous faites partie d\u2019un club et que vous voulez rendre votre sport plus accessible aux enfants d\u2019ici qui se heurtent \u00e0 des obstacles financiers, SportJeunesse Wood Buffalo peut aider. \u00c0 l\u2019inscription, encouragez les familles \u00e0 pr\u00e9senter une demande de subvention SportJeunesse Afin que TOUS les enfants puissent jouer!<\/p>\r\n<p>Our sport club partners do so much more than deliver the programming that gets kids into the game &#8211; many also fundraise for KidSport, and donate leftover funds at the end of the season &#8211; tapping into the real power of kids helping kids.<\/p>\r\n<p>Please partner with KidSport Wood Buffalo in our mission of giving the gift of sport to all kids! Contact woodbuffalo@kidsport.ab.ca to discuss partnership opportunities.<\/p>\r\n<p>In 2019 &#8211; 2020 following organizations became our strategic partners:<\/p>\r\n<ul>\r\n<li><a href=\"https:\/\/www.balancesports.ca\/\">Balance Sports<\/a><\/li>\r\n<li><a href=\"https:\/\/www.keyano.ca\/en\/athletics-and-fitness\/huskies-athletics.aspx\">Huskies Athletics (Keyano College)<\/a><\/li>\r\n<li><a href=\"https:\/\/www.mix1037fm.com\/\">Radio Mix 103.7\u00a0<\/a><\/li>\r\n<\/ul>\r\n<h2>Donate For Kids Like Devonte<\/h2>\r\n<h3>Pour lui, faire du sport procure un sentiment d\u2019appartenance, forme le caract\u00e8re, alimente la sant\u00e9, renforce la confiance et lib\u00e8re le potentiel.<\/h3>\r\n<p><a href=\"\/alberta\/wood-buffalo\/fr\/void(0)\/\" target=\"_self\" rel=\"noopener noreferrer\"> REGARDER LE FILM <\/a> <a href=\"\/alberta\/wood-buffalo\/fr\/void(0)\/\" target=\"_self\" rel=\"noopener noreferrer\"> REGARDE LE FILM <\/a> <a role=\"button\" href=\"https:\/\/kidsportcanada.ca\/alberta\/wood-buffalo\/fr\/donate\/\" target=\"_self\" rel=\"noopener noreferrer\"> DONNER <\/a><\/p>","protected":false},"excerpt":{"rendered":"<p>KidSport Wood Buffalo There are so many ways you can make it So ALL Kids Can Play! Find your way and join the KidSport Wood Buffalo team. VOLUNTEER KidSport Wood Buffalo exists because of our incredible partners and enthusiastic volunteers. Whether you\u2019re an avid sports fan, believe that health and wellness are critical to childhood&hellip;<\/p>","protected":false},"author":16,"featured_media":194,"parent":0,"menu_order":0,"comment_status":"closed","ping_status":"closed","template":"","meta":{"_acf_changed":false,"footnotes":""},"class_list":["post-110","page","type-page","status-publish","has-post-thumbnail","hentry"],"acf":[],"yoast_head":"<!-- This site is optimized with the Yoast SEO plugin v27.4 - https:\/\/yoast.com\/product\/yoast-seo-wordpress\/ -->\n<title>Get Involved - KidSport Wood Buffalo<\/title>\n<meta name=\"description\" content=\"Volunteer with KidSport, host an event or become a sport partner. There are so many ways you can make it So ALL Kids Can Play!\" \/>\n<meta name=\"robots\" content=\"index, follow, max-snippet:-1, max-image-preview:large, max-video-preview:-1\" \/>\n<link rel=\"canonical\" href=\"https:\/\/kidsportcanada.ca\/alberta\/wood-buffalo\/fr\/get-involved\/\" \/>\n<meta property=\"og:locale\" content=\"fr_CA\" \/>\n<meta property=\"og:type\" content=\"article\" \/>\n<meta property=\"og:title\" content=\"Get Involved - KidSport Wood Buffalo\" \/>\n<meta property=\"og:description\" content=\"Volunteer with KidSport, host an event or become a sport partner. There are so many ways you can make it So ALL Kids Can Play!\" \/>\n<meta property=\"og:url\" content=\"https:\/\/kidsportcanada.ca\/alberta\/wood-buffalo\/fr\/get-involved\/\" \/>\n<meta property=\"og:site_name\" content=\"Wood Buffalo\" \/>\n<meta property=\"article:modified_time\" content=\"2025-01-27T20:23:36+00:00\" \/>\n<meta property=\"og:image\" content=\"https:\/\/kidsportcanada.ca\/wp-content\/uploads\/sites\/147\/kidsport-hands-together.jpg\" \/>\n\t<meta property=\"og:image:width\" content=\"1600\" \/>\n\t<meta property=\"og:image:height\" content=\"1000\" \/>\n\t<meta property=\"og:image:type\" content=\"image\/jpeg\" \/>\n<meta name=\"twitter:card\" content=\"summary_large_image\" \/>\n<meta name=\"twitter:label1\" content=\"Estimation du temps de lecture\" \/>\n\t<meta name=\"twitter:data1\" content=\"4 minutes\" \/>\n<script type=\"application\/ld+json\" class=\"yoast-schema-graph\">{\"@context\":\"https:\\\/\\\/schema.org\",\"@graph\":[{\"@type\":\"WebPage\",\"@id\":\"https:\\\/\\\/kidsportcanada.ca\\\/alberta\\\/wood-buffalo\\\/get-involved\\\/\",\"url\":\"https:\\\/\\\/kidsportcanada.ca\\\/alberta\\\/wood-buffalo\\\/get-involved\\\/\",\"name\":\"Get Involved - KidSport Wood Buffalo\",\"isPartOf\":{\"@id\":\"https:\\\/\\\/kidsportcanada.ca\\\/alberta\\\/wood-buffalo\\\/#website\"},\"primaryImageOfPage\":{\"@id\":\"https:\\\/\\\/kidsportcanada.ca\\\/alberta\\\/wood-buffalo\\\/get-involved\\\/#primaryimage\"},\"image\":{\"@id\":\"https:\\\/\\\/kidsportcanada.ca\\\/alberta\\\/wood-buffalo\\\/get-involved\\\/#primaryimage\"},\"thumbnailUrl\":\"\\\/wp-content\\\/uploads\\\/sites\\\/147\\\/kidsport-hands-together.jpg\",\"datePublished\":\"2020-03-19T16:51:49+00:00\",\"dateModified\":\"2025-01-27T20:23:36+00:00\",\"description\":\"Volunteer with KidSport, host an event or become a sport partner. There are so many ways you can make it So ALL Kids Can Play!\",\"breadcrumb\":{\"@id\":\"https:\\\/\\\/kidsportcanada.ca\\\/alberta\\\/wood-buffalo\\\/get-involved\\\/#breadcrumb\"},\"inLanguage\":\"fr-CA\",\"potentialAction\":[{\"@type\":\"ReadAction\",\"target\":[\"https:\\\/\\\/kidsportcanada.ca\\\/alberta\\\/wood-buffalo\\\/get-involved\\\/\"]}]},{\"@type\":\"ImageObject\",\"inLanguage\":\"fr-CA\",\"@id\":\"https:\\\/\\\/kidsportcanada.ca\\\/alberta\\\/wood-buffalo\\\/get-involved\\\/#primaryimage\",\"url\":\"\\\/wp-content\\\/uploads\\\/sites\\\/147\\\/kidsport-hands-together.jpg\",\"contentUrl\":\"\\\/wp-content\\\/uploads\\\/sites\\\/147\\\/kidsport-hands-together.jpg\",\"width\":1600,\"height\":1000,\"caption\":\"A group of young girls in a team huddle before starting their soccer match\"},{\"@type\":\"BreadcrumbList\",\"@id\":\"https:\\\/\\\/kidsportcanada.ca\\\/alberta\\\/wood-buffalo\\\/get-involved\\\/#breadcrumb\",\"itemListElement\":[{\"@type\":\"ListItem\",\"position\":1,\"name\":\"Home\",\"item\":\"https:\\\/\\\/kidsportcanada.ca\\\/alberta\\\/wood-buffalo\\\/\"},{\"@type\":\"ListItem\",\"position\":2,\"name\":\"Get Involved\"}]},{\"@type\":\"WebSite\",\"@id\":\"https:\\\/\\\/kidsportcanada.ca\\\/alberta\\\/wood-buffalo\\\/#website\",\"url\":\"https:\\\/\\\/kidsportcanada.ca\\\/alberta\\\/wood-buffalo\\\/\",\"name\":\"Wood Buffalo\",\"description\":\"&quot;So All Kids Can Play&quot;\",\"potentialAction\":[{\"@type\":\"SearchAction\",\"target\":{\"@type\":\"EntryPoint\",\"urlTemplate\":\"https:\\\/\\\/kidsportcanada.ca\\\/alberta\\\/wood-buffalo\\\/?s={search_term_string}\"},\"query-input\":{\"@type\":\"PropertyValueSpecification\",\"valueRequired\":true,\"valueName\":\"search_term_string\"}}],\"inLanguage\":\"fr-CA\"}]}<\/script>\n<!-- \/ Yoast SEO plugin. -->","yoast_head_json":{"title":"Get Involved - KidSport Wood Buffalo","description":"Faites du b\u00e9n\u00e9volat avec KidSport, organisez un \u00e9v\u00e9nement ou devenez partenaire sportif. Il y a d\u2019innombrables fa\u00e7ons de faire en sorte que TOUS les enfants puissent jouer!","robots":{"index":"index","follow":"follow","max-snippet":"max-snippet:-1","max-image-preview":"max-image-preview:large","max-video-preview":"max-video-preview:-1"},"canonical":"https:\/\/kidsportcanada.ca\/alberta\/wood-buffalo\/fr\/get-involved\/","og_locale":"fr_CA","og_type":"article","og_title":"Get Involved - KidSport Wood Buffalo","og_description":"Volunteer with KidSport, host an event or become a sport partner. There are so many ways you can make it So ALL Kids Can Play!","og_url":"https:\/\/kidsportcanada.ca\/alberta\/wood-buffalo\/fr\/get-involved\/","og_site_name":"Wood Buffalo","article_modified_time":"2025-01-27T20:23:36+00:00","og_image":[{"width":1600,"height":1000,"url":"https:\/\/kidsportcanada.ca\/wp-content\/uploads\/sites\/147\/kidsport-hands-together.jpg","type":"image\/jpeg"}],"twitter_card":"summary_large_image","twitter_misc":{"Estimation du temps de lecture":"4 minutes"},"schema":{"@context":"https:\/\/schema.org","@graph":[{"@type":"WebPage","@id":"https:\/\/kidsportcanada.ca\/alberta\/wood-buffalo\/get-involved\/","url":"https:\/\/kidsportcanada.ca\/alberta\/wood-buffalo\/get-involved\/","name":"Get Involved - KidSport Wood Buffalo","isPartOf":{"@id":"https:\/\/kidsportcanada.ca\/alberta\/wood-buffalo\/#website"},"primaryImageOfPage":{"@id":"https:\/\/kidsportcanada.ca\/alberta\/wood-buffalo\/get-involved\/#primaryimage"},"image":{"@id":"https:\/\/kidsportcanada.ca\/alberta\/wood-buffalo\/get-involved\/#primaryimage"},"thumbnailUrl":"\/wp-content\/uploads\/sites\/147\/kidsport-hands-together.jpg","datePublished":"2020-03-19T16:51:49+00:00","dateModified":"2025-01-27T20:23:36+00:00","description":"Faites du b\u00e9n\u00e9volat avec KidSport, organisez un \u00e9v\u00e9nement ou devenez partenaire sportif. Il y a d\u2019innombrables fa\u00e7ons de faire en sorte que TOUS les enfants puissent jouer!","breadcrumb":{"@id":"https:\/\/kidsportcanada.ca\/alberta\/wood-buffalo\/get-involved\/#breadcrumb"},"inLanguage":"fr-CA","potentialAction":[{"@type":"ReadAction","target":["https:\/\/kidsportcanada.ca\/alberta\/wood-buffalo\/get-involved\/"]}]},{"@type":"ImageObject","inLanguage":"fr-CA","@id":"https:\/\/kidsportcanada.ca\/alberta\/wood-buffalo\/get-involved\/#primaryimage","url":"\/wp-content\/uploads\/sites\/147\/kidsport-hands-together.jpg","contentUrl":"\/wp-content\/uploads\/sites\/147\/kidsport-hands-together.jpg","width":1600,"height":1000,"caption":"A group of young girls in a team huddle before starting their soccer match"},{"@type":"BreadcrumbList","@id":"https:\/\/kidsportcanada.ca\/alberta\/wood-buffalo\/get-involved\/#breadcrumb","itemListElement":[{"@type":"ListItem","position":1,"name":"Home","item":"https:\/\/kidsportcanada.ca\/alberta\/wood-buffalo\/"},{"@type":"ListItem","position":2,"name":"Get Involved"}]},{"@type":"WebSite","@id":"https:\/\/kidsportcanada.ca\/alberta\/wood-buffalo\/#website","url":"https:\/\/kidsportcanada.ca\/alberta\/wood-buffalo\/","name":"Wood Buffalo","description":"&quot;So All Kids Can Play&quot;","potentialAction":[{"@type":"SearchAction","target":{"@type":"EntryPoint","urlTemplate":"https:\/\/kidsportcanada.ca\/alberta\/wood-buffalo\/?s={search_term_string}"},"query-input":{"@type":"PropertyValueSpecification","valueRequired":true,"valueName":"search_term_string"}}],"inLanguage":"fr-CA"}]}},"_links":{"self":[{"href":"https:\/\/kidsportcanada.ca\/alberta\/wood-buffalo\/fr\/wp-json\/wp\/v2\/pages\/110","targetHints":{"allow":["GET"]}}],"collection":[{"href":"https:\/\/kidsportcanada.ca\/alberta\/wood-buffalo\/fr\/wp-json\/wp\/v2\/pages"}],"about":[{"href":"https:\/\/kidsportcanada.ca\/alberta\/wood-buffalo\/fr\/wp-json\/wp\/v2\/types\/page"}],"author":[{"embeddable":true,"href":"https:\/\/kidsportcanada.ca\/alberta\/wood-buffalo\/fr\/wp-json\/wp\/v2\/users\/16"}],"replies":[{"embeddable":true,"href":"https:\/\/kidsportcanada.ca\/alberta\/wood-buffalo\/fr\/wp-json\/wp\/v2\/comments?post=110"}],"version-history":[{"count":0,"href":"https:\/\/kidsportcanada.ca\/alberta\/wood-buffalo\/fr\/wp-json\/wp\/v2\/pages\/110\/revisions"}],"wp:featuredmedia":[{"embeddable":true,"href":"https:\/\/kidsportcanada.ca\/alberta\/wood-buffalo\/fr\/wp-json\/wp\/v2\/media\/194"}],"wp:attachment":[{"href":"https:\/\/kidsportcanada.ca\/alberta\/wood-buffalo\/fr\/wp-json\/wp\/v2\/media?parent=110"}],"curies":[{"name":"wp","href":"https:\/\/api.w.org\/{rel}","templated":true}]}}