
{"id":148,"date":"2020-04-01T20:45:29","date_gmt":"2020-04-01T20:45:29","guid":{"rendered":"http:\/\/kidsportcanada.ca\/100-mile-house\/?page_id=148"},"modified":"2026-01-06T18:52:54","modified_gmt":"2026-01-06T18:52:54","slug":"contact-us","status":"publish","type":"page","link":"https:\/\/kidsportcanada.ca\/british-columbia\/100-mile-house\/fr\/contact-us\/","title":{"rendered":"Contacter"},"content":{"rendered":"<h4 data-animation-delay=\"0\" data-animation-duration=\"1\">\n\t\t\tSportJeunesse 100 Mile House\t<\/h4>\n<h1 data-animation-delay=\"0.2\" data-animation-duration=\"1\">\n\t\t\tCONTACTEZ-NOUS\t<\/h1>\n<h3 data-animation-delay=\"0.6\" data-animation-duration=\"1\">\n\t\t\tGet in touch &#8211; we&#8217;d be happy to answer any questions or help you get involved.\t<\/h3>\n<h5>\n\t\t\tBureau local\t<\/h5>\n\t<p>SportJeunesse 100 Mile House<\/p>\n            <span class=\"location-div\">\n            <p>c\/o PO Box 28032 RPO West Pender<br \/>\nVancouver, BC<br \/>\nV6C 3T7<\/p>\n            \n<h5>\n\t\t\tCommuniquer\t<\/h5>\n\t            <span class=\"emailaddress-div\">\n            <a href=\"mailto:kidsport@sportbc.com\">kidsport@sportbc.com<\/a>\n            \n<h5>\n\t\t\tDes m\u00e9dias sociaux\t<\/h5>\n<h5>\n\t\t\tSUBVENTIONS DU FONDS PROVINCIAL\t<\/h5>\n\t<p>Si votre communaut\u00e9 n'a pas de section locale, vous pouvez quand m\u00eame faire une demande de subvention KidSport par l'interm\u00e9diaire du British Columbia Provincial Fund.<\/p>\n\t\t\t<a href=\"https:\/\/kidsportcanada.ca\/british-columbia\/100-mile-house\/fr\/british-columbia\/\" target=\"_self\">\n\t\t\t\t\t\t\tLEARN MORE &amp; APPLY HERE\n\t\t\t\t\t<\/a>\n<h2 data-animation-delay=\"0\" data-animation-duration=\"1\">\n\t\t\tCOMMON Questions\t<\/h2>\n\t\t\t\t\t<a href=\"#\" id=\"fl-accordion--label-0\" aria-controls=\"fl-accordion--panel-0\">Comment puis-je obtenir une subvention SportJeunesse pour un enfant?<\/a>\n\t\t\t\t\t\t\t\t\t\t\t<a href=\"#\" id=\"fl-accordion--icon-0\"><i title=\"D\u00e9veloppez\">D\u00e9veloppez<\/i><\/a>\n\t\t\t\t\t<p>Si votre enfant ou un jeune que vous connaissez pouvait b\u00e9n\u00e9ficier d\u2019un coup de pouce pour participer au sport de son choix, la subvention SportJeunesse peut aider!<\/p>\n<p>Une fois que l\u2019enfant aura \u00e9t\u00e9 inscrit \u00e0 son programme de sport, vous devez trouver votre section locale, ou le fonds provincial de SportJeunesse 100 Mile House, pour pr\u00e9senter une demande de subvention. Notre formulaire en ligne est s\u00e9curis\u00e9e et est la fa\u00e7on la plus facile d\u2019envoyer les renseignements exig\u00e9s, mais vous pouvez aussi utiliser le formulaire papier si vous pr\u00e9f\u00e9rez. <a href=\"https:\/\/kidsportcanada.ca\/british-columbia\/100-mile-house\/fr\/100-mile-house\/apply\/\">formulaire de demande en ligne<\/a> est le moyen le plus rapide d'envoyer les informations requises, mais vous pouvez \u00e9galement en faire la demande sur papier si vous le souhaitez.<\/p>\n\t\t\t\t\t<a href=\"#\" id=\"fl-accordion--label-1\" aria-controls=\"fl-accordion--panel-1\">\u00c0 qui dois-je m\u2019adresser pour faire un don?<\/a>\n\t\t\t\t\t\t\t\t\t\t\t<a href=\"#\" id=\"fl-accordion--icon-1\"><i title=\"D\u00e9veloppez\">D\u00e9veloppez<\/i><\/a>\n\t\t\t\t\t<p>Notre formulaire de <a href=\"https:\/\/kidsportcanada.ca\/british-columbia\/100-mile-house\/fr\/100-mile-house\/donate\/\">Faire un don<\/a>! Si vous avez d'autres questions concernant les dons, veuillez envoyer un courriel \u00e0 l'adresse suivante             <span class=\"emailaddress-div\">\n            <a href=\"mailto:kidsport@sportbc.com\">kidsport@sportbc.com<\/a>\n             &#8211; we&#8217;ll get back to you as soon as we can.<\/p>\n\t\t\t\t\t<a href=\"#\" id=\"fl-accordion--label-2\" aria-controls=\"fl-accordion--panel-2\">\u00c0 qui dois-je m\u2019adresser pour parler de partenariats?<\/a>\n\t\t\t\t\t\t\t\t\t\t\t<a href=\"#\" id=\"fl-accordion--icon-2\"><i title=\"D\u00e9veloppez\">D\u00e9veloppez<\/i><\/a>\n\t\t\t\t\t<p>Merci de votre int\u00e9r\u00eat \u00e0 rejoindre l'\u00e9quipe ! Veuillez nous contacter par courriel \u00e0             <span class=\"emailaddress-div\">\n            <a href=\"mailto:kidsport@sportbc.com\">kidsport@sportbc.com<\/a>\n             pour faire avancer les choses.<\/p>\n\t\t\t\t\t<a href=\"#\" id=\"fl-accordion--label-3\" aria-controls=\"fl-accordion--panel-3\">SportJeunesse est-il un organisme de bienfaisance enregistr\u00e9?<\/a>\n\t\t\t\t\t\t\t\t\t\t\t<a href=\"#\" id=\"fl-accordion--icon-3\"><i title=\"D\u00e9veloppez\">D\u00e9veloppez<\/i><\/a>\n\t\t\t\t\t<p>Oui ! KidSport est un RCAAA, et un donataire reconnu par l'ARC. Notre num\u00e9ro d'organisme de bienfaisance est             <span class=\"charitablenumber-div\">\n            <span>86212 5986 RR0003<\/span>\n        \n    .<\/p>","protected":false},"excerpt":{"rendered":"<p>KidSport 100 Mile House CONTACT US Get in touch &#8211; we&#8217;d be happy to answer any questions or help you get involved. LOCAL OFFICE KidSport 100 Mile House CONNECT GET SOCIAL PROVINCIAL FUND GRANTS If your community does not have a local chapter, you can still apply for a KidSport grant through the Provincial Fund.&hellip;<\/p>","protected":false},"author":16,"featured_media":190,"parent":0,"menu_order":0,"comment_status":"closed","ping_status":"closed","template":"","meta":{"_acf_changed":false,"footnotes":""},"class_list":["post-148","page","type-page","status-publish","has-post-thumbnail","hentry"],"acf":[],"yoast_head":"<!-- This site is optimized with the Yoast SEO plugin v27.3 - https:\/\/yoast.com\/product\/yoast-seo-wordpress\/ -->\n<title>Contact Us - KidSport 100 Mile House<\/title>\n<meta name=\"description\" content=\"Get in touch. We would be happy to answer any questions or help you get involved.\" \/>\n<meta name=\"robots\" content=\"index, follow, max-snippet:-1, max-image-preview:large, max-video-preview:-1\" \/>\n<link rel=\"canonical\" href=\"https:\/\/kidsportcanada.ca\/british-columbia\/100-mile-house\/fr\/contact-us\/\" \/>\n<meta property=\"og:locale\" content=\"fr_CA\" \/>\n<meta property=\"og:type\" content=\"article\" \/>\n<meta property=\"og:title\" content=\"Contact Us - KidSport 100 Mile House\" \/>\n<meta property=\"og:description\" content=\"Get in touch. We would be happy to answer any questions or help you get involved.\" \/>\n<meta property=\"og:url\" content=\"https:\/\/kidsportcanada.ca\/british-columbia\/100-mile-house\/fr\/contact-us\/\" \/>\n<meta property=\"og:site_name\" content=\"100 Mile House\" \/>\n<meta property=\"article:modified_time\" content=\"2026-01-06T18:52:54+00:00\" \/>\n<meta property=\"og:image\" content=\"https:\/\/kidsportcanada.ca\/wp-content\/uploads\/sites\/99\/brett-levis.jpg\" \/>\n\t<meta property=\"og:image:width\" content=\"1600\" \/>\n\t<meta property=\"og:image:height\" content=\"1000\" \/>\n\t<meta property=\"og:image:type\" content=\"image\/jpeg\" \/>\n<meta name=\"twitter:card\" content=\"summary_large_image\" \/>\n<meta name=\"twitter:label1\" content=\"Estimation du temps de lecture\" \/>\n\t<meta name=\"twitter:data1\" content=\"1 minute\" \/>\n<script type=\"application\/ld+json\" class=\"yoast-schema-graph\">{\"@context\":\"https:\\\/\\\/schema.org\",\"@graph\":[{\"@type\":\"WebPage\",\"@id\":\"https:\\\/\\\/kidsportcanada.ca\\\/british-columbia\\\/100-mile-house\\\/contact-us\\\/\",\"url\":\"https:\\\/\\\/kidsportcanada.ca\\\/british-columbia\\\/100-mile-house\\\/contact-us\\\/\",\"name\":\"Contact Us - KidSport 100 Mile House\",\"isPartOf\":{\"@id\":\"https:\\\/\\\/kidsportcanada.ca\\\/british-columbia\\\/100-mile-house\\\/#website\"},\"primaryImageOfPage\":{\"@id\":\"https:\\\/\\\/kidsportcanada.ca\\\/british-columbia\\\/100-mile-house\\\/contact-us\\\/#primaryimage\"},\"image\":{\"@id\":\"https:\\\/\\\/kidsportcanada.ca\\\/british-columbia\\\/100-mile-house\\\/contact-us\\\/#primaryimage\"},\"thumbnailUrl\":\"\\\/wp-content\\\/uploads\\\/sites\\\/99\\\/brett-levis.jpg\",\"datePublished\":\"2020-04-01T20:45:29+00:00\",\"dateModified\":\"2026-01-06T18:52:54+00:00\",\"description\":\"Get in touch. We would be happy to answer any questions or help you get involved.\",\"breadcrumb\":{\"@id\":\"https:\\\/\\\/kidsportcanada.ca\\\/british-columbia\\\/100-mile-house\\\/contact-us\\\/#breadcrumb\"},\"inLanguage\":\"fr-CA\",\"potentialAction\":[{\"@type\":\"ReadAction\",\"target\":[\"https:\\\/\\\/kidsportcanada.ca\\\/british-columbia\\\/100-mile-house\\\/contact-us\\\/\"]}]},{\"@type\":\"ImageObject\",\"inLanguage\":\"fr-CA\",\"@id\":\"https:\\\/\\\/kidsportcanada.ca\\\/british-columbia\\\/100-mile-house\\\/contact-us\\\/#primaryimage\",\"url\":\"\\\/wp-content\\\/uploads\\\/sites\\\/99\\\/brett-levis.jpg\",\"contentUrl\":\"\\\/wp-content\\\/uploads\\\/sites\\\/99\\\/brett-levis.jpg\",\"width\":1600,\"height\":1000,\"caption\":\"Brett Levis a professional soccer player having a team huddle with a group of young kids on a soccer field\"},{\"@type\":\"BreadcrumbList\",\"@id\":\"https:\\\/\\\/kidsportcanada.ca\\\/british-columbia\\\/100-mile-house\\\/contact-us\\\/#breadcrumb\",\"itemListElement\":[{\"@type\":\"ListItem\",\"position\":1,\"name\":\"Home\",\"item\":\"https:\\\/\\\/kidsportcanada.ca\\\/british-columbia\\\/100-mile-house\\\/\"},{\"@type\":\"ListItem\",\"position\":2,\"name\":\"Contact Us\"}]},{\"@type\":\"WebSite\",\"@id\":\"https:\\\/\\\/kidsportcanada.ca\\\/british-columbia\\\/100-mile-house\\\/#website\",\"url\":\"https:\\\/\\\/kidsportcanada.ca\\\/british-columbia\\\/100-mile-house\\\/\",\"name\":\"100 Mile House\",\"description\":\"So all kids can play\",\"potentialAction\":[{\"@type\":\"SearchAction\",\"target\":{\"@type\":\"EntryPoint\",\"urlTemplate\":\"https:\\\/\\\/kidsportcanada.ca\\\/british-columbia\\\/100-mile-house\\\/?s={search_term_string}\"},\"query-input\":{\"@type\":\"PropertyValueSpecification\",\"valueRequired\":true,\"valueName\":\"search_term_string\"}}],\"inLanguage\":\"fr-CA\"}]}<\/script>\n<!-- \/ Yoast SEO plugin. -->","yoast_head_json":{"title":"Nous contacter - KidSport 100 Mile House","description":"Communiquez avec nous! Nous serons heureux de r\u00e9pondre \u00e0 vos questions ou de vous aider \u00e0 vous impliquer.","robots":{"index":"index","follow":"follow","max-snippet":"max-snippet:-1","max-image-preview":"max-image-preview:large","max-video-preview":"max-video-preview:-1"},"canonical":"https:\/\/kidsportcanada.ca\/british-columbia\/100-mile-house\/fr\/contact-us\/","og_locale":"fr_CA","og_type":"article","og_title":"Contact Us - KidSport 100 Mile House","og_description":"Get in touch. We would be happy to answer any questions or help you get involved.","og_url":"https:\/\/kidsportcanada.ca\/british-columbia\/100-mile-house\/fr\/contact-us\/","og_site_name":"100 Mile House","article_modified_time":"2026-01-06T18:52:54+00:00","og_image":[{"width":1600,"height":1000,"url":"https:\/\/kidsportcanada.ca\/wp-content\/uploads\/sites\/99\/brett-levis.jpg","type":"image\/jpeg"}],"twitter_card":"summary_large_image","twitter_misc":{"Estimation du temps de lecture":"1 minute"},"schema":{"@context":"https:\/\/schema.org","@graph":[{"@type":"WebPage","@id":"https:\/\/kidsportcanada.ca\/british-columbia\/100-mile-house\/contact-us\/","url":"https:\/\/kidsportcanada.ca\/british-columbia\/100-mile-house\/contact-us\/","name":"Nous contacter - KidSport 100 Mile House","isPartOf":{"@id":"https:\/\/kidsportcanada.ca\/british-columbia\/100-mile-house\/#website"},"primaryImageOfPage":{"@id":"https:\/\/kidsportcanada.ca\/british-columbia\/100-mile-house\/contact-us\/#primaryimage"},"image":{"@id":"https:\/\/kidsportcanada.ca\/british-columbia\/100-mile-house\/contact-us\/#primaryimage"},"thumbnailUrl":"\/wp-content\/uploads\/sites\/99\/brett-levis.jpg","datePublished":"2020-04-01T20:45:29+00:00","dateModified":"2026-01-06T18:52:54+00:00","description":"Communiquez avec nous! Nous serons heureux de r\u00e9pondre \u00e0 vos questions ou de vous aider \u00e0 vous impliquer.","breadcrumb":{"@id":"https:\/\/kidsportcanada.ca\/british-columbia\/100-mile-house\/contact-us\/#breadcrumb"},"inLanguage":"fr-CA","potentialAction":[{"@type":"ReadAction","target":["https:\/\/kidsportcanada.ca\/british-columbia\/100-mile-house\/contact-us\/"]}]},{"@type":"ImageObject","inLanguage":"fr-CA","@id":"https:\/\/kidsportcanada.ca\/british-columbia\/100-mile-house\/contact-us\/#primaryimage","url":"\/wp-content\/uploads\/sites\/99\/brett-levis.jpg","contentUrl":"\/wp-content\/uploads\/sites\/99\/brett-levis.jpg","width":1600,"height":1000,"caption":"Brett Levis a professional soccer player having a team huddle with a group of young kids on a soccer field"},{"@type":"BreadcrumbList","@id":"https:\/\/kidsportcanada.ca\/british-columbia\/100-mile-house\/contact-us\/#breadcrumb","itemListElement":[{"@type":"ListItem","position":1,"name":"Home","item":"https:\/\/kidsportcanada.ca\/british-columbia\/100-mile-house\/"},{"@type":"ListItem","position":2,"name":"Contact Us"}]},{"@type":"WebSite","@id":"https:\/\/kidsportcanada.ca\/british-columbia\/100-mile-house\/#website","url":"https:\/\/kidsportcanada.ca\/british-columbia\/100-mile-house\/","name":"Maison 100 Mile","description":"Pour que tous les enfants puissent jouer","potentialAction":[{"@type":"SearchAction","target":{"@type":"EntryPoint","urlTemplate":"https:\/\/kidsportcanada.ca\/british-columbia\/100-mile-house\/?s={search_term_string}"},"query-input":{"@type":"PropertyValueSpecification","valueRequired":true,"valueName":"search_term_string"}}],"inLanguage":"fr-CA"}]}},"_links":{"self":[{"href":"https:\/\/kidsportcanada.ca\/british-columbia\/100-mile-house\/fr\/wp-json\/wp\/v2\/pages\/148","targetHints":{"allow":["GET"]}}],"collection":[{"href":"https:\/\/kidsportcanada.ca\/british-columbia\/100-mile-house\/fr\/wp-json\/wp\/v2\/pages"}],"about":[{"href":"https:\/\/kidsportcanada.ca\/british-columbia\/100-mile-house\/fr\/wp-json\/wp\/v2\/types\/page"}],"author":[{"embeddable":true,"href":"https:\/\/kidsportcanada.ca\/british-columbia\/100-mile-house\/fr\/wp-json\/wp\/v2\/users\/16"}],"replies":[{"embeddable":true,"href":"https:\/\/kidsportcanada.ca\/british-columbia\/100-mile-house\/fr\/wp-json\/wp\/v2\/comments?post=148"}],"version-history":[{"count":0,"href":"https:\/\/kidsportcanada.ca\/british-columbia\/100-mile-house\/fr\/wp-json\/wp\/v2\/pages\/148\/revisions"}],"wp:featuredmedia":[{"embeddable":true,"href":"https:\/\/kidsportcanada.ca\/british-columbia\/100-mile-house\/fr\/wp-json\/wp\/v2\/media\/190"}],"wp:attachment":[{"href":"https:\/\/kidsportcanada.ca\/british-columbia\/100-mile-house\/fr\/wp-json\/wp\/v2\/media?parent=148"}],"curies":[{"name":"wp","href":"https:\/\/api.w.org\/{rel}","templated":true}]}}