
{"id":150,"date":"2020-05-05T19:39:19","date_gmt":"2020-05-05T19:39:19","guid":{"rendered":"http:\/\/kidsportcanada.ca\/100-mile-house\/?page_id=150"},"modified":"2026-01-06T18:50:58","modified_gmt":"2026-01-06T18:50:58","slug":"apply-for-a-grant","status":"publish","type":"page","link":"https:\/\/kidsportcanada.ca\/british-columbia\/100-mile-house\/fr\/apply-for-a-grant\/","title":{"rendered":"Apply for a Grant"},"content":{"rendered":"<h4 data-animation-delay=\"0\" data-animation-duration=\"1\">\n\t\t\tSportJeunesse 100 Mile House\t<\/h4>\n<h1 data-animation-delay=\"0.2\" data-animation-duration=\"1\">\n\t\t\tDEMANDER UNE SUBVENTION\t<\/h1>\n<h3 data-animation-delay=\"0.4\" data-animation-duration=\"1\">\n\t\t\tCommencez \u00e0 remplir votre demande ici. Faites d\u00e9filer l\u2019\u00e9cran pour en savoir plus sur notre programme et trouver des r\u00e9ponses \u00e0 toutes vos questions.\t<\/h3>\n\t\t\t<a href=\"#\" target=\"_blank\" rel=\"noopener\">\n\t\t\t\t\t\t\tPR\u00c9SENTER UNE DEMANDE EN LIGNE MAINTENANT\n\t\t\t\t\t<\/a>\n<h2>\n\t\t\tAbout KidSport Grants\t<\/h2>\n\t<ul>\n<li>Children 18 and younger could be eligible for up to $400 per child, per calendar year (January &#8211; December). Parent\/guardians may apply more than one time in a calendar year but the total amount of grant(s) that will be given will not exceed $400<\/li>\n<li>Sport activities must be affiliated with the member sport organizations of Sport BC and demonstrate a sustained sport experience (a season of sport led by a qualified coach) for a\u00a0<strong><u>minimum of 6 weeks<\/u>\u00a0<\/strong>and include at least one session per week. For a list of eligible sports, and to find a local club near you, visit <a href=\"https:\/\/kidsportcanada.ca\/british-columbia\/100-mile-house\/fr\/british-columbia\/who-do-we-fund\/\">https:\/\/kidsportcanada.ca\/british-columbia\/who-do-we-fund\/<\/a><\/li>\n<li>Camps, equipment, travel to playoffs, fundraising, championships, and dance\u00a0<strong><u>do not qualify<\/u><\/strong>.<\/li>\n<li>Applications must be received prior to, or at the beginning of the requested season of sport<\/li>\n<\/ul>\n\t<h3>Who is eligible to receive a KidSport grant?<\/h3>\n\t<p>KidSport\u2122 considers the social and economic barriers facing the athlete&#8217;s family when determining eligibility for funding.<\/p>\n<p><img loading=\"lazy\" decoding=\"async\" src=\"\/wp-content\/uploads\/sites\/99\/2024-LICO.png\" alt=\"\" width=\"405\" height=\"167\" \/><\/p>\n<p>Si vous n\u2019\u00eates pas certain d\u2019\u00eatre admissible \u00e0 une subvention, veuillez nous envoyer un courriel \u00e0\u00a0<strong><a href=\"mailto:kidsport@sportbc.com\">kidsport@sportbc.com<\/a>.<\/strong><\/p>\n\t<h3>Que dois-je faire pour demander une subvention?<\/h3>\n\t<ol>\n<li>Register your child in an eligible sport program &#8211; eligible sports and to find a club in your community visit <a href=\"https:\/\/kidsportcanada.ca\/british-columbia\/100-mile-house\/fr\/british-columbia\/who-do-we-fund\/\">https:\/\/kidsportcanada.ca\/british-columbia\/who-do-we-fund\/<\/a><\/li>\n<li>Apply online <a href=\"https:\/\/kidsport.smartsimple.ca\/s_Login.jsp\" target=\"_blank\" rel=\"noopener\">here<\/a>.\u00a0Or complete the paper application\u00a0<a href=\"https:\/\/kidsportcanada.ca\/wp-content\/uploads\/sites\/99\/KidSport-BC-Application.pdf\" target=\"_blank\" rel=\"noopener\">here<\/a>. Please see below for more details.<\/li>\n<\/ol>\n<p><strong>Online Applications<\/strong><\/p>\n<ul>\n<li>You will need to submit your Notice of Assessment from the most recent tax year that shows line 15000 for all parent\/guardians in the household. To obtain your most recent Canada Revenue Agency Notice of Assessment, contact Revenue Canada at 1-800-959-8281 or log into your CRA Account online.<\/li>\n<\/ul>\n<p><strong>Paper Applications<\/strong><\/p>\n<p>For the paper application you will need to provide either Financial Verification <strong>OR<\/strong> Endorser Verification. Please see details below.<\/p>\n<p><strong>Financial Verification &#8211; please include one of the following:<\/strong><\/p>\n<ul>\n<li>Your Notice of Assessment (NOA) from the most recent tax year showing line 15000 for all parent\/guardians in the household. To obtain a copy of your NOA, contact Revenue Canada at 1-800-959-8281 or log into your CRA Account online.<\/li>\n<li>Proof of foster parent status<\/li>\n<li>Proof of income or disability assistance<\/li>\n<\/ul>\n<p><strong>Endorser Verification<\/strong><\/p>\n<ul>\n<li>Have an endorser complete and sign Section 4 of the paper application. The endorser acts as an objective third party who is familiar with the athlete&#8217;s family and is in a professional position to assess their social and economic barriers<\/li>\n<li>An endorser can be a professional in school administration (principal or vice-principal), counsellor, youth worker, social worker, community\/social servicing agency or a settlement worker<\/li>\n<li>Endorsers cannot be associated with the sports organization, and they cannot be a family member.<\/li>\n<\/ul>\n<p>Completed paper application can be emailed to <a href=\"mailto:kidsport@sportbc.com\">kidsport@sportbc.com<\/a>. The application can also be mailed to:<\/p>\n<b>KidSport BC<br \/>\nPO Box 28032 RPO West Pender<br \/>\nVancouver, BC<br \/>\nV6C 3T7<\/b>\n<p>3. Please allow up to 60 days for notification of application status<\/p>\n<p>4. The parent\/guardian, or sport organization must notify the KidSport Chapter in their area or KidSport BC if the athlete withdraws from the sport activity. The grant must be used by the athlete for whom the grant was approved &#8211; no portion of the grant can be transferred to someone. <strong>If the application has been approved, KidSport will issue funds directly to the sport organization on behalf of the child.<\/strong><\/p>\n<p>5. If you have any questions about eligibility or the application process you can email us at: <a href=\"mailto:kidsport@sportbc.com\">kidsport@sportbc.com.<\/a><\/p>\n<p>&nbsp;<\/p>\n<p><strong>Privacy and Confidentiality\u00a0<\/strong><\/p>\n<p>KidSport\u2122 respects your privacy. We never sell, trade or loan your information to any other organization. Information provided in this application is being collected for the purpose of administering KidSport\u2122 grants. This information will only be disclosed to KidSport\u2122 personnel who need the information to carry out the responsibilities of their job, and to other organizations who may need to be contacted to process the application. Statistics are reported at the regional, provincial, and national level. Individuals are not personally identified. By completing this application form you agree to have all collected information stored in our online database system.<\/p>\n<h5>\n\t\t\tPr\u00e9sentez une demande maintenant\t<\/h5>\n\t\t\t<a href=\"https:\/\/kidsport.smartsimple.ca\/s_Login.jsp\" target=\"_blank\" rel=\"noopener\">\n\t\t\t\t\t\t\tPR\u00c9SENTER UNE DEMANDE EN LIGNE MAINTENANT\n\t\t\t\t\t<\/a>\n\t<p>Ou envoyez-nous une demande papier<\/p>\n\t\t\t<a href=\"\/wp-content\/uploads\/sites\/99\/KidSport-BC-Application.pdf\" target=\"_blank\" rel=\"noopener\">\n\t\t\t\t\t\tDEMANDE PAPIER\n\t\t\t\t\t<\/a>\n<h5>\n\t\t\tBesoin d\u2019aide?\t<\/h5>\n\t<p>We&#8217;re always happy to answer your questions &#8211; please send an email with your question to             <span class=\"emailaddress-div\">\n            <a href=\"mailto:kidsport@sportbc.com\">kidsport@sportbc.com<\/a>\n            .<\/p>\n<h2 data-animation-delay=\"0\" data-animation-duration=\"1\">\n\t\t\tCOMMON Questions\t<\/h2>\n\t\t\t\t\t<a href=\"#\" id=\"fl-accordion--label-0\" aria-controls=\"fl-accordion--panel-0\">Comment SportJeunesse aide-t-il?<\/a>\n\t\t\t\t\t\t\t\t\t\t\t<a href=\"#\" id=\"fl-accordion--icon-0\"><i title=\"D\u00e9veloppez\">D\u00e9veloppez<\/i><\/a>\n\t\t\t\t\t<p>SportJeunesse 100 Mile House distribue des subventions aux familles pour aider \u00e0 \u00e9liminer les obstacles financiers au sport. Les subventions de SportJeunesse aident \u00e0 couvrir le co\u00fbt des frais d\u2019inscription, Afin que TOUS les enfants puissent jouer!<\/p>\n\t\t\t\t\t<a href=\"#\" id=\"fl-accordion--label-1\" aria-controls=\"fl-accordion--panel-1\">Qu\u2019est-ce que la subvention SportJeunesse couvre?<\/a>\n\t\t\t\t\t\t\t\t\t\t\t<a href=\"#\" id=\"fl-accordion--icon-1\"><i title=\"D\u00e9veloppez\">D\u00e9veloppez<\/i><\/a>\n\t\t\t\t\t<p>KidSport grants cover the cost of sport registration fees for qualified families. Grants are intended to remove financial barriers to sport programs, and so cannot be applied to equipment, transportation, or tournament fees.<\/p>\n\t\t\t\t\t<a href=\"#\" id=\"fl-accordion--label-2\" aria-controls=\"fl-accordion--panel-2\">Quels sports sont admissibles?<\/a>\n\t\t\t\t\t\t\t\t\t\t\t<a href=\"#\" id=\"fl-accordion--icon-2\"><i title=\"D\u00e9veloppez\">D\u00e9veloppez<\/i><\/a>\n\t\t\t\t\t<p>In BC, KidSport is a program of <a href=\"https:\/\/sportbc.com\/\">Sport BC<\/a>. Therefore, local sport clubs must be a member of Sport BC through their Provincial Sport Organization (organizations like BC Soccer, Basketball BC, Judo BC, Gymnastics BC, etc.). To view a complete list of eligible sports, please <a href=\"https:\/\/sportbc.com\/about-our-members\/\">click here<\/a>. Additionally, sport activities must demonstrate a sustained sport experience and be led by a qualified coach.<\/p>\n\t\t\t\t\t<a href=\"#\" id=\"fl-accordion--label-3\" aria-controls=\"fl-accordion--panel-3\">What communities are covered by KidSport 100 Mile House?<\/a>\n\t\t\t\t\t\t\t\t\t\t\t<a href=\"#\" id=\"fl-accordion--icon-3\"><i title=\"D\u00e9veloppez\">D\u00e9veloppez<\/i><\/a>\n\t\t\t\t\t<p>Maison 100 Mile<\/p>\n\t\t\t\t\t<a href=\"#\" id=\"fl-accordion--label-4\" aria-controls=\"fl-accordion--panel-4\">Quelle est la date limite pour pr\u00e9senter une demande?<\/a>\n\t\t\t\t\t\t\t\t\t\t\t<a href=\"#\" id=\"fl-accordion--icon-4\"><i title=\"D\u00e9veloppez\">D\u00e9veloppez<\/i><\/a>\n\t\t\t\t\t<p>You must register your kid in a sports program prior to applying for KidSport funding. Each program is different, but many do require that KidSport funding be received prior to the program&#8217;s start date. You should apply for a KidSport grant as soon as possible after your kid has been registered, as it can sometimes take up to 30 days for applications to be processed.<\/p>\n<p>Les subventions SportJeunesse ne peuvent pas servir aux programmes qui sont d\u00e9j\u00e0 termin\u00e9s.<\/p>\n\t\t\t\t\t<a href=\"#\" id=\"fl-accordion--label-5\" aria-controls=\"fl-accordion--panel-5\">Comment saurai-je si ma demande est accept\u00e9e?<\/a>\n\t\t\t\t\t\t\t\t\t\t\t<a href=\"#\" id=\"fl-accordion--icon-5\"><i title=\"D\u00e9veloppez\">D\u00e9veloppez<\/i><\/a>\n\t\t\t\t\t<p>Si vous avez pr\u00e9sent\u00e9 une demande en ligne, vous recevrez un courriel automatiquement produit par le syst\u00e8me vous informant des r\u00e9sultats de votre demande.<\/p>\n<p>Si vous pr\u00e9sentez une demande hors ligne (en personne, par formulaire PDF envoy\u00e9 par courriel ou par formulaire imprim\u00e9), vous devez inclure votre adresse de courriel afin que nous puissions vous informer des r\u00e9sultats de votre demande.<\/p>\n\t\t\t\t\t<a href=\"#\" id=\"fl-accordion--label-6\" aria-controls=\"fl-accordion--panel-6\">Que dois-je faire pour d\u00e9montrer mon admissibilit\u00e9 financi\u00e8re?<\/a>\n\t\t\t\t\t\t\t\t\t\t\t<a href=\"#\" id=\"fl-accordion--icon-6\"><i title=\"D\u00e9veloppez\">D\u00e9veloppez<\/i><\/a>\n\t\t\t\t\t<strong>Online Application<\/strong><br \/>\nWe use the Canada Revenue Agency (CRA) Notice of Assessment to access financial eligibility. Your Notice of Assessment can be accessed through your <a href=\"https:\/\/www.canada.ca\/en\/revenue-agency\/services\/e-services\/e-services-individuals\/account-individuals.html\">l\u2019ARC<\/a>.\n<strong>Paper Application<\/strong><br \/>\nWe use a Financial Verification Endorser as an objective third party who is familiar with the child&#8217;s family and is in a professional position to assess the social and economic barriers facing the family. An Endorser can be a professional in social work or family services, a school principal or counsellor, a senior recreation administrator, accountant, law enforcement officer, a registered physician, or a priest or pastor. Endorsers cannot be associated with the sport organization and they cannot be a family member. For school sports, school principals or counsellors are not accepted as Endorsers.\n\t\t\t\t\t<a href=\"#\" id=\"fl-accordion--label-7\" aria-controls=\"fl-accordion--panel-7\">Qu\u2019arrive-t-il si l\u2019enfant habite \u00e0 l\u2019ext\u00e9rieur de la r\u00e9gion que nous couvrons?<\/a>\n\t\t\t\t\t\t\t\t\t\t\t<a href=\"#\" id=\"fl-accordion--icon-7\"><i title=\"D\u00e9veloppez\">D\u00e9veloppez<\/i><\/a>\n\t\t\t\t\t<p>Si votre famille habite \u00e0 l\u2019ext\u00e9rieur de la r\u00e9gion que nous couvrons, vous pouvez pr\u00e9senter une demande au fonds provincial de SportJeunesse. Celui-ci sert d\u2019organisme ombrelle et couvre toutes les communaut\u00e9s qui n\u2019ont pas de section SportJeunesse.<\/p>\n\t\t\t\t\t<a href=\"#\" id=\"fl-accordion--label-8\" aria-controls=\"fl-accordion--panel-8\">Mes renseignements sont-ils prot\u00e9g\u00e9s et confidentiels?<\/a>\n\t\t\t\t\t\t\t\t\t\t\t<a href=\"#\" id=\"fl-accordion--icon-8\"><i title=\"D\u00e9veloppez\">D\u00e9veloppez<\/i><\/a>\n\t\t\t\t\t<p>Oui, tous vos renseignements personnels seront sauvegard\u00e9s de fa\u00e7on s\u00e9curis\u00e9e et d\u00e9truits au moment appropri\u00e9. Notre syst\u00e8me de demande en ligne est s\u00e9curis\u00e9 et fiable. Jamais SportJeunesse et ses partenaires ne vendront ni ne divulgueront vos donn\u00e9es personnelles.<\/p>","protected":false},"excerpt":{"rendered":"<p>KidSport 100 Mile House APPLY FOR A GRANT Start your application here. Scroll down to learn more about our program and get answers to all of your questions. APPLY ONLINE NOW About KidSport Grants Children 18 and younger could be eligible for up to $400 per child, per calendar year (January &#8211; December). Parent\/guardians may&hellip;<\/p>","protected":false},"author":16,"featured_media":196,"parent":0,"menu_order":0,"comment_status":"closed","ping_status":"closed","template":"","meta":{"_acf_changed":false,"footnotes":""},"class_list":["post-150","page","type-page","status-publish","has-post-thumbnail","hentry"],"acf":[],"yoast_head":"<!-- This site is optimized with the Yoast SEO plugin v27.3 - https:\/\/yoast.com\/product\/yoast-seo-wordpress\/ -->\n<title>Apply for a Grant - KidSport 100 Mile House<\/title>\n<meta name=\"description\" content=\"Start your application here. KidSport provides grants to kids from families facing financial barriers so they can participate in registered sport programs.\" \/>\n<meta name=\"robots\" content=\"index, follow, max-snippet:-1, max-image-preview:large, max-video-preview:-1\" \/>\n<link rel=\"canonical\" href=\"https:\/\/kidsportcanada.ca\/british-columbia\/100-mile-house\/fr\/apply-for-a-grant\/\" \/>\n<meta property=\"og:locale\" content=\"fr_CA\" \/>\n<meta property=\"og:type\" content=\"article\" \/>\n<meta property=\"og:title\" content=\"Apply for a Grant - KidSport 100 Mile House\" \/>\n<meta property=\"og:description\" content=\"Start your application here. KidSport provides grants to kids from families facing financial barriers so they can participate in registered sport programs.\" \/>\n<meta property=\"og:url\" content=\"https:\/\/kidsportcanada.ca\/british-columbia\/100-mile-house\/fr\/apply-for-a-grant\/\" \/>\n<meta property=\"og:site_name\" content=\"100 Mile House\" \/>\n<meta property=\"article:modified_time\" content=\"2026-01-06T18:50:58+00:00\" \/>\n<meta property=\"og:image\" content=\"https:\/\/kidsportcanada.ca\/wp-content\/uploads\/sites\/99\/devonte-1.jpg\" \/>\n\t<meta property=\"og:image:width\" content=\"1600\" \/>\n\t<meta property=\"og:image:height\" content=\"1000\" \/>\n\t<meta property=\"og:image:type\" content=\"image\/jpeg\" \/>\n<meta name=\"twitter:card\" content=\"summary_large_image\" \/>\n<meta name=\"twitter:label1\" content=\"Estimation du temps de lecture\" \/>\n\t<meta name=\"twitter:data1\" content=\"6 minutes\" \/>\n<script type=\"application\/ld+json\" class=\"yoast-schema-graph\">{\"@context\":\"https:\\\/\\\/schema.org\",\"@graph\":[{\"@type\":\"WebPage\",\"@id\":\"https:\\\/\\\/kidsportcanada.ca\\\/british-columbia\\\/100-mile-house\\\/apply-for-a-grant\\\/\",\"url\":\"https:\\\/\\\/kidsportcanada.ca\\\/british-columbia\\\/100-mile-house\\\/apply-for-a-grant\\\/\",\"name\":\"Apply for a Grant - KidSport 100 Mile House\",\"isPartOf\":{\"@id\":\"https:\\\/\\\/kidsportcanada.ca\\\/british-columbia\\\/100-mile-house\\\/#website\"},\"primaryImageOfPage\":{\"@id\":\"https:\\\/\\\/kidsportcanada.ca\\\/british-columbia\\\/100-mile-house\\\/apply-for-a-grant\\\/#primaryimage\"},\"image\":{\"@id\":\"https:\\\/\\\/kidsportcanada.ca\\\/british-columbia\\\/100-mile-house\\\/apply-for-a-grant\\\/#primaryimage\"},\"thumbnailUrl\":\"\\\/wp-content\\\/uploads\\\/sites\\\/99\\\/devonte-1.jpg\",\"datePublished\":\"2020-05-05T19:39:19+00:00\",\"dateModified\":\"2026-01-06T18:50:58+00:00\",\"description\":\"Start your application here. KidSport provides grants to kids from families facing financial barriers so they can participate in registered sport programs.\",\"breadcrumb\":{\"@id\":\"https:\\\/\\\/kidsportcanada.ca\\\/british-columbia\\\/100-mile-house\\\/apply-for-a-grant\\\/#breadcrumb\"},\"inLanguage\":\"fr-CA\",\"potentialAction\":[{\"@type\":\"ReadAction\",\"target\":[\"https:\\\/\\\/kidsportcanada.ca\\\/british-columbia\\\/100-mile-house\\\/apply-for-a-grant\\\/\"]}]},{\"@type\":\"ImageObject\",\"inLanguage\":\"fr-CA\",\"@id\":\"https:\\\/\\\/kidsportcanada.ca\\\/british-columbia\\\/100-mile-house\\\/apply-for-a-grant\\\/#primaryimage\",\"url\":\"\\\/wp-content\\\/uploads\\\/sites\\\/99\\\/devonte-1.jpg\",\"contentUrl\":\"\\\/wp-content\\\/uploads\\\/sites\\\/99\\\/devonte-1.jpg\",\"width\":1600,\"height\":1000,\"caption\":\"A young boy sliding on the grass soccer field after scoring a goal\"},{\"@type\":\"BreadcrumbList\",\"@id\":\"https:\\\/\\\/kidsportcanada.ca\\\/british-columbia\\\/100-mile-house\\\/apply-for-a-grant\\\/#breadcrumb\",\"itemListElement\":[{\"@type\":\"ListItem\",\"position\":1,\"name\":\"Home\",\"item\":\"https:\\\/\\\/kidsportcanada.ca\\\/british-columbia\\\/100-mile-house\\\/\"},{\"@type\":\"ListItem\",\"position\":2,\"name\":\"Apply for a Grant\"}]},{\"@type\":\"WebSite\",\"@id\":\"https:\\\/\\\/kidsportcanada.ca\\\/british-columbia\\\/100-mile-house\\\/#website\",\"url\":\"https:\\\/\\\/kidsportcanada.ca\\\/british-columbia\\\/100-mile-house\\\/\",\"name\":\"100 Mile House\",\"description\":\"So all kids can play\",\"potentialAction\":[{\"@type\":\"SearchAction\",\"target\":{\"@type\":\"EntryPoint\",\"urlTemplate\":\"https:\\\/\\\/kidsportcanada.ca\\\/british-columbia\\\/100-mile-house\\\/?s={search_term_string}\"},\"query-input\":{\"@type\":\"PropertyValueSpecification\",\"valueRequired\":true,\"valueName\":\"search_term_string\"}}],\"inLanguage\":\"fr-CA\"}]}<\/script>\n<!-- \/ Yoast SEO plugin. -->","yoast_head_json":{"title":"Apply for a Grant - KidSport 100 Mile House","description":"Commencez \u00e0 remplir votre demande ici. SportJeunesse fournit des subventions aux enfants provenant de familles qui se heurtent \u00e0 des obstacles financiers afin qu\u2019ils puissent participer \u00e0 des programmes de sport.","robots":{"index":"index","follow":"follow","max-snippet":"max-snippet:-1","max-image-preview":"max-image-preview:large","max-video-preview":"max-video-preview:-1"},"canonical":"https:\/\/kidsportcanada.ca\/british-columbia\/100-mile-house\/fr\/apply-for-a-grant\/","og_locale":"fr_CA","og_type":"article","og_title":"Apply for a Grant - KidSport 100 Mile House","og_description":"Start your application here. KidSport provides grants to kids from families facing financial barriers so they can participate in registered sport programs.","og_url":"https:\/\/kidsportcanada.ca\/british-columbia\/100-mile-house\/fr\/apply-for-a-grant\/","og_site_name":"100 Mile House","article_modified_time":"2026-01-06T18:50:58+00:00","og_image":[{"width":1600,"height":1000,"url":"https:\/\/kidsportcanada.ca\/wp-content\/uploads\/sites\/99\/devonte-1.jpg","type":"image\/jpeg"}],"twitter_card":"summary_large_image","twitter_misc":{"Estimation du temps de lecture":"6 minutes"},"schema":{"@context":"https:\/\/schema.org","@graph":[{"@type":"WebPage","@id":"https:\/\/kidsportcanada.ca\/british-columbia\/100-mile-house\/apply-for-a-grant\/","url":"https:\/\/kidsportcanada.ca\/british-columbia\/100-mile-house\/apply-for-a-grant\/","name":"Apply for a Grant - KidSport 100 Mile House","isPartOf":{"@id":"https:\/\/kidsportcanada.ca\/british-columbia\/100-mile-house\/#website"},"primaryImageOfPage":{"@id":"https:\/\/kidsportcanada.ca\/british-columbia\/100-mile-house\/apply-for-a-grant\/#primaryimage"},"image":{"@id":"https:\/\/kidsportcanada.ca\/british-columbia\/100-mile-house\/apply-for-a-grant\/#primaryimage"},"thumbnailUrl":"\/wp-content\/uploads\/sites\/99\/devonte-1.jpg","datePublished":"2020-05-05T19:39:19+00:00","dateModified":"2026-01-06T18:50:58+00:00","description":"Commencez \u00e0 remplir votre demande ici. SportJeunesse fournit des subventions aux enfants provenant de familles qui se heurtent \u00e0 des obstacles financiers afin qu\u2019ils puissent participer \u00e0 des programmes de sport.","breadcrumb":{"@id":"https:\/\/kidsportcanada.ca\/british-columbia\/100-mile-house\/apply-for-a-grant\/#breadcrumb"},"inLanguage":"fr-CA","potentialAction":[{"@type":"ReadAction","target":["https:\/\/kidsportcanada.ca\/british-columbia\/100-mile-house\/apply-for-a-grant\/"]}]},{"@type":"ImageObject","inLanguage":"fr-CA","@id":"https:\/\/kidsportcanada.ca\/british-columbia\/100-mile-house\/apply-for-a-grant\/#primaryimage","url":"\/wp-content\/uploads\/sites\/99\/devonte-1.jpg","contentUrl":"\/wp-content\/uploads\/sites\/99\/devonte-1.jpg","width":1600,"height":1000,"caption":"A young boy sliding on the grass soccer field after scoring a goal"},{"@type":"BreadcrumbList","@id":"https:\/\/kidsportcanada.ca\/british-columbia\/100-mile-house\/apply-for-a-grant\/#breadcrumb","itemListElement":[{"@type":"ListItem","position":1,"name":"Home","item":"https:\/\/kidsportcanada.ca\/british-columbia\/100-mile-house\/"},{"@type":"ListItem","position":2,"name":"Apply for a Grant"}]},{"@type":"WebSite","@id":"https:\/\/kidsportcanada.ca\/british-columbia\/100-mile-house\/#website","url":"https:\/\/kidsportcanada.ca\/british-columbia\/100-mile-house\/","name":"Maison 100 Mile","description":"Pour que tous les enfants puissent jouer","potentialAction":[{"@type":"SearchAction","target":{"@type":"EntryPoint","urlTemplate":"https:\/\/kidsportcanada.ca\/british-columbia\/100-mile-house\/?s={search_term_string}"},"query-input":{"@type":"PropertyValueSpecification","valueRequired":true,"valueName":"search_term_string"}}],"inLanguage":"fr-CA"}]}},"_links":{"self":[{"href":"https:\/\/kidsportcanada.ca\/british-columbia\/100-mile-house\/fr\/wp-json\/wp\/v2\/pages\/150","targetHints":{"allow":["GET"]}}],"collection":[{"href":"https:\/\/kidsportcanada.ca\/british-columbia\/100-mile-house\/fr\/wp-json\/wp\/v2\/pages"}],"about":[{"href":"https:\/\/kidsportcanada.ca\/british-columbia\/100-mile-house\/fr\/wp-json\/wp\/v2\/types\/page"}],"author":[{"embeddable":true,"href":"https:\/\/kidsportcanada.ca\/british-columbia\/100-mile-house\/fr\/wp-json\/wp\/v2\/users\/16"}],"replies":[{"embeddable":true,"href":"https:\/\/kidsportcanada.ca\/british-columbia\/100-mile-house\/fr\/wp-json\/wp\/v2\/comments?post=150"}],"version-history":[{"count":0,"href":"https:\/\/kidsportcanada.ca\/british-columbia\/100-mile-house\/fr\/wp-json\/wp\/v2\/pages\/150\/revisions"}],"wp:featuredmedia":[{"embeddable":true,"href":"https:\/\/kidsportcanada.ca\/british-columbia\/100-mile-house\/fr\/wp-json\/wp\/v2\/media\/196"}],"wp:attachment":[{"href":"https:\/\/kidsportcanada.ca\/british-columbia\/100-mile-house\/fr\/wp-json\/wp\/v2\/media?parent=150"}],"curies":[{"name":"wp","href":"https:\/\/api.w.org\/{rel}","templated":true}]}}