
{"id":136,"date":"2020-04-01T18:27:16","date_gmt":"2020-04-01T18:27:16","guid":{"rendered":"http:\/\/kidsportcanada.ca\/british-columbia\/?page_id=136"},"modified":"2026-01-22T17:05:54","modified_gmt":"2026-01-22T17:05:54","slug":"donate","status":"publish","type":"page","link":"https:\/\/kidsportcanada.ca\/british-columbia\/fr\/donate\/","title":{"rendered":"Donate"},"content":{"rendered":"<h1>\n\t\t\tDONATE TODAY\t<\/h1>\n\t\t\t<a href=\"https:\/\/secure.kidsportbc.org\/registrant\/startup.aspx?eventid=249757\" target=\"_blank\" rel=\"noopener\">\n\t\t\t\t\t\t\tDONNER\n\t\t\t<\/a>\n<h2>\n\t\t\tGive the Gift of Sport\t<\/h2>\n\t<p>The skills kids learn through sports are carried with them throughout their lives, but across British Columbia kids are being left on the sidelines because they don&#8217;t have the resources to play. KidSport helps remove those financial barriers #SoALLKidsCanPlay.<\/p>\n<p>Through a confidential application process, KidSport provides grants for kids from families facing financial barriers to help cover the cost of their registration fee so they can experience the joy of a season of sport.<\/p>\n<p>Help more kids get in the game. Donate today #SoALLKidsCanPlay.<\/p>\n\t\t\t<a href=\"https:\/\/secure.kidsportbc.org\/registrant\/startup.aspx?eventid=249757\" target=\"_blank\" rel=\"noopener\">\n\t\t\t\t\t\t\tDONNER\n\t\t\t<\/a>\n<h2>\n\t\t\tDONATE Online\t<\/h2>\n\t<h3>Donnez \u00e0 SportJeunesse British Columbia en utilisant notre formulaire s\u00e9curis\u00e9 en ligne (il s\u2019ouvrira sous un nouvel onglet).<\/h3>\n\t\t\t<a href=\"https:\/\/secure.kidsportbc.org\/registrant\/startup.aspx?eventid=249757\" target=\"_blank\" rel=\"noopener\">\n\t\t\t\t\t\t\tDONNER\n\t\t\t<\/a>\n\t\t\t<a href=\"https:\/\/kidsportcanada.ca\/british-columbia\/fr\/donate\/#common-questions\" target=\"_self\">\n\t\t\t\t\t\t\tQUESTIONS COURANTES\n\t\t\t\t\t<\/a>\n<h5>\n\t\t\tPr\u00e9f\u00e9rez-vous donner hors ligne?\t<\/h5>\n\t<p>T\u00e9l\u00e9chargez et envoyez-nous le formulaire de don de SportJeunesse. Notre num\u00e9ro d\u2019enregistrement de l\u2019ARC est le 86212 5986 RR0003.<\/p>\n\t\t\t<a href=\"https:\/\/kidsportcanada.ca\/wp-content\/uploads\/sites\/94\/KidSport-BC-Donation-Form_23.pdf\" target=\"_blank\" rel=\"noopener\">\n\t\t\t\t\t\tFORMULAIRE PAPIER\n\t\t\t\t\t<\/a>\n<h2>\n\t\t\tBecome a Monthly Donor\t<\/h2>\n\t<h3>Set up your monthly donation once and have an impact for BC kids all year long.<\/h3>\n\t\t\t<a href=\"https:\/\/secure.kidsportbc.org\/registrant\/startup.aspx?eventid=249757\" target=\"_blank\" rel=\"noopener\">\n\t\t\t\t\t\t\tGIVE MONTHLY\n\t\t\t<\/a>\n<h5>\n\t\t\tMONTHLY GIVING MADE EASY\t<\/h5>\n\t<p>At the end of the year we&#8217;ll send you a tax receipt for the total of your annual contributions.<\/p>\n<p>You can cancel anytime. Just <a href=\"mailto:kidsport@sportbc.com\">contact us<\/a>.<\/p>\n<h2 data-animation-delay=\"0\" data-animation-duration=\"1\">\n\t\t\tOTHER WAYS TO Support\t<\/h2>\n<h5>\n\t\t\tDonner une voiture\t<\/h5>\n<figure>\n\t\t\t\t<img decoding=\"async\" src=\"\/wp-content\/uploads\/sites\/94\/donate_car.svg\" alt=\"A car illustration\" height=\"52\" width=\"85\" title=\"donate_car\" loading=\"lazy\" \/>\n\t<\/figure>\n\t<p>L\u2019organisme Donate a Car Canada s\u2019occupe de la logistique afin qu\u2019il soit facile pour SportJeunesse Canada de b\u00e9n\u00e9ficier de votre ancienne voiture.<\/p>\n\t\t\t<a href=\"https:\/\/donatecar.ca\/org\/donate.php?charitypage=KidsportCanada\" target=\"_blank\" rel=\"noopener\">\n\t\t\t\t\t\t\tEN SAVOIR PLUS\n\t\t\t\t\t<\/a>\n<h5>\n\t\t\tTransfert de valeurs mobili\u00e8res\t<\/h5>\n<figure>\n\t\t\t\t<img decoding=\"async\" src=\"\/wp-content\/uploads\/sites\/94\/transfer_securities.svg\" alt=\"An illustration of two monetary bills\" height=\"58\" width=\"85\" title=\"transfer_securities\" loading=\"lazy\" \/>\n\t<\/figure>\n\t<p>En faisant un don d\u2019actions \u00e0 valeur accrue, de fonds communs de placement ou d\u2019options d\u2019achat d\u2019actions, vous ne payez aucun imp\u00f4t sur les gains en capital et vous recevez un re\u00e7u officiel au montant de la juste valeur marchande des valeurs mobili\u00e8res.<\/p>\n\t\t\t<a href=\"\/wp-content\/uploads\/sites\/94\/KidSport-Gift-of-Securities-Transfer-Form-ENG-and-FR-2025.pdf\" target=\"_blank\" rel=\"noopener\">\n\t\t\t\t\t\tDEMANDE DE TRANSFERT\n\t\t\t\t\t<\/a>\n<h5>\n\t\t\tSTART A MONTHLY GIFT\t<\/h5>\n<figure>\n\t\t\t\t<img decoding=\"async\" src=\"\/wp-content\/uploads\/sites\/94\/become_partner.svg\" alt=\"A participation ribbon with a heart on it\" height=\"58\" width=\"85\" title=\"become_partner\" loading=\"lazy\" \/>\n\t<\/figure>\n\t<p>When you give monthly you help ensure that grants are always available for kids who need them. At the end of the year we&#8217;ll send you a tax receipt for the total amount of your annual donations.<\/p>\n\t\t\t<a href=\"https:\/\/secure.kidsportbc.org\/registrant\/DonationPage.aspx?eventid=249757\" target=\"_blank\" rel=\"noopener\">\n\t\t\t\t\t\t\tGIVE MONTHLY\n\t\t\t\t\t<\/a>\n<h5>\n\t\t\tRETURN IT EXPRESS\t<\/h5>\n<figure>\n\t\t\t\t<img decoding=\"async\" src=\"\/wp-content\/uploads\/sites\/94\/transfer_securities.svg\" alt=\"An illustration of two monetary bills\" height=\"58\" width=\"85\" title=\"transfer_securities\" loading=\"lazy\" \/>\n\t<\/figure>\n\t<p>Collect your empty containers in a clear\/clear blue plastic bag and take them to your local Return It Express Depot. Enter 604-333-3434 at the kiosk to print your label and the refund will be deposited directly to KidSport!<\/p>\n\t\t\t<a href=\"https:\/\/www.return-it.ca\/express\/in-depot\/\" target=\"_blank\" rel=\"noopener\">\n\t\t\t\t\t\t\tEN SAVOIR PLUS\n\t\t\t\t\t<\/a>\n<h5>\n\t\t\tLEAVE A LEGACY\t<\/h5>\n<figure>\n\t\t\t\t<img decoding=\"async\" src=\"\/wp-content\/uploads\/sites\/94\/planned_giving.svg\" alt=\"An illustration of a present with a bow on the top\" height=\"57\" width=\"85\" title=\"planned_giving\" loading=\"lazy\" \/>\n\t<\/figure>\n\t<p>Legacy donations aren&#8217;t just for the ultra-wealthy; anyone can make a plan to reduce their family&#8217;s tax burden by donating to KidSport in their will.<\/p>\n\t\t\t<a href=\"https:\/\/kidsportcanada.ca\/british-columbia\/fr\/contact-us\/\" target=\"_blank\" rel=\"noopener\">\n\t\t\t\t\t\t\tCONTACTEZ-NOUS\n\t\t\t\t\t<\/a>\n<h5>\n\t\t\tDevenir un partenaire\t<\/h5>\n<figure>\n\t\t\t\t<img decoding=\"async\" src=\"\/wp-content\/uploads\/sites\/94\/become_partner.svg\" alt=\"A participation ribbon with a heart on it\" height=\"58\" width=\"85\" title=\"become_partner\" loading=\"lazy\" \/>\n\t<\/figure>\n\t<p>Des entreprises de partout au Canada commanditent SportJeunesse \u00e0 l\u2019\u00e9chelle nationale, provinciale et locale pour assurer que nous permettons \u00e0 autant d\u2019enfants que possible d\u2019acc\u00e9der au sport. <\/p>\n\t\t\t<a href=\"https:\/\/kidsportcanada.ca\/british-columbia\/fr\/contact-us\/\" target=\"_blank\" rel=\"noopener\">\n\t\t\t\t\t\t\tEN SAVOIR PLUS\n\t\t\t\t\t<\/a>\n<h2 data-animation-delay=\"0\" data-animation-duration=\"1\">\n\t\t\tCOMMON Questions\t<\/h2>\n\t\t\t\t\t<a role=\"heading\" id=\"fl-accordion--label-0\">Mon don est-il s\u00e9curis\u00e9?<\/a>\n\t\t\t\t\t\t\t\t\t\t\t<button type=\"button\" id=\"fl-accordion--icon-0\" aria-expanded=\"false\" aria-controls=\"fl-accordion--panel-0\"><i>Expand<\/i><\/button>\n\t\t\t\t\t<p>Oui. Les dons faits \u00e0 SportJeunesse sont trait\u00e9s par FrontStream, l\u2019une des plus importantes plateformes nationales de collecte de fonds. Vos donn\u00e9es de carte de cr\u00e9dit sont s\u00e9curis\u00e9es et jamais nous ne vendrons ni ne divulguerons vos renseignements personnels.<\/p>\n\t\t\t\t\t<a role=\"heading\" id=\"fl-accordion--label-1\">Mon don est-il d\u00e9ductible du revenu imposable?<\/a>\n\t\t\t\t\t\t\t\t\t\t\t<button type=\"button\" id=\"fl-accordion--icon-1\" aria-expanded=\"false\" aria-controls=\"fl-accordion--panel-1\"><i>Expand<\/i><\/button>\n\t\t\t\t\t<p>Oui, SportJeunesse d\u00e9livre un re\u00e7u officiel pour les dons admissibles de plus de 20 $. Donnez en ligne pour recevoir un re\u00e7u automatiquement et sauver un arbre! Les re\u00e7us pour dons faits hors ligne sont d\u00e9livr\u00e9s avant la fin du trimestre suivant.<\/p>\n\t\t\t\t\t<a role=\"heading\" id=\"fl-accordion--label-2\">Puis-je faire un don mensuel r\u00e9current?<\/a>\n\t\t\t\t\t\t\t\t\t\t\t<button type=\"button\" id=\"fl-accordion--icon-2\" aria-expanded=\"false\" aria-controls=\"fl-accordion--panel-2\"><i>Expand<\/i><\/button>\n\t\t\t\t\t<p>You sure can! Monthly donors sustain our organization by providing reliable funding &#8211; and a big impact! Just $25 a month adds up to help a kid in one year.<\/p>\n<p>Simply select &#8220;Monthly Gift&#8221; at the top of our online donation form, or check the &#8220;Monthly Gift&#8221; box on the paper donation form. Your monthly donation will show up on your credit card statement, on the same date and for the same amount as your first gift.<\/p>\n\t\t\t\t\t<a role=\"heading\" id=\"fl-accordion--label-3\">\u00c0 quoi sert mon don?<\/a>\n\t\t\t\t\t\t\t\t\t\t\t<button type=\"button\" id=\"fl-accordion--icon-3\" aria-expanded=\"false\" aria-controls=\"fl-accordion--panel-3\"><i>Expand<\/i><\/button>\n\t\t\t\t\t<p>Chaque don fait \u00e0 SportJeunesse permet aux enfants de quitter la ligne lat\u00e9rale pour pratiquer un sport pendant une saison. Jusqu\u2019\u00e0 20 % de votre don pourrait servir \u00e0 couvrir nos frais de fonctionnement, par exemple pour organiser des collectes de fonds, remplacer l\u2019encre de notre imprimante ou remercier nos b\u00e9n\u00e9voles en leur offrant un repas ou une tasse de caf\u00e9.<\/p>\n<p>Si vous choisissez de diriger votre don vers une section communautaire, nous vous en remercions! La totalit\u00e9 de votre don restera dans la communaut\u00e9 que vous avez choisie, pour aider les enfants qui y habitent.<\/p>\n\t\t\t\t\t<a role=\"heading\" id=\"fl-accordion--label-4\">Mon don restera-t-il dans une communaut\u00e9 en particulier?<\/a>\n\t\t\t\t\t\t\t\t\t\t\t<button type=\"button\" id=\"fl-accordion--icon-4\" aria-expanded=\"false\" aria-controls=\"fl-accordion--panel-4\"><i>Expand<\/i><\/button>\n\t\t\t\t\t<p>Yes! Donations made to a community chapter will always stay in that community to help kids who live there. If your favourite community doesn&#8217;t have a chapter, or you&#8217;re looking to spread your impact a little more broadly, please consider donating to the KidSport British Columbia Provincial Fund, which provides support to kids living in communities without a local chapter.<\/p>\n\t\t\t\t\t<a role=\"heading\" id=\"fl-accordion--label-5\">Does KidSport accept equipment donations?<\/a>\n\t\t\t\t\t\t\t\t\t\t\t<button type=\"button\" id=\"fl-accordion--icon-5\" aria-expanded=\"false\" aria-controls=\"fl-accordion--panel-5\"><i>Expand<\/i><\/button>\n\t\t\t\t\t<p>KidSport does not provide used equipment to grant recipients, but some chapters do host a used equipment sale to raise funds for their local granting program and will accept used equipment donations.<\/p>\n<p>Donated equipment should be in good condition and should not be more than 6 years old.<\/p>\n<p>Contact your local chapter, or email <a href=\"mailto:kidsport@sportbc.com\">kidsport@sportbc.com<\/a> for info about upcoming equipment sales.<\/p>\n\t\t\t\t\t<a role=\"heading\" id=\"fl-accordion--label-6\">Quelles sont les possibilit\u00e9s de dons planifi\u00e9s?<\/a>\n\t\t\t\t\t\t\t\t\t\t\t<button type=\"button\" id=\"fl-accordion--icon-6\" aria-expanded=\"false\" aria-controls=\"fl-accordion--panel-6\"><i>Expand<\/i><\/button>\n\t\t\t\t\t<p>Thank you for considering KidSport as part of your legacy. There are a number of options for planned giving, and we&#8217;d love to chat with you to get it just right. Please reach out to <a href=\"mailto:kidsport@sportbc.com\">kidsport@sportbc.com<\/a> or 604-333-3421<\/p>\n\t\t\t\t\t<a role=\"heading\" id=\"fl-accordion--label-7\">I&#8217;d like to fundraise for KidSport &#8211; how can I get started?<\/a>\n\t\t\t\t\t\t\t\t\t\t\t<button type=\"button\" id=\"fl-accordion--icon-7\" aria-expanded=\"false\" aria-controls=\"fl-accordion--panel-7\"><i>Expand<\/i><\/button>\n\t\t\t\t\t<p>We&#8217;re ready to team up with you on whatever fundraising ideas you have! Get started today by creating an online fundraising page at <a href=\"http:\/\/kidsportbc.org\/fundraise\" target=\"_blank\" rel=\"noopener\">kidsportbc.org\/fundraise<\/a>. Or send us an email to\u00a0             <span class=\"emailaddress-div\">\n            <a href=\"mailto:kidsport@sportbc.com\">kidsport@sportbc.com<\/a>\n             and we&#8217;ll be happy to discuss your plans.<\/p>\n\t\t\t\t\t<a role=\"heading\" id=\"fl-accordion--label-8\">\u00c0 qui dois-je adresser mes questions?<\/a>\n\t\t\t\t\t\t\t\t\t\t\t<button type=\"button\" id=\"fl-accordion--icon-8\" aria-expanded=\"false\" aria-controls=\"fl-accordion--panel-8\"><i>Expand<\/i><\/button>\n\t\t\t\t\t<p>You can always reach out to the volunteers at KidSport British Columbia for support. We&#8217;re happy to help.<\/p>\n<p>Please get in touch via email at <a href=\"mailto:kidsport@sportbc.com\">kidsport@sportbc.com<\/a> or call 604-333-3421<\/p>\n<h2>\n\t\t\tLe coin de ambassadeur<br \/>Brett Levis\t<\/h2>\n<h3>\n\t\t\tVoyez les raisons pour lesquelles Brett Levis, joueur des Whitecaps de Vancouver, appuie SportJeunesse.\t<\/h3>\n\t\t\t<a href=\"\/british-columbia\/fr\/void(0)\/\" title=\"REGARDER LE FILM\" target=\"_self\" aria-label=\"REGARDER LE FILM\">\n\t\t\t\t\t\t\t\t\t\t\tREGARDER LE FILM\n\t\t<\/a>\n\t\t\t<a href=\"\/british-columbia\/fr\/void(0)\/\" title=\"REGARDER LE FILM\" target=\"_self\" aria-label=\"REGARDER LE FILM\">\n\t\t\t\t\t\t\t\t\t\t\tREGARDER LE FILM\n\t\t<\/a>","protected":false},"excerpt":{"rendered":"<p>DONATE TODAY DONATE NOW Give the Gift of Sport The skills kids learn through sports are carried with them throughout their lives, but across British Columbia kids are being left on the sidelines because they don&#8217;t have the resources to play. KidSport helps remove those financial barriers #SoALLKidsCanPlay. Through a confidential application process, KidSport provides&hellip;<\/p>","protected":false},"author":16,"featured_media":0,"parent":0,"menu_order":0,"comment_status":"closed","ping_status":"closed","template":"","meta":{"_acf_changed":false,"footnotes":""},"class_list":["post-136","page","type-page","status-publish","hentry"],"acf":[],"yoast_head":"<!-- This site is optimized with the Yoast SEO plugin v27.4 - https:\/\/yoast.com\/product\/yoast-seo-wordpress\/ -->\n<title>Donate - KidSport British Columbia<\/title>\n<meta name=\"description\" content=\"Your financial support provides kids with the opportunity to grow through sport. Donate to kidSport securely online or by mail.\" \/>\n<meta name=\"robots\" content=\"index, follow, max-snippet:-1, max-image-preview:large, max-video-preview:-1\" \/>\n<link rel=\"canonical\" href=\"https:\/\/kidsportcanada.ca\/british-columbia\/fr\/donate\/\" \/>\n<meta property=\"og:locale\" content=\"fr_CA\" \/>\n<meta property=\"og:type\" content=\"article\" \/>\n<meta property=\"og:title\" content=\"Donate - KidSport British Columbia\" \/>\n<meta property=\"og:description\" content=\"Your financial support provides kids with the opportunity to grow through sport. Donate to kidSport securely online or by mail.\" \/>\n<meta property=\"og:url\" content=\"https:\/\/kidsportcanada.ca\/british-columbia\/fr\/donate\/\" \/>\n<meta property=\"og:site_name\" content=\"British Columbia\" \/>\n<meta property=\"article:modified_time\" content=\"2026-01-22T17:05:54+00:00\" \/>\n<meta name=\"twitter:card\" content=\"summary_large_image\" \/>\n<meta name=\"twitter:label1\" content=\"Estimation du temps de lecture\" \/>\n\t<meta name=\"twitter:data1\" content=\"5 minutes\" \/>\n<script type=\"application\/ld+json\" class=\"yoast-schema-graph\">{\"@context\":\"https:\\\/\\\/schema.org\",\"@graph\":[{\"@type\":\"WebPage\",\"@id\":\"https:\\\/\\\/kidsportcanada.ca\\\/british-columbia\\\/donate\\\/\",\"url\":\"https:\\\/\\\/kidsportcanada.ca\\\/british-columbia\\\/donate\\\/\",\"name\":\"Donate - KidSport British Columbia\",\"isPartOf\":{\"@id\":\"https:\\\/\\\/kidsportcanada.ca\\\/british-columbia\\\/#website\"},\"datePublished\":\"2020-04-01T18:27:16+00:00\",\"dateModified\":\"2026-01-22T17:05:54+00:00\",\"description\":\"Your financial support provides kids with the opportunity to grow through sport. Donate to kidSport securely online or by mail.\",\"breadcrumb\":{\"@id\":\"https:\\\/\\\/kidsportcanada.ca\\\/british-columbia\\\/donate\\\/#breadcrumb\"},\"inLanguage\":\"fr-CA\",\"potentialAction\":[{\"@type\":\"ReadAction\",\"target\":[\"https:\\\/\\\/kidsportcanada.ca\\\/british-columbia\\\/donate\\\/\"]}]},{\"@type\":\"BreadcrumbList\",\"@id\":\"https:\\\/\\\/kidsportcanada.ca\\\/british-columbia\\\/donate\\\/#breadcrumb\",\"itemListElement\":[{\"@type\":\"ListItem\",\"position\":1,\"name\":\"Home\",\"item\":\"https:\\\/\\\/kidsportcanada.ca\\\/british-columbia\\\/\"},{\"@type\":\"ListItem\",\"position\":2,\"name\":\"Donate\"}]},{\"@type\":\"WebSite\",\"@id\":\"https:\\\/\\\/kidsportcanada.ca\\\/british-columbia\\\/#website\",\"url\":\"https:\\\/\\\/kidsportcanada.ca\\\/british-columbia\\\/\",\"name\":\"British Columbia\",\"description\":\"So all kids can play\",\"potentialAction\":[{\"@type\":\"SearchAction\",\"target\":{\"@type\":\"EntryPoint\",\"urlTemplate\":\"https:\\\/\\\/kidsportcanada.ca\\\/british-columbia\\\/?s={search_term_string}\"},\"query-input\":{\"@type\":\"PropertyValueSpecification\",\"valueRequired\":true,\"valueName\":\"search_term_string\"}}],\"inLanguage\":\"fr-CA\"}]}<\/script>\n<!-- \/ Yoast SEO plugin. -->","yoast_head_json":{"title":"Donate - KidSport British Columbia","description":"Gr\u00e2ce \u00e0 votre soutien, les enfants ont l\u2019occasion de se d\u00e9velopper par le sport.","robots":{"index":"index","follow":"follow","max-snippet":"max-snippet:-1","max-image-preview":"max-image-preview:large","max-video-preview":"max-video-preview:-1"},"canonical":"https:\/\/kidsportcanada.ca\/british-columbia\/fr\/donate\/","og_locale":"fr_CA","og_type":"article","og_title":"Donate - KidSport British Columbia","og_description":"Your financial support provides kids with the opportunity to grow through sport. Donate to kidSport securely online or by mail.","og_url":"https:\/\/kidsportcanada.ca\/british-columbia\/fr\/donate\/","og_site_name":"British Columbia","article_modified_time":"2026-01-22T17:05:54+00:00","twitter_card":"summary_large_image","twitter_misc":{"Estimation du temps de lecture":"5 minutes"},"schema":{"@context":"https:\/\/schema.org","@graph":[{"@type":"WebPage","@id":"https:\/\/kidsportcanada.ca\/british-columbia\/donate\/","url":"https:\/\/kidsportcanada.ca\/british-columbia\/donate\/","name":"Donate - KidSport British Columbia","isPartOf":{"@id":"https:\/\/kidsportcanada.ca\/british-columbia\/#website"},"datePublished":"2020-04-01T18:27:16+00:00","dateModified":"2026-01-22T17:05:54+00:00","description":"Gr\u00e2ce \u00e0 votre soutien, les enfants ont l\u2019occasion de se d\u00e9velopper par le sport.","breadcrumb":{"@id":"https:\/\/kidsportcanada.ca\/british-columbia\/donate\/#breadcrumb"},"inLanguage":"fr-CA","potentialAction":[{"@type":"ReadAction","target":["https:\/\/kidsportcanada.ca\/british-columbia\/donate\/"]}]},{"@type":"BreadcrumbList","@id":"https:\/\/kidsportcanada.ca\/british-columbia\/donate\/#breadcrumb","itemListElement":[{"@type":"ListItem","position":1,"name":"Home","item":"https:\/\/kidsportcanada.ca\/british-columbia\/"},{"@type":"ListItem","position":2,"name":"Donate"}]},{"@type":"WebSite","@id":"https:\/\/kidsportcanada.ca\/british-columbia\/#website","url":"https:\/\/kidsportcanada.ca\/british-columbia\/","name":"British Columbia","description":"So all kids can play","potentialAction":[{"@type":"SearchAction","target":{"@type":"EntryPoint","urlTemplate":"https:\/\/kidsportcanada.ca\/british-columbia\/?s={search_term_string}"},"query-input":{"@type":"PropertyValueSpecification","valueRequired":true,"valueName":"search_term_string"}}],"inLanguage":"fr-CA"}]}},"_links":{"self":[{"href":"https:\/\/kidsportcanada.ca\/british-columbia\/fr\/wp-json\/wp\/v2\/pages\/136","targetHints":{"allow":["GET"]}}],"collection":[{"href":"https:\/\/kidsportcanada.ca\/british-columbia\/fr\/wp-json\/wp\/v2\/pages"}],"about":[{"href":"https:\/\/kidsportcanada.ca\/british-columbia\/fr\/wp-json\/wp\/v2\/types\/page"}],"author":[{"embeddable":true,"href":"https:\/\/kidsportcanada.ca\/british-columbia\/fr\/wp-json\/wp\/v2\/users\/16"}],"replies":[{"embeddable":true,"href":"https:\/\/kidsportcanada.ca\/british-columbia\/fr\/wp-json\/wp\/v2\/comments?post=136"}],"version-history":[{"count":0,"href":"https:\/\/kidsportcanada.ca\/british-columbia\/fr\/wp-json\/wp\/v2\/pages\/136\/revisions"}],"wp:attachment":[{"href":"https:\/\/kidsportcanada.ca\/british-columbia\/fr\/wp-json\/wp\/v2\/media?parent=136"}],"curies":[{"name":"wp","href":"https:\/\/api.w.org\/{rel}","templated":true}]}}