
{"id":37,"date":"2020-03-13T16:16:56","date_gmt":"2020-03-13T16:16:56","guid":{"rendered":"http:\/\/kidsportcanada.ca\/british-columbia\/?page_id=37"},"modified":"2026-03-19T21:06:10","modified_gmt":"2026-03-19T21:06:10","slug":"home","status":"publish","type":"page","link":"https:\/\/kidsportcanada.ca\/british-columbia\/fr\/","title":{"rendered":"Home"},"content":{"rendered":"<h4 data-animation-delay=\"0\" data-animation-duration=\"1\">\n\t\t\tBienvenue \u00e0\t<\/h4>\n<h1>\n\t\t\tSportJeunesse British Columbia\t<\/h1>\n\t\t\t<a href=\"https:\/\/secure.kidsportbc.org\/registrant\/startup.aspx?eventid=249757\" target=\"_blank\" rel=\"noopener\">\n\t\t\t\t\t\t\tDONNER\n\t\t\t<\/a>\n<h2>\n\t\t\t\u00c0 PROPOS DE\t<\/h2>\n<h4>\n\t\t\tSportJeunesse British Columbia\t<\/h4>\n\t<p>At KidSport we believe sport powers kids. Getting in the game ignites a sense of belonging, shapes character, fuels better health, builds confidence and unleashes potential.<\/p>\n<p>But the cost of registration fees can be a barrier for many families.<\/p>\n<p>Through a confidential application process, KidSport provides grants to kids from families facing financial barriers to help cover the cost of their sport registration fee so they can experience the joy of a season of sport.<\/p>\n<p>If you want to apply for a KidSport grant or learn more about the program, start by finding your local chapter. If your community doesn&#8217;t have a local chapter, you can apply through our <a href=\"https:\/\/kidsportcanada.ca\/british-columbia\/fr\/provincial-fund\/\">Provincial Chapter<\/a>.<\/p>\n\t\t\t<a href=\"https:\/\/kidsportcanada.ca\/british-columbia\/fr\/provincial-fund\/\" target=\"_blank\" rel=\"noopener\">\n\t\t\t\t\t\t\tDEMANDER UNE SUBVENTION\n\t\t\t\t\t<\/a>\n<h4>\n\t\t\tOur History\t<\/h4>\n\t<p>The KidSport concept was launched in 1993 by board and staff at\u00a0<a href=\"http:\/\/sportbc.com\/\">Sport BC<\/a> as a way to help address the challenges faced by many families when registering their children in organized sport. Since then, KidSport has expanded across the country and to become a national entity with 11 provincial\/territorial chapters and over 170 community chapters.<\/p>\n<p>Because the KidSport program starts at a local, provincial or territorial chapter, the impact of funding directly shapes sport in local communities. Each chapter-most of which are completely volunteer-run-raises funds, accepts applications, and distributes grants in its own community.<\/p>\n<p>Since its inception, KidSport BC, inclusive of our community chapters, has issued nearly <strong>$30 million<\/strong> in grants to fund a season of sport for nearly <strong>110,000 kids<\/strong>, including <strong>$3.57 million<\/strong> in grants to fund sport for <strong>10,933 kids<\/strong> last year (2025) &#8211; the most in our program&#8217;s history.<\/p>\n<p>Today, our mission remains the same&#8230;to remove the financial barriers that prevent some children from playing organized sport #SoALLKidsCanPlay!<\/p>\n<p>&nbsp;<\/p>\n\t\t\t\n<h5>\n\t\t\tCommuniquer\t<\/h5>\n<h5>\n\t\t\tLIENS UTILES\t<\/h5>\n<h6>\n\t\t<a href=\"https:\/\/sportbc.com\/\" title=\"Sport BC\" target=\"_blank\" rel=\"noopener\">\n\t\t\tSport BC\t\t<\/a>\n\t<\/h6>\n<h6>\n\t\t<a href=\"\/wp-content\/uploads\/sites\/94\/2024-KidSport-BC-Annual-Impact-Report.pdf\" title=\"2024 Impact Report\" target=\"_blank\" rel=\"noopener\">\n\t\t\t2024 Impact Report\t\t<\/a>\n\t<\/h6>\n<h6>\n\t\t<a href=\"https:\/\/kidsportcanada.ca\/british-columbia\/fr\/whitecaps-50-50\/\" title=\"Whitecaps 50\/50 Program\" target=\"_self\">\n\t\t\tWhitecaps 50\/50 Program\t\t<\/a>\n\t<\/h6>\n<h6>\n\t\t<a href=\"https:\/\/secure.kidsportbc.org\/p2p\/event\/388430\/en-CA\" title=\"Host Your Own Fundraiser\" target=\"_blank\" rel=\"noopener\">\n\t\t\tHost Your Own Fundraiser\t\t<\/a>\n\t<\/h6>\n<h6>\n\t\t<a href=\"http:\/\/eepurl.com\/h9-zjv\" title=\"Join our email list\" target=\"_blank\" rel=\"noopener\">\n\t\t\tJoin our email list\t\t<\/a>\n\t<\/h6>\n<h4 data-animation-delay=\"0\" data-animation-duration=\"1\">\n\t\t\tSportJeunesse British Columbia\t<\/h4>\n<h1 data-animation-delay=\"0.2\" data-animation-duration=\"1\">\n\t\t\tPARTNERS\t<\/h1>\n\t<br \/>\n\t<br \/>\n<h2>\n\t\t\tDerni\u00e8res nouvelles\t<\/h2>\n<h4>\n\t\t\tde la r\u00e9gion de British Columbia\t<\/h4>\n    <h5>News &amp; Stories<\/h5>\n    <h5>\u00c9V\u00c9NEMENTS<\/h5>\n<h2>\n\t\t\tIncidence provinciale\t<\/h2>\n<h4>\n\t\t\t&#8220;KidSport has given my daughters opportunities I couldn&#8217;t give them, and taught them real life skills I couldn&#8217;t teach them; confidence in public, friendship, teamwork and good sportsmanship.&#8221; &#8211; Parent\t<\/h4>\n    <a href=\"https:\/\/kidsportcanada.ca\/british-columbia\/fr\/donate\/\">\n            <br \/>DONNER<br \/>MAINTENANT\n    <\/a>\n\t\t<!-- Comment to fix spacing issue\n\t-->\n\t\t<h1>$0<\/h1>\n\t<!-- Comment to fix spacing issue\n\t-->\t\n<h3>\n\t\t\tSomme accord\u00e9e aux enfants de British Columbia l\u2019an dernier.\t<\/h3>\n\t\t<!-- Comment to fix spacing issue\n\t-->\n\t\t<h1>0<\/h1>\n\t<!-- Comment to fix spacing issue\n\t-->\t\n<h3>\n\t\t\tEnfants qui ont pu quitter la ligne lat\u00e9rale \u00e0 British Columbia l\u2019an dernier\t<\/h3>\n<h3>\n\t\t\tEn appuyant SportJeunesse, nous gagnons tous. Quand les enfants ont acc\u00e8s au sport, ils s\u2019am\u00e9liorent \u00e0 l\u2019\u00e9cole, deviennent de solides leaders, cr\u00e9ent des communaut\u00e9s s\u00fbres, catalysent l\u2019inclusivit\u00e9 et adoptent des habitudes saines pour la vie.\t<\/h3>","protected":false},"excerpt":{"rendered":"<p>Welcome to KidSport British Columbia DONATE NOW ABOUT KidSport British Columbia At KidSport we believe sport powers kids. Getting in the game ignites a sense of belonging, shapes character, fuels better health, builds confidence and unleashes potential. But the cost of registration fees can be a barrier for many families. Through a confidential application process,&hellip;<\/p>","protected":false},"author":16,"featured_media":195,"parent":0,"menu_order":0,"comment_status":"closed","ping_status":"closed","template":"","meta":{"_acf_changed":false,"footnotes":""},"class_list":["post-37","page","type-page","status-publish","has-post-thumbnail","hentry"],"acf":[],"yoast_head":"<!-- This site is optimized with the Yoast SEO plugin v27.4 - https:\/\/yoast.com\/product\/yoast-seo-wordpress\/ -->\n<title>Home - KidSport British Columbia<\/title>\n<meta name=\"description\" content=\"KidSport provides grants to help cover the costs of registration fees so that ALL kids aged 18 and under can play a season of sport.\" \/>\n<meta name=\"robots\" content=\"index, follow, max-snippet:-1, max-image-preview:large, max-video-preview:-1\" \/>\n<link rel=\"canonical\" href=\"https:\/\/kidsportcanada.ca\/british-columbia\/fr\/\" \/>\n<meta property=\"og:locale\" content=\"fr_CA\" \/>\n<meta property=\"og:type\" content=\"article\" \/>\n<meta property=\"og:title\" content=\"Home - KidSport British Columbia\" \/>\n<meta property=\"og:description\" content=\"KidSport provides grants to help cover the costs of registration fees so that ALL kids aged 18 and under can play a season of sport.\" \/>\n<meta property=\"og:url\" content=\"https:\/\/kidsportcanada.ca\/british-columbia\/fr\/\" \/>\n<meta property=\"og:site_name\" content=\"British Columbia\" \/>\n<meta property=\"article:modified_time\" content=\"2026-03-19T21:06:10+00:00\" \/>\n<meta property=\"og:image\" content=\"https:\/\/kidsportcanada.ca\/wp-content\/uploads\/sites\/94\/kidsport-chapter-home-1.jpg\" \/>\n\t<meta property=\"og:image:width\" content=\"1600\" \/>\n\t<meta property=\"og:image:height\" content=\"1000\" \/>\n\t<meta property=\"og:image:type\" content=\"image\/jpeg\" \/>\n<meta name=\"twitter:card\" content=\"summary_large_image\" \/>\n<meta name=\"twitter:label1\" content=\"Estimation du temps de lecture\" \/>\n\t<meta name=\"twitter:data1\" content=\"2 minutes\" \/>\n<script type=\"application\/ld+json\" class=\"yoast-schema-graph\">{\"@context\":\"https:\\\/\\\/schema.org\",\"@graph\":[{\"@type\":\"WebPage\",\"@id\":\"https:\\\/\\\/kidsportcanada.ca\\\/british-columbia\\\/\",\"url\":\"https:\\\/\\\/kidsportcanada.ca\\\/british-columbia\\\/\",\"name\":\"Home - KidSport British Columbia\",\"isPartOf\":{\"@id\":\"https:\\\/\\\/kidsportcanada.ca\\\/british-columbia\\\/#website\"},\"primaryImageOfPage\":{\"@id\":\"https:\\\/\\\/kidsportcanada.ca\\\/british-columbia\\\/#primaryimage\"},\"image\":{\"@id\":\"https:\\\/\\\/kidsportcanada.ca\\\/british-columbia\\\/#primaryimage\"},\"thumbnailUrl\":\"\\\/wp-content\\\/uploads\\\/sites\\\/94\\\/kidsport-chapter-home-1.jpg\",\"datePublished\":\"2020-03-13T16:16:56+00:00\",\"dateModified\":\"2026-03-19T21:06:10+00:00\",\"description\":\"KidSport provides grants to help cover the costs of registration fees so that ALL kids aged 18 and under can play a season of sport.\",\"breadcrumb\":{\"@id\":\"https:\\\/\\\/kidsportcanada.ca\\\/british-columbia\\\/#breadcrumb\"},\"inLanguage\":\"fr-CA\",\"potentialAction\":[{\"@type\":\"ReadAction\",\"target\":[\"https:\\\/\\\/kidsportcanada.ca\\\/british-columbia\\\/\"]}]},{\"@type\":\"ImageObject\",\"inLanguage\":\"fr-CA\",\"@id\":\"https:\\\/\\\/kidsportcanada.ca\\\/british-columbia\\\/#primaryimage\",\"url\":\"\\\/wp-content\\\/uploads\\\/sites\\\/94\\\/kidsport-chapter-home-1.jpg\",\"contentUrl\":\"\\\/wp-content\\\/uploads\\\/sites\\\/94\\\/kidsport-chapter-home-1.jpg\",\"width\":1600,\"height\":1000,\"caption\":\"A hockey player wearing red and black stopping on an indoor ice rink and looking at the camera\"},{\"@type\":\"BreadcrumbList\",\"@id\":\"https:\\\/\\\/kidsportcanada.ca\\\/british-columbia\\\/#breadcrumb\",\"itemListElement\":[{\"@type\":\"ListItem\",\"position\":1,\"name\":\"Home\",\"item\":\"https:\\\/\\\/kidsportcanada.ca\\\/british-columbia\\\/\"},{\"@type\":\"ListItem\",\"position\":2,\"name\":\"Home\"}]},{\"@type\":\"WebSite\",\"@id\":\"https:\\\/\\\/kidsportcanada.ca\\\/british-columbia\\\/#website\",\"url\":\"https:\\\/\\\/kidsportcanada.ca\\\/british-columbia\\\/\",\"name\":\"British Columbia\",\"description\":\"So all kids can play\",\"potentialAction\":[{\"@type\":\"SearchAction\",\"target\":{\"@type\":\"EntryPoint\",\"urlTemplate\":\"https:\\\/\\\/kidsportcanada.ca\\\/british-columbia\\\/?s={search_term_string}\"},\"query-input\":{\"@type\":\"PropertyValueSpecification\",\"valueRequired\":true,\"valueName\":\"search_term_string\"}}],\"inLanguage\":\"fr-CA\"}]}<\/script>\n<!-- \/ Yoast SEO plugin. -->","yoast_head_json":{"title":"Home - KidSport British Columbia","description":"Nous fournissons des subventions pour aider \u00e0 couvrir le co\u00fbt des frais d\u2019inscription afin que tous les enfants de 18 ans et moins puissent pratiquer un sport pendant une saison.","robots":{"index":"index","follow":"follow","max-snippet":"max-snippet:-1","max-image-preview":"max-image-preview:large","max-video-preview":"max-video-preview:-1"},"canonical":"https:\/\/kidsportcanada.ca\/british-columbia\/fr\/","og_locale":"fr_CA","og_type":"article","og_title":"Home - KidSport British Columbia","og_description":"KidSport provides grants to help cover the costs of registration fees so that ALL kids aged 18 and under can play a season of sport.","og_url":"https:\/\/kidsportcanada.ca\/british-columbia\/fr\/","og_site_name":"British Columbia","article_modified_time":"2026-03-19T21:06:10+00:00","og_image":[{"width":1600,"height":1000,"url":"https:\/\/kidsportcanada.ca\/wp-content\/uploads\/sites\/94\/kidsport-chapter-home-1.jpg","type":"image\/jpeg"}],"twitter_card":"summary_large_image","twitter_misc":{"Estimation du temps de lecture":"2 minutes"},"schema":{"@context":"https:\/\/schema.org","@graph":[{"@type":"WebPage","@id":"https:\/\/kidsportcanada.ca\/british-columbia\/","url":"https:\/\/kidsportcanada.ca\/british-columbia\/","name":"Home - KidSport British Columbia","isPartOf":{"@id":"https:\/\/kidsportcanada.ca\/british-columbia\/#website"},"primaryImageOfPage":{"@id":"https:\/\/kidsportcanada.ca\/british-columbia\/#primaryimage"},"image":{"@id":"https:\/\/kidsportcanada.ca\/british-columbia\/#primaryimage"},"thumbnailUrl":"\/wp-content\/uploads\/sites\/94\/kidsport-chapter-home-1.jpg","datePublished":"2020-03-13T16:16:56+00:00","dateModified":"2026-03-19T21:06:10+00:00","description":"Nous fournissons des subventions pour aider \u00e0 couvrir le co\u00fbt des frais d\u2019inscription afin que tous les enfants de 18 ans et moins puissent pratiquer un sport pendant une saison.","breadcrumb":{"@id":"https:\/\/kidsportcanada.ca\/british-columbia\/#breadcrumb"},"inLanguage":"fr-CA","potentialAction":[{"@type":"ReadAction","target":["https:\/\/kidsportcanada.ca\/british-columbia\/"]}]},{"@type":"ImageObject","inLanguage":"fr-CA","@id":"https:\/\/kidsportcanada.ca\/british-columbia\/#primaryimage","url":"\/wp-content\/uploads\/sites\/94\/kidsport-chapter-home-1.jpg","contentUrl":"\/wp-content\/uploads\/sites\/94\/kidsport-chapter-home-1.jpg","width":1600,"height":1000,"caption":"A hockey player wearing red and black stopping on an indoor ice rink and looking at the camera"},{"@type":"BreadcrumbList","@id":"https:\/\/kidsportcanada.ca\/british-columbia\/#breadcrumb","itemListElement":[{"@type":"ListItem","position":1,"name":"Home","item":"https:\/\/kidsportcanada.ca\/british-columbia\/"},{"@type":"ListItem","position":2,"name":"Home"}]},{"@type":"WebSite","@id":"https:\/\/kidsportcanada.ca\/british-columbia\/#website","url":"https:\/\/kidsportcanada.ca\/british-columbia\/","name":"British Columbia","description":"So all kids can play","potentialAction":[{"@type":"SearchAction","target":{"@type":"EntryPoint","urlTemplate":"https:\/\/kidsportcanada.ca\/british-columbia\/?s={search_term_string}"},"query-input":{"@type":"PropertyValueSpecification","valueRequired":true,"valueName":"search_term_string"}}],"inLanguage":"fr-CA"}]}},"_links":{"self":[{"href":"https:\/\/kidsportcanada.ca\/british-columbia\/fr\/wp-json\/wp\/v2\/pages\/37","targetHints":{"allow":["GET"]}}],"collection":[{"href":"https:\/\/kidsportcanada.ca\/british-columbia\/fr\/wp-json\/wp\/v2\/pages"}],"about":[{"href":"https:\/\/kidsportcanada.ca\/british-columbia\/fr\/wp-json\/wp\/v2\/types\/page"}],"author":[{"embeddable":true,"href":"https:\/\/kidsportcanada.ca\/british-columbia\/fr\/wp-json\/wp\/v2\/users\/16"}],"replies":[{"embeddable":true,"href":"https:\/\/kidsportcanada.ca\/british-columbia\/fr\/wp-json\/wp\/v2\/comments?post=37"}],"version-history":[{"count":0,"href":"https:\/\/kidsportcanada.ca\/british-columbia\/fr\/wp-json\/wp\/v2\/pages\/37\/revisions"}],"wp:featuredmedia":[{"embeddable":true,"href":"https:\/\/kidsportcanada.ca\/british-columbia\/fr\/wp-json\/wp\/v2\/media\/195"}],"wp:attachment":[{"href":"https:\/\/kidsportcanada.ca\/british-columbia\/fr\/wp-json\/wp\/v2\/media?parent=37"}],"curies":[{"name":"wp","href":"https:\/\/api.w.org\/{rel}","templated":true}]}}