
{"id":37,"date":"2020-03-13T16:16:56","date_gmt":"2020-03-13T16:16:56","guid":{"rendered":"http:\/\/kidsportcanada.ca\/greater-trail\/?page_id=37"},"modified":"2026-02-26T18:11:14","modified_gmt":"2026-02-26T18:11:14","slug":"home","status":"publish","type":"page","link":"https:\/\/kidsportcanada.ca\/british-columbia\/greater-trail\/fr\/","title":{"rendered":"Home"},"content":{"rendered":"<h4 data-animation-delay=\"0\" data-animation-duration=\"1\">\n\t\t\tBienvenue \u00e0\t<\/h4>\n<h1>\n\t\t\tKidSport Greater Trail\t<\/h1>\n\t\t\t<a href=\"https:\/\/kidsportcanada.ca\/british-columbia\/greater-trail\/fr\/apply-for-a-grant\/\" target=\"_self\">\n\t\t\t\t\t\t\tDEMANDER UNE SUBVENTION\n\t\t\t\t\t<\/a>\n<h2>\n\t\t\t\u00c0 PROPOS DE\t<\/h2>\n<h4>\n\t\t\tKidSport Greater Trail\t<\/h4>\n\t<h3>We provide grants to help cover the costs of registration fees so that all kids aged 18 and under in Greater Trail can play a season of sport.<\/h3>\n<p>&nbsp;<\/p>\n<h3>Notre section accepte les demandes et administre les subventions pouvant atteindre <strong>$400 per child\/year<\/strong>, for kids who live in Greater Trail, or in one of the other communities we serve. If you live outside of the Greater Trail area, please contact the <a href=\"https:\/\/kidsportcanada.ca\/british-columbia\/greater-trail\/fr\/british-columbia\/\">bureau provincial<\/a> pour trouver la section la plus pr\u00e8s de chez vous ou obtenir de l\u2019aide par l\u2019interm\u00e9diaire du fonds provincial.<\/h3>\n\t\t\t<a href=\"https:\/\/kidsportcanada.ca\/british-columbia\/greater-trail\/fr\/apply-for-a-grant\/\" target=\"_self\">\n\t\t\t\t\t\t\tDEMANDER UNE SUBVENTION\n\t\t\t\t\t<\/a>\n<h5>\n\t\t\tCommuniquer\t<\/h5>\n\t    <span class=\"socialmedia-links fl-icon-group\">\n        <!------------------ Facebook ------------------>\n        <span class=\"fl-icon facebook\">\n                            <a href=\"https:\/\/www.facebook.com\/KidSportGreaterTrail\/\" target=\"_blank\" aria-label=\"link to https:\/\/www.facebook.com\/kidsportcanada\/\" rel=\"noopener\"[soci>\n                    <i class=\"fab fa-facebook-square\" aria-hidden=\"true\"><\/i>\n                <\/a>\n                    <\/span>\n\t\t<!------------------ Facebook 2 ------------------>\n        <span class=\"fl-icon facebook\">\n                    <\/span>\n        <!------------------ Twitter ------------------>\n        <span class=\"fl-icon twitter\">\n                            <a href=\"https:\/\/twitter.com\/kidsport\/\" target=\"_blank\" aria-label=\"link to https:\/\/twitter.com\/kidsport\/\" rel=\"noopener\">\n                    <i class=\"fab fa-twitter\" aria-hidden=\"true\"><\/i>\n                <\/a>\n                    <\/span>\n        <!------------------ Instagram ------------------>\n        <span class=\"fl-icon instagram\">\n                            <a href=\"https:\/\/www.instagram.com\/kidsport.canada\/\" target=\"_blank\" aria-label=\"link to https:\/\/www.instagram.com\/kidsport.canada\/\" rel=\"noopener\">\n                    <i class=\"fab fa-instagram\" aria-hidden=\"true\"><\/i>\n                <\/a>\n                    <\/span>\n        <!------------------ YouTube ------------------>\n        <span class=\"fl-icon youtube\">\n                            <a href=\"https:\/\/www.youtube.com\/channel\/UCa9CXbSRkCiQODdFWM3mEow\" target=\"_blank\" aria-label=\"link to https:\/\/www.youtube.com\/user\/KidSportCanada\" rel=\"noopener\">\n                    <i class=\"fab fa-youtube\" aria-hidden=\"true\"><\/i>\n                <\/a>\n                    <\/span>\n    <\/span>\n    \n<h5>\n\t\t\tLIENS UTILES\t<\/h5>\n<h6>\n\t\t<a href=\"http:\/\/www.gtmha.com\/leagues\/homeGTMHA.cfm?leagueID=0&#038;clientID=1437&#038;link=GTMHA&#038;xx=1b\" title=\"Greater Trail Minor Hockey Association\" target=\"_blank\" rel=\"noopener\">\n\t\t\tGreater Trail Minor Hockey Association\t\t<\/a>\n\t<\/h6>\n<h6>\n\t\t<a href=\"http:\/\/kootenaysouthsoccer.com\" title=\"Kootenay South Soccer Association\" target=\"_blank\" rel=\"noopener\">\n\t\t\tKootenay South Soccer Association\t\t<\/a>\n\t<\/h6>\n<h6>\n\t\t<a href=\"https:\/\/trailgymnastics.ca\" title=\"Trail Gymnastics Club\" target=\"_blank\" rel=\"noopener\">\n\t\t\tTrail Gymnastics Club\t\t<\/a>\n\t<\/h6>\n<h6>\n\t\t<a href=\"https:\/\/kidsportcanada.ca\/british-columbia\/greater-trail\/fr\/british-columbia\/\" title=\"KidSport BC\" target=\"_blank\" rel=\"noopener\">\n\t\t\tKidSport BC\t\t<\/a>\n\t<\/h6>\n<h2>\n\t\t\tDERNI\u00c8RES\t<\/h2>\n<h4>\n\t\t\tNews &amp; Stories\t<\/h4>\n    <h5>News &amp; Stories<\/h5>\n<h2>\n\t\t\tINCIDENCE 100 % LOCALE\t<\/h2>\n<h4>\n\t\t\tAll funds raised by Kidsport Greater Trail stay in our community to get local kids off the sidelines and into a season of sport. Let&#8217;s work together to build strong kids and strong communities!\t<\/h4>\n    <a href=\"https:\/\/kidsportcanada.ca\/british-columbia\/greater-trail\/fr\/donate\/\">\n            <br \/>DONNER<br \/>MAINTENANT\n    <\/a>\n\t\t<!-- Comment to fix spacing issue\n\t-->\n\t\t<h1>$0<\/h1>\n\t<!-- Comment to fix spacing issue\n\t-->\t\n<h3>\n\t\t\tGranted to kids in Greater Trail last year.\t<\/h3>\n\t\t<!-- Comment to fix spacing issue\n\t-->\n\t\t<h1>0<\/h1>\n\t<!-- Comment to fix spacing issue\n\t-->\t\n<h3>\n\t\t\tKids helped off the sidelines in Greater Trail last year.\t<\/h3>\n<h3>\n\t\t\tEn appuyant SportJeunesse, nous gagnons tous. Quand les enfants ont acc\u00e8s au sport, ils s\u2019am\u00e9liorent \u00e0 l\u2019\u00e9cole, deviennent de solides leaders, cr\u00e9ent des communaut\u00e9s s\u00fbres, catalysent l\u2019inclusivit\u00e9 et adoptent des habitudes saines pour la vie.\t<\/h3>\n<h2>\n\t\t\tOUR Team\t<\/h2>\n<h3>\n\t\t\tKidsport Greater Trail is made possible thanks to passionate volunteers and our incredible partners. Together we&#8217;re making it so no kid in Greater Trail is left watching from the sidelines.\t<\/h3>\n<h5>\n\t\t\tBetty Anne marino\t<\/h5>\n<h5>\n\t\t\tChair\t<\/h5>\n\t<p>A strong advocate for healthy, vibrant communities, Betty Anne Marino was instrumental in bringing KidSport to the Greater Trail area. Since 2011, she has led the Greater Trail Chapter to help local kids off the sidelines and into the game.<\/p>\n<h5>\n\t\t<a href=\"mailto:\" title=\"kidsporttrail@gmail.com\" target=\"_self\">\n\t\t\tkidsporttrail@gmail.com\t\t<\/a>\n\t<\/h5>\n\t\t\t\t\t<a role=\"heading\" id=\"fl-accordion--label-0\">Conseil d\u2019administration<\/a>\n\t\t\t\t\t\t\t\t\t\t\t<button type=\"button\" id=\"fl-accordion--icon-0\" aria-expanded=\"true\" aria-controls=\"fl-accordion--panel-0\"><i>Collapse<\/i><\/button>\n\t\t\t\t\t<p>Deb Melnyk, Secretary<\/p>\n<p>Kristine Brace, Director<\/p>\n<p>Lynn Proulx, Director<\/p>\n<p>Ashley Reid, Director<\/p>\n<p>&nbsp;<\/p>\n<h1>\n\t\t\tAMBASSADEURS\t<\/h1>\n\t\t\t\t\t<a role=\"heading\" id=\"fl-accordion--label-0\">Founding Partners<\/a>\n\t\t\t\t\t\t\t\t\t\t\t<button type=\"button\" id=\"fl-accordion--icon-0\" aria-expanded=\"true\" aria-controls=\"fl-accordion--panel-0\"><i>Collapse<\/i><\/button>\n\t\t\t\t\t<h3><strong>Jason Bay and Lauren Bay-Regula<\/strong><\/h3>\n<p>&nbsp;<\/p>\n<p><img loading=\"lazy\" decoding=\"async\" src=\"\/wp-content\/uploads\/sites\/180\/KSCU-CROPPED-CREST-TAGLINE-Kootenay-Green-800x146.png\" alt=\"KSCU PNG Hor with tagline\" width=\"800\" height=\"146\" \/><img loading=\"lazy\" decoding=\"async\" src=\"\/wp-content\/uploads\/sites\/180\/teck_pos_rgb-800x485.jpg\" alt=\"Teck Logo\" width=\"279\" height=\"169\" \/><\/p>\n<p><img loading=\"lazy\" decoding=\"async\" src=\"\/wp-content\/uploads\/sites\/180\/traillogo-800x286.jpg\" alt=\"City of Trail\" width=\"239\" height=\"85\" \/><\/p>\n\t\t\t\t\t<a role=\"heading\" id=\"fl-accordion--label-1\">Founding Partners<\/a>\n\t\t\t\t\t\t\t\t\t\t\t<button type=\"button\" id=\"fl-accordion--icon-1\" aria-expanded=\"false\" aria-controls=\"fl-accordion--panel-1\"><i>Expand<\/i><\/button>\n\t\t\t\t\t<h3><strong><img loading=\"lazy\" decoding=\"async\" src=\"\/wp-content\/uploads\/sites\/180\/KSCU-CROPPED-CREST-TAGLINE-Kootenay-Green-800x146.png\" alt=\"KSCU PNG Hor with tagline\" width=\"800\" height=\"146\" \/>Jason Bay and Lauren Bay-Regula<\/strong><\/h3>\n<p>&nbsp;<\/p>\n<p><img loading=\"lazy\" decoding=\"async\" src=\"\/wp-content\/uploads\/sites\/180\/teck_pos_rgb-800x485.jpg\" alt=\"Teck Logo\" width=\"279\" height=\"169\" \/><\/p>\n<p><img loading=\"lazy\" decoding=\"async\" src=\"\/wp-content\/uploads\/sites\/180\/traillogo-800x286.jpg\" alt=\"City of Trail\" width=\"239\" height=\"85\" \/><\/p>\n\t\t\t\t\t<a role=\"heading\" id=\"fl-accordion--label-2\">Media Partners<\/a>\n\t\t\t\t\t\t\t\t\t\t\t<button type=\"button\" id=\"fl-accordion--icon-2\" aria-expanded=\"false\" aria-controls=\"fl-accordion--panel-2\"><i>Expand<\/i><\/button>\n\t\t\t\t\t<p>&nbsp;<\/p>\n<p><img loading=\"lazy\" decoding=\"async\" src=\"\/wp-content\/uploads\/sites\/180\/Bounce_Kootenays_Logo_Screen_RGB-1-800x213.jpg\" alt=\"\" width=\"800\" height=\"213\" \/><\/p>\n<p>&nbsp;<\/p>\n<p><img loading=\"lazy\" decoding=\"async\" src=\"\/wp-content\/uploads\/sites\/180\/Trail-Daily-Times-logo-full-4c.jpg\" alt=\"Trail Times Logo\" width=\"510\" height=\"132\" \/><\/p>\n\t\t\t\t\t<a role=\"heading\" id=\"fl-accordion--label-3\">Community Partners<\/a>\n\t\t\t\t\t\t\t\t\t\t\t<button type=\"button\" id=\"fl-accordion--icon-3\" aria-expanded=\"false\" aria-controls=\"fl-accordion--panel-3\"><i>Expand<\/i><\/button>\n\t\t\t\t\t<p><img loading=\"lazy\" decoding=\"async\" src=\"\/wp-content\/uploads\/sites\/180\/Clarks-Funeral-800x361.jpg\" alt=\"\" width=\"800\" height=\"361\" \/><\/p>\n<p>&nbsp;<\/p>","protected":false},"excerpt":{"rendered":"<p>Welcome to KidSport Greater Trail APPLY FOR A GRANT ABOUT KidSport Greater Trail We provide grants to help cover the costs of registration fees so that all kids aged 18 and under in Greater Trail can play a season of sport. &nbsp; Our chapter accepts applications and administers grants of up to $400 per child\/year,&hellip;<\/p>","protected":false},"author":16,"featured_media":195,"parent":0,"menu_order":0,"comment_status":"closed","ping_status":"closed","template":"","meta":{"_acf_changed":false,"footnotes":""},"class_list":["post-37","page","type-page","status-publish","has-post-thumbnail","hentry"],"acf":[],"yoast_head":"<!-- This site is optimized with the Yoast SEO plugin v27.4 - https:\/\/yoast.com\/product\/yoast-seo-wordpress\/ -->\n<title>Home - KidSport Trail (Greater)<\/title>\n<meta name=\"description\" content=\"KidSport provides grants to help cover the costs of registration fees so that ALL kids aged 18 and under can play a season of sport.\" \/>\n<meta name=\"robots\" content=\"index, follow, max-snippet:-1, max-image-preview:large, max-video-preview:-1\" \/>\n<link rel=\"canonical\" href=\"https:\/\/kidsportcanada.ca\/british-columbia\/greater-trail\/fr\/\" \/>\n<meta property=\"og:locale\" content=\"fr_CA\" \/>\n<meta property=\"og:type\" content=\"article\" \/>\n<meta property=\"og:title\" content=\"Home - KidSport Trail (Greater)\" \/>\n<meta property=\"og:description\" content=\"KidSport provides grants to help cover the costs of registration fees so that ALL kids aged 18 and under can play a season of sport.\" \/>\n<meta property=\"og:url\" content=\"https:\/\/kidsportcanada.ca\/british-columbia\/greater-trail\/fr\/\" \/>\n<meta property=\"og:site_name\" content=\"Trail (Greater)\" \/>\n<meta property=\"article:modified_time\" content=\"2026-02-26T18:11:14+00:00\" \/>\n<meta property=\"og:image\" content=\"https:\/\/kidsportcanada.ca\/wp-content\/uploads\/sites\/180\/kidsport-chapter-home-1.jpg\" \/>\n\t<meta property=\"og:image:width\" content=\"1600\" \/>\n\t<meta property=\"og:image:height\" content=\"1000\" \/>\n\t<meta property=\"og:image:type\" content=\"image\/jpeg\" \/>\n<meta name=\"twitter:card\" content=\"summary_large_image\" \/>\n<meta name=\"twitter:label1\" content=\"Estimation du temps de lecture\" \/>\n\t<meta name=\"twitter:data1\" content=\"2 minutes\" \/>\n<script type=\"application\/ld+json\" class=\"yoast-schema-graph\">{\"@context\":\"https:\\\/\\\/schema.org\",\"@graph\":[{\"@type\":\"WebPage\",\"@id\":\"https:\\\/\\\/kidsportcanada.ca\\\/british-columbia\\\/greater-trail\\\/\",\"url\":\"https:\\\/\\\/kidsportcanada.ca\\\/british-columbia\\\/greater-trail\\\/\",\"name\":\"Home - KidSport Trail (Greater)\",\"isPartOf\":{\"@id\":\"https:\\\/\\\/kidsportcanada.ca\\\/british-columbia\\\/greater-trail\\\/#website\"},\"primaryImageOfPage\":{\"@id\":\"https:\\\/\\\/kidsportcanada.ca\\\/british-columbia\\\/greater-trail\\\/#primaryimage\"},\"image\":{\"@id\":\"https:\\\/\\\/kidsportcanada.ca\\\/british-columbia\\\/greater-trail\\\/#primaryimage\"},\"thumbnailUrl\":\"\\\/wp-content\\\/uploads\\\/sites\\\/180\\\/kidsport-chapter-home-1.jpg\",\"datePublished\":\"2020-03-13T16:16:56+00:00\",\"dateModified\":\"2026-02-26T18:11:14+00:00\",\"description\":\"KidSport provides grants to help cover the costs of registration fees so that ALL kids aged 18 and under can play a season of sport.\",\"breadcrumb\":{\"@id\":\"https:\\\/\\\/kidsportcanada.ca\\\/british-columbia\\\/greater-trail\\\/#breadcrumb\"},\"inLanguage\":\"fr-CA\",\"potentialAction\":[{\"@type\":\"ReadAction\",\"target\":[\"https:\\\/\\\/kidsportcanada.ca\\\/british-columbia\\\/greater-trail\\\/\"]}]},{\"@type\":\"ImageObject\",\"inLanguage\":\"fr-CA\",\"@id\":\"https:\\\/\\\/kidsportcanada.ca\\\/british-columbia\\\/greater-trail\\\/#primaryimage\",\"url\":\"\\\/wp-content\\\/uploads\\\/sites\\\/180\\\/kidsport-chapter-home-1.jpg\",\"contentUrl\":\"\\\/wp-content\\\/uploads\\\/sites\\\/180\\\/kidsport-chapter-home-1.jpg\",\"width\":1600,\"height\":1000,\"caption\":\"A hockey player wearing red and black stopping on an indoor ice rink and looking at the camera\"},{\"@type\":\"BreadcrumbList\",\"@id\":\"https:\\\/\\\/kidsportcanada.ca\\\/british-columbia\\\/greater-trail\\\/#breadcrumb\",\"itemListElement\":[{\"@type\":\"ListItem\",\"position\":1,\"name\":\"Home\",\"item\":\"https:\\\/\\\/kidsportcanada.ca\\\/british-columbia\\\/greater-trail\\\/\"},{\"@type\":\"ListItem\",\"position\":2,\"name\":\"Home\"}]},{\"@type\":\"WebSite\",\"@id\":\"https:\\\/\\\/kidsportcanada.ca\\\/british-columbia\\\/greater-trail\\\/#website\",\"url\":\"https:\\\/\\\/kidsportcanada.ca\\\/british-columbia\\\/greater-trail\\\/\",\"name\":\"Trail (Greater)\",\"description\":\"So all kids can play\",\"potentialAction\":[{\"@type\":\"SearchAction\",\"target\":{\"@type\":\"EntryPoint\",\"urlTemplate\":\"https:\\\/\\\/kidsportcanada.ca\\\/british-columbia\\\/greater-trail\\\/?s={search_term_string}\"},\"query-input\":{\"@type\":\"PropertyValueSpecification\",\"valueRequired\":true,\"valueName\":\"search_term_string\"}}],\"inLanguage\":\"fr-CA\"}]}<\/script>\n<!-- \/ Yoast SEO plugin. -->","yoast_head_json":{"title":"Home - KidSport Trail (Greater)","description":"Nous fournissons des subventions pour aider \u00e0 couvrir le co\u00fbt des frais d\u2019inscription afin que tous les enfants de 18 ans et moins puissent pratiquer un sport pendant une saison.","robots":{"index":"index","follow":"follow","max-snippet":"max-snippet:-1","max-image-preview":"max-image-preview:large","max-video-preview":"max-video-preview:-1"},"canonical":"https:\/\/kidsportcanada.ca\/british-columbia\/greater-trail\/fr\/","og_locale":"fr_CA","og_type":"article","og_title":"Home - KidSport Trail (Greater)","og_description":"KidSport provides grants to help cover the costs of registration fees so that ALL kids aged 18 and under can play a season of sport.","og_url":"https:\/\/kidsportcanada.ca\/british-columbia\/greater-trail\/fr\/","og_site_name":"Trail (Greater)","article_modified_time":"2026-02-26T18:11:14+00:00","og_image":[{"width":1600,"height":1000,"url":"https:\/\/kidsportcanada.ca\/wp-content\/uploads\/sites\/180\/kidsport-chapter-home-1.jpg","type":"image\/jpeg"}],"twitter_card":"summary_large_image","twitter_misc":{"Estimation du temps de lecture":"2 minutes"},"schema":{"@context":"https:\/\/schema.org","@graph":[{"@type":"WebPage","@id":"https:\/\/kidsportcanada.ca\/british-columbia\/greater-trail\/","url":"https:\/\/kidsportcanada.ca\/british-columbia\/greater-trail\/","name":"Home - KidSport Trail (Greater)","isPartOf":{"@id":"https:\/\/kidsportcanada.ca\/british-columbia\/greater-trail\/#website"},"primaryImageOfPage":{"@id":"https:\/\/kidsportcanada.ca\/british-columbia\/greater-trail\/#primaryimage"},"image":{"@id":"https:\/\/kidsportcanada.ca\/british-columbia\/greater-trail\/#primaryimage"},"thumbnailUrl":"\/wp-content\/uploads\/sites\/180\/kidsport-chapter-home-1.jpg","datePublished":"2020-03-13T16:16:56+00:00","dateModified":"2026-02-26T18:11:14+00:00","description":"Nous fournissons des subventions pour aider \u00e0 couvrir le co\u00fbt des frais d\u2019inscription afin que tous les enfants de 18 ans et moins puissent pratiquer un sport pendant une saison.","breadcrumb":{"@id":"https:\/\/kidsportcanada.ca\/british-columbia\/greater-trail\/#breadcrumb"},"inLanguage":"fr-CA","potentialAction":[{"@type":"ReadAction","target":["https:\/\/kidsportcanada.ca\/british-columbia\/greater-trail\/"]}]},{"@type":"ImageObject","inLanguage":"fr-CA","@id":"https:\/\/kidsportcanada.ca\/british-columbia\/greater-trail\/#primaryimage","url":"\/wp-content\/uploads\/sites\/180\/kidsport-chapter-home-1.jpg","contentUrl":"\/wp-content\/uploads\/sites\/180\/kidsport-chapter-home-1.jpg","width":1600,"height":1000,"caption":"A hockey player wearing red and black stopping on an indoor ice rink and looking at the camera"},{"@type":"BreadcrumbList","@id":"https:\/\/kidsportcanada.ca\/british-columbia\/greater-trail\/#breadcrumb","itemListElement":[{"@type":"ListItem","position":1,"name":"Home","item":"https:\/\/kidsportcanada.ca\/british-columbia\/greater-trail\/"},{"@type":"ListItem","position":2,"name":"Home"}]},{"@type":"WebSite","@id":"https:\/\/kidsportcanada.ca\/british-columbia\/greater-trail\/#website","url":"https:\/\/kidsportcanada.ca\/british-columbia\/greater-trail\/","name":"Trail (Greater)","description":"So all kids can play","potentialAction":[{"@type":"SearchAction","target":{"@type":"EntryPoint","urlTemplate":"https:\/\/kidsportcanada.ca\/british-columbia\/greater-trail\/?s={search_term_string}"},"query-input":{"@type":"PropertyValueSpecification","valueRequired":true,"valueName":"search_term_string"}}],"inLanguage":"fr-CA"}]}},"_links":{"self":[{"href":"https:\/\/kidsportcanada.ca\/british-columbia\/greater-trail\/fr\/wp-json\/wp\/v2\/pages\/37","targetHints":{"allow":["GET"]}}],"collection":[{"href":"https:\/\/kidsportcanada.ca\/british-columbia\/greater-trail\/fr\/wp-json\/wp\/v2\/pages"}],"about":[{"href":"https:\/\/kidsportcanada.ca\/british-columbia\/greater-trail\/fr\/wp-json\/wp\/v2\/types\/page"}],"author":[{"embeddable":true,"href":"https:\/\/kidsportcanada.ca\/british-columbia\/greater-trail\/fr\/wp-json\/wp\/v2\/users\/16"}],"replies":[{"embeddable":true,"href":"https:\/\/kidsportcanada.ca\/british-columbia\/greater-trail\/fr\/wp-json\/wp\/v2\/comments?post=37"}],"version-history":[{"count":0,"href":"https:\/\/kidsportcanada.ca\/british-columbia\/greater-trail\/fr\/wp-json\/wp\/v2\/pages\/37\/revisions"}],"wp:featuredmedia":[{"embeddable":true,"href":"https:\/\/kidsportcanada.ca\/british-columbia\/greater-trail\/fr\/wp-json\/wp\/v2\/media\/195"}],"wp:attachment":[{"href":"https:\/\/kidsportcanada.ca\/british-columbia\/greater-trail\/fr\/wp-json\/wp\/v2\/media?parent=37"}],"curies":[{"name":"wp","href":"https:\/\/api.w.org\/{rel}","templated":true}]}}