
{"id":110,"date":"2020-03-19T16:51:49","date_gmt":"2020-03-19T16:51:49","guid":{"rendered":"https:\/\/kidsportcanada.ca\/greater-victoria\/?page_id=110"},"modified":"2026-01-06T19:55:37","modified_gmt":"2026-01-06T19:55:37","slug":"get-involved","status":"publish","type":"page","link":"https:\/\/kidsportcanada.ca\/british-columbia\/greater-victoria\/fr\/get-involved\/","title":{"rendered":"S\u2019impliquer"},"content":{"rendered":"<h4 data-animation-delay=\"0\" data-animation-duration=\"1\">\n\t\t\tKidSport Greater Victoria\t<\/h4>\n<h1 data-animation-delay=\"0.2\" data-animation-duration=\"1\">\n\t\t\tS\u2019IMPLIQUER\t<\/h1>\n<h3 data-animation-delay=\"0.6\" data-animation-duration=\"1\">\n\t\t\tThere are so many ways you can make it So ALL Kids Can Play! Find your way and join the KidSport Greater Victoria team.\t<\/h3>\n<h2>\n\t\t\tFaire du b\u00e9n\u00e9volat\t<\/h2>\n\t<p>KidSport Greater Victoria exists because of our incredible partners and enthusiastic volunteers. Whether you&#8217;re an avid sports fan, believe that health and wellness are critical to childhood success, or simply want to make your community a better place, we want you on our team.<\/p>\n<p>Nous sommes constamment \u00e0 la recherche de nouveaux b\u00e9n\u00e9voles pour jouer divers r\u00f4les essentiels lors d\u2019\u00e9v\u00e9nements et d\u2019activit\u00e9s organis\u00e9s durant l\u2019ann\u00e9e. Les possibilit\u00e9s varient, de l\u2019aide ponctuelle offerte lors d\u2019une collecte de fonds \u00e0 l\u2019exercice d\u2019une fonction strat\u00e9gique au sein de notre comit\u00e9 de section. Vous pouvez m\u00eame organiser votre propre collecte de fonds et vraiment vous mettre dans l\u2019esprit de SportJeunesse!<\/p>\n<p>If you&#8217;re interested in being part of the enthusiastic, KidSport Greater Victoria-based team that makes it So ALL Kids Can Play, please get in touch! Send an email outlining your interest to <strong><a href=\"mailto:admin@kidsportvictoria.ca\">admin@kidsportvictoria.ca<\/a><\/strong>, or give us a call at<strong> <a href=\"tel:250-380-1518\">250.380.1518<\/a><\/strong>. Thanks for your interest in supporting our cause!<\/p>\n<h5>\n\t\t\tComment proposer ses services\t<\/h5>\n\t<p>Wanting to get involved?<\/p>\n<p>Send an email to <a href=\"mailto:admin@kidsportvictoria.ca\"><strong>admin@kidsportvictoria.ca\u00a0<\/strong><\/a>indicating your interest of volunteering with and we will be in touch!<\/p>\n<h2>\n\t\t\tHOST A FUNDRAISER OR EVENT\t<\/h2>\n\t<p>Do you have a passion for helping kids get involved in sports? Hosting a fundraiser or event is a fantastic way to support our mission and make a meaningful impact. Whether you&#8217;re celebrating a birthday, honouring the memory of a loved one, finally taking on that 10K you&#8217;ve been meaning to run, or organizing your own event, the possibilities are endless.<\/p>\n<p><strong>Make a difference today!<\/strong><\/p>\n<p>Hosting a fundraiser or event is not just about raising money; it&#8217;s about raising awareness and bringing your community together to support a shared goal. Every dollar counts, and with your help, ALL kids can have the chance to play sports.<\/p>\n<p><strong>Need help getting started?<\/strong> Just email <a href=\"mailto:admin@kidsportvictoria.ca\">admin@kidsportvictoria.ca<\/a> &#8211; we&#8217;re game for whatever you can dream up!<\/p>\n<h5>\n\t\t\tGET STARTED TODAY\t<\/h5>\n\t<p>Sign up now to create a personal or team fundraising page to share with friends to support your celebration, event, or community challenge.<\/p>\n\t\t\t<a href=\"https:\/\/secure.kidsportbc.org\/p2p\/event\/388430\/en-CA\" target=\"_blank\" rel=\"noopener\">\n\t\t\t\t\t\t\tSIGN UP \n\t\t\t<\/a>\n\t<p>Hosting an event? Please complete our <a href=\"https:\/\/kidsportcanada.ca\/wp-content\/uploads\/sites\/94\/Sport-BC-KidSport-Third-Party-Fundraising-Agreement_FillableForm.pdf\" target=\"_blank\" rel=\"noopener\">Third Party Fundraising Agreement<\/a> and submit to <a href=\"mailto:kidsport@sportbc.com\">kidsport@sportbc.com<\/a>.<\/p>\n<h2>\n\t\t\tDevenez club sportif partenaire\t<\/h2>\n\t<p>If you are part of a club and want to make your sport more accessible to local kids facing financial barriers, KidSport Greater Victoria can help. Encourage families to apply for a KidSport grant at registration time, So ALL Kids Can Play!<\/p>\n<p>Our sport club partners do so much more than deliver the programming that gets kids into the game &#8211; many also fundraise for KidSport, and donate leftover funds at the end of the season &#8211; tapping into the real power of kids helping kids.<\/p>\n<p>Please partner with KidSport Greater Victoria in our mission of giving the gift of sport to all kids! Contact <strong><a href=\"mailto:admin@kidsportvictoria.ca\">admin@kidsportvictoria.ca<\/a><\/strong> to discuss partnership opportunities.<\/p>\n<p><i>(Please note that LSOs must be a member of their relevant Provincial Sport Organization to qualify for KidSport support.)<\/i><\/p>\n<h2>\n\t\t\tDonate For Kids Like Devonte\t<\/h2>\n<h3>\n\t\t\tPour lui, faire du sport procure un sentiment d\u2019appartenance, forme le caract\u00e8re, alimente la sant\u00e9, renforce la confiance et lib\u00e8re le potentiel.\t<\/h3>\n\t\t\t<a href=\"\/british-columbia\/greater-victoria\/fr\/void(0)\/\" title=\"Click Here\" target=\"_self\" aria-label=\"REGARDER LE FILM\">\n\t\t\t\t\t\t\t\t\t\t\tREGARDER LE FILM\n\t\t<\/a>\n\t\t\t<a href=\"\/british-columbia\/greater-victoria\/fr\/void(0)\/\" title=\"Click Here\" target=\"_self\" aria-label=\"REGARDE LE FILM\">\n\t\t\t\t\t\t\t\t\t\t\tREGARDE LE FILM\n\t\t<\/a>","protected":false},"excerpt":{"rendered":"<p>KidSport Greater Victoria GET INVOLVED There are so many ways you can make it So ALL Kids Can Play! Find your way and join the KidSport Greater Victoria team. VOLUNTEER KidSport Greater Victoria exists because of our incredible partners and enthusiastic volunteers. Whether you&#8217;re an avid sports fan, believe that health and wellness are critical&hellip;<\/p>","protected":false},"author":16,"featured_media":537,"parent":0,"menu_order":0,"comment_status":"closed","ping_status":"closed","template":"","meta":{"_acf_changed":false,"footnotes":""},"class_list":["post-110","page","type-page","status-publish","has-post-thumbnail","hentry"],"acf":[],"yoast_head":"<!-- This site is optimized with the Yoast SEO plugin v27.4 - https:\/\/yoast.com\/product\/yoast-seo-wordpress\/ -->\n<title>Get Involved - KidSport Victoria\/Greater Victoria<\/title>\n<meta name=\"description\" content=\"Volunteer with KidSport, host an event or become a sport partner. There are so many ways you can make it So ALL Kids Can Play!\" \/>\n<meta name=\"robots\" content=\"index, follow, max-snippet:-1, max-image-preview:large, max-video-preview:-1\" \/>\n<link rel=\"canonical\" href=\"https:\/\/kidsportcanada.ca\/british-columbia\/greater-victoria\/fr\/get-involved\/\" \/>\n<meta property=\"og:locale\" content=\"fr_CA\" \/>\n<meta property=\"og:type\" content=\"article\" \/>\n<meta property=\"og:title\" content=\"Get Involved - KidSport Victoria\/Greater Victoria\" \/>\n<meta property=\"og:description\" content=\"Volunteer with KidSport, host an event or become a sport partner. There are so many ways you can make it So ALL Kids Can Play!\" \/>\n<meta property=\"og:url\" content=\"https:\/\/kidsportcanada.ca\/british-columbia\/greater-victoria\/fr\/get-involved\/\" \/>\n<meta property=\"og:site_name\" content=\"Victoria\/Greater Victoria\" \/>\n<meta property=\"article:modified_time\" content=\"2026-01-06T19:55:37+00:00\" \/>\n<meta property=\"og:image\" content=\"https:\/\/kidsportcanada.ca\/wp-content\/uploads\/sites\/156\/volunteers-page.jpg\" \/>\n\t<meta property=\"og:image:width\" content=\"660\" \/>\n\t<meta property=\"og:image:height\" content=\"442\" \/>\n\t<meta property=\"og:image:type\" content=\"image\/jpeg\" \/>\n<meta name=\"twitter:card\" content=\"summary_large_image\" \/>\n<meta name=\"twitter:label1\" content=\"Estimation du temps de lecture\" \/>\n\t<meta name=\"twitter:data1\" content=\"3 minutes\" \/>\n<script type=\"application\/ld+json\" class=\"yoast-schema-graph\">{\"@context\":\"https:\\\/\\\/schema.org\",\"@graph\":[{\"@type\":\"WebPage\",\"@id\":\"https:\\\/\\\/kidsportcanada.ca\\\/british-columbia\\\/greater-victoria\\\/get-involved\\\/\",\"url\":\"https:\\\/\\\/kidsportcanada.ca\\\/british-columbia\\\/greater-victoria\\\/get-involved\\\/\",\"name\":\"Get Involved - KidSport Victoria\\\/Greater Victoria\",\"isPartOf\":{\"@id\":\"https:\\\/\\\/kidsportcanada.ca\\\/british-columbia\\\/greater-victoria\\\/#website\"},\"primaryImageOfPage\":{\"@id\":\"https:\\\/\\\/kidsportcanada.ca\\\/british-columbia\\\/greater-victoria\\\/get-involved\\\/#primaryimage\"},\"image\":{\"@id\":\"https:\\\/\\\/kidsportcanada.ca\\\/british-columbia\\\/greater-victoria\\\/get-involved\\\/#primaryimage\"},\"thumbnailUrl\":\"\\\/wp-content\\\/uploads\\\/sites\\\/156\\\/volunteers-page.jpg\",\"datePublished\":\"2020-03-19T16:51:49+00:00\",\"dateModified\":\"2026-01-06T19:55:37+00:00\",\"description\":\"Volunteer with KidSport, host an event or become a sport partner. There are so many ways you can make it So ALL Kids Can Play!\",\"breadcrumb\":{\"@id\":\"https:\\\/\\\/kidsportcanada.ca\\\/british-columbia\\\/greater-victoria\\\/get-involved\\\/#breadcrumb\"},\"inLanguage\":\"fr-CA\",\"potentialAction\":[{\"@type\":\"ReadAction\",\"target\":[\"https:\\\/\\\/kidsportcanada.ca\\\/british-columbia\\\/greater-victoria\\\/get-involved\\\/\"]}]},{\"@type\":\"ImageObject\",\"inLanguage\":\"fr-CA\",\"@id\":\"https:\\\/\\\/kidsportcanada.ca\\\/british-columbia\\\/greater-victoria\\\/get-involved\\\/#primaryimage\",\"url\":\"\\\/wp-content\\\/uploads\\\/sites\\\/156\\\/volunteers-page.jpg\",\"contentUrl\":\"\\\/wp-content\\\/uploads\\\/sites\\\/156\\\/volunteers-page.jpg\",\"width\":660,\"height\":442,\"caption\":\"PPO\"},{\"@type\":\"BreadcrumbList\",\"@id\":\"https:\\\/\\\/kidsportcanada.ca\\\/british-columbia\\\/greater-victoria\\\/get-involved\\\/#breadcrumb\",\"itemListElement\":[{\"@type\":\"ListItem\",\"position\":1,\"name\":\"Home\",\"item\":\"https:\\\/\\\/kidsportcanada.ca\\\/british-columbia\\\/greater-victoria\\\/\"},{\"@type\":\"ListItem\",\"position\":2,\"name\":\"Get Involved\"}]},{\"@type\":\"WebSite\",\"@id\":\"https:\\\/\\\/kidsportcanada.ca\\\/british-columbia\\\/greater-victoria\\\/#website\",\"url\":\"https:\\\/\\\/kidsportcanada.ca\\\/british-columbia\\\/greater-victoria\\\/\",\"name\":\"Victoria\\\/Greater Victoria\",\"description\":\"So all kids can play\",\"potentialAction\":[{\"@type\":\"SearchAction\",\"target\":{\"@type\":\"EntryPoint\",\"urlTemplate\":\"https:\\\/\\\/kidsportcanada.ca\\\/british-columbia\\\/greater-victoria\\\/?s={search_term_string}\"},\"query-input\":{\"@type\":\"PropertyValueSpecification\",\"valueRequired\":true,\"valueName\":\"search_term_string\"}}],\"inLanguage\":\"fr-CA\"}]}<\/script>\n<!-- \/ Yoast SEO plugin. -->","yoast_head_json":{"title":"Get Involved - KidSport Victoria\/Greater Victoria","description":"Faites du b\u00e9n\u00e9volat avec KidSport, organisez un \u00e9v\u00e9nement ou devenez partenaire sportif. Il y a d\u2019innombrables fa\u00e7ons de faire en sorte que TOUS les enfants puissent jouer!","robots":{"index":"index","follow":"follow","max-snippet":"max-snippet:-1","max-image-preview":"max-image-preview:large","max-video-preview":"max-video-preview:-1"},"canonical":"https:\/\/kidsportcanada.ca\/british-columbia\/greater-victoria\/fr\/get-involved\/","og_locale":"fr_CA","og_type":"article","og_title":"Get Involved - KidSport Victoria\/Greater Victoria","og_description":"Volunteer with KidSport, host an event or become a sport partner. There are so many ways you can make it So ALL Kids Can Play!","og_url":"https:\/\/kidsportcanada.ca\/british-columbia\/greater-victoria\/fr\/get-involved\/","og_site_name":"Victoria\/Greater Victoria","article_modified_time":"2026-01-06T19:55:37+00:00","og_image":[{"width":660,"height":442,"url":"https:\/\/kidsportcanada.ca\/wp-content\/uploads\/sites\/156\/volunteers-page.jpg","type":"image\/jpeg"}],"twitter_card":"summary_large_image","twitter_misc":{"Estimation du temps de lecture":"3 minutes"},"schema":{"@context":"https:\/\/schema.org","@graph":[{"@type":"WebPage","@id":"https:\/\/kidsportcanada.ca\/british-columbia\/greater-victoria\/get-involved\/","url":"https:\/\/kidsportcanada.ca\/british-columbia\/greater-victoria\/get-involved\/","name":"Get Involved - KidSport Victoria\/Greater Victoria","isPartOf":{"@id":"https:\/\/kidsportcanada.ca\/british-columbia\/greater-victoria\/#website"},"primaryImageOfPage":{"@id":"https:\/\/kidsportcanada.ca\/british-columbia\/greater-victoria\/get-involved\/#primaryimage"},"image":{"@id":"https:\/\/kidsportcanada.ca\/british-columbia\/greater-victoria\/get-involved\/#primaryimage"},"thumbnailUrl":"\/wp-content\/uploads\/sites\/156\/volunteers-page.jpg","datePublished":"2020-03-19T16:51:49+00:00","dateModified":"2026-01-06T19:55:37+00:00","description":"Faites du b\u00e9n\u00e9volat avec KidSport, organisez un \u00e9v\u00e9nement ou devenez partenaire sportif. Il y a d\u2019innombrables fa\u00e7ons de faire en sorte que TOUS les enfants puissent jouer!","breadcrumb":{"@id":"https:\/\/kidsportcanada.ca\/british-columbia\/greater-victoria\/get-involved\/#breadcrumb"},"inLanguage":"fr-CA","potentialAction":[{"@type":"ReadAction","target":["https:\/\/kidsportcanada.ca\/british-columbia\/greater-victoria\/get-involved\/"]}]},{"@type":"ImageObject","inLanguage":"fr-CA","@id":"https:\/\/kidsportcanada.ca\/british-columbia\/greater-victoria\/get-involved\/#primaryimage","url":"\/wp-content\/uploads\/sites\/156\/volunteers-page.jpg","contentUrl":"\/wp-content\/uploads\/sites\/156\/volunteers-page.jpg","width":660,"height":442,"caption":"PPO"},{"@type":"BreadcrumbList","@id":"https:\/\/kidsportcanada.ca\/british-columbia\/greater-victoria\/get-involved\/#breadcrumb","itemListElement":[{"@type":"ListItem","position":1,"name":"Home","item":"https:\/\/kidsportcanada.ca\/british-columbia\/greater-victoria\/"},{"@type":"ListItem","position":2,"name":"Get Involved"}]},{"@type":"WebSite","@id":"https:\/\/kidsportcanada.ca\/british-columbia\/greater-victoria\/#website","url":"https:\/\/kidsportcanada.ca\/british-columbia\/greater-victoria\/","name":"Victoria\/Greater Victoria","description":"So all kids can play","potentialAction":[{"@type":"SearchAction","target":{"@type":"EntryPoint","urlTemplate":"https:\/\/kidsportcanada.ca\/british-columbia\/greater-victoria\/?s={search_term_string}"},"query-input":{"@type":"PropertyValueSpecification","valueRequired":true,"valueName":"search_term_string"}}],"inLanguage":"fr-CA"}]}},"_links":{"self":[{"href":"https:\/\/kidsportcanada.ca\/british-columbia\/greater-victoria\/fr\/wp-json\/wp\/v2\/pages\/110","targetHints":{"allow":["GET"]}}],"collection":[{"href":"https:\/\/kidsportcanada.ca\/british-columbia\/greater-victoria\/fr\/wp-json\/wp\/v2\/pages"}],"about":[{"href":"https:\/\/kidsportcanada.ca\/british-columbia\/greater-victoria\/fr\/wp-json\/wp\/v2\/types\/page"}],"author":[{"embeddable":true,"href":"https:\/\/kidsportcanada.ca\/british-columbia\/greater-victoria\/fr\/wp-json\/wp\/v2\/users\/16"}],"replies":[{"embeddable":true,"href":"https:\/\/kidsportcanada.ca\/british-columbia\/greater-victoria\/fr\/wp-json\/wp\/v2\/comments?post=110"}],"version-history":[{"count":0,"href":"https:\/\/kidsportcanada.ca\/british-columbia\/greater-victoria\/fr\/wp-json\/wp\/v2\/pages\/110\/revisions"}],"wp:featuredmedia":[{"embeddable":true,"href":"https:\/\/kidsportcanada.ca\/british-columbia\/greater-victoria\/fr\/wp-json\/wp\/v2\/media\/537"}],"wp:attachment":[{"href":"https:\/\/kidsportcanada.ca\/british-columbia\/greater-victoria\/fr\/wp-json\/wp\/v2\/media?parent=110"}],"curies":[{"name":"wp","href":"https:\/\/api.w.org\/{rel}","templated":true}]}}