
{"id":37,"date":"2020-03-13T16:16:56","date_gmt":"2020-03-13T16:16:56","guid":{"rendered":"http:\/\/kidsportcanada.ca\/kelowna\/?page_id=37"},"modified":"2026-02-26T17:15:24","modified_gmt":"2026-02-26T17:15:24","slug":"home","status":"publish","type":"page","link":"https:\/\/kidsportcanada.ca\/british-columbia\/kelowna\/fr\/","title":{"rendered":"Home"},"content":{"rendered":"<h4 data-animation-delay=\"0\" data-animation-duration=\"1\">\n\t\t\tBienvenue \u00e0\t<\/h4>\n<h1>\n\t\t\tSportJeunesse Kelowna\t<\/h1>\n\t\t\t<a href=\"https:\/\/kidsportcanada.ca\/british-columbia\/kelowna\/fr\/apply-for-a-grant\/\" target=\"_self\">\n\t\t\t\t\t\t\tDEMANDER UNE SUBVENTION\n\t\t\t\t\t<\/a>\n<h2>\n\t\t\t\u00c0 PROPOS DE\t<\/h2>\n<h4>\n\t\t\tSportJeunesse Kelowna\t<\/h4>\n\t<h3>Nous fournissons des subventions pour aider \u00e0 couvrir le co\u00fbt des frais d\u2019inscription afin que tous les enfants de 18 ans et moins de Kelowna puissent pratiquer un sport pendant une saison.<\/h3>\n<p>&nbsp;<\/p>\n<h3>Notre section accepte les demandes et administre les subventions pouvant atteindre <strong>$400 per child\/year<\/strong>pour les jeunes qui habitent \u00e0 Kelowna ou dans une des autres localit\u00e9s que nous servons. Si vous habitez \u00e0 l\u2019ext\u00e9rieur de Kelowna, veuillez communiquer avec le <a href=\"https:\/\/kidsportcanada.ca\/british-columbia\/kelowna\/fr\/british-columbia\/\">bureau provincial<\/a> pour trouver la section la plus pr\u00e8s de chez vous ou obtenir de l\u2019aide par l\u2019interm\u00e9diaire du fonds provincial.<\/h3>\n\t\t\t<a href=\"https:\/\/kidsportcanada.ca\/british-columbia\/kelowna\/fr\/apply-for-a-grant\/\" target=\"_self\">\n\t\t\t\t\t\t\tDEMANDER UNE SUBVENTION\n\t\t\t\t\t<\/a>\n<h5>\n\t\t\tCommuniquer\t<\/h5>\n\t    <span class=\"socialmedia-links fl-icon-group\">\n        <!------------------ Facebook ------------------>\n        <span class=\"fl-icon facebook\">\n                            <a href=\"https:\/\/www.facebook.com\/KidSportKelowna\/\" target=\"_blank\" aria-label=\"link to https:\/\/www.facebook.com\/kidsportcanada\/\" rel=\"noopener\"[soci>\n                    <i class=\"fab fa-facebook-square\" aria-hidden=\"true\"><\/i>\n                <\/a>\n                    <\/span>\n\t\t<!------------------ Facebook 2 ------------------>\n        <span class=\"fl-icon facebook\">\n                    <\/span>\n        <!------------------ Twitter ------------------>\n        <span class=\"fl-icon twitter\">\n                            <a href=\"https:\/\/twitter.com\/kidsport\/\" target=\"_blank\" aria-label=\"link to https:\/\/twitter.com\/kidsport\/\" rel=\"noopener\">\n                    <i class=\"fab fa-twitter\" aria-hidden=\"true\"><\/i>\n                <\/a>\n                    <\/span>\n        <!------------------ Instagram ------------------>\n        <span class=\"fl-icon instagram\">\n                            <a href=\"https:\/\/www.instagram.com\/kidsportkelowna\/\" target=\"_blank\" aria-label=\"link to https:\/\/www.instagram.com\/kidsport.canada\/\" rel=\"noopener\">\n                    <i class=\"fab fa-instagram\" aria-hidden=\"true\"><\/i>\n                <\/a>\n                    <\/span>\n        <!------------------ YouTube ------------------>\n        <span class=\"fl-icon youtube\">\n                            <a href=\"https:\/\/www.youtube.com\/channel\/UCa9CXbSRkCiQODdFWM3mEow\" target=\"_blank\" aria-label=\"link to https:\/\/www.youtube.com\/user\/KidSportCanada\" rel=\"noopener\">\n                    <i class=\"fab fa-youtube\" aria-hidden=\"true\"><\/i>\n                <\/a>\n                    <\/span>\n    <\/span>\n    \n<h5>\n\t\t\tLIENS UTILES\t<\/h5>\n\n<h6>\n\t\t<a href=\"#\" title=\"Ajouter un lien ici\" target=\"_self\">\n\t\t\tAjouter un lien ici\t\t<\/a>\n\t<\/h6>\n<h6>\n\t\t<a href=\"#\" title=\"Ajouter un lien ici\" target=\"_self\">\n\t\t\tAjouter un lien ici\t\t<\/a>\n\t<\/h6>\n<h6>\n\t\t<a href=\"#\" title=\"Ajouter un lien ici\" target=\"_self\">\n\t\t\tAjouter un lien ici\t\t<\/a>\n\t<\/h6>\n<h2>\n\t\t\tDERNI\u00c8RES\t<\/h2>\n<h4>\n\t\t\tNews &amp; Stories\t<\/h4>\n    <h5>News &amp; Stories<\/h5>\n    <h5>\u00c9V\u00c9NEMENTS<\/h5>\n<h2>\n\t\t\tINCIDENCE 100 % LOCALE\t<\/h2>\n<h4>\n\t\t\tAll funds raised by KidSport Kelowna stay in our community to get local kids off the sidelines and into a season of sport. Let&#8217;s work together to build strong kids and strong communities!\t<\/h4>\n    <a href=\"https:\/\/kidsportcanada.ca\/british-columbia\/kelowna\/fr\/donate\/\">\n            <br \/>DONNER<br \/>MAINTENANT\n    <\/a>\n\t\t<!-- Comment to fix spacing issue\n\t-->\n\t\t<h1>$0<\/h1>\n\t<!-- Comment to fix spacing issue\n\t-->\t\n<h3>\n\t\t\tSomme accord\u00e9e aux enfants de Kelowna l\u2019an dernier.\t<\/h3>\n\t\t<!-- Comment to fix spacing issue\n\t-->\n\t\t<h1>0<\/h1>\n\t<!-- Comment to fix spacing issue\n\t-->\t\n<h3>\n\t\t\tEnfants qui ont pu quitter la ligne lat\u00e9rale \u00e0 Kelowna l\u2019an dernier\t<\/h3>\n<h3>\n\t\t\tEn appuyant SportJeunesse, nous gagnons tous. Quand les enfants ont acc\u00e8s au sport, ils s\u2019am\u00e9liorent \u00e0 l\u2019\u00e9cole, deviennent de solides leaders, cr\u00e9ent des communaut\u00e9s s\u00fbres, catalysent l\u2019inclusivit\u00e9 et adoptent des habitudes saines pour la vie.\t<\/h3>\n<h2>\n\t\t\tOUR Team\t<\/h2>\n<h3>\n\t\t\tKidSport Kelowna is made possible thanks to passionate volunteers and our incredible partners. Together we&#8217;re making it so no kid in Kelowna is left watching from the sidelines.\t<\/h3>\n<h1>\n\t\t\tAMBASSADEURS\t<\/h1>","protected":false},"excerpt":{"rendered":"<p>Welcome to KidSport Kelowna APPLY FOR A GRANT ABOUT KidSport Kelowna We provide grants to help cover the costs of registration fees so that all kids aged 18 and under in Kelowna can play a season of sport. &nbsp; Our chapter accepts applications and administers grants of up to $400 per child\/year, for kids who&hellip;<\/p>","protected":false},"author":16,"featured_media":467,"parent":0,"menu_order":0,"comment_status":"closed","ping_status":"closed","template":"","meta":{"_acf_changed":false,"footnotes":""},"class_list":["post-37","page","type-page","status-publish","has-post-thumbnail","hentry"],"acf":[],"yoast_head":"<!-- This site is optimized with the Yoast SEO plugin v27.3 - https:\/\/yoast.com\/product\/yoast-seo-wordpress\/ -->\n<title>Home - KidSport Kelowna<\/title>\n<meta name=\"description\" content=\"KidSport provides grants to help cover the costs of registration fees so that ALL kids aged 18 and under can play a season of sport.\" \/>\n<meta name=\"robots\" content=\"index, follow, max-snippet:-1, max-image-preview:large, max-video-preview:-1\" \/>\n<link rel=\"canonical\" href=\"https:\/\/kidsportcanada.ca\/british-columbia\/kelowna\/fr\/\" \/>\n<meta property=\"og:locale\" content=\"fr_CA\" \/>\n<meta property=\"og:type\" content=\"article\" \/>\n<meta property=\"og:title\" content=\"Home - KidSport Kelowna\" \/>\n<meta property=\"og:description\" content=\"KidSport provides grants to help cover the costs of registration fees so that ALL kids aged 18 and under can play a season of sport.\" \/>\n<meta property=\"og:url\" content=\"https:\/\/kidsportcanada.ca\/british-columbia\/kelowna\/fr\/\" \/>\n<meta property=\"og:site_name\" content=\"Kelowna\" \/>\n<meta property=\"article:modified_time\" content=\"2026-02-26T17:15:24+00:00\" \/>\n<meta property=\"og:image\" content=\"https:\/\/kidsportcanada.ca\/wp-content\/uploads\/sites\/158\/simon-whitfield.jpg\" \/>\n\t<meta property=\"og:image:width\" content=\"1600\" \/>\n\t<meta property=\"og:image:height\" content=\"1000\" \/>\n\t<meta property=\"og:image:type\" content=\"image\/jpeg\" \/>\n<meta name=\"twitter:card\" content=\"summary_large_image\" \/>\n<meta name=\"twitter:label1\" content=\"Estimation du temps de lecture\" \/>\n\t<meta name=\"twitter:data1\" content=\"1 minute\" \/>\n<script type=\"application\/ld+json\" class=\"yoast-schema-graph\">{\"@context\":\"https:\\\/\\\/schema.org\",\"@graph\":[{\"@type\":\"WebPage\",\"@id\":\"https:\\\/\\\/kidsportcanada.ca\\\/british-columbia\\\/kelowna\\\/\",\"url\":\"https:\\\/\\\/kidsportcanada.ca\\\/british-columbia\\\/kelowna\\\/\",\"name\":\"Home - KidSport Kelowna\",\"isPartOf\":{\"@id\":\"https:\\\/\\\/kidsportcanada.ca\\\/british-columbia\\\/kelowna\\\/#website\"},\"primaryImageOfPage\":{\"@id\":\"https:\\\/\\\/kidsportcanada.ca\\\/british-columbia\\\/kelowna\\\/#primaryimage\"},\"image\":{\"@id\":\"https:\\\/\\\/kidsportcanada.ca\\\/british-columbia\\\/kelowna\\\/#primaryimage\"},\"thumbnailUrl\":\"\\\/wp-content\\\/uploads\\\/sites\\\/158\\\/simon-whitfield.jpg\",\"datePublished\":\"2020-03-13T16:16:56+00:00\",\"dateModified\":\"2026-02-26T17:15:24+00:00\",\"description\":\"KidSport provides grants to help cover the costs of registration fees so that ALL kids aged 18 and under can play a season of sport.\",\"breadcrumb\":{\"@id\":\"https:\\\/\\\/kidsportcanada.ca\\\/british-columbia\\\/kelowna\\\/#breadcrumb\"},\"inLanguage\":\"fr-CA\",\"potentialAction\":[{\"@type\":\"ReadAction\",\"target\":[\"https:\\\/\\\/kidsportcanada.ca\\\/british-columbia\\\/kelowna\\\/\"]}]},{\"@type\":\"ImageObject\",\"inLanguage\":\"fr-CA\",\"@id\":\"https:\\\/\\\/kidsportcanada.ca\\\/british-columbia\\\/kelowna\\\/#primaryimage\",\"url\":\"\\\/wp-content\\\/uploads\\\/sites\\\/158\\\/simon-whitfield.jpg\",\"contentUrl\":\"\\\/wp-content\\\/uploads\\\/sites\\\/158\\\/simon-whitfield.jpg\",\"width\":1600,\"height\":1000,\"caption\":\"Simon Whitfield crossing the finish line in a triathlon\"},{\"@type\":\"BreadcrumbList\",\"@id\":\"https:\\\/\\\/kidsportcanada.ca\\\/british-columbia\\\/kelowna\\\/#breadcrumb\",\"itemListElement\":[{\"@type\":\"ListItem\",\"position\":1,\"name\":\"Home\",\"item\":\"https:\\\/\\\/kidsportcanada.ca\\\/british-columbia\\\/kelowna\\\/\"},{\"@type\":\"ListItem\",\"position\":2,\"name\":\"Home\"}]},{\"@type\":\"WebSite\",\"@id\":\"https:\\\/\\\/kidsportcanada.ca\\\/british-columbia\\\/kelowna\\\/#website\",\"url\":\"https:\\\/\\\/kidsportcanada.ca\\\/british-columbia\\\/kelowna\\\/\",\"name\":\"Kelowna\",\"description\":\"So all kids can play\",\"potentialAction\":[{\"@type\":\"SearchAction\",\"target\":{\"@type\":\"EntryPoint\",\"urlTemplate\":\"https:\\\/\\\/kidsportcanada.ca\\\/british-columbia\\\/kelowna\\\/?s={search_term_string}\"},\"query-input\":{\"@type\":\"PropertyValueSpecification\",\"valueRequired\":true,\"valueName\":\"search_term_string\"}}],\"inLanguage\":\"fr-CA\"}]}<\/script>\n<!-- \/ Yoast SEO plugin. -->","yoast_head_json":{"title":"Home - KidSport Kelowna","description":"Nous fournissons des subventions pour aider \u00e0 couvrir le co\u00fbt des frais d\u2019inscription afin que tous les enfants de 18 ans et moins puissent pratiquer un sport pendant une saison.","robots":{"index":"index","follow":"follow","max-snippet":"max-snippet:-1","max-image-preview":"max-image-preview:large","max-video-preview":"max-video-preview:-1"},"canonical":"https:\/\/kidsportcanada.ca\/british-columbia\/kelowna\/fr\/","og_locale":"fr_CA","og_type":"article","og_title":"Home - KidSport Kelowna","og_description":"KidSport provides grants to help cover the costs of registration fees so that ALL kids aged 18 and under can play a season of sport.","og_url":"https:\/\/kidsportcanada.ca\/british-columbia\/kelowna\/fr\/","og_site_name":"Kelowna","article_modified_time":"2026-02-26T17:15:24+00:00","og_image":[{"width":1600,"height":1000,"url":"https:\/\/kidsportcanada.ca\/wp-content\/uploads\/sites\/158\/simon-whitfield.jpg","type":"image\/jpeg"}],"twitter_card":"summary_large_image","twitter_misc":{"Estimation du temps de lecture":"1 minute"},"schema":{"@context":"https:\/\/schema.org","@graph":[{"@type":"WebPage","@id":"https:\/\/kidsportcanada.ca\/british-columbia\/kelowna\/","url":"https:\/\/kidsportcanada.ca\/british-columbia\/kelowna\/","name":"Home - KidSport Kelowna","isPartOf":{"@id":"https:\/\/kidsportcanada.ca\/british-columbia\/kelowna\/#website"},"primaryImageOfPage":{"@id":"https:\/\/kidsportcanada.ca\/british-columbia\/kelowna\/#primaryimage"},"image":{"@id":"https:\/\/kidsportcanada.ca\/british-columbia\/kelowna\/#primaryimage"},"thumbnailUrl":"\/wp-content\/uploads\/sites\/158\/simon-whitfield.jpg","datePublished":"2020-03-13T16:16:56+00:00","dateModified":"2026-02-26T17:15:24+00:00","description":"Nous fournissons des subventions pour aider \u00e0 couvrir le co\u00fbt des frais d\u2019inscription afin que tous les enfants de 18 ans et moins puissent pratiquer un sport pendant une saison.","breadcrumb":{"@id":"https:\/\/kidsportcanada.ca\/british-columbia\/kelowna\/#breadcrumb"},"inLanguage":"fr-CA","potentialAction":[{"@type":"ReadAction","target":["https:\/\/kidsportcanada.ca\/british-columbia\/kelowna\/"]}]},{"@type":"ImageObject","inLanguage":"fr-CA","@id":"https:\/\/kidsportcanada.ca\/british-columbia\/kelowna\/#primaryimage","url":"\/wp-content\/uploads\/sites\/158\/simon-whitfield.jpg","contentUrl":"\/wp-content\/uploads\/sites\/158\/simon-whitfield.jpg","width":1600,"height":1000,"caption":"Simon Whitfield crossing the finish line in a triathlon"},{"@type":"BreadcrumbList","@id":"https:\/\/kidsportcanada.ca\/british-columbia\/kelowna\/#breadcrumb","itemListElement":[{"@type":"ListItem","position":1,"name":"Home","item":"https:\/\/kidsportcanada.ca\/british-columbia\/kelowna\/"},{"@type":"ListItem","position":2,"name":"Home"}]},{"@type":"WebSite","@id":"https:\/\/kidsportcanada.ca\/british-columbia\/kelowna\/#website","url":"https:\/\/kidsportcanada.ca\/british-columbia\/kelowna\/","name":"Kelowna","description":"So all kids can play","potentialAction":[{"@type":"SearchAction","target":{"@type":"EntryPoint","urlTemplate":"https:\/\/kidsportcanada.ca\/british-columbia\/kelowna\/?s={search_term_string}"},"query-input":{"@type":"PropertyValueSpecification","valueRequired":true,"valueName":"search_term_string"}}],"inLanguage":"fr-CA"}]}},"_links":{"self":[{"href":"https:\/\/kidsportcanada.ca\/british-columbia\/kelowna\/fr\/wp-json\/wp\/v2\/pages\/37","targetHints":{"allow":["GET"]}}],"collection":[{"href":"https:\/\/kidsportcanada.ca\/british-columbia\/kelowna\/fr\/wp-json\/wp\/v2\/pages"}],"about":[{"href":"https:\/\/kidsportcanada.ca\/british-columbia\/kelowna\/fr\/wp-json\/wp\/v2\/types\/page"}],"author":[{"embeddable":true,"href":"https:\/\/kidsportcanada.ca\/british-columbia\/kelowna\/fr\/wp-json\/wp\/v2\/users\/16"}],"replies":[{"embeddable":true,"href":"https:\/\/kidsportcanada.ca\/british-columbia\/kelowna\/fr\/wp-json\/wp\/v2\/comments?post=37"}],"version-history":[{"count":0,"href":"https:\/\/kidsportcanada.ca\/british-columbia\/kelowna\/fr\/wp-json\/wp\/v2\/pages\/37\/revisions"}],"wp:featuredmedia":[{"embeddable":true,"href":"https:\/\/kidsportcanada.ca\/british-columbia\/kelowna\/fr\/wp-json\/wp\/v2\/media\/467"}],"wp:attachment":[{"href":"https:\/\/kidsportcanada.ca\/british-columbia\/kelowna\/fr\/wp-json\/wp\/v2\/media?parent=37"}],"curies":[{"name":"wp","href":"https:\/\/api.w.org\/{rel}","templated":true}]}}