
{"id":110,"date":"2020-03-19T16:51:49","date_gmt":"2020-03-19T16:51:49","guid":{"rendered":"https:\/\/kidsportcanada.ca\/north-shore-north-west-vancouver\/?page_id=110"},"modified":"2025-07-07T22:22:35","modified_gmt":"2025-07-07T22:22:35","slug":"get-involved","status":"publish","type":"page","link":"https:\/\/kidsportcanada.ca\/british-columbia\/north-shore-north-west-vancouver\/fr\/get-involved\/","title":{"rendered":"S\u2019impliquer"},"content":{"rendered":"<h4 data-animation-delay=\"0\" data-animation-duration=\"1\">\n\t\t\tKidSport North Shore (North &amp; West Vancouver)\t<\/h4>\n<h1 data-animation-delay=\"0.2\" data-animation-duration=\"1\">\n\t\t\tS\u2019IMPLIQUER\t<\/h1>\n<h3 data-animation-delay=\"0.6\" data-animation-duration=\"1\">\n\t\t\tThere are so many ways you can make it So ALL Kids Can Play! Find your way and join the KidSport North Shore team.\t<\/h3>\n<h2>\n\t\t\tFaire du b\u00e9n\u00e9volat\t<\/h2>\n\t<p>KidSport North Shore (KSNS) exists because of our incredible partners and enthusiastic volunteers. Whether you&#8217;re an avid sports fan, believe that health and wellness are critical to childhood success, or simply want to make your community a better place, we want you on our team.<\/p>\n<p>Nous sommes constamment \u00e0 la recherche de nouveaux b\u00e9n\u00e9voles pour jouer divers r\u00f4les essentiels lors d\u2019\u00e9v\u00e9nements et d\u2019activit\u00e9s organis\u00e9s durant l\u2019ann\u00e9e. Les possibilit\u00e9s varient, de l\u2019aide ponctuelle offerte lors d\u2019une collecte de fonds \u00e0 l\u2019exercice d\u2019une fonction strat\u00e9gique au sein de notre comit\u00e9 de section. Vous pouvez m\u00eame organiser votre propre collecte de fonds et vraiment vous mettre dans l\u2019esprit de SportJeunesse!<\/p>\n<p>We are currently looking for volunteers in the following roles:<\/p>\n<ul>\n<li><strong>Website Design<br \/>\n<\/strong>We are looking for someone to oversee and manage our website.<\/li>\n<\/ul>\n<ul>\n<li><strong>Grant Writing<br \/>\n<\/strong>We are looking for someone to research appropriate grants and apply.<\/li>\n<\/ul>\n<ul>\n<li><strong>Fundraising &amp; Community Outreach<br \/>\n<\/strong>With the impacts of COVID-19, there&#8217;s an increased number of financially challenged families requiring support so their children can play a season of their sport, or some version of it.\u00a0 Consequently, we&#8217;d like to add a new member to KSNS, who will work with other Board members to reach out to prospective corporate donors, to ensure there&#8217;s funding available to support the increased demand of grant applications.<strong><br \/>\n<\/strong><\/li>\n<\/ul>\n<p>KSNS serves the North Shore community from Deep Cove to Lions Bay (including Bowen Island), and events occur within this region. There is much to be done online which means that we mainly work from our homes and with Zoom calls and through a common Outlook system we maintain contact &#8211; posting drafts, requesting feedback, posting final versions, etc.\u00a0 Through this collaborative and inclusive approach, all of us on the KSNS Team contribute to ensuring that all North Shore kids get to play their game. Our target is to host two annual events: our &#8220;Duck, Dive and Dodge Dodgeball Challenge&#8221; and our &#8220;New &amp; Used Sports Equipment Sale&#8221;.<\/p>\n<p>Time Commitment:<\/p>\n<p>Approximately 2-3 hours per month plus assisting with 1-2 major fundraising events per year<\/p>\n<p><strong>If you&#8217;re interested in being part of the enthusiastic, KidSport North Shore-based team that makes it So ALL Kids Can Play, please get in touch! Send an email outlining your interest to kidsportnorthshore@sportbc.com. Thanks for your interest in supporting our cause!<\/strong><\/p>\n<h5>\n\t\t\tComment proposer ses services\t<\/h5>\n\t<p>Complete the volunteer application form, email it to <a href=\"mailto:kidsportnorthshore@sportbc.com\">kidsportnorthshore@sportbc.com<\/a> and\/or <a href=\"mailto:kidsport@sportbc.com\">kidsport@sportbc.com<\/a> and we will forward it on to your local chapter!<\/p>\n\t\t\t<a href=\"\/wp-content\/uploads\/sites\/94\/KidSport-BC-Volunteer-Application-Form1.pdf\" target=\"_blank\" rel=\"noopener\">\n\t\t\t\t\t\tFORMULAIRE DE DEMANDE DE POSTE B\u00c9N\u00c9VOLE\n\t\t\t\t\t<\/a>\n<h2>\n\t\t\tHOST A FUNDRAISER OR EVENT\t<\/h2>\n\t<p>Do you have a passion for helping kids get involved in sports? Hosting a fundraiser or event is a fantastic way to support our mission and make a meaningful impact. Whether you&#8217;re celebrating a birthday, honouring the memory of a loved one, finally taking on that 10K you&#8217;ve been meaning to run, or organizing your own event, the possibilities are endless.<\/p>\n<p><strong>Make a difference today!<\/strong><\/p>\n<p>Hosting a fundraiser or event is not just about raising money; it&#8217;s about raising awareness and bringing your community together to support a shared goal. Every dollar counts, and with your help, ALL kids can have the chance to play sports.<\/p>\n<p><strong>Need help getting started?<\/strong> Just email <a href=\"mailto:kidsport@sportbc.com\">kidsport@sportbc.com<\/a> &#8211; we&#8217;re game for whatever you can dream up!<\/p>\n<h5>\n\t\t\tGET STARTED TODAY\t<\/h5>\n\t<p>Sign up now to create a personal or team fundraising page to share with friends to support your celebration, event, or community challenge.<\/p>\n\t\t\t<a href=\"https:\/\/secure.kidsportbc.org\/p2p\/event\/388430\/en-CA\" target=\"_blank\" rel=\"noopener\">\n\t\t\t\t\t\t\tSIGN UP\n\t\t\t<\/a>\n\t<p>Hosting an event? Please complete our <a href=\"https:\/\/kidsportcanada.ca\/wp-content\/uploads\/sites\/94\/Sport-BC-KidSport-Third-Party-Fundraising-Agreement_FillableForm.pdf\" target=\"_blank\" rel=\"noopener\">Third Party Fundraising Agreement<\/a> and submit to <a href=\"mailto:kidsport@sportbc.com\">kidsport@sportbc.com<\/a>.<\/p>\n<h2>\n\t\t\tDonate For Kids Like Devonte\t<\/h2>\n<h3>\n\t\t\tPour lui, faire du sport procure un sentiment d\u2019appartenance, forme le caract\u00e8re, alimente la sant\u00e9, renforce la confiance et lib\u00e8re le potentiel.\t<\/h3>\n\t\t\t<a href=\"\/british-columbia\/north-shore-north-west-vancouver\/fr\/void(0)\/\" title=\"Click Here\" target=\"_self\" aria-label=\"REGARDER LE FILM\" rel=\"noopener\">\n\t\t\t\t\t\t\t\t\t\t\tREGARDER LE FILM\n\t\t<\/a>\n\t\t\t<a href=\"\/british-columbia\/north-shore-north-west-vancouver\/fr\/void(0)\/\" title=\"Click Here\" target=\"_self\" aria-label=\"REGARDE LE FILM\" rel=\"noopener\">\n\t\t\t\t\t\t\t\t\t\t\tREGARDE LE FILM\n\t\t<\/a>","protected":false},"excerpt":{"rendered":"<p>KidSport North Shore (North &amp; West Vancouver) GET INVOLVED There are so many ways you can make it So ALL Kids Can Play! Find your way and join the KidSport North Shore team. VOLUNTEER KidSport North Shore (KSNS) exists because of our incredible partners and enthusiastic volunteers. Whether you&#8217;re an avid sports fan, believe that&hellip;<\/p>","protected":false},"author":16,"featured_media":194,"parent":0,"menu_order":0,"comment_status":"closed","ping_status":"closed","template":"","meta":{"_acf_changed":false,"footnotes":""},"class_list":["post-110","page","type-page","status-publish","has-post-thumbnail","hentry"],"acf":[],"yoast_head":"<!-- This site is optimized with the Yoast SEO plugin v27.3 - https:\/\/yoast.com\/product\/yoast-seo-wordpress\/ -->\n<title>Get Involved - KidSport North Shore (North &amp; West Vancouver)<\/title>\n<meta name=\"description\" content=\"Volunteer with KidSport, host an event or become a sport partner. There are so many ways you can make it So ALL Kids Can Play!\" \/>\n<meta name=\"robots\" content=\"index, follow, max-snippet:-1, max-image-preview:large, max-video-preview:-1\" \/>\n<link rel=\"canonical\" href=\"https:\/\/kidsportcanada.ca\/british-columbia\/north-shore-north-west-vancouver\/fr\/get-involved\/\" \/>\n<meta property=\"og:locale\" content=\"fr_CA\" \/>\n<meta property=\"og:type\" content=\"article\" \/>\n<meta property=\"og:title\" content=\"Get Involved - KidSport North Shore (North &amp; West Vancouver)\" \/>\n<meta property=\"og:description\" content=\"Volunteer with KidSport, host an event or become a sport partner. There are so many ways you can make it So ALL Kids Can Play!\" \/>\n<meta property=\"og:url\" content=\"https:\/\/kidsportcanada.ca\/british-columbia\/north-shore-north-west-vancouver\/fr\/get-involved\/\" \/>\n<meta property=\"og:site_name\" content=\"North Shore (North &amp; West Vancouver)\" \/>\n<meta property=\"article:modified_time\" content=\"2025-07-07T22:22:35+00:00\" \/>\n<meta property=\"og:image\" content=\"https:\/\/kidsportcanada.ca\/wp-content\/uploads\/sites\/278\/kidsport-hands-together.jpg\" \/>\n\t<meta property=\"og:image:width\" content=\"1600\" \/>\n\t<meta property=\"og:image:height\" content=\"1000\" \/>\n\t<meta property=\"og:image:type\" content=\"image\/jpeg\" \/>\n<meta name=\"twitter:card\" content=\"summary_large_image\" \/>\n<meta name=\"twitter:label1\" content=\"Estimation du temps de lecture\" \/>\n\t<meta name=\"twitter:data1\" content=\"4 minutes\" \/>\n<script type=\"application\/ld+json\" class=\"yoast-schema-graph\">{\"@context\":\"https:\\\/\\\/schema.org\",\"@graph\":[{\"@type\":\"WebPage\",\"@id\":\"https:\\\/\\\/kidsportcanada.ca\\\/british-columbia\\\/north-shore-north-west-vancouver\\\/get-involved\\\/\",\"url\":\"https:\\\/\\\/kidsportcanada.ca\\\/british-columbia\\\/north-shore-north-west-vancouver\\\/get-involved\\\/\",\"name\":\"Get Involved - KidSport North Shore (North &amp; West Vancouver)\",\"isPartOf\":{\"@id\":\"https:\\\/\\\/kidsportcanada.ca\\\/british-columbia\\\/north-shore-north-west-vancouver\\\/fr\\\/#website\"},\"primaryImageOfPage\":{\"@id\":\"https:\\\/\\\/kidsportcanada.ca\\\/british-columbia\\\/north-shore-north-west-vancouver\\\/get-involved\\\/#primaryimage\"},\"image\":{\"@id\":\"https:\\\/\\\/kidsportcanada.ca\\\/british-columbia\\\/north-shore-north-west-vancouver\\\/get-involved\\\/#primaryimage\"},\"thumbnailUrl\":\"\\\/wp-content\\\/uploads\\\/sites\\\/278\\\/kidsport-hands-together.jpg\",\"datePublished\":\"2020-03-19T16:51:49+00:00\",\"dateModified\":\"2025-07-07T22:22:35+00:00\",\"description\":\"Volunteer with KidSport, host an event or become a sport partner. There are so many ways you can make it So ALL Kids Can Play!\",\"breadcrumb\":{\"@id\":\"https:\\\/\\\/kidsportcanada.ca\\\/british-columbia\\\/north-shore-north-west-vancouver\\\/get-involved\\\/#breadcrumb\"},\"inLanguage\":\"fr-CA\",\"potentialAction\":[{\"@type\":\"ReadAction\",\"target\":[\"https:\\\/\\\/kidsportcanada.ca\\\/british-columbia\\\/north-shore-north-west-vancouver\\\/get-involved\\\/\"]}]},{\"@type\":\"ImageObject\",\"inLanguage\":\"fr-CA\",\"@id\":\"https:\\\/\\\/kidsportcanada.ca\\\/british-columbia\\\/north-shore-north-west-vancouver\\\/get-involved\\\/#primaryimage\",\"url\":\"\\\/wp-content\\\/uploads\\\/sites\\\/278\\\/kidsport-hands-together.jpg\",\"contentUrl\":\"\\\/wp-content\\\/uploads\\\/sites\\\/278\\\/kidsport-hands-together.jpg\",\"width\":1600,\"height\":1000,\"caption\":\"A group of young girls in a team huddle before starting their soccer match\"},{\"@type\":\"BreadcrumbList\",\"@id\":\"https:\\\/\\\/kidsportcanada.ca\\\/british-columbia\\\/north-shore-north-west-vancouver\\\/get-involved\\\/#breadcrumb\",\"itemListElement\":[{\"@type\":\"ListItem\",\"position\":1,\"name\":\"Home\",\"item\":\"https:\\\/\\\/kidsportcanada.ca\\\/british-columbia\\\/north-shore-north-west-vancouver\\\/\"},{\"@type\":\"ListItem\",\"position\":2,\"name\":\"Get Involved\"}]},{\"@type\":\"WebSite\",\"@id\":\"https:\\\/\\\/kidsportcanada.ca\\\/british-columbia\\\/north-shore-north-west-vancouver\\\/fr\\\/#website\",\"url\":\"https:\\\/\\\/kidsportcanada.ca\\\/british-columbia\\\/north-shore-north-west-vancouver\\\/fr\\\/\",\"name\":\"North Shore (North &amp; West Vancouver)\",\"description\":\"So all kids can play\",\"potentialAction\":[{\"@type\":\"SearchAction\",\"target\":{\"@type\":\"EntryPoint\",\"urlTemplate\":\"https:\\\/\\\/kidsportcanada.ca\\\/british-columbia\\\/north-shore-north-west-vancouver\\\/fr\\\/?s={search_term_string}\"},\"query-input\":{\"@type\":\"PropertyValueSpecification\",\"valueRequired\":true,\"valueName\":\"search_term_string\"}}],\"inLanguage\":\"fr-CA\"}]}<\/script>\n<!-- \/ Yoast SEO plugin. -->","yoast_head_json":{"title":"Get Involved - KidSport North Shore (North &amp; West Vancouver)","description":"Faites du b\u00e9n\u00e9volat avec KidSport, organisez un \u00e9v\u00e9nement ou devenez partenaire sportif. Il y a d\u2019innombrables fa\u00e7ons de faire en sorte que TOUS les enfants puissent jouer!","robots":{"index":"index","follow":"follow","max-snippet":"max-snippet:-1","max-image-preview":"max-image-preview:large","max-video-preview":"max-video-preview:-1"},"canonical":"https:\/\/kidsportcanada.ca\/british-columbia\/north-shore-north-west-vancouver\/fr\/get-involved\/","og_locale":"fr_CA","og_type":"article","og_title":"Get Involved - KidSport North Shore (North &amp; West Vancouver)","og_description":"Volunteer with KidSport, host an event or become a sport partner. There are so many ways you can make it So ALL Kids Can Play!","og_url":"https:\/\/kidsportcanada.ca\/british-columbia\/north-shore-north-west-vancouver\/fr\/get-involved\/","og_site_name":"North Shore (North &amp; West Vancouver)","article_modified_time":"2025-07-07T22:22:35+00:00","og_image":[{"width":1600,"height":1000,"url":"https:\/\/kidsportcanada.ca\/wp-content\/uploads\/sites\/278\/kidsport-hands-together.jpg","type":"image\/jpeg"}],"twitter_card":"summary_large_image","twitter_misc":{"Estimation du temps de lecture":"4 minutes"},"schema":{"@context":"https:\/\/schema.org","@graph":[{"@type":"WebPage","@id":"https:\/\/kidsportcanada.ca\/british-columbia\/north-shore-north-west-vancouver\/get-involved\/","url":"https:\/\/kidsportcanada.ca\/british-columbia\/north-shore-north-west-vancouver\/get-involved\/","name":"Get Involved - KidSport North Shore (North &amp; West Vancouver)","isPartOf":{"@id":"https:\/\/kidsportcanada.ca\/british-columbia\/north-shore-north-west-vancouver\/fr\/#website"},"primaryImageOfPage":{"@id":"https:\/\/kidsportcanada.ca\/british-columbia\/north-shore-north-west-vancouver\/get-involved\/#primaryimage"},"image":{"@id":"https:\/\/kidsportcanada.ca\/british-columbia\/north-shore-north-west-vancouver\/get-involved\/#primaryimage"},"thumbnailUrl":"\/wp-content\/uploads\/sites\/278\/kidsport-hands-together.jpg","datePublished":"2020-03-19T16:51:49+00:00","dateModified":"2025-07-07T22:22:35+00:00","description":"Faites du b\u00e9n\u00e9volat avec KidSport, organisez un \u00e9v\u00e9nement ou devenez partenaire sportif. Il y a d\u2019innombrables fa\u00e7ons de faire en sorte que TOUS les enfants puissent jouer!","breadcrumb":{"@id":"https:\/\/kidsportcanada.ca\/british-columbia\/north-shore-north-west-vancouver\/get-involved\/#breadcrumb"},"inLanguage":"fr-CA","potentialAction":[{"@type":"ReadAction","target":["https:\/\/kidsportcanada.ca\/british-columbia\/north-shore-north-west-vancouver\/get-involved\/"]}]},{"@type":"ImageObject","inLanguage":"fr-CA","@id":"https:\/\/kidsportcanada.ca\/british-columbia\/north-shore-north-west-vancouver\/get-involved\/#primaryimage","url":"\/wp-content\/uploads\/sites\/278\/kidsport-hands-together.jpg","contentUrl":"\/wp-content\/uploads\/sites\/278\/kidsport-hands-together.jpg","width":1600,"height":1000,"caption":"A group of young girls in a team huddle before starting their soccer match"},{"@type":"BreadcrumbList","@id":"https:\/\/kidsportcanada.ca\/british-columbia\/north-shore-north-west-vancouver\/get-involved\/#breadcrumb","itemListElement":[{"@type":"ListItem","position":1,"name":"Home","item":"https:\/\/kidsportcanada.ca\/british-columbia\/north-shore-north-west-vancouver\/"},{"@type":"ListItem","position":2,"name":"Get Involved"}]},{"@type":"WebSite","@id":"https:\/\/kidsportcanada.ca\/british-columbia\/north-shore-north-west-vancouver\/fr\/#website","url":"https:\/\/kidsportcanada.ca\/british-columbia\/north-shore-north-west-vancouver\/fr\/","name":"North Shore (North &amp; West Vancouver)","description":"So all kids can play","potentialAction":[{"@type":"SearchAction","target":{"@type":"EntryPoint","urlTemplate":"https:\/\/kidsportcanada.ca\/british-columbia\/north-shore-north-west-vancouver\/fr\/?s={search_term_string}"},"query-input":{"@type":"PropertyValueSpecification","valueRequired":true,"valueName":"search_term_string"}}],"inLanguage":"fr-CA"}]}},"_links":{"self":[{"href":"https:\/\/kidsportcanada.ca\/british-columbia\/north-shore-north-west-vancouver\/fr\/wp-json\/wp\/v2\/pages\/110","targetHints":{"allow":["GET"]}}],"collection":[{"href":"https:\/\/kidsportcanada.ca\/british-columbia\/north-shore-north-west-vancouver\/fr\/wp-json\/wp\/v2\/pages"}],"about":[{"href":"https:\/\/kidsportcanada.ca\/british-columbia\/north-shore-north-west-vancouver\/fr\/wp-json\/wp\/v2\/types\/page"}],"author":[{"embeddable":true,"href":"https:\/\/kidsportcanada.ca\/british-columbia\/north-shore-north-west-vancouver\/fr\/wp-json\/wp\/v2\/users\/16"}],"replies":[{"embeddable":true,"href":"https:\/\/kidsportcanada.ca\/british-columbia\/north-shore-north-west-vancouver\/fr\/wp-json\/wp\/v2\/comments?post=110"}],"version-history":[{"count":0,"href":"https:\/\/kidsportcanada.ca\/british-columbia\/north-shore-north-west-vancouver\/fr\/wp-json\/wp\/v2\/pages\/110\/revisions"}],"wp:featuredmedia":[{"embeddable":true,"href":"https:\/\/kidsportcanada.ca\/british-columbia\/north-shore-north-west-vancouver\/fr\/wp-json\/wp\/v2\/media\/194"}],"wp:attachment":[{"href":"https:\/\/kidsportcanada.ca\/british-columbia\/north-shore-north-west-vancouver\/fr\/wp-json\/wp\/v2\/media?parent=110"}],"curies":[{"name":"wp","href":"https:\/\/api.w.org\/{rel}","templated":true}]}}