
{"id":148,"date":"2020-04-01T20:45:29","date_gmt":"2020-04-01T20:45:29","guid":{"rendered":"http:\/\/kidsportcanada.ca\/north-shore-north-west-vancouver\/?page_id=148"},"modified":"2026-01-12T17:31:50","modified_gmt":"2026-01-12T17:31:50","slug":"contact-us","status":"publish","type":"page","link":"https:\/\/kidsportcanada.ca\/british-columbia\/north-shore-north-west-vancouver\/fr\/contact-us\/","title":{"rendered":"Contacter"},"content":{"rendered":"<h4 data-animation-delay=\"0\" data-animation-duration=\"1\">\n\t\t\tKidSport North Shore (North &amp; West Vancouver)\t<\/h4>\n<h1 data-animation-delay=\"0.2\" data-animation-duration=\"1\">\n\t\t\tCONTACTEZ-NOUS\t<\/h1>\n<h3 data-animation-delay=\"0.6\" data-animation-duration=\"1\">\n\t\t\tGet in touch &#8211; we&#8217;d be happy to answer any questions or help you get involved.\t<\/h3>\n<h5>\n\t\t\tCommuniquer\t<\/h5>\n\t<a href=\"mailto:kidsportnorthshore@sportbc.com\">kidsportnorthshore@sportbc.com<\/a><br \/>\n<a href=\"mailto:kidsport@sportbc.com\">kidsport@sportbc.com<\/a>\n<p>&nbsp;<\/p>\n<h5>\n\t\t\tDes m\u00e9dias sociaux\t<\/h5>\n\t    <span class=\"socialmedia-links fl-icon-group\">\n        <!------------------ Facebook ------------------>\n        <span class=\"fl-icon facebook\">\n                            <a href=\"https:\/\/www.facebook.com\/kidsportnorthshore\/\" target=\"_blank\" aria-label=\"link to https:\/\/www.facebook.com\/kidsportcanada\/\" rel=\"noopener\"[soci>\n                    <i class=\"fab fa-facebook-square\" aria-hidden=\"true\"><\/i>\n                <\/a>\n                    <\/span>\n\t\t<!------------------ Facebook 2 ------------------>\n        <span class=\"fl-icon facebook\">\n                    <\/span>\n        <!------------------ Twitter ------------------>\n        <span class=\"fl-icon twitter\">\n                            <a href=\"https:\/\/twitter.com\/kidsportns\" target=\"_blank\" aria-label=\"link to https:\/\/twitter.com\/kidsport\/\" rel=\"noopener\">\n                    <i class=\"fab fa-twitter\" aria-hidden=\"true\"><\/i>\n                <\/a>\n                    <\/span>\n        <!------------------ Instagram ------------------>\n        <span class=\"fl-icon instagram\">\n                            <a href=\"https:\/\/www.instagram.com\/kidsportnorthshore\/\" target=\"_blank\" aria-label=\"link to https:\/\/www.instagram.com\/kidsport.canada\/\" rel=\"noopener\">\n                    <i class=\"fab fa-instagram\" aria-hidden=\"true\"><\/i>\n                <\/a>\n                    <\/span>\n        <!------------------ YouTube ------------------>\n        <span class=\"fl-icon youtube\">\n                            <a href=\"https:\/\/www.youtube.com\/channel\/UCa9CXbSRkCiQODdFWM3mEow\" target=\"_blank\" aria-label=\"link to https:\/\/www.youtube.com\/user\/KidSportCanada\" rel=\"noopener\">\n                    <i class=\"fab fa-youtube\" aria-hidden=\"true\"><\/i>\n                <\/a>\n                    <\/span>\n    <\/span>\n    \n<h2>\n\t\t\tKidSport North Shore Committee\t<\/h2>\n\t<strong>Scott Macfarlane<\/strong><br \/>\nVolunteer Committee Chairperson\n<p>Scott\u00a0Macfarlane is a long-time North Shore resident, has been a part of the KidSport North Shore since March of 2017, and has been the chapter&#8217;s Chairperson since 2020.\u00a0Scott\u00a0has recently retired after a 40-year legal career. He is a dedicated tennis player and is married with two daughters who have always been active in sports. Having seen the positive benefits of sports in his own family,\u00a0Scott\u00a0has a particular passion for helping financially challenged families on the North Shore, so that every child has an opportunity to participate in organized sport.<\/p>\n<p><img decoding=\"async\" src=\"https:\/\/kidsportcanada.ca\/wp-content\/uploads\/sites\/278\/Scott-Macfarlane-headshot-800x800.jpg\" \/><\/p>\n\t<strong>Justin Szott<\/strong><br \/>\nVolunteer Committee Vice Chair\n<p>Justin joined the KidSport North Shore Board in December 2025.\u00a0\u00a0Growing up in Calgary, he participated in various sports, including football, rugby, and volleyball.\u00a0\u00a0He moved to the North Shore in 2007. After stepping down as Managing Director of a national import wine agency in 2019, Justin has dedicated his time to his two children and community volunteering.\u00a0\u00a0His volunteer work includes co-chairing the Family Services of the North Shore&#8217;s Cheer by the Pier and coaching baseball, soccer, football, and rugby.\u00a0\u00a0This coaching experience has deepened his appreciation for the positive impact sports have on everyone&#8217;s lives.<\/p>\n<p><img loading=\"lazy\" decoding=\"async\" src=\"\/wp-content\/uploads\/sites\/278\/Justin-KidSportNS-600x800.jpg\" alt=\"\" width=\"600\" height=\"800\" \/><\/p>\n<p>&nbsp;<\/p>\n\t<p><strong>Shannon Webster <\/strong><\/p>\n<p>Volunteer Committee Member<\/p>\n<p>Shannon Webster has been a part of KidSport North Shore since January 2017. She grew up on the North Shore and participated in competitive swimming and tennis, Shannon is an elementary school teacher for the North Vancouver School District and brings her value and love of sport and being active into the classroom. Exploring France, Peru, Nepal, Africa, and the West Coast on multi-day hiking trips are just a few of her active adventures. Currently, when not playing pickleball, she is exploring trails with her dog, Bailey.<\/p>\n<p><img decoding=\"async\" src=\"https:\/\/kidsportcanada.ca\/wp-content\/uploads\/sites\/278\/Shannon-headshot-369x800.jpg\" \/><\/p>\n\t<strong>Alice Benson<\/strong><br \/>\nGrants Administrator\n<p>Alice Benson has been involved with KidSport North Shore since 2008.\u00a0She realized that there was a need for financial assistance for North Shore families while she was the Registrar for a local swim club.\u00a0Having to turn away families because of registration costs was frustrating to say the least, and coincidentally, a new friendship with Karen Lidster, co-founder of KidSport North Shore, sparked her interest to join the team. Carrying on Karen&#8217;s legacy is now a priority in her life to ensure that All Kids Can Play! Alice enjoys spending time with family and friends, hiking, Peloton classes, travelling, and singing with her internationally competitive Lions Gate Chorus.\u00a0<\/p>\n<p><img loading=\"lazy\" decoding=\"async\" src=\"\/wp-content\/uploads\/sites\/278\/Alice-headshot.jpg\" alt=\"\" width=\"480\" height=\"534\" \/><\/p>\n\t<strong>Angie Mackie<\/strong><br \/>\nVolunteer Committee Member\n<p>Angie joined KidSport North Shore in 2024. Angie is a registered nurse with a long career of helping people in hospital, teaching student nurses and most recently working in public health. Angie loves movies, a good book and the outdoors. In recent years she has become an avid pickleball player and most days can be found somewhere on a court. As a mother of three young women, Angie has also seen the positive impact and influence of sport on their lives. Angie was introduced to KidSport in 2023 by KSNS Committee member and friend Shannon Webster, who enlisted Angie to volunteer at the KSNS sports equipment sale. So when a spot on the Committee opened up in 2024, Angie was thrilled to become a part of KSNS. Welcome on board Angie!<\/p>\n<p><img loading=\"lazy\" decoding=\"async\" src=\"\/wp-content\/uploads\/sites\/278\/Angs-photo-800x600.jpg\" alt=\"\" width=\"640\" height=\"480\" \/><\/p>\n\t<strong>Allison Gibault<\/strong><br \/>\nVolunteer KSNS Newsletter Editor\n<p>Allison Gibault joined KSNS as a volunteer in April of 2023. \u00a0Allison offers a previous background in marketing &amp; communications together with ECCE to the KidSport team.<\/p>\n<p>Athletics have been invaluable in Allison&#8217;s\u00a0life since she was young, and she recognizes the joy and value of participating in sport through her own daughters. She is passionate about supporting vulnerable kids &#8211; and wants to ensuring that all children have the opportunity to play sports.<\/p>\n<p>Since leaving the workforce to raise her family on the beautiful North Shore, Allison has volunteered with several organizations and is devoted to giving back to her community.<\/p>\n<p><img loading=\"lazy\" decoding=\"async\" src=\"\/wp-content\/uploads\/sites\/278\/Allison-headshot-659x800.jpeg\" alt=\"\" width=\"302\" height=\"366\" \/><\/p>\n<p>&nbsp;<\/p>\n<h2 data-animation-delay=\"0\" data-animation-duration=\"1\">\n\t\t\tCOMMON Questions\t<\/h2>\n\t\t\t\t\t<a href=\"#\" id=\"fl-accordion--label-0\" aria-controls=\"fl-accordion--panel-0\">Comment puis-je obtenir une subvention SportJeunesse pour un enfant?<\/a>\n\t\t\t\t\t\t\t\t\t\t\t<a href=\"#\" id=\"fl-accordion--icon-0\"><i title=\"Expand\">Expand<\/i><\/a>\n\t\t\t\t\t<p>Si votre enfant ou un jeune que vous connaissez pouvait b\u00e9n\u00e9ficier d\u2019un coup de pouce pour participer au sport de son choix, la subvention SportJeunesse peut aider!<\/p>\n<p>Une fois que l\u2019enfant aura \u00e9t\u00e9 inscrit \u00e0 son programme de sport, vous devez trouver votre section locale, ou le fonds provincial de SportJeunesse North Shore (North &amp; West Vancouver), pour pr\u00e9senter une demande de subvention. Notre formulaire en ligne est s\u00e9curis\u00e9e et est la fa\u00e7on la plus facile d\u2019envoyer les renseignements exig\u00e9s, mais vous pouvez aussi utiliser le formulaire papier si vous pr\u00e9f\u00e9rez. <a href=\"https:\/\/kidsportcanada.ca\/british-columbia\/north-shore-north-west-vancouver\/fr\/north-shore-north-west-vancouver\/apply\/\">formulaire de demande en ligne<\/a> est le moyen le plus rapide d'envoyer les informations requises, mais vous pouvez \u00e9galement en faire la demande sur papier si vous le souhaitez.<\/p>\n\t\t\t\t\t<a href=\"#\" id=\"fl-accordion--label-1\" aria-controls=\"fl-accordion--panel-1\">\u00c0 qui dois-je m\u2019adresser pour faire un don?<\/a>\n\t\t\t\t\t\t\t\t\t\t\t<a href=\"#\" id=\"fl-accordion--icon-1\"><i title=\"Expand\">Expand<\/i><\/a>\n\t\t\t\t\t<p>Notre formulaire de <a href=\"https:\/\/kidsportcanada.ca\/british-columbia\/north-shore-north-west-vancouver\/fr\/north-shore-north-west-vancouver\/donate\/\">Donate<\/a>! If you have further questions about donations, please email us at             <span class=\"emailaddress-div\">\n            <a href=\"mailto:kidsportnorthshore@sportbc.com\">kidsportnorthshore@sportbc.com<\/a>\n             &#8211; we&#8217;ll get back to you as soon as we can.<\/p>\n\t\t\t\t\t<a href=\"#\" id=\"fl-accordion--label-2\" aria-controls=\"fl-accordion--panel-2\">\u00c0 qui dois-je m\u2019adresser pour parler de partenariats?<\/a>\n\t\t\t\t\t\t\t\t\t\t\t<a href=\"#\" id=\"fl-accordion--icon-2\"><i title=\"Expand\">Expand<\/i><\/a>\n\t\t\t\t\t<p>Thanks for your interest in joining the team! Please email us at             <span class=\"emailaddress-div\">\n            <a href=\"mailto:kidsportnorthshore@sportbc.com\">kidsportnorthshore@sportbc.com<\/a>\n             to get the ball rolling.<\/p>\n\t\t\t\t\t<a href=\"#\" id=\"fl-accordion--label-3\" aria-controls=\"fl-accordion--panel-3\">SportJeunesse est-il un organisme de bienfaisance enregistr\u00e9?<\/a>\n\t\t\t\t\t\t\t\t\t\t\t<a href=\"#\" id=\"fl-accordion--icon-3\"><i title=\"Expand\">Expand<\/i><\/a>\n\t\t\t\t\t<p>Yes! KidSport is an RCAAA, and qualified donee per the CRA. Our charitable number is             <span class=\"charitablenumber-div\">\n            <span>86212 5986 RR0003<\/span>\n        \n    .<\/p>","protected":false},"excerpt":{"rendered":"<p>KidSport North Shore (North &amp; West Vancouver) CONTACT US Get in touch &#8211; we&#8217;d be happy to answer any questions or help you get involved. CONNECT kidsportnorthshore@sportbc.com kidsport@sportbc.com &nbsp; GET SOCIAL KidSport North Shore Committee Scott Macfarlane Volunteer Committee Chairperson Scott\u00a0Macfarlane is a long-time North Shore resident, has been a part of the KidSport North&hellip;<\/p>","protected":false},"author":16,"featured_media":190,"parent":0,"menu_order":0,"comment_status":"closed","ping_status":"closed","template":"","meta":{"_acf_changed":false,"footnotes":""},"class_list":["post-148","page","type-page","status-publish","has-post-thumbnail","hentry"],"acf":[],"yoast_head":"<!-- This site is optimized with the Yoast SEO plugin v27.3 - https:\/\/yoast.com\/product\/yoast-seo-wordpress\/ -->\n<title>Contact Us - KidSport North Shore (North &amp; West Vancouver)<\/title>\n<meta name=\"description\" content=\"Get in touch. We would be happy to answer any questions or help you get involved.\" \/>\n<meta name=\"robots\" content=\"index, follow, max-snippet:-1, max-image-preview:large, max-video-preview:-1\" \/>\n<link rel=\"canonical\" href=\"https:\/\/kidsportcanada.ca\/british-columbia\/north-shore-north-west-vancouver\/fr\/contact-us\/\" \/>\n<meta property=\"og:locale\" content=\"fr_CA\" \/>\n<meta property=\"og:type\" content=\"article\" \/>\n<meta property=\"og:title\" content=\"Contact Us - KidSport North Shore (North &amp; West Vancouver)\" \/>\n<meta property=\"og:description\" content=\"Get in touch. We would be happy to answer any questions or help you get involved.\" \/>\n<meta property=\"og:url\" content=\"https:\/\/kidsportcanada.ca\/british-columbia\/north-shore-north-west-vancouver\/fr\/contact-us\/\" \/>\n<meta property=\"og:site_name\" content=\"North Shore (North &amp; West Vancouver)\" \/>\n<meta property=\"article:modified_time\" content=\"2026-01-12T17:31:50+00:00\" \/>\n<meta property=\"og:image\" content=\"https:\/\/kidsportcanada.ca\/wp-content\/uploads\/sites\/278\/brett-levis.jpg\" \/>\n\t<meta property=\"og:image:width\" content=\"1600\" \/>\n\t<meta property=\"og:image:height\" content=\"1000\" \/>\n\t<meta property=\"og:image:type\" content=\"image\/jpeg\" \/>\n<meta name=\"twitter:card\" content=\"summary_large_image\" \/>\n<meta name=\"twitter:label1\" content=\"Estimation du temps de lecture\" \/>\n\t<meta name=\"twitter:data1\" content=\"5 minutes\" \/>\n<script type=\"application\/ld+json\" class=\"yoast-schema-graph\">{\"@context\":\"https:\\\/\\\/schema.org\",\"@graph\":[{\"@type\":\"WebPage\",\"@id\":\"https:\\\/\\\/kidsportcanada.ca\\\/british-columbia\\\/north-shore-north-west-vancouver\\\/contact-us\\\/\",\"url\":\"https:\\\/\\\/kidsportcanada.ca\\\/british-columbia\\\/north-shore-north-west-vancouver\\\/contact-us\\\/\",\"name\":\"Contact Us - KidSport North Shore (North &amp; West Vancouver)\",\"isPartOf\":{\"@id\":\"https:\\\/\\\/kidsportcanada.ca\\\/british-columbia\\\/north-shore-north-west-vancouver\\\/fr\\\/#website\"},\"primaryImageOfPage\":{\"@id\":\"https:\\\/\\\/kidsportcanada.ca\\\/british-columbia\\\/north-shore-north-west-vancouver\\\/contact-us\\\/#primaryimage\"},\"image\":{\"@id\":\"https:\\\/\\\/kidsportcanada.ca\\\/british-columbia\\\/north-shore-north-west-vancouver\\\/contact-us\\\/#primaryimage\"},\"thumbnailUrl\":\"\\\/wp-content\\\/uploads\\\/sites\\\/278\\\/brett-levis.jpg\",\"datePublished\":\"2020-04-01T20:45:29+00:00\",\"dateModified\":\"2026-01-12T17:31:50+00:00\",\"description\":\"Get in touch. We would be happy to answer any questions or help you get involved.\",\"breadcrumb\":{\"@id\":\"https:\\\/\\\/kidsportcanada.ca\\\/british-columbia\\\/north-shore-north-west-vancouver\\\/contact-us\\\/#breadcrumb\"},\"inLanguage\":\"fr-CA\",\"potentialAction\":[{\"@type\":\"ReadAction\",\"target\":[\"https:\\\/\\\/kidsportcanada.ca\\\/british-columbia\\\/north-shore-north-west-vancouver\\\/contact-us\\\/\"]}]},{\"@type\":\"ImageObject\",\"inLanguage\":\"fr-CA\",\"@id\":\"https:\\\/\\\/kidsportcanada.ca\\\/british-columbia\\\/north-shore-north-west-vancouver\\\/contact-us\\\/#primaryimage\",\"url\":\"\\\/wp-content\\\/uploads\\\/sites\\\/278\\\/brett-levis.jpg\",\"contentUrl\":\"\\\/wp-content\\\/uploads\\\/sites\\\/278\\\/brett-levis.jpg\",\"width\":1600,\"height\":1000,\"caption\":\"Brett Levis a professional soccer player having a team huddle with a group of young kids on a soccer field\"},{\"@type\":\"BreadcrumbList\",\"@id\":\"https:\\\/\\\/kidsportcanada.ca\\\/british-columbia\\\/north-shore-north-west-vancouver\\\/contact-us\\\/#breadcrumb\",\"itemListElement\":[{\"@type\":\"ListItem\",\"position\":1,\"name\":\"Home\",\"item\":\"https:\\\/\\\/kidsportcanada.ca\\\/british-columbia\\\/north-shore-north-west-vancouver\\\/\"},{\"@type\":\"ListItem\",\"position\":2,\"name\":\"Contact Us\"}]},{\"@type\":\"WebSite\",\"@id\":\"https:\\\/\\\/kidsportcanada.ca\\\/british-columbia\\\/north-shore-north-west-vancouver\\\/fr\\\/#website\",\"url\":\"https:\\\/\\\/kidsportcanada.ca\\\/british-columbia\\\/north-shore-north-west-vancouver\\\/fr\\\/\",\"name\":\"North Shore (North &amp; West Vancouver)\",\"description\":\"So all kids can play\",\"potentialAction\":[{\"@type\":\"SearchAction\",\"target\":{\"@type\":\"EntryPoint\",\"urlTemplate\":\"https:\\\/\\\/kidsportcanada.ca\\\/british-columbia\\\/north-shore-north-west-vancouver\\\/fr\\\/?s={search_term_string}\"},\"query-input\":{\"@type\":\"PropertyValueSpecification\",\"valueRequired\":true,\"valueName\":\"search_term_string\"}}],\"inLanguage\":\"fr-CA\"}]}<\/script>\n<!-- \/ Yoast SEO plugin. -->","yoast_head_json":{"title":"Contact Us - KidSport North Shore (North &amp; West Vancouver)","description":"Communiquez avec nous! Nous serons heureux de r\u00e9pondre \u00e0 vos questions ou de vous aider \u00e0 vous impliquer.","robots":{"index":"index","follow":"follow","max-snippet":"max-snippet:-1","max-image-preview":"max-image-preview:large","max-video-preview":"max-video-preview:-1"},"canonical":"https:\/\/kidsportcanada.ca\/british-columbia\/north-shore-north-west-vancouver\/fr\/contact-us\/","og_locale":"fr_CA","og_type":"article","og_title":"Contact Us - KidSport North Shore (North &amp; West Vancouver)","og_description":"Get in touch. We would be happy to answer any questions or help you get involved.","og_url":"https:\/\/kidsportcanada.ca\/british-columbia\/north-shore-north-west-vancouver\/fr\/contact-us\/","og_site_name":"North Shore (North &amp; West Vancouver)","article_modified_time":"2026-01-12T17:31:50+00:00","og_image":[{"width":1600,"height":1000,"url":"https:\/\/kidsportcanada.ca\/wp-content\/uploads\/sites\/278\/brett-levis.jpg","type":"image\/jpeg"}],"twitter_card":"summary_large_image","twitter_misc":{"Estimation du temps de lecture":"5 minutes"},"schema":{"@context":"https:\/\/schema.org","@graph":[{"@type":"WebPage","@id":"https:\/\/kidsportcanada.ca\/british-columbia\/north-shore-north-west-vancouver\/contact-us\/","url":"https:\/\/kidsportcanada.ca\/british-columbia\/north-shore-north-west-vancouver\/contact-us\/","name":"Contact Us - KidSport North Shore (North &amp; West Vancouver)","isPartOf":{"@id":"https:\/\/kidsportcanada.ca\/british-columbia\/north-shore-north-west-vancouver\/fr\/#website"},"primaryImageOfPage":{"@id":"https:\/\/kidsportcanada.ca\/british-columbia\/north-shore-north-west-vancouver\/contact-us\/#primaryimage"},"image":{"@id":"https:\/\/kidsportcanada.ca\/british-columbia\/north-shore-north-west-vancouver\/contact-us\/#primaryimage"},"thumbnailUrl":"\/wp-content\/uploads\/sites\/278\/brett-levis.jpg","datePublished":"2020-04-01T20:45:29+00:00","dateModified":"2026-01-12T17:31:50+00:00","description":"Communiquez avec nous! Nous serons heureux de r\u00e9pondre \u00e0 vos questions ou de vous aider \u00e0 vous impliquer.","breadcrumb":{"@id":"https:\/\/kidsportcanada.ca\/british-columbia\/north-shore-north-west-vancouver\/contact-us\/#breadcrumb"},"inLanguage":"fr-CA","potentialAction":[{"@type":"ReadAction","target":["https:\/\/kidsportcanada.ca\/british-columbia\/north-shore-north-west-vancouver\/contact-us\/"]}]},{"@type":"ImageObject","inLanguage":"fr-CA","@id":"https:\/\/kidsportcanada.ca\/british-columbia\/north-shore-north-west-vancouver\/contact-us\/#primaryimage","url":"\/wp-content\/uploads\/sites\/278\/brett-levis.jpg","contentUrl":"\/wp-content\/uploads\/sites\/278\/brett-levis.jpg","width":1600,"height":1000,"caption":"Brett Levis a professional soccer player having a team huddle with a group of young kids on a soccer field"},{"@type":"BreadcrumbList","@id":"https:\/\/kidsportcanada.ca\/british-columbia\/north-shore-north-west-vancouver\/contact-us\/#breadcrumb","itemListElement":[{"@type":"ListItem","position":1,"name":"Home","item":"https:\/\/kidsportcanada.ca\/british-columbia\/north-shore-north-west-vancouver\/"},{"@type":"ListItem","position":2,"name":"Contact Us"}]},{"@type":"WebSite","@id":"https:\/\/kidsportcanada.ca\/british-columbia\/north-shore-north-west-vancouver\/fr\/#website","url":"https:\/\/kidsportcanada.ca\/british-columbia\/north-shore-north-west-vancouver\/fr\/","name":"North Shore (North &amp; West Vancouver)","description":"So all kids can play","potentialAction":[{"@type":"SearchAction","target":{"@type":"EntryPoint","urlTemplate":"https:\/\/kidsportcanada.ca\/british-columbia\/north-shore-north-west-vancouver\/fr\/?s={search_term_string}"},"query-input":{"@type":"PropertyValueSpecification","valueRequired":true,"valueName":"search_term_string"}}],"inLanguage":"fr-CA"}]}},"_links":{"self":[{"href":"https:\/\/kidsportcanada.ca\/british-columbia\/north-shore-north-west-vancouver\/fr\/wp-json\/wp\/v2\/pages\/148","targetHints":{"allow":["GET"]}}],"collection":[{"href":"https:\/\/kidsportcanada.ca\/british-columbia\/north-shore-north-west-vancouver\/fr\/wp-json\/wp\/v2\/pages"}],"about":[{"href":"https:\/\/kidsportcanada.ca\/british-columbia\/north-shore-north-west-vancouver\/fr\/wp-json\/wp\/v2\/types\/page"}],"author":[{"embeddable":true,"href":"https:\/\/kidsportcanada.ca\/british-columbia\/north-shore-north-west-vancouver\/fr\/wp-json\/wp\/v2\/users\/16"}],"replies":[{"embeddable":true,"href":"https:\/\/kidsportcanada.ca\/british-columbia\/north-shore-north-west-vancouver\/fr\/wp-json\/wp\/v2\/comments?post=148"}],"version-history":[{"count":0,"href":"https:\/\/kidsportcanada.ca\/british-columbia\/north-shore-north-west-vancouver\/fr\/wp-json\/wp\/v2\/pages\/148\/revisions"}],"wp:featuredmedia":[{"embeddable":true,"href":"https:\/\/kidsportcanada.ca\/british-columbia\/north-shore-north-west-vancouver\/fr\/wp-json\/wp\/v2\/media\/190"}],"wp:attachment":[{"href":"https:\/\/kidsportcanada.ca\/british-columbia\/north-shore-north-west-vancouver\/fr\/wp-json\/wp\/v2\/media?parent=148"}],"curies":[{"name":"wp","href":"https:\/\/api.w.org\/{rel}","templated":true}]}}