
{"id":37,"date":"2020-03-13T16:16:56","date_gmt":"2020-03-13T16:16:56","guid":{"rendered":"http:\/\/kidsportcanada.ca\/north-shore-north-west-vancouver\/?page_id=37"},"modified":"2026-02-26T17:37:45","modified_gmt":"2026-02-26T17:37:45","slug":"home","status":"publish","type":"page","link":"https:\/\/kidsportcanada.ca\/british-columbia\/north-shore-north-west-vancouver\/fr\/","title":{"rendered":"Home"},"content":{"rendered":"<br \/>\n<h1>\n\t\t\t Welcome To\t<\/h1>\n\t\t\t<a href=\"https:\/\/kidsport.smartsimple.ca\/s_Login.jsp\" target=\"_blank\" rel=\"noopener\">\n\t\t\t\t\t\t\tAPPLY FOR A GRANT TODAY\n\t\t\t<\/a>\n<h2>\n\t\t\twhat we do\t<\/h2>\n<h4>\n\t\t\tKidSport North Shore (North &amp; West Vancouver)\t<\/h4>\n\t<h3>We provide grants to help cover the costs of registration fees so that all kids aged 18 and under in North Shore (North &amp; West Vancouver) can play a season of sport.<\/h3>\n<p>&nbsp;<\/p>\n<h3>Notre section accepte les demandes et administre les subventions pouvant atteindre <strong>$400 per child\/year<\/strong>, for kids who live in North Shore (North &amp; West Vancouver), or in one of the other communities we serve. If you live outside of North Shore (North &amp; West Vancouver) please contact the <a href=\"https:\/\/kidsportcanada.ca\/british-columbia\/north-shore-north-west-vancouver\/fr\/british-columbia\/\">bureau provincial<\/a> pour trouver la section la plus pr\u00e8s de chez vous ou obtenir de l\u2019aide par l\u2019interm\u00e9diaire du fonds provincial.<\/h3>\n\t\t\t<a href=\"https:\/\/kidsportcanada.ca\/british-columbia\/north-shore-north-west-vancouver\/fr\/apply-for-a-grant\/\" target=\"_self\">\n\t\t\t\t\t\t\tDEMANDER UNE SUBVENTION\n\t\t\t<\/a>\n<h5>\n\t\t\tCommuniquer\t<\/h5>\n\t    <span class=\"socialmedia-links fl-icon-group\">\n        <!------------------ Facebook ------------------>\n        <span class=\"fl-icon facebook\">\n                            <a href=\"https:\/\/www.facebook.com\/kidsportnorthshore\/\" target=\"_blank\" aria-label=\"link to https:\/\/www.facebook.com\/kidsportcanada\/\" rel=\"noopener\"[soci>\n                    <i class=\"fab fa-facebook-square\" aria-hidden=\"true\"><\/i>\n                <\/a>\n                    <\/span>\n\t\t<!------------------ Facebook 2 ------------------>\n        <span class=\"fl-icon facebook\">\n                    <\/span>\n        <!------------------ Twitter ------------------>\n        <span class=\"fl-icon twitter\">\n                            <a href=\"https:\/\/twitter.com\/kidsportns\" target=\"_blank\" aria-label=\"link to https:\/\/twitter.com\/kidsport\/\" rel=\"noopener\">\n                    <i class=\"fab fa-twitter\" aria-hidden=\"true\"><\/i>\n                <\/a>\n                    <\/span>\n        <!------------------ Instagram ------------------>\n        <span class=\"fl-icon instagram\">\n                            <a href=\"https:\/\/www.instagram.com\/kidsportnorthshore\/\" target=\"_blank\" aria-label=\"link to https:\/\/www.instagram.com\/kidsport.canada\/\" rel=\"noopener\">\n                    <i class=\"fab fa-instagram\" aria-hidden=\"true\"><\/i>\n                <\/a>\n                    <\/span>\n        <!------------------ YouTube ------------------>\n        <span class=\"fl-icon youtube\">\n                            <a href=\"https:\/\/www.youtube.com\/channel\/UCa9CXbSRkCiQODdFWM3mEow\" target=\"_blank\" aria-label=\"link to https:\/\/www.youtube.com\/user\/KidSportCanada\" rel=\"noopener\">\n                    <i class=\"fab fa-youtube\" aria-hidden=\"true\"><\/i>\n                <\/a>\n                    <\/span>\n    <\/span>\n    \n\t<p><a href=\"https:\/\/ca.linkedin.com\/in\/kidsport-north-shore-582087328\" target=\"_blank\" rel=\"noopener\">LinkedIn<\/a><\/p>\n\t<h3>&#8220;We gratefully acknowledge the financial support of the Province of British Columbia through the Ministry of Tourism, Arts, Culture and Sport.&#8221;<br \/>\n&#8211; Sport BC<\/h3>\n<h2>\n\t\t\tDERNI\u00c8RES\t<\/h2>\n<h4>\n\t\t\tNews &amp; Stories\t<\/h4>\n    <h5>News &amp; Stories<\/h5>\n    <h5>\u00c9V\u00c9NEMENTS<\/h5>\n<h2>\n\t\t\tINCIDENCE 100 % LOCALE\t<\/h2>\n<h4>\n\t\t\tAll funds raised by Kidsport North Shore (North &amp; West Vancouver, including Lions Bay &amp; Bowen Island) stay in our community to get local kids off the sidelines and into a season of sport. Let&#8217;s work together to build strong kids and strong communities!\t<\/h4>\n    <a href=\"https:\/\/kidsportcanada.ca\/british-columbia\/north-shore-north-west-vancouver\/fr\/donate\/\">\n            <br \/>DONNER<br \/>MAINTENANT\n    <\/a>\n\t\t<!-- Comment to fix spacing issue\n\t-->\n\t\t<h1>$0<\/h1>\n\t<!-- Comment to fix spacing issue\n\t-->\t\n<h3>\n\t\t\tGranted to kids in North Shore (North &amp; West Vancouver) last year.\t<\/h3>\n\t\t<!-- Comment to fix spacing issue\n\t-->\n\t\t<h1>0<\/h1>\n\t<!-- Comment to fix spacing issue\n\t-->\t\n<h3>\n\t\t\tKids helped off the sidelines in North Shore (North &amp; West Vancouver) last year.\t<\/h3>\n<h3>\n\t\t\tEn appuyant SportJeunesse, nous gagnons tous. Quand les enfants ont acc\u00e8s au sport, ils s\u2019am\u00e9liorent \u00e0 l\u2019\u00e9cole, deviennent de solides leaders, cr\u00e9ent des communaut\u00e9s s\u00fbres, catalysent l\u2019inclusivit\u00e9 et adoptent des habitudes saines pour la vie.\t<\/h3>\n<h2>\n\t\t\tOUR Team\t<\/h2>\n<h3>\n\t\t\tKidSport North Shore (North &amp; West Vancouver) is made possible thanks to passionate volunteers and our incredible partners. Together we&#8217;re making it so no kid in North Shore (North &amp; West Vancouver) is left watching from the sidelines.\t<\/h3>\n\t<h3><strong>Conseil d\u2019administration<\/strong><\/h3>\n<p>Scott Macfarlane (Chairperson)<\/p>\n<p>Alice Benson<\/p>\n<p>Angie Mackie<\/p>\n<p>Justin Szott<\/p>\n<p>Shannon Webster<\/p>\n<p><em>Learn more about <a href=\"https:\/\/kidsportcanada.ca\/british-columbia\/north-shore-north-west-vancouver\/fr\/contact-us\/\">Our Board.<\/a><\/em><\/p>\n<h1>\n\t\t\tAMBASSADEURS\t<\/h1>\n\t\t\t\t\t<a role=\"heading\" id=\"fl-accordion--label-0\">Notable Teammates<\/a>\n\t\t\t\t\t\t\t\t\t\t\t<button type=\"button\" id=\"fl-accordion--icon-0\" aria-expanded=\"false\" aria-controls=\"fl-accordion--panel-0\"><i>Expand<\/i><\/button>\n\t\t\t\t\t<p>HomeRun Softball Tournament<\/p>\n<p>Dodgeball BC<\/p>\n<p>North Vancouver Community Sport &amp; Recreation Advisory Council<\/p>\n<p>Canlan Ice Sports &#8211; North Shore<\/p>\n<p>&nbsp;<\/p>\n\t\t\t\t\t<a role=\"heading\" id=\"fl-accordion--label-0\">Foundations <\/a>\n\t\t\t\t\t\t\t\t\t\t\t<button type=\"button\" id=\"fl-accordion--icon-0\" aria-expanded=\"false\" aria-controls=\"fl-accordion--panel-0\"><i>Expand<\/i><\/button>\n\t\t\t\t\t<p>West Vancouver Foundation<\/p>\n<p>Senft Family Foundation<\/p>\n\t\t\t\t\t<a role=\"heading\" id=\"fl-accordion--label-0\">Businesses<\/a>\n\t\t\t\t\t\t\t\t\t\t\t<button type=\"button\" id=\"fl-accordion--icon-0\" aria-expanded=\"false\" aria-controls=\"fl-accordion--panel-0\"><i>Expand<\/i><\/button>\n\t\t\t\t\t<p>Neptune Terminals<\/p>\n<p>Thrifty Foods<\/p>\n<p>Chubb<\/p>\n<p>Blue Shore Financial<\/p>\n<p>Innovative Fitness<\/p>\n<p>Genus<\/p>\n<p>Harris and Company<\/p>\n<p>Panago Pizza<\/p>\n<p>Qubecore<\/p>\n<p>Soprema<\/p>\n<p>Saputo Canada<\/p>\n\t\t\t\t\t<a role=\"heading\" id=\"fl-accordion--label-0\">Clubs <\/a>\n\t\t\t\t\t\t\t\t\t\t\t<button type=\"button\" id=\"fl-accordion--icon-0\" aria-expanded=\"false\" aria-controls=\"fl-accordion--panel-0\"><i>Expand<\/i><\/button>\n\t\t\t\t\t<p>Lynn Valley Lions Club<\/p>\n\t\t\t\t\t<a role=\"heading\" id=\"fl-accordion--label-0\">Community Supporters <\/a>\n\t\t\t\t\t\t\t\t\t\t\t<button type=\"button\" id=\"fl-accordion--icon-0\" aria-expanded=\"false\" aria-controls=\"fl-accordion--panel-0\"><i>Expand<\/i><\/button>\n\t\t\t\t\t<p>Dodgeball BC<\/p>\n<p>North Vancouver Sports Advisory Council<\/p>\n<p>North Shore News<\/p>\n<p>North Shore Chamber of Commerce<\/p>","protected":false},"excerpt":{"rendered":"<p>Welcome To APPLY FOR A GRANT TODAY what we do KidSport North Shore (North &amp; West Vancouver) We provide grants to help cover the costs of registration fees so that all kids aged 18 and under in North Shore (North &amp; West Vancouver) can play a season of sport. &nbsp; Our chapter accepts applications and&hellip;<\/p>","protected":false},"author":16,"featured_media":195,"parent":0,"menu_order":0,"comment_status":"closed","ping_status":"closed","template":"","meta":{"_acf_changed":false,"footnotes":""},"class_list":["post-37","page","type-page","status-publish","has-post-thumbnail","hentry"],"acf":[],"yoast_head":"<!-- This site is optimized with the Yoast SEO plugin v27.3 - https:\/\/yoast.com\/product\/yoast-seo-wordpress\/ -->\n<title>Home - KidSport North Shore (North &amp; West Vancouver)<\/title>\n<meta name=\"description\" content=\"KidSport provides grants to help cover the costs of registration fees so that ALL kids aged 18 and under can play a season of sport.\" \/>\n<meta name=\"robots\" content=\"index, follow, max-snippet:-1, max-image-preview:large, max-video-preview:-1\" \/>\n<link rel=\"canonical\" href=\"https:\/\/kidsportcanada.ca\/british-columbia\/north-shore-north-west-vancouver\/fr\/\" \/>\n<meta property=\"og:locale\" content=\"fr_CA\" \/>\n<meta property=\"og:type\" content=\"article\" \/>\n<meta property=\"og:title\" content=\"Home - KidSport North Shore (North &amp; West Vancouver)\" \/>\n<meta property=\"og:description\" content=\"KidSport provides grants to help cover the costs of registration fees so that ALL kids aged 18 and under can play a season of sport.\" \/>\n<meta property=\"og:url\" content=\"https:\/\/kidsportcanada.ca\/british-columbia\/north-shore-north-west-vancouver\/fr\/\" \/>\n<meta property=\"og:site_name\" content=\"North Shore (North &amp; West Vancouver)\" \/>\n<meta property=\"article:modified_time\" content=\"2026-02-26T17:37:45+00:00\" \/>\n<meta property=\"og:image\" content=\"https:\/\/kidsportcanada.ca\/wp-content\/uploads\/sites\/278\/kidsport-chapter-home-1.jpg\" \/>\n\t<meta property=\"og:image:width\" content=\"1600\" \/>\n\t<meta property=\"og:image:height\" content=\"1000\" \/>\n\t<meta property=\"og:image:type\" content=\"image\/jpeg\" \/>\n<meta name=\"twitter:card\" content=\"summary_large_image\" \/>\n<meta name=\"twitter:label1\" content=\"Estimation du temps de lecture\" \/>\n\t<meta name=\"twitter:data1\" content=\"2 minutes\" \/>\n<script type=\"application\/ld+json\" class=\"yoast-schema-graph\">{\"@context\":\"https:\\\/\\\/schema.org\",\"@graph\":[{\"@type\":\"WebPage\",\"@id\":\"https:\\\/\\\/kidsportcanada.ca\\\/british-columbia\\\/north-shore-north-west-vancouver\\\/\",\"url\":\"https:\\\/\\\/kidsportcanada.ca\\\/british-columbia\\\/north-shore-north-west-vancouver\\\/\",\"name\":\"Home - KidSport North Shore (North &amp; West Vancouver)\",\"isPartOf\":{\"@id\":\"https:\\\/\\\/kidsportcanada.ca\\\/british-columbia\\\/north-shore-north-west-vancouver\\\/fr\\\/#website\"},\"primaryImageOfPage\":{\"@id\":\"https:\\\/\\\/kidsportcanada.ca\\\/british-columbia\\\/north-shore-north-west-vancouver\\\/#primaryimage\"},\"image\":{\"@id\":\"https:\\\/\\\/kidsportcanada.ca\\\/british-columbia\\\/north-shore-north-west-vancouver\\\/#primaryimage\"},\"thumbnailUrl\":\"\\\/wp-content\\\/uploads\\\/sites\\\/278\\\/kidsport-chapter-home-1.jpg\",\"datePublished\":\"2020-03-13T16:16:56+00:00\",\"dateModified\":\"2026-02-26T17:37:45+00:00\",\"description\":\"KidSport provides grants to help cover the costs of registration fees so that ALL kids aged 18 and under can play a season of sport.\",\"breadcrumb\":{\"@id\":\"https:\\\/\\\/kidsportcanada.ca\\\/british-columbia\\\/north-shore-north-west-vancouver\\\/#breadcrumb\"},\"inLanguage\":\"fr-CA\",\"potentialAction\":[{\"@type\":\"ReadAction\",\"target\":[\"https:\\\/\\\/kidsportcanada.ca\\\/british-columbia\\\/north-shore-north-west-vancouver\\\/\"]}]},{\"@type\":\"ImageObject\",\"inLanguage\":\"fr-CA\",\"@id\":\"https:\\\/\\\/kidsportcanada.ca\\\/british-columbia\\\/north-shore-north-west-vancouver\\\/#primaryimage\",\"url\":\"\\\/wp-content\\\/uploads\\\/sites\\\/278\\\/kidsport-chapter-home-1.jpg\",\"contentUrl\":\"\\\/wp-content\\\/uploads\\\/sites\\\/278\\\/kidsport-chapter-home-1.jpg\",\"width\":1600,\"height\":1000,\"caption\":\"A hockey player wearing red and black stopping on an indoor ice rink and looking at the camera\"},{\"@type\":\"BreadcrumbList\",\"@id\":\"https:\\\/\\\/kidsportcanada.ca\\\/british-columbia\\\/north-shore-north-west-vancouver\\\/#breadcrumb\",\"itemListElement\":[{\"@type\":\"ListItem\",\"position\":1,\"name\":\"Home\",\"item\":\"https:\\\/\\\/kidsportcanada.ca\\\/british-columbia\\\/north-shore-north-west-vancouver\\\/\"},{\"@type\":\"ListItem\",\"position\":2,\"name\":\"Home\"}]},{\"@type\":\"WebSite\",\"@id\":\"https:\\\/\\\/kidsportcanada.ca\\\/british-columbia\\\/north-shore-north-west-vancouver\\\/fr\\\/#website\",\"url\":\"https:\\\/\\\/kidsportcanada.ca\\\/british-columbia\\\/north-shore-north-west-vancouver\\\/fr\\\/\",\"name\":\"North Shore (North &amp; West Vancouver)\",\"description\":\"So all kids can play\",\"potentialAction\":[{\"@type\":\"SearchAction\",\"target\":{\"@type\":\"EntryPoint\",\"urlTemplate\":\"https:\\\/\\\/kidsportcanada.ca\\\/british-columbia\\\/north-shore-north-west-vancouver\\\/fr\\\/?s={search_term_string}\"},\"query-input\":{\"@type\":\"PropertyValueSpecification\",\"valueRequired\":true,\"valueName\":\"search_term_string\"}}],\"inLanguage\":\"fr-CA\"}]}<\/script>\n<!-- \/ Yoast SEO plugin. -->","yoast_head_json":{"title":"Home - KidSport North Shore (North &amp; West Vancouver)","description":"Nous fournissons des subventions pour aider \u00e0 couvrir le co\u00fbt des frais d\u2019inscription afin que tous les enfants de 18 ans et moins puissent pratiquer un sport pendant une saison.","robots":{"index":"index","follow":"follow","max-snippet":"max-snippet:-1","max-image-preview":"max-image-preview:large","max-video-preview":"max-video-preview:-1"},"canonical":"https:\/\/kidsportcanada.ca\/british-columbia\/north-shore-north-west-vancouver\/fr\/","og_locale":"fr_CA","og_type":"article","og_title":"Home - KidSport North Shore (North &amp; West Vancouver)","og_description":"KidSport provides grants to help cover the costs of registration fees so that ALL kids aged 18 and under can play a season of sport.","og_url":"https:\/\/kidsportcanada.ca\/british-columbia\/north-shore-north-west-vancouver\/fr\/","og_site_name":"North Shore (North &amp; West Vancouver)","article_modified_time":"2026-02-26T17:37:45+00:00","og_image":[{"width":1600,"height":1000,"url":"https:\/\/kidsportcanada.ca\/wp-content\/uploads\/sites\/278\/kidsport-chapter-home-1.jpg","type":"image\/jpeg"}],"twitter_card":"summary_large_image","twitter_misc":{"Estimation du temps de lecture":"2 minutes"},"schema":{"@context":"https:\/\/schema.org","@graph":[{"@type":"WebPage","@id":"https:\/\/kidsportcanada.ca\/british-columbia\/north-shore-north-west-vancouver\/","url":"https:\/\/kidsportcanada.ca\/british-columbia\/north-shore-north-west-vancouver\/","name":"Home - KidSport North Shore (North &amp; West Vancouver)","isPartOf":{"@id":"https:\/\/kidsportcanada.ca\/british-columbia\/north-shore-north-west-vancouver\/fr\/#website"},"primaryImageOfPage":{"@id":"https:\/\/kidsportcanada.ca\/british-columbia\/north-shore-north-west-vancouver\/#primaryimage"},"image":{"@id":"https:\/\/kidsportcanada.ca\/british-columbia\/north-shore-north-west-vancouver\/#primaryimage"},"thumbnailUrl":"\/wp-content\/uploads\/sites\/278\/kidsport-chapter-home-1.jpg","datePublished":"2020-03-13T16:16:56+00:00","dateModified":"2026-02-26T17:37:45+00:00","description":"Nous fournissons des subventions pour aider \u00e0 couvrir le co\u00fbt des frais d\u2019inscription afin que tous les enfants de 18 ans et moins puissent pratiquer un sport pendant une saison.","breadcrumb":{"@id":"https:\/\/kidsportcanada.ca\/british-columbia\/north-shore-north-west-vancouver\/#breadcrumb"},"inLanguage":"fr-CA","potentialAction":[{"@type":"ReadAction","target":["https:\/\/kidsportcanada.ca\/british-columbia\/north-shore-north-west-vancouver\/"]}]},{"@type":"ImageObject","inLanguage":"fr-CA","@id":"https:\/\/kidsportcanada.ca\/british-columbia\/north-shore-north-west-vancouver\/#primaryimage","url":"\/wp-content\/uploads\/sites\/278\/kidsport-chapter-home-1.jpg","contentUrl":"\/wp-content\/uploads\/sites\/278\/kidsport-chapter-home-1.jpg","width":1600,"height":1000,"caption":"A hockey player wearing red and black stopping on an indoor ice rink and looking at the camera"},{"@type":"BreadcrumbList","@id":"https:\/\/kidsportcanada.ca\/british-columbia\/north-shore-north-west-vancouver\/#breadcrumb","itemListElement":[{"@type":"ListItem","position":1,"name":"Home","item":"https:\/\/kidsportcanada.ca\/british-columbia\/north-shore-north-west-vancouver\/"},{"@type":"ListItem","position":2,"name":"Home"}]},{"@type":"WebSite","@id":"https:\/\/kidsportcanada.ca\/british-columbia\/north-shore-north-west-vancouver\/fr\/#website","url":"https:\/\/kidsportcanada.ca\/british-columbia\/north-shore-north-west-vancouver\/fr\/","name":"North Shore (North &amp; West Vancouver)","description":"So all kids can play","potentialAction":[{"@type":"SearchAction","target":{"@type":"EntryPoint","urlTemplate":"https:\/\/kidsportcanada.ca\/british-columbia\/north-shore-north-west-vancouver\/fr\/?s={search_term_string}"},"query-input":{"@type":"PropertyValueSpecification","valueRequired":true,"valueName":"search_term_string"}}],"inLanguage":"fr-CA"}]}},"_links":{"self":[{"href":"https:\/\/kidsportcanada.ca\/british-columbia\/north-shore-north-west-vancouver\/fr\/wp-json\/wp\/v2\/pages\/37","targetHints":{"allow":["GET"]}}],"collection":[{"href":"https:\/\/kidsportcanada.ca\/british-columbia\/north-shore-north-west-vancouver\/fr\/wp-json\/wp\/v2\/pages"}],"about":[{"href":"https:\/\/kidsportcanada.ca\/british-columbia\/north-shore-north-west-vancouver\/fr\/wp-json\/wp\/v2\/types\/page"}],"author":[{"embeddable":true,"href":"https:\/\/kidsportcanada.ca\/british-columbia\/north-shore-north-west-vancouver\/fr\/wp-json\/wp\/v2\/users\/16"}],"replies":[{"embeddable":true,"href":"https:\/\/kidsportcanada.ca\/british-columbia\/north-shore-north-west-vancouver\/fr\/wp-json\/wp\/v2\/comments?post=37"}],"version-history":[{"count":0,"href":"https:\/\/kidsportcanada.ca\/british-columbia\/north-shore-north-west-vancouver\/fr\/wp-json\/wp\/v2\/pages\/37\/revisions"}],"wp:featuredmedia":[{"embeddable":true,"href":"https:\/\/kidsportcanada.ca\/british-columbia\/north-shore-north-west-vancouver\/fr\/wp-json\/wp\/v2\/media\/195"}],"wp:attachment":[{"href":"https:\/\/kidsportcanada.ca\/british-columbia\/north-shore-north-west-vancouver\/fr\/wp-json\/wp\/v2\/media?parent=37"}],"curies":[{"name":"wp","href":"https:\/\/api.w.org\/{rel}","templated":true}]}}