
{"id":136,"date":"2020-04-01T18:27:16","date_gmt":"2020-04-01T18:27:16","guid":{"rendered":"http:\/\/kidsportcanada.ca\/richmond\/?page_id=136"},"modified":"2026-02-22T19:08:57","modified_gmt":"2026-02-22T19:08:57","slug":"donate","status":"publish","type":"page","link":"https:\/\/kidsportcanada.ca\/british-columbia\/richmond\/fr\/donate\/","title":{"rendered":"Donate"},"content":{"rendered":"<h1>DONNER<\/h1>\r\n<h3>Your support provides kids from Richmond with the opportunity to grow through sport. 100% of funds raised by KidSport Richmond stay in the City of Richmond!<\/h3>\r\n<p><a role=\"button\" href=\"https:\/\/secure.e2rm.com\/registrant\/startup.aspx?eventid=249757\" target=\"_blank\" rel=\"noopener\"> DONNER <\/a><\/p>\r\n<h2>DONATE ONLINE<\/h2>\r\n<h3>Donnez \u00e0 SportJeunesse Richmond en utilisant notre formulaire s\u00e9curis\u00e9 en ligne (il s\u2019ouvrira sous un nouvel onglet).<\/h3>\r\n<p><a role=\"button\" href=\"https:\/\/secure.e2rm.com\/registrant\/startup.aspx?eventid=249757\" target=\"_blank\" rel=\"noopener\"> DONNER <\/a> <a role=\"button\" href=\"#common-questions\" target=\"_self\" rel=\"noopener\"> QUESTIONS COURANTES <\/a><\/p>\r\n<h5>Pr\u00e9f\u00e9rez-vous donner hors ligne?<\/h5>\r\n<p>Download and send in the KidSport Donation Form. Our CRA Charitable registration number is             <span class=\"charitablenumber-div\">\n            <span>86212 5986 RR0003<\/span>\n        \n    .<\/p>\r\n<p><a role=\"button\" href=\"\/wp-content\/uploads\/sites\/94\/KidSport-BC-Donation-Form_23.pdf\" target=\"_blank\" rel=\"noopener\"> FORMULAIRE PAPIER <\/a><\/p>\r\n<h2>Le pouvoir du<\/h2>\r\n<h2>Sport<\/h2>\r\n<p>Avec votre soutien, SportJeunesse Richmond permet aux enfants d\u2019ici de b\u00e9n\u00e9ficier des avantages du sport toute leur vie durant : ils apprennent le leadership, l\u2019assiduit\u00e9, le d\u00e9vouement et la confiance en soi, et ils adoptent les habitudes et le r\u00e9seau de soutien n\u00e9cessaires pour devenir des adultes en sant\u00e9.<\/p>\r\n<p>Par le sport, les enfants ont aussi acc\u00e8s au mentorat et \u00e0 l\u2019encadrement de leaders chevronn\u00e9s, ce qui leur permet d\u2019am\u00e9liorer encore plus leurs habilet\u00e9s et de devenir nos futurs leaders communautaires.<\/p>\r\n<p>KidSport Richmond gives up to $700 per eligible kid per year, to participate in a minimum of a season of sport of their choice. Will you give the gift of sport today?<\/p>\r\n<h2>OTHER WAYS TO SUPPORT<\/h2>\r\n<h5>Donner une voiture<\/h5>\r\n<p><img loading=\"lazy\" decoding=\"async\" title=\"donate_car\" src=\"\/wp-content\/uploads\/sites\/174\/donate_car.svg\" alt=\"A car illustration\" width=\"150\" height=\"150\" \/><\/p>\r\n<p>L\u2019organisme Donate a Car Canada s\u2019occupe de la logistique afin qu\u2019il soit facile pour SportJeunesse Canada de b\u00e9n\u00e9ficier de votre ancienne voiture.<\/p>\r\n<p><a role=\"button\" href=\"https:\/\/donatecar.ca\/org\/donate.php?charitypage=KidsportCanada\" target=\"_blank\" rel=\"noopener\"> EN SAVOIR PLUS <\/a><\/p>\r\n<h5>Transfert de valeurs mobili\u00e8res<\/h5>\r\n<p><img loading=\"lazy\" decoding=\"async\" title=\"transfer_securities\" src=\"\/wp-content\/uploads\/sites\/174\/transfer_securities.svg\" alt=\"An illustration of two monetary bills\" width=\"150\" height=\"150\" \/><\/p>\r\n<p>En faisant un don d\u2019actions \u00e0 valeur accrue, de fonds communs de placement ou d\u2019options d\u2019achat d\u2019actions, vous ne payez aucun imp\u00f4t sur les gains en capital et vous recevez un re\u00e7u officiel au montant de la juste valeur marchande des valeurs mobili\u00e8res.<\/p>\r\n<p><a role=\"button\" href=\"\/wp-content\/uploads\/sites\/174\/kidsport_securities_transfer_form_website.pdf\" target=\"_blank\" rel=\"noopener\"> DEMANDE DE TRANSFERT <\/a><\/p>\r\n<h5>Don planifi\u00e9<\/h5>\r\n<p><img loading=\"lazy\" decoding=\"async\" title=\"planned_giving\" src=\"\/wp-content\/uploads\/sites\/174\/planned_giving.svg\" alt=\"An illustration of a present with a bow on the top\" width=\"150\" height=\"150\" \/><\/p>\r\n<p>Legacy donations aren&#8217;t just for the ultra-wealthy; anyone can make a plan to reduce their family&#8217;s tax burden by donating to KidSport in their will.<\/p>\r\n<p><a role=\"button\" href=\"https:\/\/kidsportcanada.ca\/british-columbia\/richmond\/fr\/contact-us\/\" target=\"_self\" rel=\"noopener\"> CONTACTEZ-NOUS <\/a><\/p>\r\n<h5>Devenir un partenaire<\/h5>\r\n<p><img loading=\"lazy\" decoding=\"async\" title=\"become_partner\" src=\"\/wp-content\/uploads\/sites\/174\/become_partner.svg\" alt=\"A participation ribbon with a heart on it\" width=\"150\" height=\"150\" \/><\/p>\r\n<p>SportJeunesse est un organisme caritatif communautaire et les entreprises locales sont essentielles \u00e0 sa mission. Aidez notre communaut\u00e9 \u00e0 devenir plus forte en vous associant \u00e0 SportJeunesse d\u00e8s maintenant!<\/p>\r\n<p><a role=\"button\" href=\"https:\/\/kidsportcanada.ca\/british-columbia\/richmond\/fr\/contact-us\/\" target=\"_self\" rel=\"noopener\"> EN SAVOIR PLUS <\/a><\/p>\r\n<h2>QUESTIONS COURANTES<\/h2>\r\n<p><a id=\"fl-accordion--label-0\" href=\"#\">Mon don est-il s\u00e9curis\u00e9?<\/a> <a id=\"fl-accordion--icon-0\" href=\"#\"><i>Expand<\/i><\/a><\/p>\r\n<p>Oui. Les dons faits \u00e0 SportJeunesse sont trait\u00e9s par FrontStream, l\u2019une des plus importantes plateformes nationales de collecte de fonds. Vos donn\u00e9es de carte de cr\u00e9dit sont s\u00e9curis\u00e9es et jamais nous ne vendrons ni ne divulguerons vos renseignements personnels.<\/p>\r\n<p><a id=\"fl-accordion--label-1\" href=\"#\">Mon don est-il d\u00e9ductible du revenu imposable?<\/a> <a id=\"fl-accordion--icon-1\" href=\"#\"><i>Expand<\/i><\/a><\/p>\r\n<p>Yes, eligible donations over $20 will receive a tax receipt from KidSport . Donate online to receive a receipt automatically and save a tree! Offline donations will be receipted by the end of the following quarter.<\/p>\r\n<p><a id=\"fl-accordion--label-2\" href=\"#\">Puis-je faire un don mensuel r\u00e9current?<\/a> <a id=\"fl-accordion--icon-2\" href=\"#\"><i>Expand<\/i><\/a><\/p>\r\n<p>You sure can! Monthly donors sustain our organization by providing reliable funding &#8211; and a big impact! Just $25 a month adds up to help a kid in one year.<\/p>\r\n<p>Simply select &#8220;Monthly Gift&#8221; at the top of our online donation form, or check the &#8220;Monthly GIft&#8221; box on the paper donation form. Your monthly donation will show up on your credit card statement, on the same date and for the same amount as your first gift.<\/p>\r\n<p><a id=\"fl-accordion--label-3\" href=\"#\">\u00c0 quoi sert mon don?<\/a> <a id=\"fl-accordion--icon-3\" href=\"#\"><i>Expand<\/i><\/a><\/p>\r\n<p>Every donation to KidSport Richmond is used to help kids get off the sidelines and into a season of sport. Less than 5% of your donation may be used to cover operational costs. The balance is used to provide grants to cover registration fees for kids right here in Richmond.<\/p>\r\n<p><a id=\"fl-accordion--label-4\" href=\"#\">\u00c0 qui dois-je adresser mes questions?<\/a> <a id=\"fl-accordion--icon-4\" href=\"#\"><i>Expand<\/i><\/a><\/p>\r\n<p>You can always reach out to the volunteers at KidSport Richmond for support. We&#8217;re happy to help.<\/p>\r\n<p>Please get in touch via email at             <span class=\"emailaddress-div\">\n            <a href=\"mailto:kidsportrichmond@sportbc.com\">kidsportrichmond@sportbc.com<\/a>\n             or call                 <a href=\"tel:1-888-914-5437\">1-888-914-5437<\/a>\n        <\/span>\n    .<\/p>\r\n<p><a id=\"fl-accordion--label-5\" href=\"#\">Mon don restera-t-il dans une communaut\u00e9 en particulier?<\/a> <a id=\"fl-accordion--icon-5\" href=\"#\"><i>Expand<\/i><\/a><\/p>\r\n<p>Yes! Donations made to KidSport Richmond will always stay local to help kids who live in the City of Richmond.<\/p>\r\n<p><a id=\"fl-accordion--label-6\" href=\"#\">I&#8217;d like to fundraise for KidSport Richmond &#8211; how can I get started?<\/a> <a id=\"fl-accordion--icon-6\" href=\"#\"><i>Expand<\/i><\/a><\/p>\r\n<p>We&#8217;re ready to team up with you on whatever fundraising ideas you have! Please reach out by emailing             <span class=\"emailaddress-div\">\n            <a href=\"mailto:kidsportrichmond@sportbc.com\">kidsportrichmond@sportbc.com<\/a>\n             with a quick description of your fundraising interests and we&#8217;ll get back to you.<\/p>\r\n<h2>Le coin de ambassadeur<br \/>Brett Levis<\/h2>\r\n<h3>Voyez les raisons pour lesquelles Brett Levis, joueur des Whitecaps de Vancouver, appuie SportJeunesse.<\/h3>\r\n<p><a href=\"\/british-columbia\/richmond\/fr\/void(0)\/\" target=\"_self\" rel=\"noopener\" aria-label=\"REGARDER LE FILM\"> REGARDER LE FILM <\/a> <a href=\"\/british-columbia\/richmond\/fr\/void(0)\/\" target=\"_self\" rel=\"noopener\" aria-label=\"REGARDER LE FILM\"> REGARDER LE FILM <\/a><\/p>","protected":false},"excerpt":{"rendered":"<p>DONATE NOW Your support provides kids from Richmond with the opportunity to grow through sport. 100% of funds raised by KidSport Richmond stay in the City of Richmond! DONATE NOW DONATE ONLINE Donate to KidSport Richmond using our secure online form (will open in a new tab). DONATE NOW COMMON QUESTIONS PREFER TO DONATE OFFLINE?&hellip;<\/p>","protected":false},"author":16,"featured_media":192,"parent":0,"menu_order":0,"comment_status":"closed","ping_status":"closed","template":"","meta":{"_acf_changed":false,"footnotes":""},"class_list":["post-136","page","type-page","status-publish","has-post-thumbnail","hentry"],"acf":[],"yoast_head":"<!-- This site is optimized with the Yoast SEO plugin v27.4 - https:\/\/yoast.com\/product\/yoast-seo-wordpress\/ -->\n<title>Donate - KidSport Richmond<\/title>\n<meta name=\"description\" content=\"Your financial support provides kids with the opportunity to grow through sport. Donate to kidSport securely online or by mail.\" \/>\n<meta name=\"robots\" content=\"index, follow, max-snippet:-1, max-image-preview:large, max-video-preview:-1\" \/>\n<link rel=\"canonical\" href=\"https:\/\/kidsportcanada.ca\/british-columbia\/richmond\/fr\/donate\/\" \/>\n<meta property=\"og:locale\" content=\"fr_CA\" \/>\n<meta property=\"og:type\" content=\"article\" \/>\n<meta property=\"og:title\" content=\"Donate - KidSport Richmond\" \/>\n<meta property=\"og:description\" content=\"Your financial support provides kids with the opportunity to grow through sport. Donate to kidSport securely online or by mail.\" \/>\n<meta property=\"og:url\" content=\"https:\/\/kidsportcanada.ca\/british-columbia\/richmond\/fr\/donate\/\" \/>\n<meta property=\"og:site_name\" content=\"Richmond\" \/>\n<meta property=\"article:modified_time\" content=\"2026-02-22T19:08:57+00:00\" \/>\n<meta property=\"og:image\" content=\"https:\/\/kidsportcanada.ca\/wp-content\/uploads\/sites\/174\/donate-today-headline.jpg\" \/>\n\t<meta property=\"og:image:width\" content=\"1600\" \/>\n\t<meta property=\"og:image:height\" content=\"1000\" \/>\n\t<meta property=\"og:image:type\" content=\"image\/jpeg\" \/>\n<meta name=\"twitter:card\" content=\"summary_large_image\" \/>\n<meta name=\"twitter:label1\" content=\"Estimation du temps de lecture\" \/>\n\t<meta name=\"twitter:data1\" content=\"3 minutes\" \/>\n<script type=\"application\/ld+json\" class=\"yoast-schema-graph\">{\"@context\":\"https:\\\/\\\/schema.org\",\"@graph\":[{\"@type\":\"WebPage\",\"@id\":\"https:\\\/\\\/kidsportcanada.ca\\\/british-columbia\\\/richmond\\\/donate\\\/\",\"url\":\"https:\\\/\\\/kidsportcanada.ca\\\/british-columbia\\\/richmond\\\/donate\\\/\",\"name\":\"Donate - KidSport Richmond\",\"isPartOf\":{\"@id\":\"https:\\\/\\\/kidsportcanada.ca\\\/british-columbia\\\/richmond\\\/fr\\\/#website\"},\"primaryImageOfPage\":{\"@id\":\"https:\\\/\\\/kidsportcanada.ca\\\/british-columbia\\\/richmond\\\/donate\\\/#primaryimage\"},\"image\":{\"@id\":\"https:\\\/\\\/kidsportcanada.ca\\\/british-columbia\\\/richmond\\\/donate\\\/#primaryimage\"},\"thumbnailUrl\":\"\\\/wp-content\\\/uploads\\\/sites\\\/174\\\/donate-today-headline.jpg\",\"datePublished\":\"2020-04-01T18:27:16+00:00\",\"dateModified\":\"2026-02-22T19:08:57+00:00\",\"description\":\"Your financial support provides kids with the opportunity to grow through sport. Donate to kidSport securely online or by mail.\",\"breadcrumb\":{\"@id\":\"https:\\\/\\\/kidsportcanada.ca\\\/british-columbia\\\/richmond\\\/donate\\\/#breadcrumb\"},\"inLanguage\":\"fr-CA\",\"potentialAction\":[{\"@type\":\"ReadAction\",\"target\":[\"https:\\\/\\\/kidsportcanada.ca\\\/british-columbia\\\/richmond\\\/donate\\\/\"]}]},{\"@type\":\"ImageObject\",\"inLanguage\":\"fr-CA\",\"@id\":\"https:\\\/\\\/kidsportcanada.ca\\\/british-columbia\\\/richmond\\\/donate\\\/#primaryimage\",\"url\":\"\\\/wp-content\\\/uploads\\\/sites\\\/174\\\/donate-today-headline.jpg\",\"contentUrl\":\"\\\/wp-content\\\/uploads\\\/sites\\\/174\\\/donate-today-headline.jpg\",\"width\":1600,\"height\":1000,\"caption\":\"An outdoor hockey rink with a red goalie net\"},{\"@type\":\"BreadcrumbList\",\"@id\":\"https:\\\/\\\/kidsportcanada.ca\\\/british-columbia\\\/richmond\\\/donate\\\/#breadcrumb\",\"itemListElement\":[{\"@type\":\"ListItem\",\"position\":1,\"name\":\"Home\",\"item\":\"https:\\\/\\\/kidsportcanada.ca\\\/british-columbia\\\/richmond\\\/\"},{\"@type\":\"ListItem\",\"position\":2,\"name\":\"Donate\"}]},{\"@type\":\"WebSite\",\"@id\":\"https:\\\/\\\/kidsportcanada.ca\\\/british-columbia\\\/richmond\\\/fr\\\/#website\",\"url\":\"https:\\\/\\\/kidsportcanada.ca\\\/british-columbia\\\/richmond\\\/fr\\\/\",\"name\":\"Richmond\",\"description\":\"So all kids can play\",\"potentialAction\":[{\"@type\":\"SearchAction\",\"target\":{\"@type\":\"EntryPoint\",\"urlTemplate\":\"https:\\\/\\\/kidsportcanada.ca\\\/british-columbia\\\/richmond\\\/fr\\\/?s={search_term_string}\"},\"query-input\":{\"@type\":\"PropertyValueSpecification\",\"valueRequired\":true,\"valueName\":\"search_term_string\"}}],\"inLanguage\":\"fr-CA\"}]}<\/script>\n<!-- \/ Yoast SEO plugin. -->","yoast_head_json":{"title":"Donate - KidSport Richmond","description":"Gr\u00e2ce \u00e0 votre soutien, les enfants ont l\u2019occasion de se d\u00e9velopper par le sport.","robots":{"index":"index","follow":"follow","max-snippet":"max-snippet:-1","max-image-preview":"max-image-preview:large","max-video-preview":"max-video-preview:-1"},"canonical":"https:\/\/kidsportcanada.ca\/british-columbia\/richmond\/fr\/donate\/","og_locale":"fr_CA","og_type":"article","og_title":"Donate - KidSport Richmond","og_description":"Your financial support provides kids with the opportunity to grow through sport. Donate to kidSport securely online or by mail.","og_url":"https:\/\/kidsportcanada.ca\/british-columbia\/richmond\/fr\/donate\/","og_site_name":"Richmond","article_modified_time":"2026-02-22T19:08:57+00:00","og_image":[{"width":1600,"height":1000,"url":"https:\/\/kidsportcanada.ca\/wp-content\/uploads\/sites\/174\/donate-today-headline.jpg","type":"image\/jpeg"}],"twitter_card":"summary_large_image","twitter_misc":{"Estimation du temps de lecture":"3 minutes"},"schema":{"@context":"https:\/\/schema.org","@graph":[{"@type":"WebPage","@id":"https:\/\/kidsportcanada.ca\/british-columbia\/richmond\/donate\/","url":"https:\/\/kidsportcanada.ca\/british-columbia\/richmond\/donate\/","name":"Donate - KidSport Richmond","isPartOf":{"@id":"https:\/\/kidsportcanada.ca\/british-columbia\/richmond\/fr\/#website"},"primaryImageOfPage":{"@id":"https:\/\/kidsportcanada.ca\/british-columbia\/richmond\/donate\/#primaryimage"},"image":{"@id":"https:\/\/kidsportcanada.ca\/british-columbia\/richmond\/donate\/#primaryimage"},"thumbnailUrl":"\/wp-content\/uploads\/sites\/174\/donate-today-headline.jpg","datePublished":"2020-04-01T18:27:16+00:00","dateModified":"2026-02-22T19:08:57+00:00","description":"Gr\u00e2ce \u00e0 votre soutien, les enfants ont l\u2019occasion de se d\u00e9velopper par le sport.","breadcrumb":{"@id":"https:\/\/kidsportcanada.ca\/british-columbia\/richmond\/donate\/#breadcrumb"},"inLanguage":"fr-CA","potentialAction":[{"@type":"ReadAction","target":["https:\/\/kidsportcanada.ca\/british-columbia\/richmond\/donate\/"]}]},{"@type":"ImageObject","inLanguage":"fr-CA","@id":"https:\/\/kidsportcanada.ca\/british-columbia\/richmond\/donate\/#primaryimage","url":"\/wp-content\/uploads\/sites\/174\/donate-today-headline.jpg","contentUrl":"\/wp-content\/uploads\/sites\/174\/donate-today-headline.jpg","width":1600,"height":1000,"caption":"An outdoor hockey rink with a red goalie net"},{"@type":"BreadcrumbList","@id":"https:\/\/kidsportcanada.ca\/british-columbia\/richmond\/donate\/#breadcrumb","itemListElement":[{"@type":"ListItem","position":1,"name":"Home","item":"https:\/\/kidsportcanada.ca\/british-columbia\/richmond\/"},{"@type":"ListItem","position":2,"name":"Donate"}]},{"@type":"WebSite","@id":"https:\/\/kidsportcanada.ca\/british-columbia\/richmond\/fr\/#website","url":"https:\/\/kidsportcanada.ca\/british-columbia\/richmond\/fr\/","name":"Richmond","description":"So all kids can play","potentialAction":[{"@type":"SearchAction","target":{"@type":"EntryPoint","urlTemplate":"https:\/\/kidsportcanada.ca\/british-columbia\/richmond\/fr\/?s={search_term_string}"},"query-input":{"@type":"PropertyValueSpecification","valueRequired":true,"valueName":"search_term_string"}}],"inLanguage":"fr-CA"}]}},"_links":{"self":[{"href":"https:\/\/kidsportcanada.ca\/british-columbia\/richmond\/fr\/wp-json\/wp\/v2\/pages\/136","targetHints":{"allow":["GET"]}}],"collection":[{"href":"https:\/\/kidsportcanada.ca\/british-columbia\/richmond\/fr\/wp-json\/wp\/v2\/pages"}],"about":[{"href":"https:\/\/kidsportcanada.ca\/british-columbia\/richmond\/fr\/wp-json\/wp\/v2\/types\/page"}],"author":[{"embeddable":true,"href":"https:\/\/kidsportcanada.ca\/british-columbia\/richmond\/fr\/wp-json\/wp\/v2\/users\/16"}],"replies":[{"embeddable":true,"href":"https:\/\/kidsportcanada.ca\/british-columbia\/richmond\/fr\/wp-json\/wp\/v2\/comments?post=136"}],"version-history":[{"count":0,"href":"https:\/\/kidsportcanada.ca\/british-columbia\/richmond\/fr\/wp-json\/wp\/v2\/pages\/136\/revisions"}],"wp:featuredmedia":[{"embeddable":true,"href":"https:\/\/kidsportcanada.ca\/british-columbia\/richmond\/fr\/wp-json\/wp\/v2\/media\/192"}],"wp:attachment":[{"href":"https:\/\/kidsportcanada.ca\/british-columbia\/richmond\/fr\/wp-json\/wp\/v2\/media?parent=136"}],"curies":[{"name":"wp","href":"https:\/\/api.w.org\/{rel}","templated":true}]}}