
{"id":148,"date":"2020-04-01T20:45:29","date_gmt":"2020-04-01T20:45:29","guid":{"rendered":"http:\/\/kidsportcanada.ca\/terrace\/?page_id=148"},"modified":"2021-11-01T17:25:08","modified_gmt":"2021-11-01T17:25:08","slug":"contact-us","status":"publish","type":"page","link":"https:\/\/kidsportcanada.ca\/british-columbia\/terrace\/fr\/contact-us\/","title":{"rendered":"Contacter"},"content":{"rendered":"<h4>\n\t\tSportJeunesse Terrace\n\t<\/h4>\n<h1>\n\t\tCONTACTEZ-NOUS\n\t<\/h1>\n<h3>\n\t\tGet in touch &#8211; we&#8217;d be happy to answer any questions or help you get involved.\n\t<\/h3>\n<h5>\n\t\tLOCAL OFFICE (for mail)\n\t<\/h5>\n\t<p>SportJeunesse Terrace<\/p>\n            <span class=\"location-div\">\n            <p>c\/o City of Terrace,<br \/>\n3215 Eby Street,<br \/>\nTerrace, BC V8G 2X8<\/p>\n            \n<h5>\n\t\tLOCAL OFFICE (for application drop off)\n\t<\/h5>\n\tTerrace Sportsplex Office\n<h5>\n\t\tCommuniquer\n\t<\/h5>\n\t\n<h5>\n\t\tDes m\u00e9dias sociaux\n\t<\/h5>\n\t    <span class=\"socialmedia-links fl-icon-group\">\n        <!------------------ Facebook ------------------>\n        <span class=\"fl-icon facebook\">\n                            <a href=\"https:\/\/www.facebook.com\/KidSportTerrace\/\" target=\"_blank\" aria-label=\"link to https:\/\/www.facebook.com\/kidsportcanada\/\" rel=\"noopener\"[soci>\n                    <i class=\"fab fa-facebook-square\" aria-hidden=\"true\"><\/i>\n                <\/a>\n                    <\/span>\n\t\t<!------------------ Facebook 2 ------------------>\n        <span class=\"fl-icon facebook\">\n                    <\/span>\n        <!------------------ Twitter ------------------>\n        <span class=\"fl-icon twitter\">\n                            <a href=\"https:\/\/twitter.com\/kidsport\/\" target=\"_blank\" aria-label=\"link to https:\/\/twitter.com\/kidsport\/\" rel=\"noopener\">\n                    <i class=\"fab fa-twitter\" aria-hidden=\"true\"><\/i>\n                <\/a>\n                    <\/span>\n        <!------------------ Instagram ------------------>\n        <span class=\"fl-icon instagram\">\n                            <a href=\"https:\/\/www.instagram.com\/kidsport.canada\/\" target=\"_blank\" aria-label=\"link to https:\/\/www.instagram.com\/kidsport.canada\/\" rel=\"noopener\">\n                    <i class=\"fab fa-instagram\" aria-hidden=\"true\"><\/i>\n                <\/a>\n                    <\/span>\n        <!------------------ YouTube ------------------>\n        <span class=\"fl-icon youtube\">\n                            <a href=\"https:\/\/www.youtube.com\/user\/KidSportCanada\" target=\"_blank\" aria-label=\"link to https:\/\/www.youtube.com\/user\/KidSportCanada\" rel=\"noopener\">\n                    <i class=\"fab fa-youtube\" aria-hidden=\"true\"><\/i>\n                <\/a>\n                    <\/span>\n    <\/span>\n    \n<h5>\n\t\tPROVINCIAL FUND GRANTS\n\t<\/h5>\n\t<p>If your community does not have a local chapter, you can still apply for a KidSport grant through the British Columbia Provincial Fund.<\/p>\n\t\t\t<a href=\"https:\/\/kidsportcanada.ca\/british-columbia\/terrace\/fr\/british-columbia\/\" target=\"_self\" role=\"button\" rel=\"noopener\">\n\t\t\t\t\t\t\tLEARN MORE &amp; APPLY HERE\n\t\t\t\t\t<\/a>\n<h2>\n\t\tChapter Directory\n\t<\/h2>\n\t\n<h2>\n\t\tCOMMON Questions\n\t<\/h2>\n\t\t\t<a href=\"#\" id=\"fl-accordion--label-0\">Comment puis-je obtenir une subvention SportJeunesse pour un enfant?<\/a>\n\t\t\t\t\t\t\t<a href=\"#\" id=\"fl-accordion--icon-0\"><i>Expand<\/i><\/a>\n\t\t<p>Si votre enfant ou un jeune que vous connaissez pouvait b\u00e9n\u00e9ficier d\u2019un coup de pouce pour participer au sport de son choix, la subvention SportJeunesse peut aider!<\/p>\n<p>Once the kid has been registered in their sport program, click the Apply for a Grant button on the top of this page to access our application form. You can drop this form off at the Terrace Sportsplex office or you can email it to kidsportterrace@sportbc.com. If you are from outside the communities that Kidsport Terrace serves, see the Provincial Fund Grants section above.<\/p>\n\t\t\t<a href=\"#\" id=\"fl-accordion--label-1\">\u00c0 qui dois-je m\u2019adresser pour faire un don?<\/a>\n\t\t\t\t\t\t\t<a href=\"#\" id=\"fl-accordion--icon-1\"><i>Expand<\/i><\/a>\n\t\t<p>Our secure online donation form is just a click away! If you have further questions about donations, please give us a call at 587-439-4322, or email <a href=\"mailto:kidsportterrace@sportbc.com\">kidsportterrace@sportbc.com<\/a> \u00a0&#8211; we&#8217;ll get back to you as soon as we can.<\/p>\n\t\t\t<a href=\"#\" id=\"fl-accordion--label-2\">\u00c0 qui dois-je m\u2019adresser pour parler de partenariats?<\/a>\n\t\t\t\t\t\t\t<a href=\"#\" id=\"fl-accordion--icon-2\"><i>Expand<\/i><\/a>\n\t\t<p>Thanks for your interest in joining the team! Please give us a call at 587-439-4322, or reach out over email at <a href=\"mailto:kidsportterrace@sportbc.com\">kidsportterrace@sportbc.com<\/a>\u00a0to get the ball rolling.<\/p>\n\t\t\t<a href=\"#\" id=\"fl-accordion--label-3\">SportJeunesse est-il un organisme de bienfaisance enregistr\u00e9?<\/a>\n\t\t\t\t\t\t\t<a href=\"#\" id=\"fl-accordion--icon-3\"><i>Expand<\/i><\/a>\n\t\t<p>Oui! SportJeunesse est une association canadienne enregistr\u00e9e de sport amateur (ACESA) et un donataire reconnu par l\u2019ARC. Notre num\u00e9ro d\u2019enregistrement est le 86212 5986 RR0003<\/p>","protected":false},"excerpt":{"rendered":"<p>KidSport Terrace CONTACT US Get in touch &#8211; we&#8217;d be happy to answer any questions or help you get involved. LOCAL OFFICE (for mail) KidSport Terrace LOCAL OFFICE (for application drop off) Terrace Sportsplex Office CONNECT GET SOCIAL PROVINCIAL FUND GRANTS If your community does not have a local chapter, you can still apply for&hellip;<\/p>","protected":false},"author":16,"featured_media":190,"parent":0,"menu_order":0,"comment_status":"closed","ping_status":"closed","template":"","meta":{"_acf_changed":false,"footnotes":""},"class_list":["post-148","page","type-page","status-publish","has-post-thumbnail","hentry"],"acf":[],"yoast_head":"<!-- This site is optimized with the Yoast SEO plugin v27.4 - https:\/\/yoast.com\/product\/yoast-seo-wordpress\/ -->\n<title>Contact Us - KidSport Terrace<\/title>\n<meta name=\"description\" content=\"Get in touch. We would be happy to answer any questions or help you get involved.\" \/>\n<meta name=\"robots\" content=\"index, follow, max-snippet:-1, max-image-preview:large, max-video-preview:-1\" \/>\n<link rel=\"canonical\" href=\"https:\/\/kidsportcanada.ca\/british-columbia\/terrace\/fr\/contact-us\/\" \/>\n<meta property=\"og:locale\" content=\"fr_CA\" \/>\n<meta property=\"og:type\" content=\"article\" \/>\n<meta property=\"og:title\" content=\"Contact Us - KidSport Terrace\" \/>\n<meta property=\"og:description\" content=\"Get in touch. We would be happy to answer any questions or help you get involved.\" \/>\n<meta property=\"og:url\" content=\"https:\/\/kidsportcanada.ca\/british-columbia\/terrace\/fr\/contact-us\/\" \/>\n<meta property=\"og:site_name\" content=\"Terrace\" \/>\n<meta property=\"article:modified_time\" content=\"2021-11-01T17:25:08+00:00\" \/>\n<meta property=\"og:image\" content=\"https:\/\/kidsportcanada.ca\/wp-content\/uploads\/sites\/179\/brett-levis.jpg\" \/>\n\t<meta property=\"og:image:width\" content=\"1600\" \/>\n\t<meta property=\"og:image:height\" content=\"1000\" \/>\n\t<meta property=\"og:image:type\" content=\"image\/jpeg\" \/>\n<meta name=\"twitter:card\" content=\"summary_large_image\" \/>\n<meta name=\"twitter:label1\" content=\"Estimation du temps de lecture\" \/>\n\t<meta name=\"twitter:data1\" content=\"1 minute\" \/>\n<script type=\"application\/ld+json\" class=\"yoast-schema-graph\">{\"@context\":\"https:\\\/\\\/schema.org\",\"@graph\":[{\"@type\":\"WebPage\",\"@id\":\"https:\\\/\\\/kidsportcanada.ca\\\/british-columbia\\\/terrace\\\/contact-us\\\/\",\"url\":\"https:\\\/\\\/kidsportcanada.ca\\\/british-columbia\\\/terrace\\\/contact-us\\\/\",\"name\":\"Contact Us - KidSport Terrace\",\"isPartOf\":{\"@id\":\"https:\\\/\\\/kidsportcanada.ca\\\/british-columbia\\\/terrace\\\/#website\"},\"primaryImageOfPage\":{\"@id\":\"https:\\\/\\\/kidsportcanada.ca\\\/british-columbia\\\/terrace\\\/contact-us\\\/#primaryimage\"},\"image\":{\"@id\":\"https:\\\/\\\/kidsportcanada.ca\\\/british-columbia\\\/terrace\\\/contact-us\\\/#primaryimage\"},\"thumbnailUrl\":\"\\\/wp-content\\\/uploads\\\/sites\\\/179\\\/brett-levis.jpg\",\"datePublished\":\"2020-04-01T20:45:29+00:00\",\"dateModified\":\"2021-11-01T17:25:08+00:00\",\"description\":\"Get in touch. We would be happy to answer any questions or help you get involved.\",\"breadcrumb\":{\"@id\":\"https:\\\/\\\/kidsportcanada.ca\\\/british-columbia\\\/terrace\\\/contact-us\\\/#breadcrumb\"},\"inLanguage\":\"fr-CA\",\"potentialAction\":[{\"@type\":\"ReadAction\",\"target\":[\"https:\\\/\\\/kidsportcanada.ca\\\/british-columbia\\\/terrace\\\/contact-us\\\/\"]}]},{\"@type\":\"ImageObject\",\"inLanguage\":\"fr-CA\",\"@id\":\"https:\\\/\\\/kidsportcanada.ca\\\/british-columbia\\\/terrace\\\/contact-us\\\/#primaryimage\",\"url\":\"\\\/wp-content\\\/uploads\\\/sites\\\/179\\\/brett-levis.jpg\",\"contentUrl\":\"\\\/wp-content\\\/uploads\\\/sites\\\/179\\\/brett-levis.jpg\",\"width\":1600,\"height\":1000,\"caption\":\"Brett Levis a professional soccer player having a team huddle with a group of young kids on a soccer field\"},{\"@type\":\"BreadcrumbList\",\"@id\":\"https:\\\/\\\/kidsportcanada.ca\\\/british-columbia\\\/terrace\\\/contact-us\\\/#breadcrumb\",\"itemListElement\":[{\"@type\":\"ListItem\",\"position\":1,\"name\":\"Home\",\"item\":\"https:\\\/\\\/kidsportcanada.ca\\\/british-columbia\\\/terrace\\\/\"},{\"@type\":\"ListItem\",\"position\":2,\"name\":\"Contact Us\"}]},{\"@type\":\"WebSite\",\"@id\":\"https:\\\/\\\/kidsportcanada.ca\\\/british-columbia\\\/terrace\\\/#website\",\"url\":\"https:\\\/\\\/kidsportcanada.ca\\\/british-columbia\\\/terrace\\\/\",\"name\":\"Terrace\",\"description\":\"So all kids can play\",\"potentialAction\":[{\"@type\":\"SearchAction\",\"target\":{\"@type\":\"EntryPoint\",\"urlTemplate\":\"https:\\\/\\\/kidsportcanada.ca\\\/british-columbia\\\/terrace\\\/?s={search_term_string}\"},\"query-input\":{\"@type\":\"PropertyValueSpecification\",\"valueRequired\":true,\"valueName\":\"search_term_string\"}}],\"inLanguage\":\"fr-CA\"}]}<\/script>\n<!-- \/ Yoast SEO plugin. -->","yoast_head_json":{"title":"Contact Us - KidSport Terrace","description":"Communiquez avec nous! Nous serons heureux de r\u00e9pondre \u00e0 vos questions ou de vous aider \u00e0 vous impliquer.","robots":{"index":"index","follow":"follow","max-snippet":"max-snippet:-1","max-image-preview":"max-image-preview:large","max-video-preview":"max-video-preview:-1"},"canonical":"https:\/\/kidsportcanada.ca\/british-columbia\/terrace\/fr\/contact-us\/","og_locale":"fr_CA","og_type":"article","og_title":"Contact Us - KidSport Terrace","og_description":"Get in touch. We would be happy to answer any questions or help you get involved.","og_url":"https:\/\/kidsportcanada.ca\/british-columbia\/terrace\/fr\/contact-us\/","og_site_name":"Terrace","article_modified_time":"2021-11-01T17:25:08+00:00","og_image":[{"width":1600,"height":1000,"url":"https:\/\/kidsportcanada.ca\/wp-content\/uploads\/sites\/179\/brett-levis.jpg","type":"image\/jpeg"}],"twitter_card":"summary_large_image","twitter_misc":{"Estimation du temps de lecture":"1 minute"},"schema":{"@context":"https:\/\/schema.org","@graph":[{"@type":"WebPage","@id":"https:\/\/kidsportcanada.ca\/british-columbia\/terrace\/contact-us\/","url":"https:\/\/kidsportcanada.ca\/british-columbia\/terrace\/contact-us\/","name":"Contact Us - KidSport Terrace","isPartOf":{"@id":"https:\/\/kidsportcanada.ca\/british-columbia\/terrace\/#website"},"primaryImageOfPage":{"@id":"https:\/\/kidsportcanada.ca\/british-columbia\/terrace\/contact-us\/#primaryimage"},"image":{"@id":"https:\/\/kidsportcanada.ca\/british-columbia\/terrace\/contact-us\/#primaryimage"},"thumbnailUrl":"\/wp-content\/uploads\/sites\/179\/brett-levis.jpg","datePublished":"2020-04-01T20:45:29+00:00","dateModified":"2021-11-01T17:25:08+00:00","description":"Communiquez avec nous! Nous serons heureux de r\u00e9pondre \u00e0 vos questions ou de vous aider \u00e0 vous impliquer.","breadcrumb":{"@id":"https:\/\/kidsportcanada.ca\/british-columbia\/terrace\/contact-us\/#breadcrumb"},"inLanguage":"fr-CA","potentialAction":[{"@type":"ReadAction","target":["https:\/\/kidsportcanada.ca\/british-columbia\/terrace\/contact-us\/"]}]},{"@type":"ImageObject","inLanguage":"fr-CA","@id":"https:\/\/kidsportcanada.ca\/british-columbia\/terrace\/contact-us\/#primaryimage","url":"\/wp-content\/uploads\/sites\/179\/brett-levis.jpg","contentUrl":"\/wp-content\/uploads\/sites\/179\/brett-levis.jpg","width":1600,"height":1000,"caption":"Brett Levis a professional soccer player having a team huddle with a group of young kids on a soccer field"},{"@type":"BreadcrumbList","@id":"https:\/\/kidsportcanada.ca\/british-columbia\/terrace\/contact-us\/#breadcrumb","itemListElement":[{"@type":"ListItem","position":1,"name":"Home","item":"https:\/\/kidsportcanada.ca\/british-columbia\/terrace\/"},{"@type":"ListItem","position":2,"name":"Contact Us"}]},{"@type":"WebSite","@id":"https:\/\/kidsportcanada.ca\/british-columbia\/terrace\/#website","url":"https:\/\/kidsportcanada.ca\/british-columbia\/terrace\/","name":"Terrace","description":"So all kids can play","potentialAction":[{"@type":"SearchAction","target":{"@type":"EntryPoint","urlTemplate":"https:\/\/kidsportcanada.ca\/british-columbia\/terrace\/?s={search_term_string}"},"query-input":{"@type":"PropertyValueSpecification","valueRequired":true,"valueName":"search_term_string"}}],"inLanguage":"fr-CA"}]}},"_links":{"self":[{"href":"https:\/\/kidsportcanada.ca\/british-columbia\/terrace\/fr\/wp-json\/wp\/v2\/pages\/148","targetHints":{"allow":["GET"]}}],"collection":[{"href":"https:\/\/kidsportcanada.ca\/british-columbia\/terrace\/fr\/wp-json\/wp\/v2\/pages"}],"about":[{"href":"https:\/\/kidsportcanada.ca\/british-columbia\/terrace\/fr\/wp-json\/wp\/v2\/types\/page"}],"author":[{"embeddable":true,"href":"https:\/\/kidsportcanada.ca\/british-columbia\/terrace\/fr\/wp-json\/wp\/v2\/users\/16"}],"replies":[{"embeddable":true,"href":"https:\/\/kidsportcanada.ca\/british-columbia\/terrace\/fr\/wp-json\/wp\/v2\/comments?post=148"}],"version-history":[{"count":0,"href":"https:\/\/kidsportcanada.ca\/british-columbia\/terrace\/fr\/wp-json\/wp\/v2\/pages\/148\/revisions"}],"wp:featuredmedia":[{"embeddable":true,"href":"https:\/\/kidsportcanada.ca\/british-columbia\/terrace\/fr\/wp-json\/wp\/v2\/media\/190"}],"wp:attachment":[{"href":"https:\/\/kidsportcanada.ca\/british-columbia\/terrace\/fr\/wp-json\/wp\/v2\/media?parent=148"}],"curies":[{"name":"wp","href":"https:\/\/api.w.org\/{rel}","templated":true}]}}