
{"id":37,"date":"2020-03-13T16:16:56","date_gmt":"2020-03-13T16:16:56","guid":{"rendered":"http:\/\/kidsportcanada.ca\/tri-cities-port-moody-port-coquitlam-coquitlam\/?page_id=37"},"modified":"2026-03-27T18:48:38","modified_gmt":"2026-03-27T18:48:38","slug":"home","status":"publish","type":"page","link":"https:\/\/kidsportcanada.ca\/british-columbia\/tri-cities-port-moody-port-coquitlam-coquitlam\/fr\/","title":{"rendered":"Home"},"content":{"rendered":"<h4 data-animation-delay=\"0\" data-animation-duration=\"1\">\n\t\t\tBienvenue \u00e0\t<\/h4>\n<h1>\n\t\t\tSportJeunesse Tri-Cities\t<\/h1>\n\t\t\t<a href=\"https:\/\/kidsportcanada.ca\/british-columbia\/tri-cities-port-moody-port-coquitlam-coquitlam\/fr\/apply-for-a-grant\/\" target=\"_self\">\n\t\t\t\t\t\t\tDEMANDER UNE SUBVENTION\n\t\t\t\t\t<\/a>\n\t\t\t<a href=\"https:\/\/kidsportcanada.ca\/british-columbia\/tri-cities-port-moody-port-coquitlam-coquitlam\/fr\/events\/\" target=\"_self\">\n\t\t\t\t\t\t\tCHECK OUR LATEST EVENTS\n\t\t\t\t\t<\/a>\n\t<h2 dir=\"auto\"><strong>ANNOUNCEMENTS!<\/strong><\/h2>\n<h2 dir=\"auto\"><strong>\u00a0Kidsport Tri-Cities<br \/>\nSpring Equipment Sale<\/strong><\/h2>\n<p><strong>Saturday, March 7, 2026, from 10:00am until 1:00pm<\/strong><\/p>\n<p><strong>Riverside Secondary &#8211; 2251 Reeve Street, Port Coquitlam<\/strong><\/p>\n<p>Admission is by donation or item(s) for the SHARE Food Bank<\/p>\n<p><strong>Open to everyone! If you or your family is in to sports, we will save you money!<\/strong><\/p>\n<p>We offer a huge variety of high quality used sporting goods at incredible prices. From bikes and hockey gear to fitness equipment and wetsuits and everything in between. You can outfit a child for hockey (including skates and a helmet) for $100.00, lacrosse (including a stick and helmet) for $90. We have all kinds of equipment for all seasons of sport plus over 150 gently used kids Trek bikes and over 100 more bikes for all ages!<\/p>\n<p>Plus, there&#8217;s no tax so all of your funds go directly to help children in sport. Cash, debit tap and Credit Cards accepted.\u00a0<a href=\"https:\/\/kidsportcanada.ca\/wp-content\/uploads\/sites\/181\/24-01-03-KIDSPORT-SALE-Price-list-Jan-24.pdf\"><strong>Find our current price list here!<\/strong><\/a><\/p>\n<p>All proceeds subsidize registration fees for kids from families who are struggling financially. Save a ton of $$$ and help your community at the same time. More than 2,000 people attended our last sale&#8230;<strong>COME EARLY YOU DON&#8217;T WANT TO MISS OUT!<\/strong><\/p>\n<p>To make this event a huge success we need equipment so clean out your basements! We are grateful for donated equipment as without it, we would not be able to pass along these amazing deals and help support sport in our community. Families are encouraged to donate and drop off their gently used sporting goods (no more than 7 yrs old please) of any kind from\u00a0<strong>February 21 through to March 6 at the following locations:<\/strong><\/p>\n<p>&#8211; Port Coquitlam Community Centre &#8211; lower arena lobby<\/p>\n<p>&#8211; Port Moody Rec Centre &#8211; front desk<\/p>\n<p>&#8211; Poirier Sport and Leisure Complex &#8211; front desk<\/p>\n<p>If you have gently used equipment taking up space in your garage or basement, this is a great opportunity to free up some space, donate the equipment (including bikes) and make a great contribution to our community. Please remember to also come by the sale for some amazing deals and tell your friends!<\/p>\n<p><strong>Save Money and Help the Community at the Same Time!<\/strong><\/p>\n<p>We&#8217;re always looking for more volunteers for this event, so if you&#8217;re interested, please email cwilson630@gmail.com.<\/p>\n<p>FOR MORE INFORMATION PLEASE CONTACT:<\/p>\n<p>Chris Wilson, KidSport Tri-Cities<\/p>\n<p>Phone: 604-341-0241 Email: cwilson630@gmail.com www.kidsporttricities.ca<\/p>\n<p><em><strong>HUGE THANK YOU TO OUR OFFICIAL SPONSORS OF THIS SALE: SAPUTO<\/strong><\/em><\/p>\n<p><strong>Sponsored by Saputo<\/strong><\/p>\n<h2 dir=\"auto\"><strong><img loading=\"lazy\" decoding=\"async\" src=\"\/wp-content\/uploads\/sites\/181\/Saputo.png\" alt=\"\" width=\"157\" height=\"68\" \/><\/strong><\/h2>\n<h2>\n\t\t\t\u00c0 PROPOS DE\t<\/h2>\n<h4>\n\t\t\tSportJeunesse Tri-Cities\t<\/h4>\n\t<h3>We provide grants to help cover the costs of registration so that all kids aged 18 and under in Tri-Cities can play a season of sport.<\/h3>\n<p>&nbsp;<\/p>\n<h3>Notre section accepte les demandes et administre les subventions pouvant atteindre <strong>$500 per child\/year<\/strong>, for children under 18 who live in Tri-Cities. If you live outside of Tri-Cities please contact the <a href=\"https:\/\/kidsportcanada.ca\/british-columbia\/tri-cities-port-moody-port-coquitlam-coquitlam\/fr\/british-columbia\/\">bureau provincial<\/a> pour trouver la section la plus pr\u00e8s de chez vous ou obtenir de l\u2019aide par l\u2019interm\u00e9diaire du fonds provincial.<\/h3>\n\t\t\t<a href=\"https:\/\/kidsportcanada.ca\/british-columbia\/tri-cities-port-moody-port-coquitlam-coquitlam\/fr\/apply-for-a-grant\/\" target=\"_self\">\n\t\t\t\t\t\t\tDEMANDER UNE SUBVENTION\n\t\t\t\t\t<\/a>\n<h5>\n\t\t\tCommuniquer\t<\/h5>\n\t    <span class=\"socialmedia-links fl-icon-group\">\n        <!------------------ Facebook ------------------>\n        <span class=\"fl-icon facebook\">\n                            <a href=\"https:\/\/www.facebook.com\/KidSportTC\/\" target=\"_blank\" aria-label=\"link to https:\/\/www.facebook.com\/kidsportcanada\/\" rel=\"noopener\"[soci>\n                    <i class=\"fab fa-facebook-square\" aria-hidden=\"true\"><\/i>\n                <\/a>\n                    <\/span>\n\t\t<!------------------ Facebook 2 ------------------>\n        <span class=\"fl-icon facebook\">\n                    <\/span>\n        <!------------------ Twitter ------------------>\n        <span class=\"fl-icon twitter\">\n                            <a href=\"https:\/\/www.twitter.com\/KidSportTC\" target=\"_blank\" aria-label=\"link to https:\/\/twitter.com\/kidsport\/\" rel=\"noopener\">\n                    <i class=\"fab fa-twitter\" aria-hidden=\"true\"><\/i>\n                <\/a>\n                    <\/span>\n        <!------------------ Instagram ------------------>\n        <span class=\"fl-icon instagram\">\n                            <a href=\"https:\/\/www.instagram.com\/kidsporttricities\/\" target=\"_blank\" aria-label=\"link to https:\/\/www.instagram.com\/kidsport.canada\/\" rel=\"noopener\">\n                    <i class=\"fab fa-instagram\" aria-hidden=\"true\"><\/i>\n                <\/a>\n                    <\/span>\n        <!------------------ YouTube ------------------>\n        <span class=\"fl-icon youtube\">\n                            <a href=\"https:\/\/www.youtube.com\/channel\/UCa9CXbSRkCiQODdFWM3mEow\" target=\"_blank\" aria-label=\"link to https:\/\/www.youtube.com\/user\/KidSportCanada\" rel=\"noopener\">\n                    <i class=\"fab fa-youtube\" aria-hidden=\"true\"><\/i>\n                <\/a>\n                    <\/span>\n    <\/span>\n    \n<h5>\n\t\t\tLIENS UTILES\t<\/h5>\n<h6>\n\t\t<a href=\"#\" title=\"Ajouter un lien ici\" target=\"_self\">\n\t\t\tAjouter un lien ici\t\t<\/a>\n\t<\/h6>\n<h6>\n\t\t<a href=\"#\" title=\"Ajouter un lien ici\" target=\"_self\">\n\t\t\tAjouter un lien ici\t\t<\/a>\n\t<\/h6>\n<h6>\n\t\t<a href=\"#\" title=\"Ajouter un lien ici\" target=\"_self\">\n\t\t\tAjouter un lien ici\t\t<\/a>\n\t<\/h6>\n<h6>\n\t\t<a href=\"#\" title=\"Ajouter un lien ici\" target=\"_self\">\n\t\t\tAjouter un lien ici\t\t<\/a>\n\t<\/h6>\n<h2>\n\t\t\tDERNI\u00c8RES\t<\/h2>\n<h4>\n\t\t\tNews &amp; Stories\t<\/h4>\n    <h5>News &amp; Stories<\/h5>\n    <h5>\u00c9V\u00c9NEMENTS<\/h5>\n<h2>\n\t\t\tINCIDENCE 100 % LOCALE\t<\/h2>\n<h4>\n\t\t\tAll funds raised by Kidsport Tri-Cities stay in our community to get local kids off the sidelines and into a season of sport. Let&#8217;s work together to build strong kids and strong communities!\t<\/h4>\n    <a href=\"https:\/\/kidsportcanada.ca\/british-columbia\/tri-cities-port-moody-port-coquitlam-coquitlam\/fr\/donate\/\">\n            <br \/>DONNER<br \/>MAINTENANT\n    <\/a>\n\t\t<!-- Comment to fix spacing issue\n\t-->\n\t\t<h1>$0<\/h1>\n\t<!-- Comment to fix spacing issue\n\t-->\t\n<h3>\n\t\t\tSomme accord\u00e9e aux enfants de Tri-Cities l\u2019an dernier.\t<\/h3>\n\t\t<!-- Comment to fix spacing issue\n\t-->\n\t\t<h1>0<\/h1>\n\t<!-- Comment to fix spacing issue\n\t-->\t\n<h3>\n\t\t\tEnfants qui ont pu quitter la ligne lat\u00e9rale \u00e0 Tri-Cities l\u2019an dernier\t<\/h3>\n<h3>\n\t\t\tEn appuyant SportJeunesse, nous gagnons tous. Quand les enfants ont acc\u00e8s au sport, ils s\u2019am\u00e9liorent \u00e0 l\u2019\u00e9cole, deviennent de solides leaders, cr\u00e9ent des communaut\u00e9s s\u00fbres, catalysent l\u2019inclusivit\u00e9 et adoptent des habitudes saines pour la vie.\t<\/h3>\n<h2>\n\t\t\tOUR Team\t<\/h2>\n<h3>\n\t\t\tKidsport Tri-Cities is made possible thanks to passionate volunteers and our incredible partners. Together we&#8217;re making it so no kid in Tri-Cities is left watching from the sidelines.\t<\/h3>\n<h1>\n\t\t\tAMBASSADEURS\t<\/h1>","protected":false},"excerpt":{"rendered":"<p>Welcome to KidSport Tri-Cities APPLY FOR A GRANT CHECK OUR LATEST EVENTS ANNOUNCEMENTS! \u00a0Kidsport Tri-Cities Spring Equipment Sale Saturday, March 7, 2026, from 10:00am until 1:00pm Riverside Secondary &#8211; 2251 Reeve Street, Port Coquitlam Admission is by donation or item(s) for the SHARE Food Bank Open to everyone! If you or your family is in&hellip;<\/p>","protected":false},"author":16,"featured_media":195,"parent":0,"menu_order":0,"comment_status":"closed","ping_status":"closed","template":"","meta":{"_acf_changed":false,"footnotes":""},"class_list":["post-37","page","type-page","status-publish","has-post-thumbnail","hentry"],"acf":[],"yoast_head":"<!-- This site is optimized with the Yoast SEO plugin v27.3 - https:\/\/yoast.com\/product\/yoast-seo-wordpress\/ -->\n<title>Home - KidSport Tri-Cities<\/title>\n<meta name=\"description\" content=\"KidSport provides grants to help cover the costs of registration fees so that ALL kids aged 18 and under can play a season of sport.\" \/>\n<meta name=\"robots\" content=\"index, follow, max-snippet:-1, max-image-preview:large, max-video-preview:-1\" \/>\n<link rel=\"canonical\" href=\"https:\/\/kidsportcanada.ca\/british-columbia\/tri-cities-port-moody-port-coquitlam-coquitlam\/fr\/\" \/>\n<meta property=\"og:locale\" content=\"fr_CA\" \/>\n<meta property=\"og:type\" content=\"article\" \/>\n<meta property=\"og:title\" content=\"Home - KidSport Tri-Cities\" \/>\n<meta property=\"og:description\" content=\"KidSport provides grants to help cover the costs of registration fees so that ALL kids aged 18 and under can play a season of sport.\" \/>\n<meta property=\"og:url\" content=\"https:\/\/kidsportcanada.ca\/british-columbia\/tri-cities-port-moody-port-coquitlam-coquitlam\/fr\/\" \/>\n<meta property=\"og:site_name\" content=\"Tri-Cities\" \/>\n<meta property=\"article:modified_time\" content=\"2026-03-27T18:48:38+00:00\" \/>\n<meta property=\"og:image\" content=\"https:\/\/kidsportcanada.ca\/wp-content\/uploads\/sites\/181\/kidsport-chapter-home-1.jpg\" \/>\n\t<meta property=\"og:image:width\" content=\"1600\" \/>\n\t<meta property=\"og:image:height\" content=\"1000\" \/>\n\t<meta property=\"og:image:type\" content=\"image\/jpeg\" \/>\n<meta name=\"twitter:card\" content=\"summary_large_image\" \/>\n<meta name=\"twitter:label1\" content=\"Estimation du temps de lecture\" \/>\n\t<meta name=\"twitter:data1\" content=\"3 minutes\" \/>\n<script type=\"application\/ld+json\" class=\"yoast-schema-graph\">{\"@context\":\"https:\\\/\\\/schema.org\",\"@graph\":[{\"@type\":\"WebPage\",\"@id\":\"https:\\\/\\\/kidsportcanada.ca\\\/british-columbia\\\/tri-cities-port-moody-port-coquitlam-coquitlam\\\/\",\"url\":\"https:\\\/\\\/kidsportcanada.ca\\\/british-columbia\\\/tri-cities-port-moody-port-coquitlam-coquitlam\\\/\",\"name\":\"Home - KidSport Tri-Cities\",\"isPartOf\":{\"@id\":\"https:\\\/\\\/kidsportcanada.ca\\\/british-columbia\\\/tri-cities-port-moody-port-coquitlam-coquitlam\\\/#website\"},\"primaryImageOfPage\":{\"@id\":\"https:\\\/\\\/kidsportcanada.ca\\\/british-columbia\\\/tri-cities-port-moody-port-coquitlam-coquitlam\\\/#primaryimage\"},\"image\":{\"@id\":\"https:\\\/\\\/kidsportcanada.ca\\\/british-columbia\\\/tri-cities-port-moody-port-coquitlam-coquitlam\\\/#primaryimage\"},\"thumbnailUrl\":\"\\\/wp-content\\\/uploads\\\/sites\\\/181\\\/kidsport-chapter-home-1.jpg\",\"datePublished\":\"2020-03-13T16:16:56+00:00\",\"dateModified\":\"2026-03-27T18:48:38+00:00\",\"description\":\"KidSport provides grants to help cover the costs of registration fees so that ALL kids aged 18 and under can play a season of sport.\",\"breadcrumb\":{\"@id\":\"https:\\\/\\\/kidsportcanada.ca\\\/british-columbia\\\/tri-cities-port-moody-port-coquitlam-coquitlam\\\/#breadcrumb\"},\"inLanguage\":\"fr-CA\",\"potentialAction\":[{\"@type\":\"ReadAction\",\"target\":[\"https:\\\/\\\/kidsportcanada.ca\\\/british-columbia\\\/tri-cities-port-moody-port-coquitlam-coquitlam\\\/\"]}]},{\"@type\":\"ImageObject\",\"inLanguage\":\"fr-CA\",\"@id\":\"https:\\\/\\\/kidsportcanada.ca\\\/british-columbia\\\/tri-cities-port-moody-port-coquitlam-coquitlam\\\/#primaryimage\",\"url\":\"\\\/wp-content\\\/uploads\\\/sites\\\/181\\\/kidsport-chapter-home-1.jpg\",\"contentUrl\":\"\\\/wp-content\\\/uploads\\\/sites\\\/181\\\/kidsport-chapter-home-1.jpg\",\"width\":1600,\"height\":1000,\"caption\":\"A hockey player wearing red and black stopping on an indoor ice rink and looking at the camera\"},{\"@type\":\"BreadcrumbList\",\"@id\":\"https:\\\/\\\/kidsportcanada.ca\\\/british-columbia\\\/tri-cities-port-moody-port-coquitlam-coquitlam\\\/#breadcrumb\",\"itemListElement\":[{\"@type\":\"ListItem\",\"position\":1,\"name\":\"Home\",\"item\":\"https:\\\/\\\/kidsportcanada.ca\\\/british-columbia\\\/tri-cities-port-moody-port-coquitlam-coquitlam\\\/\"},{\"@type\":\"ListItem\",\"position\":2,\"name\":\"Home\"}]},{\"@type\":\"WebSite\",\"@id\":\"https:\\\/\\\/kidsportcanada.ca\\\/british-columbia\\\/tri-cities-port-moody-port-coquitlam-coquitlam\\\/#website\",\"url\":\"https:\\\/\\\/kidsportcanada.ca\\\/british-columbia\\\/tri-cities-port-moody-port-coquitlam-coquitlam\\\/\",\"name\":\"Tri-Cities\",\"description\":\"So all kids can play\",\"potentialAction\":[{\"@type\":\"SearchAction\",\"target\":{\"@type\":\"EntryPoint\",\"urlTemplate\":\"https:\\\/\\\/kidsportcanada.ca\\\/british-columbia\\\/tri-cities-port-moody-port-coquitlam-coquitlam\\\/?s={search_term_string}\"},\"query-input\":{\"@type\":\"PropertyValueSpecification\",\"valueRequired\":true,\"valueName\":\"search_term_string\"}}],\"inLanguage\":\"fr-CA\"}]}<\/script>\n<!-- \/ Yoast SEO plugin. -->","yoast_head_json":{"title":"Home - KidSport Tri-Cities","description":"Nous fournissons des subventions pour aider \u00e0 couvrir le co\u00fbt des frais d\u2019inscription afin que tous les enfants de 18 ans et moins puissent pratiquer un sport pendant une saison.","robots":{"index":"index","follow":"follow","max-snippet":"max-snippet:-1","max-image-preview":"max-image-preview:large","max-video-preview":"max-video-preview:-1"},"canonical":"https:\/\/kidsportcanada.ca\/british-columbia\/tri-cities-port-moody-port-coquitlam-coquitlam\/fr\/","og_locale":"fr_CA","og_type":"article","og_title":"Home - KidSport Tri-Cities","og_description":"KidSport provides grants to help cover the costs of registration fees so that ALL kids aged 18 and under can play a season of sport.","og_url":"https:\/\/kidsportcanada.ca\/british-columbia\/tri-cities-port-moody-port-coquitlam-coquitlam\/fr\/","og_site_name":"Tri-Cities","article_modified_time":"2026-03-27T18:48:38+00:00","og_image":[{"width":1600,"height":1000,"url":"https:\/\/kidsportcanada.ca\/wp-content\/uploads\/sites\/181\/kidsport-chapter-home-1.jpg","type":"image\/jpeg"}],"twitter_card":"summary_large_image","twitter_misc":{"Estimation du temps de lecture":"3 minutes"},"schema":{"@context":"https:\/\/schema.org","@graph":[{"@type":"WebPage","@id":"https:\/\/kidsportcanada.ca\/british-columbia\/tri-cities-port-moody-port-coquitlam-coquitlam\/","url":"https:\/\/kidsportcanada.ca\/british-columbia\/tri-cities-port-moody-port-coquitlam-coquitlam\/","name":"Home - KidSport Tri-Cities","isPartOf":{"@id":"https:\/\/kidsportcanada.ca\/british-columbia\/tri-cities-port-moody-port-coquitlam-coquitlam\/#website"},"primaryImageOfPage":{"@id":"https:\/\/kidsportcanada.ca\/british-columbia\/tri-cities-port-moody-port-coquitlam-coquitlam\/#primaryimage"},"image":{"@id":"https:\/\/kidsportcanada.ca\/british-columbia\/tri-cities-port-moody-port-coquitlam-coquitlam\/#primaryimage"},"thumbnailUrl":"\/wp-content\/uploads\/sites\/181\/kidsport-chapter-home-1.jpg","datePublished":"2020-03-13T16:16:56+00:00","dateModified":"2026-03-27T18:48:38+00:00","description":"Nous fournissons des subventions pour aider \u00e0 couvrir le co\u00fbt des frais d\u2019inscription afin que tous les enfants de 18 ans et moins puissent pratiquer un sport pendant une saison.","breadcrumb":{"@id":"https:\/\/kidsportcanada.ca\/british-columbia\/tri-cities-port-moody-port-coquitlam-coquitlam\/#breadcrumb"},"inLanguage":"fr-CA","potentialAction":[{"@type":"ReadAction","target":["https:\/\/kidsportcanada.ca\/british-columbia\/tri-cities-port-moody-port-coquitlam-coquitlam\/"]}]},{"@type":"ImageObject","inLanguage":"fr-CA","@id":"https:\/\/kidsportcanada.ca\/british-columbia\/tri-cities-port-moody-port-coquitlam-coquitlam\/#primaryimage","url":"\/wp-content\/uploads\/sites\/181\/kidsport-chapter-home-1.jpg","contentUrl":"\/wp-content\/uploads\/sites\/181\/kidsport-chapter-home-1.jpg","width":1600,"height":1000,"caption":"A hockey player wearing red and black stopping on an indoor ice rink and looking at the camera"},{"@type":"BreadcrumbList","@id":"https:\/\/kidsportcanada.ca\/british-columbia\/tri-cities-port-moody-port-coquitlam-coquitlam\/#breadcrumb","itemListElement":[{"@type":"ListItem","position":1,"name":"Home","item":"https:\/\/kidsportcanada.ca\/british-columbia\/tri-cities-port-moody-port-coquitlam-coquitlam\/"},{"@type":"ListItem","position":2,"name":"Home"}]},{"@type":"WebSite","@id":"https:\/\/kidsportcanada.ca\/british-columbia\/tri-cities-port-moody-port-coquitlam-coquitlam\/#website","url":"https:\/\/kidsportcanada.ca\/british-columbia\/tri-cities-port-moody-port-coquitlam-coquitlam\/","name":"Tri-Cities","description":"So all kids can play","potentialAction":[{"@type":"SearchAction","target":{"@type":"EntryPoint","urlTemplate":"https:\/\/kidsportcanada.ca\/british-columbia\/tri-cities-port-moody-port-coquitlam-coquitlam\/?s={search_term_string}"},"query-input":{"@type":"PropertyValueSpecification","valueRequired":true,"valueName":"search_term_string"}}],"inLanguage":"fr-CA"}]}},"_links":{"self":[{"href":"https:\/\/kidsportcanada.ca\/british-columbia\/tri-cities-port-moody-port-coquitlam-coquitlam\/fr\/wp-json\/wp\/v2\/pages\/37","targetHints":{"allow":["GET"]}}],"collection":[{"href":"https:\/\/kidsportcanada.ca\/british-columbia\/tri-cities-port-moody-port-coquitlam-coquitlam\/fr\/wp-json\/wp\/v2\/pages"}],"about":[{"href":"https:\/\/kidsportcanada.ca\/british-columbia\/tri-cities-port-moody-port-coquitlam-coquitlam\/fr\/wp-json\/wp\/v2\/types\/page"}],"author":[{"embeddable":true,"href":"https:\/\/kidsportcanada.ca\/british-columbia\/tri-cities-port-moody-port-coquitlam-coquitlam\/fr\/wp-json\/wp\/v2\/users\/16"}],"replies":[{"embeddable":true,"href":"https:\/\/kidsportcanada.ca\/british-columbia\/tri-cities-port-moody-port-coquitlam-coquitlam\/fr\/wp-json\/wp\/v2\/comments?post=37"}],"version-history":[{"count":0,"href":"https:\/\/kidsportcanada.ca\/british-columbia\/tri-cities-port-moody-port-coquitlam-coquitlam\/fr\/wp-json\/wp\/v2\/pages\/37\/revisions"}],"wp:featuredmedia":[{"embeddable":true,"href":"https:\/\/kidsportcanada.ca\/british-columbia\/tri-cities-port-moody-port-coquitlam-coquitlam\/fr\/wp-json\/wp\/v2\/media\/195"}],"wp:attachment":[{"href":"https:\/\/kidsportcanada.ca\/british-columbia\/tri-cities-port-moody-port-coquitlam-coquitlam\/fr\/wp-json\/wp\/v2\/media?parent=37"}],"curies":[{"name":"wp","href":"https:\/\/api.w.org\/{rel}","templated":true}]}}