
{"id":37,"date":"2020-03-13T16:16:56","date_gmt":"2020-03-13T16:16:56","guid":{"rendered":"http:\/\/kidsportcanada.ca\/williams-lake\/?page_id=37"},"modified":"2026-02-26T18:23:42","modified_gmt":"2026-02-26T18:23:42","slug":"home","status":"publish","type":"page","link":"https:\/\/kidsportcanada.ca\/british-columbia\/williams-lake\/fr\/","title":{"rendered":"Home"},"content":{"rendered":"<h4 data-animation-delay=\"0\" data-animation-duration=\"1\">\n\t\t\tBienvenue \u00e0\t<\/h4>\n<h1>\n\t\t\tSportJeunesse Williams Lake\t<\/h1>\n\t\t\t<a href=\"https:\/\/kidsportcanada.ca\/british-columbia\/williams-lake\/fr\/apply-for-a-grant\/\" target=\"_blank\" rel=\"noopener\">\n\t\t\t\t\t\t\tDEMANDER UNE SUBVENTION\n\t\t\t\t\t<\/a>\n<h2>\n\t\t\t\u00c0 PROPOS DE\t<\/h2>\n<h4>\n\t\t\tSportJeunesse Williams Lake\t<\/h4>\n\t<h3>Nous fournissons des subventions pour aider \u00e0 couvrir le co\u00fbt des frais d\u2019inscription afin que tous les enfants de 18 ans et moins de Williams Lake puissent pratiquer un sport pendant une saison.<\/h3>\n<p>&nbsp;<\/p>\n<h3>Notre section accepte les demandes et administre les subventions pouvant atteindre <strong>$350 per child\/year<\/strong>, for kids who live in Williams Lake, or in one of the surrounding communities we serve. If you live outside of Williams Lake please contact the <a href=\"http:\/\/kidsportcanada.ca\/british-columbia\/williams-lake\/fr\/british-columbia\/\">bureau provincial<\/a> pour trouver la section la plus pr\u00e8s de chez vous ou obtenir de l\u2019aide par l\u2019interm\u00e9diaire du fonds provincial.<\/h3>\n\t\t\t<a href=\"https:\/\/kidsport.smartsimple.ca\/s_Login.jsp\" target=\"_blank\" rel=\"noopener\">\n\t\t\t\t\t\t\tDEMANDER UNE SUBVENTION\n\t\t\t\t\t<\/a>\n<h5>\n\t\t\tCommuniquer\t<\/h5>\n\t    <span class=\"socialmedia-links fl-icon-group\">\n        <!------------------ Facebook ------------------>\n        <span class=\"fl-icon facebook\">\n                            <a href=\"https:\/\/www.facebook.com\/kidsportwilliamslake\/\" target=\"_blank\" aria-label=\"link to https:\/\/www.facebook.com\/kidsportcanada\/\" rel=\"noopener\"[soci>\n                    <i class=\"fab fa-facebook-square\" aria-hidden=\"true\"><\/i>\n                <\/a>\n                    <\/span>\n\t\t<!------------------ Facebook 2 ------------------>\n        <span class=\"fl-icon facebook\">\n                    <\/span>\n        <!------------------ Twitter ------------------>\n        <span class=\"fl-icon twitter\">\n                            <a href=\"https:\/\/twitter.com\/@KSWilliamsLake\/\" target=\"_blank\" aria-label=\"link to https:\/\/twitter.com\/kidsport\/\" rel=\"noopener\">\n                    <i class=\"fab fa-twitter\" aria-hidden=\"true\"><\/i>\n                <\/a>\n                    <\/span>\n        <!------------------ Instagram ------------------>\n        <span class=\"fl-icon instagram\">\n                            <a href=\"https:\/\/www.instagram.com\/kidsport.canada\/\" target=\"_blank\" aria-label=\"link to https:\/\/www.instagram.com\/kidsport.canada\/\" rel=\"noopener\">\n                    <i class=\"fab fa-instagram\" aria-hidden=\"true\"><\/i>\n                <\/a>\n                    <\/span>\n        <!------------------ YouTube ------------------>\n        <span class=\"fl-icon youtube\">\n                            <a href=\"https:\/\/www.youtube.com\/channel\/UCa9CXbSRkCiQODdFWM3mEow\" target=\"_blank\" aria-label=\"link to https:\/\/www.youtube.com\/user\/KidSportCanada\" rel=\"noopener\">\n                    <i class=\"fab fa-youtube\" aria-hidden=\"true\"><\/i>\n                <\/a>\n                    <\/span>\n    <\/span>\n    \n<h5>\n\t\t\tLIENS UTILES\t<\/h5>\n<h6>\n\t\t<a href=\"https:\/\/www.wlysa.com\" title=\"Williams Lake Youth Soccer Association\" target=\"_blank\" rel=\"noopener\">\n\t\t\tWilliams Lake Youth Soccer Association\t\t<\/a>\n\t<\/h6>\n<h6>\n\t\t<a href=\"https:\/\/www.wlmha.ca\" title=\"Williams Lake Minor Hockey Association\" target=\"_blank\" rel=\"noopener\">\n\t\t\tWilliams Lake Minor Hockey Association\t\t<\/a>\n\t<\/h6>\n<h6>\n\t\t<a href=\"https:\/\/www.facebook.com\/profile.php?id=100035011855112\" title=\"Cariboo-Chilcotin Gymnastics Assoc &amp; Williams Lake Gymnastics Club - Check us out on Facebook.\" target=\"_blank\" rel=\"noopener\">\n\t\t\tCariboo-Chilcotin Gymnastics Assoc &amp; Williams Lake Gymnastics Club &#8211; Check us out on Facebook.\t\t<\/a>\n\t<\/h6>\n<h6>\n\t\t<a href=\"https:\/\/www.facebook.com\/BigHornsLacrosseAssociation\" title=\"Williams Lake Bighorns Lacrosse - Check us out on Facebook\" target=\"_blank\" rel=\"noopener\">\n\t\t\tWilliams Lake Bighorns Lacrosse &#8211; Check us out on Facebook\t\t<\/a>\n\t<\/h6>\n<h2>\n\t\t\tDERNI\u00c8RES\t<\/h2>\n<h4>\n\t\t\tNews &amp; Stories\t<\/h4>\n    <h5>News &amp; Stories<\/h5>\n    <h5>\u00c9V\u00c9NEMENTS<\/h5>\n\t\t\t<a href=\"https:\/\/kidsportcanada.ca\/british-columbia\/williams-lake\/fr\/donate\/\" target=\"_blank\" rel=\"noopener\">\n\t\t\t\t\t\t\tGive the Gift of Sport \n\t\t\t\t\t<\/a>\n<h2>\n\t\t\tINCIDENCE 100 % LOCALE\t<\/h2>\n<h4>\n\t\t\tAll funds raised by Kidsport Williams Lake stay in our community to get local kids off the sidelines and into a season of sport. Let&#8217;s work together to build strong kids and strong communities!\t<\/h4>\n    <a href=\"https:\/\/kidsportcanada.ca\/british-columbia\/williams-lake\/fr\/donate\/\">\n            <br \/>DONNER<br \/>MAINTENANT\n    <\/a>\n\t\t<!-- Comment to fix spacing issue\n\t-->\n\t\t<h1>$0<\/h1>\n\t<!-- Comment to fix spacing issue\n\t-->\t\n<h3>\n\t\t\tGranted to kids in Williams Lake in 2025\t<\/h3>\n\t\t<!-- Comment to fix spacing issue\n\t-->\n\t\t<h1>0<\/h1>\n\t<!-- Comment to fix spacing issue\n\t-->\t\n<h3>\n\t\t\tEnfants qui ont pu quitter la ligne lat\u00e9rale \u00e0 Williams Lake l\u2019an dernier\t<\/h3>\n<h3>\n\t\t\tEn appuyant SportJeunesse, nous gagnons tous. Quand les enfants ont acc\u00e8s au sport, ils s\u2019am\u00e9liorent \u00e0 l\u2019\u00e9cole, deviennent de solides leaders, cr\u00e9ent des communaut\u00e9s s\u00fbres, catalysent l\u2019inclusivit\u00e9 et adoptent des habitudes saines pour la vie.\t<\/h3>\n<h5>\n\t\t\tRAPPORTS D\u2019IMPACT\t<\/h5>\n\t<p>Since the post pandemic &#8220;return to sport&#8221; has occurred we&#8217;ve experienced a significant increase in community applications and we&#8217;re so pleased that we&#8217;ve been able to help local families have their children included in local sports.\u00a0 In 2022 we increased our funding significantly and in 2023 and 2024 we funded historical high, with the largest number of athletes supported and our highest budgets ever!\u00a0 We are here to support families in our community, and clearly it is needed!\u00a0 In order to continue to be successful we need the support of local citizens and businesses to make KidSport Williams Lake their charity of choice.\u00a0 If you help us, then we can help the families that need this support.\u00a0 We pay so kids can play!<\/p>\n<p><img loading=\"lazy\" decoding=\"async\" src=\"\/wp-content\/uploads\/sites\/185\/Williams-Lake.image-4.jpg\" alt=\"\" width=\"284\" height=\"284\" \/><\/p>\n<h2>\n\t\t\tOUR Team\t<\/h2>\n<h3>\n\t\t\tKidsport Williams Lake is made possible thanks to passionate volunteers and our incredible partners. Together we&#8217;re making it so no child in Williams Lake is left watching from the sidelines.\t<\/h3>\n<h5>\n\t\t\tRick Miller\t<\/h5>\n<h5>\n\t\t\tChairperson\t<\/h5>\n\t<p>I am so honored to be a member of the KidSport Williams Lake Chapter!\u00a0 I&#8217;ve been an active athlete all my life and was a PE educator for over 36 years.\u00a0 From these experiences I know how important it is for children to be active and I&#8217;ve personally witnessed the need for financial help that exists in our community.\u00a0 Being involved in KidSport Williams Lake gives me the opportunity to help families ensure their children stay active, healthy, and involved, which is so important to developing positive healthy living habits.\u00a0 It&#8217;s also extremely gratifying to see that our community actively supports these same goals and gives so generously to the KidSport Williams Lake Chapter.\u00a0 I speak for all of our dedicated volunteers when I say &#8220;Thank-you&#8221; to our community, and good luck to our youth in their sport activities!<\/p>\n<h5>\n\t\t<a href=\"tel:7787752304\" title=\"(778) 775-2304\" target=\"_blank\" rel=\"noopener\">\n\t\t\t(778) 775-2304\t\t<\/a>\n\t<\/h5>\n<h5>\n\t\t<a href=\"mailto:kidsportwilliamslake@sportbc.com\" title=\"kidsportwilliamslake@sportbc.com\" target=\"_blank\" rel=\"noopener\">\n\t\t\tkidsportwilliamslake@sportbc.com\t\t<\/a>\n\t<\/h5>\n\t\t\t\t\t<a role=\"heading\" id=\"fl-accordion--label-0\">Volunteer Committee Members<\/a>\n\t\t\t\t\t\t\t\t\t\t\t<button type=\"button\" id=\"fl-accordion--icon-0\" aria-expanded=\"true\" aria-controls=\"fl-accordion--panel-0\"><i>Collapse<\/i><\/button>\n\t\t\t\t\t<p>Elaine Sager &#8211; Registrar<\/p>\n<p>Mike Franklin &#8211; Equipment Manager<\/p>\n<p>Angela Lake &#8211; Treasurer<\/p>\n<p>Jennifer Hack &#8211; Secretary<\/p>\n<p>Fraser Bjornson &#8211; Media Manager (Print, Radio, Social)<\/p>\n<p>Brandy Links &#8211; Fundraising Coordinator &amp; Recreation Liason<\/p>\n<h1>\n\t\t\tAMBASSADEURS\t<\/h1>\n\t\t\t\t\t<a role=\"heading\" id=\"fl-accordion--label-0\">2020 Sponsors<\/a>\n\t\t\t\t\t\t\t\t\t\t\t<button type=\"button\" id=\"fl-accordion--icon-0\" aria-expanded=\"false\" aria-controls=\"fl-accordion--panel-0\"><i>Expand<\/i><\/button>\n\t\t\t\t\t<p><img loading=\"lazy\" decoding=\"async\" src=\"\/wp-content\/uploads\/sites\/185\/Return-It.png\" alt=\"Williams Lake Return-It\" width=\"155\" height=\"81\" \/><\/p>\n<p>Williams Lake Return-It Depot<\/p>\n<p>&nbsp;<\/p>\n<p>&nbsp;<\/p>\n<p><img loading=\"lazy\" decoding=\"async\" src=\"\/wp-content\/uploads\/sites\/185\/Stampede-Glass.jpg\" alt=\"\" width=\"145\" height=\"146\" \/><\/p>\n<p>&nbsp;<\/p>\n<p>&nbsp;<\/p>\n<p>Stampede Glass<\/p>\n<p>&nbsp;<\/p>\n<p>&nbsp;<\/p>\n<p><img loading=\"lazy\" decoding=\"async\" src=\"\/wp-content\/uploads\/sites\/185\/Caribou-Interior-Crane.jpg\" alt=\"\" width=\"152\" height=\"103\" \/><\/p>\n<p>&nbsp;<\/p>\n<p>Caribou Interior Crane Services Ltd.<\/p>\n\t\t\t\t\t<a role=\"heading\" id=\"fl-accordion--label-1\">2019 Sponsors<\/a>\n\t\t\t\t\t\t\t\t\t\t\t<button type=\"button\" id=\"fl-accordion--icon-1\" aria-expanded=\"false\" aria-controls=\"fl-accordion--panel-1\"><i>Expand<\/i><\/button>\n\t\t\t\t\t<p><img loading=\"lazy\" decoding=\"async\" src=\"\/wp-content\/uploads\/sites\/185\/Return-It.png\" alt=\"Williams Lake Return-It\" width=\"200\" height=\"105\" \/><\/p>\n<p>&nbsp;<\/p>\n<p>Williams Lake Return-It Depot<\/p>\n<p>&nbsp;<\/p>\n<p>&nbsp;<\/p>\n<p><img loading=\"lazy\" decoding=\"async\" src=\"\/wp-content\/uploads\/sites\/185\/Total-Ice.jpg\" alt=\"\" width=\"200\" height=\"200\" \/><\/p>\n<p>&nbsp;<\/p>\n<p>&nbsp;<\/p>\n<p>&nbsp;<\/p>\n<p>Total Ice Training Center<\/p>\n<p>&nbsp;<\/p>\n<p>&nbsp;<\/p>\n<p>&nbsp;<\/p>\n<p><img loading=\"lazy\" decoding=\"async\" src=\"\/wp-content\/uploads\/sites\/185\/Williams-Lake-and-District-Credit-Union.gif\" alt=\"\" width=\"275\" height=\"81\" \/><\/p>\n<p>&nbsp;<\/p>\n<p>Williams Lake &amp; District Credit Union<\/p>\n<p>&nbsp;<\/p>\n<p>&nbsp;<\/p>\n<p><img loading=\"lazy\" decoding=\"async\" src=\"\/wp-content\/uploads\/sites\/185\/HUB-Barton-800x800.jpg\" alt=\"\" width=\"200\" height=\"200\" \/><\/p>\n<p>&nbsp;<\/p>\n<p>&nbsp;<\/p>\n<p>&nbsp;<\/p>\n<p>Hub\/Barton Insurance<\/p>\n<p>&nbsp;<\/p>\n<p>&nbsp;<\/p>\n<p>&nbsp;<\/p>\n<p><img loading=\"lazy\" decoding=\"async\" src=\"\/wp-content\/uploads\/sites\/185\/FYidoctors.jpg\" alt=\"\" width=\"275\" height=\"104\" \/><\/p>\n<p>&nbsp;<\/p>\n<p>&nbsp;<\/p>\n<p>FYidoctors Williams Lake<\/p>\n<p>&nbsp;<\/p>\n<p>&nbsp;<\/p>\n<p><img loading=\"lazy\" decoding=\"async\" src=\"\/wp-content\/uploads\/sites\/185\/SD-27-Fun-Mud-Run.png\" alt=\"\" width=\"340\" height=\"50\" \/><\/p>\n<p>&nbsp;<\/p>\n<p>SD 27 Fun Mud Run<\/p>\n<p>&nbsp;<\/p>\n<p><img loading=\"lazy\" decoding=\"async\" src=\"\/wp-content\/uploads\/sites\/185\/CIBC.png\" alt=\"\" width=\"151\" height=\"138\" \/><\/p>\n<p>&nbsp;<\/p>\n<p>&nbsp;<\/p>\n<p>CIBC<\/p>\n<p>&nbsp;<\/p>\n<p>&nbsp;<\/p>\n<p>In addition to the above Sponsors, we would like to extend our gratitude to the following individuals for their generous donations:<\/p>\n<p>Sheldon Anholt<\/p>\n<p>Deepak Chahal<\/p>\n<p>Avis Delaney<\/p>\n<p>Deb &amp; Pat Radolla<\/p>\n<p>Penny &amp; Bob Richardson<\/p>\n\t\t\t\t\t<a role=\"heading\" id=\"fl-accordion--label-2\">2018 Sponsors<\/a>\n\t\t\t\t\t\t\t\t\t\t\t<button type=\"button\" id=\"fl-accordion--icon-2\" aria-expanded=\"false\" aria-controls=\"fl-accordion--panel-2\"><i>Expand<\/i><\/button>\n\t\t\t\t\t<p>&nbsp;<\/p>\n<p><img loading=\"lazy\" decoding=\"async\" src=\"\/wp-content\/uploads\/sites\/185\/Williams-Lake-Stampede-800x457.png\" alt=\"\" width=\"200\" height=\"114\" \/><\/p>\n<p>Williams Lake Stampede Association<\/p>\n<p>&nbsp;<\/p>\n<p>&nbsp;<\/p>\n<p>&nbsp;<\/p>\n<p><img loading=\"lazy\" decoding=\"async\" src=\"\/wp-content\/uploads\/sites\/185\/HUB-Barton-800x800.jpg\" alt=\"\" width=\"200\" height=\"200\" \/><\/p>\n<p>&nbsp;<\/p>\n<p>&nbsp;<\/p>\n<p>Hub\/Barton Insurance<\/p>\n<p>&nbsp;<\/p>\n<p>&nbsp;<\/p>\n<p>&nbsp;<\/p>\n<p><img loading=\"lazy\" decoding=\"async\" src=\"\/wp-content\/uploads\/sites\/185\/Unifor.jpeg\" alt=\"\" width=\"200\" height=\"200\" \/><\/p>\n<p>&nbsp;<\/p>\n<p>Unifor Local 3018<\/p>\n<p>&nbsp;<\/p>\n<p>&nbsp;<\/p>\n<p>&nbsp;<\/p>\n<p>&nbsp;<\/p>\n<p><img loading=\"lazy\" decoding=\"async\" src=\"\/wp-content\/uploads\/sites\/185\/West-Fraser-Truckers-Association.png\" alt=\"\" width=\"249\" height=\"127\" \/><\/p>\n<p>&nbsp;<\/p>\n<p>West Fraser Truckers<\/p>\n<p>&nbsp;<\/p>\n<p>&nbsp;<\/p>\n<p>&nbsp;<\/p>\n<p><img loading=\"lazy\" decoding=\"async\" src=\"\/wp-content\/uploads\/sites\/185\/Elders-College-800x247.jpg\" alt=\"\" width=\"200\" height=\"62\" \/><\/p>\n<p>&nbsp;<\/p>\n<p>Elder College Instructors<\/p>\n<p>&nbsp;<\/p>\n<p>&nbsp;<\/p>\n<p><img loading=\"lazy\" decoding=\"async\" src=\"\/wp-content\/uploads\/sites\/185\/Lions-Club-800x746.png\" alt=\"\" width=\"200\" height=\"187\" \/><\/p>\n<p>&nbsp;<\/p>\n<p>Lions Club<\/p>\n<p>&nbsp;<\/p>\n<p>&nbsp;<\/p>\n<p>&nbsp;<\/p>\n<p>&nbsp;<\/p>\n<p>&nbsp;<\/p>\n<p><img loading=\"lazy\" decoding=\"async\" src=\"\/wp-content\/uploads\/sites\/185\/WL-Log-Haulers-Association-800x268.jpg\" alt=\"\" width=\"200\" height=\"67\" \/><\/p>\n<p>Williams Lake Log Haulers<\/p>\n<p>&nbsp;<\/p>\n<p>&nbsp;<\/p>\n<p>&nbsp;<\/p>\n<p><img loading=\"lazy\" decoding=\"async\" src=\"\/wp-content\/uploads\/sites\/185\/Return-It.png\" alt=\"Williams Lake Return-It\" width=\"200\" height=\"105\" \/><\/p>\n<p>&nbsp;<\/p>\n<p>Williams Lake Recycling Depot<\/p>\n<p>&nbsp;<\/p>\n<p>&nbsp;<\/p>\n<p>&nbsp;<\/p>\n<p><img loading=\"lazy\" decoding=\"async\" src=\"\/wp-content\/uploads\/sites\/185\/SD-27-Fun-Mud-Run.png\" alt=\"\" width=\"221\" height=\"32\" \/>SD 27 Fun Mud Run<\/p>\n<p>&nbsp;<\/p>\n<p>&nbsp;<\/p>\n<p><img loading=\"lazy\" decoding=\"async\" src=\"\/wp-content\/uploads\/sites\/185\/Daybreak-Rotary.png\" alt=\"\" width=\"200\" height=\"71\" \/><\/p>\n<p>&nbsp;<\/p>\n<p>Daybreak Rotary<\/p>\n<p>&nbsp;<\/p>\n<p>&nbsp;<\/p>\n<p><img loading=\"lazy\" decoding=\"async\" src=\"\/wp-content\/uploads\/sites\/185\/CIBC.png\" alt=\"\" width=\"151\" height=\"138\" \/><\/p>\n<p>&nbsp;<\/p>\n<p>CIBC Golf Tournament<\/p>\n<p>&nbsp;<\/p>\n<p>&nbsp;<\/p>\n<p>&nbsp;<\/p>\n<p><img loading=\"lazy\" decoding=\"async\" src=\"\/wp-content\/uploads\/sites\/185\/Williams-Lake-Garden-Club-533x800.jpg\" alt=\"\" width=\"200\" height=\"300\" \/><\/p>\n<p>&nbsp;<\/p>\n<p>&nbsp;<\/p>\n<p>&nbsp;<\/p>\n<p>Williams Lake Garden Club<\/p>\n<p>&nbsp;<\/p>\n<p>&nbsp;<\/p>\n<p>&nbsp;<\/p>\n<p>&nbsp;<\/p>\n<p>&nbsp;<\/p>\n<p>In addition to the above Sponsors, we would like to extend our gratitude to the following individuals for their generous donations:<\/p>\n<p>Avis Delaney<\/p>\n<p>Sheila &amp; Charlie Wyse<\/p>","protected":false},"excerpt":{"rendered":"<p>Welcome to KidSport Williams Lake APPLY FOR A GRANT ABOUT KidSport Williams Lake We provide grants to help cover the costs of registration fees so that all kids aged 18 and under in Williams Lake can play a season of sport. &nbsp; Our chapter accepts applications and administers grants of up to $350 per child\/year,&hellip;<\/p>","protected":false},"author":16,"featured_media":195,"parent":0,"menu_order":0,"comment_status":"closed","ping_status":"closed","template":"","meta":{"_acf_changed":false,"footnotes":""},"class_list":["post-37","page","type-page","status-publish","has-post-thumbnail","hentry"],"acf":[],"yoast_head":"<!-- This site is optimized with the Yoast SEO plugin v27.3 - https:\/\/yoast.com\/product\/yoast-seo-wordpress\/ -->\n<title>Home - KidSport Williams Lake<\/title>\n<meta name=\"description\" content=\"KidSport provides grants to help cover the costs of registration fees so that ALL kids aged 18 and under can play a season of sport.\" \/>\n<meta name=\"robots\" content=\"index, follow, max-snippet:-1, max-image-preview:large, max-video-preview:-1\" \/>\n<link rel=\"canonical\" href=\"https:\/\/kidsportcanada.ca\/british-columbia\/williams-lake\/fr\/\" \/>\n<meta property=\"og:locale\" content=\"fr_CA\" \/>\n<meta property=\"og:type\" content=\"article\" \/>\n<meta property=\"og:title\" content=\"Home - KidSport Williams Lake\" \/>\n<meta property=\"og:description\" content=\"KidSport provides grants to help cover the costs of registration fees so that ALL kids aged 18 and under can play a season of sport.\" \/>\n<meta property=\"og:url\" content=\"https:\/\/kidsportcanada.ca\/british-columbia\/williams-lake\/fr\/\" \/>\n<meta property=\"og:site_name\" content=\"Williams Lake\" \/>\n<meta property=\"article:modified_time\" content=\"2026-02-26T18:23:42+00:00\" \/>\n<meta property=\"og:image\" content=\"https:\/\/kidsportcanada.ca\/wp-content\/uploads\/sites\/185\/kidsport-chapter-home-1.jpg\" \/>\n\t<meta property=\"og:image:width\" content=\"1600\" \/>\n\t<meta property=\"og:image:height\" content=\"1000\" \/>\n\t<meta property=\"og:image:type\" content=\"image\/jpeg\" \/>\n<meta name=\"twitter:card\" content=\"summary_large_image\" \/>\n<meta name=\"twitter:label1\" content=\"Estimation du temps de lecture\" \/>\n\t<meta name=\"twitter:data1\" content=\"4 minutes\" \/>\n<script type=\"application\/ld+json\" class=\"yoast-schema-graph\">{\"@context\":\"https:\\\/\\\/schema.org\",\"@graph\":[{\"@type\":\"WebPage\",\"@id\":\"https:\\\/\\\/kidsportcanada.ca\\\/british-columbia\\\/williams-lake\\\/\",\"url\":\"https:\\\/\\\/kidsportcanada.ca\\\/british-columbia\\\/williams-lake\\\/\",\"name\":\"Home - KidSport Williams Lake\",\"isPartOf\":{\"@id\":\"https:\\\/\\\/kidsportcanada.ca\\\/british-columbia\\\/williams-lake\\\/fr\\\/#website\"},\"primaryImageOfPage\":{\"@id\":\"https:\\\/\\\/kidsportcanada.ca\\\/british-columbia\\\/williams-lake\\\/#primaryimage\"},\"image\":{\"@id\":\"https:\\\/\\\/kidsportcanada.ca\\\/british-columbia\\\/williams-lake\\\/#primaryimage\"},\"thumbnailUrl\":\"\\\/wp-content\\\/uploads\\\/sites\\\/185\\\/kidsport-chapter-home-1.jpg\",\"datePublished\":\"2020-03-13T16:16:56+00:00\",\"dateModified\":\"2026-02-26T18:23:42+00:00\",\"description\":\"KidSport provides grants to help cover the costs of registration fees so that ALL kids aged 18 and under can play a season of sport.\",\"breadcrumb\":{\"@id\":\"https:\\\/\\\/kidsportcanada.ca\\\/british-columbia\\\/williams-lake\\\/#breadcrumb\"},\"inLanguage\":\"fr-CA\",\"potentialAction\":[{\"@type\":\"ReadAction\",\"target\":[\"https:\\\/\\\/kidsportcanada.ca\\\/british-columbia\\\/williams-lake\\\/\"]}]},{\"@type\":\"ImageObject\",\"inLanguage\":\"fr-CA\",\"@id\":\"https:\\\/\\\/kidsportcanada.ca\\\/british-columbia\\\/williams-lake\\\/#primaryimage\",\"url\":\"\\\/wp-content\\\/uploads\\\/sites\\\/185\\\/kidsport-chapter-home-1.jpg\",\"contentUrl\":\"\\\/wp-content\\\/uploads\\\/sites\\\/185\\\/kidsport-chapter-home-1.jpg\",\"width\":1600,\"height\":1000,\"caption\":\"A hockey player wearing red and black stopping on an indoor ice rink and looking at the camera\"},{\"@type\":\"BreadcrumbList\",\"@id\":\"https:\\\/\\\/kidsportcanada.ca\\\/british-columbia\\\/williams-lake\\\/#breadcrumb\",\"itemListElement\":[{\"@type\":\"ListItem\",\"position\":1,\"name\":\"Home\",\"item\":\"https:\\\/\\\/kidsportcanada.ca\\\/british-columbia\\\/williams-lake\\\/\"},{\"@type\":\"ListItem\",\"position\":2,\"name\":\"Home\"}]},{\"@type\":\"WebSite\",\"@id\":\"https:\\\/\\\/kidsportcanada.ca\\\/british-columbia\\\/williams-lake\\\/fr\\\/#website\",\"url\":\"https:\\\/\\\/kidsportcanada.ca\\\/british-columbia\\\/williams-lake\\\/fr\\\/\",\"name\":\"Williams Lake\",\"description\":\"So all kids can play\",\"potentialAction\":[{\"@type\":\"SearchAction\",\"target\":{\"@type\":\"EntryPoint\",\"urlTemplate\":\"https:\\\/\\\/kidsportcanada.ca\\\/british-columbia\\\/williams-lake\\\/fr\\\/?s={search_term_string}\"},\"query-input\":{\"@type\":\"PropertyValueSpecification\",\"valueRequired\":true,\"valueName\":\"search_term_string\"}}],\"inLanguage\":\"fr-CA\"}]}<\/script>\n<!-- \/ Yoast SEO plugin. -->","yoast_head_json":{"title":"Home - KidSport Williams Lake","description":"Nous fournissons des subventions pour aider \u00e0 couvrir le co\u00fbt des frais d\u2019inscription afin que tous les enfants de 18 ans et moins puissent pratiquer un sport pendant une saison.","robots":{"index":"index","follow":"follow","max-snippet":"max-snippet:-1","max-image-preview":"max-image-preview:large","max-video-preview":"max-video-preview:-1"},"canonical":"https:\/\/kidsportcanada.ca\/british-columbia\/williams-lake\/fr\/","og_locale":"fr_CA","og_type":"article","og_title":"Home - KidSport Williams Lake","og_description":"KidSport provides grants to help cover the costs of registration fees so that ALL kids aged 18 and under can play a season of sport.","og_url":"https:\/\/kidsportcanada.ca\/british-columbia\/williams-lake\/fr\/","og_site_name":"Williams Lake","article_modified_time":"2026-02-26T18:23:42+00:00","og_image":[{"width":1600,"height":1000,"url":"https:\/\/kidsportcanada.ca\/wp-content\/uploads\/sites\/185\/kidsport-chapter-home-1.jpg","type":"image\/jpeg"}],"twitter_card":"summary_large_image","twitter_misc":{"Estimation du temps de lecture":"4 minutes"},"schema":{"@context":"https:\/\/schema.org","@graph":[{"@type":"WebPage","@id":"https:\/\/kidsportcanada.ca\/british-columbia\/williams-lake\/","url":"https:\/\/kidsportcanada.ca\/british-columbia\/williams-lake\/","name":"Home - KidSport Williams Lake","isPartOf":{"@id":"https:\/\/kidsportcanada.ca\/british-columbia\/williams-lake\/fr\/#website"},"primaryImageOfPage":{"@id":"https:\/\/kidsportcanada.ca\/british-columbia\/williams-lake\/#primaryimage"},"image":{"@id":"https:\/\/kidsportcanada.ca\/british-columbia\/williams-lake\/#primaryimage"},"thumbnailUrl":"\/wp-content\/uploads\/sites\/185\/kidsport-chapter-home-1.jpg","datePublished":"2020-03-13T16:16:56+00:00","dateModified":"2026-02-26T18:23:42+00:00","description":"Nous fournissons des subventions pour aider \u00e0 couvrir le co\u00fbt des frais d\u2019inscription afin que tous les enfants de 18 ans et moins puissent pratiquer un sport pendant une saison.","breadcrumb":{"@id":"https:\/\/kidsportcanada.ca\/british-columbia\/williams-lake\/#breadcrumb"},"inLanguage":"fr-CA","potentialAction":[{"@type":"ReadAction","target":["https:\/\/kidsportcanada.ca\/british-columbia\/williams-lake\/"]}]},{"@type":"ImageObject","inLanguage":"fr-CA","@id":"https:\/\/kidsportcanada.ca\/british-columbia\/williams-lake\/#primaryimage","url":"\/wp-content\/uploads\/sites\/185\/kidsport-chapter-home-1.jpg","contentUrl":"\/wp-content\/uploads\/sites\/185\/kidsport-chapter-home-1.jpg","width":1600,"height":1000,"caption":"A hockey player wearing red and black stopping on an indoor ice rink and looking at the camera"},{"@type":"BreadcrumbList","@id":"https:\/\/kidsportcanada.ca\/british-columbia\/williams-lake\/#breadcrumb","itemListElement":[{"@type":"ListItem","position":1,"name":"Home","item":"https:\/\/kidsportcanada.ca\/british-columbia\/williams-lake\/"},{"@type":"ListItem","position":2,"name":"Home"}]},{"@type":"WebSite","@id":"https:\/\/kidsportcanada.ca\/british-columbia\/williams-lake\/fr\/#website","url":"https:\/\/kidsportcanada.ca\/british-columbia\/williams-lake\/fr\/","name":"Williams Lake","description":"So all kids can play","potentialAction":[{"@type":"SearchAction","target":{"@type":"EntryPoint","urlTemplate":"https:\/\/kidsportcanada.ca\/british-columbia\/williams-lake\/fr\/?s={search_term_string}"},"query-input":{"@type":"PropertyValueSpecification","valueRequired":true,"valueName":"search_term_string"}}],"inLanguage":"fr-CA"}]}},"_links":{"self":[{"href":"https:\/\/kidsportcanada.ca\/british-columbia\/williams-lake\/fr\/wp-json\/wp\/v2\/pages\/37","targetHints":{"allow":["GET"]}}],"collection":[{"href":"https:\/\/kidsportcanada.ca\/british-columbia\/williams-lake\/fr\/wp-json\/wp\/v2\/pages"}],"about":[{"href":"https:\/\/kidsportcanada.ca\/british-columbia\/williams-lake\/fr\/wp-json\/wp\/v2\/types\/page"}],"author":[{"embeddable":true,"href":"https:\/\/kidsportcanada.ca\/british-columbia\/williams-lake\/fr\/wp-json\/wp\/v2\/users\/16"}],"replies":[{"embeddable":true,"href":"https:\/\/kidsportcanada.ca\/british-columbia\/williams-lake\/fr\/wp-json\/wp\/v2\/comments?post=37"}],"version-history":[{"count":0,"href":"https:\/\/kidsportcanada.ca\/british-columbia\/williams-lake\/fr\/wp-json\/wp\/v2\/pages\/37\/revisions"}],"wp:featuredmedia":[{"embeddable":true,"href":"https:\/\/kidsportcanada.ca\/british-columbia\/williams-lake\/fr\/wp-json\/wp\/v2\/media\/195"}],"wp:attachment":[{"href":"https:\/\/kidsportcanada.ca\/british-columbia\/williams-lake\/fr\/wp-json\/wp\/v2\/media?parent=37"}],"curies":[{"name":"wp","href":"https:\/\/api.w.org\/{rel}","templated":true}]}}