
{"id":1932,"date":"2025-02-12T21:12:58","date_gmt":"2025-02-12T21:12:58","guid":{"rendered":"https:\/\/kidsportcanada.ca\/?page_id=1932"},"modified":"2026-04-02T20:46:08","modified_gmt":"2026-04-02T20:46:08","slug":"move430","status":"publish","type":"page","link":"https:\/\/kidsportcanada.ca\/fr\/move430\/","title":{"rendered":"MOVE430"},"content":{"rendered":"<h1>\n\t\t\tEn avril,<br \/>on bouge!\t<\/h1>\n<h3>\n\t\t\tParticipez pour soutenir SportJeunesse en avril 2026. Les inscriptions anticip\u00e9es d\u00e9butent le 23 f\u00e9vrier 2026.\t<\/h3>\n\t\t\t<a href=\"https:\/\/secure.kidsportbc.org\/p2p\/event\/393968\/en-CA\" target=\"_self\">\n\t\t\t\t\t\t\tEn Avril On Bouge Colombie-Britannique\n\t\t\t<\/a>\n\t\t\t<a href=\"https:\/\/secure.ksmanitoba.ca\/p2p\/event\/393966\/en-CA\" target=\"_self\">\n\t\t\t\t\t\t\tEn Avril On Bouge Manitoba\n\t\t\t<\/a>\n\t\t\t<a href=\"https:\/\/secure.kidsportcanada.org\/p2p\/event\/393925\/en-CA\" target=\"_self\">\n\t\t\t\t\t\t\tEn Avril On Bouge Saskatchewan\n\t\t\t<\/a>\n\t\t\t<a href=\"https:\/\/secure.kidsportcanada.org\/p2p\/event\/393964\/fr-CA\" target=\"_self\">\n\t\t\t\t\t\t\tEn Avril On Bouge Qu\u00e9bec\n\t\t\t<\/a>\n\t\t\t<a href=\"https:\/\/secure.e2rm.com\/p2p\/event\/394286\/en-CA\" target=\"_self\">\n\t\t\t\t\t\t\tEn Avril On Bouge Alberta\n\t\t\t<\/a>\n\t\t\t<a href=\"https:\/\/secure.kidsportcanada.org\/p2p\/event\/394308\/en-CA\" target=\"_self\">\n\t\t\t\t\t\t\tEn Avril On Bouge Nouveau-Brunswick\n\t\t\t<\/a>\n<figure>\n\t\t\t\t<img decoding=\"async\" src=\"\/wp-content\/uploads\/MOVE-430_FR_Colour.png\" alt=\"MOVE-430_ENG_Colour\" height=\"1245\" width=\"1373\" title=\"MOVE-430_ENG_Colour\" loading=\"lazy\" \/>\n\t<\/figure>\n<h2>\n\t\t\t\u00cates-vous pr\u00eats \u00e0 bouger?\t<\/h2>\n\t<p>En avril, on bouge est un \u00e9v\u00e9nement virtuel qui vous invite \u00e0 bouger au moins 30 minutes par jour en avril. Les profits serviront \u00e0 soutenir les sections de SportJeunesse d\u2019un bout \u00e0 l\u2019autre du pays, en Colombie-Britannique, au Manitoba, en Saskatchewan, au Qu\u00e9bec, \u00e0 Edmonton et \u00e0 Calgary.<\/p>\n<p><strong><a href=\"\/wp-content\/uploads\/2026_HOW-THE-CHALLENGE-WORKS.pdf\" target=\"_blank\" rel=\"noopener\">T\u00e9l\u00e9chargez notre guide du d\u00e9fi pour tout savoir sur En avril, on bouge.<\/a><\/strong><\/p>\n<h3>\n\t\t\tLes premiers arriv\u00e9s seront les premiers servis!\t<\/h3>\n\t<p>If you register early, you&#8217;ll be entered for a chance to win a <strong>carte-cadeau num\u00e9rique DoorDash d\u2019une valeur de 500 $.<\/strong> Le compagnon id\u00e9al de tout d\u00e9fi sportif !<\/p>\n<h3>\n\t\t\tComment \u00e7a marche\t<\/h3>\n\t<p>Inscrivez-vous pour participer et\/ou recueillir des fonds sur <a href=\"http:\/\/kidsportcanada.ca\/fr\/move430\/\">kidsportcanada.ca\/move430<\/a>\u00a0then get ready to share your daily movement on social media and tag @move430challenge.<\/p>\n<p>\u00c0 partir du 1er avril, BOUGEZ pendant au moins 30 minutes pendant chacun des 30 jours d'avril et saisissez votre activit\u00e9 quotidienne dans le suivi en ligne.<\/p>\n<p><strong>Des prix quotidiens, hebdomadaires et un grand prix sont offerts par Under Armour.<\/strong><\/p>\n<h3>\n\t\t\tPARTICIPEZ AU D\u00c9FI\t<\/h3>\n\t<p><strong>Inscrivez-vous de mani\u00e8re individuelle<\/strong> Make MOVE430 part of your fitness goals. Our supportive community will help motivate you to keep moving. All ages welcome!<\/p>\n<p><strong>Cr\u00e9ez ou rejoignez une \u00e9quipe<\/strong> Fitness is always more fun with friends! Round up your friends and family, or encourage your employees to get active together and rally to support a great cause. No matter how you join, you&#8217;ll have the option to donate during registration and fundraise to help kids get off the sidelines and into the game.<\/p>\n<p>&nbsp;<\/p>\n<h3>\n\t\t\t\u00c0 PROPOS DE SPORTJEUNESSE\t<\/h3>\n\t<p>SportJeunesse offre du financement aux enfants issus de familles ayant besoin d'aide financi\u00e8re pour couvrir les frais d'inscription \u00e0 des activit\u00e9s sportives. #AfinQueTOUSLesJeunesPuissentJouer!<strong><em>ALL<\/em><\/strong>KidsCanPlay!<\/p>\n<p>With 176 chapters across the country, funding for KidSport directly shapes sport in each of those communities. For communities that don&#8217;t have a chapter, grant requests are supported through our Provincial Chapters. Learn more at KidSportCanada.ca.<\/p>\n<h1>\n\t\t\t <br \/>Bougez avec nous pour soutenir SportJeunesse \t<\/h1>\n<figure>\n\t\t\t\t<img decoding=\"async\" src=\"\/wp-content\/uploads\/WE-ARE-BACK-1.png\" alt=\"BACK\" height=\"400\" width=\"400\" title=\"BACK\" loading=\"lazy\" \/>\n\t<\/figure>\n<figure>\n\t\t\t\t<img decoding=\"async\" src=\"\/wp-content\/uploads\/UA-Thank-you-Resized.png\" alt=\"UA Thank you Resized\" height=\"282\" width=\"351\" title=\"UA Thank you Resized\" loading=\"lazy\" \/>\n\t<\/figure>\n<h3>\n\t\t\tDATES IMPORTANTES\t<\/h3>\n\t<p><strong>Inscriptions anticip\u00e9es :<\/strong> February 23, 2026 &#8211; March 15, 2026<\/p>\n<p><strong>Fin des inscriptions :<\/strong> 1er avril 2026<\/p>\n<p><strong>D\u00e9fi :<\/strong> April 1, 2026 &#8211; April 30, 2026<\/p>","protected":false},"excerpt":{"rendered":"<p>MOVE 430ChALLENGE Join in to support KidSport April 2026. Early bird registration begins February 23, 2026. MOVE430 BC MOVE430 MANITOBA MOVE430 SASKATCHEWAN MOVE430 QUEBEC MOVE430 ALBERTA MOVE430 NEW BRUNSWICK ARE YOU READY TO MOVE? MOVE430 is a virtual event that challenges you to move for at least 30 minutes each day in April.\u00a0 Proceeds will&hellip;<\/p>","protected":false},"author":188,"featured_media":1934,"parent":0,"menu_order":0,"comment_status":"closed","ping_status":"closed","template":"","meta":{"_acf_changed":false,"inline_featured_image":false,"footnotes":""},"class_list":["post-1932","page","type-page","status-publish","has-post-thumbnail","hentry"],"acf":[],"yoast_head":"<!-- This site is optimized with the Yoast SEO plugin v27.4 - https:\/\/yoast.com\/product\/yoast-seo-wordpress\/ -->\n<title>MOVE430 | KidSport Canada<\/title>\n<meta name=\"description\" content=\"KidSport is Calling all Canadians to Give the Gift of Sport this Holiday Season! Donate so more kids can get off the sidelines.\" \/>\n<meta name=\"robots\" content=\"index, follow, max-snippet:-1, max-image-preview:large, max-video-preview:-1\" \/>\n<link rel=\"canonical\" href=\"https:\/\/kidsportcanada.ca\/fr\/move430\/\" \/>\n<meta property=\"og:locale\" content=\"fr_CA\" \/>\n<meta property=\"og:type\" content=\"article\" \/>\n<meta property=\"og:title\" content=\"MOVE430 | KidSport Canada\" \/>\n<meta property=\"og:description\" content=\"KidSport is Calling all Canadians to Give the Gift of Sport this Holiday Season! Donate so more kids can get off the sidelines.\" \/>\n<meta property=\"og:url\" content=\"https:\/\/kidsportcanada.ca\/fr\/move430\/\" \/>\n<meta property=\"og:site_name\" content=\"KidSport Canada\" \/>\n<meta property=\"article:modified_time\" content=\"2026-04-02T20:46:08+00:00\" \/>\n<meta property=\"og:image\" content=\"https:\/\/kidsportcanada.ca\/wp-content\/uploads\/MOVE-430_ENG_Colour.png\" \/>\n\t<meta property=\"og:image:width\" content=\"1373\" \/>\n\t<meta property=\"og:image:height\" content=\"1245\" \/>\n\t<meta property=\"og:image:type\" content=\"image\/png\" \/>\n<meta name=\"twitter:card\" content=\"summary_large_image\" \/>\n<meta name=\"twitter:label1\" content=\"Estimation du temps de lecture\" \/>\n\t<meta name=\"twitter:data1\" content=\"3 minutes\" \/>\n<script type=\"application\/ld+json\" class=\"yoast-schema-graph\">{\"@context\":\"https:\\\/\\\/schema.org\",\"@graph\":[{\"@type\":\"WebPage\",\"@id\":\"https:\\\/\\\/kidsportcanada.ca\\\/move430\\\/\",\"url\":\"https:\\\/\\\/kidsportcanada.ca\\\/move430\\\/\",\"name\":\"MOVE430 | KidSport Canada\",\"isPartOf\":{\"@id\":\"https:\\\/\\\/kidsportcanada.ca\\\/#website\"},\"primaryImageOfPage\":{\"@id\":\"https:\\\/\\\/kidsportcanada.ca\\\/move430\\\/#primaryimage\"},\"image\":{\"@id\":\"https:\\\/\\\/kidsportcanada.ca\\\/move430\\\/#primaryimage\"},\"thumbnailUrl\":\"\\\/wp-content\\\/uploads\\\/MOVE-430_ENG_Colour.png\",\"datePublished\":\"2025-02-12T21:12:58+00:00\",\"dateModified\":\"2026-04-02T20:46:08+00:00\",\"description\":\"KidSport is Calling all Canadians to Give the Gift of Sport this Holiday Season! Donate so more kids can get off the sidelines.\",\"breadcrumb\":{\"@id\":\"https:\\\/\\\/kidsportcanada.ca\\\/move430\\\/#breadcrumb\"},\"inLanguage\":\"fr-CA\",\"potentialAction\":[{\"@type\":\"ReadAction\",\"target\":[\"https:\\\/\\\/kidsportcanada.ca\\\/move430\\\/\"]}]},{\"@type\":\"ImageObject\",\"inLanguage\":\"fr-CA\",\"@id\":\"https:\\\/\\\/kidsportcanada.ca\\\/move430\\\/#primaryimage\",\"url\":\"\\\/wp-content\\\/uploads\\\/MOVE-430_ENG_Colour.png\",\"contentUrl\":\"\\\/wp-content\\\/uploads\\\/MOVE-430_ENG_Colour.png\",\"width\":1373,\"height\":1245},{\"@type\":\"BreadcrumbList\",\"@id\":\"https:\\\/\\\/kidsportcanada.ca\\\/move430\\\/#breadcrumb\",\"itemListElement\":[{\"@type\":\"ListItem\",\"position\":1,\"name\":\"Home\",\"item\":\"https:\\\/\\\/kidsportcanada.ca\\\/\"},{\"@type\":\"ListItem\",\"position\":2,\"name\":\"MOVE430\"}]},{\"@type\":\"WebSite\",\"@id\":\"https:\\\/\\\/kidsportcanada.ca\\\/#website\",\"url\":\"https:\\\/\\\/kidsportcanada.ca\\\/\",\"name\":\"KidSport Canada\",\"description\":\"So all kids can play\",\"publisher\":{\"@id\":\"https:\\\/\\\/kidsportcanada.ca\\\/#organization\"},\"potentialAction\":[{\"@type\":\"SearchAction\",\"target\":{\"@type\":\"EntryPoint\",\"urlTemplate\":\"https:\\\/\\\/kidsportcanada.ca\\\/?s={search_term_string}\"},\"query-input\":{\"@type\":\"PropertyValueSpecification\",\"valueRequired\":true,\"valueName\":\"search_term_string\"}}],\"inLanguage\":\"fr-CA\"},{\"@type\":\"Organization\",\"@id\":\"https:\\\/\\\/kidsportcanada.ca\\\/#organization\",\"name\":\"KidSport Canada\",\"url\":\"https:\\\/\\\/kidsportcanada.ca\\\/\",\"logo\":{\"@type\":\"ImageObject\",\"inLanguage\":\"fr-CA\",\"@id\":\"https:\\\/\\\/kidsportcanada.ca\\\/#\\\/schema\\\/logo\\\/image\\\/\",\"url\":\"\\\/wp-content\\\/uploads\\\/logo-kidsport-transparent.jpg\",\"contentUrl\":\"\\\/wp-content\\\/uploads\\\/logo-kidsport-transparent.jpg\",\"width\":880,\"height\":464,\"caption\":\"KidSport Canada\"},\"image\":{\"@id\":\"https:\\\/\\\/kidsportcanada.ca\\\/#\\\/schema\\\/logo\\\/image\\\/\"}}]}<\/script>\n<!-- \/ Yoast SEO plugin. -->","yoast_head_json":{"title":"MOVE430 | KidSport Canada","description":"SportJeunesse invite tous les Canadiens \u00e0 offrir le sport en cadeau en cette p\u00e9riode des f\u00eates! Donnez afin de permettre \u00e0 plus d\u2019enfants d\u2019acc\u00e9der au sport.","robots":{"index":"index","follow":"follow","max-snippet":"max-snippet:-1","max-image-preview":"max-image-preview:large","max-video-preview":"max-video-preview:-1"},"canonical":"https:\/\/kidsportcanada.ca\/fr\/move430\/","og_locale":"fr_CA","og_type":"article","og_title":"MOVE430 | KidSport Canada","og_description":"KidSport is Calling all Canadians to Give the Gift of Sport this Holiday Season! Donate so more kids can get off the sidelines.","og_url":"https:\/\/kidsportcanada.ca\/fr\/move430\/","og_site_name":"KidSport Canada","article_modified_time":"2026-04-02T20:46:08+00:00","og_image":[{"width":1373,"height":1245,"url":"https:\/\/kidsportcanada.ca\/wp-content\/uploads\/MOVE-430_ENG_Colour.png","type":"image\/png"}],"twitter_card":"summary_large_image","twitter_misc":{"Estimation du temps de lecture":"3 minutes"},"schema":{"@context":"https:\/\/schema.org","@graph":[{"@type":"WebPage","@id":"https:\/\/kidsportcanada.ca\/move430\/","url":"https:\/\/kidsportcanada.ca\/move430\/","name":"MOVE430 | KidSport Canada","isPartOf":{"@id":"https:\/\/kidsportcanada.ca\/#website"},"primaryImageOfPage":{"@id":"https:\/\/kidsportcanada.ca\/move430\/#primaryimage"},"image":{"@id":"https:\/\/kidsportcanada.ca\/move430\/#primaryimage"},"thumbnailUrl":"\/wp-content\/uploads\/MOVE-430_ENG_Colour.png","datePublished":"2025-02-12T21:12:58+00:00","dateModified":"2026-04-02T20:46:08+00:00","description":"SportJeunesse invite tous les Canadiens \u00e0 offrir le sport en cadeau en cette p\u00e9riode des f\u00eates! Donnez afin de permettre \u00e0 plus d\u2019enfants d\u2019acc\u00e9der au sport.","breadcrumb":{"@id":"https:\/\/kidsportcanada.ca\/move430\/#breadcrumb"},"inLanguage":"fr-CA","potentialAction":[{"@type":"ReadAction","target":["https:\/\/kidsportcanada.ca\/move430\/"]}]},{"@type":"ImageObject","inLanguage":"fr-CA","@id":"https:\/\/kidsportcanada.ca\/move430\/#primaryimage","url":"\/wp-content\/uploads\/MOVE-430_ENG_Colour.png","contentUrl":"\/wp-content\/uploads\/MOVE-430_ENG_Colour.png","width":1373,"height":1245},{"@type":"BreadcrumbList","@id":"https:\/\/kidsportcanada.ca\/move430\/#breadcrumb","itemListElement":[{"@type":"ListItem","position":1,"name":"Home","item":"https:\/\/kidsportcanada.ca\/"},{"@type":"ListItem","position":2,"name":"MOVE430"}]},{"@type":"WebSite","@id":"https:\/\/kidsportcanada.ca\/#website","url":"https:\/\/kidsportcanada.ca\/","name":"SportJeunesse Canada","description":"Afin que les enfants puissent jouer","publisher":{"@id":"https:\/\/kidsportcanada.ca\/#organization"},"potentialAction":[{"@type":"SearchAction","target":{"@type":"EntryPoint","urlTemplate":"https:\/\/kidsportcanada.ca\/?s={search_term_string}"},"query-input":{"@type":"PropertyValueSpecification","valueRequired":true,"valueName":"search_term_string"}}],"inLanguage":"fr-CA"},{"@type":"Organization","@id":"https:\/\/kidsportcanada.ca\/#organization","name":"SportJeunesse Canada","url":"https:\/\/kidsportcanada.ca\/","logo":{"@type":"ImageObject","inLanguage":"fr-CA","@id":"https:\/\/kidsportcanada.ca\/#\/schema\/logo\/image\/","url":"\/wp-content\/uploads\/logo-kidsport-transparent.jpg","contentUrl":"\/wp-content\/uploads\/logo-kidsport-transparent.jpg","width":880,"height":464,"caption":"KidSport Canada"},"image":{"@id":"https:\/\/kidsportcanada.ca\/#\/schema\/logo\/image\/"}}]}},"_links":{"self":[{"href":"https:\/\/kidsportcanada.ca\/fr\/wp-json\/wp\/v2\/pages\/1932","targetHints":{"allow":["GET"]}}],"collection":[{"href":"https:\/\/kidsportcanada.ca\/fr\/wp-json\/wp\/v2\/pages"}],"about":[{"href":"https:\/\/kidsportcanada.ca\/fr\/wp-json\/wp\/v2\/types\/page"}],"author":[{"embeddable":true,"href":"https:\/\/kidsportcanada.ca\/fr\/wp-json\/wp\/v2\/users\/188"}],"replies":[{"embeddable":true,"href":"https:\/\/kidsportcanada.ca\/fr\/wp-json\/wp\/v2\/comments?post=1932"}],"version-history":[{"count":0,"href":"https:\/\/kidsportcanada.ca\/fr\/wp-json\/wp\/v2\/pages\/1932\/revisions"}],"wp:featuredmedia":[{"embeddable":true,"href":"https:\/\/kidsportcanada.ca\/fr\/wp-json\/wp\/v2\/media\/1934"}],"wp:attachment":[{"href":"https:\/\/kidsportcanada.ca\/fr\/wp-json\/wp\/v2\/media?parent=1932"}],"curies":[{"name":"wp","href":"https:\/\/api.w.org\/{rel}","templated":true}]}}