
{"id":557,"date":"2020-06-29T15:27:20","date_gmt":"2020-06-29T15:27:20","guid":{"rendered":"https:\/\/kidsportcanada.ca\/?page_id=557"},"modified":"2026-01-06T20:55:04","modified_gmt":"2026-01-06T20:55:04","slug":"donate","status":"publish","type":"page","link":"https:\/\/kidsportcanada.ca\/fr\/donate\/","title":{"rendered":"Fa\u00e7ons de donner"},"content":{"rendered":"<h1 class=\"translation-block\"><span class=\"fl-heading-text\">COMMENT <span>donner<\/span><\/span><\/h1>\n\t\t\t<a href=\"https:\/\/secure.kidsportcanada.org\/registrant\/DonationPage.aspx?eventid=249724&amp;langpref=fr-CA&amp;Referrer=httpwww.kidsportcanada.carbonate\" target=\"_blank\" rel=\"noopener\">\n\t\t\t\t\t\t\tDONNEZ MAINTENANT\n\t\t\t<\/a>\n<h2>\n\t\t\tDONATE Online\t<\/h2>\n\t<h3>Donnez \u00e0 SportJeunesse Canada ou \u00e0 une section de SportJeunesse en utilisant notre formulaire s\u00e9curis\u00e9 en ligne autres fa\u00e7ons de donner. Voyez aussi les.<br \/>\n<a href=\"#other-ways-to-donate\">les autres fa\u00e7ons de donner<\/a>.<\/h3>\n\t\t\t<a href=\"https:\/\/secure.kidsportcanada.org\/registrant\/DonationPage.aspx?eventid=249724&amp;langpref=fr-CA&amp;Referrer=httpwww.kidsportcanada.carbonate\" target=\"_blank\" rel=\"noopener\">\n\t\t\t\t\t\t\tDONNEZ MAINTENANT\n\t\t\t<\/a>\n\t\t\t<a href=\"#common-questions\" target=\"_self\">\n\t\t\t\t\t\t\tQUESTIONS COURANTES\n\t\t\t\t\t<\/a>\n<h5>\n\t\t\tPr\u00e9f\u00e9rez-vous donner hors ligne?\t<\/h5>\n\t<p>T\u00e9l\u00e9chargez et envoyez-nous le formulaire de don de SportJeunesse. Notre num\u00e9ro d\u2019enregistrement de l\u2019ARC est le 86212 5986 RR0003.<\/p>\n\t\t\t<a href=\"\/wp-content\/uploads\/kidsport_online_donation_form_-_2014.pdf\" target=\"_blank\" rel=\"noopener\">\n\t\t\t\t\t\tFORMULAIRE PAPIER\n\t\t\t\t\t<\/a>\n<h2 data-animation-delay=\"0\" data-animation-duration=\"1\">\n\t\t\tOTHER WAYS TO Donate\t<\/h2>\n<h5>\n\t\t\tDonner une voiture\t<\/h5>\n\t\t\t\t<img decoding=\"async\" src=\"\/wp-content\/uploads\/donate-car-canada.svg\" alt=\"donate-car-canada.svg\" title=\"donate-car-canada.svg\" loading=\"lazy\" \/>\n\t<p>L\u2019organisme Donate a Car Canada s\u2019occupe de la logistique afin qu\u2019il soit facile pour SportJeunesse Canada de b\u00e9n\u00e9ficier de votre ancienne voiture.<\/p>\n\t\t\t<a href=\"https:\/\/donatecar.ca\/org\/donate.php?charitypage=KidsportCanada\" target=\"_blank\" rel=\"noopener\">\n\t\t\t\t\t\t\tEN SAVOIR PLUS\n\t\t\t\t\t<\/a>\n<h5>\n\t\t\tTransfert de valeurs mobili\u00e8res\t<\/h5>\n\t\t\t\t<img decoding=\"async\" src=\"\/wp-content\/uploads\/transfer_securities.svg\" alt=\"transfer_securities.svg\" title=\"transfer_securities.svg\" loading=\"lazy\" \/>\n\t<p>En faisant un don d\u2019actions \u00e0 valeur accrue, de fonds communs de placement ou d\u2019options d\u2019achat d\u2019actions, vous ne payez aucun imp\u00f4t sur les gains en capital et vous recevez un re\u00e7u officiel au montant de la juste valeur marchande des valeurs mobili\u00e8res.<\/p>\n\t\t\t<a href=\"\/wp-content\/uploads\/KidSport-Gift-of-Securities-Transfer-Form-ENG-and-FR-2025.pdf\" target=\"_blank\" rel=\"noopener\">\n\t\t\t\t\t\tDEMANDE DE TRANSFERT\n\t\t\t\t\t<\/a>\n<h5>\n\t\t\tDon planifi\u00e9\t<\/h5>\n\t\t\t\t<img decoding=\"async\" src=\"\/wp-content\/uploads\/planned_giving.svg\" alt=\"planned_giving.svg\" title=\"planned_giving.svg\" loading=\"lazy\" \/>\n\t<p>Faire un don planifi\u00e9 ou laisser un legs consiste \u00e0 faire un don de bienfaisance au moyen d\u2019un plan financier ou de succession. Il s\u2019agit g\u00e9n\u00e9ralement de pr\u00e9voir le don d\u2019immobilisations ou de biens personnels dans un testament plut\u00f4t que de donner ses revenus actuels.<\/p>\n<p>Contactez simplement votre avocat pour inclure une clause dans votre testament afin de nommer SportJeunesse comme b\u00e9n\u00e9ficiaire, ou contactez le personnel de SportJeunesse pour en savoir plus sur l'impact des dons en h\u00e9ritage.<\/p>\n\t\t\t<a href=\"https:\/\/kidsportcanada.ca\/fr\/contact-us\/\" target=\"_self\">\n\t\t\t\t\t\t\tCONTACTER\n\t\t\t\t\t<\/a>\n<h5>\n\t\t\tDEVENIR UN PARTENAIRE\t<\/h5>\n\t\t\t\t<img decoding=\"async\" src=\"\/wp-content\/uploads\/become_partner.svg\" alt=\"become_partner.svg\" title=\"become_partner.svg\" loading=\"lazy\" \/>\n\t<p>O\u00f9 qu\u2019elles soient au Canada, les entreprises peuvent commanditer SportJeunesse \u00e0 l\u2019\u00e9chelle nationale, provinciale ou locale afin d\u2019assurer l\u2019acc\u00e8s au sport pour autant d\u2019enfants que possible.<\/p>\n\t\t\t<a href=\"https:\/\/kidsportcanada.ca\/fr\/contact-us\/\" target=\"_self\">\n\t\t\t\t\t\t\tEN SAVOIR PLUS\n\t\t\t\t\t<\/a>\n<h2>\n\t\t\tCOMMON Questions\t<\/h2>\n\t\t\t\t\t<a href=\"#\" id=\"fl-accordion--label-0\" aria-controls=\"fl-accordion--panel-0\">Mon don est-il s\u00e9curis\u00e9?<\/a>\n\t\t\t\t\t\t\t\t\t\t\t<a href=\"#\" id=\"fl-accordion--icon-0\"><i title=\"Expand\">Expand<\/i><\/a>\n\t\t\t\t\t<p>Oui. Les dons faits \u00e0 SportJeunesse sont trait\u00e9s par FrontStream, l\u2019une des plus importantes plateformes nationales de collecte de fonds. Vos donn\u00e9es de carte de cr\u00e9dit sont s\u00e9curis\u00e9es et jamais nous ne vendrons ni ne divulguerons vos renseignements personnels.<\/p>\n\t\t\t\t\t<a href=\"#\" id=\"fl-accordion--label-1\" aria-controls=\"fl-accordion--panel-1\">Mon don est-il d\u00e9ductible du revenu imposable?<\/a>\n\t\t\t\t\t\t\t\t\t\t\t<a href=\"#\" id=\"fl-accordion--icon-1\"><i title=\"Expand\">Expand<\/i><\/a>\n\t\t\t\t\t<p>Oui, SportJeunesse d\u00e9livre un re\u00e7u officiel pour les dons admissibles de plus de 20 $. Donnez en ligne pour recevoir un re\u00e7u automatiquement et sauver un arbre! Les re\u00e7us pour dons faits hors ligne sont d\u00e9livr\u00e9s avant la fin du trimestre suivant.<\/p>\n\t\t\t\t\t<a href=\"#\" id=\"fl-accordion--label-2\" aria-controls=\"fl-accordion--panel-2\">Puis-je faire un don mensuel r\u00e9current?<\/a>\n\t\t\t\t\t\t\t\t\t\t\t<a href=\"#\" id=\"fl-accordion--icon-2\"><i title=\"Expand\">Expand<\/i><\/a>\n\t\t\t\t\t<p>You sure can! Monthly donors sustain our organization by providing reliable funding &#8211; and a big impact! Just $25 a month adds up to help a kid in one year.<\/p>\n<p>Simply select &#8220;Monthly Gift&#8221; at the top of our online donation form. Your monthly donation will show up on your credit card statement, on the same date and for the same amount as your first gift.<\/p>\n<p>Veuillez noter que les re\u00e7us officiels sont automatiquement produits et envoy\u00e9s chaque ann\u00e9e \u00e0 la fin de f\u00e9vrier pour tous les dons mensuels faits durant l\u2019ann\u00e9e civile.<\/p>\n\t\t\t\t\t<a href=\"#\" id=\"fl-accordion--label-3\" aria-controls=\"fl-accordion--panel-3\">S\u2019il n\u2019y a pas de section SportJeunesse locale dans ma r\u00e9gion, \u00e0 quoi servira mon don?<\/a>\n\t\t\t\t\t\t\t\t\t\t\t<a href=\"#\" id=\"fl-accordion--icon-3\"><i title=\"Expand\">Expand<\/i><\/a>\n\t\t\t\t\t<p>Vous pouvez diriger votre don vers la section provinciale ou nationale afin d\u2019aider les enfants et les jeunes dans votre province ou \u00e0 la grandeur du Canada.<\/p>\n\t\t\t\t\t<a href=\"#\" id=\"fl-accordion--label-4\" aria-controls=\"fl-accordion--panel-4\">\u00c0 qui dois-je adresser mes questions?<\/a>\n\t\t\t\t\t\t\t\t\t\t\t<a href=\"#\" id=\"fl-accordion--icon-4\"><i title=\"Expand\">Expand<\/i><\/a>\n\t\t\t\t\t<p>Please contact our National office or your Provincial\/Local Community KidSport Chapter for any other questions you may have. We&#8217;re happy to help.<\/p>\n<h2>\n\t\t\tAmbassadors Corner Brett Levis\t<\/h2>\n<h3>\n\t\t\tVoyez pourquoi Brett Levis, du club Valour FC, appuie SportJeunesse.\t<\/h3>\n\t\t\t<a href=\"\/fr\/void(0)\/\" title=\"Click Here\" target=\"_self\" aria-label=\"Regarder la vid\u00e9o (en anglais)\">\n\t\t\t\t\t\t\t\t\t\t\tRegarder la vid\u00e9o (en anglais)\n\t\t<\/a>\n\t\t\t<a href=\"\/fr\/void(0)\/\" title=\"Click Here\" target=\"_self\" aria-label=\"Regarder la vid\u00e9o (en anglais)\">\n\t\t\t\t\t\t\t\t\t\t\tRegarder la vid\u00e9o (en anglais)\n\t\t<\/a>\n\t\t\t<a href=\"https:\/\/kidsportcanada.ca\/fr\/our-impact\/\" target=\"_self\">\n\t\t\t\t\t\t\tVOIR NOTRE INCIDENCE\n\t\t\t\t\t<\/a>","protected":false},"excerpt":{"rendered":"<p>Ways to GIVE DONATE NOW DONATE Online Donate to KidSport Canada or a KidSport chapter using our secure online form. Also see other ways to donate. DONATE NOW COMMON QUESTIONS PREFER TO DONATE OFFLINE? Download and send in the KidSport Donation Form. Our CRA Charitable registration number is 86212 5986 RR0003. PAPER DONATION FORM OTHER&hellip;<\/p>","protected":false},"author":16,"featured_media":664,"parent":0,"menu_order":0,"comment_status":"closed","ping_status":"closed","template":"","meta":{"_acf_changed":false,"inline_featured_image":false,"footnotes":""},"class_list":["post-557","page","type-page","status-publish","has-post-thumbnail","hentry"],"acf":[],"yoast_head":"<!-- This site is optimized with the Yoast SEO plugin v27.4 - https:\/\/yoast.com\/product\/yoast-seo-wordpress\/ -->\n<title>Ways to Give | KidSport Canada<\/title>\n<meta name=\"description\" content=\"Donate to KidSport Canada or a KidSport chapter using our secure online form, or help kids get in the game by supporting us in other ways.\" \/>\n<meta name=\"robots\" content=\"index, follow, max-snippet:-1, max-image-preview:large, max-video-preview:-1\" \/>\n<link rel=\"canonical\" href=\"https:\/\/kidsportcanada.ca\/fr\/donate\/\" \/>\n<meta property=\"og:locale\" content=\"fr_CA\" \/>\n<meta property=\"og:type\" content=\"article\" \/>\n<meta property=\"og:title\" content=\"Ways to Give\" \/>\n<meta property=\"og:description\" content=\"Donate to KidSport Canada or a KidSport chapter using our secure online form, or help kids get in the game by supporting us in other ways.\" \/>\n<meta property=\"og:url\" content=\"https:\/\/kidsportcanada.ca\/fr\/donate\/\" \/>\n<meta property=\"og:site_name\" content=\"KidSport Canada\" \/>\n<meta property=\"article:modified_time\" content=\"2026-01-06T20:55:04+00:00\" \/>\n<meta property=\"og:image\" content=\"https:\/\/kidsportcanada.ca\/wp-content\/uploads\/donate-hockey-nets.jpg\" \/>\n\t<meta property=\"og:image:width\" content=\"1600\" \/>\n\t<meta property=\"og:image:height\" content=\"1000\" \/>\n\t<meta property=\"og:image:type\" content=\"image\/jpeg\" \/>\n<meta name=\"twitter:card\" content=\"summary_large_image\" \/>\n<meta name=\"twitter:title\" content=\"Ways to Give\" \/>\n<meta name=\"twitter:description\" content=\"Donate to KidSport Canada or a KidSport chapter using our secure online form, or help kids get in the game by supporting us in other ways.\" \/>\n<meta name=\"twitter:image\" content=\"https:\/\/kidsportcanada.ca\/wp-content\/uploads\/donate-hockey-nets.jpg\" \/>\n<meta name=\"twitter:label1\" content=\"Estimation du temps de lecture\" \/>\n\t<meta name=\"twitter:data1\" content=\"4 minutes\" \/>\n<script type=\"application\/ld+json\" class=\"yoast-schema-graph\">{\"@context\":\"https:\\\/\\\/schema.org\",\"@graph\":[{\"@type\":\"WebPage\",\"@id\":\"https:\\\/\\\/kidsportcanada.ca\\\/donate\\\/\",\"url\":\"https:\\\/\\\/kidsportcanada.ca\\\/donate\\\/\",\"name\":\"Ways to Give | KidSport Canada\",\"isPartOf\":{\"@id\":\"https:\\\/\\\/kidsportcanada.ca\\\/#website\"},\"primaryImageOfPage\":{\"@id\":\"https:\\\/\\\/kidsportcanada.ca\\\/donate\\\/#primaryimage\"},\"image\":{\"@id\":\"https:\\\/\\\/kidsportcanada.ca\\\/donate\\\/#primaryimage\"},\"thumbnailUrl\":\"\\\/wp-content\\\/uploads\\\/donate-hockey-nets.jpg\",\"datePublished\":\"2020-06-29T15:27:20+00:00\",\"dateModified\":\"2026-01-06T20:55:04+00:00\",\"description\":\"Donate to KidSport Canada or a KidSport chapter using our secure online form, or help kids get in the game by supporting us in other ways.\",\"breadcrumb\":{\"@id\":\"https:\\\/\\\/kidsportcanada.ca\\\/donate\\\/#breadcrumb\"},\"inLanguage\":\"fr-CA\",\"potentialAction\":[{\"@type\":\"ReadAction\",\"target\":[\"https:\\\/\\\/kidsportcanada.ca\\\/donate\\\/\"]}]},{\"@type\":\"ImageObject\",\"inLanguage\":\"fr-CA\",\"@id\":\"https:\\\/\\\/kidsportcanada.ca\\\/donate\\\/#primaryimage\",\"url\":\"\\\/wp-content\\\/uploads\\\/donate-hockey-nets.jpg\",\"contentUrl\":\"\\\/wp-content\\\/uploads\\\/donate-hockey-nets.jpg\",\"width\":1600,\"height\":1000,\"caption\":\"An outdoor ice rink with the red hockey nets on it\"},{\"@type\":\"BreadcrumbList\",\"@id\":\"https:\\\/\\\/kidsportcanada.ca\\\/donate\\\/#breadcrumb\",\"itemListElement\":[{\"@type\":\"ListItem\",\"position\":1,\"name\":\"Home\",\"item\":\"https:\\\/\\\/kidsportcanada.ca\\\/\"},{\"@type\":\"ListItem\",\"position\":2,\"name\":\"Ways to Give\"}]},{\"@type\":\"WebSite\",\"@id\":\"https:\\\/\\\/kidsportcanada.ca\\\/#website\",\"url\":\"https:\\\/\\\/kidsportcanada.ca\\\/\",\"name\":\"KidSport Canada\",\"description\":\"So all kids can play\",\"publisher\":{\"@id\":\"https:\\\/\\\/kidsportcanada.ca\\\/#organization\"},\"potentialAction\":[{\"@type\":\"SearchAction\",\"target\":{\"@type\":\"EntryPoint\",\"urlTemplate\":\"https:\\\/\\\/kidsportcanada.ca\\\/?s={search_term_string}\"},\"query-input\":{\"@type\":\"PropertyValueSpecification\",\"valueRequired\":true,\"valueName\":\"search_term_string\"}}],\"inLanguage\":\"fr-CA\"},{\"@type\":\"Organization\",\"@id\":\"https:\\\/\\\/kidsportcanada.ca\\\/#organization\",\"name\":\"KidSport Canada\",\"url\":\"https:\\\/\\\/kidsportcanada.ca\\\/\",\"logo\":{\"@type\":\"ImageObject\",\"inLanguage\":\"fr-CA\",\"@id\":\"https:\\\/\\\/kidsportcanada.ca\\\/#\\\/schema\\\/logo\\\/image\\\/\",\"url\":\"\\\/wp-content\\\/uploads\\\/logo-kidsport-transparent.jpg\",\"contentUrl\":\"\\\/wp-content\\\/uploads\\\/logo-kidsport-transparent.jpg\",\"width\":880,\"height\":464,\"caption\":\"KidSport Canada\"},\"image\":{\"@id\":\"https:\\\/\\\/kidsportcanada.ca\\\/#\\\/schema\\\/logo\\\/image\\\/\"}}]}<\/script>\n<!-- \/ Yoast SEO plugin. -->","yoast_head_json":{"title":"Fa\u00e7ons de donner - SportJeunesse Canada","description":"Donnez \u00e0 SportJeunesse Canada ou \u00e0 une section de SportJeunesse en utilisant notre formulaire s\u00e9curis\u00e9 en ligne, ou aidez les enfants \u00e0 entrer dans le jeu en nous appuyant d\u2019une autre mani\u00e8re.","robots":{"index":"index","follow":"follow","max-snippet":"max-snippet:-1","max-image-preview":"max-image-preview:large","max-video-preview":"max-video-preview:-1"},"canonical":"https:\/\/kidsportcanada.ca\/fr\/donate\/","og_locale":"fr_CA","og_type":"article","og_title":"Ways to Give","og_description":"Donate to KidSport Canada or a KidSport chapter using our secure online form, or help kids get in the game by supporting us in other ways.","og_url":"https:\/\/kidsportcanada.ca\/fr\/donate\/","og_site_name":"KidSport Canada","article_modified_time":"2026-01-06T20:55:04+00:00","og_image":[{"width":1600,"height":1000,"url":"https:\/\/kidsportcanada.ca\/wp-content\/uploads\/donate-hockey-nets.jpg","type":"image\/jpeg"}],"twitter_card":"summary_large_image","twitter_title":"Ways to Give","twitter_description":"Donate to KidSport Canada or a KidSport chapter using our secure online form, or help kids get in the game by supporting us in other ways.","twitter_image":"https:\/\/kidsportcanada.ca\/wp-content\/uploads\/donate-hockey-nets.jpg","twitter_misc":{"Estimation du temps de lecture":"4 minutes"},"schema":{"@context":"https:\/\/schema.org","@graph":[{"@type":"WebPage","@id":"https:\/\/kidsportcanada.ca\/donate\/","url":"https:\/\/kidsportcanada.ca\/donate\/","name":"Fa\u00e7ons de donner - SportJeunesse Canada","isPartOf":{"@id":"https:\/\/kidsportcanada.ca\/#website"},"primaryImageOfPage":{"@id":"https:\/\/kidsportcanada.ca\/donate\/#primaryimage"},"image":{"@id":"https:\/\/kidsportcanada.ca\/donate\/#primaryimage"},"thumbnailUrl":"\/wp-content\/uploads\/donate-hockey-nets.jpg","datePublished":"2020-06-29T15:27:20+00:00","dateModified":"2026-01-06T20:55:04+00:00","description":"Donnez \u00e0 SportJeunesse Canada ou \u00e0 une section de SportJeunesse en utilisant notre formulaire s\u00e9curis\u00e9 en ligne, ou aidez les enfants \u00e0 entrer dans le jeu en nous appuyant d\u2019une autre mani\u00e8re.","breadcrumb":{"@id":"https:\/\/kidsportcanada.ca\/donate\/#breadcrumb"},"inLanguage":"fr-CA","potentialAction":[{"@type":"ReadAction","target":["https:\/\/kidsportcanada.ca\/donate\/"]}]},{"@type":"ImageObject","inLanguage":"fr-CA","@id":"https:\/\/kidsportcanada.ca\/donate\/#primaryimage","url":"\/wp-content\/uploads\/donate-hockey-nets.jpg","contentUrl":"\/wp-content\/uploads\/donate-hockey-nets.jpg","width":1600,"height":1000,"caption":"An outdoor ice rink with the red hockey nets on it"},{"@type":"BreadcrumbList","@id":"https:\/\/kidsportcanada.ca\/donate\/#breadcrumb","itemListElement":[{"@type":"ListItem","position":1,"name":"Home","item":"https:\/\/kidsportcanada.ca\/"},{"@type":"ListItem","position":2,"name":"Ways to Give"}]},{"@type":"WebSite","@id":"https:\/\/kidsportcanada.ca\/#website","url":"https:\/\/kidsportcanada.ca\/","name":"SportJeunesse Canada","description":"Afin que les enfants puissent jouer","publisher":{"@id":"https:\/\/kidsportcanada.ca\/#organization"},"potentialAction":[{"@type":"SearchAction","target":{"@type":"EntryPoint","urlTemplate":"https:\/\/kidsportcanada.ca\/?s={search_term_string}"},"query-input":{"@type":"PropertyValueSpecification","valueRequired":true,"valueName":"search_term_string"}}],"inLanguage":"fr-CA"},{"@type":"Organization","@id":"https:\/\/kidsportcanada.ca\/#organization","name":"SportJeunesse Canada","url":"https:\/\/kidsportcanada.ca\/","logo":{"@type":"ImageObject","inLanguage":"fr-CA","@id":"https:\/\/kidsportcanada.ca\/#\/schema\/logo\/image\/","url":"\/wp-content\/uploads\/logo-kidsport-transparent.jpg","contentUrl":"\/wp-content\/uploads\/logo-kidsport-transparent.jpg","width":880,"height":464,"caption":"KidSport Canada"},"image":{"@id":"https:\/\/kidsportcanada.ca\/#\/schema\/logo\/image\/"}}]}},"_links":{"self":[{"href":"https:\/\/kidsportcanada.ca\/fr\/wp-json\/wp\/v2\/pages\/557","targetHints":{"allow":["GET"]}}],"collection":[{"href":"https:\/\/kidsportcanada.ca\/fr\/wp-json\/wp\/v2\/pages"}],"about":[{"href":"https:\/\/kidsportcanada.ca\/fr\/wp-json\/wp\/v2\/types\/page"}],"author":[{"embeddable":true,"href":"https:\/\/kidsportcanada.ca\/fr\/wp-json\/wp\/v2\/users\/16"}],"replies":[{"embeddable":true,"href":"https:\/\/kidsportcanada.ca\/fr\/wp-json\/wp\/v2\/comments?post=557"}],"version-history":[{"count":0,"href":"https:\/\/kidsportcanada.ca\/fr\/wp-json\/wp\/v2\/pages\/557\/revisions"}],"wp:featuredmedia":[{"embeddable":true,"href":"https:\/\/kidsportcanada.ca\/fr\/wp-json\/wp\/v2\/media\/664"}],"wp:attachment":[{"href":"https:\/\/kidsportcanada.ca\/fr\/wp-json\/wp\/v2\/media?parent=557"}],"curies":[{"name":"wp","href":"https:\/\/api.w.org\/{rel}","templated":true}]}}