
{"id":560,"date":"2020-06-29T18:59:53","date_gmt":"2020-06-29T18:59:53","guid":{"rendered":"https:\/\/kidsportcanada.ca\/?page_id=560"},"modified":"2026-04-16T18:45:49","modified_gmt":"2026-04-16T18:45:49","slug":"national-partners","status":"publish","type":"page","link":"https:\/\/kidsportcanada.ca\/fr\/national-partners\/","title":{"rendered":"Partenaires nationaux"},"content":{"rendered":"<h1 class=\"translation-block\"><span class=\"fl-heading-text\">Partenaires du <span>sport<\/span><\/span><\/h1>\n<h3>\n\t\t\tMerci \u00e0 nos partenaires : vous nous aidez \u00e0 assurer que la prochaine g\u00e9n\u00e9ration d\u2019enfants canadiens a la possibilit\u00e9 de d\u00e9couvrir la joie du sport.\t<\/h3>\n\t\t\t<a href=\"#become-a-partner\" target=\"_self\">\n\t\t\t\t\t\t\tDEVENIR UN PARTENAIRE\n\t\t\t\t\t<\/a>\n<h2>\n\t\t\tPARTENAIRE NATIONAL MAJEUR\t<\/h2>\n<figure>\n\t\t\t\t<a href=\"https:\/\/www.canada.ca\/fr.html\" target=\"_blank\" rel=\"noopener\">\n\t\t\t\t<img decoding=\"async\" src=\"\/wp-content\/uploads\/Image-3.svg\" alt=\"Government of Canada logo\" height=\"146\" width=\"338\" title=\"Image 3\" loading=\"lazy\" \/>\n\t\t\t\t<\/a>\n\t<\/figure>\n<h5>\n\t\t\tGouvernement du Canada\t<\/h5>\n\t<p>Merci au gouvernement du Canada pour son soutien strat\u00e9gique et son aide financi\u00e8re continus.<\/p>\n<h2>\n\t\t\tPARTENAIRE NATIONAL\t<\/h2>\n<figure>\n\t\t\t\t<a href=\"https:\/\/kidsportcanada.ca\/fr\/news-stories\/kidsport-saputo-announce-renewed-multiyear-partnership\/\" target=\"_blank\" rel=\"noopener\">\n\t\t\t\t<img decoding=\"async\" src=\"\/wp-content\/uploads\/Image-1.svg\" alt=\"Saputo logo\" height=\"120\" width=\"338\" title=\"Image 1\" loading=\"lazy\" \/>\n\t\t\t\t<\/a>\n\t<\/figure>\n<h5>\n\t\t\tSAPUTO\t<\/h5>\n\t<p>In 2018 Saputo announced a $600,000 partnership with KidSport Canada. Saputo&#8217;s support has helped enable more than 2,000 children &amp; youth participate in a season or organized sport across the country.<\/p>\n<figure>\n\t\t\t\t<a href=\"https:\/\/kidsportcanada.ca\/fr\/seaman-hotchkiss-hockey-foundation\/\" target=\"_blank\" rel=\"noopener\">\n\t\t\t\t<img decoding=\"async\" src=\"\/wp-content\/uploads\/Untitled-design-14.png\" alt=\"Untitled design (14)\" height=\"269\" width=\"878\" title=\"Untitled design (14)\" loading=\"lazy\" \/>\n\t\t\t\t<\/a>\n\t<\/figure>\n<h5>\n\t\t\tSEAMAN HOTCHKISS HOCKEY FOUNDATION\t<\/h5>\n\t<p>In 2023 Seaman Hotchkiss Hockey Foundation began a $750,000 partnership with KidSport Canada. The foundation&#8217;s support will help more than 2,000 children &amp; youth across the country.<\/p>\n<figure>\n\t\t\t\t<img decoding=\"async\" src=\"\/wp-content\/uploads\/lululemon_Core_Lockup_Black.png\" alt=\"lululemon_Core_Lockup_Black\" height=\"150\" width=\"1063\" title=\"lululemon_Core_Lockup_Black\" loading=\"lazy\" \/>\n\t<\/figure>\n<h5>\n\t\t\tlululemon\t<\/h5>\n\t<p>Thank you to lululemon for your support in funding KidSport initiatives.<\/p>\n<figure>\n\t\t\t\t<img decoding=\"async\" src=\"\/wp-content\/uploads\/KelloggsCereal_1C_Red_Stacked-1.png\" alt=\"KelloggsCereal_1C_Red_Stacked (1)\" height=\"975\" width=\"2100\" title=\"KelloggsCereal_1C_Red_Stacked (1)\" loading=\"lazy\" \/>\n\t<\/figure>\n<h5>\n\t\t\tKellogg&#8217;s Cereal\t<\/h5>\n\t<p>Thank you to Kellogg&#8217;s Cereal for your support in funding KidSport initiatives.<\/p>\n<h2>\n\t\t\tPARTENAIRE NATIONAL DE LEV\u00c9E DE FONDS\t<\/h2>\n<figure>\n\t\t\t\t<a href=\"https:\/\/kidsportcanada.ca\/fr\/news-stories\/under-armours-impact-at-kidsport-off-to-a-strong-and-meaningful-start\/\" target=\"_blank\" rel=\"noopener\">\n\t\t\t\t<img decoding=\"async\" src=\"\/wp-content\/uploads\/output-onlinepngtools.png\" alt=\"output-onlinepngtools\" height=\"198\" width=\"338\" title=\"output-onlinepngtools\" loading=\"lazy\" \/>\n\t\t\t\t<\/a>\n\t<\/figure>\n<h5>\n\t\t\tUNDER ARMOUR\t<\/h5>\n\t<p>Thank you to Under Armour for your support in funding KidSport initiatives.<\/p>\n<figure>\n\t\t\t\t<a href=\"https:\/\/kidsportcanada.ca\/fr\/news-stories\/kidsport-canada-and-source-for-sports-launch-national-partnership-to-break-down-barriers-to-sport\/\" target=\"_blank\" rel=\"noopener\">\n\t\t\t\t<img decoding=\"async\" src=\"\/wp-content\/uploads\/Source-for-Sports-Logo-Horizontal-Black.png\" alt=\"Source-for-Sports-Logo-Horizontal-Black\" height=\"500\" width=\"1000\" title=\"Source-for-Sports-Logo-Horizontal-Black\" loading=\"lazy\" \/>\n\t\t\t\t<\/a>\n\t<\/figure>\n<h5>\n\t\t\tSOURCE FOR SPORTS\t<\/h5>\n\t<p>In 2025, Source for Sports\u00ae began new national multi-year partnership dedicated to breaking down financial barriers and helping more children across Canada access the lifelong benefits of sport. Through in-store fundraising, local events, and direct connections between Source for Sports locations and KidSport chapters, this partnership is set to activate at the community level nationwide, creating a meaningful, lasting impact for families across Canada.<\/p>\n<figure>\n\t\t\t\t<a href=\"https:\/\/kidsportcanada.ca\/fr\/news-stories\/campbell-company-of-canada-continues-support-for-kidsport\/\" target=\"_blank\" rel=\"noopener\">\n\t\t\t\t<img decoding=\"async\" src=\"\/wp-content\/uploads\/campbell-s-logo-512.png\" alt=\"campbell-s-logo-512\" height=\"148\" width=\"512\" title=\"campbell-s-logo-512\" loading=\"lazy\" \/>\n\t\t\t\t<\/a>\n\t<\/figure>\n<h5>\n\t\t\tCAMPBELL&#8217;S\t<\/h5>\n\t<p>Thank you to Campbell&#8217;s for your support in funding KidSport initiatives.<\/p>\n<figure>\n\t\t\t\t<a href=\"https:\/\/kidsportcanada.ca\/fr\/national-partners\/\" target=\"_blank\" rel=\"noopener\">\n\t\t\t\t<img decoding=\"async\" src=\"\/wp-content\/uploads\/rydel-logo-1.png\" alt=\"rydel-logo\" height=\"225\" width=\"600\" title=\"rydel-logo\" loading=\"lazy\" \/>\n\t\t\t\t<\/a>\n\t<\/figure>\n<h5>\n\t\t\tRYDELL ROOFING &amp; SLIDING\t<\/h5>\n\t<p>Thank you to Rydell for your support in funding KidSport initiatives.<\/p>\n<figure>\n\t\t\t\t<a href=\"https:\/\/homewoodhealth.com\/\" target=\"_blank\" rel=\"noopener\">\n\t\t\t\t<img decoding=\"async\" src=\"\/wp-content\/uploads\/HW-Anniversary-vertical-en-full-colour_web-Edited.png\" alt=\"HW-Anniversary-vertical-en-full-colour_web - Edited\" height=\"454\" width=\"1605\" title=\"HW-Anniversary-vertical-en-full-colour_web - Edited\" loading=\"lazy\" \/>\n\t\t\t\t<\/a>\n\t<\/figure>\n<h5>\n\t\t\tHOMEWOOD HEALTH\t<\/h5>\n\t<p>Thank you to Homewood Health for your support in funding KidSport initiatives.<\/p>\n<h2>\n\t\t\tDevenir un<br \/>partenaire\t<\/h2>\n<h3>\n\t\t\tRejoignez Sport Jeunesse et contribuez \u00e0 faire participer les enfants au match. Renseignez-vous aupr\u00e8s de notre \u00e9quipe nationale!\t<\/h3>\n\t\t\t<a href=\"mailto:info@kidsportcanada.ca\" target=\"_blank\" rel=\"noopener\">\n\t\t\t\t\t\t\tinfo@kidsportcanada.ca\n\t\t\t\t\t<\/a>","protected":false},"excerpt":{"rendered":"<p>PARTNERS IN SPORT Thank you to our partners, who are helping to ensure that the next generation of Canadian kids have the opportunity to discover the joy of sport. BECOME A PARTNER MAJOR NATIONAL PARTNER GOVERNMENT OF CANADA Thank you to the Government of Canada for continued strategic and funding support. NATIONAL PARTNER SAPUTO In&hellip;<\/p>","protected":false},"author":16,"featured_media":659,"parent":0,"menu_order":0,"comment_status":"closed","ping_status":"closed","template":"","meta":{"_acf_changed":false,"inline_featured_image":false,"footnotes":""},"class_list":["post-560","page","type-page","status-publish","has-post-thumbnail","hentry"],"acf":[],"yoast_head":"<!-- This site is optimized with the Yoast SEO plugin v27.4 - https:\/\/yoast.com\/product\/yoast-seo-wordpress\/ -->\n<title>National Partners | KidSport Canada<\/title>\n<meta name=\"description\" content=\"Meet KidSport Canada partners, who are helping to ensure that the next generation of Canadian kids have the opportunity to discover the joy of sport.\" \/>\n<meta name=\"robots\" content=\"index, follow, max-snippet:-1, max-image-preview:large, max-video-preview:-1\" \/>\n<link rel=\"canonical\" href=\"https:\/\/kidsportcanada.ca\/fr\/national-partners\/\" \/>\n<meta property=\"og:locale\" content=\"fr_CA\" \/>\n<meta property=\"og:type\" content=\"article\" \/>\n<meta property=\"og:title\" content=\"National Partners | KidSport Canada\" \/>\n<meta property=\"og:description\" content=\"Meet KidSport Canada partners, who are helping to ensure that the next generation of Canadian kids have the opportunity to discover the joy of sport.\" \/>\n<meta property=\"og:url\" content=\"https:\/\/kidsportcanada.ca\/fr\/national-partners\/\" \/>\n<meta property=\"og:site_name\" content=\"KidSport Canada\" \/>\n<meta property=\"article:modified_time\" content=\"2026-04-16T18:45:49+00:00\" \/>\n<meta property=\"og:image\" content=\"https:\/\/kidsportcanada.ca\/wp-content\/uploads\/partners-hero.jpg\" \/>\n\t<meta property=\"og:image:width\" content=\"1600\" \/>\n\t<meta property=\"og:image:height\" content=\"1000\" \/>\n\t<meta property=\"og:image:type\" content=\"image\/jpeg\" \/>\n<meta name=\"twitter:card\" content=\"summary_large_image\" \/>\n<meta name=\"twitter:label1\" content=\"Estimation du temps de lecture\" \/>\n\t<meta name=\"twitter:data1\" content=\"4 minutes\" \/>\n<script type=\"application\/ld+json\" class=\"yoast-schema-graph\">{\"@context\":\"https:\\\/\\\/schema.org\",\"@graph\":[{\"@type\":\"WebPage\",\"@id\":\"https:\\\/\\\/kidsportcanada.ca\\\/national-partners\\\/\",\"url\":\"https:\\\/\\\/kidsportcanada.ca\\\/national-partners\\\/\",\"name\":\"National Partners | KidSport Canada\",\"isPartOf\":{\"@id\":\"https:\\\/\\\/kidsportcanada.ca\\\/#website\"},\"primaryImageOfPage\":{\"@id\":\"https:\\\/\\\/kidsportcanada.ca\\\/national-partners\\\/#primaryimage\"},\"image\":{\"@id\":\"https:\\\/\\\/kidsportcanada.ca\\\/national-partners\\\/#primaryimage\"},\"thumbnailUrl\":\"\\\/wp-content\\\/uploads\\\/partners-hero.jpg\",\"datePublished\":\"2020-06-29T18:59:53+00:00\",\"dateModified\":\"2026-04-16T18:45:49+00:00\",\"description\":\"Meet KidSport Canada partners, who are helping to ensure that the next generation of Canadian kids have the opportunity to discover the joy of sport.\",\"breadcrumb\":{\"@id\":\"https:\\\/\\\/kidsportcanada.ca\\\/national-partners\\\/#breadcrumb\"},\"inLanguage\":\"fr-CA\",\"potentialAction\":[{\"@type\":\"ReadAction\",\"target\":[\"https:\\\/\\\/kidsportcanada.ca\\\/national-partners\\\/\"]}]},{\"@type\":\"ImageObject\",\"inLanguage\":\"fr-CA\",\"@id\":\"https:\\\/\\\/kidsportcanada.ca\\\/national-partners\\\/#primaryimage\",\"url\":\"\\\/wp-content\\\/uploads\\\/partners-hero.jpg\",\"contentUrl\":\"\\\/wp-content\\\/uploads\\\/partners-hero.jpg\",\"width\":1600,\"height\":1000,\"caption\":\"A young person playing badminton\"},{\"@type\":\"BreadcrumbList\",\"@id\":\"https:\\\/\\\/kidsportcanada.ca\\\/national-partners\\\/#breadcrumb\",\"itemListElement\":[{\"@type\":\"ListItem\",\"position\":1,\"name\":\"Home\",\"item\":\"https:\\\/\\\/kidsportcanada.ca\\\/\"},{\"@type\":\"ListItem\",\"position\":2,\"name\":\"National Partners\"}]},{\"@type\":\"WebSite\",\"@id\":\"https:\\\/\\\/kidsportcanada.ca\\\/#website\",\"url\":\"https:\\\/\\\/kidsportcanada.ca\\\/\",\"name\":\"KidSport Canada\",\"description\":\"So all kids can play\",\"publisher\":{\"@id\":\"https:\\\/\\\/kidsportcanada.ca\\\/#organization\"},\"potentialAction\":[{\"@type\":\"SearchAction\",\"target\":{\"@type\":\"EntryPoint\",\"urlTemplate\":\"https:\\\/\\\/kidsportcanada.ca\\\/?s={search_term_string}\"},\"query-input\":{\"@type\":\"PropertyValueSpecification\",\"valueRequired\":true,\"valueName\":\"search_term_string\"}}],\"inLanguage\":\"fr-CA\"},{\"@type\":\"Organization\",\"@id\":\"https:\\\/\\\/kidsportcanada.ca\\\/#organization\",\"name\":\"KidSport Canada\",\"url\":\"https:\\\/\\\/kidsportcanada.ca\\\/\",\"logo\":{\"@type\":\"ImageObject\",\"inLanguage\":\"fr-CA\",\"@id\":\"https:\\\/\\\/kidsportcanada.ca\\\/#\\\/schema\\\/logo\\\/image\\\/\",\"url\":\"\\\/wp-content\\\/uploads\\\/logo-kidsport-transparent.jpg\",\"contentUrl\":\"\\\/wp-content\\\/uploads\\\/logo-kidsport-transparent.jpg\",\"width\":880,\"height\":464,\"caption\":\"KidSport Canada\"},\"image\":{\"@id\":\"https:\\\/\\\/kidsportcanada.ca\\\/#\\\/schema\\\/logo\\\/image\\\/\"}}]}<\/script>\n<!-- \/ Yoast SEO plugin. -->","yoast_head_json":{"title":"National Partners | KidSport Canada","description":"Rencontrez les partenaires de SportJeunesse Canada. Ils nous aident \u00e0 assurer que la prochaine g\u00e9n\u00e9ration d\u2019enfants canadiens a la possibilit\u00e9 de d\u00e9couvrir la joie du sport.","robots":{"index":"index","follow":"follow","max-snippet":"max-snippet:-1","max-image-preview":"max-image-preview:large","max-video-preview":"max-video-preview:-1"},"canonical":"https:\/\/kidsportcanada.ca\/fr\/national-partners\/","og_locale":"fr_CA","og_type":"article","og_title":"National Partners | KidSport Canada","og_description":"Meet KidSport Canada partners, who are helping to ensure that the next generation of Canadian kids have the opportunity to discover the joy of sport.","og_url":"https:\/\/kidsportcanada.ca\/fr\/national-partners\/","og_site_name":"KidSport Canada","article_modified_time":"2026-04-16T18:45:49+00:00","og_image":[{"width":1600,"height":1000,"url":"https:\/\/kidsportcanada.ca\/wp-content\/uploads\/partners-hero.jpg","type":"image\/jpeg"}],"twitter_card":"summary_large_image","twitter_misc":{"Estimation du temps de lecture":"4 minutes"},"schema":{"@context":"https:\/\/schema.org","@graph":[{"@type":"WebPage","@id":"https:\/\/kidsportcanada.ca\/national-partners\/","url":"https:\/\/kidsportcanada.ca\/national-partners\/","name":"National Partners | KidSport Canada","isPartOf":{"@id":"https:\/\/kidsportcanada.ca\/#website"},"primaryImageOfPage":{"@id":"https:\/\/kidsportcanada.ca\/national-partners\/#primaryimage"},"image":{"@id":"https:\/\/kidsportcanada.ca\/national-partners\/#primaryimage"},"thumbnailUrl":"\/wp-content\/uploads\/partners-hero.jpg","datePublished":"2020-06-29T18:59:53+00:00","dateModified":"2026-04-16T18:45:49+00:00","description":"Rencontrez les partenaires de SportJeunesse Canada. Ils nous aident \u00e0 assurer que la prochaine g\u00e9n\u00e9ration d\u2019enfants canadiens a la possibilit\u00e9 de d\u00e9couvrir la joie du sport.","breadcrumb":{"@id":"https:\/\/kidsportcanada.ca\/national-partners\/#breadcrumb"},"inLanguage":"fr-CA","potentialAction":[{"@type":"ReadAction","target":["https:\/\/kidsportcanada.ca\/national-partners\/"]}]},{"@type":"ImageObject","inLanguage":"fr-CA","@id":"https:\/\/kidsportcanada.ca\/national-partners\/#primaryimage","url":"\/wp-content\/uploads\/partners-hero.jpg","contentUrl":"\/wp-content\/uploads\/partners-hero.jpg","width":1600,"height":1000,"caption":"A young person playing badminton"},{"@type":"BreadcrumbList","@id":"https:\/\/kidsportcanada.ca\/national-partners\/#breadcrumb","itemListElement":[{"@type":"ListItem","position":1,"name":"Home","item":"https:\/\/kidsportcanada.ca\/"},{"@type":"ListItem","position":2,"name":"National Partners"}]},{"@type":"WebSite","@id":"https:\/\/kidsportcanada.ca\/#website","url":"https:\/\/kidsportcanada.ca\/","name":"SportJeunesse Canada","description":"Afin que les enfants puissent jouer","publisher":{"@id":"https:\/\/kidsportcanada.ca\/#organization"},"potentialAction":[{"@type":"SearchAction","target":{"@type":"EntryPoint","urlTemplate":"https:\/\/kidsportcanada.ca\/?s={search_term_string}"},"query-input":{"@type":"PropertyValueSpecification","valueRequired":true,"valueName":"search_term_string"}}],"inLanguage":"fr-CA"},{"@type":"Organization","@id":"https:\/\/kidsportcanada.ca\/#organization","name":"SportJeunesse Canada","url":"https:\/\/kidsportcanada.ca\/","logo":{"@type":"ImageObject","inLanguage":"fr-CA","@id":"https:\/\/kidsportcanada.ca\/#\/schema\/logo\/image\/","url":"\/wp-content\/uploads\/logo-kidsport-transparent.jpg","contentUrl":"\/wp-content\/uploads\/logo-kidsport-transparent.jpg","width":880,"height":464,"caption":"KidSport Canada"},"image":{"@id":"https:\/\/kidsportcanada.ca\/#\/schema\/logo\/image\/"}}]}},"_links":{"self":[{"href":"https:\/\/kidsportcanada.ca\/fr\/wp-json\/wp\/v2\/pages\/560","targetHints":{"allow":["GET"]}}],"collection":[{"href":"https:\/\/kidsportcanada.ca\/fr\/wp-json\/wp\/v2\/pages"}],"about":[{"href":"https:\/\/kidsportcanada.ca\/fr\/wp-json\/wp\/v2\/types\/page"}],"author":[{"embeddable":true,"href":"https:\/\/kidsportcanada.ca\/fr\/wp-json\/wp\/v2\/users\/16"}],"replies":[{"embeddable":true,"href":"https:\/\/kidsportcanada.ca\/fr\/wp-json\/wp\/v2\/comments?post=560"}],"version-history":[{"count":0,"href":"https:\/\/kidsportcanada.ca\/fr\/wp-json\/wp\/v2\/pages\/560\/revisions"}],"wp:featuredmedia":[{"embeddable":true,"href":"https:\/\/kidsportcanada.ca\/fr\/wp-json\/wp\/v2\/media\/659"}],"wp:attachment":[{"href":"https:\/\/kidsportcanada.ca\/fr\/wp-json\/wp\/v2\/media?parent=560"}],"curies":[{"name":"wp","href":"https:\/\/api.w.org\/{rel}","templated":true}]}}