
{"id":927,"date":"2021-05-10T19:45:07","date_gmt":"2021-05-10T19:45:07","guid":{"rendered":"https:\/\/kidsportcanada.ca\/?page_id=927"},"modified":"2025-05-22T20:31:25","modified_gmt":"2025-05-22T20:31:25","slug":"kidsportweek","status":"publish","type":"page","link":"https:\/\/kidsportcanada.ca\/fr\/kidsportweek\/","title":{"rendered":"Semaine SportJeunesse"},"content":{"rendered":"<h1>\n\t\t\tSemaine SportJeunesse\t<\/h1>\n\t\t\t<a href=\"https:\/\/secure.kidsportcanada.org\/registrant\/DonationPage.aspx?eventid=249724&amp;langpref=fr-CA&amp;Referrer=httpskidsportcanada.ca\" target=\"_blank\" rel=\"noopener\">\n\t\t\t\t\t\t\tDONNEZ MAINTENANT\n\t\t\t<\/a>\n<h2>\n\t\t\tSemaine SportJeunesse\t<\/h2>\n\t<p>SportJeunesse est ravi de lancer sa campagne annuelle de sensibilisation, la Semaine SportJeunesse, le lundi 26 mai 2025! Cette semaine de c\u00e9l\u00e9bration de SportJeunesse mettra en valeur le travail accompli par nos 176 sections locales en cette p\u00e9riode sans pr\u00e9c\u00e9dent et contribuera \u00e0 faire conna\u00eetre notre programme d'un oc\u00e9an \u00e0 l'autre.<\/p>\n<p>Throughout the week across Canada, we&#8217;ll be celebrating all things KidSport by highlighting our work over the last year, promoting our key partners and sponsors, as well as encouraging donations from all Canadians to help make it <strong>So <em><u>ALL<\/u><\/em> Kids Can Play!<\/strong><\/p>\n<p>Pourquoi le faisons-nous? Parce que nous croyons que le pouvoir du sport organis\u00e9 permet aux enfants et \u00e0 nos communaut\u00e9s de se rassembler et de s'\u00e9panouir.<\/p>\n<p>Voil\u00e0 pourquoi nous jouons!<\/p>\n<h2 data-animation-delay=\"0\" data-animation-duration=\"1\">\n\t\t\tHow Can You Get Involved?\t<\/h2>\n\t<p>Make a donation! By donating to KidSport you&#8217;re contributing to a movement which has been helping Canadian kids chase their sporting dreams since 1993.<\/p>\n\t\t\t<a href=\"https:\/\/secure.kidsportcanada.org\/registrant\/DonationPage.aspx?eventid=249724&amp;langpref=fr-CA&amp;Referrer=httpskidsportcanada.ca\" target=\"_blank\" rel=\"noopener\">\n\t\t\t\t\t\t\tDONNEZ MAINTENANT\n\t\t\t<\/a>","protected":false},"excerpt":{"rendered":"<p>KidSport Week DONATE NOW Why We Play! KidSport is excited to launch our annual awareness campaign, KidSport Week on Monday May 26, 2025! This weeklong celebration of all things KidSport will put the spotlight on the work our 176 local chapters are during this unprecedented time, and help raise awareness of our program from coast&hellip;<\/p>","protected":false},"author":49,"featured_media":932,"parent":0,"menu_order":0,"comment_status":"closed","ping_status":"closed","template":"","meta":{"_acf_changed":false,"inline_featured_image":false,"footnotes":""},"class_list":["post-927","page","type-page","status-publish","has-post-thumbnail","hentry"],"acf":[],"yoast_head":"<!-- This site is optimized with the Yoast SEO plugin v27.6 - https:\/\/yoast.com\/product\/yoast-seo-wordpress\/ -->\n<title>KidSport Week | KidSport Canada<\/title>\n<meta name=\"description\" content=\"KidSport Week is kicking off May 24th! Visit our website to learn more about how KidSport is celebrating from coast to coast to coast.\" \/>\n<meta name=\"robots\" content=\"index, follow, max-snippet:-1, max-image-preview:large, max-video-preview:-1\" \/>\n<link rel=\"canonical\" href=\"https:\/\/kidsportcanada.ca\/fr\/kidsportweek\/\" \/>\n<meta property=\"og:locale\" content=\"fr_CA\" \/>\n<meta property=\"og:type\" content=\"article\" \/>\n<meta property=\"og:title\" content=\"KidSport Week | KidSport Canada\" \/>\n<meta property=\"og:description\" content=\"KidSport Week is kicking off May 24th! Visit our website to learn more about how KidSport is celebrating from coast to coast to coast.\" \/>\n<meta property=\"og:url\" content=\"https:\/\/kidsportcanada.ca\/fr\/kidsportweek\/\" \/>\n<meta property=\"og:site_name\" content=\"KidSport Canada\" \/>\n<meta property=\"article:modified_time\" content=\"2025-05-22T20:31:25+00:00\" \/>\n<meta property=\"og:image\" content=\"https:\/\/kidsportcanada.ca\/wp-content\/uploads\/Copy-of-FB-Cover-EN-and-FR.jpg\" \/>\n\t<meta property=\"og:image:width\" content=\"1640\" \/>\n\t<meta property=\"og:image:height\" content=\"924\" \/>\n\t<meta property=\"og:image:type\" content=\"image\/jpeg\" \/>\n<meta name=\"twitter:card\" content=\"summary_large_image\" \/>\n<meta name=\"twitter:label1\" content=\"Estimation du temps de lecture\" \/>\n\t<meta name=\"twitter:data1\" content=\"2 minutes\" \/>\n<script type=\"application\/ld+json\" class=\"yoast-schema-graph\">{\"@context\":\"https:\\\/\\\/schema.org\",\"@graph\":[{\"@type\":\"WebPage\",\"@id\":\"https:\\\/\\\/kidsportcanada.ca\\\/kidsportweek\\\/\",\"url\":\"https:\\\/\\\/kidsportcanada.ca\\\/kidsportweek\\\/\",\"name\":\"KidSport Week | KidSport Canada\",\"isPartOf\":{\"@id\":\"https:\\\/\\\/kidsportcanada.ca\\\/#website\"},\"primaryImageOfPage\":{\"@id\":\"https:\\\/\\\/kidsportcanada.ca\\\/kidsportweek\\\/#primaryimage\"},\"image\":{\"@id\":\"https:\\\/\\\/kidsportcanada.ca\\\/kidsportweek\\\/#primaryimage\"},\"thumbnailUrl\":\"\\\/wp-content\\\/uploads\\\/Copy-of-FB-Cover-EN-and-FR.jpg\",\"datePublished\":\"2021-05-10T19:45:07+00:00\",\"dateModified\":\"2025-05-22T20:31:25+00:00\",\"description\":\"KidSport Week is kicking off May 24th! Visit our website to learn more about how KidSport is celebrating from coast to coast to coast.\",\"breadcrumb\":{\"@id\":\"https:\\\/\\\/kidsportcanada.ca\\\/kidsportweek\\\/#breadcrumb\"},\"inLanguage\":\"fr-CA\",\"potentialAction\":[{\"@type\":\"ReadAction\",\"target\":[\"https:\\\/\\\/kidsportcanada.ca\\\/kidsportweek\\\/\"]}]},{\"@type\":\"ImageObject\",\"inLanguage\":\"fr-CA\",\"@id\":\"https:\\\/\\\/kidsportcanada.ca\\\/kidsportweek\\\/#primaryimage\",\"url\":\"\\\/wp-content\\\/uploads\\\/Copy-of-FB-Cover-EN-and-FR.jpg\",\"contentUrl\":\"\\\/wp-content\\\/uploads\\\/Copy-of-FB-Cover-EN-and-FR.jpg\",\"width\":1640,\"height\":924},{\"@type\":\"BreadcrumbList\",\"@id\":\"https:\\\/\\\/kidsportcanada.ca\\\/kidsportweek\\\/#breadcrumb\",\"itemListElement\":[{\"@type\":\"ListItem\",\"position\":1,\"name\":\"Home\",\"item\":\"https:\\\/\\\/kidsportcanada.ca\\\/\"},{\"@type\":\"ListItem\",\"position\":2,\"name\":\"KidSport Week\"}]},{\"@type\":\"WebSite\",\"@id\":\"https:\\\/\\\/kidsportcanada.ca\\\/#website\",\"url\":\"https:\\\/\\\/kidsportcanada.ca\\\/\",\"name\":\"KidSport Canada\",\"description\":\"So all kids can play\",\"publisher\":{\"@id\":\"https:\\\/\\\/kidsportcanada.ca\\\/#organization\"},\"potentialAction\":[{\"@type\":\"SearchAction\",\"target\":{\"@type\":\"EntryPoint\",\"urlTemplate\":\"https:\\\/\\\/kidsportcanada.ca\\\/?s={search_term_string}\"},\"query-input\":{\"@type\":\"PropertyValueSpecification\",\"valueRequired\":true,\"valueName\":\"search_term_string\"}}],\"inLanguage\":\"fr-CA\"},{\"@type\":\"Organization\",\"@id\":\"https:\\\/\\\/kidsportcanada.ca\\\/#organization\",\"name\":\"KidSport Canada\",\"url\":\"https:\\\/\\\/kidsportcanada.ca\\\/\",\"logo\":{\"@type\":\"ImageObject\",\"inLanguage\":\"fr-CA\",\"@id\":\"https:\\\/\\\/kidsportcanada.ca\\\/#\\\/schema\\\/logo\\\/image\\\/\",\"url\":\"\\\/wp-content\\\/uploads\\\/logo-kidsport-transparent.jpg\",\"contentUrl\":\"\\\/wp-content\\\/uploads\\\/logo-kidsport-transparent.jpg\",\"width\":880,\"height\":464,\"caption\":\"KidSport Canada\"},\"image\":{\"@id\":\"https:\\\/\\\/kidsportcanada.ca\\\/#\\\/schema\\\/logo\\\/image\\\/\"}}]}<\/script>\n<!-- \/ Yoast SEO plugin. -->","yoast_head_json":{"title":"KidSport Week | KidSport Canada","description":"KidSport Week is kicking off May 24th! Visit our website to learn more about how KidSport is celebrating from coast to coast to coast.","robots":{"index":"index","follow":"follow","max-snippet":"max-snippet:-1","max-image-preview":"max-image-preview:large","max-video-preview":"max-video-preview:-1"},"canonical":"https:\/\/kidsportcanada.ca\/fr\/kidsportweek\/","og_locale":"fr_CA","og_type":"article","og_title":"KidSport Week | KidSport Canada","og_description":"KidSport Week is kicking off May 24th! Visit our website to learn more about how KidSport is celebrating from coast to coast to coast.","og_url":"https:\/\/kidsportcanada.ca\/fr\/kidsportweek\/","og_site_name":"KidSport Canada","article_modified_time":"2025-05-22T20:31:25+00:00","og_image":[{"width":1640,"height":924,"url":"https:\/\/kidsportcanada.ca\/wp-content\/uploads\/Copy-of-FB-Cover-EN-and-FR.jpg","type":"image\/jpeg"}],"twitter_card":"summary_large_image","twitter_misc":{"Estimation du temps de lecture":"2 minutes"},"schema":{"@context":"https:\/\/schema.org","@graph":[{"@type":"WebPage","@id":"https:\/\/kidsportcanada.ca\/kidsportweek\/","url":"https:\/\/kidsportcanada.ca\/kidsportweek\/","name":"KidSport Week | KidSport Canada","isPartOf":{"@id":"https:\/\/kidsportcanada.ca\/#website"},"primaryImageOfPage":{"@id":"https:\/\/kidsportcanada.ca\/kidsportweek\/#primaryimage"},"image":{"@id":"https:\/\/kidsportcanada.ca\/kidsportweek\/#primaryimage"},"thumbnailUrl":"\/wp-content\/uploads\/Copy-of-FB-Cover-EN-and-FR.jpg","datePublished":"2021-05-10T19:45:07+00:00","dateModified":"2025-05-22T20:31:25+00:00","description":"KidSport Week is kicking off May 24th! Visit our website to learn more about how KidSport is celebrating from coast to coast to coast.","breadcrumb":{"@id":"https:\/\/kidsportcanada.ca\/kidsportweek\/#breadcrumb"},"inLanguage":"fr-CA","potentialAction":[{"@type":"ReadAction","target":["https:\/\/kidsportcanada.ca\/kidsportweek\/"]}]},{"@type":"ImageObject","inLanguage":"fr-CA","@id":"https:\/\/kidsportcanada.ca\/kidsportweek\/#primaryimage","url":"\/wp-content\/uploads\/Copy-of-FB-Cover-EN-and-FR.jpg","contentUrl":"\/wp-content\/uploads\/Copy-of-FB-Cover-EN-and-FR.jpg","width":1640,"height":924},{"@type":"BreadcrumbList","@id":"https:\/\/kidsportcanada.ca\/kidsportweek\/#breadcrumb","itemListElement":[{"@type":"ListItem","position":1,"name":"Home","item":"https:\/\/kidsportcanada.ca\/"},{"@type":"ListItem","position":2,"name":"KidSport Week"}]},{"@type":"WebSite","@id":"https:\/\/kidsportcanada.ca\/#website","url":"https:\/\/kidsportcanada.ca\/","name":"SportJeunesse Canada","description":"Afin que les enfants puissent jouer","publisher":{"@id":"https:\/\/kidsportcanada.ca\/#organization"},"potentialAction":[{"@type":"SearchAction","target":{"@type":"EntryPoint","urlTemplate":"https:\/\/kidsportcanada.ca\/?s={search_term_string}"},"query-input":{"@type":"PropertyValueSpecification","valueRequired":true,"valueName":"search_term_string"}}],"inLanguage":"fr-CA"},{"@type":"Organization","@id":"https:\/\/kidsportcanada.ca\/#organization","name":"SportJeunesse Canada","url":"https:\/\/kidsportcanada.ca\/","logo":{"@type":"ImageObject","inLanguage":"fr-CA","@id":"https:\/\/kidsportcanada.ca\/#\/schema\/logo\/image\/","url":"\/wp-content\/uploads\/logo-kidsport-transparent.jpg","contentUrl":"\/wp-content\/uploads\/logo-kidsport-transparent.jpg","width":880,"height":464,"caption":"KidSport Canada"},"image":{"@id":"https:\/\/kidsportcanada.ca\/#\/schema\/logo\/image\/"}}]}},"_links":{"self":[{"href":"https:\/\/kidsportcanada.ca\/fr\/wp-json\/wp\/v2\/pages\/927","targetHints":{"allow":["GET"]}}],"collection":[{"href":"https:\/\/kidsportcanada.ca\/fr\/wp-json\/wp\/v2\/pages"}],"about":[{"href":"https:\/\/kidsportcanada.ca\/fr\/wp-json\/wp\/v2\/types\/page"}],"author":[{"embeddable":true,"href":"https:\/\/kidsportcanada.ca\/fr\/wp-json\/wp\/v2\/users\/49"}],"replies":[{"embeddable":true,"href":"https:\/\/kidsportcanada.ca\/fr\/wp-json\/wp\/v2\/comments?post=927"}],"version-history":[{"count":0,"href":"https:\/\/kidsportcanada.ca\/fr\/wp-json\/wp\/v2\/pages\/927\/revisions"}],"wp:featuredmedia":[{"embeddable":true,"href":"https:\/\/kidsportcanada.ca\/fr\/wp-json\/wp\/v2\/media\/932"}],"wp:attachment":[{"href":"https:\/\/kidsportcanada.ca\/fr\/wp-json\/wp\/v2\/media?parent=927"}],"curies":[{"name":"wp","href":"https:\/\/api.w.org\/{rel}","templated":true}]}}