
{"id":110,"date":"2020-03-19T16:51:49","date_gmt":"2020-03-19T16:51:49","guid":{"rendered":"https:\/\/kidsportcanada.ca\/manitoba\/?page_id=110"},"modified":"2025-05-21T13:34:58","modified_gmt":"2025-05-21T13:34:58","slug":"get-involved","status":"publish","type":"page","link":"https:\/\/kidsportcanada.ca\/manitoba\/fr\/get-involved\/","title":{"rendered":"S\u2019impliquer"},"content":{"rendered":"<h4 data-animation-delay=\"0\" data-animation-duration=\"1\">\n\t\t\tSportJeunesse Manitoba\t<\/h4>\n<h1 data-animation-delay=\"0.2\" data-animation-duration=\"1\">\n\t\t\tS\u2019IMPLIQUER\t<\/h1>\n<h3 data-animation-delay=\"0.6\" data-animation-duration=\"1\">\n\t\t\tSign up for our quarterly newsletter to see how KidSport Manitoba is making an impact in our province.\t<\/h3>\n\t\t\t<a href=\"https:\/\/mailchi.mp\/51e29aaf1fc0\/kidsport-manitoba\" target=\"_blank\" rel=\"noopener\">\n\t\t\t\t\t\t\tSIGN UP NOW\n\t\t\t<\/a>\n<h2>\n\t\t\tFaire du b\u00e9n\u00e9volat\t<\/h2>\n\t<p>The KidSport program in Manitoba is managed in part with the help of local volunteers. Volunteers assist in a number of essential roles in a variety of fun events and activities throughout the year. Consider volunteering at one of our special events or hosting your own fundraiser to help us to raise funds and promote our program.<\/p>\n<p>KidSport volunteers understand the importance of sport in a child&#8217;s life and believe in our mission&#8230; <strong>So ALL Kids Can Play!<\/strong><\/p>\n<p>You can find your local community chapter <a href=\"https:\/\/kidsportcanada.ca\/manitoba\/fr\/chapters\/\">here<\/a>, and reach out directly to get connected with opportunities to give where you live.<\/p>\n<p>If you have any questions about what chapter your community belongs to, or general inquiries, reach out to KidSport Manitoba by email at <a href=\"mailto:KidSportMB@sportmanitoba.ca\">KidSportMB@sportmanitoba.ca<\/a> or call             <span class=\"phonenumber-div\">\n            <a href=\"tel:204-925-5911\">204-925-5911<\/a>\n            <\/p>\n<h5>\n\t\t\tREADY TO VOLUNTEER?\t<\/h5>\n\t<p>Learn more about volunteering with KidSport Manitoba in our guide.<\/p>\n\t\t\t<a href=\"\/wp-content\/uploads\/KidSport-Manitoba-Volunteer-Guide.pdf\" target=\"_self\" rel=\"noopener\">\n\t\t\t\t\t\t\tVOLUNTEER GUIDE \n\t\t\t\t\t<\/a>\n\t<p>&nbsp;<\/p>\n<p>Ready to get involved? Fill out the form below and we&#8217;ll get in touch.<\/p>\n\t\t\t<a href=\"https:\/\/forms.gle\/rnweWNeMVbU8kaRA8\" target=\"_self\" rel=\"noopener\">\n\t\t\t\t\t\t\tVOLUNTEER APPLICATION FORM\n\t\t\t\t\t<\/a>\n\t\t\t\t<img decoding=\"async\" src=\"\/wp-content\/uploads\/sites\/103\/62547711_2498533470165361_7870900562059853824_o-scaled.jpg\" alt=\"KidSport Volunteer high fives young child\" height=\"1066\" width=\"1600\" title=\"62547711_2498533470165361_7870900562059853824_o\" loading='lazy' \/>\n\t\t\t\t<img decoding=\"async\" src=\"\/wp-content\/uploads\/sites\/103\/Untitled.png\" alt=\"KidSport Volunteer at a golf tournament\" height=\"366\" width=\"480\" title=\"Untitled\" loading='lazy' \/>\n<h2>\n\t\t\tOrganiser un \u00e9v\u00e9nement\t<\/h2>\n\t<p>Faites de SportJeunesse votre organisme caritatif de choix pour vos tournois de golf, mariages ou anniversaires, ou pour rendre hommage \u00e0 un membre de votre communaut\u00e9. SportJeunesse convient tr\u00e8s bien \u00e0 n\u2019importe quelle activit\u00e9 communautaire.<\/p>\n<p>SportJeunesse est aussi un excellent \u00e9l\u00e9ment rassembleur pour les milieux de travail : les activit\u00e9s comme le vendredi d\u00e9contract\u00e9, les f\u00eates, les barbecues de remerciement de la client\u00e8le, les tournois de baseball et les paris sur le hockey sont plus agr\u00e9ables lorsqu\u2019on y ajoute une composante philanthropique. Donnez une partie de vos profits, sinon tous, \u00e0 SportJeunesse Manitoba.<\/p>\n<p>Need help getting started? Get in touch &#8211; we&#8217;re game for whatever you can dream up!<\/p>\n<h5>\n\t\t\tHost an Event for KidSport\t<\/h5>\n\t<p>If you&#8217;re planning an event or fundraiser and would like to direct proceeds to KidSport Manitoba, please take a few minutes to tell us more about your plans using the form below.<\/p>\n\t\t\t<a href=\"https:\/\/forms.gle\/GeDc3gmSEJY3qcdJ8\" target=\"_self\" rel=\"noopener\">\n\t\t\t\t\t\t\tOrganiser un \u00e9v\u00e9nement\n\t\t\t<\/a>\n<h2>\n\t\t\tDevenez club sportif partenaire\t<\/h2>\n\t<p>Si vous faites partie d\u2019un club et que vous voulez rendre votre sport plus accessible aux enfants d\u2019ici qui se heurtent \u00e0 des obstacles financiers, SportJeunesse Manitoba peut aider. \u00c0 l\u2019inscription, encouragez les familles \u00e0 pr\u00e9senter une demande de subvention SportJeunesse Afin que TOUS les enfants puissent jouer!<\/p>\n<p>Our sport club partners do so much more than deliver the programming that gets kids into the game &#8211; many also fundraise for KidSport, and donate leftover funds at the end of the season &#8211; tapping into the real power of kids helping kids.<\/p>\n<p>Please partner with KidSport Manitoba in our mission of giving the gift of sport to all kids! Contact <a href=\"mailto:KidSportMB@sportmanitoba.ca\">KidSportMB@sportmanitoba.ca<\/a> to discuss partnership opportunities.<\/p>\n<h2 data-animation-delay=\"4\" data-animation-duration=\"1\">\n\t\t\tREACH OUT TO KIDSPORT\t<\/h2>\n\t\t\t<a href=\"mailto:kidsportmb@sportmanitoba.ca\" target=\"_self\" rel=\"noopener\">\n\t\t\t\t\t\tCONTACTEZ-NOUS\n\t\t\t\t\t<\/a>\n<h2>\n\t\t\tDonate For Kids Like Desiree\t<\/h2>\n<h3>\n\t\t\tThanks to KidSport, Desiree was able to play soccer and go on to become a 3x Olympian for Team Canada. \t<\/h3>\n\t\t\t<a href=\"\/manitoba\/fr\/void(0)\/\" title=\"Click Here\" target=\"_self\" aria-label=\"REGARDER LE FILM\" rel=\"noopener\">\n\t\t\t\t\t\t\t\t\t\t\tREGARDER LE FILM\n\t\t<\/a>","protected":false},"excerpt":{"rendered":"<p>KidSport Manitoba GET INVOLVED Sign up for our quarterly newsletter to see how KidSport Manitoba is making an impact in our province. SIGN UP NOW VOLUNTEER The KidSport program in Manitoba is managed in part with the help of local volunteers. Volunteers assist in a number of essential roles in a variety of fun events&hellip;<\/p>","protected":false},"author":16,"featured_media":194,"parent":0,"menu_order":0,"comment_status":"closed","ping_status":"closed","template":"","meta":{"_acf_changed":false,"footnotes":""},"class_list":["post-110","page","type-page","status-publish","has-post-thumbnail","hentry"],"acf":[],"yoast_head":"<!-- This site is optimized with the Yoast SEO plugin v27.4 - https:\/\/yoast.com\/product\/yoast-seo-wordpress\/ -->\n<title>Get Involved - KidSport Manitoba<\/title>\n<meta name=\"description\" content=\"Volunteer with KidSport, host an event or become a sport partner. There are so many ways you can make it So ALL Kids Can Play!\" \/>\n<meta name=\"robots\" content=\"index, follow, max-snippet:-1, max-image-preview:large, max-video-preview:-1\" \/>\n<link rel=\"canonical\" href=\"https:\/\/kidsportcanada.ca\/manitoba\/fr\/get-involved\/\" \/>\n<meta property=\"og:locale\" content=\"fr_CA\" \/>\n<meta property=\"og:type\" content=\"article\" \/>\n<meta property=\"og:title\" content=\"Get Involved - KidSport Manitoba\" \/>\n<meta property=\"og:description\" content=\"Volunteer with KidSport, host an event or become a sport partner. There are so many ways you can make it So ALL Kids Can Play!\" \/>\n<meta property=\"og:url\" content=\"https:\/\/kidsportcanada.ca\/manitoba\/fr\/get-involved\/\" \/>\n<meta property=\"og:site_name\" content=\"Manitoba\" \/>\n<meta property=\"article:modified_time\" content=\"2025-05-21T13:34:58+00:00\" \/>\n<meta property=\"og:image\" content=\"https:\/\/kidsportcanada.ca\/wp-content\/uploads\/sites\/103\/kidsport-hands-together.jpg\" \/>\n\t<meta property=\"og:image:width\" content=\"1600\" \/>\n\t<meta property=\"og:image:height\" content=\"1000\" \/>\n\t<meta property=\"og:image:type\" content=\"image\/jpeg\" \/>\n<meta name=\"twitter:card\" content=\"summary_large_image\" \/>\n<meta name=\"twitter:label1\" content=\"Estimation du temps de lecture\" \/>\n\t<meta name=\"twitter:data1\" content=\"3 minutes\" \/>\n<script type=\"application\/ld+json\" class=\"yoast-schema-graph\">{\"@context\":\"https:\\\/\\\/schema.org\",\"@graph\":[{\"@type\":\"WebPage\",\"@id\":\"https:\\\/\\\/kidsportcanada.ca\\\/manitoba\\\/get-involved\\\/\",\"url\":\"https:\\\/\\\/kidsportcanada.ca\\\/manitoba\\\/get-involved\\\/\",\"name\":\"Get Involved - KidSport Manitoba\",\"isPartOf\":{\"@id\":\"https:\\\/\\\/kidsportcanada.ca\\\/manitoba\\\/#website\"},\"primaryImageOfPage\":{\"@id\":\"https:\\\/\\\/kidsportcanada.ca\\\/manitoba\\\/get-involved\\\/#primaryimage\"},\"image\":{\"@id\":\"https:\\\/\\\/kidsportcanada.ca\\\/manitoba\\\/get-involved\\\/#primaryimage\"},\"thumbnailUrl\":\"\\\/wp-content\\\/uploads\\\/sites\\\/103\\\/kidsport-hands-together.jpg\",\"datePublished\":\"2020-03-19T16:51:49+00:00\",\"dateModified\":\"2025-05-21T13:34:58+00:00\",\"description\":\"Volunteer with KidSport, host an event or become a sport partner. There are so many ways you can make it So ALL Kids Can Play!\",\"breadcrumb\":{\"@id\":\"https:\\\/\\\/kidsportcanada.ca\\\/manitoba\\\/get-involved\\\/#breadcrumb\"},\"inLanguage\":\"fr-CA\",\"potentialAction\":[{\"@type\":\"ReadAction\",\"target\":[\"https:\\\/\\\/kidsportcanada.ca\\\/manitoba\\\/get-involved\\\/\"]}]},{\"@type\":\"ImageObject\",\"inLanguage\":\"fr-CA\",\"@id\":\"https:\\\/\\\/kidsportcanada.ca\\\/manitoba\\\/get-involved\\\/#primaryimage\",\"url\":\"\\\/wp-content\\\/uploads\\\/sites\\\/103\\\/kidsport-hands-together.jpg\",\"contentUrl\":\"\\\/wp-content\\\/uploads\\\/sites\\\/103\\\/kidsport-hands-together.jpg\",\"width\":1600,\"height\":1000,\"caption\":\"A group of young girls in a team huddle before starting their soccer match\"},{\"@type\":\"BreadcrumbList\",\"@id\":\"https:\\\/\\\/kidsportcanada.ca\\\/manitoba\\\/get-involved\\\/#breadcrumb\",\"itemListElement\":[{\"@type\":\"ListItem\",\"position\":1,\"name\":\"Home\",\"item\":\"https:\\\/\\\/kidsportcanada.ca\\\/manitoba\\\/\"},{\"@type\":\"ListItem\",\"position\":2,\"name\":\"Get Involved\"}]},{\"@type\":\"WebSite\",\"@id\":\"https:\\\/\\\/kidsportcanada.ca\\\/manitoba\\\/#website\",\"url\":\"https:\\\/\\\/kidsportcanada.ca\\\/manitoba\\\/\",\"name\":\"Manitoba\",\"description\":\"So all kids can play\",\"potentialAction\":[{\"@type\":\"SearchAction\",\"target\":{\"@type\":\"EntryPoint\",\"urlTemplate\":\"https:\\\/\\\/kidsportcanada.ca\\\/manitoba\\\/?s={search_term_string}\"},\"query-input\":{\"@type\":\"PropertyValueSpecification\",\"valueRequired\":true,\"valueName\":\"search_term_string\"}}],\"inLanguage\":\"fr-CA\"}]}<\/script>\n<!-- \/ Yoast SEO plugin. -->","yoast_head_json":{"title":"Get Involved - KidSport Manitoba","description":"Faites du b\u00e9n\u00e9volat avec KidSport, organisez un \u00e9v\u00e9nement ou devenez partenaire sportif. Il y a d\u2019innombrables fa\u00e7ons de faire en sorte que TOUS les enfants puissent jouer!","robots":{"index":"index","follow":"follow","max-snippet":"max-snippet:-1","max-image-preview":"max-image-preview:large","max-video-preview":"max-video-preview:-1"},"canonical":"https:\/\/kidsportcanada.ca\/manitoba\/fr\/get-involved\/","og_locale":"fr_CA","og_type":"article","og_title":"Get Involved - KidSport Manitoba","og_description":"Volunteer with KidSport, host an event or become a sport partner. There are so many ways you can make it So ALL Kids Can Play!","og_url":"https:\/\/kidsportcanada.ca\/manitoba\/fr\/get-involved\/","og_site_name":"Manitoba","article_modified_time":"2025-05-21T13:34:58+00:00","og_image":[{"width":1600,"height":1000,"url":"https:\/\/kidsportcanada.ca\/wp-content\/uploads\/sites\/103\/kidsport-hands-together.jpg","type":"image\/jpeg"}],"twitter_card":"summary_large_image","twitter_misc":{"Estimation du temps de lecture":"3 minutes"},"schema":{"@context":"https:\/\/schema.org","@graph":[{"@type":"WebPage","@id":"https:\/\/kidsportcanada.ca\/manitoba\/get-involved\/","url":"https:\/\/kidsportcanada.ca\/manitoba\/get-involved\/","name":"Get Involved - KidSport Manitoba","isPartOf":{"@id":"https:\/\/kidsportcanada.ca\/manitoba\/#website"},"primaryImageOfPage":{"@id":"https:\/\/kidsportcanada.ca\/manitoba\/get-involved\/#primaryimage"},"image":{"@id":"https:\/\/kidsportcanada.ca\/manitoba\/get-involved\/#primaryimage"},"thumbnailUrl":"\/wp-content\/uploads\/sites\/103\/kidsport-hands-together.jpg","datePublished":"2020-03-19T16:51:49+00:00","dateModified":"2025-05-21T13:34:58+00:00","description":"Faites du b\u00e9n\u00e9volat avec KidSport, organisez un \u00e9v\u00e9nement ou devenez partenaire sportif. Il y a d\u2019innombrables fa\u00e7ons de faire en sorte que TOUS les enfants puissent jouer!","breadcrumb":{"@id":"https:\/\/kidsportcanada.ca\/manitoba\/get-involved\/#breadcrumb"},"inLanguage":"fr-CA","potentialAction":[{"@type":"ReadAction","target":["https:\/\/kidsportcanada.ca\/manitoba\/get-involved\/"]}]},{"@type":"ImageObject","inLanguage":"fr-CA","@id":"https:\/\/kidsportcanada.ca\/manitoba\/get-involved\/#primaryimage","url":"\/wp-content\/uploads\/sites\/103\/kidsport-hands-together.jpg","contentUrl":"\/wp-content\/uploads\/sites\/103\/kidsport-hands-together.jpg","width":1600,"height":1000,"caption":"A group of young girls in a team huddle before starting their soccer match"},{"@type":"BreadcrumbList","@id":"https:\/\/kidsportcanada.ca\/manitoba\/get-involved\/#breadcrumb","itemListElement":[{"@type":"ListItem","position":1,"name":"Home","item":"https:\/\/kidsportcanada.ca\/manitoba\/"},{"@type":"ListItem","position":2,"name":"Get Involved"}]},{"@type":"WebSite","@id":"https:\/\/kidsportcanada.ca\/manitoba\/#website","url":"https:\/\/kidsportcanada.ca\/manitoba\/","name":"Manitoba","description":"So all kids can play","potentialAction":[{"@type":"SearchAction","target":{"@type":"EntryPoint","urlTemplate":"https:\/\/kidsportcanada.ca\/manitoba\/?s={search_term_string}"},"query-input":{"@type":"PropertyValueSpecification","valueRequired":true,"valueName":"search_term_string"}}],"inLanguage":"fr-CA"}]}},"_links":{"self":[{"href":"https:\/\/kidsportcanada.ca\/manitoba\/fr\/wp-json\/wp\/v2\/pages\/110","targetHints":{"allow":["GET"]}}],"collection":[{"href":"https:\/\/kidsportcanada.ca\/manitoba\/fr\/wp-json\/wp\/v2\/pages"}],"about":[{"href":"https:\/\/kidsportcanada.ca\/manitoba\/fr\/wp-json\/wp\/v2\/types\/page"}],"author":[{"embeddable":true,"href":"https:\/\/kidsportcanada.ca\/manitoba\/fr\/wp-json\/wp\/v2\/users\/16"}],"replies":[{"embeddable":true,"href":"https:\/\/kidsportcanada.ca\/manitoba\/fr\/wp-json\/wp\/v2\/comments?post=110"}],"version-history":[{"count":0,"href":"https:\/\/kidsportcanada.ca\/manitoba\/fr\/wp-json\/wp\/v2\/pages\/110\/revisions"}],"wp:featuredmedia":[{"embeddable":true,"href":"https:\/\/kidsportcanada.ca\/manitoba\/fr\/wp-json\/wp\/v2\/media\/194"}],"wp:attachment":[{"href":"https:\/\/kidsportcanada.ca\/manitoba\/fr\/wp-json\/wp\/v2\/media?parent=110"}],"curies":[{"name":"wp","href":"https:\/\/api.w.org\/{rel}","templated":true}]}}