
{"id":150,"date":"2020-05-05T19:39:19","date_gmt":"2020-05-05T19:39:19","guid":{"rendered":"http:\/\/kidsportcanada.ca\/manitoba\/?page_id=150"},"modified":"2026-02-02T18:15:33","modified_gmt":"2026-02-02T18:15:33","slug":"provincial-fund","status":"publish","type":"page","link":"https:\/\/kidsportcanada.ca\/manitoba\/fr\/provincial-fund\/","title":{"rendered":"fonds provincial"},"content":{"rendered":"<h4 data-animation-delay=\"0\" data-animation-duration=\"1\">\n\t\t\tSportJeunesse Manitoba\t<\/h4>\n<h1 data-animation-delay=\"0.2\" data-animation-duration=\"1\">\n\t\t\tApply for a Grant\t<\/h1>\n\t\t\t<a href=\"\/wp-content\/uploads\/sites\/103\/KidSport-Form-FR-For-Manitoba-2.pdf\" target=\"_blank\" rel=\"noopener\">\n\t\t\t\t\t\t\tPR\u00c9SENTER UNE DEMANDE EN LIGNE MAINTENANT\n\t\t\t\t\t<\/a>\n<h2>\n\t\t\tWhat Is A Grant?\t<\/h2>\n\t<p>KidSport provides grants to kids from families facing financial barriers so they can participate in registered sport programs and experience the lifelong benefits of a season of sport. We provide grants of up to <strong>$300 per eligible child, per year<\/strong> (January 1-December 31)\u00a0 to cover registration fees for organized sport programs. Grants are intended to be used for sport registration fees; travel, competitions, uniforms, camps, and lessons are not eligible for funding. Grants cannot be issued for programs\/seasons that have already concluded.<\/p>\n<p>&nbsp;<\/p>\n<p>Sports clubs must be active members of their Provincial Sport Organization (PSO)\u00a0 to be eligible for KidSport funding. If you are unsure whether your club qualifies, we recommend contacting them directly or checking the list of PSOs on <a href=\"https:\/\/www.sportmanitoba.ca\/partners\/\">Sport Manitoba&#8217;s website<\/a>.<\/p>\n<p>&nbsp;<\/p>\n<p><strong>Please note that KidSport Manitoba does not distribute equipment, nor does the program accept equipment donations.<\/strong><\/p>\n\t<h2>Crit\u00e8res d\u2019admissibilit\u00e9<\/h2>\n\t<p>KidSport uses the Statistics Canada Low Income Cut-off guidelines as a tool to determine which families are eligible for assistance. Exceptions may occur for unique circumstances, but in most cases applications will not be considered if your <strong>household gross<\/strong>\u00a0income is higher than shown in the chart below.<\/p>\n<p>&nbsp;<\/p>\n<h3><strong>Low-Income Cut-off Guidelines<\/strong><\/h3>\nFamily Size\u00a0\u00a0\u00a0\u00a0\u00a0\u00a0\u00a0\u00a0\u00a0\u00a0Maximum Household Gross Income<br \/>\n2\u00a0 \u00a0 \u00a0 \u00a0 \u00a0 \u00a0 \u00a0 \u00a0 \u00a0 \u00a0 \u00a0 \u00a0 \u00a0 \u00a0 \u00a0 \u00a0 \u00a0 \u00a0 \u00a0 \u00a0 \u00a0$39,721<br \/>\n3\u00a0 \u00a0 \u00a0 \u00a0 \u00a0 \u00a0 \u00a0 \u00a0 \u00a0 \u00a0 \u00a0 \u00a0 \u00a0 \u00a0 \u00a0 \u00a0 \u00a0 \u00a0 \u00a0 \u00a0 \u00a0$48,832<br \/>\n4\u00a0 \u00a0 \u00a0 \u00a0 \u00a0 \u00a0 \u00a0 \u00a0 \u00a0 \u00a0 \u00a0 \u00a0 \u00a0 \u00a0 \u00a0 \u00a0 \u00a0 \u00a0 \u00a0 \u00a0 \u00a0$59,288<br \/>\n5\u00a0 \u00a0 \u00a0 \u00a0 \u00a0 \u00a0 \u00a0 \u00a0 \u00a0 \u00a0 \u00a0 \u00a0 \u00a0 \u00a0 \u00a0 \u00a0 \u00a0 \u00a0 \u00a0 \u00a0 \u00a0$67,244<br \/>\n6\u00a0 \u00a0 \u00a0 \u00a0 \u00a0 \u00a0 \u00a0 \u00a0 \u00a0 \u00a0 \u00a0 \u00a0 \u00a0 \u00a0 \u00a0 \u00a0 \u00a0 \u00a0 \u00a0 \u00a0 \u00a0$75,839<br \/>\n7\u00a0 \u00a0 \u00a0 \u00a0 \u00a0 \u00a0 \u00a0 \u00a0 \u00a0 \u00a0 \u00a0 \u00a0 \u00a0 \u00a0 \u00a0 \u00a0 \u00a0 \u00a0 \u00a0 \u00a0 \u00a0$84,436\n<p>+$7,916 for each additional person<\/p>\n\n<p>&nbsp;<\/p>\n<h3><strong>Application Deadlines<\/strong><\/h3>\n<p>The application deadline for all regions is the 15th &#8211; or the last working day prior to the 15th of every month by 4:30 pm . Applications must be complete, including all required financial information to be considered for funding.<\/p>\n<p>Incomplete applications will be considered at the next intake, if the application is carried over one month and is still not complete by the next deadline, it will get declined.<\/p>\n<p>&nbsp;<\/p>\n<p><strong>Please see the below application deadline dates for 2026:<\/strong><\/p>\n<p>January 15th\u00a0 \u00a0 \u00a0 \u00a0 \u00a0 \u00a0 \u00a0 July 15th<\/p>\n<p>February 13th\u00a0 \u00a0 \u00a0 \u00a0 \u00a0 \u00a0 August 14th<\/p>\n<p>March 13th\u00a0 \u00a0 \u00a0 \u00a0 \u00a0 \u00a0 \u00a0 \u00a0 \u00a0 September 14th<\/p>\n<p>April 15th\u00a0 \u00a0 \u00a0 \u00a0 \u00a0 \u00a0 \u00a0 \u00a0 \u00a0 \u00a0 \u00a0October 15th<\/p>\n<p>May 15th\u00a0 \u00a0 \u00a0 \u00a0 \u00a0 \u00a0 \u00a0 \u00a0 \u00a0 \u00a0 \u00a0 \u00a0November 13th<\/p>\n<p>June 15th\u00a0 \u00a0 \u00a0 \u00a0 \u00a0 \u00a0 \u00a0 \u00a0 \u00a0 \u00a0 December 15th<\/p>\n<p>&nbsp;<\/p>\n<p>Si vous n\u2019\u00eates pas certain d\u2019\u00eatre admissible \u00e0 une subvention, veuillez nous envoyer un courriel \u00e0             <span class=\"emailaddress-div\">\n            <a href=\"mailto:KidSportMB@sportmanitoba.ca\">KidSportMB@sportmanitoba.ca<\/a>\n            .<\/p>\n<p>We ask that you please register for your desired program before applying for KidSport funding. Please contact the sport organization to see how they want you to settle your registration payment prior to receiving KidSport funding if approved. <strong>Grants cannot be issued to programs\/seasons that have already concluded.<\/strong><\/p>\n<p><strong>In Winnipeg, house league hockey (Timbits &#8211; A1, A2, A3) is not funded through KidSport.<\/strong>\u00a0Those looking for funding for these leagues can apply through the General Council of Winnipeg Community Centres (GCWCC) by clicking\u00a0<a href=\"https:\/\/www.gcwcc.mb.ca\/grants-and-subsidies\/\" target=\"_blank\" rel=\"noopener\">here<\/a>. Those looking for funding assistance at the AA or AAA levels are eligible for KidSport support.<\/p>\n\t<h2>Que dois-je faire pour demander une subvention?<\/h2>\n\t<ol>\n<li>Find a sport program your kid would like to join and sign up. Let the program&#8217;s administrators know you will be applying for KidSport funding. Only programs that are organized through a Sport Manitoba member sport organization are eligible to receive funding. Click <a href=\"https:\/\/www.sportmanitoba.ca\/partners\/\">here<\/a> to view a full list of members.<\/li>\n<li>Apply online or use the paper application form &#8211; be sure to complete all sections of the application, as incomplete applications take much longer to process, and can cause delays in receiving your grant.<\/li>\n<li>Votre demande d\u00fbment remplie sera trait\u00e9e dans les 30 jours suivant sa r\u00e9ception. Si vous \u00eates admissible au financement de SportJeunesse, la subvention sera envoy\u00e9e directement au programme de sport auquel vous avez inscrit votre enfant.<\/li>\n<\/ol>\n<p>You can submit a paper application by mail or e-mail:<\/p>\n<p>&nbsp;<\/p>\n<p><b>145 Pacific Avenue<\/b><\/p>\n<p><b>Winnipeg MB, R3B 2Z6<\/b><\/p>\n<p><strong>            <span class=\"emailaddress-div\">\n            <a href=\"mailto:KidSportMB@sportmanitoba.ca\">KidSportMB@sportmanitoba.ca<\/a>\n            <\/strong><\/p>\n<ol>\n\n<\/ol>\n<h5>\n\t\t\tPr\u00e9sentez une demande maintenant\t<\/h5>\n\t\t\t<a href=\"\/wp-content\/uploads\/sites\/103\/KidSport-Form-FR-For-Manitoba-2.pdf\" target=\"_blank\" rel=\"noopener\">\n\t\t\t\t\t\t\tPR\u00c9SENTER UNE DEMANDE EN LIGNE MAINTENANT\n\t\t\t\t\t<\/a>\n\t<p>Ou envoyez-nous une demande papier<\/p>\n\t\t\t<a href=\"\/wp-content\/uploads\/KidSport-Application-Form.docx.pdf\" target=\"_blank\" rel=\"noopener\">\n\t\t\t\t\t\tDEMANDE PAPIER\n\t\t\t\t\t<\/a>\n<h5>\n\t\t\tBesoin d\u2019aide?\t<\/h5>\n\t<p>We&#8217;re always happy to answer your questions &#8211; please send an email with your question to             <span class=\"emailaddress-div\">\n            <a href=\"mailto:KidSportMB@sportmanitoba.ca\">KidSportMB@sportmanitoba.ca<\/a>\n            .<\/p>\n<h2>\n\t\t\tNot Eligible for KidSport Or need More Assistance?\t<\/h2>\n\t<p>We understand that $300 may not be enough to cover a season of sport, or your activity may be ineligible to receive KidSport funding.<\/p>\n<p>There are many great opportunities from other organizations in Manitoba that can provide funding for youth sports as well. Please take a look at the guide in this section to see what other grants you may be eligible for.<\/p>\n<h5>\n\t\t\tOther Grant Opportunities\t<\/h5>\n\t\t\t<a href=\"\/wp-content\/uploads\/sites\/103\/Grant-Opportunities-for-Sport-in-Manitoba-1.pdf\" target=\"_blank\" rel=\"noopener\">\n\t\t\t\t\t\t\tc'est un link\n\t\t\t\t\t<\/a>\n<h2 data-animation-delay=\"0\" data-animation-duration=\"1\">\n\t\t\tCOMMON Questions\t<\/h2>\n\t\t\t\t\t<a role=\"heading\" id=\"fl-accordion--label-0\">Comment SportJeunesse aide-t-il?<\/a>\n\t\t\t\t\t\t\t\t\t\t\t<button type=\"button\" id=\"fl-accordion--icon-0\" aria-expanded=\"false\" aria-controls=\"fl-accordion--panel-0\"><i>Expand<\/i><\/button>\n\t\t\t\t\t<p>KidSport gives grants to families to help remove financial barriers to sport. Since 1993, we have helped nearly 1 million kids get off the sidelines and into a season of sport!<\/p>\n\t\t\t\t\t<a role=\"heading\" id=\"fl-accordion--label-1\">Qu\u2019est-ce que la subvention SportJeunesse couvre?<\/a>\n\t\t\t\t\t\t\t\t\t\t\t<button type=\"button\" id=\"fl-accordion--icon-1\" aria-expanded=\"false\" aria-controls=\"fl-accordion--panel-1\"><i>Expand<\/i><\/button>\n\t\t\t\t\t<p>KidSport grants cover the cost of sport registration fees for qualified families. Grants are intended to remove financial barriers to sport programs. Grants cannot be applied to camps, equipment, transportation, or tournament fees.<\/p>\n\t\t\t\t\t<a role=\"heading\" id=\"fl-accordion--label-2\">Quels sports sont admissibles?<\/a>\n\t\t\t\t\t\t\t\t\t\t\t<button type=\"button\" id=\"fl-accordion--icon-2\" aria-expanded=\"false\" aria-controls=\"fl-accordion--panel-2\"><i>Expand<\/i><\/button>\n\t\t\t\t\t<p>KidSport Manitoba provides funding for sports recognized as a partner of Sport Manitoba. For a list of all Provincial Sport Organizations and clubs that are eligible, click <a href=\"https:\/\/www.sportmanitoba.ca\/partners\/\">here.\u00a0<\/a><\/p>\n\t\t\t\t\t<a role=\"heading\" id=\"fl-accordion--label-3\">Dans quelles communaut\u00e9s offrons-nous nos services?<\/a>\n\t\t\t\t\t\t\t\t\t\t\t<button type=\"button\" id=\"fl-accordion--icon-3\" aria-expanded=\"false\" aria-controls=\"fl-accordion--panel-3\"><i>Expand<\/i><\/button>\n\t\t\t\t\t<p>KidSport Manitoba has 5 chapters, each serving their local community: North, East, South, West, and Winnipeg. Not sure which region you&#8217;re part of? Click <a href=\"\/wp-content\/uploads\/sites\/103\/Regions-Map.pdf\">here<\/a> to see the boundaries of each chapter.<\/p>\n\t\t\t\t\t<a role=\"heading\" id=\"fl-accordion--label-4\">Quelle est la date limite pour pr\u00e9senter une demande?<\/a>\n\t\t\t\t\t\t\t\t\t\t\t<button type=\"button\" id=\"fl-accordion--icon-4\" aria-expanded=\"false\" aria-controls=\"fl-accordion--panel-4\"><i>Expand<\/i><\/button>\n\t\t\t\t\t<p>The deadlines are the 15th of each month or the business day prior if the 15th falls on a weekend or holiday. Applications must be submitted by 4:30 pm on the deadline day.<\/p>\n<p>You must register your kid in a sports program prior to applying for KidSport funding. Each program is different, but many do require that KidSport funding be received prior to the program&#8217;s start date. You should apply for a KidSport grant as soon as possible after your kid has been registered, as it can sometimes take up to 30 days for applications to be processed.<\/p>\n<p>Les subventions SportJeunesse ne peuvent pas servir aux programmes qui sont d\u00e9j\u00e0 termin\u00e9s.<\/p>\n\t\t\t\t\t<a role=\"heading\" id=\"fl-accordion--label-5\">Comment saurai-je si ma demande est accept\u00e9e?<\/a>\n\t\t\t\t\t\t\t\t\t\t\t<button type=\"button\" id=\"fl-accordion--icon-5\" aria-expanded=\"false\" aria-controls=\"fl-accordion--panel-5\"><i>Expand<\/i><\/button>\n\t\t\t\t\t<p>Si vous avez pr\u00e9sent\u00e9 une demande en ligne, vous recevrez un courriel automatiquement produit par le syst\u00e8me vous informant des r\u00e9sultats de votre demande.<\/p>\n<p>Si vous pr\u00e9sentez une demande hors ligne (en personne, par formulaire PDF envoy\u00e9 par courriel ou par formulaire imprim\u00e9), vous devez inclure votre adresse de courriel afin que nous puissions vous informer des r\u00e9sultats de votre demande.<\/p>\n\t\t\t\t\t<a role=\"heading\" id=\"fl-accordion--label-6\">Que dois-je faire pour d\u00e9montrer mon admissibilit\u00e9 financi\u00e8re?<\/a>\n\t\t\t\t\t\t\t\t\t\t\t<button type=\"button\" id=\"fl-accordion--icon-6\" aria-expanded=\"false\" aria-controls=\"fl-accordion--panel-6\"><i>Expand<\/i><\/button>\n\t\t\t\t\t<p>Your Notice of Assessment can be accessed through <a href=\"https:\/\/www.canada.ca\/fr\/agence-revenu\/services\/services-electroniques\/services-electroniques-particuliers\/comment-obtenir-releve-preuve-revenu-imprime-option.html\" target=\"_blank\" rel=\"noopener\">CRA My Account. <\/a>We strongly recommend this option, as it is free, and the fastest way to obtain your statement. You may also request your statement by mail.<\/p>\n<p>Other documents we can accept include 3 consecutive paystubs or EIA Budget Letters.<\/p>\n\t\t\t\t\t<a role=\"heading\" id=\"fl-accordion--label-7\">Mes renseignements sont-ils prot\u00e9g\u00e9s et confidentiels?<\/a>\n\t\t\t\t\t\t\t\t\t\t\t<button type=\"button\" id=\"fl-accordion--icon-7\" aria-expanded=\"false\" aria-controls=\"fl-accordion--panel-7\"><i>Expand<\/i><\/button>\n\t\t\t\t\t<p>Oui, tous vos renseignements personnels seront sauvegard\u00e9s de fa\u00e7on s\u00e9curis\u00e9e et d\u00e9truits au moment appropri\u00e9. Notre syst\u00e8me de demande en ligne est s\u00e9curis\u00e9 et fiable. Jamais SportJeunesse et ses partenaires ne vendront ni ne divulgueront vos donn\u00e9es personnelles.<\/p>","protected":false},"excerpt":{"rendered":"<p>KidSport Manitoba Apply for a Grant APPLY ONLINE NOW What Is A Grant? KidSport provides grants to kids from families facing financial barriers so they can participate in registered sport programs and experience the lifelong benefits of a season of sport. We provide grants of up to $300 per eligible child, per year (January 1-December&hellip;<\/p>","protected":false},"author":16,"featured_media":196,"parent":0,"menu_order":0,"comment_status":"closed","ping_status":"closed","template":"","meta":{"_acf_changed":false,"footnotes":""},"class_list":["post-150","page","type-page","status-publish","has-post-thumbnail","hentry"],"acf":[],"yoast_head":"<!-- This site is optimized with the Yoast SEO plugin v27.4 - https:\/\/yoast.com\/product\/yoast-seo-wordpress\/ -->\n<title>Provincial Fund - KidSport Manitoba<\/title>\n<meta name=\"description\" content=\"Start your application here. KidSport provides grants to kids from families facing financial barriers so they can participate in registered sport programs.\" \/>\n<meta name=\"robots\" content=\"index, follow, max-snippet:-1, max-image-preview:large, max-video-preview:-1\" \/>\n<link rel=\"canonical\" href=\"https:\/\/kidsportcanada.ca\/manitoba\/fr\/provincial-fund\/\" \/>\n<meta property=\"og:locale\" content=\"fr_CA\" \/>\n<meta property=\"og:type\" content=\"article\" \/>\n<meta property=\"og:title\" content=\"Provincial Fund - KidSport Manitoba\" \/>\n<meta property=\"og:description\" content=\"Start your application here. KidSport provides grants to kids from families facing financial barriers so they can participate in registered sport programs.\" \/>\n<meta property=\"og:url\" content=\"https:\/\/kidsportcanada.ca\/manitoba\/fr\/provincial-fund\/\" \/>\n<meta property=\"og:site_name\" content=\"Manitoba\" \/>\n<meta property=\"article:modified_time\" content=\"2026-02-02T18:15:33+00:00\" \/>\n<meta property=\"og:image\" content=\"https:\/\/kidsportcanada.ca\/wp-content\/uploads\/sites\/103\/devonte-1.jpg\" \/>\n\t<meta property=\"og:image:width\" content=\"1600\" \/>\n\t<meta property=\"og:image:height\" content=\"1000\" \/>\n\t<meta property=\"og:image:type\" content=\"image\/jpeg\" \/>\n<meta name=\"twitter:card\" content=\"summary_large_image\" \/>\n<meta name=\"twitter:label1\" content=\"Estimation du temps de lecture\" \/>\n\t<meta name=\"twitter:data1\" content=\"5 minutes\" \/>\n<script type=\"application\/ld+json\" class=\"yoast-schema-graph\">{\"@context\":\"https:\\\/\\\/schema.org\",\"@graph\":[{\"@type\":\"WebPage\",\"@id\":\"https:\\\/\\\/kidsportcanada.ca\\\/manitoba\\\/provincial-fund\\\/\",\"url\":\"https:\\\/\\\/kidsportcanada.ca\\\/manitoba\\\/provincial-fund\\\/\",\"name\":\"Provincial Fund - KidSport Manitoba\",\"isPartOf\":{\"@id\":\"https:\\\/\\\/kidsportcanada.ca\\\/manitoba\\\/#website\"},\"primaryImageOfPage\":{\"@id\":\"https:\\\/\\\/kidsportcanada.ca\\\/manitoba\\\/provincial-fund\\\/#primaryimage\"},\"image\":{\"@id\":\"https:\\\/\\\/kidsportcanada.ca\\\/manitoba\\\/provincial-fund\\\/#primaryimage\"},\"thumbnailUrl\":\"\\\/wp-content\\\/uploads\\\/sites\\\/103\\\/devonte-1.jpg\",\"datePublished\":\"2020-05-05T19:39:19+00:00\",\"dateModified\":\"2026-02-02T18:15:33+00:00\",\"description\":\"Start your application here. KidSport provides grants to kids from families facing financial barriers so they can participate in registered sport programs.\",\"breadcrumb\":{\"@id\":\"https:\\\/\\\/kidsportcanada.ca\\\/manitoba\\\/provincial-fund\\\/#breadcrumb\"},\"inLanguage\":\"fr-CA\",\"potentialAction\":[{\"@type\":\"ReadAction\",\"target\":[\"https:\\\/\\\/kidsportcanada.ca\\\/manitoba\\\/provincial-fund\\\/\"]}]},{\"@type\":\"ImageObject\",\"inLanguage\":\"fr-CA\",\"@id\":\"https:\\\/\\\/kidsportcanada.ca\\\/manitoba\\\/provincial-fund\\\/#primaryimage\",\"url\":\"\\\/wp-content\\\/uploads\\\/sites\\\/103\\\/devonte-1.jpg\",\"contentUrl\":\"\\\/wp-content\\\/uploads\\\/sites\\\/103\\\/devonte-1.jpg\",\"width\":1600,\"height\":1000,\"caption\":\"A young boy sliding on the grass soccer field after scoring a goal\"},{\"@type\":\"BreadcrumbList\",\"@id\":\"https:\\\/\\\/kidsportcanada.ca\\\/manitoba\\\/provincial-fund\\\/#breadcrumb\",\"itemListElement\":[{\"@type\":\"ListItem\",\"position\":1,\"name\":\"Home\",\"item\":\"https:\\\/\\\/kidsportcanada.ca\\\/manitoba\\\/\"},{\"@type\":\"ListItem\",\"position\":2,\"name\":\"Provincial Fund\"}]},{\"@type\":\"WebSite\",\"@id\":\"https:\\\/\\\/kidsportcanada.ca\\\/manitoba\\\/#website\",\"url\":\"https:\\\/\\\/kidsportcanada.ca\\\/manitoba\\\/\",\"name\":\"Manitoba\",\"description\":\"So all kids can play\",\"potentialAction\":[{\"@type\":\"SearchAction\",\"target\":{\"@type\":\"EntryPoint\",\"urlTemplate\":\"https:\\\/\\\/kidsportcanada.ca\\\/manitoba\\\/?s={search_term_string}\"},\"query-input\":{\"@type\":\"PropertyValueSpecification\",\"valueRequired\":true,\"valueName\":\"search_term_string\"}}],\"inLanguage\":\"fr-CA\"}]}<\/script>\n<!-- \/ Yoast SEO plugin. -->","yoast_head_json":{"title":"Provincial Fund - KidSport Manitoba","description":"Commencez \u00e0 remplir votre demande ici. SportJeunesse fournit des subventions aux enfants provenant de familles qui se heurtent \u00e0 des obstacles financiers afin qu\u2019ils puissent participer \u00e0 des programmes de sport.","robots":{"index":"index","follow":"follow","max-snippet":"max-snippet:-1","max-image-preview":"max-image-preview:large","max-video-preview":"max-video-preview:-1"},"canonical":"https:\/\/kidsportcanada.ca\/manitoba\/fr\/provincial-fund\/","og_locale":"fr_CA","og_type":"article","og_title":"Provincial Fund - KidSport Manitoba","og_description":"Start your application here. KidSport provides grants to kids from families facing financial barriers so they can participate in registered sport programs.","og_url":"https:\/\/kidsportcanada.ca\/manitoba\/fr\/provincial-fund\/","og_site_name":"Manitoba","article_modified_time":"2026-02-02T18:15:33+00:00","og_image":[{"width":1600,"height":1000,"url":"https:\/\/kidsportcanada.ca\/wp-content\/uploads\/sites\/103\/devonte-1.jpg","type":"image\/jpeg"}],"twitter_card":"summary_large_image","twitter_misc":{"Estimation du temps de lecture":"5 minutes"},"schema":{"@context":"https:\/\/schema.org","@graph":[{"@type":"WebPage","@id":"https:\/\/kidsportcanada.ca\/manitoba\/provincial-fund\/","url":"https:\/\/kidsportcanada.ca\/manitoba\/provincial-fund\/","name":"Provincial Fund - KidSport Manitoba","isPartOf":{"@id":"https:\/\/kidsportcanada.ca\/manitoba\/#website"},"primaryImageOfPage":{"@id":"https:\/\/kidsportcanada.ca\/manitoba\/provincial-fund\/#primaryimage"},"image":{"@id":"https:\/\/kidsportcanada.ca\/manitoba\/provincial-fund\/#primaryimage"},"thumbnailUrl":"\/wp-content\/uploads\/sites\/103\/devonte-1.jpg","datePublished":"2020-05-05T19:39:19+00:00","dateModified":"2026-02-02T18:15:33+00:00","description":"Commencez \u00e0 remplir votre demande ici. SportJeunesse fournit des subventions aux enfants provenant de familles qui se heurtent \u00e0 des obstacles financiers afin qu\u2019ils puissent participer \u00e0 des programmes de sport.","breadcrumb":{"@id":"https:\/\/kidsportcanada.ca\/manitoba\/provincial-fund\/#breadcrumb"},"inLanguage":"fr-CA","potentialAction":[{"@type":"ReadAction","target":["https:\/\/kidsportcanada.ca\/manitoba\/provincial-fund\/"]}]},{"@type":"ImageObject","inLanguage":"fr-CA","@id":"https:\/\/kidsportcanada.ca\/manitoba\/provincial-fund\/#primaryimage","url":"\/wp-content\/uploads\/sites\/103\/devonte-1.jpg","contentUrl":"\/wp-content\/uploads\/sites\/103\/devonte-1.jpg","width":1600,"height":1000,"caption":"A young boy sliding on the grass soccer field after scoring a goal"},{"@type":"BreadcrumbList","@id":"https:\/\/kidsportcanada.ca\/manitoba\/provincial-fund\/#breadcrumb","itemListElement":[{"@type":"ListItem","position":1,"name":"Home","item":"https:\/\/kidsportcanada.ca\/manitoba\/"},{"@type":"ListItem","position":2,"name":"Provincial Fund"}]},{"@type":"WebSite","@id":"https:\/\/kidsportcanada.ca\/manitoba\/#website","url":"https:\/\/kidsportcanada.ca\/manitoba\/","name":"Manitoba","description":"So all kids can play","potentialAction":[{"@type":"SearchAction","target":{"@type":"EntryPoint","urlTemplate":"https:\/\/kidsportcanada.ca\/manitoba\/?s={search_term_string}"},"query-input":{"@type":"PropertyValueSpecification","valueRequired":true,"valueName":"search_term_string"}}],"inLanguage":"fr-CA"}]}},"_links":{"self":[{"href":"https:\/\/kidsportcanada.ca\/manitoba\/fr\/wp-json\/wp\/v2\/pages\/150","targetHints":{"allow":["GET"]}}],"collection":[{"href":"https:\/\/kidsportcanada.ca\/manitoba\/fr\/wp-json\/wp\/v2\/pages"}],"about":[{"href":"https:\/\/kidsportcanada.ca\/manitoba\/fr\/wp-json\/wp\/v2\/types\/page"}],"author":[{"embeddable":true,"href":"https:\/\/kidsportcanada.ca\/manitoba\/fr\/wp-json\/wp\/v2\/users\/16"}],"replies":[{"embeddable":true,"href":"https:\/\/kidsportcanada.ca\/manitoba\/fr\/wp-json\/wp\/v2\/comments?post=150"}],"version-history":[{"count":0,"href":"https:\/\/kidsportcanada.ca\/manitoba\/fr\/wp-json\/wp\/v2\/pages\/150\/revisions"}],"wp:featuredmedia":[{"embeddable":true,"href":"https:\/\/kidsportcanada.ca\/manitoba\/fr\/wp-json\/wp\/v2\/media\/196"}],"wp:attachment":[{"href":"https:\/\/kidsportcanada.ca\/manitoba\/fr\/wp-json\/wp\/v2\/media?parent=150"}],"curies":[{"name":"wp","href":"https:\/\/api.w.org\/{rel}","templated":true}]}}