
{"id":37,"date":"2020-03-13T16:16:56","date_gmt":"2020-03-13T16:16:56","guid":{"rendered":"http:\/\/kidsportcanada.ca\/manitoba\/?page_id=37"},"modified":"2026-04-17T18:43:42","modified_gmt":"2026-04-17T18:43:42","slug":"home","status":"publish","type":"page","link":"https:\/\/kidsportcanada.ca\/manitoba\/fr\/","title":{"rendered":"Home"},"content":{"rendered":"<h4>\n\t\t\tBienvenue \u00e0\t<\/h4>\n<h1>\n\t\t\tKIDSPORT MANITOBA\t<\/h1>\n\t\t\t<a href=\"https:\/\/secure.e2rm.com\/registrant\/DonationPage.aspx?eventid=249948&#038;langpref=en-CA&#038;Referrer=https%3a%2f%2fadmin.e2rm.com%2f\" target=\"_self\">\n\t\t\t\t\t\tDonate Today\n\t\t\t\t\t<\/a>\n\n<h2>\n\t\t\tKidSport Cup\t<\/h2>\n\t<p>&nbsp;<\/p>\n<p>Join us on May 7 for the KidSport Cup Celebrity Pickleball Tournament, a corporate pickleball event that brings businesses together for an afternoon of team building, networking, and community impact. Funds raised through the KidSport Cup will directly support children across Manitoba, helping them access the physical, social, and developmental benefits of sport.<\/p>\n<p>&nbsp;<\/p>\n\t\t\t<a href=\"https:\/\/kidsportcanada.ca\/manitoba\/fr\/news-stories\/kidsportcup\/\" target=\"_self\">\n\t\t\t\t\t\t\tc'est un link\n\t\t\t\t\t<\/a>\n<figure>\n\t\t\t\t<img decoding=\"async\" src=\"\/wp-content\/plugins\/bb-plugin\/img\/pixel.png\" alt=\"\" loading=\"lazy\" \/>\n\t<\/figure>\n<figure>\n\t\t\t\t<img decoding=\"async\" src=\"\/wp-content\/uploads\/sites\/103\/Frontstream-Hero-Header-600-x-400-px-1.png\" alt=\"KidSport Cup Logo\" height=\"400\" width=\"600\" title=\"Frontstream Hero Header (600 x 400 px)\" loading=\"lazy\" \/>\n\t<\/figure>\n<h2>\n\t\t\t\u00c0 PROPOS DE\t<\/h2>\n<h4>\n\t\t\tSportJeunesse Manitoba\t<\/h4>\n\t<p><strong>De concert avec notre r\u00e9seau de sections locales, nous fournissons des subventions pour aider \u00e0 couvrir les frais d\u2019inscription afin que tous les enfants de 18 ans et moins du\/de la\/de l\u2019 Manitoba puissent pratiquer un sport pendant une saison.<\/strong><\/p>\n<p>&nbsp;<\/p>\n<p><strong>If you want to apply for a KidSport grant or learn more about the program details, start by finding your closest chapter. KidSport Manitoba has five chapters across Manitoba: North,\u00a0 East, South, West and Winnipeg. To find out what chapter you belong to, click <a href=\"https:\/\/kidsportcanada.ca\/manitoba\/fr\/?page_id=536\">here.<\/a><\/strong><\/p>\n\t\t\t<a href=\"https:\/\/kidsportcanada.ca\/manitoba\/fr\/provincial-fund\/\" target=\"_self\">\n\t\t\t\t\t\t\tDEMANDER UNE SUBVENTION\n\t\t\t\t\t<\/a>\n<h5>\n\t\t\tCommuniquer\t<\/h5>\n\t    <span class=\"socialmedia-links fl-icon-group\">\n        <!------------------ Facebook ------------------>\n        <span class=\"fl-icon facebook\">\n                            <a href=\"https:\/\/www.facebook.com\/KidSportMB\" target=\"_blank\" aria-label=\"link to https:\/\/www.facebook.com\/kidsportcanada\/\" rel=\"noopener\"[soci>\n                    <i class=\"fab fa-facebook-square\" aria-hidden=\"true\"><\/i>\n                <\/a>\n                    <\/span>\n\t\t<!------------------ Facebook 2 ------------------>\n        <span class=\"fl-icon facebook\">\n                    <\/span>\n        <!------------------ Twitter ------------------>\n        <span class=\"fl-icon twitter\">\n                            <a href=\"https:\/\/twitter.com\/KidSportMB\" target=\"_blank\" aria-label=\"link to https:\/\/twitter.com\/kidsport\/\" rel=\"noopener\">\n                    <i class=\"fab fa-twitter\" aria-hidden=\"true\"><\/i>\n                <\/a>\n                    <\/span>\n        <!------------------ Instagram ------------------>\n        <span class=\"fl-icon instagram\">\n                            <a href=\"https:\/\/www.instagram.com\/KidSportMB\/\" target=\"_blank\" aria-label=\"link to https:\/\/www.instagram.com\/kidsport.canada\/\" rel=\"noopener\">\n                    <i class=\"fab fa-instagram\" aria-hidden=\"true\"><\/i>\n                <\/a>\n                    <\/span>\n        <!------------------ YouTube ------------------>\n        <span class=\"fl-icon youtube\">\n                            <a href=\"https:\/\/www.youtube.com\/user\/KidSportCanada\" target=\"_blank\" aria-label=\"link to https:\/\/www.youtube.com\/user\/KidSportCanada\" rel=\"noopener\">\n                    <i class=\"fab fa-youtube\" aria-hidden=\"true\"><\/i>\n                <\/a>\n                    <\/span>\n    <\/span>\n    \n<h5>\n\t\t\tLIENS UTILES\t<\/h5>\n<h6>\n\t\t<a href=\"https:\/\/kidsportcanada.ca\/manitoba\/fr\/news-stories\/cathies-kids\/\" title=\"Cathie&#039;s Kids\" target=\"_blank\" rel=\"noopener\">\n\t\t\tCathie&#8217;s Kids\t\t<\/a>\n\t<\/h6>\n<h6>\n\t\t<a href=\"https:\/\/kidsportcanada.ca\/manitoba\/fr\/news-stories\/2025-kidsport-manitoba-annual-report\/\" title=\"2025 Annual Report\" target=\"_self\">\n\t\t\t2025 Annual Report\t\t<\/a>\n\t<\/h6>\n<h6>\n\t\t<a href=\"https:\/\/www.sportmanitoba.ca\/\" title=\"Sport Manitoba\" target=\"_self\">\n\t\t\tSport Manitoba\t\t<\/a>\n\t<\/h6>\n<h6>\n\t\t<a href=\"https:\/\/mailchi.mp\/51e29aaf1fc0\/kidsport-manitoba\" title=\"Sign Up for our Newsletter\" target=\"_self\">\n\t\t\tSign Up for our Newsletter\t\t<\/a>\n\t<\/h6>\n<h6>\n\t\t<a href=\"https:\/\/kidsportcanada.ca\/manitoba\/fr\/canadalife\/\" title=\"Provincial Sponsor - Canada Life\" target=\"_self\">\n\t\t\tProvincial Sponsor &#8211; Canada Life\t\t<\/a>\n\t<\/h6>\n<h2>\n\t\t\tDerni\u00e8res nouvelles\t<\/h2>\n<h4>\n\t\t\tde la r\u00e9gion de Manitoba\t<\/h4>\n    <h5>News &amp; Stories<\/h5>\n    <h5>\u00c9V\u00c9NEMENTS<\/h5>\n<h5>\n\t\t\tBecome a KidSport Champion\t<\/h5>\n<p>KidSport Champions are a part of a monthly giving program that directs 100% of donations back into our community, making sure that ALL kids can play.<\/p>\n\t\t\t<a href=\"\/wp-content\/uploads\/sites\/103\/KS-Champion-Handout-1.pdf\" target=\"_self\">\n\t\t\t\t\t\t\tEN SAVOIR PLUS\n\t\t\t\t\t<\/a>\n\t\t\t<a href=\"https:\/\/secure.e2rm.com\/registrant\/DonationPage.aspx?eventid=249948&#038;langpref=en-CA&#038;Referrer=http%3a%2f%2fwww.kidsportcanada.ca%2fmanitoba%2fdonation%2f\" target=\"_self\">\n\t\t\t\t\t\t\tBECOME A CHAMPION\n\t\t\t\t\t<\/a>\n<h2>\n\t\t\tIncidence provinciale\t<\/h2>\n<h4>\n\t\t\t&#8220;KidSport has given my daughters opportunities I couldn&#8217;t give them, and taught them real life skills I couldn&#8217;t teach them; confidence in public, friendship, teamwork and good sportsmanship.&#8221; &#8211; Parent\t<\/h4>\n    <a href=\"https:\/\/kidsportcanada.ca\/manitoba\/fr\/donate\/\">\n            <br \/>DONNER<br \/>MAINTENANT\n    <\/a>\n\t\t<!-- Comment to fix spacing issue\n\t-->\n\t\t<h1>$0<\/h1>\n\t<!-- Comment to fix spacing issue\n\t-->\t\n<h3>\n\t\t\tSomme accord\u00e9e aux enfants de Manitoba l\u2019an dernier.\t<\/h3>\n\t\t<!-- Comment to fix spacing issue\n\t-->\n\t\t<h1>0<\/h1>\n\t<!-- Comment to fix spacing issue\n\t-->\t\n<h3>\n\t\t\tEnfants qui ont pu quitter la ligne lat\u00e9rale \u00e0 Manitoba l\u2019an dernier\t<\/h3>\n<h3>\n\t\t\tEn appuyant SportJeunesse, nous gagnons tous. Quand les enfants ont acc\u00e8s au sport, ils s\u2019am\u00e9liorent \u00e0 l\u2019\u00e9cole, deviennent de solides leaders, cr\u00e9ent des communaut\u00e9s s\u00fbres, catalysent l\u2019inclusivit\u00e9 et adoptent des habitudes saines pour la vie.\t<\/h3>\n<h5>\n\t\t\tRAPPORTS D\u2019IMPACT\t<\/h5>\n\t<p>Read about the impact that KidSport made in Manitoba!<\/p>\n\t\t\t<a href=\"https:\/\/kidsportcanada.ca\/manitoba\/fr\/news-stories\/2024-kidsport-manitoba-annual-report\/\" target=\"_blank\" rel=\"noopener\">\n\t\t\t\t\t\t2024 ANNUAL REPORT\n\t\t\t\t\t<\/a>\n<h1>\n\t\t\tAMBASSADEURS\t<\/h1>\n<h2>\n\t\t\tcorporate sponsor Canada Life\t<\/h2>\n<h3>\n\t\t\tCanada Life has been a proud supporter of KidSport since its inception in Manitoba in 1996, helping remove the financial barriers in sport for kids across our province. \t<\/h3>\n\t\t\t<a href=\"https:\/\/kidsportcanada.ca\/manitoba\/fr\/canadalife\/\" target=\"_self\">\n\t\t\t\t\t\t\tMORE ABOUT CANADA LIFE\n\t\t\t\t\t<\/a>\n\n    h3 {text-align: center}\n\n<h3>Thank you to all our partners!!!<\/h3>","protected":false},"excerpt":{"rendered":"<p>Welcome to KIDSPORT MANITOBA Donate Today KidSport Cup &nbsp; Join us on May 7 for the KidSport Cup Celebrity Pickleball Tournament, a corporate pickleball event that brings businesses together for an afternoon of team building, networking, and community impact. Funds raised through the KidSport Cup will directly support children across Manitoba, helping them access the&hellip;<\/p>","protected":false},"author":16,"featured_media":1445,"parent":0,"menu_order":0,"comment_status":"closed","ping_status":"closed","template":"","meta":{"_acf_changed":false,"footnotes":""},"class_list":["post-37","page","type-page","status-publish","has-post-thumbnail","hentry"],"acf":[],"yoast_head":"<!-- This site is optimized with the Yoast SEO plugin v27.4 - https:\/\/yoast.com\/product\/yoast-seo-wordpress\/ -->\n<title>Home - KidSport Manitoba<\/title>\n<meta name=\"description\" content=\"KidSport provides grants to help cover the costs of registration fees so that ALL kids aged 18 and under can play a season of sport.\" \/>\n<meta name=\"robots\" content=\"index, follow, max-snippet:-1, max-image-preview:large, max-video-preview:-1\" \/>\n<link rel=\"canonical\" href=\"https:\/\/kidsportcanada.ca\/manitoba\/fr\/\" \/>\n<meta property=\"og:locale\" content=\"fr_CA\" \/>\n<meta property=\"og:type\" content=\"article\" \/>\n<meta property=\"og:title\" content=\"Home - KidSport Manitoba\" \/>\n<meta property=\"og:description\" content=\"KidSport provides grants to help cover the costs of registration fees so that ALL kids aged 18 and under can play a season of sport.\" \/>\n<meta property=\"og:url\" content=\"https:\/\/kidsportcanada.ca\/manitoba\/fr\/\" \/>\n<meta property=\"og:site_name\" content=\"Manitoba\" \/>\n<meta property=\"article:modified_time\" content=\"2026-04-17T18:43:42+00:00\" \/>\n<meta property=\"og:image\" content=\"https:\/\/kidsportcanada.ca\/wp-content\/uploads\/sites\/103\/Copy-of-2025-Web-Banner-1640x924-1.png\" \/>\n\t<meta property=\"og:image:width\" content=\"1640\" \/>\n\t<meta property=\"og:image:height\" content=\"924\" \/>\n\t<meta property=\"og:image:type\" content=\"image\/png\" \/>\n<meta name=\"twitter:card\" content=\"summary_large_image\" \/>\n<meta name=\"twitter:label1\" content=\"Estimation du temps de lecture\" \/>\n\t<meta name=\"twitter:data1\" content=\"5 minutes\" \/>\n<script type=\"application\/ld+json\" class=\"yoast-schema-graph\">{\"@context\":\"https:\\\/\\\/schema.org\",\"@graph\":[{\"@type\":\"WebPage\",\"@id\":\"https:\\\/\\\/kidsportcanada.ca\\\/manitoba\\\/\",\"url\":\"https:\\\/\\\/kidsportcanada.ca\\\/manitoba\\\/\",\"name\":\"Home - KidSport Manitoba\",\"isPartOf\":{\"@id\":\"https:\\\/\\\/kidsportcanada.ca\\\/manitoba\\\/#website\"},\"primaryImageOfPage\":{\"@id\":\"https:\\\/\\\/kidsportcanada.ca\\\/manitoba\\\/#primaryimage\"},\"image\":{\"@id\":\"https:\\\/\\\/kidsportcanada.ca\\\/manitoba\\\/#primaryimage\"},\"thumbnailUrl\":\"\\\/wp-content\\\/uploads\\\/sites\\\/103\\\/Copy-of-2025-Web-Banner-1640x924-1.png\",\"datePublished\":\"2020-03-13T16:16:56+00:00\",\"dateModified\":\"2026-04-17T18:43:42+00:00\",\"description\":\"KidSport provides grants to help cover the costs of registration fees so that ALL kids aged 18 and under can play a season of sport.\",\"breadcrumb\":{\"@id\":\"https:\\\/\\\/kidsportcanada.ca\\\/manitoba\\\/#breadcrumb\"},\"inLanguage\":\"fr-CA\",\"potentialAction\":[{\"@type\":\"ReadAction\",\"target\":[\"https:\\\/\\\/kidsportcanada.ca\\\/manitoba\\\/\"]}]},{\"@type\":\"ImageObject\",\"inLanguage\":\"fr-CA\",\"@id\":\"https:\\\/\\\/kidsportcanada.ca\\\/manitoba\\\/#primaryimage\",\"url\":\"\\\/wp-content\\\/uploads\\\/sites\\\/103\\\/Copy-of-2025-Web-Banner-1640x924-1.png\",\"contentUrl\":\"\\\/wp-content\\\/uploads\\\/sites\\\/103\\\/Copy-of-2025-Web-Banner-1640x924-1.png\",\"width\":1640,\"height\":924},{\"@type\":\"BreadcrumbList\",\"@id\":\"https:\\\/\\\/kidsportcanada.ca\\\/manitoba\\\/#breadcrumb\",\"itemListElement\":[{\"@type\":\"ListItem\",\"position\":1,\"name\":\"Home\",\"item\":\"https:\\\/\\\/kidsportcanada.ca\\\/manitoba\\\/\"},{\"@type\":\"ListItem\",\"position\":2,\"name\":\"Home\"}]},{\"@type\":\"WebSite\",\"@id\":\"https:\\\/\\\/kidsportcanada.ca\\\/manitoba\\\/#website\",\"url\":\"https:\\\/\\\/kidsportcanada.ca\\\/manitoba\\\/\",\"name\":\"Manitoba\",\"description\":\"So all kids can play\",\"potentialAction\":[{\"@type\":\"SearchAction\",\"target\":{\"@type\":\"EntryPoint\",\"urlTemplate\":\"https:\\\/\\\/kidsportcanada.ca\\\/manitoba\\\/?s={search_term_string}\"},\"query-input\":{\"@type\":\"PropertyValueSpecification\",\"valueRequired\":true,\"valueName\":\"search_term_string\"}}],\"inLanguage\":\"fr-CA\"}]}<\/script>\n<!-- \/ Yoast SEO plugin. -->","yoast_head_json":{"title":"Home - KidSport Manitoba","description":"Nous fournissons des subventions pour aider \u00e0 couvrir le co\u00fbt des frais d\u2019inscription afin que tous les enfants de 18 ans et moins puissent pratiquer un sport pendant une saison.","robots":{"index":"index","follow":"follow","max-snippet":"max-snippet:-1","max-image-preview":"max-image-preview:large","max-video-preview":"max-video-preview:-1"},"canonical":"https:\/\/kidsportcanada.ca\/manitoba\/fr\/","og_locale":"fr_CA","og_type":"article","og_title":"Home - KidSport Manitoba","og_description":"KidSport provides grants to help cover the costs of registration fees so that ALL kids aged 18 and under can play a season of sport.","og_url":"https:\/\/kidsportcanada.ca\/manitoba\/fr\/","og_site_name":"Manitoba","article_modified_time":"2026-04-17T18:43:42+00:00","og_image":[{"width":1640,"height":924,"url":"https:\/\/kidsportcanada.ca\/wp-content\/uploads\/sites\/103\/Copy-of-2025-Web-Banner-1640x924-1.png","type":"image\/png"}],"twitter_card":"summary_large_image","twitter_misc":{"Estimation du temps de lecture":"5 minutes"},"schema":{"@context":"https:\/\/schema.org","@graph":[{"@type":"WebPage","@id":"https:\/\/kidsportcanada.ca\/manitoba\/","url":"https:\/\/kidsportcanada.ca\/manitoba\/","name":"Home - KidSport Manitoba","isPartOf":{"@id":"https:\/\/kidsportcanada.ca\/manitoba\/#website"},"primaryImageOfPage":{"@id":"https:\/\/kidsportcanada.ca\/manitoba\/#primaryimage"},"image":{"@id":"https:\/\/kidsportcanada.ca\/manitoba\/#primaryimage"},"thumbnailUrl":"\/wp-content\/uploads\/sites\/103\/Copy-of-2025-Web-Banner-1640x924-1.png","datePublished":"2020-03-13T16:16:56+00:00","dateModified":"2026-04-17T18:43:42+00:00","description":"Nous fournissons des subventions pour aider \u00e0 couvrir le co\u00fbt des frais d\u2019inscription afin que tous les enfants de 18 ans et moins puissent pratiquer un sport pendant une saison.","breadcrumb":{"@id":"https:\/\/kidsportcanada.ca\/manitoba\/#breadcrumb"},"inLanguage":"fr-CA","potentialAction":[{"@type":"ReadAction","target":["https:\/\/kidsportcanada.ca\/manitoba\/"]}]},{"@type":"ImageObject","inLanguage":"fr-CA","@id":"https:\/\/kidsportcanada.ca\/manitoba\/#primaryimage","url":"\/wp-content\/uploads\/sites\/103\/Copy-of-2025-Web-Banner-1640x924-1.png","contentUrl":"\/wp-content\/uploads\/sites\/103\/Copy-of-2025-Web-Banner-1640x924-1.png","width":1640,"height":924},{"@type":"BreadcrumbList","@id":"https:\/\/kidsportcanada.ca\/manitoba\/#breadcrumb","itemListElement":[{"@type":"ListItem","position":1,"name":"Home","item":"https:\/\/kidsportcanada.ca\/manitoba\/"},{"@type":"ListItem","position":2,"name":"Home"}]},{"@type":"WebSite","@id":"https:\/\/kidsportcanada.ca\/manitoba\/#website","url":"https:\/\/kidsportcanada.ca\/manitoba\/","name":"Manitoba","description":"So all kids can play","potentialAction":[{"@type":"SearchAction","target":{"@type":"EntryPoint","urlTemplate":"https:\/\/kidsportcanada.ca\/manitoba\/?s={search_term_string}"},"query-input":{"@type":"PropertyValueSpecification","valueRequired":true,"valueName":"search_term_string"}}],"inLanguage":"fr-CA"}]}},"_links":{"self":[{"href":"https:\/\/kidsportcanada.ca\/manitoba\/fr\/wp-json\/wp\/v2\/pages\/37","targetHints":{"allow":["GET"]}}],"collection":[{"href":"https:\/\/kidsportcanada.ca\/manitoba\/fr\/wp-json\/wp\/v2\/pages"}],"about":[{"href":"https:\/\/kidsportcanada.ca\/manitoba\/fr\/wp-json\/wp\/v2\/types\/page"}],"author":[{"embeddable":true,"href":"https:\/\/kidsportcanada.ca\/manitoba\/fr\/wp-json\/wp\/v2\/users\/16"}],"replies":[{"embeddable":true,"href":"https:\/\/kidsportcanada.ca\/manitoba\/fr\/wp-json\/wp\/v2\/comments?post=37"}],"version-history":[{"count":0,"href":"https:\/\/kidsportcanada.ca\/manitoba\/fr\/wp-json\/wp\/v2\/pages\/37\/revisions"}],"wp:featuredmedia":[{"embeddable":true,"href":"https:\/\/kidsportcanada.ca\/manitoba\/fr\/wp-json\/wp\/v2\/media\/1445"}],"wp:attachment":[{"href":"https:\/\/kidsportcanada.ca\/manitoba\/fr\/wp-json\/wp\/v2\/media?parent=37"}],"curies":[{"name":"wp","href":"https:\/\/api.w.org\/{rel}","templated":true}]}}