
{"id":37,"date":"2020-03-13T16:16:56","date_gmt":"2020-03-13T16:16:56","guid":{"rendered":"http:\/\/kidsportcanada.ca\/new-brunswick\/?page_id=37"},"modified":"2024-07-16T18:10:14","modified_gmt":"2024-07-16T18:10:14","slug":"home","status":"publish","type":"page","link":"https:\/\/kidsportcanada.ca\/new-brunswick\/fr\/","title":{"rendered":"Home"},"content":{"rendered":"<h4>\n\t\tBienvenue \u00e0\n\t<\/h4>\n<h1>\n\t\tSportJeunesse Nouveau-Brunswick\n\t<\/h1>\n\t\t\t<a href=\"https:\/\/kidsportcanada.ca\/new-brunswick\/fr\/donate\/\" target=\"_self\" rel=\"noopener\">\n\t\t\t\t\t\t\tDONNER\n\t\t\t<\/a>\n<h2>\n\t\t\u00c0 PROPOS DE\n\t<\/h2>\n<h4>\n\t\tSportJeunesse Nouveau-Brunswick\n\t<\/h4>\n\t<h3>KidSport is a national children&#8217;s program that helps kids overcome the financial barriers preventing or limiting their participation in organized sport.  <\/h3>\n<p>&nbsp;<\/p>\n<h3>Sport NB et SportJeunesse croient qu\u2019aucun enfant ne devrait \u00eatre laiss\u00e9 sur la touche et que tous devraient avoir la possibilit\u00e9 de faire l\u2019exp\u00e9rience des avantages positifs que le sport organis\u00e9 a \u00e0 offrir. SportJeunesse Nouveau-Brunswick offre un financement allant jusqu\u2019\u00e0 400 $ par an et par enfant pour l\u2019inscription \u00e0 un sport et\/ou l\u2019achat d\u2019\u00e9quipement.<\/h3>\n\t\t\t<a href=\"https:\/\/kidsportcanada.ca\/new-brunswick\/fr\/provincial-fund\/\" target=\"_self\" rel=\"noopener\">\n\t\t\t\t\t\t\tDEMANDER UNE SUBVENTION\n\t\t\t\t\t<\/a>\n<h5>\n\t\tCommuniquer\n\t<\/h5>\n\t    <span class=\"socialmedia-links fl-icon-group\">\n        <!------------------ Facebook ------------------>\n        <span class=\"fl-icon facebook\">\n                            <a href=\"https:\/\/www.facebook.com\/KidSport-New-Brunswick-102949671978487\/\" target=\"_blank\" aria-label=\"link to https:\/\/www.facebook.com\/kidsportcanada\/\" rel=\"noopener\"[soci>\n                    <i class=\"fab fa-facebook-square\" aria-hidden=\"true\"><\/i>\n                <\/a>\n                    <\/span>\n\t\t<!------------------ Facebook 2 ------------------>\n        <span class=\"fl-icon facebook\">\n                    <\/span>\n        <!------------------ Twitter ------------------>\n        <span class=\"fl-icon twitter\">\n                            <a href=\"https:\/\/twitter.com\/KidSportNB\" target=\"_blank\" aria-label=\"link to https:\/\/twitter.com\/kidsport\/\" rel=\"noopener\">\n                    <i class=\"fab fa-twitter\" aria-hidden=\"true\"><\/i>\n                <\/a>\n                    <\/span>\n        <!------------------ Instagram ------------------>\n        <span class=\"fl-icon instagram\">\n                            <a href=\"https:\/\/www.instagram.com\/kidsportnb\/\" target=\"_blank\" aria-label=\"link to https:\/\/www.instagram.com\/kidsport.canada\/\" rel=\"noopener\">\n                    <i class=\"fab fa-instagram\" aria-hidden=\"true\"><\/i>\n                <\/a>\n                    <\/span>\n        <!------------------ YouTube ------------------>\n        <span class=\"fl-icon youtube\">\n                            <a href=\"https:\/\/www.youtube.com\/user\/KidSportCanada\" target=\"_blank\" aria-label=\"link to https:\/\/www.youtube.com\/user\/KidSportCanada\" rel=\"noopener\">\n                    <i class=\"fab fa-youtube\" aria-hidden=\"true\"><\/i>\n                <\/a>\n                    <\/span>\n    <\/span>\n    \n<h5>\n\t\tLIENS UTILES\n\t<\/h5>\n<h6>\n\t\t<a href=\"https:\/\/www.nbu.ca\/joomla\/index.php?option=com_k2&#038;view=item&#038;id=3999:nbu-chooses-kidsport-as-charity-of-choice&#038;Itemid=136&#038;lang=en\" title=\"KidSport &amp; NBU Partnership\" target=\"_self\" rel=\"noopener\">\n\t\tKidSport &amp; NBU Partnership\n\t\t<\/a>\n\t<\/h6>\n<h2>\n\t\tDerni\u00e8res nouvelles\n\t<\/h2>\n<h4>\n\t\tde la r\u00e9gion de Nouveau-Brunswick\n\t<\/h4>\n    <h5>News &amp; Stories<\/h5>\n    <h5>\u00c9V\u00c9NEMENTS<\/h5>\n<h2>\n\t\tIncidence provinciale\n\t<\/h2>\n<h4>\n\t\t&#8220;KidSport has given my daughters opportunities I couldn&#8217;t give them, and taught them real life skills I couldn&#8217;t teach them; confidence in public, friendship, teamwork and good sportsmanship.&#8221; &#8211; Parent\n\t<\/h4>\n    <a href=\"https:\/\/kidsportcanada.ca\/new-brunswick\/fr\/donate\/\">\n            <br \/>DONNER<br \/>MAINTENANT\n    <\/a>\n\t\t<!-- Comment to fix spacing issue\n\t-->\n\t\t<h1>$0<\/h1>\n\t<!-- Comment to fix spacing issue\n\t-->\t\n<h3>\n\t\tSomme accord\u00e9e aux enfants de \nNouveau-Brunswick l\u2019an dernier.\n\t<\/h3>\n\t\t<!-- Comment to fix spacing issue\n\t-->\n\t\t<h1>0<\/h1>\n\t<!-- Comment to fix spacing issue\n\t-->\t\n<h3>\n\t\tEnfants qui ont pu quitter la ligne lat\u00e9rale \u00e0 \nNouveau-Brunswick l\u2019an dernier\n\t<\/h3>\n<h3>\n\t\tEn appuyant SportJeunesse, nous gagnons tous. Quand les enfants ont acc\u00e8s au sport, ils s\u2019am\u00e9liorent \u00e0 l\u2019\u00e9cole, deviennent de solides leaders, cr\u00e9ent des communaut\u00e9s s\u00fbres, catalysent l\u2019inclusivit\u00e9 et adoptent des habitudes saines pour la vie.\n\t<\/h3>\n<h2>\n\t\tOUR Team\n\t<\/h2>\n<h3>\n\t\tKidSport New Brunswick is made possible thanks to passionate volunteers and our incredible partners. Together we&#8217;re making it so no kid in New Brunswick is left watching from the sidelines.\n\t<\/h3>\n<h1>\n\t\tAMBASSADEURS\n\t<\/h1>","protected":false},"excerpt":{"rendered":"<p>Welcome to KidSport New Brunswick DONATE NOW ABOUT KidSport New Brunswick KidSport is a national children&#8217;s program that helps kids overcome the financial barriers preventing or limiting their participation in organized sport. &nbsp; Sport NB and KidSport believe no kid should be left on the sidelines and all should be given the opportunity to experience&hellip;<\/p>","protected":false},"author":16,"featured_media":195,"parent":0,"menu_order":0,"comment_status":"closed","ping_status":"closed","template":"","meta":{"_acf_changed":false,"footnotes":""},"class_list":["post-37","page","type-page","status-publish","has-post-thumbnail","hentry"],"acf":[],"yoast_head":"<!-- This site is optimized with the Yoast SEO plugin v27.4 - https:\/\/yoast.com\/product\/yoast-seo-wordpress\/ -->\n<title>Home - KidSport New Brunswick<\/title>\n<meta name=\"description\" content=\"KidSport provides grants to help cover the costs of registration fees so that ALL kids aged 18 and under can play a season of sport.\" \/>\n<meta name=\"robots\" content=\"index, follow, max-snippet:-1, max-image-preview:large, max-video-preview:-1\" \/>\n<link rel=\"canonical\" href=\"https:\/\/kidsportcanada.ca\/new-brunswick\/fr\/\" \/>\n<meta property=\"og:locale\" content=\"fr_CA\" \/>\n<meta property=\"og:type\" content=\"article\" \/>\n<meta property=\"og:title\" content=\"Home - KidSport New Brunswick\" \/>\n<meta property=\"og:description\" content=\"KidSport provides grants to help cover the costs of registration fees so that ALL kids aged 18 and under can play a season of sport.\" \/>\n<meta property=\"og:url\" content=\"https:\/\/kidsportcanada.ca\/new-brunswick\/fr\/\" \/>\n<meta property=\"og:site_name\" content=\"New Brunswick\" \/>\n<meta property=\"article:modified_time\" content=\"2024-07-16T18:10:14+00:00\" \/>\n<meta property=\"og:image\" content=\"https:\/\/kidsportcanada.ca\/wp-content\/uploads\/sites\/105\/kidsport-chapter-home-1.jpg\" \/>\n\t<meta property=\"og:image:width\" content=\"1600\" \/>\n\t<meta property=\"og:image:height\" content=\"1000\" \/>\n\t<meta property=\"og:image:type\" content=\"image\/jpeg\" \/>\n<meta name=\"twitter:card\" content=\"summary_large_image\" \/>\n<meta name=\"twitter:label1\" content=\"Estimation du temps de lecture\" \/>\n\t<meta name=\"twitter:data1\" content=\"4 minutes\" \/>\n<script type=\"application\/ld+json\" class=\"yoast-schema-graph\">{\"@context\":\"https:\\\/\\\/schema.org\",\"@graph\":[{\"@type\":\"WebPage\",\"@id\":\"https:\\\/\\\/kidsportcanada.ca\\\/new-brunswick\\\/\",\"url\":\"https:\\\/\\\/kidsportcanada.ca\\\/new-brunswick\\\/\",\"name\":\"Home - KidSport New Brunswick\",\"isPartOf\":{\"@id\":\"https:\\\/\\\/kidsportcanada.ca\\\/new-brunswick\\\/fr\\\/#website\"},\"primaryImageOfPage\":{\"@id\":\"https:\\\/\\\/kidsportcanada.ca\\\/new-brunswick\\\/#primaryimage\"},\"image\":{\"@id\":\"https:\\\/\\\/kidsportcanada.ca\\\/new-brunswick\\\/#primaryimage\"},\"thumbnailUrl\":\"\\\/wp-content\\\/uploads\\\/sites\\\/105\\\/kidsport-chapter-home-1.jpg\",\"datePublished\":\"2020-03-13T16:16:56+00:00\",\"dateModified\":\"2024-07-16T18:10:14+00:00\",\"description\":\"KidSport provides grants to help cover the costs of registration fees so that ALL kids aged 18 and under can play a season of sport.\",\"breadcrumb\":{\"@id\":\"https:\\\/\\\/kidsportcanada.ca\\\/new-brunswick\\\/#breadcrumb\"},\"inLanguage\":\"fr-CA\",\"potentialAction\":[{\"@type\":\"ReadAction\",\"target\":[\"https:\\\/\\\/kidsportcanada.ca\\\/new-brunswick\\\/\"]}]},{\"@type\":\"ImageObject\",\"inLanguage\":\"fr-CA\",\"@id\":\"https:\\\/\\\/kidsportcanada.ca\\\/new-brunswick\\\/#primaryimage\",\"url\":\"\\\/wp-content\\\/uploads\\\/sites\\\/105\\\/kidsport-chapter-home-1.jpg\",\"contentUrl\":\"\\\/wp-content\\\/uploads\\\/sites\\\/105\\\/kidsport-chapter-home-1.jpg\",\"width\":1600,\"height\":1000,\"caption\":\"A hockey player wearing red and black stopping on an indoor ice rink and looking at the camera\"},{\"@type\":\"BreadcrumbList\",\"@id\":\"https:\\\/\\\/kidsportcanada.ca\\\/new-brunswick\\\/#breadcrumb\",\"itemListElement\":[{\"@type\":\"ListItem\",\"position\":1,\"name\":\"Home\",\"item\":\"https:\\\/\\\/kidsportcanada.ca\\\/new-brunswick\\\/\"},{\"@type\":\"ListItem\",\"position\":2,\"name\":\"Home\"}]},{\"@type\":\"WebSite\",\"@id\":\"https:\\\/\\\/kidsportcanada.ca\\\/new-brunswick\\\/fr\\\/#website\",\"url\":\"https:\\\/\\\/kidsportcanada.ca\\\/new-brunswick\\\/fr\\\/\",\"name\":\"New Brunswick\",\"description\":\"So all kids can play\",\"potentialAction\":[{\"@type\":\"SearchAction\",\"target\":{\"@type\":\"EntryPoint\",\"urlTemplate\":\"https:\\\/\\\/kidsportcanada.ca\\\/new-brunswick\\\/fr\\\/?s={search_term_string}\"},\"query-input\":{\"@type\":\"PropertyValueSpecification\",\"valueRequired\":true,\"valueName\":\"search_term_string\"}}],\"inLanguage\":\"fr-CA\"}]}<\/script>\n<!-- \/ Yoast SEO plugin. -->","yoast_head_json":{"title":"Home - KidSport New Brunswick","description":"Nous fournissons des subventions pour aider \u00e0 couvrir le co\u00fbt des frais d\u2019inscription afin que tous les enfants de 18 ans et moins puissent pratiquer un sport pendant une saison.","robots":{"index":"index","follow":"follow","max-snippet":"max-snippet:-1","max-image-preview":"max-image-preview:large","max-video-preview":"max-video-preview:-1"},"canonical":"https:\/\/kidsportcanada.ca\/new-brunswick\/fr\/","og_locale":"fr_CA","og_type":"article","og_title":"Home - KidSport New Brunswick","og_description":"KidSport provides grants to help cover the costs of registration fees so that ALL kids aged 18 and under can play a season of sport.","og_url":"https:\/\/kidsportcanada.ca\/new-brunswick\/fr\/","og_site_name":"New Brunswick","article_modified_time":"2024-07-16T18:10:14+00:00","og_image":[{"width":1600,"height":1000,"url":"https:\/\/kidsportcanada.ca\/wp-content\/uploads\/sites\/105\/kidsport-chapter-home-1.jpg","type":"image\/jpeg"}],"twitter_card":"summary_large_image","twitter_misc":{"Estimation du temps de lecture":"4 minutes"},"schema":{"@context":"https:\/\/schema.org","@graph":[{"@type":"WebPage","@id":"https:\/\/kidsportcanada.ca\/new-brunswick\/","url":"https:\/\/kidsportcanada.ca\/new-brunswick\/","name":"Home - KidSport New Brunswick","isPartOf":{"@id":"https:\/\/kidsportcanada.ca\/new-brunswick\/fr\/#website"},"primaryImageOfPage":{"@id":"https:\/\/kidsportcanada.ca\/new-brunswick\/#primaryimage"},"image":{"@id":"https:\/\/kidsportcanada.ca\/new-brunswick\/#primaryimage"},"thumbnailUrl":"\/wp-content\/uploads\/sites\/105\/kidsport-chapter-home-1.jpg","datePublished":"2020-03-13T16:16:56+00:00","dateModified":"2024-07-16T18:10:14+00:00","description":"Nous fournissons des subventions pour aider \u00e0 couvrir le co\u00fbt des frais d\u2019inscription afin que tous les enfants de 18 ans et moins puissent pratiquer un sport pendant une saison.","breadcrumb":{"@id":"https:\/\/kidsportcanada.ca\/new-brunswick\/#breadcrumb"},"inLanguage":"fr-CA","potentialAction":[{"@type":"ReadAction","target":["https:\/\/kidsportcanada.ca\/new-brunswick\/"]}]},{"@type":"ImageObject","inLanguage":"fr-CA","@id":"https:\/\/kidsportcanada.ca\/new-brunswick\/#primaryimage","url":"\/wp-content\/uploads\/sites\/105\/kidsport-chapter-home-1.jpg","contentUrl":"\/wp-content\/uploads\/sites\/105\/kidsport-chapter-home-1.jpg","width":1600,"height":1000,"caption":"A hockey player wearing red and black stopping on an indoor ice rink and looking at the camera"},{"@type":"BreadcrumbList","@id":"https:\/\/kidsportcanada.ca\/new-brunswick\/#breadcrumb","itemListElement":[{"@type":"ListItem","position":1,"name":"Home","item":"https:\/\/kidsportcanada.ca\/new-brunswick\/"},{"@type":"ListItem","position":2,"name":"Home"}]},{"@type":"WebSite","@id":"https:\/\/kidsportcanada.ca\/new-brunswick\/fr\/#website","url":"https:\/\/kidsportcanada.ca\/new-brunswick\/fr\/","name":"Nouveau-Brunswick","description":"So all kids can play","potentialAction":[{"@type":"SearchAction","target":{"@type":"EntryPoint","urlTemplate":"https:\/\/kidsportcanada.ca\/new-brunswick\/fr\/?s={search_term_string}"},"query-input":{"@type":"PropertyValueSpecification","valueRequired":true,"valueName":"search_term_string"}}],"inLanguage":"fr-CA"}]}},"_links":{"self":[{"href":"https:\/\/kidsportcanada.ca\/new-brunswick\/fr\/wp-json\/wp\/v2\/pages\/37","targetHints":{"allow":["GET"]}}],"collection":[{"href":"https:\/\/kidsportcanada.ca\/new-brunswick\/fr\/wp-json\/wp\/v2\/pages"}],"about":[{"href":"https:\/\/kidsportcanada.ca\/new-brunswick\/fr\/wp-json\/wp\/v2\/types\/page"}],"author":[{"embeddable":true,"href":"https:\/\/kidsportcanada.ca\/new-brunswick\/fr\/wp-json\/wp\/v2\/users\/16"}],"replies":[{"embeddable":true,"href":"https:\/\/kidsportcanada.ca\/new-brunswick\/fr\/wp-json\/wp\/v2\/comments?post=37"}],"version-history":[{"count":0,"href":"https:\/\/kidsportcanada.ca\/new-brunswick\/fr\/wp-json\/wp\/v2\/pages\/37\/revisions"}],"wp:featuredmedia":[{"embeddable":true,"href":"https:\/\/kidsportcanada.ca\/new-brunswick\/fr\/wp-json\/wp\/v2\/media\/195"}],"wp:attachment":[{"href":"https:\/\/kidsportcanada.ca\/new-brunswick\/fr\/wp-json\/wp\/v2\/media?parent=37"}],"curies":[{"name":"wp","href":"https:\/\/api.w.org\/{rel}","templated":true}]}}