
{"id":150,"date":"2020-05-05T19:39:19","date_gmt":"2020-05-05T19:39:19","guid":{"rendered":"http:\/\/kidsportcanada.ca\/newfoundland-and-labrador\/?page_id=150"},"modified":"2025-01-08T18:12:34","modified_gmt":"2025-01-08T18:12:34","slug":"provincial-fund","status":"publish","type":"page","link":"https:\/\/kidsportcanada.ca\/newfoundland-and-labrador\/fr\/provincial-fund\/","title":{"rendered":"fonds provincial"},"content":{"rendered":"<h2>\n\t\tQu\u2019est-ce qu\u2019une subvention?\n\t<\/h2>\n\t<p>KidSport provides grants to kids from families facing financial barriers so they can participate in registered sport programs and experience the lifelong benefits of a season of sport. KidSport Newfoundland &amp; Labrador provides grants of up to $<strong>4<\/strong><b>00 <\/b>per eligible kid, per year (January 1st &#8211; December 31st)\u00a0 towards sport registration and equipment fees.\u00a0<\/p>\n<p>Grants are intended to be used for sport registration and equipment fees; travel and competitions are not eligible for funding. <\/p>\n\t<h3>Crit\u00e8res d\u2019admissibilit\u00e9<\/h3>\n\t<p>KidSport Newfoundland &amp; Labrador uses <b>Statistics Canada Low Income Cut-offs <\/b>to determine financial eligibility for grants provided through the Provincial Fund. You may also have your application authorized from the Department of Advanced Education and Skills, or you may provide a cheque stub from your family&#8217;s most recent Income Support Payment.<\/p>\n<p>Si vous n\u2019\u00eates pas certain d\u2019\u00eatre admissible \u00e0 une subvention, veuillez nous envoyer un courriel \u00e0 <\/p>\n<p><a href=\"mailto:sabbott-trahey@sportnl.ca\"><b>sabbott-trahey@sportnl.ca<\/b><\/a><\/p>\n\t<h3>Que dois-je faire pour demander une subvention?<\/h3>\n\t<ol>\n<li>Find a sport program your kid would like to join and sign up. Let the program&#8217;s administrators know you will be applying for KidSport funding.<\/li>\n<li>To view a list of eligible sport programs visit <a href=\"https:\/\/sportnl.ca\/find-a-sport\/\">https:\/\/sportnl.ca\/find-a-sport\/<\/a><\/li>\n<li>Apply online or use the paper application form &#8211; be sure to complete all sections of the application, as incomplete applications take much longer to process, and can cause delays in receiving your grant.<\/li>\n<li>Your completed application will be processed within 4-6 weeks of being received. If you qualify for KidSport funding, the grant will be sent directly to the sport program your kid has signed up for.<\/li>\n<\/ol>\n<p>Les demandes papier peuvent \u00eatre envoy\u00e9es par la poste, par t\u00e9l\u00e9copieur ou par courriel :<\/p>\n<strong>KidSport NL<\/strong><br \/>\n<b>1296A Kenmount Road<br \/>\n<\/b><b>Paradise, NL<br \/>\n<\/b><b>A1L 1N3<\/b>\n<p><b>(709) 576-4979<\/b><\/p>\n<p><a href=\"mailto:sabbott-trahey@sportnl.ca\"><b>sabbott-trahey@sportnl.ca<\/b><\/a><\/p>\n<h5>\n\t\tPr\u00e9sentez une demande maintenant\n\t<\/h5>\n\t\t\t<a href=\"https:\/\/kidsport.smartsimple.ca\/s_Login.jsp\" target=\"_blank\" rel=\"noopener\">\n\t\t\t\t\t\t\tPR\u00c9SENTER UNE DEMANDE EN LIGNE MAINTENANT\n\t\t\t\t\t<\/a>\n\t<p>Ou envoyez-nous une demande papier<\/p>\n\t\t\t<a href=\"\/wp-content\/uploads\/sites\/106\/Newfoundland-grant-application-form-1.pdf\" target=\"_blank\" rel=\"noopener\">\n\t\t\t\t\t\tDEMANDE PAPIER\n\t\t\t\t\t<\/a>\n<h5>\n\t\tBesoin d\u2019aide?\n\t<\/h5>\n\t<p>We&#8217;re always happy to answer your questions &#8211; please send an email with your question to             <span class=\"emailaddress-div\">\n            <a href=\"mailto:sportnl@sportnl.ca\">sportnl@sportnl.ca<\/a>\n            .<\/p>\n<h2>\n\t\tCOMMON Questions\n\t<\/h2>\n\t\t\t\t\t<a href=\"#\" id=\"fl-accordion--label-0\" aria-controls=\"fl-accordion--panel-0\">Comment SportJeunesse aide-t-il?<\/a>\n\t\t\t\t\t\t\t\t\t\t\t<a href=\"#\" id=\"fl-accordion--icon-0\"><i title=\"Expand\">Expand<\/i><\/a>\n\t\t\t\t\t<p>SportJeunesse Newfoundland and Labrador distribue des subventions aux familles pour aider \u00e0 \u00e9liminer les obstacles financiers au sport. Depuis 1993, nous avons aid\u00e9 pr\u00e8s d\u2019un million d\u2019enfants \u00e0 quitter la ligne lat\u00e9rale pour pratiquer un sport pendant une saison!<\/p>\n\t\t\t\t\t<a href=\"#\" id=\"fl-accordion--label-1\" aria-controls=\"fl-accordion--panel-1\">Qu\u2019est-ce que la subvention SportJeunesse couvre?<\/a>\n\t\t\t\t\t\t\t\t\t\t\t<a href=\"#\" id=\"fl-accordion--icon-1\"><i title=\"Expand\">Expand<\/i><\/a>\n\t\t\t\t\t<p>KidSport grants cover the cost of sport registration and equipment fees for qualified families. Grants are intended to remove financial barriers to sport programs, and so <b>cannot<\/b> be applied to transportation or tournament fees. <\/p>\n\t\t\t\t\t<a href=\"#\" id=\"fl-accordion--label-2\" aria-controls=\"fl-accordion--panel-2\">Quels sports sont admissibles?<\/a>\n\t\t\t\t\t\t\t\t\t\t\t<a href=\"#\" id=\"fl-accordion--icon-2\"><i title=\"Expand\">Expand<\/i><\/a>\n\t\t\t\t\t<p>To view a list of eligible sport programs visit <a href=\"https:\/\/sportnl.ca\/find-a-sport\/\">https:\/\/sportnl.ca\/find-a-sport\/<\/a><\/p>\n\t\t\t\t\t<a href=\"#\" id=\"fl-accordion--label-3\" aria-controls=\"fl-accordion--panel-3\">How often can I apply for my child?<\/a>\n\t\t\t\t\t\t\t\t\t\t\t<a href=\"#\" id=\"fl-accordion--icon-3\"><i title=\"Expand\">Expand<\/i><\/a>\n\t\t\t\t\t<p>Each child can apply once per year to ensure our funding reaches the maximum number of kids looking to participate in sport<\/p>\n\t\t\t\t\t<a href=\"#\" id=\"fl-accordion--label-4\" aria-controls=\"fl-accordion--panel-4\">Quelle est la date limite pour pr\u00e9senter une demande?<\/a>\n\t\t\t\t\t\t\t\t\t\t\t<a href=\"#\" id=\"fl-accordion--icon-4\"><i title=\"Expand\">Expand<\/i><\/a>\n\t\t\t\t\t<p>Priority is given to applications received prior to the start of a sport registration deadline for the sport activity.\u00a0 Programs must be at least 8 weeks in duration and applications will not be considered if the program is within 6 weeks of completion.<\/p>\n<p>Les subventions SportJeunesse ne peuvent pas servir aux programmes qui sont d\u00e9j\u00e0 termin\u00e9s.<\/p>\n<p>Les subventions SportJeunesse ne peuvent pas servir aux programmes qui sont d\u00e9j\u00e0 termin\u00e9s.<\/p>\n\t\t\t\t\t<a href=\"#\" id=\"fl-accordion--label-5\" aria-controls=\"fl-accordion--panel-5\">Comment saurai-je si ma demande est accept\u00e9e?<\/a>\n\t\t\t\t\t\t\t\t\t\t\t<a href=\"#\" id=\"fl-accordion--icon-5\"><i title=\"Expand\">Expand<\/i><\/a>\n\t\t\t\t\t<p>Si vous avez pr\u00e9sent\u00e9 une demande en ligne, vous recevrez un courriel automatiquement produit par le syst\u00e8me vous informant des r\u00e9sultats de votre demande.<\/p>\n<p>Si vous pr\u00e9sentez une demande hors ligne (en personne, par formulaire PDF envoy\u00e9 par courriel ou par formulaire imprim\u00e9), vous devez inclure votre adresse de courriel afin que nous puissions vous informer des r\u00e9sultats de votre demande.<\/p>\n\t\t\t\t\t<a href=\"#\" id=\"fl-accordion--label-6\" aria-controls=\"fl-accordion--panel-6\">Que dois-je faire pour d\u00e9montrer mon admissibilit\u00e9 financi\u00e8re?<\/a>\n\t\t\t\t\t\t\t\t\t\t\t<a href=\"#\" id=\"fl-accordion--icon-6\"><i title=\"Expand\">Expand<\/i><\/a>\n\t\t\t\t\t<p>Vous pouvez acc\u00e9der \u00e0 votre Preuve de revenu en passant par Mon compte de <a href=\"https:\/\/www.canada.ca\/fr\/agence-revenu\/services\/services-electroniques\/services-electroniques-particuliers\/comment-obtenir-releve-preuve-revenu-imprime-option.html\" target=\"_blank\" rel=\"noopener\">l\u2019ARC<\/a><\/p>\n<p>We strongly recommend this option, as it is free, and the fastest way to obtain your statement. If you do not have access to your online account you may phone the CRA at 1 (800) 959-8281 to request a copy to be sent by mail<\/p>\n\t\t\t\t\t<a href=\"#\" id=\"fl-accordion--label-7\" aria-controls=\"fl-accordion--panel-7\">Mes renseignements sont-ils prot\u00e9g\u00e9s et confidentiels?<\/a>\n\t\t\t\t\t\t\t\t\t\t\t<a href=\"#\" id=\"fl-accordion--icon-7\"><i title=\"Expand\">Expand<\/i><\/a>\n\t\t\t\t\t<p>Oui, tous vos renseignements personnels seront sauvegard\u00e9s de fa\u00e7on s\u00e9curis\u00e9e et d\u00e9truits au moment appropri\u00e9. Notre syst\u00e8me de demande en ligne est s\u00e9curis\u00e9 et fiable. Jamais SportJeunesse et ses partenaires ne vendront ni ne divulgueront vos donn\u00e9es personnelles.<\/p>","protected":false},"excerpt":{"rendered":"<p>What is a Grant? KidSport provides grants to kids from families facing financial barriers so they can participate in registered sport programs and experience the lifelong benefits of a season of sport. KidSport Newfoundland &amp; Labrador provides grants of up to $400 per eligible kid, per year (January 1st &#8211; December 31st)\u00a0 towards sport registration&hellip;<\/p>","protected":false},"author":16,"featured_media":196,"parent":0,"menu_order":0,"comment_status":"closed","ping_status":"closed","template":"","meta":{"_acf_changed":false,"footnotes":""},"class_list":["post-150","page","type-page","status-publish","has-post-thumbnail","hentry"],"acf":[],"yoast_head":"<!-- This site is optimized with the Yoast SEO plugin v27.4 - https:\/\/yoast.com\/product\/yoast-seo-wordpress\/ -->\n<title>Provincial Fund - KidSport Newfoundland and Labrador<\/title>\n<meta name=\"description\" content=\"Start your application here. KidSport provides grants to kids from families facing financial barriers so they can participate in registered sport programs.\" \/>\n<meta name=\"robots\" content=\"index, follow, max-snippet:-1, max-image-preview:large, max-video-preview:-1\" \/>\n<link rel=\"canonical\" href=\"https:\/\/kidsportcanada.ca\/newfoundland-and-labrador\/fr\/provincial-fund\/\" \/>\n<meta property=\"og:locale\" content=\"fr_CA\" \/>\n<meta property=\"og:type\" content=\"article\" \/>\n<meta property=\"og:title\" content=\"Provincial Fund - KidSport Newfoundland and Labrador\" \/>\n<meta property=\"og:description\" content=\"Start your application here. KidSport provides grants to kids from families facing financial barriers so they can participate in registered sport programs.\" \/>\n<meta property=\"og:url\" content=\"https:\/\/kidsportcanada.ca\/newfoundland-and-labrador\/fr\/provincial-fund\/\" \/>\n<meta property=\"og:site_name\" content=\"Newfoundland and Labrador\" \/>\n<meta property=\"article:modified_time\" content=\"2025-01-08T18:12:34+00:00\" \/>\n<meta property=\"og:image\" content=\"https:\/\/kidsportcanada.ca\/wp-content\/uploads\/sites\/106\/devonte-1.jpg\" \/>\n\t<meta property=\"og:image:width\" content=\"1600\" \/>\n\t<meta property=\"og:image:height\" content=\"1000\" \/>\n\t<meta property=\"og:image:type\" content=\"image\/jpeg\" \/>\n<meta name=\"twitter:card\" content=\"summary_large_image\" \/>\n<meta name=\"twitter:label1\" content=\"Estimation du temps de lecture\" \/>\n\t<meta name=\"twitter:data1\" content=\"3 minutes\" \/>\n<script type=\"application\/ld+json\" class=\"yoast-schema-graph\">{\"@context\":\"https:\\\/\\\/schema.org\",\"@graph\":[{\"@type\":\"WebPage\",\"@id\":\"https:\\\/\\\/kidsportcanada.ca\\\/newfoundland-and-labrador\\\/provincial-fund\\\/\",\"url\":\"https:\\\/\\\/kidsportcanada.ca\\\/newfoundland-and-labrador\\\/provincial-fund\\\/\",\"name\":\"Provincial Fund - KidSport Newfoundland and Labrador\",\"isPartOf\":{\"@id\":\"https:\\\/\\\/kidsportcanada.ca\\\/newfoundland-and-labrador\\\/fr\\\/#website\"},\"primaryImageOfPage\":{\"@id\":\"https:\\\/\\\/kidsportcanada.ca\\\/newfoundland-and-labrador\\\/provincial-fund\\\/#primaryimage\"},\"image\":{\"@id\":\"https:\\\/\\\/kidsportcanada.ca\\\/newfoundland-and-labrador\\\/provincial-fund\\\/#primaryimage\"},\"thumbnailUrl\":\"\\\/wp-content\\\/uploads\\\/sites\\\/106\\\/devonte-1.jpg\",\"datePublished\":\"2020-05-05T19:39:19+00:00\",\"dateModified\":\"2025-01-08T18:12:34+00:00\",\"description\":\"Start your application here. KidSport provides grants to kids from families facing financial barriers so they can participate in registered sport programs.\",\"breadcrumb\":{\"@id\":\"https:\\\/\\\/kidsportcanada.ca\\\/newfoundland-and-labrador\\\/provincial-fund\\\/#breadcrumb\"},\"inLanguage\":\"fr-CA\",\"potentialAction\":[{\"@type\":\"ReadAction\",\"target\":[\"https:\\\/\\\/kidsportcanada.ca\\\/newfoundland-and-labrador\\\/provincial-fund\\\/\"]}]},{\"@type\":\"ImageObject\",\"inLanguage\":\"fr-CA\",\"@id\":\"https:\\\/\\\/kidsportcanada.ca\\\/newfoundland-and-labrador\\\/provincial-fund\\\/#primaryimage\",\"url\":\"\\\/wp-content\\\/uploads\\\/sites\\\/106\\\/devonte-1.jpg\",\"contentUrl\":\"\\\/wp-content\\\/uploads\\\/sites\\\/106\\\/devonte-1.jpg\",\"width\":1600,\"height\":1000,\"caption\":\"A young boy sliding on the grass soccer field after scoring a goal\"},{\"@type\":\"BreadcrumbList\",\"@id\":\"https:\\\/\\\/kidsportcanada.ca\\\/newfoundland-and-labrador\\\/provincial-fund\\\/#breadcrumb\",\"itemListElement\":[{\"@type\":\"ListItem\",\"position\":1,\"name\":\"Home\",\"item\":\"https:\\\/\\\/kidsportcanada.ca\\\/newfoundland-and-labrador\\\/\"},{\"@type\":\"ListItem\",\"position\":2,\"name\":\"Provincial Fund\"}]},{\"@type\":\"WebSite\",\"@id\":\"https:\\\/\\\/kidsportcanada.ca\\\/newfoundland-and-labrador\\\/fr\\\/#website\",\"url\":\"https:\\\/\\\/kidsportcanada.ca\\\/newfoundland-and-labrador\\\/fr\\\/\",\"name\":\"Newfoundland and Labrador\",\"description\":\"So all kids can play\",\"potentialAction\":[{\"@type\":\"SearchAction\",\"target\":{\"@type\":\"EntryPoint\",\"urlTemplate\":\"https:\\\/\\\/kidsportcanada.ca\\\/newfoundland-and-labrador\\\/fr\\\/?s={search_term_string}\"},\"query-input\":{\"@type\":\"PropertyValueSpecification\",\"valueRequired\":true,\"valueName\":\"search_term_string\"}}],\"inLanguage\":\"fr-CA\"}]}<\/script>\n<!-- \/ Yoast SEO plugin. -->","yoast_head_json":{"title":"Provincial Fund - KidSport Newfoundland and Labrador","description":"Commencez \u00e0 remplir votre demande ici. SportJeunesse fournit des subventions aux enfants provenant de familles qui se heurtent \u00e0 des obstacles financiers afin qu\u2019ils puissent participer \u00e0 des programmes de sport.","robots":{"index":"index","follow":"follow","max-snippet":"max-snippet:-1","max-image-preview":"max-image-preview:large","max-video-preview":"max-video-preview:-1"},"canonical":"https:\/\/kidsportcanada.ca\/newfoundland-and-labrador\/fr\/provincial-fund\/","og_locale":"fr_CA","og_type":"article","og_title":"Provincial Fund - KidSport Newfoundland and Labrador","og_description":"Start your application here. KidSport provides grants to kids from families facing financial barriers so they can participate in registered sport programs.","og_url":"https:\/\/kidsportcanada.ca\/newfoundland-and-labrador\/fr\/provincial-fund\/","og_site_name":"Newfoundland and Labrador","article_modified_time":"2025-01-08T18:12:34+00:00","og_image":[{"width":1600,"height":1000,"url":"https:\/\/kidsportcanada.ca\/wp-content\/uploads\/sites\/106\/devonte-1.jpg","type":"image\/jpeg"}],"twitter_card":"summary_large_image","twitter_misc":{"Estimation du temps de lecture":"3 minutes"},"schema":{"@context":"https:\/\/schema.org","@graph":[{"@type":"WebPage","@id":"https:\/\/kidsportcanada.ca\/newfoundland-and-labrador\/provincial-fund\/","url":"https:\/\/kidsportcanada.ca\/newfoundland-and-labrador\/provincial-fund\/","name":"Provincial Fund - KidSport Newfoundland and Labrador","isPartOf":{"@id":"https:\/\/kidsportcanada.ca\/newfoundland-and-labrador\/fr\/#website"},"primaryImageOfPage":{"@id":"https:\/\/kidsportcanada.ca\/newfoundland-and-labrador\/provincial-fund\/#primaryimage"},"image":{"@id":"https:\/\/kidsportcanada.ca\/newfoundland-and-labrador\/provincial-fund\/#primaryimage"},"thumbnailUrl":"\/wp-content\/uploads\/sites\/106\/devonte-1.jpg","datePublished":"2020-05-05T19:39:19+00:00","dateModified":"2025-01-08T18:12:34+00:00","description":"Commencez \u00e0 remplir votre demande ici. SportJeunesse fournit des subventions aux enfants provenant de familles qui se heurtent \u00e0 des obstacles financiers afin qu\u2019ils puissent participer \u00e0 des programmes de sport.","breadcrumb":{"@id":"https:\/\/kidsportcanada.ca\/newfoundland-and-labrador\/provincial-fund\/#breadcrumb"},"inLanguage":"fr-CA","potentialAction":[{"@type":"ReadAction","target":["https:\/\/kidsportcanada.ca\/newfoundland-and-labrador\/provincial-fund\/"]}]},{"@type":"ImageObject","inLanguage":"fr-CA","@id":"https:\/\/kidsportcanada.ca\/newfoundland-and-labrador\/provincial-fund\/#primaryimage","url":"\/wp-content\/uploads\/sites\/106\/devonte-1.jpg","contentUrl":"\/wp-content\/uploads\/sites\/106\/devonte-1.jpg","width":1600,"height":1000,"caption":"A young boy sliding on the grass soccer field after scoring a goal"},{"@type":"BreadcrumbList","@id":"https:\/\/kidsportcanada.ca\/newfoundland-and-labrador\/provincial-fund\/#breadcrumb","itemListElement":[{"@type":"ListItem","position":1,"name":"Home","item":"https:\/\/kidsportcanada.ca\/newfoundland-and-labrador\/"},{"@type":"ListItem","position":2,"name":"Provincial Fund"}]},{"@type":"WebSite","@id":"https:\/\/kidsportcanada.ca\/newfoundland-and-labrador\/fr\/#website","url":"https:\/\/kidsportcanada.ca\/newfoundland-and-labrador\/fr\/","name":"Newfoundland and Labrador","description":"So all kids can play","potentialAction":[{"@type":"SearchAction","target":{"@type":"EntryPoint","urlTemplate":"https:\/\/kidsportcanada.ca\/newfoundland-and-labrador\/fr\/?s={search_term_string}"},"query-input":{"@type":"PropertyValueSpecification","valueRequired":true,"valueName":"search_term_string"}}],"inLanguage":"fr-CA"}]}},"_links":{"self":[{"href":"https:\/\/kidsportcanada.ca\/newfoundland-and-labrador\/fr\/wp-json\/wp\/v2\/pages\/150","targetHints":{"allow":["GET"]}}],"collection":[{"href":"https:\/\/kidsportcanada.ca\/newfoundland-and-labrador\/fr\/wp-json\/wp\/v2\/pages"}],"about":[{"href":"https:\/\/kidsportcanada.ca\/newfoundland-and-labrador\/fr\/wp-json\/wp\/v2\/types\/page"}],"author":[{"embeddable":true,"href":"https:\/\/kidsportcanada.ca\/newfoundland-and-labrador\/fr\/wp-json\/wp\/v2\/users\/16"}],"replies":[{"embeddable":true,"href":"https:\/\/kidsportcanada.ca\/newfoundland-and-labrador\/fr\/wp-json\/wp\/v2\/comments?post=150"}],"version-history":[{"count":0,"href":"https:\/\/kidsportcanada.ca\/newfoundland-and-labrador\/fr\/wp-json\/wp\/v2\/pages\/150\/revisions"}],"wp:featuredmedia":[{"embeddable":true,"href":"https:\/\/kidsportcanada.ca\/newfoundland-and-labrador\/fr\/wp-json\/wp\/v2\/media\/196"}],"wp:attachment":[{"href":"https:\/\/kidsportcanada.ca\/newfoundland-and-labrador\/fr\/wp-json\/wp\/v2\/media?parent=150"}],"curies":[{"name":"wp","href":"https:\/\/api.w.org\/{rel}","templated":true}]}}