
{"id":37,"date":"2020-03-13T16:16:56","date_gmt":"2020-03-13T16:16:56","guid":{"rendered":"http:\/\/kidsportcanada.ca\/newfoundland-and-labrador\/?page_id=37"},"modified":"2025-01-08T18:14:24","modified_gmt":"2025-01-08T18:14:24","slug":"home","status":"publish","type":"page","link":"https:\/\/kidsportcanada.ca\/newfoundland-and-labrador\/fr\/","title":{"rendered":"Home"},"content":{"rendered":"<h4>\r\n\t\tBienvenue \u00e0\r\n\t<\/h4>\r\n<h1>\r\n\t\tSportJeunesse Newfoundland and Labrador\r\n\t<\/h1>\r\n\t\t\t<a href=\"https:\/\/secure.kidsportcanada.org\/registrant\/startup.aspx?eventid=249771\" target=\"_self\" rel=\"noopener\">\r\n\t\t\t\t\t\t\tDONNER\r\n\t\t\t<\/a>\r\n<h2>\r\n\t\t\u00c0 PROPOS DE\r\n\t<\/h2>\r\n<h4>\r\n\t\tSportJeunesse Newfoundland and Labrador\r\n\t<\/h4>\r\n\t<h3>KidSport Newfoundland &amp;Labrador believes all kids have the right to play organized sports and provides funding for registration fees and equipment costs for kids aged 18 and under so they can play a season of sport.<\/h3>\r\n<p>&nbsp;<\/p>\r\n<h3>KidSport provides children with:<br \/>\r\n\u2022 The opportunity to enjoy a season of children&#8217;s sport programming;<br \/>\r\n\u2022 Healthy habits that will last their whole lives;<br \/>\r\n\u2022 Valuable life lessons and skills including leadership, practice, hard work, dedication, and self confidence;<br \/>\r\n\u2022 Access to mentorship and guidance from coaches.<\/h3>\r\n\t\t\t<a href=\"https:\/\/kidsportcanada.ca\/newfoundland-and-labrador\/fr\/provincial-fund\/\" target=\"_self\" rel=\"noopener\">\r\n\t\t\t\t\t\t\tDEMANDER UNE SUBVENTION\r\n\t\t\t\t\t<\/a>\r\n<h5>\r\n\t\tCommuniquer\r\n\t<\/h5>\r\n\t    <span class=\"socialmedia-links fl-icon-group\">\n        <!------------------ Facebook ------------------>\n        <span class=\"fl-icon facebook\">\n                            <a href=\"https:\/\/www.facebook.com\/KidSportNL\/\" target=\"_blank\" aria-label=\"link to https:\/\/www.facebook.com\/kidsportcanada\/\" rel=\"noopener\"[soci>\n                    <i class=\"fab fa-facebook-square\" aria-hidden=\"true\"><\/i>\n                <\/a>\n                    <\/span>\n\t\t<!------------------ Facebook 2 ------------------>\n        <span class=\"fl-icon facebook\">\n                    <\/span>\n        <!------------------ Twitter ------------------>\n        <span class=\"fl-icon twitter\">\n                            <a href=\"https:\/\/twitter.com\/KidSportNL\" target=\"_blank\" aria-label=\"link to https:\/\/twitter.com\/kidsport\/\" rel=\"noopener\">\n                    <i class=\"fab fa-twitter\" aria-hidden=\"true\"><\/i>\n                <\/a>\n                    <\/span>\n        <!------------------ Instagram ------------------>\n        <span class=\"fl-icon instagram\">\n                            <a href=\"https:\/\/www.instagram.com\/kidsport.canada\/\" target=\"_blank\" aria-label=\"link to https:\/\/www.instagram.com\/kidsport.canada\/\" rel=\"noopener\">\n                    <i class=\"fab fa-instagram\" aria-hidden=\"true\"><\/i>\n                <\/a>\n                    <\/span>\n        <!------------------ YouTube ------------------>\n        <span class=\"fl-icon youtube\">\n                            <a href=\"https:\/\/www.youtube.com\/user\/KidSportCanada\" target=\"_blank\" aria-label=\"link to https:\/\/www.youtube.com\/user\/KidSportCanada\" rel=\"noopener\">\n                    <i class=\"fab fa-youtube\" aria-hidden=\"true\"><\/i>\n                <\/a>\n                    <\/span>\n    <\/span>\n    \r\n<h5>\r\n\t\tLIENS UTILES\r\n\t<\/h5>\r\n<h6>\r\n\t\t<a href=\"https:\/\/kidsport.ca\" title=\"KidSport Canada\" target=\"_blank\" rel=\"noopener\">\r\n\t\tKidSport Canada\r\n\t\t<\/a>\r\n\t<\/h6>\r\n<h6>\r\n\t\t<a href=\"https:\/\/sportnl.ca\/\" title=\"Sport NL\" target=\"_blank\" rel=\"noopener\">\r\n\t\tSport NL\r\n\t\t<\/a>\r\n\t<\/h6>\r\n<h2>\r\n\t\tDerni\u00e8res nouvelles\r\n\t<\/h2>\r\n<h4>\r\n\t\tde la r\u00e9gion de Newfoundland and Labrador\r\n\t<\/h4>\r\n    <h5>News &amp; Stories<\/h5>\r\n    <h5>\u00c9V\u00c9NEMENTS<\/h5>\r\n<h2>\r\n\t\tIncidence provinciale\r\n\t<\/h2>\r\n<h4>\r\n\t\t&#8220;KidSport has given my daughters opportunities I couldn&#8217;t give them, and taught them real life skills I couldn&#8217;t teach them; confidence in public, friendship, teamwork and good sportsmanship.&#8221; &#8211; Parent\r\n\t<\/h4>\r\n    <a href=\"https:\/\/kidsportcanada.ca\/newfoundland-and-labrador\/fr\/donate\/\">\r\n            <br \/>DONNER<br \/>MAINTENANT\r\n    <\/a>\r\n\t\t<!-- Comment to fix spacing issue\r\n\t-->\r\n\t\t<h1>$0<\/h1>\r\n\t<!-- Comment to fix spacing issue\r\n\t-->\t\r\n<h3>\r\n\t\tGranted to kids in Newfoundland and Labrador last year in 2022.\r\n\t<\/h3>\r\n\t\t<!-- Comment to fix spacing issue\r\n\t-->\r\n\t\t<h1>0<\/h1>\r\n\t<!-- Comment to fix spacing issue\r\n\t-->\t\r\n<h3>\r\n\t\tEnfants qui ont pu quitter la ligne lat\u00e9rale \u00e0 Newfoundland and Labrador l\u2019an dernier\r\n\t<\/h3>\r\n<h3>\r\n\t\tEn appuyant SportJeunesse, nous gagnons tous. Quand les enfants ont acc\u00e8s au sport, ils s\u2019am\u00e9liorent \u00e0 l\u2019\u00e9cole, deviennent de solides leaders, cr\u00e9ent des communaut\u00e9s s\u00fbres, catalysent l\u2019inclusivit\u00e9 et adoptent des habitudes saines pour la vie.\r\n\t<\/h3>\r\n<h2>\r\n\t\tOUR Team\r\n\t<\/h2>\r\n<h3>\r\n\t\tKidSport Newfoundland and Labrador is made possible thanks to passionate volunteers and our incredible partners. Together we&#8217;re making it so no kid in Newfoundland and Labrador is left watching from the sidelines.\r\n\t<\/h3>\r\n\t\t\t\t\t<a href=\"#\" id=\"fl-accordion--label-0\" aria-controls=\"fl-accordion--panel-0\">Sport NL Board of Directors<\/a>\r\n\t\t\t\t\t\t\t\t\t\t\t<a href=\"#\" id=\"fl-accordion--icon-0\"><i title=\"Expand\">Expand<\/i><\/a>\r\n\t\t\t\t\t<p>Raeleen Baggs &#8211; President<\/p>\r\n<p>Eugene Trickett &#8211; 1st Vice President<\/p>\r\n<p>Blair White &#8211; 2nd Vice President<\/p>\r\n<p>Chris Schwartz- Past President<\/p>\r\n<p>Rakesh Mohan Negi &#8211; Treasurer<\/p>\r\n<p>Laura Hayley &#8211; Secretary<\/p>\r\n<p>Aaron Flood &#8211; Director<\/p>\r\n<p>Andrew Bruce &#8211; Director<\/p>\r\n<p>Beth McGrath &#8211; Director<\/p>\r\n<p>Darren Colbourne &#8211; Director<\/p>\r\n<p>Noah Anderson &#8211; Director<\/p>\r\n<h1>\r\n\t\tAMBASSADEURS\r\n\t<\/h1>","protected":false},"excerpt":{"rendered":"<p>Welcome to KidSport Newfoundland and Labrador DONATE NOW ABOUT KidSport Newfoundland and Labrador KidSport Newfoundland &amp;Labrador believes all kids have the right to play organized sports and provides funding for registration fees and equipment costs for kids aged 18 and under so they can play a season of sport. &nbsp; KidSport provides children with: \u2022&hellip;<\/p>","protected":false},"author":16,"featured_media":195,"parent":0,"menu_order":0,"comment_status":"closed","ping_status":"closed","template":"","meta":{"_acf_changed":false,"footnotes":""},"class_list":["post-37","page","type-page","status-publish","has-post-thumbnail","hentry"],"acf":[],"yoast_head":"<!-- This site is optimized with the Yoast SEO plugin v27.4 - https:\/\/yoast.com\/product\/yoast-seo-wordpress\/ -->\n<title>Home - KidSport Newfoundland and Labrador<\/title>\n<meta name=\"description\" content=\"KidSport provides grants to help cover the costs of registration fees so that ALL kids aged 18 and under can play a season of sport.\" \/>\n<meta name=\"robots\" content=\"index, follow, max-snippet:-1, max-image-preview:large, max-video-preview:-1\" \/>\n<link rel=\"canonical\" href=\"https:\/\/kidsportcanada.ca\/newfoundland-and-labrador\/fr\/\" \/>\n<meta property=\"og:locale\" content=\"fr_CA\" \/>\n<meta property=\"og:type\" content=\"article\" \/>\n<meta property=\"og:title\" content=\"Home - KidSport Newfoundland and Labrador\" \/>\n<meta property=\"og:description\" content=\"KidSport provides grants to help cover the costs of registration fees so that ALL kids aged 18 and under can play a season of sport.\" \/>\n<meta property=\"og:url\" content=\"https:\/\/kidsportcanada.ca\/newfoundland-and-labrador\/fr\/\" \/>\n<meta property=\"og:site_name\" content=\"Newfoundland and Labrador\" \/>\n<meta property=\"article:modified_time\" content=\"2025-01-08T18:14:24+00:00\" \/>\n<meta property=\"og:image\" content=\"https:\/\/kidsportcanada.ca\/wp-content\/uploads\/sites\/106\/kidsport-chapter-home-1.jpg\" \/>\n\t<meta property=\"og:image:width\" content=\"1600\" \/>\n\t<meta property=\"og:image:height\" content=\"1000\" \/>\n\t<meta property=\"og:image:type\" content=\"image\/jpeg\" \/>\n<meta name=\"twitter:card\" content=\"summary_large_image\" \/>\n<meta name=\"twitter:label1\" content=\"Estimation du temps de lecture\" \/>\n\t<meta name=\"twitter:data1\" content=\"2 minutes\" \/>\n<script type=\"application\/ld+json\" class=\"yoast-schema-graph\">{\"@context\":\"https:\\\/\\\/schema.org\",\"@graph\":[{\"@type\":\"WebPage\",\"@id\":\"https:\\\/\\\/kidsportcanada.ca\\\/newfoundland-and-labrador\\\/\",\"url\":\"https:\\\/\\\/kidsportcanada.ca\\\/newfoundland-and-labrador\\\/\",\"name\":\"Home - KidSport Newfoundland and Labrador\",\"isPartOf\":{\"@id\":\"https:\\\/\\\/kidsportcanada.ca\\\/newfoundland-and-labrador\\\/fr\\\/#website\"},\"primaryImageOfPage\":{\"@id\":\"https:\\\/\\\/kidsportcanada.ca\\\/newfoundland-and-labrador\\\/#primaryimage\"},\"image\":{\"@id\":\"https:\\\/\\\/kidsportcanada.ca\\\/newfoundland-and-labrador\\\/#primaryimage\"},\"thumbnailUrl\":\"\\\/wp-content\\\/uploads\\\/sites\\\/106\\\/kidsport-chapter-home-1.jpg\",\"datePublished\":\"2020-03-13T16:16:56+00:00\",\"dateModified\":\"2025-01-08T18:14:24+00:00\",\"description\":\"KidSport provides grants to help cover the costs of registration fees so that ALL kids aged 18 and under can play a season of sport.\",\"breadcrumb\":{\"@id\":\"https:\\\/\\\/kidsportcanada.ca\\\/newfoundland-and-labrador\\\/#breadcrumb\"},\"inLanguage\":\"fr-CA\",\"potentialAction\":[{\"@type\":\"ReadAction\",\"target\":[\"https:\\\/\\\/kidsportcanada.ca\\\/newfoundland-and-labrador\\\/\"]}]},{\"@type\":\"ImageObject\",\"inLanguage\":\"fr-CA\",\"@id\":\"https:\\\/\\\/kidsportcanada.ca\\\/newfoundland-and-labrador\\\/#primaryimage\",\"url\":\"\\\/wp-content\\\/uploads\\\/sites\\\/106\\\/kidsport-chapter-home-1.jpg\",\"contentUrl\":\"\\\/wp-content\\\/uploads\\\/sites\\\/106\\\/kidsport-chapter-home-1.jpg\",\"width\":1600,\"height\":1000,\"caption\":\"A hockey player wearing red and black stopping on an indoor ice rink and looking at the camera\"},{\"@type\":\"BreadcrumbList\",\"@id\":\"https:\\\/\\\/kidsportcanada.ca\\\/newfoundland-and-labrador\\\/#breadcrumb\",\"itemListElement\":[{\"@type\":\"ListItem\",\"position\":1,\"name\":\"Home\",\"item\":\"https:\\\/\\\/kidsportcanada.ca\\\/newfoundland-and-labrador\\\/\"},{\"@type\":\"ListItem\",\"position\":2,\"name\":\"Home\"}]},{\"@type\":\"WebSite\",\"@id\":\"https:\\\/\\\/kidsportcanada.ca\\\/newfoundland-and-labrador\\\/fr\\\/#website\",\"url\":\"https:\\\/\\\/kidsportcanada.ca\\\/newfoundland-and-labrador\\\/fr\\\/\",\"name\":\"Newfoundland and Labrador\",\"description\":\"So all kids can play\",\"potentialAction\":[{\"@type\":\"SearchAction\",\"target\":{\"@type\":\"EntryPoint\",\"urlTemplate\":\"https:\\\/\\\/kidsportcanada.ca\\\/newfoundland-and-labrador\\\/fr\\\/?s={search_term_string}\"},\"query-input\":{\"@type\":\"PropertyValueSpecification\",\"valueRequired\":true,\"valueName\":\"search_term_string\"}}],\"inLanguage\":\"fr-CA\"}]}<\/script>\n<!-- \/ Yoast SEO plugin. -->","yoast_head_json":{"title":"Home - KidSport Newfoundland and Labrador","description":"Nous fournissons des subventions pour aider \u00e0 couvrir le co\u00fbt des frais d\u2019inscription afin que tous les enfants de 18 ans et moins puissent pratiquer un sport pendant une saison.","robots":{"index":"index","follow":"follow","max-snippet":"max-snippet:-1","max-image-preview":"max-image-preview:large","max-video-preview":"max-video-preview:-1"},"canonical":"https:\/\/kidsportcanada.ca\/newfoundland-and-labrador\/fr\/","og_locale":"fr_CA","og_type":"article","og_title":"Home - KidSport Newfoundland and Labrador","og_description":"KidSport provides grants to help cover the costs of registration fees so that ALL kids aged 18 and under can play a season of sport.","og_url":"https:\/\/kidsportcanada.ca\/newfoundland-and-labrador\/fr\/","og_site_name":"Newfoundland and Labrador","article_modified_time":"2025-01-08T18:14:24+00:00","og_image":[{"width":1600,"height":1000,"url":"https:\/\/kidsportcanada.ca\/wp-content\/uploads\/sites\/106\/kidsport-chapter-home-1.jpg","type":"image\/jpeg"}],"twitter_card":"summary_large_image","twitter_misc":{"Estimation du temps de lecture":"2 minutes"},"schema":{"@context":"https:\/\/schema.org","@graph":[{"@type":"WebPage","@id":"https:\/\/kidsportcanada.ca\/newfoundland-and-labrador\/","url":"https:\/\/kidsportcanada.ca\/newfoundland-and-labrador\/","name":"Home - KidSport Newfoundland and Labrador","isPartOf":{"@id":"https:\/\/kidsportcanada.ca\/newfoundland-and-labrador\/fr\/#website"},"primaryImageOfPage":{"@id":"https:\/\/kidsportcanada.ca\/newfoundland-and-labrador\/#primaryimage"},"image":{"@id":"https:\/\/kidsportcanada.ca\/newfoundland-and-labrador\/#primaryimage"},"thumbnailUrl":"\/wp-content\/uploads\/sites\/106\/kidsport-chapter-home-1.jpg","datePublished":"2020-03-13T16:16:56+00:00","dateModified":"2025-01-08T18:14:24+00:00","description":"Nous fournissons des subventions pour aider \u00e0 couvrir le co\u00fbt des frais d\u2019inscription afin que tous les enfants de 18 ans et moins puissent pratiquer un sport pendant une saison.","breadcrumb":{"@id":"https:\/\/kidsportcanada.ca\/newfoundland-and-labrador\/#breadcrumb"},"inLanguage":"fr-CA","potentialAction":[{"@type":"ReadAction","target":["https:\/\/kidsportcanada.ca\/newfoundland-and-labrador\/"]}]},{"@type":"ImageObject","inLanguage":"fr-CA","@id":"https:\/\/kidsportcanada.ca\/newfoundland-and-labrador\/#primaryimage","url":"\/wp-content\/uploads\/sites\/106\/kidsport-chapter-home-1.jpg","contentUrl":"\/wp-content\/uploads\/sites\/106\/kidsport-chapter-home-1.jpg","width":1600,"height":1000,"caption":"A hockey player wearing red and black stopping on an indoor ice rink and looking at the camera"},{"@type":"BreadcrumbList","@id":"https:\/\/kidsportcanada.ca\/newfoundland-and-labrador\/#breadcrumb","itemListElement":[{"@type":"ListItem","position":1,"name":"Home","item":"https:\/\/kidsportcanada.ca\/newfoundland-and-labrador\/"},{"@type":"ListItem","position":2,"name":"Home"}]},{"@type":"WebSite","@id":"https:\/\/kidsportcanada.ca\/newfoundland-and-labrador\/fr\/#website","url":"https:\/\/kidsportcanada.ca\/newfoundland-and-labrador\/fr\/","name":"Newfoundland and Labrador","description":"So all kids can play","potentialAction":[{"@type":"SearchAction","target":{"@type":"EntryPoint","urlTemplate":"https:\/\/kidsportcanada.ca\/newfoundland-and-labrador\/fr\/?s={search_term_string}"},"query-input":{"@type":"PropertyValueSpecification","valueRequired":true,"valueName":"search_term_string"}}],"inLanguage":"fr-CA"}]}},"_links":{"self":[{"href":"https:\/\/kidsportcanada.ca\/newfoundland-and-labrador\/fr\/wp-json\/wp\/v2\/pages\/37","targetHints":{"allow":["GET"]}}],"collection":[{"href":"https:\/\/kidsportcanada.ca\/newfoundland-and-labrador\/fr\/wp-json\/wp\/v2\/pages"}],"about":[{"href":"https:\/\/kidsportcanada.ca\/newfoundland-and-labrador\/fr\/wp-json\/wp\/v2\/types\/page"}],"author":[{"embeddable":true,"href":"https:\/\/kidsportcanada.ca\/newfoundland-and-labrador\/fr\/wp-json\/wp\/v2\/users\/16"}],"replies":[{"embeddable":true,"href":"https:\/\/kidsportcanada.ca\/newfoundland-and-labrador\/fr\/wp-json\/wp\/v2\/comments?post=37"}],"version-history":[{"count":0,"href":"https:\/\/kidsportcanada.ca\/newfoundland-and-labrador\/fr\/wp-json\/wp\/v2\/pages\/37\/revisions"}],"wp:featuredmedia":[{"embeddable":true,"href":"https:\/\/kidsportcanada.ca\/newfoundland-and-labrador\/fr\/wp-json\/wp\/v2\/media\/195"}],"wp:attachment":[{"href":"https:\/\/kidsportcanada.ca\/newfoundland-and-labrador\/fr\/wp-json\/wp\/v2\/media?parent=37"}],"curies":[{"name":"wp","href":"https:\/\/api.w.org\/{rel}","templated":true}]}}