
{"id":37,"date":"2020-03-13T16:16:56","date_gmt":"2020-03-13T16:16:56","guid":{"rendered":"http:\/\/kidsportcanada.ca\/atikokan\/?page_id=37"},"modified":"2025-07-14T15:24:03","modified_gmt":"2025-07-14T15:24:03","slug":"home","status":"publish","type":"page","link":"https:\/\/kidsportcanada.ca\/ontario\/atikokan\/fr\/","title":{"rendered":"Home"},"content":{"rendered":"<h4>Bienvenue \u00e0<\/h4>\r\n<h1>SportJeunesse Atikokan<\/h1>\r\n<p><a role=\"button\" href=\"https:\/\/kidsportcanada.ca\/ontario\/atikokan\/fr\/apply-for-a-grant\/\" target=\"_self\" rel=\"noopener\"> DEMANDER UNE SUBVENTION <\/a><\/p>\r\n<h2>\u00c0 PROPOS DE<\/h2>\r\n<h4>SportJeunesse Atikokan<\/h4>\r\n<h3>Nous fournissons des subventions pour aider \u00e0 couvrir le co\u00fbt des frais d\u2019inscription afin que tous les enfants de 18 ans et moins de Atikokan puissent pratiquer un sport pendant une saison.<\/h3>\r\n<p>&nbsp;<\/p>\r\n<h3>Notre section accepte les demandes et administre les subventions pouvant atteindre <strong>$400 per child\/year<\/strong>pour les jeunes qui habitent \u00e0 Atikokan ou dans une des autres localit\u00e9s que nous servons. Si vous habitez \u00e0 l\u2019ext\u00e9rieur de Atikokan, veuillez communiquer avec le <a href=\"https:\/\/kidsportcanada.ca\/ontario\/atikokan\/fr\/ontario\/\">bureau provincial<\/a> pour trouver la section la plus pr\u00e8s de chez vous ou obtenir de l\u2019aide par l\u2019interm\u00e9diaire du fonds provincial.<\/h3>\r\n<p><a role=\"button\" href=\"https:\/\/kidsportcanada.ca\/ontario\/atikokan\/fr\/apply-for-a-grant\/\" target=\"_self\" rel=\"noopener\"> DEMANDER UNE SUBVENTION <\/a><\/p>\r\n<h5>Communiquer<\/h5>\r\n    <span class=\"socialmedia-links fl-icon-group\">\n        <!------------------ Facebook ------------------>\n        <span class=\"fl-icon facebook\">\n                            <a href=\"https:\/\/www.facebook.com\/atikokankidsport\" target=\"_blank\" aria-label=\"link to https:\/\/www.facebook.com\/kidsportcanada\/\" rel=\"noopener\"[soci>\n                    <i class=\"fab fa-facebook-square\" aria-hidden=\"true\"><\/i>\n                <\/a>\n                    <\/span>\n\t\t<!------------------ Facebook 2 ------------------>\n        <span class=\"fl-icon facebook\">\n                    <\/span>\n        <!------------------ Twitter ------------------>\n        <span class=\"fl-icon twitter\">\n                            <a href=\"https:\/\/twitter.com\/kidsport\/\" target=\"_blank\" aria-label=\"link to https:\/\/twitter.com\/kidsport\/\" rel=\"noopener\">\n                    <i class=\"fab fa-twitter\" aria-hidden=\"true\"><\/i>\n                <\/a>\n                    <\/span>\n        <!------------------ Instagram ------------------>\n        <span class=\"fl-icon instagram\">\n                            <a href=\"https:\/\/www.instagram.com\/kidsport.canada\/\" target=\"_blank\" aria-label=\"link to https:\/\/www.instagram.com\/kidsport.canada\/\" rel=\"noopener\">\n                    <i class=\"fab fa-instagram\" aria-hidden=\"true\"><\/i>\n                <\/a>\n                    <\/span>\n        <!------------------ YouTube ------------------>\n        <span class=\"fl-icon youtube\">\n                            <a href=\"https:\/\/www.youtube.com\/user\/KidSportCanada\" target=\"_blank\" aria-label=\"link to https:\/\/www.youtube.com\/user\/KidSportCanada\" rel=\"noopener\">\n                    <i class=\"fab fa-youtube\" aria-hidden=\"true\"><\/i>\n                <\/a>\n                    <\/span>\n    <\/span>\n    \r\n<h5>LIENS UTILES<\/h5>\r\n<h6><a title=\"Ajouter un lien ici\" href=\"#\" target=\"_self\" rel=\"noopener\"> Ajouter un lien ici <\/a><\/h6>\r\n<h6><a title=\"Ajouter un lien ici\" href=\"#\" target=\"_self\" rel=\"noopener\"> Ajouter un lien ici <\/a><\/h6>\r\n<h6><a title=\"Ajouter un lien ici\" href=\"#\" target=\"_self\" rel=\"noopener\"> Ajouter un lien ici <\/a><\/h6>\r\n<h6><a title=\"Ajouter un lien ici\" href=\"#\" target=\"_self\" rel=\"noopener\"> Ajouter un lien ici <\/a><\/h6>\r\n<h2>DERNI\u00c8RES<\/h2>\r\n<h4>News &amp; Stories<\/h4>\r\n<h5>News &amp; Stories<\/h5>\r\n<h5>\u00c9V\u00c9NEMENTS<\/h5>\r\n<h5>Carte de campagne dissimulable<\/h5>\r\n<p>Lorem Ipsum is simply dummy text of the printing and typesetting industry. Lorem Ipsum has been the industry&#8217;s standard dummy text ever since the 1500s, when an unknown printer took a galley of type and scrambled it to make a type specimen book.<\/p>\r\n<p><a role=\"button\" href=\"\/ontario\/atikokan\/fr\/www.kidsport.ca\/giftofsport\/\" target=\"_self\" rel=\"noopener\"> EN SAVOIR PLUS <\/a><\/p>\r\n<h2>INCIDENCE 100 % LOCALE<\/h2>\r\n<h4>All funds raised by Kidsport Atikokan stay in our community to get local kids off the sidelines and into a season of sport. Let&#8217;s work together to build strong kids and strong communities!<\/h4>\r\n<p><a href=\"https:\/\/kidsportcanada.ca\/ontario\/atikokan\/fr\/donate\/\"> <br \/>DONNER<br \/>MAINTENANT <\/a><\/p>\r\n<!-- Comment to fix spacing issue\r\n\t-->\r\n<h1>$0<\/h1>\r\n<!-- Comment to fix spacing issue\r\n\t-->\r\n<h3>Somme accord\u00e9e aux enfants de Atikokan l\u2019an dernier.<\/h3>\r\n<!-- Comment to fix spacing issue\r\n\t-->\r\n<h1>0<\/h1>\r\n<!-- Comment to fix spacing issue\r\n\t-->\r\n<h3>Enfants qui ont pu quitter la ligne lat\u00e9rale \u00e0 Atikokan l\u2019an dernier<\/h3>\r\n<h3>En appuyant SportJeunesse, nous gagnons tous. Quand les enfants ont acc\u00e8s au sport, ils s\u2019am\u00e9liorent \u00e0 l\u2019\u00e9cole, deviennent de solides leaders, cr\u00e9ent des communaut\u00e9s s\u00fbres, catalysent l\u2019inclusivit\u00e9 et adoptent des habitudes saines pour la vie.<\/h3>\r\n<h5>RAPPORTS D\u2019IMPACT<\/h5>\r\n<p>Lisez nos derniers rapports annuels et \u00e9tats financiers.<\/p>\r\n<p><a role=\"button\" target=\"_self\" rel=\"noopener\"> RAPPORT ANNUEL 2019 <\/a> <a role=\"button\" target=\"_self\" rel=\"noopener\"> FINANCIERS 2019 <\/a><\/p>\r\n<h2>OUR Team<\/h2>\r\n<h3>Kidsport Atikokan is made possible thanks to passionate volunteers and our incredible partners. Together we&#8217;re making it so no kid in Atikokan is left watching from the sidelines.<\/h3>\r\n<h5>NOM<\/h5>\r\n<h5>R\u00f4le<\/h5>\r\n<p>Lorem ipsum dolor sit amet, consectetur adipiscing elit, sed do eiusmod tempor incididunt ut labore et dolore magna aliqua. Ut enim ad minim veniam, quis nostrud exercitation ullamco laboris nisi ut aliquip ex ea commodo consequat.<\/p>\r\n<h5><a title=\"(000) 000-0000\" href=\"tel:\" target=\"_self\" rel=\"noopener\"> (000) 000-0000 <\/a><\/h5>\r\n<h5><a title=\"name@kidsportcanada.ca\" href=\"mailto:\" target=\"_self\" rel=\"noopener\"> name@kidsportcanada.ca <\/a><\/h5>\r\n<p><a id=\"fl-accordion--label-0\" href=\"#\">Conseil d\u2019administration<\/a> <a id=\"fl-accordion--icon-0\" href=\"#\"><i>Expand<\/i><\/a><\/p>\r\n<p>Nom, R\u00f4le<\/p>\r\n<p>Nom, R\u00f4le<\/p>\r\n<h5>AMBASSADEURS<\/h5>\r\n<h1>AMBASSADEURS<\/h1>\r\n<h5>NOS PARTENAIRES<\/h5>\r\n<h5>NOS PARTENAIRES<\/h5>\r\n<p><a id=\"fl-accordion--label-0\" href=\"#\">Autre cat\u00e9gorie 1<\/a> <a id=\"fl-accordion--icon-0\" href=\"#\"><i>Expand<\/i><\/a> Partenaire 1<br \/>Partenaire 2<br \/>Partenaire 3 <a id=\"fl-accordion--label-1\" href=\"#\">Autre cat\u00e9gorie 2<\/a> <a id=\"fl-accordion--icon-1\" href=\"#\"><i>Expand<\/i><\/a> Partenaire 4<br \/>Partenaire 5<br \/>Partenaire 6<\/p>","protected":false},"excerpt":{"rendered":"<p>Welcome to KidSport Atikokan APPLY FOR A GRANT ABOUT KidSport Atikokan We provide grants to help cover the costs of registration fees so that all kids aged 18 and under in Atikokan can play a season of sport. &nbsp; Our chapter accepts applications and administers grants of up to $400 per child\/year, for kids who&hellip;<\/p>","protected":false},"author":16,"featured_media":195,"parent":0,"menu_order":0,"comment_status":"closed","ping_status":"closed","template":"","meta":{"_acf_changed":false,"footnotes":""},"class_list":["post-37","page","type-page","status-publish","has-post-thumbnail","hentry"],"acf":[],"yoast_head":"<!-- This site is optimized with the Yoast SEO plugin v27.4 - https:\/\/yoast.com\/product\/yoast-seo-wordpress\/ -->\n<title>Home - KidSport Atikokan<\/title>\n<meta name=\"description\" content=\"KidSport provides grants to help cover the costs of registration fees so that ALL kids aged 18 and under can play a season of sport.\" \/>\n<meta name=\"robots\" content=\"index, follow, max-snippet:-1, max-image-preview:large, max-video-preview:-1\" \/>\n<link rel=\"canonical\" href=\"https:\/\/kidsportcanada.ca\/ontario\/atikokan\/fr\/\" \/>\n<meta property=\"og:locale\" content=\"fr_CA\" \/>\n<meta property=\"og:type\" content=\"article\" \/>\n<meta property=\"og:title\" content=\"Home - KidSport Atikokan\" \/>\n<meta property=\"og:description\" content=\"KidSport provides grants to help cover the costs of registration fees so that ALL kids aged 18 and under can play a season of sport.\" \/>\n<meta property=\"og:url\" content=\"https:\/\/kidsportcanada.ca\/ontario\/atikokan\/fr\/\" \/>\n<meta property=\"og:site_name\" content=\"Atikokan\" \/>\n<meta property=\"article:modified_time\" content=\"2025-07-14T15:24:03+00:00\" \/>\n<meta property=\"og:image\" content=\"https:\/\/kidsportcanada.ca\/wp-content\/uploads\/sites\/214\/kidsport-chapter-home-1.jpg\" \/>\n\t<meta property=\"og:image:width\" content=\"1600\" \/>\n\t<meta property=\"og:image:height\" content=\"1000\" \/>\n\t<meta property=\"og:image:type\" content=\"image\/jpeg\" \/>\n<meta name=\"twitter:card\" content=\"summary_large_image\" \/>\n<meta name=\"twitter:label1\" content=\"Estimation du temps de lecture\" \/>\n\t<meta name=\"twitter:data1\" content=\"2 minutes\" \/>\n<script type=\"application\/ld+json\" class=\"yoast-schema-graph\">{\"@context\":\"https:\\\/\\\/schema.org\",\"@graph\":[{\"@type\":\"WebPage\",\"@id\":\"https:\\\/\\\/kidsportcanada.ca\\\/ontario\\\/atikokan\\\/\",\"url\":\"https:\\\/\\\/kidsportcanada.ca\\\/ontario\\\/atikokan\\\/\",\"name\":\"Home - KidSport Atikokan\",\"isPartOf\":{\"@id\":\"https:\\\/\\\/kidsportcanada.ca\\\/ontario\\\/atikokan\\\/fr\\\/#website\"},\"primaryImageOfPage\":{\"@id\":\"https:\\\/\\\/kidsportcanada.ca\\\/ontario\\\/atikokan\\\/#primaryimage\"},\"image\":{\"@id\":\"https:\\\/\\\/kidsportcanada.ca\\\/ontario\\\/atikokan\\\/#primaryimage\"},\"thumbnailUrl\":\"\\\/wp-content\\\/uploads\\\/sites\\\/214\\\/kidsport-chapter-home-1.jpg\",\"datePublished\":\"2020-03-13T16:16:56+00:00\",\"dateModified\":\"2025-07-14T15:24:03+00:00\",\"description\":\"KidSport provides grants to help cover the costs of registration fees so that ALL kids aged 18 and under can play a season of sport.\",\"breadcrumb\":{\"@id\":\"https:\\\/\\\/kidsportcanada.ca\\\/ontario\\\/atikokan\\\/#breadcrumb\"},\"inLanguage\":\"fr-CA\",\"potentialAction\":[{\"@type\":\"ReadAction\",\"target\":[\"https:\\\/\\\/kidsportcanada.ca\\\/ontario\\\/atikokan\\\/\"]}]},{\"@type\":\"ImageObject\",\"inLanguage\":\"fr-CA\",\"@id\":\"https:\\\/\\\/kidsportcanada.ca\\\/ontario\\\/atikokan\\\/#primaryimage\",\"url\":\"\\\/wp-content\\\/uploads\\\/sites\\\/214\\\/kidsport-chapter-home-1.jpg\",\"contentUrl\":\"\\\/wp-content\\\/uploads\\\/sites\\\/214\\\/kidsport-chapter-home-1.jpg\",\"width\":1600,\"height\":1000,\"caption\":\"A hockey player wearing red and black stopping on an indoor ice rink and looking at the camera\"},{\"@type\":\"BreadcrumbList\",\"@id\":\"https:\\\/\\\/kidsportcanada.ca\\\/ontario\\\/atikokan\\\/#breadcrumb\",\"itemListElement\":[{\"@type\":\"ListItem\",\"position\":1,\"name\":\"Home\",\"item\":\"https:\\\/\\\/kidsportcanada.ca\\\/ontario\\\/atikokan\\\/\"},{\"@type\":\"ListItem\",\"position\":2,\"name\":\"Home\"}]},{\"@type\":\"WebSite\",\"@id\":\"https:\\\/\\\/kidsportcanada.ca\\\/ontario\\\/atikokan\\\/fr\\\/#website\",\"url\":\"https:\\\/\\\/kidsportcanada.ca\\\/ontario\\\/atikokan\\\/fr\\\/\",\"name\":\"Atikokan\",\"description\":\"So all kids can play\",\"potentialAction\":[{\"@type\":\"SearchAction\",\"target\":{\"@type\":\"EntryPoint\",\"urlTemplate\":\"https:\\\/\\\/kidsportcanada.ca\\\/ontario\\\/atikokan\\\/fr\\\/?s={search_term_string}\"},\"query-input\":{\"@type\":\"PropertyValueSpecification\",\"valueRequired\":true,\"valueName\":\"search_term_string\"}}],\"inLanguage\":\"fr-CA\"}]}<\/script>\n<!-- \/ Yoast SEO plugin. -->","yoast_head_json":{"title":"Home - KidSport Atikokan","description":"Nous fournissons des subventions pour aider \u00e0 couvrir le co\u00fbt des frais d\u2019inscription afin que tous les enfants de 18 ans et moins puissent pratiquer un sport pendant une saison.","robots":{"index":"index","follow":"follow","max-snippet":"max-snippet:-1","max-image-preview":"max-image-preview:large","max-video-preview":"max-video-preview:-1"},"canonical":"https:\/\/kidsportcanada.ca\/ontario\/atikokan\/fr\/","og_locale":"fr_CA","og_type":"article","og_title":"Home - KidSport Atikokan","og_description":"KidSport provides grants to help cover the costs of registration fees so that ALL kids aged 18 and under can play a season of sport.","og_url":"https:\/\/kidsportcanada.ca\/ontario\/atikokan\/fr\/","og_site_name":"Atikokan","article_modified_time":"2025-07-14T15:24:03+00:00","og_image":[{"width":1600,"height":1000,"url":"https:\/\/kidsportcanada.ca\/wp-content\/uploads\/sites\/214\/kidsport-chapter-home-1.jpg","type":"image\/jpeg"}],"twitter_card":"summary_large_image","twitter_misc":{"Estimation du temps de lecture":"2 minutes"},"schema":{"@context":"https:\/\/schema.org","@graph":[{"@type":"WebPage","@id":"https:\/\/kidsportcanada.ca\/ontario\/atikokan\/","url":"https:\/\/kidsportcanada.ca\/ontario\/atikokan\/","name":"Home - KidSport Atikokan","isPartOf":{"@id":"https:\/\/kidsportcanada.ca\/ontario\/atikokan\/fr\/#website"},"primaryImageOfPage":{"@id":"https:\/\/kidsportcanada.ca\/ontario\/atikokan\/#primaryimage"},"image":{"@id":"https:\/\/kidsportcanada.ca\/ontario\/atikokan\/#primaryimage"},"thumbnailUrl":"\/wp-content\/uploads\/sites\/214\/kidsport-chapter-home-1.jpg","datePublished":"2020-03-13T16:16:56+00:00","dateModified":"2025-07-14T15:24:03+00:00","description":"Nous fournissons des subventions pour aider \u00e0 couvrir le co\u00fbt des frais d\u2019inscription afin que tous les enfants de 18 ans et moins puissent pratiquer un sport pendant une saison.","breadcrumb":{"@id":"https:\/\/kidsportcanada.ca\/ontario\/atikokan\/#breadcrumb"},"inLanguage":"fr-CA","potentialAction":[{"@type":"ReadAction","target":["https:\/\/kidsportcanada.ca\/ontario\/atikokan\/"]}]},{"@type":"ImageObject","inLanguage":"fr-CA","@id":"https:\/\/kidsportcanada.ca\/ontario\/atikokan\/#primaryimage","url":"\/wp-content\/uploads\/sites\/214\/kidsport-chapter-home-1.jpg","contentUrl":"\/wp-content\/uploads\/sites\/214\/kidsport-chapter-home-1.jpg","width":1600,"height":1000,"caption":"A hockey player wearing red and black stopping on an indoor ice rink and looking at the camera"},{"@type":"BreadcrumbList","@id":"https:\/\/kidsportcanada.ca\/ontario\/atikokan\/#breadcrumb","itemListElement":[{"@type":"ListItem","position":1,"name":"Home","item":"https:\/\/kidsportcanada.ca\/ontario\/atikokan\/"},{"@type":"ListItem","position":2,"name":"Home"}]},{"@type":"WebSite","@id":"https:\/\/kidsportcanada.ca\/ontario\/atikokan\/fr\/#website","url":"https:\/\/kidsportcanada.ca\/ontario\/atikokan\/fr\/","name":"Atikokan","description":"So all kids can play","potentialAction":[{"@type":"SearchAction","target":{"@type":"EntryPoint","urlTemplate":"https:\/\/kidsportcanada.ca\/ontario\/atikokan\/fr\/?s={search_term_string}"},"query-input":{"@type":"PropertyValueSpecification","valueRequired":true,"valueName":"search_term_string"}}],"inLanguage":"fr-CA"}]}},"_links":{"self":[{"href":"https:\/\/kidsportcanada.ca\/ontario\/atikokan\/fr\/wp-json\/wp\/v2\/pages\/37","targetHints":{"allow":["GET"]}}],"collection":[{"href":"https:\/\/kidsportcanada.ca\/ontario\/atikokan\/fr\/wp-json\/wp\/v2\/pages"}],"about":[{"href":"https:\/\/kidsportcanada.ca\/ontario\/atikokan\/fr\/wp-json\/wp\/v2\/types\/page"}],"author":[{"embeddable":true,"href":"https:\/\/kidsportcanada.ca\/ontario\/atikokan\/fr\/wp-json\/wp\/v2\/users\/16"}],"replies":[{"embeddable":true,"href":"https:\/\/kidsportcanada.ca\/ontario\/atikokan\/fr\/wp-json\/wp\/v2\/comments?post=37"}],"version-history":[{"count":0,"href":"https:\/\/kidsportcanada.ca\/ontario\/atikokan\/fr\/wp-json\/wp\/v2\/pages\/37\/revisions"}],"wp:featuredmedia":[{"embeddable":true,"href":"https:\/\/kidsportcanada.ca\/ontario\/atikokan\/fr\/wp-json\/wp\/v2\/media\/195"}],"wp:attachment":[{"href":"https:\/\/kidsportcanada.ca\/ontario\/atikokan\/fr\/wp-json\/wp\/v2\/media?parent=37"}],"curies":[{"name":"wp","href":"https:\/\/api.w.org\/{rel}","templated":true}]}}