
{"id":150,"date":"2020-05-05T19:39:19","date_gmt":"2020-05-05T19:39:19","guid":{"rendered":"http:\/\/kidsportcanada.ca\/fort-frances\/?page_id=150"},"modified":"2023-08-17T16:16:53","modified_gmt":"2023-08-17T16:16:53","slug":"apply-for-a-grant","status":"publish","type":"page","link":"https:\/\/kidsportcanada.ca\/ontario\/fort-frances\/fr\/apply-for-a-grant\/","title":{"rendered":"Apply for a Grant"},"content":{"rendered":"<h4>\n\t\tSportJeunesse Fort Frances\n\t<\/h4>\n<h1>\n\t\tDEMANDER UNE SUBVENTION\n\t<\/h1>\n<h3>\n\t\tCommencez \u00e0 remplir votre demande ici. Faites d\u00e9filer l\u2019\u00e9cran pour en savoir plus sur notre programme et trouver des r\u00e9ponses \u00e0 toutes vos questions.\n\t<\/h3>\n\t\t\t<a href=\"https:\/\/kidsport.smartsimple.ca\/s_Login.jsp\" target=\"_blank\" role=\"button\" rel=\"noopener\">\n\t\t\t\t\t\t\tPR\u00c9SENTER UNE DEMANDE EN LIGNE MAINTENANT\n\t\t\t\t\t<\/a>\n<h2>\n\t\tQu\u2019est-ce qu\u2019une subvention?\n\t<\/h2>\n\t<p>KidSport provides grants to kids from families facing financial barriers so they can participate in organized sport programs and experience the lifelong benefits of a season of sport.\u00a0 KidSport Fort Frances provides grants of up to $350 per eligible child, per year (January 1st &#8211; December 31st) towards <strong>sport registration fees<\/strong>.<\/p>\n<p>Do you need <strong>equipment<\/strong> to play? Let us know, and we might also be able to help through our gently used equipment swap.\u00a0 KidSport grants are intended to be used for sport registration fees; travel and competitions are not eligible for funding.<\/p>\n\t<h3>Crit\u00e8res d\u2019admissibilit\u00e9<\/h3>\n\t<p>KidSport Fort Frances reviews the financial barriers faced by the child&#8217;s family when determining eligibility for grants .<\/p>\n<p><strong>NOTE:\u00a0<\/strong>In addition to the documentation required, KidSport Fort Frances will be verifying the following information from the Sport Organization for your health and safety:<\/p>\n<ol>\n<li><em>That provincial government has allowed for sport to resume<\/em><\/li>\n<li><em>That the municipality has allowed for sport to resume<\/em><\/li>\n<li><em>That the governing body (PSO) has publically released a Return-To-Play procedure that member organizations must follow<\/em><\/li>\n<li><em>That the sport group has a publically posted Return-to-Play procedure\u00a0<\/em><\/li>\n<\/ol>\n\n\t<h3>Que dois-je faire pour demander une subvention?<\/h3>\n\t<p>Find a sport program your child would like to join and sign up.\u00a0 Let the sport program know you will be applying for KidSport funding.\u00a0 An application to KidSport does not register your child with the sport club.\u00a0 You must complete a Kidsport application and the sport club registration to ensure your child is registered with the sport club.<\/p>\n<ol>\n<li>Apply online or use the paper application form.\u00a0 Be sure to complete all sections of the application, as incomplete applications take much longer to process, and can cause delays in receiving your grant.<\/li>\n<li>Your completed application will be processed within 14 days of being received.<\/li>\n<li>If you qualify for KidSport funding, the grant will be sent directly to the sport program your child has signed up for.<\/li>\n<\/ol>\n<p>Les demandes papier peuvent \u00eatre envoy\u00e9es par la poste, par t\u00e9l\u00e9copieur ou par courriel :<\/p>\n<p>In-person: c\/o 396 Scott St., Fort Frances, ON<\/p>\n<p>Telephone: 807-274-9827 ext. 303638 or 303637<\/p>\n<p>Fax: 807-274-0779<\/p>\n<p>Email: fortfrances@kidsportcanada.ca<\/p>\n<h5>\n\t\tPr\u00e9sentez une demande maintenant\n\t<\/h5>\n\t\t\t<a href=\"https:\/\/kidsport.smartsimple.ca\/s_Login.jsp\" target=\"_blank\" role=\"button\" rel=\"noopener\">\n\t\t\t\t\t\t\tPR\u00c9SENTER UNE DEMANDE EN LIGNE MAINTENANT\n\t\t\t\t\t<\/a>\n\t<p>Ou envoyez-nous une demande papier<\/p>\n\t\t\t<a href=\"\/wp-content\/uploads\/sites\/215\/KidSport-Fort-Frances-Grant-Application-and-Guidelines-August-2023.pdf\" target=\"_blank\" role=\"button\" rel=\"noopener\">\n\t\t\t\t\t\tDEMANDE PAPIER\n\t\t\t\t\t<\/a>\n<h5>\n\t\tBesoin d\u2019aide?\n\t<\/h5>\n\t<p>We&#8217;re always happy to answer<\/p>\n<p>your questions:<\/p>\n<p>Call Elaine or Jacqueline at<\/p>\n<p>807-274-9827<\/p>\n<p>(ext. 303638 or 303637 )<\/p>\n<p>or send an email to: fortfrances@kidsportcanada.ca<\/p>\n<h2>\n\t\tCOMMON Questions\n\t<\/h2>\n\t\t\t<a href=\"#\" id=\"fl-accordion--label-0\">Comment SportJeunesse aide-t-il?<\/a>\n\t\t\t\t\t\t\t<a href=\"#\" id=\"fl-accordion--icon-0\"><i>Expand<\/i><\/a>\n\t\t<p>KidSport Fort Frances gives grants to families to help remove financial barriers to sport. KidSport grants help cover the cost of registration fees, for kids ages 3-18 years, So ALL Kids Can Play!<\/p>\n\t\t\t<a href=\"#\" id=\"fl-accordion--label-1\">Qu\u2019est-ce que la subvention SportJeunesse couvre?<\/a>\n\t\t\t\t\t\t\t<a href=\"#\" id=\"fl-accordion--icon-1\"><i>Expand<\/i><\/a>\n\t\t<p>KidSport grants cover the cost of sport registration fees and\/or equipment for qualified families. Grants are intended to remove financial barriers to sport programs, and cannot be applied to transportation or tournament fees.<\/p>\n\t\t\t<a href=\"#\" id=\"fl-accordion--label-2\">Quels sports sont admissibles?<\/a>\n\t\t\t\t\t\t\t<a href=\"#\" id=\"fl-accordion--icon-2\"><i>Expand<\/i><\/a>\n\t\t<p>KidSport supports participation in over 80 sports. Eligible organized sport programs and clubs must be affiliated with the provincial sport organization\/body and be a minimum of five (5) weeks in duration or be approved by the local chapter.<\/p>\n\t\t\t<a href=\"#\" id=\"fl-accordion--label-3\">What communities are covered by KidSport Fort Frances?<\/a>\n\t\t\t\t\t\t\t<a href=\"#\" id=\"fl-accordion--icon-3\"><i>Expand<\/i><\/a>\n\t\t<p>Children living in the Town of Fort Frances catchment area.<\/p>\n\t\t\t<a href=\"#\" id=\"fl-accordion--label-4\">Quelle est la date limite pour pr\u00e9senter une demande?<\/a>\n\t\t\t\t\t\t\t<a href=\"#\" id=\"fl-accordion--icon-4\"><i>Expand<\/i><\/a>\n\t\t<p>You must register your kid in a sports program prior to applying for KidSport funding.\u00a0 You should apply for a KidSport grant as soon as possible after your child has been registered.<\/p>\n<p>KidSport grants cannot be applied to programs that have already ended or have already been paid by parent or another organization.<\/p>\n<p>Each sport club is different, but many do require that KidSport registration be received prior to the program&#8217;s start date.<\/p>\n\t\t\t<a href=\"#\" id=\"fl-accordion--label-5\">Comment saurai-je si ma demande est accept\u00e9e?<\/a>\n\t\t\t\t\t\t\t<a href=\"#\" id=\"fl-accordion--icon-5\"><i>Expand<\/i><\/a>\n\t\t<p>Si vous avez pr\u00e9sent\u00e9 une demande en ligne, vous recevrez un courriel automatiquement produit par le syst\u00e8me vous informant des r\u00e9sultats de votre demande.<\/p>\n<p>If you have applied offline (in-person, through an emailed PDF form, or through a printed form), we will email or call you with follow-up information.<\/p>\n\t\t\t<a href=\"#\" id=\"fl-accordion--label-6\">Que dois-je faire pour d\u00e9montrer mon admissibilit\u00e9 financi\u00e8re?<\/a>\n\t\t\t\t\t\t\t<a href=\"#\" id=\"fl-accordion--icon-6\"><i>Expand<\/i><\/a>\n\t\t\n<p>We strongly recommend this option, as it is free, and the fastest way to obtain your statement. You may also request your statement by mail.<\/p>\n<p>We will also accept three (3) receipt pay stubs or your Canada Child Tax Benefit indicating your income.<\/p>\n\n<ul>\n<li><em>Canada Emergency Response Benefit (CERB)<\/em><\/li>\n<li><em>Employment Insurance Benefits<\/em><\/li>\n<li><em>Income Assistance or Indigenous Social Assistance<\/em><\/li>\n<li><em>Temporary Wage Top-Up (Low Income Essential Workers)<\/em><\/li>\n<li><em>Canada Emergency Student Benefit (CESB)<\/em><\/li>\n<\/ul>\n\t\t\t<a href=\"#\" id=\"fl-accordion--label-7\">Qu\u2019arrive-t-il si l\u2019enfant habite \u00e0 l\u2019ext\u00e9rieur de la r\u00e9gion que nous couvrons?<\/a>\n\t\t\t\t\t\t\t<a href=\"#\" id=\"fl-accordion--icon-7\"><i>Expand<\/i><\/a>\n\t\t<p>Si votre famille habite \u00e0 l\u2019ext\u00e9rieur de la r\u00e9gion que nous couvrons, vous pouvez pr\u00e9senter une demande au fonds provincial de SportJeunesse. Celui-ci sert d\u2019organisme ombrelle et couvre toutes les communaut\u00e9s qui n\u2019ont pas de section SportJeunesse.<\/p>\n<p>You can also email fortfrances@kidsportcanada.ca and we may be able to link you to other partners and programs.<\/p>\n\t\t\t<a href=\"#\" id=\"fl-accordion--label-8\">Mes renseignements sont-ils prot\u00e9g\u00e9s et confidentiels?<\/a>\n\t\t\t\t\t\t\t<a href=\"#\" id=\"fl-accordion--icon-8\"><i>Expand<\/i><\/a>\n\t\t<p>Oui, tous vos renseignements personnels seront sauvegard\u00e9s de fa\u00e7on s\u00e9curis\u00e9e et d\u00e9truits au moment appropri\u00e9. Notre syst\u00e8me de demande en ligne est s\u00e9curis\u00e9 et fiable. Jamais SportJeunesse et ses partenaires ne vendront ni ne divulgueront vos donn\u00e9es personnelles.<\/p>","protected":false},"excerpt":{"rendered":"<p>KidSport Fort Frances APPLY FOR A GRANT Start your application here. Scroll down to learn more about our program and get answers to all of your questions. APPLY ONLINE NOW What is a Grant? KidSport provides grants to kids from families facing financial barriers so they can participate in organized sport programs and experience the&hellip;<\/p>","protected":false},"author":16,"featured_media":196,"parent":0,"menu_order":0,"comment_status":"closed","ping_status":"closed","template":"","meta":{"_acf_changed":false,"footnotes":""},"class_list":["post-150","page","type-page","status-publish","has-post-thumbnail","hentry"],"acf":[],"yoast_head":"<!-- This site is optimized with the Yoast SEO plugin v27.4 - https:\/\/yoast.com\/product\/yoast-seo-wordpress\/ -->\n<title>Apply for a Grant - KidSport Fort Frances<\/title>\n<meta name=\"description\" content=\"Start your application here. KidSport provides grants to kids from families facing financial barriers so they can participate in registered sport programs.\" \/>\n<meta name=\"robots\" content=\"index, follow, max-snippet:-1, max-image-preview:large, max-video-preview:-1\" \/>\n<link rel=\"canonical\" href=\"https:\/\/kidsportcanada.ca\/ontario\/fort-frances\/fr\/apply-for-a-grant\/\" \/>\n<meta property=\"og:locale\" content=\"fr_CA\" \/>\n<meta property=\"og:type\" content=\"article\" \/>\n<meta property=\"og:title\" content=\"Apply for a Grant - KidSport Fort Frances\" \/>\n<meta property=\"og:description\" content=\"Start your application here. KidSport provides grants to kids from families facing financial barriers so they can participate in registered sport programs.\" \/>\n<meta property=\"og:url\" content=\"https:\/\/kidsportcanada.ca\/ontario\/fort-frances\/fr\/apply-for-a-grant\/\" \/>\n<meta property=\"og:site_name\" content=\"Fort Frances\" \/>\n<meta property=\"article:modified_time\" content=\"2023-08-17T16:16:53+00:00\" \/>\n<meta property=\"og:image\" content=\"https:\/\/kidsportcanada.ca\/wp-content\/uploads\/sites\/215\/devonte-1.jpg\" \/>\n\t<meta property=\"og:image:width\" content=\"1600\" \/>\n\t<meta property=\"og:image:height\" content=\"1000\" \/>\n\t<meta property=\"og:image:type\" content=\"image\/jpeg\" \/>\n<meta name=\"twitter:card\" content=\"summary_large_image\" \/>\n<meta name=\"twitter:label1\" content=\"Estimation du temps de lecture\" \/>\n\t<meta name=\"twitter:data1\" content=\"4 minutes\" \/>\n<script type=\"application\/ld+json\" class=\"yoast-schema-graph\">{\"@context\":\"https:\\\/\\\/schema.org\",\"@graph\":[{\"@type\":\"WebPage\",\"@id\":\"https:\\\/\\\/kidsportcanada.ca\\\/ontario\\\/fort-frances\\\/apply-for-a-grant\\\/\",\"url\":\"https:\\\/\\\/kidsportcanada.ca\\\/ontario\\\/fort-frances\\\/apply-for-a-grant\\\/\",\"name\":\"Apply for a Grant - KidSport Fort Frances\",\"isPartOf\":{\"@id\":\"https:\\\/\\\/kidsportcanada.ca\\\/ontario\\\/fort-frances\\\/#website\"},\"primaryImageOfPage\":{\"@id\":\"https:\\\/\\\/kidsportcanada.ca\\\/ontario\\\/fort-frances\\\/apply-for-a-grant\\\/#primaryimage\"},\"image\":{\"@id\":\"https:\\\/\\\/kidsportcanada.ca\\\/ontario\\\/fort-frances\\\/apply-for-a-grant\\\/#primaryimage\"},\"thumbnailUrl\":\"\\\/wp-content\\\/uploads\\\/sites\\\/215\\\/devonte-1.jpg\",\"datePublished\":\"2020-05-05T19:39:19+00:00\",\"dateModified\":\"2023-08-17T16:16:53+00:00\",\"description\":\"Start your application here. KidSport provides grants to kids from families facing financial barriers so they can participate in registered sport programs.\",\"breadcrumb\":{\"@id\":\"https:\\\/\\\/kidsportcanada.ca\\\/ontario\\\/fort-frances\\\/apply-for-a-grant\\\/#breadcrumb\"},\"inLanguage\":\"fr-CA\",\"potentialAction\":[{\"@type\":\"ReadAction\",\"target\":[\"https:\\\/\\\/kidsportcanada.ca\\\/ontario\\\/fort-frances\\\/apply-for-a-grant\\\/\"]}]},{\"@type\":\"ImageObject\",\"inLanguage\":\"fr-CA\",\"@id\":\"https:\\\/\\\/kidsportcanada.ca\\\/ontario\\\/fort-frances\\\/apply-for-a-grant\\\/#primaryimage\",\"url\":\"\\\/wp-content\\\/uploads\\\/sites\\\/215\\\/devonte-1.jpg\",\"contentUrl\":\"\\\/wp-content\\\/uploads\\\/sites\\\/215\\\/devonte-1.jpg\",\"width\":1600,\"height\":1000,\"caption\":\"A young boy sliding on the grass soccer field after scoring a goal\"},{\"@type\":\"BreadcrumbList\",\"@id\":\"https:\\\/\\\/kidsportcanada.ca\\\/ontario\\\/fort-frances\\\/apply-for-a-grant\\\/#breadcrumb\",\"itemListElement\":[{\"@type\":\"ListItem\",\"position\":1,\"name\":\"Home\",\"item\":\"https:\\\/\\\/kidsportcanada.ca\\\/ontario\\\/fort-frances\\\/\"},{\"@type\":\"ListItem\",\"position\":2,\"name\":\"Apply for a Grant\"}]},{\"@type\":\"WebSite\",\"@id\":\"https:\\\/\\\/kidsportcanada.ca\\\/ontario\\\/fort-frances\\\/#website\",\"url\":\"https:\\\/\\\/kidsportcanada.ca\\\/ontario\\\/fort-frances\\\/\",\"name\":\"Fort Frances\",\"description\":\"So all kids can play\",\"potentialAction\":[{\"@type\":\"SearchAction\",\"target\":{\"@type\":\"EntryPoint\",\"urlTemplate\":\"https:\\\/\\\/kidsportcanada.ca\\\/ontario\\\/fort-frances\\\/?s={search_term_string}\"},\"query-input\":{\"@type\":\"PropertyValueSpecification\",\"valueRequired\":true,\"valueName\":\"search_term_string\"}}],\"inLanguage\":\"fr-CA\"}]}<\/script>\n<!-- \/ Yoast SEO plugin. -->","yoast_head_json":{"title":"Apply for a Grant - KidSport Fort Frances","description":"Commencez \u00e0 remplir votre demande ici. SportJeunesse fournit des subventions aux enfants provenant de familles qui se heurtent \u00e0 des obstacles financiers afin qu\u2019ils puissent participer \u00e0 des programmes de sport.","robots":{"index":"index","follow":"follow","max-snippet":"max-snippet:-1","max-image-preview":"max-image-preview:large","max-video-preview":"max-video-preview:-1"},"canonical":"https:\/\/kidsportcanada.ca\/ontario\/fort-frances\/fr\/apply-for-a-grant\/","og_locale":"fr_CA","og_type":"article","og_title":"Apply for a Grant - KidSport Fort Frances","og_description":"Start your application here. KidSport provides grants to kids from families facing financial barriers so they can participate in registered sport programs.","og_url":"https:\/\/kidsportcanada.ca\/ontario\/fort-frances\/fr\/apply-for-a-grant\/","og_site_name":"Fort Frances","article_modified_time":"2023-08-17T16:16:53+00:00","og_image":[{"width":1600,"height":1000,"url":"https:\/\/kidsportcanada.ca\/wp-content\/uploads\/sites\/215\/devonte-1.jpg","type":"image\/jpeg"}],"twitter_card":"summary_large_image","twitter_misc":{"Estimation du temps de lecture":"4 minutes"},"schema":{"@context":"https:\/\/schema.org","@graph":[{"@type":"WebPage","@id":"https:\/\/kidsportcanada.ca\/ontario\/fort-frances\/apply-for-a-grant\/","url":"https:\/\/kidsportcanada.ca\/ontario\/fort-frances\/apply-for-a-grant\/","name":"Apply for a Grant - KidSport Fort Frances","isPartOf":{"@id":"https:\/\/kidsportcanada.ca\/ontario\/fort-frances\/#website"},"primaryImageOfPage":{"@id":"https:\/\/kidsportcanada.ca\/ontario\/fort-frances\/apply-for-a-grant\/#primaryimage"},"image":{"@id":"https:\/\/kidsportcanada.ca\/ontario\/fort-frances\/apply-for-a-grant\/#primaryimage"},"thumbnailUrl":"\/wp-content\/uploads\/sites\/215\/devonte-1.jpg","datePublished":"2020-05-05T19:39:19+00:00","dateModified":"2023-08-17T16:16:53+00:00","description":"Commencez \u00e0 remplir votre demande ici. SportJeunesse fournit des subventions aux enfants provenant de familles qui se heurtent \u00e0 des obstacles financiers afin qu\u2019ils puissent participer \u00e0 des programmes de sport.","breadcrumb":{"@id":"https:\/\/kidsportcanada.ca\/ontario\/fort-frances\/apply-for-a-grant\/#breadcrumb"},"inLanguage":"fr-CA","potentialAction":[{"@type":"ReadAction","target":["https:\/\/kidsportcanada.ca\/ontario\/fort-frances\/apply-for-a-grant\/"]}]},{"@type":"ImageObject","inLanguage":"fr-CA","@id":"https:\/\/kidsportcanada.ca\/ontario\/fort-frances\/apply-for-a-grant\/#primaryimage","url":"\/wp-content\/uploads\/sites\/215\/devonte-1.jpg","contentUrl":"\/wp-content\/uploads\/sites\/215\/devonte-1.jpg","width":1600,"height":1000,"caption":"A young boy sliding on the grass soccer field after scoring a goal"},{"@type":"BreadcrumbList","@id":"https:\/\/kidsportcanada.ca\/ontario\/fort-frances\/apply-for-a-grant\/#breadcrumb","itemListElement":[{"@type":"ListItem","position":1,"name":"Home","item":"https:\/\/kidsportcanada.ca\/ontario\/fort-frances\/"},{"@type":"ListItem","position":2,"name":"Apply for a Grant"}]},{"@type":"WebSite","@id":"https:\/\/kidsportcanada.ca\/ontario\/fort-frances\/#website","url":"https:\/\/kidsportcanada.ca\/ontario\/fort-frances\/","name":"Fort Frances","description":"So all kids can play","potentialAction":[{"@type":"SearchAction","target":{"@type":"EntryPoint","urlTemplate":"https:\/\/kidsportcanada.ca\/ontario\/fort-frances\/?s={search_term_string}"},"query-input":{"@type":"PropertyValueSpecification","valueRequired":true,"valueName":"search_term_string"}}],"inLanguage":"fr-CA"}]}},"_links":{"self":[{"href":"https:\/\/kidsportcanada.ca\/ontario\/fort-frances\/fr\/wp-json\/wp\/v2\/pages\/150","targetHints":{"allow":["GET"]}}],"collection":[{"href":"https:\/\/kidsportcanada.ca\/ontario\/fort-frances\/fr\/wp-json\/wp\/v2\/pages"}],"about":[{"href":"https:\/\/kidsportcanada.ca\/ontario\/fort-frances\/fr\/wp-json\/wp\/v2\/types\/page"}],"author":[{"embeddable":true,"href":"https:\/\/kidsportcanada.ca\/ontario\/fort-frances\/fr\/wp-json\/wp\/v2\/users\/16"}],"replies":[{"embeddable":true,"href":"https:\/\/kidsportcanada.ca\/ontario\/fort-frances\/fr\/wp-json\/wp\/v2\/comments?post=150"}],"version-history":[{"count":0,"href":"https:\/\/kidsportcanada.ca\/ontario\/fort-frances\/fr\/wp-json\/wp\/v2\/pages\/150\/revisions"}],"wp:featuredmedia":[{"embeddable":true,"href":"https:\/\/kidsportcanada.ca\/ontario\/fort-frances\/fr\/wp-json\/wp\/v2\/media\/196"}],"wp:attachment":[{"href":"https:\/\/kidsportcanada.ca\/ontario\/fort-frances\/fr\/wp-json\/wp\/v2\/media?parent=150"}],"curies":[{"name":"wp","href":"https:\/\/api.w.org\/{rel}","templated":true}]}}