
{"id":1050,"date":"2024-09-17T18:16:06","date_gmt":"2024-09-17T18:16:06","guid":{"rendered":"https:\/\/kidsportcanada.ca\/ontario\/?page_id=1050"},"modified":"2025-10-14T13:06:37","modified_gmt":"2025-10-14T13:06:37","slug":"gthl","status":"publish","type":"page","link":"https:\/\/kidsportcanada.ca\/ontario\/fr\/gthl\/","title":{"rendered":"Ligue de hockey du Grand Toronto + KidSport"},"content":{"rendered":"<img decoding=\"async\" src=\"\/wp-content\/uploads\/sites\/109\/GTHL-KSON-header.png\" alt=\"GTHL KSON header\" height=\"150\" width=\"1000\" title=\"GTHL KSON header\" loading=\"lazy\" \/>\n<h2>\n\t\t\tKidSport Ontario et la Ligue de hockey du Grand Toronto font \u00e9quipe pour aider TOUS les enfants \u00e0 jouer au hockey !\t<\/h2>\n\t<p>The Greater Toronto Hockey League and KidSport Ontario are proud to continue their partnership agreement into the 2025-2026 season. The partnership will strive to assist young athletes in GTHL house league and competitive (&#8216;AAA,&#8217; &#8216;AA,&#8217; &#8216;A&#8217;) programs in need of support by helping to remove financial barriers for new and current players.<\/p>\n<p>Individual grants from KidSport Ontario of $300 will be matched through the GTHL&#8217;s generous contribution, up to $600 per child per year!<\/p>\n\t\t\t<a href=\"https:\/\/kidsport.smartsimple.ca\/s_Login.jsp\" target=\"_self\" rel=\"noopener\">\n\t\t\t\t\t\tPr\u00e9sentez une demande maintenant\n\t\t\t\t\t<\/a>\n\t\t\t<a href=\"https:\/\/gthlcanada.com\/gthl-kidsport-ontario-continue-partnership-into-year-2-to-support-families-in-need\/\" target=\"_self\" rel=\"noopener\">\n\t\t\t\t\t\tLire le communiqu\u00e9 de presse\n\t\t\t\t\t<\/a>\n\t\t\t<a href=\"https:\/\/www.youtube.com\/watch?v=yLkMjhOoNjw\" target=\"_self\" rel=\"noopener\">\n\t\t\t\t\t\tVoir l'interview : Kurt Browning + GTHL\n\t\t\t\t\t<\/a>\n\t<h4>Comment poser sa candidature ?<\/h4>\n<p>Pour poser sa candidature aux programmes KidSport et GTHL, <strong>premier<\/strong> s'inscrire aupr\u00e8s de l'une des associations membres de la GTHL, dont la liste figure ci-dessous.<\/p>\n<p>After registering, apply for KidSport funding by clicking the &#8220;<a href=\"https:\/\/kidsportcanada.ca\/ontario\/fr\/provincial-fund\/\">Pr\u00e9sentez une demande maintenant<\/a>&#8221; button above. Review the eligibility requirements listed on the pages, then complete the online application form, provide the necessary documentation, and we will be in touch!<\/p>\n<h4>Associations membres de la Ligue de hockey du Grand Toronto<\/h4>\n<strong>Comp\u00e9titif<\/strong>:\u00a0<a title=\"https:\/\/gthlcanada.com\/members\/?c=competitive\" href=\"https:\/\/gthlcanada.com\/members\/?c=competitive\" data-auth=\"NotApplicable\" data-linkindex=\"0\">https:\/\/gthlcanada.com\/members\/?c=competitive<\/a>\n<strong>Ligue de l'habitat<\/strong>:\u00a0<a title=\"https:\/\/gthlcanada.com\/members\/?c=house-league\" href=\"https:\/\/gthlcanada.com\/members\/?c=house-league\" data-auth=\"NotApplicable\" data-linkindex=\"1\">https:\/\/gthlcanada.com\/members\/?c=house-league<\/a>\n<table width=\"632\">\n<tbody>\n<tr>\n<td width=\"251\">Avalanche<\/td>\n<td width=\"69\"><\/td>\n<td width=\"235\">Ligue des maisons Parkwoods<\/td>\n<\/tr>\n<tr>\n<td width=\"251\">Canards de la route de l'Avenue<\/td>\n<td width=\"69\"><\/td>\n<td width=\"235\">Reps Hockey Club<\/td>\n<\/tr>\n<tr>\n<td width=\"251\">Don Mills Flyers<\/td>\n<td width=\"69\"><\/td>\n<td width=\"235\">Scarborough Ice Raiders<\/td>\n<\/tr>\n<tr>\n<td width=\"251\">Don Mills Mustangs<\/td>\n<td width=\"69\"><\/td>\n<td width=\"235\">Les jeunes Bruins de Scarborough<\/td>\n<\/tr>\n<tr>\n<td width=\"251\">Diables de Duffield<\/td>\n<td width=\"69\"><\/td>\n<td width=\"235\">Seaside Hockey<\/td>\n<\/tr>\n<tr>\n<td width=\"251\">Club sportif de Duffield<\/td>\n<td width=\"69\"><\/td>\n<td width=\"235\">SHA Hockey Club<\/td>\n<\/tr>\n<tr>\n<td width=\"251\">East Enders Ticats<\/td>\n<td width=\"69\"><\/td>\n<td width=\"235\">Streetsville Derby<\/td>\n<\/tr>\n<tr>\n<td width=\"251\">Association de hockey d'East York<\/td>\n<td width=\"69\"><\/td>\n<td width=\"235\">Streetsville Tigers<\/td>\n<\/tr>\n<tr>\n<td width=\"251\">Ligue de hockey d'Etobicoke<\/td>\n<td width=\"69\"><\/td>\n<td width=\"235\">Association de hockey Ted Reeve<\/td>\n<\/tr>\n<tr>\n<td width=\"251\">Club sportif Faustina<\/td>\n<td width=\"69\"><\/td>\n<td width=\"235\">Ted Reeve Thunder<\/td>\n<\/tr>\n<tr>\n<td width=\"251\">Faustina Toros<\/td>\n<td width=\"69\"><\/td>\n<td width=\"235\">L'attaque<\/td>\n<\/tr>\n<tr>\n<td width=\"251\">Association de hockey de Forest Hill<\/td>\n<td width=\"69\"><\/td>\n<td width=\"235\">Thorncrest Hockey<\/td>\n<\/tr>\n<tr>\n<td width=\"251\">Association de hockey mineur George Bell<\/td>\n<td width=\"69\"><\/td>\n<td width=\"235\">Hockey communautaire de Thornhill<\/td>\n<\/tr>\n<tr>\n<td width=\"251\">Association de hockey de Goulding Park<\/td>\n<td width=\"69\"><\/td>\n<td width=\"235\">Thunder Bay Kings<\/td>\n<\/tr>\n<tr>\n<td width=\"251\">Goulding Park Rangers<\/td>\n<td width=\"69\"><\/td>\n<td width=\"235\">Toronto Aeros<\/td>\n<\/tr>\n<tr>\n<td width=\"251\">Capitales du Grand Toronto<\/td>\n<td width=\"69\"><\/td>\n<td width=\"235\">Aigles de Toronto<\/td>\n<\/tr>\n<tr>\n<td width=\"251\">Canadiens de Hillcrest<\/td>\n<td width=\"69\"><\/td>\n<td width=\"235\">Canadiens Jr. de Toronto<\/td>\n<\/tr>\n<tr>\n<td width=\"251\">Hillcrest Hockey<\/td>\n<td width=\"69\"><\/td>\n<td width=\"235\">Marlboros de Toronto<\/td>\n<\/tr>\n<tr>\n<td width=\"251\">Sharks de la vall\u00e9e de l'Humber<\/td>\n<td width=\"69\"><\/td>\n<td width=\"235\">Les Red Wings de Toronto<\/td>\n<\/tr>\n<tr>\n<td width=\"251\">Association de hockey de la vall\u00e9e de l'Humber<\/td>\n<td width=\"69\"><\/td>\n<td width=\"235\">Royaux de Toronto<\/td>\n<\/tr>\n<tr>\n<td width=\"251\">Humberview Huskies<\/td>\n<td width=\"69\"><\/td>\n<td width=\"235\">Les Shamrocks de Toronto<\/td>\n<\/tr>\n<tr>\n<td width=\"251\">Flammes de Leaside<\/td>\n<td width=\"69\"><\/td>\n<td width=\"235\">Titans de Toronto<\/td>\n<\/tr>\n<tr>\n<td width=\"251\">Association de hockey de Leaside<\/td>\n<td width=\"69\"><\/td>\n<td width=\"235\">Les Wolverines de Toronto<\/td>\n<\/tr>\n<tr>\n<td width=\"251\">Les Islanders de Markham<\/td>\n<td width=\"69\"><\/td>\n<td width=\"235\">Les jeunes nationaux de Toronto<\/td>\n<\/tr>\n<tr>\n<td width=\"251\">Markham Majors<\/td>\n<td width=\"69\"><\/td>\n<td width=\"235\">Association de hockey de la ville de Vaughan<\/td>\n<\/tr>\n<tr>\n<td width=\"251\">Les Canadiens de Mimico Hockey<\/td>\n<td width=\"69\"><\/td>\n<td width=\"235\">JCC de Vaughan<\/td>\n<\/tr>\n<tr>\n<td width=\"251\">Mississauga Beast<\/td>\n<td width=\"69\"><\/td>\n<td width=\"235\">Vaughan Kings<\/td>\n<\/tr>\n<tr>\n<td width=\"251\">Ligue de hockey de Mississauga<\/td>\n<td width=\"69\"><\/td>\n<td width=\"235\">Vaughan Panthers<\/td>\n<\/tr>\n<tr>\n<td width=\"251\">Jets de Mississauga<\/td>\n<td width=\"69\"><\/td>\n<td width=\"235\">Vaughan Rangers<\/td>\n<\/tr>\n<tr>\n<td width=\"251\">Mississauga North Stars<\/td>\n<td width=\"69\"><\/td>\n<td width=\"235\">Vaughan Rangers East<\/td>\n<\/tr>\n<tr>\n<td width=\"251\">Rattlers de Mississauga<\/td>\n<td width=\"69\"><\/td>\n<td width=\"235\">Victoria Village Hockey<\/td>\n<\/tr>\n<tr>\n<td width=\"251\">Les Rebelles de Mississauga<\/td>\n<td width=\"69\"><\/td>\n<td width=\"235\">Warren Park Hockey<\/td>\n<\/tr>\n<tr>\n<td width=\"251\">S\u00e9nateurs de Mississauga<\/td>\n<td width=\"69\"><\/td>\n<td width=\"235\">Association de hockey mineur de West Hill<\/td>\n<\/tr>\n<tr>\n<td width=\"251\">Terriers de Mississauga<\/td>\n<td width=\"69\"><\/td>\n<td width=\"235\">West Hill Golden Hawks<\/td>\n<\/tr>\n<tr>\n<td width=\"251\">Toronto Nord<\/td>\n<td width=\"69\"><\/td>\n<td width=\"235\">West Mall Hockey<\/td>\n<\/tr>\n<tr>\n<td width=\"251\">North Toronto Hockey Association<\/td>\n<td width=\"69\"><\/td>\n<td width=\"235\">\u00c9clairage du centre commercial Ouest<\/td>\n<\/tr>\n<tr>\n<td width=\"251\">Ligue de hockey de North York<\/td>\n<td width=\"69\"><\/td>\n<td width=\"235\">Ligue de hockey mineur de Weston<\/td>\n<\/tr>\n<tr>\n<td width=\"251\">North York Knights<\/td>\n<td width=\"69\"><\/td>\n<td width=\"235\">Les Hawks de Willowdale<\/td>\n<\/tr>\n<tr>\n<td width=\"251\">North York Rangers<\/td>\n<td width=\"69\"><\/td>\n<td width=\"235\">Club sportif de Willowdale<\/td>\n<\/tr>\n<tr>\n<td width=\"251\">Association de hockey Parkdale Flames<\/td>\n<td width=\"69\"><\/td>\n<td width=\"235\">York Mills Hockey Club<\/td>\n<\/tr>\n<\/tbody>\n<\/table>\n<h2>\n\t\t\tQuestions communes\t<\/h2>\n\t\t\t\t\t<a href=\"#\" id=\"fl-accordion--label-0\" aria-controls=\"fl-accordion--panel-0\">\u00c0 quelle section dois-je m'adresser ?<\/a>\n\t\t\t\t\t\t\t\t\t\t\t<a href=\"#\" id=\"fl-accordion--icon-0\"><i title=\"\u00c9largir\">\u00c9largir<\/i><\/a>\n\t\t\t\t\t<p>Toutes les demandes pour un programme GTHL doivent \u00eatre soumises au Fonds provincial, quel que soit votre lieu de r\u00e9sidence.<\/p>\n\t\t\t\t\t<a href=\"#\" id=\"fl-accordion--label-1\" aria-controls=\"fl-accordion--panel-1\">La demande indique que le montant maximum est de $250. Je pensais que c'\u00e9tait $600 ?<\/a>\n\t\t\t\t\t\t\t\t\t\t\t<a href=\"#\" id=\"fl-accordion--icon-1\"><i title=\"\u00c9largir\">\u00c9largir<\/i><\/a>\n\t\t\t\t\t<p>Vous avez raison ! Notre financement moyen pour tous les sports est de $250, mais si vous demandez une subvention pour participer \u00e0 un programme GTHL, le maximum sera de $600. Inscrivez ce montant dans le formulaire.<\/p>\n\t\t\t\t\t<a href=\"#\" id=\"fl-accordion--label-2\" aria-controls=\"fl-accordion--panel-2\">Comment saurai-je que ma demande a \u00e9t\u00e9 approuv\u00e9e ?<\/a>\n\t\t\t\t\t\t\t\t\t\t\t<a href=\"#\" id=\"fl-accordion--icon-2\"><i title=\"\u00c9largir\">\u00c9largir<\/i><\/a>\n\t\t\t\t\t<p>Vous recevrez un courriel de KidSport Ontario vous informant de l'\u00e9tat final de votre demande une fois que nous l'aurons trait\u00e9e. Vous pouvez vous connecter \u00e0 votre demande pour en v\u00e9rifier l'\u00e9tat \u00e0 tout moment. Si vous avez des questions, vous pouvez nous envoyer un courriel \u00e0 l'adresse suivante\u00a0<a href=\"\/ontario\/fr\/info@kidsportontario.ca\/\">info@kidsportontario.ca<\/a><\/p>","protected":false},"excerpt":{"rendered":"<p>KidSport Ontario and the Greater Toronto Hockey League team up to help ALL kids play hockey! The Greater Toronto Hockey League and KidSport Ontario are proud to continue their partnership agreement into the 2025-2026 season. The partnership will strive to assist young athletes in GTHL house league and competitive (&#8216;AAA,&#8217; &#8216;AA,&#8217; &#8216;A&#8217;) programs in need&hellip;<\/p>","protected":false},"author":50,"featured_media":0,"parent":0,"menu_order":0,"comment_status":"closed","ping_status":"closed","template":"","meta":{"_acf_changed":false,"footnotes":""},"class_list":["post-1050","page","type-page","status-publish","hentry"],"acf":[],"yoast_head":"<!-- This site is optimized with the Yoast SEO plugin v27.4 - https:\/\/yoast.com\/product\/yoast-seo-wordpress\/ -->\n<title>Greater Toronto Hockey League + KidSport - Ontario<\/title>\n<meta name=\"description\" content=\"KidSport Ontario and the Greater Toronto Hockey League are partnering to ensure that kids facing financial barriers are able to play hockey.\" \/>\n<meta name=\"robots\" content=\"index, follow, max-snippet:-1, max-image-preview:large, max-video-preview:-1\" \/>\n<link rel=\"canonical\" href=\"https:\/\/kidsportcanada.ca\/ontario\/fr\/gthl\/\" \/>\n<meta property=\"og:locale\" content=\"fr_CA\" \/>\n<meta property=\"og:type\" content=\"article\" \/>\n<meta property=\"og:title\" content=\"Greater Toronto Hockey League + KidSport - Ontario\" \/>\n<meta property=\"og:description\" content=\"KidSport Ontario and the Greater Toronto Hockey League are partnering to ensure that kids facing financial barriers are able to play hockey.\" \/>\n<meta property=\"og:url\" content=\"https:\/\/kidsportcanada.ca\/ontario\/fr\/gthl\/\" \/>\n<meta property=\"og:site_name\" content=\"Ontario\" \/>\n<meta property=\"article:modified_time\" content=\"2025-10-14T13:06:37+00:00\" \/>\n<meta name=\"twitter:card\" content=\"summary_large_image\" \/>\n<meta name=\"twitter:label1\" content=\"Estimation du temps de lecture\" \/>\n\t<meta name=\"twitter:data1\" content=\"3 minutes\" \/>\n<script type=\"application\/ld+json\" class=\"yoast-schema-graph\">{\"@context\":\"https:\\\/\\\/schema.org\",\"@graph\":[{\"@type\":\"WebPage\",\"@id\":\"https:\\\/\\\/kidsportcanada.ca\\\/ontario\\\/gthl\\\/\",\"url\":\"https:\\\/\\\/kidsportcanada.ca\\\/ontario\\\/gthl\\\/\",\"name\":\"Greater Toronto Hockey League + KidSport - Ontario\",\"isPartOf\":{\"@id\":\"https:\\\/\\\/kidsportcanada.ca\\\/ontario\\\/#website\"},\"datePublished\":\"2024-09-17T18:16:06+00:00\",\"dateModified\":\"2025-10-14T13:06:37+00:00\",\"description\":\"KidSport Ontario and the Greater Toronto Hockey League are partnering to ensure that kids facing financial barriers are able to play hockey.\",\"breadcrumb\":{\"@id\":\"https:\\\/\\\/kidsportcanada.ca\\\/ontario\\\/gthl\\\/#breadcrumb\"},\"inLanguage\":\"fr-CA\",\"potentialAction\":[{\"@type\":\"ReadAction\",\"target\":[\"https:\\\/\\\/kidsportcanada.ca\\\/ontario\\\/gthl\\\/\"]}]},{\"@type\":\"BreadcrumbList\",\"@id\":\"https:\\\/\\\/kidsportcanada.ca\\\/ontario\\\/gthl\\\/#breadcrumb\",\"itemListElement\":[{\"@type\":\"ListItem\",\"position\":1,\"name\":\"Home\",\"item\":\"https:\\\/\\\/kidsportcanada.ca\\\/ontario\\\/\"},{\"@type\":\"ListItem\",\"position\":2,\"name\":\"Greater Toronto Hockey League + KidSport\"}]},{\"@type\":\"WebSite\",\"@id\":\"https:\\\/\\\/kidsportcanada.ca\\\/ontario\\\/#website\",\"url\":\"https:\\\/\\\/kidsportcanada.ca\\\/ontario\\\/\",\"name\":\"Ontario\",\"description\":\"So ALL kids can play\",\"publisher\":{\"@id\":\"https:\\\/\\\/kidsportcanada.ca\\\/ontario\\\/#organization\"},\"potentialAction\":[{\"@type\":\"SearchAction\",\"target\":{\"@type\":\"EntryPoint\",\"urlTemplate\":\"https:\\\/\\\/kidsportcanada.ca\\\/ontario\\\/?s={search_term_string}\"},\"query-input\":{\"@type\":\"PropertyValueSpecification\",\"valueRequired\":true,\"valueName\":\"search_term_string\"}}],\"inLanguage\":\"fr-CA\"},{\"@type\":\"Organization\",\"@id\":\"https:\\\/\\\/kidsportcanada.ca\\\/ontario\\\/#organization\",\"name\":\"KidSport Ontario\",\"url\":\"https:\\\/\\\/kidsportcanada.ca\\\/ontario\\\/\",\"logo\":{\"@type\":\"ImageObject\",\"inLanguage\":\"fr-CA\",\"@id\":\"https:\\\/\\\/kidsportcanada.ca\\\/ontario\\\/#\\\/schema\\\/logo\\\/image\\\/\",\"url\":\"\\\/wp-content\\\/uploads\\\/sites\\\/109\\\/KidSportON_vert_logo_blk.jpg\",\"contentUrl\":\"\\\/wp-content\\\/uploads\\\/sites\\\/109\\\/KidSportON_vert_logo_blk.jpg\",\"width\":954,\"height\":1600,\"caption\":\"KidSport Ontario\"},\"image\":{\"@id\":\"https:\\\/\\\/kidsportcanada.ca\\\/ontario\\\/#\\\/schema\\\/logo\\\/image\\\/\"}}]}<\/script>\n<!-- \/ Yoast SEO plugin. -->","yoast_head_json":{"title":"Greater Toronto Hockey League + KidSport - Ontario","description":"KidSport Ontario and the Greater Toronto Hockey League are partnering to ensure that kids facing financial barriers are able to play hockey.","robots":{"index":"index","follow":"follow","max-snippet":"max-snippet:-1","max-image-preview":"max-image-preview:large","max-video-preview":"max-video-preview:-1"},"canonical":"https:\/\/kidsportcanada.ca\/ontario\/fr\/gthl\/","og_locale":"fr_CA","og_type":"article","og_title":"Greater Toronto Hockey League + KidSport - Ontario","og_description":"KidSport Ontario and the Greater Toronto Hockey League are partnering to ensure that kids facing financial barriers are able to play hockey.","og_url":"https:\/\/kidsportcanada.ca\/ontario\/fr\/gthl\/","og_site_name":"Ontario","article_modified_time":"2025-10-14T13:06:37+00:00","twitter_card":"summary_large_image","twitter_misc":{"Estimation du temps de lecture":"3 minutes"},"schema":{"@context":"https:\/\/schema.org","@graph":[{"@type":"WebPage","@id":"https:\/\/kidsportcanada.ca\/ontario\/gthl\/","url":"https:\/\/kidsportcanada.ca\/ontario\/gthl\/","name":"Greater Toronto Hockey League + KidSport - Ontario","isPartOf":{"@id":"https:\/\/kidsportcanada.ca\/ontario\/#website"},"datePublished":"2024-09-17T18:16:06+00:00","dateModified":"2025-10-14T13:06:37+00:00","description":"KidSport Ontario and the Greater Toronto Hockey League are partnering to ensure that kids facing financial barriers are able to play hockey.","breadcrumb":{"@id":"https:\/\/kidsportcanada.ca\/ontario\/gthl\/#breadcrumb"},"inLanguage":"fr-CA","potentialAction":[{"@type":"ReadAction","target":["https:\/\/kidsportcanada.ca\/ontario\/gthl\/"]}]},{"@type":"BreadcrumbList","@id":"https:\/\/kidsportcanada.ca\/ontario\/gthl\/#breadcrumb","itemListElement":[{"@type":"ListItem","position":1,"name":"Home","item":"https:\/\/kidsportcanada.ca\/ontario\/"},{"@type":"ListItem","position":2,"name":"Greater Toronto Hockey League + KidSport"}]},{"@type":"WebSite","@id":"https:\/\/kidsportcanada.ca\/ontario\/#website","url":"https:\/\/kidsportcanada.ca\/ontario\/","name":"Ontario","description":"Pour que TOUS les enfants puissent jouer","publisher":{"@id":"https:\/\/kidsportcanada.ca\/ontario\/#organization"},"potentialAction":[{"@type":"SearchAction","target":{"@type":"EntryPoint","urlTemplate":"https:\/\/kidsportcanada.ca\/ontario\/?s={search_term_string}"},"query-input":{"@type":"PropertyValueSpecification","valueRequired":true,"valueName":"search_term_string"}}],"inLanguage":"fr-CA"},{"@type":"Organization","@id":"https:\/\/kidsportcanada.ca\/ontario\/#organization","name":"SportJeunesse Ontario","url":"https:\/\/kidsportcanada.ca\/ontario\/","logo":{"@type":"ImageObject","inLanguage":"fr-CA","@id":"https:\/\/kidsportcanada.ca\/ontario\/#\/schema\/logo\/image\/","url":"\/wp-content\/uploads\/sites\/109\/KidSportON_vert_logo_blk.jpg","contentUrl":"\/wp-content\/uploads\/sites\/109\/KidSportON_vert_logo_blk.jpg","width":954,"height":1600,"caption":"KidSport Ontario"},"image":{"@id":"https:\/\/kidsportcanada.ca\/ontario\/#\/schema\/logo\/image\/"}}]}},"_links":{"self":[{"href":"https:\/\/kidsportcanada.ca\/ontario\/fr\/wp-json\/wp\/v2\/pages\/1050","targetHints":{"allow":["GET"]}}],"collection":[{"href":"https:\/\/kidsportcanada.ca\/ontario\/fr\/wp-json\/wp\/v2\/pages"}],"about":[{"href":"https:\/\/kidsportcanada.ca\/ontario\/fr\/wp-json\/wp\/v2\/types\/page"}],"author":[{"embeddable":true,"href":"https:\/\/kidsportcanada.ca\/ontario\/fr\/wp-json\/wp\/v2\/users\/50"}],"replies":[{"embeddable":true,"href":"https:\/\/kidsportcanada.ca\/ontario\/fr\/wp-json\/wp\/v2\/comments?post=1050"}],"version-history":[{"count":0,"href":"https:\/\/kidsportcanada.ca\/ontario\/fr\/wp-json\/wp\/v2\/pages\/1050\/revisions"}],"wp:attachment":[{"href":"https:\/\/kidsportcanada.ca\/ontario\/fr\/wp-json\/wp\/v2\/media?parent=1050"}],"curies":[{"name":"wp","href":"https:\/\/api.w.org\/{rel}","templated":true}]}}