
{"id":110,"date":"2020-03-19T16:51:49","date_gmt":"2020-03-19T16:51:49","guid":{"rendered":"https:\/\/kidsportcanada.ca\/ontario\/?page_id=110"},"modified":"2025-07-02T20:27:07","modified_gmt":"2025-07-02T20:27:07","slug":"get-involved","status":"publish","type":"page","link":"https:\/\/kidsportcanada.ca\/ontario\/fr\/get-involved\/","title":{"rendered":"S\u2019impliquer"},"content":{"rendered":"<h4>SportJeunesse Ontario<\/h4>\r\n<h1>S\u2019IMPLIQUER<\/h1>\r\n<h3>Il y a d\u2019innombrables fa\u00e7ons de faire en sorte que TOUS les enfants puissent jouer! Trouvez votre fa\u00e7on et joignez-vous \u00e0 l\u2019\u00e9quipe de SportJeunesse Ontario.<\/h3>\r\n<h2>Organiser un \u00e9v\u00e9nement<\/h2>\r\n<p>Faites de SportJeunesse votre organisme caritatif de choix pour vos tournois de golf, mariages ou anniversaires, ou pour rendre hommage \u00e0 un membre de votre communaut\u00e9. SportJeunesse convient tr\u00e8s bien \u00e0 n\u2019importe quelle activit\u00e9 communautaire.<\/p>\r\n<p>SportJeunesse est aussi un excellent \u00e9l\u00e9ment rassembleur pour les milieux de travail : les activit\u00e9s comme le vendredi d\u00e9contract\u00e9, les f\u00eates, les barbecues de remerciement de la client\u00e8le, les tournois de baseball et les paris sur le hockey sont plus agr\u00e9ables lorsqu\u2019on y ajoute une composante philanthropique. Donnez une partie de vos profits, sinon tous, \u00e0 SportJeunesse Ontario.<\/p>\r\n<p>Need help getting started? Get in touch &#8211; we&#8217;re game for whatever you can dream up!<\/p>\r\n<h5>Donnez \u00e0 SportJeunesse<\/h5>\r\n<p>Tous les fonds recueillis par SportJeunesse Ontario restent ici dans notre communaut\u00e9 pour cr\u00e9er des possibilit\u00e9s de sport pour les enfants d\u2019ici.<\/p>\r\n<p><a role=\"button\" href=\"https:\/\/secure.kidsportcanada.org\/p2p\/fundraising\/368222\/participant\/5015401\/en-CA\" target=\"_self\" rel=\"noopener\"> DONNER <\/a><\/p>\r\n<h2>Devenez club sportif partenaire<\/h2>\r\n<p>Si vous faites partie d\u2019un club et que vous voulez rendre votre sport plus accessible aux enfants d\u2019ici qui se heurtent \u00e0 des obstacles financiers, SportJeunesse Ontario peut aider. \u00c0 l\u2019inscription, encouragez les familles \u00e0 pr\u00e9senter une demande de subvention SportJeunesse Afin que TOUS les enfants puissent jouer!<\/p>\r\n<p>Our sport club partners do so much more than deliver the programming that gets kids into the game &#8211; many also fundraise for KidSport, and donate leftover funds at the end of the season &#8211; tapping into the real power of kids helping kids.<\/p>\r\n<p>Associez-vous \u00e0 SportJeunesse Ontario pour l\u2019aider \u00e0 accomplir sa mission, qui consiste \u00e0 donner le sport en cadeau \u00e0 tous les enfants! Envoyez un courriel \u00e0             <span class=\"emailaddress-div\">\n            <a href=\"mailto:info@kidsportontario.ca\">info@kidsportontario.ca<\/a>\n             pour discuter des possibilit\u00e9s de partenariat.<\/p>\r\n<h2>Faire du b\u00e9n\u00e9volat<\/h2>\r\n<p>SportJeunesse est un organisme communautaire, alors les possibilit\u00e9s de b\u00e9n\u00e9volat se trouvent surtout au niveau local. Vous pouvez chercher votre section communautaire ici et communiquer directement avec ses responsables pour conna\u00eetre les possibilit\u00e9s de b\u00e9n\u00e9volat dans votre localit\u00e9.<\/p>\r\n<p>Don&#8217;t sweat if your community doesn&#8217;t yet have a community chapter &#8211; there are still many ways to get involved! Reach out to KidSport Ontario by email at             <span class=\"emailaddress-div\">\n            <a href=\"mailto:info@kidsportontario.ca\">info@kidsportontario.ca<\/a>\n             au             <span class=\"phonenumber-div\">\n            <a href=\"tel:416-899-9106\">416-899-9106<\/a>\n            .<\/p>\r\n<h5>\u00a0<\/h5>\r\n<h2>Donate For Kids Like Danila<\/h2>\r\n<h3>Pour elle, entrer dans le jeu d\u00e9clenche un sentiment d'appartenance, forge le caract\u00e8re, favorise une meilleure sant\u00e9, renforce la confiance et lib\u00e8re le potentiel.<\/h3>\r\n<p><a href=\"\/ontario\/fr\/void(0)\/\" target=\"_self\" rel=\"noopener\"> REGARDER LE FILM <\/a> <a href=\"\/ontario\/fr\/void(0)\/\" target=\"_self\" rel=\"noopener\"> REGARDE LE FILM <\/a> <a role=\"button\" href=\"https:\/\/secure.kidsportcanada.org\/p2p\/fundraising\/368222\/participant\/5015401\/en-CA\" target=\"_self\" rel=\"noopener\"> DONNER <\/a><\/p>","protected":false},"excerpt":{"rendered":"<p>KidSport Ontario GET INVOLVED There are so many ways you can make it So ALL Kids Can Play! Find your way and join the KidSport Ontario team. HOST AN EVENT Make KidSport your charity of choice for golf tournaments, weddings, birthdays or recognize someone in the community through a tribute donation. KidSport is a great&hellip;<\/p>","protected":false},"author":16,"featured_media":194,"parent":0,"menu_order":0,"comment_status":"closed","ping_status":"closed","template":"","meta":{"_acf_changed":false,"footnotes":""},"class_list":["post-110","page","type-page","status-publish","has-post-thumbnail","hentry"],"acf":[],"yoast_head":"<!-- This site is optimized with the Yoast SEO plugin v27.4 - https:\/\/yoast.com\/product\/yoast-seo-wordpress\/ -->\n<title>Get Involved - KidSport Ontario<\/title>\n<meta name=\"description\" content=\"Volunteer with KidSport, host an event or become a sport partner. There are so many ways you can make it So ALL Kids Can Play!\" \/>\n<meta name=\"robots\" content=\"index, follow, max-snippet:-1, max-image-preview:large, max-video-preview:-1\" \/>\n<link rel=\"canonical\" href=\"https:\/\/kidsportcanada.ca\/ontario\/fr\/get-involved\/\" \/>\n<meta property=\"og:locale\" content=\"fr_CA\" \/>\n<meta property=\"og:type\" content=\"article\" \/>\n<meta property=\"og:title\" content=\"Get Involved - KidSport Ontario\" \/>\n<meta property=\"og:description\" content=\"Volunteer with KidSport, host an event or become a sport partner. There are so many ways you can make it So ALL Kids Can Play!\" \/>\n<meta property=\"og:url\" content=\"https:\/\/kidsportcanada.ca\/ontario\/fr\/get-involved\/\" \/>\n<meta property=\"og:site_name\" content=\"Ontario\" \/>\n<meta property=\"article:modified_time\" content=\"2025-07-02T20:27:07+00:00\" \/>\n<meta property=\"og:image\" content=\"https:\/\/kidsportcanada.ca\/wp-content\/uploads\/sites\/109\/kidsport-hands-together.jpg\" \/>\n\t<meta property=\"og:image:width\" content=\"1600\" \/>\n\t<meta property=\"og:image:height\" content=\"1000\" \/>\n\t<meta property=\"og:image:type\" content=\"image\/jpeg\" \/>\n<meta name=\"twitter:card\" content=\"summary_large_image\" \/>\n<meta name=\"twitter:label1\" content=\"Estimation du temps de lecture\" \/>\n\t<meta name=\"twitter:data1\" content=\"2 minutes\" \/>\n<script type=\"application\/ld+json\" class=\"yoast-schema-graph\">{\"@context\":\"https:\\\/\\\/schema.org\",\"@graph\":[{\"@type\":\"WebPage\",\"@id\":\"https:\\\/\\\/kidsportcanada.ca\\\/ontario\\\/get-involved\\\/\",\"url\":\"https:\\\/\\\/kidsportcanada.ca\\\/ontario\\\/get-involved\\\/\",\"name\":\"Get Involved - KidSport Ontario\",\"isPartOf\":{\"@id\":\"https:\\\/\\\/kidsportcanada.ca\\\/ontario\\\/#website\"},\"primaryImageOfPage\":{\"@id\":\"https:\\\/\\\/kidsportcanada.ca\\\/ontario\\\/get-involved\\\/#primaryimage\"},\"image\":{\"@id\":\"https:\\\/\\\/kidsportcanada.ca\\\/ontario\\\/get-involved\\\/#primaryimage\"},\"thumbnailUrl\":\"\\\/wp-content\\\/uploads\\\/sites\\\/109\\\/kidsport-hands-together.jpg\",\"datePublished\":\"2020-03-19T16:51:49+00:00\",\"dateModified\":\"2025-07-02T20:27:07+00:00\",\"description\":\"Volunteer with KidSport, host an event or become a sport partner. There are so many ways you can make it So ALL Kids Can Play!\",\"breadcrumb\":{\"@id\":\"https:\\\/\\\/kidsportcanada.ca\\\/ontario\\\/get-involved\\\/#breadcrumb\"},\"inLanguage\":\"fr-CA\",\"potentialAction\":[{\"@type\":\"ReadAction\",\"target\":[\"https:\\\/\\\/kidsportcanada.ca\\\/ontario\\\/get-involved\\\/\"]}]},{\"@type\":\"ImageObject\",\"inLanguage\":\"fr-CA\",\"@id\":\"https:\\\/\\\/kidsportcanada.ca\\\/ontario\\\/get-involved\\\/#primaryimage\",\"url\":\"\\\/wp-content\\\/uploads\\\/sites\\\/109\\\/kidsport-hands-together.jpg\",\"contentUrl\":\"\\\/wp-content\\\/uploads\\\/sites\\\/109\\\/kidsport-hands-together.jpg\",\"width\":1600,\"height\":1000,\"caption\":\"A group of young girls in a team huddle before starting their soccer match\"},{\"@type\":\"BreadcrumbList\",\"@id\":\"https:\\\/\\\/kidsportcanada.ca\\\/ontario\\\/get-involved\\\/#breadcrumb\",\"itemListElement\":[{\"@type\":\"ListItem\",\"position\":1,\"name\":\"Home\",\"item\":\"https:\\\/\\\/kidsportcanada.ca\\\/ontario\\\/\"},{\"@type\":\"ListItem\",\"position\":2,\"name\":\"Get Involved\"}]},{\"@type\":\"WebSite\",\"@id\":\"https:\\\/\\\/kidsportcanada.ca\\\/ontario\\\/#website\",\"url\":\"https:\\\/\\\/kidsportcanada.ca\\\/ontario\\\/\",\"name\":\"Ontario\",\"description\":\"So ALL kids can play\",\"publisher\":{\"@id\":\"https:\\\/\\\/kidsportcanada.ca\\\/ontario\\\/#organization\"},\"potentialAction\":[{\"@type\":\"SearchAction\",\"target\":{\"@type\":\"EntryPoint\",\"urlTemplate\":\"https:\\\/\\\/kidsportcanada.ca\\\/ontario\\\/?s={search_term_string}\"},\"query-input\":{\"@type\":\"PropertyValueSpecification\",\"valueRequired\":true,\"valueName\":\"search_term_string\"}}],\"inLanguage\":\"fr-CA\"},{\"@type\":\"Organization\",\"@id\":\"https:\\\/\\\/kidsportcanada.ca\\\/ontario\\\/#organization\",\"name\":\"KidSport Ontario\",\"url\":\"https:\\\/\\\/kidsportcanada.ca\\\/ontario\\\/\",\"logo\":{\"@type\":\"ImageObject\",\"inLanguage\":\"fr-CA\",\"@id\":\"https:\\\/\\\/kidsportcanada.ca\\\/ontario\\\/#\\\/schema\\\/logo\\\/image\\\/\",\"url\":\"\\\/wp-content\\\/uploads\\\/sites\\\/109\\\/KidSportON_vert_logo_blk.jpg\",\"contentUrl\":\"\\\/wp-content\\\/uploads\\\/sites\\\/109\\\/KidSportON_vert_logo_blk.jpg\",\"width\":954,\"height\":1600,\"caption\":\"KidSport Ontario\"},\"image\":{\"@id\":\"https:\\\/\\\/kidsportcanada.ca\\\/ontario\\\/#\\\/schema\\\/logo\\\/image\\\/\"}}]}<\/script>\n<!-- \/ Yoast SEO plugin. -->","yoast_head_json":{"title":"Get Involved - KidSport Ontario","description":"Faites du b\u00e9n\u00e9volat avec KidSport, organisez un \u00e9v\u00e9nement ou devenez partenaire sportif. Il y a d\u2019innombrables fa\u00e7ons de faire en sorte que TOUS les enfants puissent jouer!","robots":{"index":"index","follow":"follow","max-snippet":"max-snippet:-1","max-image-preview":"max-image-preview:large","max-video-preview":"max-video-preview:-1"},"canonical":"https:\/\/kidsportcanada.ca\/ontario\/fr\/get-involved\/","og_locale":"fr_CA","og_type":"article","og_title":"Get Involved - KidSport Ontario","og_description":"Volunteer with KidSport, host an event or become a sport partner. There are so many ways you can make it So ALL Kids Can Play!","og_url":"https:\/\/kidsportcanada.ca\/ontario\/fr\/get-involved\/","og_site_name":"Ontario","article_modified_time":"2025-07-02T20:27:07+00:00","og_image":[{"width":1600,"height":1000,"url":"https:\/\/kidsportcanada.ca\/wp-content\/uploads\/sites\/109\/kidsport-hands-together.jpg","type":"image\/jpeg"}],"twitter_card":"summary_large_image","twitter_misc":{"Estimation du temps de lecture":"2 minutes"},"schema":{"@context":"https:\/\/schema.org","@graph":[{"@type":"WebPage","@id":"https:\/\/kidsportcanada.ca\/ontario\/get-involved\/","url":"https:\/\/kidsportcanada.ca\/ontario\/get-involved\/","name":"Get Involved - KidSport Ontario","isPartOf":{"@id":"https:\/\/kidsportcanada.ca\/ontario\/#website"},"primaryImageOfPage":{"@id":"https:\/\/kidsportcanada.ca\/ontario\/get-involved\/#primaryimage"},"image":{"@id":"https:\/\/kidsportcanada.ca\/ontario\/get-involved\/#primaryimage"},"thumbnailUrl":"\/wp-content\/uploads\/sites\/109\/kidsport-hands-together.jpg","datePublished":"2020-03-19T16:51:49+00:00","dateModified":"2025-07-02T20:27:07+00:00","description":"Faites du b\u00e9n\u00e9volat avec KidSport, organisez un \u00e9v\u00e9nement ou devenez partenaire sportif. Il y a d\u2019innombrables fa\u00e7ons de faire en sorte que TOUS les enfants puissent jouer!","breadcrumb":{"@id":"https:\/\/kidsportcanada.ca\/ontario\/get-involved\/#breadcrumb"},"inLanguage":"fr-CA","potentialAction":[{"@type":"ReadAction","target":["https:\/\/kidsportcanada.ca\/ontario\/get-involved\/"]}]},{"@type":"ImageObject","inLanguage":"fr-CA","@id":"https:\/\/kidsportcanada.ca\/ontario\/get-involved\/#primaryimage","url":"\/wp-content\/uploads\/sites\/109\/kidsport-hands-together.jpg","contentUrl":"\/wp-content\/uploads\/sites\/109\/kidsport-hands-together.jpg","width":1600,"height":1000,"caption":"A group of young girls in a team huddle before starting their soccer match"},{"@type":"BreadcrumbList","@id":"https:\/\/kidsportcanada.ca\/ontario\/get-involved\/#breadcrumb","itemListElement":[{"@type":"ListItem","position":1,"name":"Home","item":"https:\/\/kidsportcanada.ca\/ontario\/"},{"@type":"ListItem","position":2,"name":"Get Involved"}]},{"@type":"WebSite","@id":"https:\/\/kidsportcanada.ca\/ontario\/#website","url":"https:\/\/kidsportcanada.ca\/ontario\/","name":"Ontario","description":"Pour que TOUS les enfants puissent jouer","publisher":{"@id":"https:\/\/kidsportcanada.ca\/ontario\/#organization"},"potentialAction":[{"@type":"SearchAction","target":{"@type":"EntryPoint","urlTemplate":"https:\/\/kidsportcanada.ca\/ontario\/?s={search_term_string}"},"query-input":{"@type":"PropertyValueSpecification","valueRequired":true,"valueName":"search_term_string"}}],"inLanguage":"fr-CA"},{"@type":"Organization","@id":"https:\/\/kidsportcanada.ca\/ontario\/#organization","name":"SportJeunesse Ontario","url":"https:\/\/kidsportcanada.ca\/ontario\/","logo":{"@type":"ImageObject","inLanguage":"fr-CA","@id":"https:\/\/kidsportcanada.ca\/ontario\/#\/schema\/logo\/image\/","url":"\/wp-content\/uploads\/sites\/109\/KidSportON_vert_logo_blk.jpg","contentUrl":"\/wp-content\/uploads\/sites\/109\/KidSportON_vert_logo_blk.jpg","width":954,"height":1600,"caption":"KidSport Ontario"},"image":{"@id":"https:\/\/kidsportcanada.ca\/ontario\/#\/schema\/logo\/image\/"}}]}},"_links":{"self":[{"href":"https:\/\/kidsportcanada.ca\/ontario\/fr\/wp-json\/wp\/v2\/pages\/110","targetHints":{"allow":["GET"]}}],"collection":[{"href":"https:\/\/kidsportcanada.ca\/ontario\/fr\/wp-json\/wp\/v2\/pages"}],"about":[{"href":"https:\/\/kidsportcanada.ca\/ontario\/fr\/wp-json\/wp\/v2\/types\/page"}],"author":[{"embeddable":true,"href":"https:\/\/kidsportcanada.ca\/ontario\/fr\/wp-json\/wp\/v2\/users\/16"}],"replies":[{"embeddable":true,"href":"https:\/\/kidsportcanada.ca\/ontario\/fr\/wp-json\/wp\/v2\/comments?post=110"}],"version-history":[{"count":0,"href":"https:\/\/kidsportcanada.ca\/ontario\/fr\/wp-json\/wp\/v2\/pages\/110\/revisions"}],"wp:featuredmedia":[{"embeddable":true,"href":"https:\/\/kidsportcanada.ca\/ontario\/fr\/wp-json\/wp\/v2\/media\/194"}],"wp:attachment":[{"href":"https:\/\/kidsportcanada.ca\/ontario\/fr\/wp-json\/wp\/v2\/media?parent=110"}],"curies":[{"name":"wp","href":"https:\/\/api.w.org\/{rel}","templated":true}]}}