
{"id":148,"date":"2020-04-01T20:45:29","date_gmt":"2020-04-01T20:45:29","guid":{"rendered":"http:\/\/kidsportcanada.ca\/ontario\/?page_id=148"},"modified":"2024-02-08T20:54:51","modified_gmt":"2024-02-08T20:54:51","slug":"contact-us","status":"publish","type":"page","link":"https:\/\/kidsportcanada.ca\/ontario\/fr\/contact-us\/","title":{"rendered":"Contacter"},"content":{"rendered":"<h4>\n\t\tSportJeunesse Ontario\n\t<\/h4>\n<h1>\n\t\tCONTACTEZ-NOUS\n\t<\/h1>\n<h3>\n\t\tPrenez contact avec nous - nous serons heureux de r\u00e9pondre \u00e0 vos questions et de vous aider \u00e0 vous impliquer.\n\t<\/h3>\n<h5>\n\t\tBUREAU PROVINCIAL\n\t<\/h5>\n\t<p>SportJeunesse Ontario<\/p>\n            <span class=\"location-div\">\n            <p>PO Box 93004 Headon RPO<br \/>\nBurlington, Ontario<br \/>\nL7M 4A3<\/p>\n            \n<h5>\n\t\tCommuniquer\n\t<\/h5>\n\tT\u00e9l. :             <span class=\"phonenumber-div\">\n            <a href=\"tel:416-899-9106\">416-899-9106<\/a>\n            <br \/>\n            <span class=\"emailaddress-div\">\n            <a href=\"mailto:info@kidsportontario.ca\">info@kidsportontario.ca<\/a>\n            \n<h5>\n\t\tDes m\u00e9dias sociaux\n\t<\/h5>\n\t    <span class=\"socialmedia-links fl-icon-group\">\n        <!------------------ Facebook ------------------>\n        <span class=\"fl-icon facebook\">\n                            <a href=\"https:\/\/www.facebook.com\/kidsportontario\" target=\"_blank\" aria-label=\"lien vers https:\/\/www.facebook.com\/kidsportcanada\/\" rel=\"noopener\"[soci>\n                    <i class=\"fab fa-facebook-square\" aria-hidden=\"true\"><\/i>\n                <\/a>\n                    <\/span>\n\t\t<!------------------ Facebook 2 ------------------>\n        <span class=\"fl-icon facebook\">\n                    <\/span>\n        <!------------------ Twitter ------------------>\n        <span class=\"fl-icon twitter\">\n                            <a href=\"https:\/\/twitter.com\/kidsport\/\" target=\"_blank\" aria-label=\"lien vers https:\/\/twitter.com\/kidsport\/\" rel=\"noopener\">\n                    <i class=\"fab fa-twitter\" aria-hidden=\"true\"><\/i>\n                <\/a>\n                    <\/span>\n        <!------------------ Instagram ------------------>\n        <span class=\"fl-icon instagram\">\n                            <a href=\"https:\/\/www.instagram.com\/kidsportontario\" target=\"_blank\" aria-label=\"lien vers https:\/\/www.instagram.com\/kidsport.canada\/\" rel=\"noopener\">\n                    <i class=\"fab fa-instagram\" aria-hidden=\"true\"><\/i>\n                <\/a>\n                    <\/span>\n        <!------------------ YouTube ------------------>\n        <span class=\"fl-icon youtube\">\n                            <a href=\"https:\/\/www.youtube.com\/user\/KidSportCanada\" target=\"_blank\" aria-label=\"lien vers https:\/\/www.youtube.com\/user\/KidSportCanada\" rel=\"noopener\">\n                    <i class=\"fab fa-youtube\" aria-hidden=\"true\"><\/i>\n                <\/a>\n                    <\/span>\n    <\/span>\n    \n<h5>\n\t\tFONDS PROVINCIAL\n\t<\/h5>\n\t<p>Si votre communaut\u00e9 n'a pas de section locale, vous pouvez toujours demander une subvention SportJeunesse par le biais du Fonds provincial du Ontario.<\/p>\n\t\t\t<a href=\"https:\/\/kidsportcanada.ca\/ontario\/fr\/provincial-fund\/\" target=\"_self\" rel=\"noopener\">\n\t\t\t\t\t\t\tEN SAVOIR PLUS ET POSTULER ICI\n\t\t\t\t\t<\/a>\n<h2>\n\t\tAnnuaire du personnel\n\t<\/h2>\n\t<strong>Sara Restani<\/strong><br \/>\nDirecteur ex\u00e9cutif\n<a href=\"tel:\" target=\"_blank\" rel=\"noopener\">(416) 899-9106<\/a><br \/>\n<a href=\"mailto:\" target=\"_blank\" rel=\"noopener\">srestani@kidsportontario.ca<\/a>\n\t<strong>Miriam Jamal<\/strong><br \/>\nSp\u00e9cialiste de programme\n<a href=\"tel:\" target=\"_blank\" rel=\"noopener\">(416) 899-9106<\/a><br \/>\n<a href=\"mailto:\" target=\"_blank\" rel=\"noopener\">mjamal@kidsportontario.ca<\/a>\n<h2>\n\t\tQuestions communes\n\t<\/h2>\n\t\t\t\t\t<a href=\"\/ontario\/fr\/void(0);\/\" id=\"fl-accordion--label-0\" aria-controls=\"fl-accordion--panel-0\">Comment puis-je obtenir une subvention SportJeunesse pour un enfant?<\/a>\n\t\t\t\t\t\t\t\t\t\t\t<a href=\"#\" id=\"fl-accordion--icon-0\" aria-controls=\"fl-accordion--panel-0\"><i>\u00c9largir<\/i><\/a>\n\t\t\t\t\t<p>Si votre enfant ou un jeune que vous connaissez pouvait b\u00e9n\u00e9ficier d\u2019un coup de pouce pour participer au sport de son choix, la subvention SportJeunesse peut aider!<\/p>\n<p>Une fois que l\u2019enfant aura \u00e9t\u00e9 inscrit \u00e0 son programme de sport, vous devez trouver votre section locale, ou le fonds provincial de SportJeunesse Ontario, pour pr\u00e9senter une demande de subvention. Notre formulaire en ligne est s\u00e9curis\u00e9e et est la fa\u00e7on la plus facile d\u2019envoyer les renseignements exig\u00e9s, mais vous pouvez aussi utiliser le formulaire papier si vous pr\u00e9f\u00e9rez. <a href=\"https:\/\/kidsportcanada.ca\/ontario\/fr\/apply\/\">formulaire de demande en ligne<\/a> est le moyen le plus rapide d'envoyer les informations requises, mais vous pouvez \u00e9galement en faire la demande sur papier si vous le souhaitez.<\/p>\n\t\t\t\t\t<a href=\"\/ontario\/fr\/void(0);\/\" id=\"fl-accordion--label-1\" aria-controls=\"fl-accordion--panel-1\">\u00c0 qui dois-je m\u2019adresser pour faire un don?<\/a>\n\t\t\t\t\t\t\t\t\t\t\t<a href=\"#\" id=\"fl-accordion--icon-1\" aria-controls=\"fl-accordion--panel-1\"><i>\u00c9largir<\/i><\/a>\n\t\t\t\t\t<p>Notre formulaire de <a href=\"https:\/\/kidsportcanada.ca\/ontario\/fr\/donate\/\">Faire un don<\/a>! Si vous avez d'autres questions concernant les dons, n'h\u00e9sitez pas \u00e0 nous appeler au             <span class=\"phonenumber-div\">\n            <a href=\"tel:416-899-9106\">416-899-9106<\/a>\n            , ou par courrier \u00e9lectronique             <span class=\"emailaddress-div\">\n            <a href=\"mailto:info@kidsportontario.ca\">info@kidsportontario.ca<\/a>\n             - nous vous r\u00e9pondrons d\u00e8s que possible.<\/p>\n\t\t\t\t\t<a href=\"\/ontario\/fr\/void(0);\/\" id=\"fl-accordion--label-2\" aria-controls=\"fl-accordion--panel-2\">\u00c0 qui dois-je m\u2019adresser pour parler de partenariats?<\/a>\n\t\t\t\t\t\t\t\t\t\t\t<a href=\"#\" id=\"fl-accordion--icon-2\" aria-controls=\"fl-accordion--panel-2\"><i>\u00c9largir<\/i><\/a>\n\t\t\t\t\t<p>Merci d\u2019avoir manifest\u00e9 un int\u00e9r\u00eat \u00e0 joindre l\u2019\u00e9quipe! Veuillez nous appeler au             <span class=\"phonenumber-div\">\n            <a href=\"tel:416-899-9106\">416-899-9106<\/a>\n            ou nous envoyer un courriel \u00e0             <span class=\"emailaddress-div\">\n            <a href=\"mailto:info@kidsportontario.ca\">info@kidsportontario.ca<\/a>\n             pour lancer le processus.<\/p>\n\t\t\t\t\t<a href=\"\/ontario\/fr\/void(0);\/\" id=\"fl-accordion--label-3\" aria-controls=\"fl-accordion--panel-3\">SportJeunesse est-il un organisme de bienfaisance enregistr\u00e9?<\/a>\n\t\t\t\t\t\t\t\t\t\t\t<a href=\"#\" id=\"fl-accordion--icon-3\" aria-controls=\"fl-accordion--panel-3\"><i>\u00c9largir<\/i><\/a>\n\t\t\t\t\t<p>Oui! SportJeunesse est une ACESA et un donataire reconnu par l\u2019ARC. Notre num\u00e9ro d\u2019organisme de bienfaisance est le             <span class=\"charitablenumber-div\">\n            <span>86212 5986 RR0003<\/span>\n        \n    .<\/p>","protected":false},"excerpt":{"rendered":"<p>KidSport Ontario CONTACTEZ-NOUS Nous nous ferons un plaisir de r\u00e9pondre \u00e0 vos questions et de vous aider \u00e0 vous impliquer. BUREAU PROVINCIAL KidSport Ontario CONNECTEZ-VOUS Tel : GET SOCIAL SUBVENTIONS DU FONDS PROVINCIAL Si votre communaut\u00e9 n'a pas de section locale, vous pouvez quand m\u00eame faire une demande de subvention KidSport par l'entremise du Fonds provincial. EN SAVOIR PLUS &amp;...<\/p>","protected":false},"author":16,"featured_media":190,"parent":0,"menu_order":0,"comment_status":"closed","ping_status":"closed","template":"","meta":{"_acf_changed":false,"footnotes":""},"class_list":["post-148","page","type-page","status-publish","has-post-thumbnail","hentry"],"acf":[],"yoast_head":"<!-- This site is optimized with the Yoast SEO plugin v27.4 - https:\/\/yoast.com\/product\/yoast-seo-wordpress\/ -->\n<title>Contact Us - KidSport Ontario<\/title>\n<meta name=\"description\" content=\"Get in touch. We would be happy to answer any questions or help you get involved.\" \/>\n<meta name=\"robots\" content=\"index, follow, max-snippet:-1, max-image-preview:large, max-video-preview:-1\" \/>\n<link rel=\"canonical\" href=\"https:\/\/kidsportcanada.ca\/ontario\/fr\/contact-us\/\" \/>\n<meta property=\"og:locale\" content=\"fr_CA\" \/>\n<meta property=\"og:type\" content=\"article\" \/>\n<meta property=\"og:title\" content=\"Contact Us - KidSport Ontario\" \/>\n<meta property=\"og:description\" content=\"Get in touch. We would be happy to answer any questions or help you get involved.\" \/>\n<meta property=\"og:url\" content=\"https:\/\/kidsportcanada.ca\/ontario\/fr\/contact-us\/\" \/>\n<meta property=\"og:site_name\" content=\"Ontario\" \/>\n<meta property=\"article:modified_time\" content=\"2024-02-08T20:54:51+00:00\" \/>\n<meta property=\"og:image\" content=\"https:\/\/kidsportcanada.ca\/wp-content\/uploads\/sites\/109\/brett-levis.jpg\" \/>\n\t<meta property=\"og:image:width\" content=\"1600\" \/>\n\t<meta property=\"og:image:height\" content=\"1000\" \/>\n\t<meta property=\"og:image:type\" content=\"image\/jpeg\" \/>\n<meta name=\"twitter:card\" content=\"summary_large_image\" \/>\n<meta name=\"twitter:label1\" content=\"Estimation du temps de lecture\" \/>\n\t<meta name=\"twitter:data1\" content=\"1 minute\" \/>\n<script type=\"application\/ld+json\" class=\"yoast-schema-graph\">{\"@context\":\"https:\\\/\\\/schema.org\",\"@graph\":[{\"@type\":\"WebPage\",\"@id\":\"https:\\\/\\\/kidsportcanada.ca\\\/ontario\\\/contact-us\\\/\",\"url\":\"https:\\\/\\\/kidsportcanada.ca\\\/ontario\\\/contact-us\\\/\",\"name\":\"Contact Us - KidSport Ontario\",\"isPartOf\":{\"@id\":\"https:\\\/\\\/kidsportcanada.ca\\\/ontario\\\/#website\"},\"primaryImageOfPage\":{\"@id\":\"https:\\\/\\\/kidsportcanada.ca\\\/ontario\\\/contact-us\\\/#primaryimage\"},\"image\":{\"@id\":\"https:\\\/\\\/kidsportcanada.ca\\\/ontario\\\/contact-us\\\/#primaryimage\"},\"thumbnailUrl\":\"\\\/wp-content\\\/uploads\\\/sites\\\/109\\\/brett-levis.jpg\",\"datePublished\":\"2020-04-01T20:45:29+00:00\",\"dateModified\":\"2024-02-08T20:54:51+00:00\",\"description\":\"Get in touch. We would be happy to answer any questions or help you get involved.\",\"breadcrumb\":{\"@id\":\"https:\\\/\\\/kidsportcanada.ca\\\/ontario\\\/contact-us\\\/#breadcrumb\"},\"inLanguage\":\"fr-CA\",\"potentialAction\":[{\"@type\":\"ReadAction\",\"target\":[\"https:\\\/\\\/kidsportcanada.ca\\\/ontario\\\/contact-us\\\/\"]}]},{\"@type\":\"ImageObject\",\"inLanguage\":\"fr-CA\",\"@id\":\"https:\\\/\\\/kidsportcanada.ca\\\/ontario\\\/contact-us\\\/#primaryimage\",\"url\":\"\\\/wp-content\\\/uploads\\\/sites\\\/109\\\/brett-levis.jpg\",\"contentUrl\":\"\\\/wp-content\\\/uploads\\\/sites\\\/109\\\/brett-levis.jpg\",\"width\":1600,\"height\":1000,\"caption\":\"Brett Levis a professional soccer player having a team huddle with a group of young kids on a soccer field\"},{\"@type\":\"BreadcrumbList\",\"@id\":\"https:\\\/\\\/kidsportcanada.ca\\\/ontario\\\/contact-us\\\/#breadcrumb\",\"itemListElement\":[{\"@type\":\"ListItem\",\"position\":1,\"name\":\"Home\",\"item\":\"https:\\\/\\\/kidsportcanada.ca\\\/ontario\\\/\"},{\"@type\":\"ListItem\",\"position\":2,\"name\":\"Contact Us\"}]},{\"@type\":\"WebSite\",\"@id\":\"https:\\\/\\\/kidsportcanada.ca\\\/ontario\\\/#website\",\"url\":\"https:\\\/\\\/kidsportcanada.ca\\\/ontario\\\/\",\"name\":\"Ontario\",\"description\":\"So ALL kids can play\",\"publisher\":{\"@id\":\"https:\\\/\\\/kidsportcanada.ca\\\/ontario\\\/#organization\"},\"potentialAction\":[{\"@type\":\"SearchAction\",\"target\":{\"@type\":\"EntryPoint\",\"urlTemplate\":\"https:\\\/\\\/kidsportcanada.ca\\\/ontario\\\/?s={search_term_string}\"},\"query-input\":{\"@type\":\"PropertyValueSpecification\",\"valueRequired\":true,\"valueName\":\"search_term_string\"}}],\"inLanguage\":\"fr-CA\"},{\"@type\":\"Organization\",\"@id\":\"https:\\\/\\\/kidsportcanada.ca\\\/ontario\\\/#organization\",\"name\":\"KidSport Ontario\",\"url\":\"https:\\\/\\\/kidsportcanada.ca\\\/ontario\\\/\",\"logo\":{\"@type\":\"ImageObject\",\"inLanguage\":\"fr-CA\",\"@id\":\"https:\\\/\\\/kidsportcanada.ca\\\/ontario\\\/#\\\/schema\\\/logo\\\/image\\\/\",\"url\":\"\\\/wp-content\\\/uploads\\\/sites\\\/109\\\/KidSportON_vert_logo_blk.jpg\",\"contentUrl\":\"\\\/wp-content\\\/uploads\\\/sites\\\/109\\\/KidSportON_vert_logo_blk.jpg\",\"width\":954,\"height\":1600,\"caption\":\"KidSport Ontario\"},\"image\":{\"@id\":\"https:\\\/\\\/kidsportcanada.ca\\\/ontario\\\/#\\\/schema\\\/logo\\\/image\\\/\"}}]}<\/script>\n<!-- \/ Yoast SEO plugin. -->","yoast_head_json":{"title":"Contactez-nous - KidSport Ontario","description":"Communiquez avec nous! Nous serons heureux de r\u00e9pondre \u00e0 vos questions ou de vous aider \u00e0 vous impliquer.","robots":{"index":"index","follow":"follow","max-snippet":"max-snippet:-1","max-image-preview":"max-image-preview:large","max-video-preview":"max-video-preview:-1"},"canonical":"https:\/\/kidsportcanada.ca\/ontario\/fr\/contact-us\/","og_locale":"fr_CA","og_type":"article","og_title":"Contact Us - KidSport Ontario","og_description":"Get in touch. We would be happy to answer any questions or help you get involved.","og_url":"https:\/\/kidsportcanada.ca\/ontario\/fr\/contact-us\/","og_site_name":"Ontario","article_modified_time":"2024-02-08T20:54:51+00:00","og_image":[{"width":1600,"height":1000,"url":"https:\/\/kidsportcanada.ca\/wp-content\/uploads\/sites\/109\/brett-levis.jpg","type":"image\/jpeg"}],"twitter_card":"summary_large_image","twitter_misc":{"Estimation du temps de lecture":"1 minute"},"schema":{"@context":"https:\/\/schema.org","@graph":[{"@type":"WebPage","@id":"https:\/\/kidsportcanada.ca\/ontario\/contact-us\/","url":"https:\/\/kidsportcanada.ca\/ontario\/contact-us\/","name":"Contactez-nous - KidSport Ontario","isPartOf":{"@id":"https:\/\/kidsportcanada.ca\/ontario\/#website"},"primaryImageOfPage":{"@id":"https:\/\/kidsportcanada.ca\/ontario\/contact-us\/#primaryimage"},"image":{"@id":"https:\/\/kidsportcanada.ca\/ontario\/contact-us\/#primaryimage"},"thumbnailUrl":"\/wp-content\/uploads\/sites\/109\/brett-levis.jpg","datePublished":"2020-04-01T20:45:29+00:00","dateModified":"2024-02-08T20:54:51+00:00","description":"Communiquez avec nous! Nous serons heureux de r\u00e9pondre \u00e0 vos questions ou de vous aider \u00e0 vous impliquer.","breadcrumb":{"@id":"https:\/\/kidsportcanada.ca\/ontario\/contact-us\/#breadcrumb"},"inLanguage":"fr-CA","potentialAction":[{"@type":"ReadAction","target":["https:\/\/kidsportcanada.ca\/ontario\/contact-us\/"]}]},{"@type":"ImageObject","inLanguage":"fr-CA","@id":"https:\/\/kidsportcanada.ca\/ontario\/contact-us\/#primaryimage","url":"\/wp-content\/uploads\/sites\/109\/brett-levis.jpg","contentUrl":"\/wp-content\/uploads\/sites\/109\/brett-levis.jpg","width":1600,"height":1000,"caption":"Brett Levis a professional soccer player having a team huddle with a group of young kids on a soccer field"},{"@type":"BreadcrumbList","@id":"https:\/\/kidsportcanada.ca\/ontario\/contact-us\/#breadcrumb","itemListElement":[{"@type":"ListItem","position":1,"name":"Home","item":"https:\/\/kidsportcanada.ca\/ontario\/"},{"@type":"ListItem","position":2,"name":"Contact Us"}]},{"@type":"WebSite","@id":"https:\/\/kidsportcanada.ca\/ontario\/#website","url":"https:\/\/kidsportcanada.ca\/ontario\/","name":"Ontario","description":"Pour que TOUS les enfants puissent jouer","publisher":{"@id":"https:\/\/kidsportcanada.ca\/ontario\/#organization"},"potentialAction":[{"@type":"SearchAction","target":{"@type":"EntryPoint","urlTemplate":"https:\/\/kidsportcanada.ca\/ontario\/?s={search_term_string}"},"query-input":{"@type":"PropertyValueSpecification","valueRequired":true,"valueName":"search_term_string"}}],"inLanguage":"fr-CA"},{"@type":"Organization","@id":"https:\/\/kidsportcanada.ca\/ontario\/#organization","name":"SportJeunesse Ontario","url":"https:\/\/kidsportcanada.ca\/ontario\/","logo":{"@type":"ImageObject","inLanguage":"fr-CA","@id":"https:\/\/kidsportcanada.ca\/ontario\/#\/schema\/logo\/image\/","url":"\/wp-content\/uploads\/sites\/109\/KidSportON_vert_logo_blk.jpg","contentUrl":"\/wp-content\/uploads\/sites\/109\/KidSportON_vert_logo_blk.jpg","width":954,"height":1600,"caption":"KidSport Ontario"},"image":{"@id":"https:\/\/kidsportcanada.ca\/ontario\/#\/schema\/logo\/image\/"}}]}},"_links":{"self":[{"href":"https:\/\/kidsportcanada.ca\/ontario\/fr\/wp-json\/wp\/v2\/pages\/148","targetHints":{"allow":["GET"]}}],"collection":[{"href":"https:\/\/kidsportcanada.ca\/ontario\/fr\/wp-json\/wp\/v2\/pages"}],"about":[{"href":"https:\/\/kidsportcanada.ca\/ontario\/fr\/wp-json\/wp\/v2\/types\/page"}],"author":[{"embeddable":true,"href":"https:\/\/kidsportcanada.ca\/ontario\/fr\/wp-json\/wp\/v2\/users\/16"}],"replies":[{"embeddable":true,"href":"https:\/\/kidsportcanada.ca\/ontario\/fr\/wp-json\/wp\/v2\/comments?post=148"}],"version-history":[{"count":0,"href":"https:\/\/kidsportcanada.ca\/ontario\/fr\/wp-json\/wp\/v2\/pages\/148\/revisions"}],"wp:featuredmedia":[{"embeddable":true,"href":"https:\/\/kidsportcanada.ca\/ontario\/fr\/wp-json\/wp\/v2\/media\/190"}],"wp:attachment":[{"href":"https:\/\/kidsportcanada.ca\/ontario\/fr\/wp-json\/wp\/v2\/media?parent=148"}],"curies":[{"name":"wp","href":"https:\/\/api.w.org\/{rel}","templated":true}]}}