
{"id":37,"date":"2020-03-13T16:16:56","date_gmt":"2020-03-13T16:16:56","guid":{"rendered":"http:\/\/kidsportcanada.ca\/ontario\/?page_id=37"},"modified":"2026-04-27T18:54:41","modified_gmt":"2026-04-27T18:54:41","slug":"home","status":"publish","type":"page","link":"https:\/\/kidsportcanada.ca\/ontario\/fr\/","title":{"rendered":"Accueil"},"content":{"rendered":"<h4 data-animation-delay=\"0\" data-animation-duration=\"1\">\n\t\t\tBienvenue \u00e0\t<\/h4>\n<h1>\n\t\t\tSportJeunesse Ontario\t<\/h1>\n\t\t\t<a href=\"https:\/\/kidsportcanada.ca\/ontario\/fr\/donate\/\" target=\"_self\">\n\t\t\t\t\t\t\tDONNER\n\t\t\t<\/a>\n<h2>\n\t\t\t\u00c0 PROPOS DE\t<\/h2>\n<h4>\n\t\t\tSportJeunesse Ontario\t<\/h4>\n\t<h3>En collaboration avec son r\u00e9seau de 21 sections locales, KidSport Ontario accorde des subventions pour aider \u00e0 couvrir les co\u00fbts d'inscription afin que tous les enfants de l'Ontario \u00e2g\u00e9s de 18 ans et moins puissent participer \u00e0 une saison sportive.<\/h3>\n<p>&nbsp;<\/p>\n<h3>Pour faire une demande de subvention KidSport Ontario ou en apprendre davantage sur les d\u00e9tails du programme, commencez par trouver le chapitre le plus proche de chez vous. Si votre communaut\u00e9 n\u2019a pas encore de chapitre local, votre subvention sera trait\u00e9e par le <a href=\"https:\/\/kidsportcanada.ca\/ontario\/fr\/provincial-fund\/\">fonds provincial<\/a>.<\/h3>\n\t\t\t<a href=\"https:\/\/kidsportcanada.ca\/ontario\/fr\/provincial-fund\/\" target=\"_self\">\n\t\t\t\t\t\t\tDEMANDER UNE SUBVENTION\n\t\t\t\t\t<\/a>\n<h5>\n\t\t\tCommuniquer\t<\/h5>\n\t    <span class=\"socialmedia-links fl-icon-group\">\n        <!------------------ Facebook ------------------>\n        <span class=\"fl-icon facebook\">\n                            <a href=\"https:\/\/www.facebook.com\/kidsportontario\" target=\"_blank\" aria-label=\"lien vers https:\/\/www.facebook.com\/kidsportcanada\/\" rel=\"noopener\"[soci>\n                    <i class=\"fab fa-facebook-square\" aria-hidden=\"true\"><\/i>\n                <\/a>\n                    <\/span>\n\t\t<!------------------ Facebook 2 ------------------>\n        <span class=\"fl-icon facebook\">\n                    <\/span>\n        <!------------------ Twitter ------------------>\n        <span class=\"fl-icon twitter\">\n                            <a href=\"https:\/\/twitter.com\/kidsport\/\" target=\"_blank\" aria-label=\"lien vers https:\/\/twitter.com\/kidsport\/\" rel=\"noopener\">\n                    <i class=\"fab fa-twitter\" aria-hidden=\"true\"><\/i>\n                <\/a>\n                    <\/span>\n        <!------------------ Instagram ------------------>\n        <span class=\"fl-icon instagram\">\n                            <a href=\"https:\/\/www.instagram.com\/kidsportontario\" target=\"_blank\" aria-label=\"lien vers https:\/\/www.instagram.com\/kidsport.canada\/\" rel=\"noopener\">\n                    <i class=\"fab fa-instagram\" aria-hidden=\"true\"><\/i>\n                <\/a>\n                    <\/span>\n        <!------------------ YouTube ------------------>\n        <span class=\"fl-icon youtube\">\n                            <a href=\"https:\/\/www.youtube.com\/user\/KidSportCanada\" target=\"_blank\" aria-label=\"lien vers https:\/\/www.youtube.com\/user\/KidSportCanada\" rel=\"noopener\">\n                    <i class=\"fab fa-youtube\" aria-hidden=\"true\"><\/i>\n                <\/a>\n                    <\/span>\n    <\/span>\n    \n<h5>\n\t\t\tLIENS UTILES\t<\/h5>\n<h6>\n\t\t<a href=\"https:\/\/kidsportcanada.ca\/ontario\/fr\/gthl\/\" title=\"Partenariat GTHL + KidSport\" target=\"_self\">\n\t\t\tPartenariat GTHL + KidSport\t\t<\/a>\n\t<\/h6>\n<h6>\n\t\t<a href=\"https:\/\/lp.constantcontactpages.com\/sl\/CXu7e6H\/KSONnewsletter\" title=\"S&#039;inscrire \u00e0 notre lettre d&#039;information\" target=\"_self\">\n\t\t\tS'inscrire \u00e0 notre lettre d'information\t\t<\/a>\n\t<\/h6>\n<h6>\n\t\t<a href=\"https:\/\/forms.office.com\/r\/UiuiqkH9kT\" title=\"Faites du b\u00e9n\u00e9volat avec nous !\" target=\"_self\">\n\t\t\tFaites du b\u00e9n\u00e9volat avec nous !\t\t<\/a>\n\t<\/h6>\n<h2>\n\t\t\tDerni\u00e8res nouvelles\t<\/h2>\n<h4>\n\t\t\tde la r\u00e9gion de Ontario\t<\/h4>\n    <h5>Nouvelles et Histoires<\/h5>\n    <h5>\u00c9V\u00c9NEMENTS<\/h5>\n<h2>\n\t\t\tIncidence provinciale\t<\/h2>\n<h4>\n\t\t\t\u201c KidSport a offert \u00e0 mes filles des opportunit\u00e9s que je ne pouvais pas leur donner, et leur a appris des comp\u00e9tences de vie r\u00e9elles que je ne pouvais pas leur enseigner ; confiance en public, amiti\u00e9, esprit d'\u00e9quipe et fair-play. \u201d \u2013 Parent\t<\/h4>\n    <a href=\"https:\/\/kidsportcanada.ca\/ontario\/fr\/donate\/\">\n            <br \/>DONNER<br \/>MAINTENANT\n    <\/a>\n\t\t<!-- Comment to fix spacing issue\n\t-->\n\t\t<h1>$0<\/h1>\n\t<!-- Comment to fix spacing issue\n\t-->\t\n<h3>\n\t\t\tSomme accord\u00e9e aux enfants de Ontario l\u2019an dernier.\t<\/h3>\n\t\t<!-- Comment to fix spacing issue\n\t-->\n\t\t<h1>0<\/h1>\n\t<!-- Comment to fix spacing issue\n\t-->\t\n<h3>\n\t\t\tEnfants qui ont pu quitter la ligne lat\u00e9rale \u00e0 Ontario l\u2019an dernier\t<\/h3>\n<h3>\n\t\t\tEn appuyant SportJeunesse, nous gagnons tous. Quand les enfants ont acc\u00e8s au sport, ils s\u2019am\u00e9liorent \u00e0 l\u2019\u00e9cole, deviennent de solides leaders, cr\u00e9ent des communaut\u00e9s s\u00fbres, catalysent l\u2019inclusivit\u00e9 et adoptent des habitudes saines pour la vie.\t<\/h3>\n<h5>\n\t\t\tRAPPORTS D\u2019IMPACT\t<\/h5>\n\tLisez nos derni\u00e8res nouvelles sur la<br \/>\nProgramme de subventions 2024\n\t\t\t<a href=\"\/wp-content\/uploads\/sites\/109\/2025-Infographic-Impact.pdf\" target=\"_blank\" rel=\"noopener\">\n\t\t\t\t\t\tRAPPORT D'IMPACT 2025\n\t\t\t\t\t<\/a>\n<h2>\n\t\t\tNotre \u00e9quipe\t<\/h2>\n<h3>\n\t\t\tKidSport Ontario est rendu possible gr\u00e2ce \u00e0 des b\u00e9n\u00e9voles passionn\u00e9s et \u00e0 nos incroyables partenaires. Ensemble, nous faisons en sorte qu'aucun enfant en Ontario ne soit laiss\u00e9 sur la touche.\t<\/h3>\n<h5>\n\t\t\tSara Restani\t<\/h5>\n<h5>\n\t\t\tDirecteur ex\u00e9cutif\t<\/h5>\n\t<p>Forte d'une exp\u00e9rience en marketing et en communications d'entreprise, Sara apporte sa passion pour le sport communautaire \u00e9quitable \u00e0 l'\u00e9quipe de KidSport Ontario en tant que directrice g\u00e9n\u00e9rale, supervisant les op\u00e9rations quotidiennes et la croissance de l'organisme. Elle porte \u00e9galement les chapeaux d'entra\u00eeneuse, d'athl\u00e8te, de parent et de fi\u00e8re partisane de tout ce qui touche au hockey sur gazon, tant dans sa communaut\u00e9 locale qu'aux niveaux provincial et national.<\/p>\n<h5>\n\t\t<a href=\"tel:\" title=\"416-899-9106 x101\" target=\"_self\">\n\t\t\t416-899-9106 x101\t\t<\/a>\n\t<\/h5>\n<h5>\n\t\t<a href=\"mailto:\" title=\"info@kidsportontario.ca\" target=\"_self\">\n\t\t\tinfo@kidsportontario.ca\t\t<\/a>\n\t<\/h5>\n<h5>\n\t\t\tMiriam Jamal\t<\/h5>\n<h5>\n\t\t\tSp\u00e9cialiste de programme\t<\/h5>\n\t<p>Au cours des six derni\u00e8res ann\u00e9es, Miriam a eu le grand plaisir de guider les jeunes athl\u00e8tes et leurs familles tout au long du processus de demande de financement de leurs frais d'inscription ou d'\u00e9quipement. Dans le cadre de ses fonctions \u00e0 KidSport Ontario, elle travaille directement avec les clubs sportifs de l'Ontario et participe \u00e0 des \u00e9v\u00e9nements de collecte de fonds pour sensibiliser les gens au programme de subventions disponibles pour la participation sportive. En tant qu'enfant qui a d\u00e9j\u00e0 compt\u00e9 sur sa communaut\u00e9 pour soutenir sa participation au soccer et au volleyball, elle est toujours \u00e0 la recherche d'un moyen d'aider les athl\u00e8tes d\u00e9favoris\u00e9s \u00e0 profiter des avantages du sport.<\/p>\n<h5>\n\t\t<a href=\"tel:\" title=\"416-899-9106 x102\" target=\"_self\">\n\t\t\t416-899-9106 x102\t\t<\/a>\n\t<\/h5>\n<h5>\n\t\t<a href=\"mailto:\" title=\"info@kidsportontario.ca\" target=\"_self\">\n\t\t\tinfo@kidsportontario.ca\t\t<\/a>\n\t<\/h5>\n\t\t\t\t\t<a role=\"heading\" id=\"fl-accordion--label-0\">Conseil d\u2019administration<\/a>\n\t\t\t\t\t\t\t\t\t\t\t<button type=\"button\" id=\"fl-accordion--icon-0\" aria-expanded=\"false\" aria-controls=\"fl-accordion--panel-0\"><i>\u00c9largir<\/i><\/button>\n\t\t\t\t\tTommy Wharton, pr\u00e9sident<br \/>\nGursimar Sachar, directeur et tr\u00e9sorier<br \/>\nSara-Emilie Clark, Directrice<br \/>\nPamela Julian, Directrice<br \/>\nDr. Lisa Kikulis, Directrice<br \/>\nShannon McGinnis, Directrice<br \/>\nVanessa Matta, Directrice<br \/>\nAndy Potter, Directeur<br \/>\nLeigh Sandison, Directeur<br \/>\nKristine Sansano, Directrice\n<h2>\n\t\t\tAMBASSADEURS\t<\/h2>","protected":false},"excerpt":{"rendered":"<p>Bienvenue sur KidSport Ontario FAIRE UN DON MAINTENANT \u00c0 PROPOS DE KidSport Ontario En collaboration avec notre r\u00e9seau de 21 sections locales, KidSport Ontario offre des subventions pour aider \u00e0 couvrir les frais d'inscription afin que tous les enfants de 18 ans et moins en Ontario puissent participer \u00e0 une saison de sport. Pour demander une subvention KidSport Ontario ou en savoir plus\u2026<\/p>","protected":false},"author":16,"featured_media":516,"parent":0,"menu_order":0,"comment_status":"closed","ping_status":"closed","template":"","meta":{"_acf_changed":false,"footnotes":""},"class_list":["post-37","page","type-page","status-publish","has-post-thumbnail","hentry"],"acf":[],"yoast_head":"<!-- This site is optimized with the Yoast SEO plugin v27.5 - https:\/\/yoast.com\/product\/yoast-seo-wordpress\/ -->\n<title>Home - KidSport Ontario<\/title>\n<meta name=\"description\" content=\"KidSport Ontario provides grants to help cover the costs of registration fees so that ALL kids aged 18 and under can play a season of sport.\" \/>\n<meta name=\"robots\" content=\"index, follow, max-snippet:-1, max-image-preview:large, max-video-preview:-1\" \/>\n<link rel=\"canonical\" href=\"https:\/\/kidsportcanada.ca\/ontario\/fr\/\" \/>\n<meta property=\"og:locale\" content=\"fr_CA\" \/>\n<meta property=\"og:type\" content=\"article\" \/>\n<meta property=\"og:title\" content=\"Home - KidSport Ontario\" \/>\n<meta property=\"og:description\" content=\"KidSport Ontario provides grants to help cover the costs of registration fees so that ALL kids aged 18 and under can play a season of sport.\" \/>\n<meta property=\"og:url\" content=\"https:\/\/kidsportcanada.ca\/ontario\/fr\/\" \/>\n<meta property=\"og:site_name\" content=\"Ontario\" \/>\n<meta property=\"article:modified_time\" content=\"2026-04-27T18:54:41+00:00\" \/>\n<meta property=\"og:image\" content=\"https:\/\/kidsportcanada.ca\/wp-content\/uploads\/sites\/109\/shutterstock_628568363-scaled.jpg\" \/>\n\t<meta property=\"og:image:width\" content=\"2560\" \/>\n\t<meta property=\"og:image:height\" content=\"1920\" \/>\n\t<meta property=\"og:image:type\" content=\"image\/jpeg\" \/>\n<meta name=\"twitter:card\" content=\"summary_large_image\" \/>\n<meta name=\"twitter:image\" content=\"https:\/\/kidsportcanada.ca\/wp-content\/uploads\/sites\/109\/shutterstock_628568363-scaled.jpg\" \/>\n<meta name=\"twitter:label1\" content=\"Estimation du temps de lecture\" \/>\n\t<meta name=\"twitter:data1\" content=\"5 minutes\" \/>\n<script type=\"application\/ld+json\" class=\"yoast-schema-graph\">{\"@context\":\"https:\\\/\\\/schema.org\",\"@graph\":[{\"@type\":\"WebPage\",\"@id\":\"https:\\\/\\\/kidsportcanada.ca\\\/ontario\\\/\",\"url\":\"https:\\\/\\\/kidsportcanada.ca\\\/ontario\\\/\",\"name\":\"Home - KidSport Ontario\",\"isPartOf\":{\"@id\":\"https:\\\/\\\/kidsportcanada.ca\\\/ontario\\\/#website\"},\"primaryImageOfPage\":{\"@id\":\"https:\\\/\\\/kidsportcanada.ca\\\/ontario\\\/#primaryimage\"},\"image\":{\"@id\":\"https:\\\/\\\/kidsportcanada.ca\\\/ontario\\\/#primaryimage\"},\"thumbnailUrl\":\"\\\/wp-content\\\/uploads\\\/sites\\\/109\\\/shutterstock_628568363-scaled.jpg\",\"datePublished\":\"2020-03-13T16:16:56+00:00\",\"dateModified\":\"2026-04-27T18:54:41+00:00\",\"description\":\"KidSport Ontario provides grants to help cover the costs of registration fees so that ALL kids aged 18 and under can play a season of sport.\",\"breadcrumb\":{\"@id\":\"https:\\\/\\\/kidsportcanada.ca\\\/ontario\\\/#breadcrumb\"},\"inLanguage\":\"fr-CA\",\"potentialAction\":[{\"@type\":\"ReadAction\",\"target\":[\"https:\\\/\\\/kidsportcanada.ca\\\/ontario\\\/\"]}]},{\"@type\":\"ImageObject\",\"inLanguage\":\"fr-CA\",\"@id\":\"https:\\\/\\\/kidsportcanada.ca\\\/ontario\\\/#primaryimage\",\"url\":\"\\\/wp-content\\\/uploads\\\/sites\\\/109\\\/shutterstock_628568363-scaled.jpg\",\"contentUrl\":\"\\\/wp-content\\\/uploads\\\/sites\\\/109\\\/shutterstock_628568363-scaled.jpg\",\"width\":2560,\"height\":1920,\"caption\":\"Boy playing basketball\"},{\"@type\":\"BreadcrumbList\",\"@id\":\"https:\\\/\\\/kidsportcanada.ca\\\/ontario\\\/#breadcrumb\",\"itemListElement\":[{\"@type\":\"ListItem\",\"position\":1,\"name\":\"Home\",\"item\":\"https:\\\/\\\/kidsportcanada.ca\\\/ontario\\\/\"},{\"@type\":\"ListItem\",\"position\":2,\"name\":\"Home\"}]},{\"@type\":\"WebSite\",\"@id\":\"https:\\\/\\\/kidsportcanada.ca\\\/ontario\\\/#website\",\"url\":\"https:\\\/\\\/kidsportcanada.ca\\\/ontario\\\/\",\"name\":\"Ontario\",\"description\":\"So ALL kids can play\",\"publisher\":{\"@id\":\"https:\\\/\\\/kidsportcanada.ca\\\/ontario\\\/#organization\"},\"potentialAction\":[{\"@type\":\"SearchAction\",\"target\":{\"@type\":\"EntryPoint\",\"urlTemplate\":\"https:\\\/\\\/kidsportcanada.ca\\\/ontario\\\/?s={search_term_string}\"},\"query-input\":{\"@type\":\"PropertyValueSpecification\",\"valueRequired\":true,\"valueName\":\"search_term_string\"}}],\"inLanguage\":\"fr-CA\"},{\"@type\":\"Organization\",\"@id\":\"https:\\\/\\\/kidsportcanada.ca\\\/ontario\\\/#organization\",\"name\":\"KidSport Ontario\",\"url\":\"https:\\\/\\\/kidsportcanada.ca\\\/ontario\\\/\",\"logo\":{\"@type\":\"ImageObject\",\"inLanguage\":\"fr-CA\",\"@id\":\"https:\\\/\\\/kidsportcanada.ca\\\/ontario\\\/#\\\/schema\\\/logo\\\/image\\\/\",\"url\":\"\\\/wp-content\\\/uploads\\\/sites\\\/109\\\/KidSportON_vert_logo_blk.jpg\",\"contentUrl\":\"\\\/wp-content\\\/uploads\\\/sites\\\/109\\\/KidSportON_vert_logo_blk.jpg\",\"width\":954,\"height\":1600,\"caption\":\"KidSport Ontario\"},\"image\":{\"@id\":\"https:\\\/\\\/kidsportcanada.ca\\\/ontario\\\/#\\\/schema\\\/logo\\\/image\\\/\"}}]}<\/script>\n<!-- \/ Yoast SEO plugin. -->","yoast_head_json":{"title":"Accueil - KidSport Ontario","description":"KidSport Ontario offre des subventions pour aider \u00e0 couvrir les frais d'inscription afin que TOUS les enfants \u00e2g\u00e9s de 18 ans et moins puissent participer \u00e0 une saison de sport.","robots":{"index":"index","follow":"follow","max-snippet":"max-snippet:-1","max-image-preview":"max-image-preview:large","max-video-preview":"max-video-preview:-1"},"canonical":"https:\/\/kidsportcanada.ca\/ontario\/fr\/","og_locale":"fr_CA","og_type":"article","og_title":"Home - KidSport Ontario","og_description":"KidSport Ontario provides grants to help cover the costs of registration fees so that ALL kids aged 18 and under can play a season of sport.","og_url":"https:\/\/kidsportcanada.ca\/ontario\/fr\/","og_site_name":"Ontario","article_modified_time":"2026-04-27T18:54:41+00:00","og_image":[{"width":2560,"height":1920,"url":"https:\/\/kidsportcanada.ca\/wp-content\/uploads\/sites\/109\/shutterstock_628568363-scaled.jpg","type":"image\/jpeg"}],"twitter_card":"summary_large_image","twitter_image":"https:\/\/kidsportcanada.ca\/wp-content\/uploads\/sites\/109\/shutterstock_628568363-scaled.jpg","twitter_misc":{"Estimation du temps de lecture":"5 minutes"},"schema":{"@context":"https:\/\/schema.org","@graph":[{"@type":"WebPage","@id":"https:\/\/kidsportcanada.ca\/ontario\/","url":"https:\/\/kidsportcanada.ca\/ontario\/","name":"Accueil - KidSport Ontario","isPartOf":{"@id":"https:\/\/kidsportcanada.ca\/ontario\/#website"},"primaryImageOfPage":{"@id":"https:\/\/kidsportcanada.ca\/ontario\/#primaryimage"},"image":{"@id":"https:\/\/kidsportcanada.ca\/ontario\/#primaryimage"},"thumbnailUrl":"\/wp-content\/uploads\/sites\/109\/shutterstock_628568363-scaled.jpg","datePublished":"2020-03-13T16:16:56+00:00","dateModified":"2026-04-27T18:54:41+00:00","description":"KidSport Ontario offre des subventions pour aider \u00e0 couvrir les frais d'inscription afin que TOUS les enfants \u00e2g\u00e9s de 18 ans et moins puissent participer \u00e0 une saison de sport.","breadcrumb":{"@id":"https:\/\/kidsportcanada.ca\/ontario\/#breadcrumb"},"inLanguage":"fr-CA","potentialAction":[{"@type":"ReadAction","target":["https:\/\/kidsportcanada.ca\/ontario\/"]}]},{"@type":"ImageObject","inLanguage":"fr-CA","@id":"https:\/\/kidsportcanada.ca\/ontario\/#primaryimage","url":"\/wp-content\/uploads\/sites\/109\/shutterstock_628568363-scaled.jpg","contentUrl":"\/wp-content\/uploads\/sites\/109\/shutterstock_628568363-scaled.jpg","width":2560,"height":1920,"caption":"Boy playing basketball"},{"@type":"BreadcrumbList","@id":"https:\/\/kidsportcanada.ca\/ontario\/#breadcrumb","itemListElement":[{"@type":"ListItem","position":1,"name":"Home","item":"https:\/\/kidsportcanada.ca\/ontario\/"},{"@type":"ListItem","position":2,"name":"Home"}]},{"@type":"WebSite","@id":"https:\/\/kidsportcanada.ca\/ontario\/#website","url":"https:\/\/kidsportcanada.ca\/ontario\/","name":"Ontario","description":"Pour que TOUS les enfants puissent jouer","publisher":{"@id":"https:\/\/kidsportcanada.ca\/ontario\/#organization"},"potentialAction":[{"@type":"SearchAction","target":{"@type":"EntryPoint","urlTemplate":"https:\/\/kidsportcanada.ca\/ontario\/?s={search_term_string}"},"query-input":{"@type":"PropertyValueSpecification","valueRequired":true,"valueName":"search_term_string"}}],"inLanguage":"fr-CA"},{"@type":"Organization","@id":"https:\/\/kidsportcanada.ca\/ontario\/#organization","name":"SportJeunesse Ontario","url":"https:\/\/kidsportcanada.ca\/ontario\/","logo":{"@type":"ImageObject","inLanguage":"fr-CA","@id":"https:\/\/kidsportcanada.ca\/ontario\/#\/schema\/logo\/image\/","url":"\/wp-content\/uploads\/sites\/109\/KidSportON_vert_logo_blk.jpg","contentUrl":"\/wp-content\/uploads\/sites\/109\/KidSportON_vert_logo_blk.jpg","width":954,"height":1600,"caption":"KidSport Ontario"},"image":{"@id":"https:\/\/kidsportcanada.ca\/ontario\/#\/schema\/logo\/image\/"}}]}},"_links":{"self":[{"href":"https:\/\/kidsportcanada.ca\/ontario\/fr\/wp-json\/wp\/v2\/pages\/37","targetHints":{"allow":["GET"]}}],"collection":[{"href":"https:\/\/kidsportcanada.ca\/ontario\/fr\/wp-json\/wp\/v2\/pages"}],"about":[{"href":"https:\/\/kidsportcanada.ca\/ontario\/fr\/wp-json\/wp\/v2\/types\/page"}],"author":[{"embeddable":true,"href":"https:\/\/kidsportcanada.ca\/ontario\/fr\/wp-json\/wp\/v2\/users\/16"}],"replies":[{"embeddable":true,"href":"https:\/\/kidsportcanada.ca\/ontario\/fr\/wp-json\/wp\/v2\/comments?post=37"}],"version-history":[{"count":0,"href":"https:\/\/kidsportcanada.ca\/ontario\/fr\/wp-json\/wp\/v2\/pages\/37\/revisions"}],"wp:featuredmedia":[{"embeddable":true,"href":"https:\/\/kidsportcanada.ca\/ontario\/fr\/wp-json\/wp\/v2\/media\/516"}],"wp:attachment":[{"href":"https:\/\/kidsportcanada.ca\/ontario\/fr\/wp-json\/wp\/v2\/media?parent=37"}],"curies":[{"name":"wp","href":"https:\/\/api.w.org\/{rel}","templated":true}]}}