
{"id":148,"date":"2020-04-01T20:45:29","date_gmt":"2020-04-01T20:45:29","guid":{"rendered":"http:\/\/kidsportcanada.ca\/iroquois-falls\/?page_id=148"},"modified":"2024-05-14T13:57:17","modified_gmt":"2024-05-14T13:57:17","slug":"contact-us","status":"publish","type":"page","link":"https:\/\/kidsportcanada.ca\/ontario\/iroquois-falls\/fr\/contact-us\/","title":{"rendered":"Contacter"},"content":{"rendered":"<h4>\n\t\tSportJeunesse Iroquois Falls\n\t<\/h4>\n<h1>\n\t\tCONTACTEZ-NOUS\n\t<\/h1>\n<h3>\n\t\tGet in touch &#8211; we&#8217;d be happy to answer any questions or help you get involved.\n\t<\/h3>\n<h5>\n\t\tBureau local\n\t<\/h5>\n\t<p>SportJeunesse Iroquois Falls<\/p>\n            <span class=\"location-div\">\n            <p>PO Box 1301<br \/>\nIroquois Falls, ON<br \/>\nP0K 1G0<\/p>\n            \n<h5>\n\t\tCommuniquer\n\t<\/h5>\n\t<p>Tel: (705) 232-8364<\/p>\n<p>Email: iroquoisfalls@kidsportontario.ca<\/p>\n<h5>\n\t\tDes m\u00e9dias sociaux\n\t<\/h5>\n\t    <span class=\"socialmedia-links fl-icon-group\">\n        <!------------------ Facebook ------------------>\n        <span class=\"fl-icon facebook\">\n                            <a href=\"https:\/\/www.facebook.com\/kidsportiroquoisfalls\" target=\"_blank\" aria-label=\"link to https:\/\/www.facebook.com\/kidsportcanada\/\" rel=\"noopener\"[soci>\n                    <i class=\"fab fa-facebook-square\" aria-hidden=\"true\"><\/i>\n                <\/a>\n                    <\/span>\n\t\t<!------------------ Facebook 2 ------------------>\n        <span class=\"fl-icon facebook\">\n                    <\/span>\n        <!------------------ Twitter ------------------>\n        <span class=\"fl-icon twitter\">\n                            <a href=\"https:\/\/twitter.com\/kidsport\/\" target=\"_blank\" aria-label=\"link to https:\/\/twitter.com\/kidsport\/\" rel=\"noopener\">\n                    <i class=\"fab fa-twitter\" aria-hidden=\"true\"><\/i>\n                <\/a>\n                    <\/span>\n        <!------------------ Instagram ------------------>\n        <span class=\"fl-icon instagram\">\n                            <a href=\"https:\/\/www.instagram.com\/kidsport.canada\/\" target=\"_blank\" aria-label=\"link to https:\/\/www.instagram.com\/kidsport.canada\/\" rel=\"noopener\">\n                    <i class=\"fab fa-instagram\" aria-hidden=\"true\"><\/i>\n                <\/a>\n                    <\/span>\n        <!------------------ YouTube ------------------>\n        <span class=\"fl-icon youtube\">\n                            <a href=\"https:\/\/www.youtube.com\/user\/KidSportCanada\" target=\"_blank\" aria-label=\"link to https:\/\/www.youtube.com\/user\/KidSportCanada\" rel=\"noopener\">\n                    <i class=\"fab fa-youtube\" aria-hidden=\"true\"><\/i>\n                <\/a>\n                    <\/span>\n    <\/span>\n    \n<h5>\n\t\tPROVINCIAL FUND GRANTS\n\t<\/h5>\n\t<p>If your community does not have a local chapter, you can still apply for a KidSport grant through the Ontario Provincial Fund.<\/p>\n\t\t\t<a href=\"https:\/\/kidsportcanada.ca\/ontario\/iroquois-falls\/fr\/ontario\/\" target=\"_self\" rel=\"noopener\">\n\t\t\t\t\t\t\tLEARN MORE &amp; APPLY HERE\n\t\t\t\t\t<\/a>\n<h2>\n\t\tSTAFF Directory\n\t<\/h2>\n\t<p><strong><img loading=\"lazy\" decoding=\"async\" src=\"\/wp-content\/uploads\/sites\/219\/Iroquois-Falls-Director-600x800.jpeg\" alt=\"Secretary - Patsy Robert\" width=\"249\" height=\"331\" \/><\/strong><\/p>\n<p><strong>Patsy Robert<\/strong><\/p>\n<p>President<\/p>\n\t<p><img loading=\"lazy\" decoding=\"async\" src=\"\/wp-content\/uploads\/sites\/219\/Shari-Denault-Secretary-800x710.jpg\" alt=\"\" width=\"250\" height=\"222\" \/><\/p>\n<p><strong>Shari Denault<\/strong><\/p>\n<p>Secretary<\/p>\n\t<p><img loading=\"lazy\" decoding=\"async\" src=\"\/wp-content\/uploads\/sites\/219\/Kim-White-Vice-President-600x800.jpg\" alt=\"\" width=\"251\" height=\"334\" \/><\/p>\n<p><strong>Kim White\u00a0<\/strong><\/p>\n<p>Vice President<\/p>\n\t<p>&nbsp;<\/p>\n<p><img loading=\"lazy\" decoding=\"async\" src=\"\/wp-content\/uploads\/sites\/219\/Iroquois-Falls-PresidentRC.jpeg\" alt=\"Chapter President - Rolly Cote\" width=\"250\" height=\"353\" \/><\/p>\n<p><strong>Rolly C\u00f4t\u00e9<\/strong><\/p>\n<p>Director<\/p>\n\t<p><strong><img loading=\"lazy\" decoding=\"async\" src=\"\/wp-content\/uploads\/sites\/219\/Paul-Proulx-Treasurer-600x800.jpg\" alt=\"\" width=\"249\" height=\"332\" \/><\/strong><\/p>\n<p><strong>Paul Proulx<\/strong><\/p>\n<p>Treasurer<\/p>\n\t<p><strong><img loading=\"lazy\" decoding=\"async\" src=\"\/wp-content\/uploads\/sites\/219\/Iroquois-Falls-Director2.jpeg\" alt=\"Director - Gord Dawkins\" width=\"251\" height=\"360\" \/><\/strong><\/p>\n<p><strong>Gord Dawkins<\/strong><\/p>\n<p>Director<\/p>\n\t<p><strong><img loading=\"lazy\" decoding=\"async\" src=\"\/wp-content\/uploads\/sites\/219\/Bill-Smith-Director-600x800.jpg\" alt=\"\" width=\"250\" height=\"333\" \/><\/strong><\/p>\n<p><strong>Bill Smith<\/strong><\/p>\n<p>Director<\/p>\n\t<p><strong><img loading=\"lazy\" decoding=\"async\" src=\"\/wp-content\/uploads\/sites\/219\/Sylvie-Roy-Director-600x800.jpg\" alt=\"\" width=\"250\" height=\"333\" \/><\/strong><\/p>\n<p><strong>Sylvie Roy<\/strong><\/p>\n<p>Director<\/p>\n\t<p><strong><img loading=\"lazy\" decoding=\"async\" src=\"\/wp-content\/uploads\/sites\/219\/Dan-Dube-Director-629x800.jpg\" alt=\"\" width=\"262\" height=\"333\" \/><\/strong><\/p>\n<p><strong>Dan Dub\u00e9<\/strong><\/p>\n<p>Director<\/p>\n<p>&nbsp;<\/p>\n\t<p><img loading=\"lazy\" decoding=\"async\" src=\"\/wp-content\/uploads\/sites\/219\/Guy-Harrold-Director-600x800.jpg\" alt=\"\" width=\"250\" height=\"333\" \/><\/p>\n<p><strong>Guy\u00a0<\/strong><b>Harrold<\/b><\/p>\n<p>Director<\/p>\n\t<p><img loading=\"lazy\" decoding=\"async\" src=\"\/wp-content\/uploads\/sites\/219\/Steve-527x800.jpeg\" alt=\"\" width=\"219\" height=\"332\" \/><\/p>\n<p><strong>Steve Belanger<\/strong><\/p>\n<p>Director<\/p>\n<p>&nbsp;<\/p>\n<h2>\n\t\tCOMMON Questions\n\t<\/h2>\n\t\t\t\t\t<a href=\"\/ontario\/iroquois-falls\/fr\/void(0);\/\" id=\"fl-accordion--label-0\" aria-controls=\"fl-accordion--panel-0\">Comment puis-je obtenir une subvention SportJeunesse pour un enfant?<\/a>\n\t\t\t\t\t\t\t\t\t\t\t<a href=\"#\" id=\"fl-accordion--icon-0\" aria-controls=\"fl-accordion--panel-0\"><i>Expand<\/i><\/a>\n\t\t\t\t\t<p>Si votre enfant ou un jeune que vous connaissez pouvait b\u00e9n\u00e9ficier d\u2019un coup de pouce pour participer au sport de son choix, la subvention SportJeunesse peut aider!<\/p>\n<p>Une fois que l\u2019enfant aura \u00e9t\u00e9 inscrit \u00e0 son programme de sport, vous devez trouver votre section locale, ou le fonds provincial de SportJeunesse Iroquois Falls, pour pr\u00e9senter une demande de subvention. Notre formulaire en ligne est s\u00e9curis\u00e9e et est la fa\u00e7on la plus facile d\u2019envoyer les renseignements exig\u00e9s, mais vous pouvez aussi utiliser le formulaire papier si vous pr\u00e9f\u00e9rez. <a href=\"https:\/\/kidsportcanada.ca\/ontario\/iroquois-falls\/fr\/iroquois-falls\/apply\/\">formulaire de demande en ligne<\/a> est le moyen le plus rapide d'envoyer les informations requises, mais vous pouvez \u00e9galement en faire la demande sur papier si vous le souhaitez.<\/p>\n\t\t\t\t\t<a href=\"\/ontario\/iroquois-falls\/fr\/void(0);\/\" id=\"fl-accordion--label-1\" aria-controls=\"fl-accordion--panel-1\">\u00c0 qui dois-je m\u2019adresser pour faire un don?<\/a>\n\t\t\t\t\t\t\t\t\t\t\t<a href=\"#\" id=\"fl-accordion--icon-1\" aria-controls=\"fl-accordion--panel-1\"><i>Expand<\/i><\/a>\n\t\t\t\t\t<p>Notre formulaire de <a href=\"https:\/\/kidsportcanada.ca\/ontario\/iroquois-falls\/fr\/iroquois-falls\/donate\/\">Donate<\/a>! If you have further questions about donations, please give us a call at (705)232-6717, or email senseiproulx@hotmail.com &#8211; we&#8217;ll get back to you as soon as we can.<\/p>\n\t\t\t\t\t<a href=\"\/ontario\/iroquois-falls\/fr\/void(0);\/\" id=\"fl-accordion--label-2\" aria-controls=\"fl-accordion--panel-2\">\u00c0 qui dois-je m\u2019adresser pour parler de partenariats?<\/a>\n\t\t\t\t\t\t\t\t\t\t\t<a href=\"#\" id=\"fl-accordion--icon-2\" aria-controls=\"fl-accordion--panel-2\"><i>Expand<\/i><\/a>\n\t\t\t\t\t<p>Thanks for your interest in joining the team! Please give us a call at (705)232-6717, or reach out over email at senseiproulx@hotmail.com to get the ball rolling.<\/p>\n\t\t\t\t\t<a href=\"\/ontario\/iroquois-falls\/fr\/void(0);\/\" id=\"fl-accordion--label-3\" aria-controls=\"fl-accordion--panel-3\">SportJeunesse est-il un organisme de bienfaisance enregistr\u00e9?<\/a>\n\t\t\t\t\t\t\t\t\t\t\t<a href=\"#\" id=\"fl-accordion--icon-3\" aria-controls=\"fl-accordion--panel-3\"><i>Expand<\/i><\/a>\n\t\t\t\t\t<p>Yes! KidSport is an RCAAA, and qualified donee per the CRA. Our charitable number is 86212 5986 RR003.<\/p>","protected":false},"excerpt":{"rendered":"<p>KidSport Iroquois Falls CONTACT US Get in touch &#8211; we&#8217;d be happy to answer any questions or help you get involved. LOCAL OFFICE KidSport Iroquois Falls CONNECT Tel: (705) 232-8364 Email: iroquoisfalls@kidsportontario.ca GET SOCIAL PROVINCIAL FUND GRANTS If your community does not have a local chapter, you can still apply for a KidSport grant through&hellip;<\/p>","protected":false},"author":16,"featured_media":190,"parent":0,"menu_order":0,"comment_status":"closed","ping_status":"closed","template":"","meta":{"_acf_changed":false,"footnotes":""},"class_list":["post-148","page","type-page","status-publish","has-post-thumbnail","hentry"],"acf":[],"yoast_head":"<!-- This site is optimized with the Yoast SEO plugin v27.3 - https:\/\/yoast.com\/product\/yoast-seo-wordpress\/ -->\n<title>Contact Us - KidSport Iroquois Falls<\/title>\n<meta name=\"description\" content=\"Get in touch. We would be happy to answer any questions or help you get involved.\" \/>\n<meta name=\"robots\" content=\"index, follow, max-snippet:-1, max-image-preview:large, max-video-preview:-1\" \/>\n<link rel=\"canonical\" href=\"https:\/\/kidsportcanada.ca\/ontario\/iroquois-falls\/fr\/contact-us\/\" \/>\n<meta property=\"og:locale\" content=\"fr_CA\" \/>\n<meta property=\"og:type\" content=\"article\" \/>\n<meta property=\"og:title\" content=\"Contact Us - KidSport Iroquois Falls\" \/>\n<meta property=\"og:description\" content=\"Get in touch. We would be happy to answer any questions or help you get involved.\" \/>\n<meta property=\"og:url\" content=\"https:\/\/kidsportcanada.ca\/ontario\/iroquois-falls\/fr\/contact-us\/\" \/>\n<meta property=\"og:site_name\" content=\"Iroquois Falls\" \/>\n<meta property=\"article:modified_time\" content=\"2024-05-14T13:57:17+00:00\" \/>\n<meta property=\"og:image\" content=\"https:\/\/kidsportcanada.ca\/wp-content\/uploads\/sites\/219\/brett-levis.jpg\" \/>\n\t<meta property=\"og:image:width\" content=\"1600\" \/>\n\t<meta property=\"og:image:height\" content=\"1000\" \/>\n\t<meta property=\"og:image:type\" content=\"image\/jpeg\" \/>\n<meta name=\"twitter:card\" content=\"summary_large_image\" \/>\n<meta name=\"twitter:label1\" content=\"Estimation du temps de lecture\" \/>\n\t<meta name=\"twitter:data1\" content=\"3 minutes\" \/>\n<script type=\"application\/ld+json\" class=\"yoast-schema-graph\">{\"@context\":\"https:\\\/\\\/schema.org\",\"@graph\":[{\"@type\":\"WebPage\",\"@id\":\"https:\\\/\\\/kidsportcanada.ca\\\/ontario\\\/iroquois-falls\\\/contact-us\\\/\",\"url\":\"https:\\\/\\\/kidsportcanada.ca\\\/ontario\\\/iroquois-falls\\\/contact-us\\\/\",\"name\":\"Contact Us - KidSport Iroquois Falls\",\"isPartOf\":{\"@id\":\"https:\\\/\\\/kidsportcanada.ca\\\/ontario\\\/iroquois-falls\\\/fr\\\/#website\"},\"primaryImageOfPage\":{\"@id\":\"https:\\\/\\\/kidsportcanada.ca\\\/ontario\\\/iroquois-falls\\\/contact-us\\\/#primaryimage\"},\"image\":{\"@id\":\"https:\\\/\\\/kidsportcanada.ca\\\/ontario\\\/iroquois-falls\\\/contact-us\\\/#primaryimage\"},\"thumbnailUrl\":\"\\\/wp-content\\\/uploads\\\/sites\\\/219\\\/brett-levis.jpg\",\"datePublished\":\"2020-04-01T20:45:29+00:00\",\"dateModified\":\"2024-05-14T13:57:17+00:00\",\"description\":\"Get in touch. We would be happy to answer any questions or help you get involved.\",\"breadcrumb\":{\"@id\":\"https:\\\/\\\/kidsportcanada.ca\\\/ontario\\\/iroquois-falls\\\/contact-us\\\/#breadcrumb\"},\"inLanguage\":\"fr-CA\",\"potentialAction\":[{\"@type\":\"ReadAction\",\"target\":[\"https:\\\/\\\/kidsportcanada.ca\\\/ontario\\\/iroquois-falls\\\/contact-us\\\/\"]}]},{\"@type\":\"ImageObject\",\"inLanguage\":\"fr-CA\",\"@id\":\"https:\\\/\\\/kidsportcanada.ca\\\/ontario\\\/iroquois-falls\\\/contact-us\\\/#primaryimage\",\"url\":\"\\\/wp-content\\\/uploads\\\/sites\\\/219\\\/brett-levis.jpg\",\"contentUrl\":\"\\\/wp-content\\\/uploads\\\/sites\\\/219\\\/brett-levis.jpg\",\"width\":1600,\"height\":1000,\"caption\":\"Brett Levis a professional soccer player having a team huddle with a group of young kids on a soccer field\"},{\"@type\":\"BreadcrumbList\",\"@id\":\"https:\\\/\\\/kidsportcanada.ca\\\/ontario\\\/iroquois-falls\\\/contact-us\\\/#breadcrumb\",\"itemListElement\":[{\"@type\":\"ListItem\",\"position\":1,\"name\":\"Home\",\"item\":\"https:\\\/\\\/kidsportcanada.ca\\\/ontario\\\/iroquois-falls\\\/\"},{\"@type\":\"ListItem\",\"position\":2,\"name\":\"Contact Us\"}]},{\"@type\":\"WebSite\",\"@id\":\"https:\\\/\\\/kidsportcanada.ca\\\/ontario\\\/iroquois-falls\\\/fr\\\/#website\",\"url\":\"https:\\\/\\\/kidsportcanada.ca\\\/ontario\\\/iroquois-falls\\\/fr\\\/\",\"name\":\"Iroquois Falls\",\"description\":\"So all kids can play\",\"potentialAction\":[{\"@type\":\"SearchAction\",\"target\":{\"@type\":\"EntryPoint\",\"urlTemplate\":\"https:\\\/\\\/kidsportcanada.ca\\\/ontario\\\/iroquois-falls\\\/fr\\\/?s={search_term_string}\"},\"query-input\":{\"@type\":\"PropertyValueSpecification\",\"valueRequired\":true,\"valueName\":\"search_term_string\"}}],\"inLanguage\":\"fr-CA\"}]}<\/script>\n<!-- \/ Yoast SEO plugin. -->","yoast_head_json":{"title":"Contact Us - KidSport Iroquois Falls","description":"Communiquez avec nous! Nous serons heureux de r\u00e9pondre \u00e0 vos questions ou de vous aider \u00e0 vous impliquer.","robots":{"index":"index","follow":"follow","max-snippet":"max-snippet:-1","max-image-preview":"max-image-preview:large","max-video-preview":"max-video-preview:-1"},"canonical":"https:\/\/kidsportcanada.ca\/ontario\/iroquois-falls\/fr\/contact-us\/","og_locale":"fr_CA","og_type":"article","og_title":"Contact Us - KidSport Iroquois Falls","og_description":"Get in touch. We would be happy to answer any questions or help you get involved.","og_url":"https:\/\/kidsportcanada.ca\/ontario\/iroquois-falls\/fr\/contact-us\/","og_site_name":"Iroquois Falls","article_modified_time":"2024-05-14T13:57:17+00:00","og_image":[{"width":1600,"height":1000,"url":"https:\/\/kidsportcanada.ca\/wp-content\/uploads\/sites\/219\/brett-levis.jpg","type":"image\/jpeg"}],"twitter_card":"summary_large_image","twitter_misc":{"Estimation du temps de lecture":"3 minutes"},"schema":{"@context":"https:\/\/schema.org","@graph":[{"@type":"WebPage","@id":"https:\/\/kidsportcanada.ca\/ontario\/iroquois-falls\/contact-us\/","url":"https:\/\/kidsportcanada.ca\/ontario\/iroquois-falls\/contact-us\/","name":"Contact Us - KidSport Iroquois Falls","isPartOf":{"@id":"https:\/\/kidsportcanada.ca\/ontario\/iroquois-falls\/fr\/#website"},"primaryImageOfPage":{"@id":"https:\/\/kidsportcanada.ca\/ontario\/iroquois-falls\/contact-us\/#primaryimage"},"image":{"@id":"https:\/\/kidsportcanada.ca\/ontario\/iroquois-falls\/contact-us\/#primaryimage"},"thumbnailUrl":"\/wp-content\/uploads\/sites\/219\/brett-levis.jpg","datePublished":"2020-04-01T20:45:29+00:00","dateModified":"2024-05-14T13:57:17+00:00","description":"Communiquez avec nous! Nous serons heureux de r\u00e9pondre \u00e0 vos questions ou de vous aider \u00e0 vous impliquer.","breadcrumb":{"@id":"https:\/\/kidsportcanada.ca\/ontario\/iroquois-falls\/contact-us\/#breadcrumb"},"inLanguage":"fr-CA","potentialAction":[{"@type":"ReadAction","target":["https:\/\/kidsportcanada.ca\/ontario\/iroquois-falls\/contact-us\/"]}]},{"@type":"ImageObject","inLanguage":"fr-CA","@id":"https:\/\/kidsportcanada.ca\/ontario\/iroquois-falls\/contact-us\/#primaryimage","url":"\/wp-content\/uploads\/sites\/219\/brett-levis.jpg","contentUrl":"\/wp-content\/uploads\/sites\/219\/brett-levis.jpg","width":1600,"height":1000,"caption":"Brett Levis a professional soccer player having a team huddle with a group of young kids on a soccer field"},{"@type":"BreadcrumbList","@id":"https:\/\/kidsportcanada.ca\/ontario\/iroquois-falls\/contact-us\/#breadcrumb","itemListElement":[{"@type":"ListItem","position":1,"name":"Home","item":"https:\/\/kidsportcanada.ca\/ontario\/iroquois-falls\/"},{"@type":"ListItem","position":2,"name":"Contact Us"}]},{"@type":"WebSite","@id":"https:\/\/kidsportcanada.ca\/ontario\/iroquois-falls\/fr\/#website","url":"https:\/\/kidsportcanada.ca\/ontario\/iroquois-falls\/fr\/","name":"Iroquois Falls","description":"So all kids can play","potentialAction":[{"@type":"SearchAction","target":{"@type":"EntryPoint","urlTemplate":"https:\/\/kidsportcanada.ca\/ontario\/iroquois-falls\/fr\/?s={search_term_string}"},"query-input":{"@type":"PropertyValueSpecification","valueRequired":true,"valueName":"search_term_string"}}],"inLanguage":"fr-CA"}]}},"_links":{"self":[{"href":"https:\/\/kidsportcanada.ca\/ontario\/iroquois-falls\/fr\/wp-json\/wp\/v2\/pages\/148","targetHints":{"allow":["GET"]}}],"collection":[{"href":"https:\/\/kidsportcanada.ca\/ontario\/iroquois-falls\/fr\/wp-json\/wp\/v2\/pages"}],"about":[{"href":"https:\/\/kidsportcanada.ca\/ontario\/iroquois-falls\/fr\/wp-json\/wp\/v2\/types\/page"}],"author":[{"embeddable":true,"href":"https:\/\/kidsportcanada.ca\/ontario\/iroquois-falls\/fr\/wp-json\/wp\/v2\/users\/16"}],"replies":[{"embeddable":true,"href":"https:\/\/kidsportcanada.ca\/ontario\/iroquois-falls\/fr\/wp-json\/wp\/v2\/comments?post=148"}],"version-history":[{"count":0,"href":"https:\/\/kidsportcanada.ca\/ontario\/iroquois-falls\/fr\/wp-json\/wp\/v2\/pages\/148\/revisions"}],"wp:featuredmedia":[{"embeddable":true,"href":"https:\/\/kidsportcanada.ca\/ontario\/iroquois-falls\/fr\/wp-json\/wp\/v2\/media\/190"}],"wp:attachment":[{"href":"https:\/\/kidsportcanada.ca\/ontario\/iroquois-falls\/fr\/wp-json\/wp\/v2\/media?parent=148"}],"curies":[{"name":"wp","href":"https:\/\/api.w.org\/{rel}","templated":true}]}}