
{"id":37,"date":"2020-03-13T16:16:56","date_gmt":"2020-03-13T16:16:56","guid":{"rendered":"http:\/\/kidsportcanada.ca\/north-bay\/?page_id=37"},"modified":"2025-09-22T16:29:30","modified_gmt":"2025-09-22T16:29:30","slug":"home","status":"publish","type":"page","link":"https:\/\/kidsportcanada.ca\/ontario\/north-bay\/fr\/","title":{"rendered":"Home"},"content":{"rendered":"<h4 data-animation-delay=\"0\" data-animation-duration=\"1\">\n\t\t\tBienvenue \u00e0\t<\/h4>\n<h1>\n\t\t\tSportJeunesse North Bay\t<\/h1>\n\t\t\t<a href=\"https:\/\/kidsportcanada.ca\/ontario\/north-bay\/fr\/apply-for-a-grant\/\" target=\"_self\" rel=\"noopener\">\n\t\t\t\t\t\t\tDEMANDER UNE SUBVENTION\n\t\t\t\t\t<\/a>\n<h2>\n\t\t\t\u00c0 PROPOS DE\t<\/h2>\n<h4>\n\t\t\tSportJeunesse North Bay\t<\/h4>\n\t<h3>Nous fournissons des subventions pour aider \u00e0 couvrir le co\u00fbt des frais d\u2019inscription afin que tous les enfants de 18 ans et moins de North Bay puissent pratiquer un sport pendant une saison.<\/h3>\n<p>&nbsp;<\/p>\n<h3>Notre section accepte les demandes et administre les subventions pouvant atteindre <strong>$600 per child\/year<\/strong>pour les jeunes qui habitent \u00e0 North Bay ou dans une des autres localit\u00e9s que nous servons. Si vous habitez \u00e0 l\u2019ext\u00e9rieur de North Bay, veuillez communiquer avec le <a href=\"https:\/\/kidsportcanada.ca\/ontario\/north-bay\/fr\/ontario\/\">bureau provincial<\/a> pour trouver la section la plus pr\u00e8s de chez vous ou obtenir de l\u2019aide par l\u2019interm\u00e9diaire du fonds provincial.<\/h3>\n\t\t\t<a href=\"https:\/\/kidsportcanada.ca\/ontario\/north-bay\/fr\/apply-for-a-grant\/\" target=\"_self\" rel=\"noopener\">\n\t\t\t\t\t\t\tDEMANDER UNE SUBVENTION\n\t\t\t\t\t<\/a>\n<h5>\n\t\t\tCommuniquer\t<\/h5>\n\t    <span class=\"socialmedia-links fl-icon-group\">\n        <!------------------ Facebook ------------------>\n        <span class=\"fl-icon facebook\">\n                            <a href=\"https:\/\/www.facebook.com\/kidsportNorthBay\" target=\"_blank\" aria-label=\"link to https:\/\/www.facebook.com\/kidsportcanada\/\" rel=\"noopener\"[soci>\n                    <i class=\"fab fa-facebook-square\" aria-hidden=\"true\"><\/i>\n                <\/a>\n                    <\/span>\n\t\t<!------------------ Facebook 2 ------------------>\n        <span class=\"fl-icon facebook\">\n                    <\/span>\n        <!------------------ Twitter ------------------>\n        <span class=\"fl-icon twitter\">\n                            <a href=\"https:\/\/mobile.twitter.com\/KidSportNBay\" target=\"_blank\" aria-label=\"link to https:\/\/twitter.com\/kidsport\/\" rel=\"noopener\">\n                    <i class=\"fab fa-twitter\" aria-hidden=\"true\"><\/i>\n                <\/a>\n                    <\/span>\n        <!------------------ Instagram ------------------>\n        <span class=\"fl-icon instagram\">\n                            <a href=\"https:\/\/www.instagram.com\/kidsport.canada\/\" target=\"_blank\" aria-label=\"link to https:\/\/www.instagram.com\/kidsport.canada\/\" rel=\"noopener\">\n                    <i class=\"fab fa-instagram\" aria-hidden=\"true\"><\/i>\n                <\/a>\n                    <\/span>\n        <!------------------ YouTube ------------------>\n        <span class=\"fl-icon youtube\">\n                            <a href=\"https:\/\/www.youtube.com\/user\/KidSportCanada\" target=\"_blank\" aria-label=\"link to https:\/\/www.youtube.com\/user\/KidSportCanada\" rel=\"noopener\">\n                    <i class=\"fab fa-youtube\" aria-hidden=\"true\"><\/i>\n                <\/a>\n                    <\/span>\n    <\/span>\n    \n<h5>\n\t\t\tLIENS UTILES\t<\/h5>\n<h6>\n\t\t<a href=\"https:\/\/kidsport5050.com\/\" title=\"Purchase KidSport North Bay 50\/50 Tickets\" target=\"_self\" rel=\"noopener\">\n\t\t\tPurchase KidSport North Bay 50\/50 Tickets\t\t<\/a>\n\t<\/h6>\n<h6>\n\t\t<a href=\"https:\/\/kidsportcanada.ca\/ontario\/north-bay\/fr\/news-stories\/north-bay-battalion-50-50-winners\/\" title=\"KidSport 50\/50 Winners\" target=\"_self\" rel=\"noopener\">\n\t\t\tKidSport 50\/50 Winners\t\t<\/a>\n\t<\/h6>\n<h6>\n\t\t<a href=\"https:\/\/kidsportcanada.ca\/ontario\/north-bay\/fr\/home\/50-50-rules-of-play\/\" title=\"KidSport North Bay 50\/50 Rules of Play\" target=\"_self\" rel=\"noopener\">\n\t\t\tKidSport North Bay 50\/50 Rules of Play\t\t<\/a>\n\t<\/h6>\n<h2>\n\t\t\tDERNI\u00c8RES\t<\/h2>\n<h4>\n\t\t\tNews &amp; Stories\t<\/h4>\n    <h5>News &amp; Stories<\/h5>\n    <h5>\u00c9V\u00c9NEMENTS<\/h5>\n<h5>\n\t\t\tNorth Bay Battalion 50\/50 Winners In Support of KidSport North Bay\t<\/h5>\n\t<p>KidSport North Bay is grateful for our Community Sponsorship with the North Bay Battalion.\u00a0 You can find a complete list of winners here.<\/p>\n\t\t\t<a href=\"https:\/\/kidsportcanada.ca\/ontario\/north-bay\/fr\/news-stories\/north-bay-battalion-50-50-winners\/\" target=\"_self\" rel=\"noopener\">\n\t\t\t\t\t\t\tEN SAVOIR PLUS\n\t\t\t\t\t<\/a>\n<h2>\n\t\t\tINCIDENCE 100 % LOCALE\t<\/h2>\n<h4>\n\t\t\tAll funds raised by Kidsport North Bay stay in our community to get local kids off the sidelines and into a season of sport. Let&#8217;s work together to build strong kids and strong communities!\t<\/h4>\n    <a href=\"https:\/\/kidsportcanada.ca\/ontario\/north-bay\/fr\/donate\/\">\n            <br \/>DONNER<br \/>MAINTENANT\n    <\/a>\n\t\t<!-- Comment to fix spacing issue\n\t-->\n\t\t<h1>$0<\/h1>\n\t<!-- Comment to fix spacing issue\n\t-->\t\n<h3>\n\t\t\tSomme accord\u00e9e aux enfants de North Bay l\u2019an dernier.\t<\/h3>\n\t\t<!-- Comment to fix spacing issue\n\t-->\n\t\t<h1>0<\/h1>\n\t<!-- Comment to fix spacing issue\n\t-->\t\n<h3>\n\t\t\tEnfants qui ont pu quitter la ligne lat\u00e9rale \u00e0 North Bay l\u2019an dernier\t<\/h3>\n<h3>\n\t\t\tEn appuyant SportJeunesse, nous gagnons tous. Quand les enfants ont acc\u00e8s au sport, ils s\u2019am\u00e9liorent \u00e0 l\u2019\u00e9cole, deviennent de solides leaders, cr\u00e9ent des communaut\u00e9s s\u00fbres, catalysent l\u2019inclusivit\u00e9 et adoptent des habitudes saines pour la vie.\t<\/h3>\n<h2>\n\t\t\tOUR Team\t<\/h2>\n<h3>\n\t\t\tKidsport North Bay is made possible thanks to passionate volunteers and our incredible partners. Together we&#8217;re making it so no kid in North Bay is left watching from the sidelines.\t<\/h3>\n<h5>\n\t\t\tShannon Anello\t<\/h5>\n<h5>\n\t\t\tCommunity Liason\t<\/h5>\n<h5>\n\t\t<a href=\"tel:\" title=\"(705) 474-0626 ext 2328\" target=\"_self\" rel=\"noopener\">\n\t\t\t(705) 474-0626 ext 2328\t\t<\/a>\n\t<\/h5>\n<h5>\n\t\t<a href=\"mailto:\" title=\"kidsport@cityofnorthbay.ca\" target=\"_self\" rel=\"noopener\">\n\t\t\tkidsport@cityofnorthbay.ca\t\t<\/a>\n\t<\/h5>\n\t\t\t\t\t<a href=\"#\" id=\"fl-accordion--label-0\" aria-controls=\"fl-accordion--panel-0\">Conseil d\u2019administration<\/a>\n\t\t\t\t\t\t\t\t\t\t\t<a href=\"#\" id=\"fl-accordion--icon-0\"><i title=\"Expand\">Expand<\/i><\/a>\n\t\t\t\t\t<p>Dave Mendicino, Chair<\/p>\n<p>Michelle Cundari, Vice Chair<\/p>\n<p>David Grannary, Treasurer<\/p>\n<p>Heath Marson, Board Member<\/p>\n<p>Ryan Leckie, Board Member<\/p>\n<p>Rick Delisle, Board Member<\/p>\n<p>Bryan Kimber, Ex Officio<\/p>\n<h1>\n\t\t\tAMBASSADEURS\t<\/h1>\n\t\t\t\t\t<a href=\"#\" id=\"fl-accordion--label-0\" aria-controls=\"fl-accordion--panel-0\">COMMUNITY PARTNERS<\/a>\n\t\t\t\t\t\t\t\t\t\t\t<a href=\"#\" id=\"fl-accordion--icon-0\"><i title=\"Expand\">Expand<\/i><\/a>\n\t\t\t\t\t<p><a href=\"https:\/\/battalionhockey.com\/\">\u00a0<\/a><a href=\"https:\/\/battalionhockey.com\/\"><img loading=\"lazy\" decoding=\"async\" src=\"\/wp-content\/uploads\/sites\/224\/North_Bay_Battalion-240X240.jpg\" alt=\"\" width=\"120\" height=\"120\" \/><\/a><\/p>\n<p>Thank you to the North Bay Battalion for their continued support. For details on our 50\/50 program, please <a href=\"https:\/\/kidsportcanada.ca\/ontario\/north-bay\/fr\/home\/50-50-rules-of-play\/\">click here<\/a><\/p>\n<p><img loading=\"lazy\" decoding=\"async\" src=\"\/wp-content\/uploads\/sites\/224\/HU-logo-bilingual-2.png\" alt=\"\" width=\"151\" height=\"120\" \/><\/p>\n\t\t\t\t\t<a href=\"#\" id=\"fl-accordion--label-1\" aria-controls=\"fl-accordion--panel-1\">COMMUNITY DONORS<\/a>\n\t\t\t\t\t\t\t\t\t\t\t<a href=\"#\" id=\"fl-accordion--icon-1\"><i title=\"Expand\">Expand<\/i><\/a>\n\t\t\t\t\t<p><strong>Thanks to the\u00a0generous contribution of the following\u00a0corporate and individual donors, KidSport can support more kids to get active and involved in organized sport.<\/strong><\/p>\n<p><strong>Together we can get all kids off the sidelines&#8230;<\/strong><\/p>\n<p><strong>2024 Donors<\/strong><\/p>\n<ul>\n<li>Yes Employment<\/li>\n<li>Young Leader Initiative &#8220;Mallory Domenico&#8221;<\/li>\n<li>Young Forestry Services<\/li>\n<li>Allan and Dawn Waltenbury<\/li>\n<li>Douglas and Bonnie Bolger<\/li>\n<li>North Bay Employee Tournament<\/li>\n<li>Dr. Christa Leckie and Dr. Brian Eckensviller Optometrists LLP<\/li>\n<li>Widdifield Alumni Association<\/li>\n<\/ul>\n<p><strong>&#8220;In Memory of&#8221;<\/strong><\/p>\n<ul>\n<li>Maurice Desilets<\/li>\n<li>Gerald Desormeau<\/li>\n<li>Joan Wilkes<\/li>\n<\/ul>\n<p><strong>2023 Donors<\/strong><\/p>\n<ul>\n<li>Allstate Insurance &#8211; Good Hands Grant<\/li>\n<li>The North Bay Employee Tournament<\/li>\n<li>Olayinka Aiyede<\/li>\n<li>Duncan Sharp<\/li>\n<li>Suyan Valle<\/li>\n<li>Fresh Italian Eats<\/li>\n<li>One Kids Place &#8211; Charity Golf Tournament<\/li>\n<\/ul>\n<p><strong>&#8220;In Memory of&#8221;<\/strong><\/p>\n<ul>\n<li>Marty Ellam<\/li>\n<li>Sandra Glenn<\/li>\n<li>Leonard Restoule<\/li>\n<li>Chad Ringler<\/li>\n<li>Jim St. Onge<\/li>\n<li>Bill and Alma Winsor<\/li>\n<li>Hughie Stonehouse<\/li>\n<li>Joan and Bob Horne<\/li>\n<\/ul>\n<p><strong>2022 Donors<\/strong><\/p>\n<ul>\n<li>Bradley and Jenna Sharp<\/li>\n<li>Dare North Bay<\/li>\n<li>The North Bay Employee Tournament<\/li>\n<li>Vaughn Thomson<\/li>\n<\/ul>\n<p><strong>&#8220;In Memory of&#8221;<\/strong><\/p>\n<ul>\n<li>Clifford O&#8217;Donnell<\/li>\n<li>Aaron Northrup<\/li>\n<li>Peter Topolie<\/li>\n<li>Marcel Trudel<\/li>\n<li>Elmer Upya<\/li>\n<li>Wilfred Mathiew<\/li>\n<\/ul>\n<p><strong>2021 Donors<\/strong><\/p>\n<ul>\n<li>Ryan Drouin<\/li>\n<li>Tammy Girard<\/li>\n<li>Leeann Noel<\/li>\n<li>Lise Paxton<\/li>\n<li>Don Seguin<\/li>\n<li>Bradley and Jenna Sharp<\/li>\n<li>Linda Turcotte<\/li>\n<li>Margaret Thomson<\/li>\n<li>North Bay Tax Service<\/li>\n<li>Tighe&#8217;s Charity Golf Game<\/li>\n<li>Tight Line Construction<\/li>\n<\/ul>\n<p><strong>&#8220;In Memory of&#8221;<\/strong><\/p>\n<ul>\n<li>Noah Dugas<\/li>\n<\/ul>\n<p><strong>2020 Donors<\/strong><\/p>\n<ul>\n<li>Tanis Gervais<\/li>\n<li>Michael Jackson<\/li>\n<li>Judy and Jack Inch<\/li>\n<li>RBC<\/li>\n<\/ul>\n<p><strong>&#8220;In Memory of&#8221;<\/strong><\/p>\n<ul>\n<li>Noah Dugas<\/li>\n<li>\nBob McKinnon\n<\/li>\n<\/ul>\n<p><strong>2019 Donors<\/strong><\/p>\n<ul>\n<li>\nTravis G. Cybolsky\n<\/li>\n<li>Michael Jackson<\/li>\n<li>Carol Mason<\/li>\n<li>Jeff Mason<\/li>\n<li>Heather Prescott<\/li>\n<li>Fred and Diane Steward<\/li>\n<li>\nJay&#8217;s Care Baseball\n<\/li>\n<li>\nKing Sportswear &#8220;WFMHA Atom Major AA&#8221;\n<\/li>\n<li>P &amp; G Auto Atom Trappers Hockey Team<\/li>\n<li>West Ferris Pewee &#8220;A&#8221; Trappers<\/li>\n<li>W.J. Fricker<\/li>\n<li>The North Bay Employee Tournament<\/li>\n<li>North Bay Tax Services &#8220;$10.00 from every paid tax return was collected for four different charities, KidSport being one of them&#8221;<\/li>\n<li>Redpath Canada Limited<\/li>\n<\/ul>\n<p><strong>&#8220;In Memory of&#8221;<\/strong><\/p>\n<ul>\n<li>\nJohn Crocker\n<\/li>\n<\/ul>\n<p><strong>2018 Donors<\/strong><\/p>\n<ul>\n<li>\nWilliam Brownlee\n<\/li>\n<li>\nTravis Cybolsky\n<\/li>\n<li>\nTannis Gervais\n<\/li>\n<li>\nRenee McIntosh (Happy Birthday to Tyler Wedzinga)\n<\/li>\n<li>\nFred and Diane Steward\n<\/li>\n<li>\nJulie Vos\n<\/li>\n<li>\nHoppers Pontiac &#8220;Drive for a Cause Event&#8221;\n<\/li>\n<li>\nLadies Volleyball\n<\/li>\n<li>\nOxford Learning Centre\n<\/li>\n<li>\nThe North Bay Employee Tournament\n<\/li>\n<li>\nTD Canada Trust\n<\/li>\n<\/ul>\n<p><strong>&#8220;In Memory of&#8221;<\/strong><\/p>\n<ul>\n<li>\nWilliam (Bill) Curry\n<\/li>\n<li>\nMichael Gauthier\n<\/li>\n<\/ul>","protected":false},"excerpt":{"rendered":"<p>Welcome to KidSport North Bay APPLY FOR A GRANT ABOUT KidSport North Bay We provide grants to help cover the costs of registration fees so that all kids aged 18 and under in North Bay can play a season of sport. &nbsp; Our chapter accepts applications and administers grants of up to $600 per child\/year,&hellip;<\/p>","protected":false},"author":16,"featured_media":195,"parent":0,"menu_order":0,"comment_status":"closed","ping_status":"closed","template":"","meta":{"_acf_changed":false,"footnotes":""},"class_list":["post-37","page","type-page","status-publish","has-post-thumbnail","hentry"],"acf":[],"yoast_head":"<!-- This site is optimized with the Yoast SEO plugin v27.4 - https:\/\/yoast.com\/product\/yoast-seo-wordpress\/ -->\n<title>Home - KidSport North Bay<\/title>\n<meta name=\"description\" content=\"KidSport provides grants to help cover the costs of registration fees so that ALL kids aged 18 and under can play a season of sport.\" \/>\n<meta name=\"robots\" content=\"index, follow, max-snippet:-1, max-image-preview:large, max-video-preview:-1\" \/>\n<link rel=\"canonical\" href=\"https:\/\/kidsportcanada.ca\/ontario\/north-bay\/fr\/\" \/>\n<meta property=\"og:locale\" content=\"fr_CA\" \/>\n<meta property=\"og:type\" content=\"article\" \/>\n<meta property=\"og:title\" content=\"Home - KidSport North Bay\" \/>\n<meta property=\"og:description\" content=\"KidSport provides grants to help cover the costs of registration fees so that ALL kids aged 18 and under can play a season of sport.\" \/>\n<meta property=\"og:url\" content=\"https:\/\/kidsportcanada.ca\/ontario\/north-bay\/fr\/\" \/>\n<meta property=\"og:site_name\" content=\"North Bay\" \/>\n<meta property=\"article:modified_time\" content=\"2025-09-22T16:29:30+00:00\" \/>\n<meta property=\"og:image\" content=\"https:\/\/kidsportcanada.ca\/wp-content\/uploads\/sites\/224\/kidsport-chapter-home-1.jpg\" \/>\n\t<meta property=\"og:image:width\" content=\"1600\" \/>\n\t<meta property=\"og:image:height\" content=\"1000\" \/>\n\t<meta property=\"og:image:type\" content=\"image\/jpeg\" \/>\n<meta name=\"twitter:card\" content=\"summary_large_image\" \/>\n<meta name=\"twitter:label1\" content=\"Estimation du temps de lecture\" \/>\n\t<meta name=\"twitter:data1\" content=\"6 minutes\" \/>\n<script type=\"application\/ld+json\" class=\"yoast-schema-graph\">{\"@context\":\"https:\\\/\\\/schema.org\",\"@graph\":[{\"@type\":\"WebPage\",\"@id\":\"https:\\\/\\\/kidsportcanada.ca\\\/ontario\\\/north-bay\\\/\",\"url\":\"https:\\\/\\\/kidsportcanada.ca\\\/ontario\\\/north-bay\\\/\",\"name\":\"Home - KidSport North Bay\",\"isPartOf\":{\"@id\":\"https:\\\/\\\/kidsportcanada.ca\\\/ontario\\\/north-bay\\\/fr\\\/#website\"},\"primaryImageOfPage\":{\"@id\":\"https:\\\/\\\/kidsportcanada.ca\\\/ontario\\\/north-bay\\\/#primaryimage\"},\"image\":{\"@id\":\"https:\\\/\\\/kidsportcanada.ca\\\/ontario\\\/north-bay\\\/#primaryimage\"},\"thumbnailUrl\":\"\\\/wp-content\\\/uploads\\\/sites\\\/224\\\/kidsport-chapter-home-1.jpg\",\"datePublished\":\"2020-03-13T16:16:56+00:00\",\"dateModified\":\"2025-09-22T16:29:30+00:00\",\"description\":\"KidSport provides grants to help cover the costs of registration fees so that ALL kids aged 18 and under can play a season of sport.\",\"breadcrumb\":{\"@id\":\"https:\\\/\\\/kidsportcanada.ca\\\/ontario\\\/north-bay\\\/#breadcrumb\"},\"inLanguage\":\"fr-CA\",\"potentialAction\":[{\"@type\":\"ReadAction\",\"target\":[\"https:\\\/\\\/kidsportcanada.ca\\\/ontario\\\/north-bay\\\/\"]}]},{\"@type\":\"ImageObject\",\"inLanguage\":\"fr-CA\",\"@id\":\"https:\\\/\\\/kidsportcanada.ca\\\/ontario\\\/north-bay\\\/#primaryimage\",\"url\":\"\\\/wp-content\\\/uploads\\\/sites\\\/224\\\/kidsport-chapter-home-1.jpg\",\"contentUrl\":\"\\\/wp-content\\\/uploads\\\/sites\\\/224\\\/kidsport-chapter-home-1.jpg\",\"width\":1600,\"height\":1000,\"caption\":\"A hockey player wearing red and black stopping on an indoor ice rink and looking at the camera\"},{\"@type\":\"BreadcrumbList\",\"@id\":\"https:\\\/\\\/kidsportcanada.ca\\\/ontario\\\/north-bay\\\/#breadcrumb\",\"itemListElement\":[{\"@type\":\"ListItem\",\"position\":1,\"name\":\"Home\",\"item\":\"https:\\\/\\\/kidsportcanada.ca\\\/ontario\\\/north-bay\\\/\"},{\"@type\":\"ListItem\",\"position\":2,\"name\":\"Home\"}]},{\"@type\":\"WebSite\",\"@id\":\"https:\\\/\\\/kidsportcanada.ca\\\/ontario\\\/north-bay\\\/fr\\\/#website\",\"url\":\"https:\\\/\\\/kidsportcanada.ca\\\/ontario\\\/north-bay\\\/fr\\\/\",\"name\":\"North Bay\",\"description\":\"So all kids can play\",\"potentialAction\":[{\"@type\":\"SearchAction\",\"target\":{\"@type\":\"EntryPoint\",\"urlTemplate\":\"https:\\\/\\\/kidsportcanada.ca\\\/ontario\\\/north-bay\\\/fr\\\/?s={search_term_string}\"},\"query-input\":{\"@type\":\"PropertyValueSpecification\",\"valueRequired\":true,\"valueName\":\"search_term_string\"}}],\"inLanguage\":\"fr-CA\"}]}<\/script>\n<!-- \/ Yoast SEO plugin. -->","yoast_head_json":{"title":"Home - KidSport North Bay","description":"Nous fournissons des subventions pour aider \u00e0 couvrir le co\u00fbt des frais d\u2019inscription afin que tous les enfants de 18 ans et moins puissent pratiquer un sport pendant une saison.","robots":{"index":"index","follow":"follow","max-snippet":"max-snippet:-1","max-image-preview":"max-image-preview:large","max-video-preview":"max-video-preview:-1"},"canonical":"https:\/\/kidsportcanada.ca\/ontario\/north-bay\/fr\/","og_locale":"fr_CA","og_type":"article","og_title":"Home - KidSport North Bay","og_description":"KidSport provides grants to help cover the costs of registration fees so that ALL kids aged 18 and under can play a season of sport.","og_url":"https:\/\/kidsportcanada.ca\/ontario\/north-bay\/fr\/","og_site_name":"North Bay","article_modified_time":"2025-09-22T16:29:30+00:00","og_image":[{"width":1600,"height":1000,"url":"https:\/\/kidsportcanada.ca\/wp-content\/uploads\/sites\/224\/kidsport-chapter-home-1.jpg","type":"image\/jpeg"}],"twitter_card":"summary_large_image","twitter_misc":{"Estimation du temps de lecture":"6 minutes"},"schema":{"@context":"https:\/\/schema.org","@graph":[{"@type":"WebPage","@id":"https:\/\/kidsportcanada.ca\/ontario\/north-bay\/","url":"https:\/\/kidsportcanada.ca\/ontario\/north-bay\/","name":"Home - KidSport North Bay","isPartOf":{"@id":"https:\/\/kidsportcanada.ca\/ontario\/north-bay\/fr\/#website"},"primaryImageOfPage":{"@id":"https:\/\/kidsportcanada.ca\/ontario\/north-bay\/#primaryimage"},"image":{"@id":"https:\/\/kidsportcanada.ca\/ontario\/north-bay\/#primaryimage"},"thumbnailUrl":"\/wp-content\/uploads\/sites\/224\/kidsport-chapter-home-1.jpg","datePublished":"2020-03-13T16:16:56+00:00","dateModified":"2025-09-22T16:29:30+00:00","description":"Nous fournissons des subventions pour aider \u00e0 couvrir le co\u00fbt des frais d\u2019inscription afin que tous les enfants de 18 ans et moins puissent pratiquer un sport pendant une saison.","breadcrumb":{"@id":"https:\/\/kidsportcanada.ca\/ontario\/north-bay\/#breadcrumb"},"inLanguage":"fr-CA","potentialAction":[{"@type":"ReadAction","target":["https:\/\/kidsportcanada.ca\/ontario\/north-bay\/"]}]},{"@type":"ImageObject","inLanguage":"fr-CA","@id":"https:\/\/kidsportcanada.ca\/ontario\/north-bay\/#primaryimage","url":"\/wp-content\/uploads\/sites\/224\/kidsport-chapter-home-1.jpg","contentUrl":"\/wp-content\/uploads\/sites\/224\/kidsport-chapter-home-1.jpg","width":1600,"height":1000,"caption":"A hockey player wearing red and black stopping on an indoor ice rink and looking at the camera"},{"@type":"BreadcrumbList","@id":"https:\/\/kidsportcanada.ca\/ontario\/north-bay\/#breadcrumb","itemListElement":[{"@type":"ListItem","position":1,"name":"Home","item":"https:\/\/kidsportcanada.ca\/ontario\/north-bay\/"},{"@type":"ListItem","position":2,"name":"Home"}]},{"@type":"WebSite","@id":"https:\/\/kidsportcanada.ca\/ontario\/north-bay\/fr\/#website","url":"https:\/\/kidsportcanada.ca\/ontario\/north-bay\/fr\/","name":"North Bay","description":"So all kids can play","potentialAction":[{"@type":"SearchAction","target":{"@type":"EntryPoint","urlTemplate":"https:\/\/kidsportcanada.ca\/ontario\/north-bay\/fr\/?s={search_term_string}"},"query-input":{"@type":"PropertyValueSpecification","valueRequired":true,"valueName":"search_term_string"}}],"inLanguage":"fr-CA"}]}},"_links":{"self":[{"href":"https:\/\/kidsportcanada.ca\/ontario\/north-bay\/fr\/wp-json\/wp\/v2\/pages\/37","targetHints":{"allow":["GET"]}}],"collection":[{"href":"https:\/\/kidsportcanada.ca\/ontario\/north-bay\/fr\/wp-json\/wp\/v2\/pages"}],"about":[{"href":"https:\/\/kidsportcanada.ca\/ontario\/north-bay\/fr\/wp-json\/wp\/v2\/types\/page"}],"author":[{"embeddable":true,"href":"https:\/\/kidsportcanada.ca\/ontario\/north-bay\/fr\/wp-json\/wp\/v2\/users\/16"}],"replies":[{"embeddable":true,"href":"https:\/\/kidsportcanada.ca\/ontario\/north-bay\/fr\/wp-json\/wp\/v2\/comments?post=37"}],"version-history":[{"count":0,"href":"https:\/\/kidsportcanada.ca\/ontario\/north-bay\/fr\/wp-json\/wp\/v2\/pages\/37\/revisions"}],"wp:featuredmedia":[{"embeddable":true,"href":"https:\/\/kidsportcanada.ca\/ontario\/north-bay\/fr\/wp-json\/wp\/v2\/media\/195"}],"wp:attachment":[{"href":"https:\/\/kidsportcanada.ca\/ontario\/north-bay\/fr\/wp-json\/wp\/v2\/media?parent=37"}],"curies":[{"name":"wp","href":"https:\/\/api.w.org\/{rel}","templated":true}]}}